{"id":75207,"date":"2023-09-22T13:14:06","date_gmt":"2023-09-22T21:16:03","guid":{"rendered":"https:\/\/grontkontor.dk\/produkt\/to-go-krus-i-glas-med-silikonelaag-350ml\/"},"modified":"2024-02-28T10:27:32","modified_gmt":"2024-02-28T09:27:32","slug":"to-go-krus-i-glas-med-silikonelaag-350ml","status":"publish","type":"product","link":"https:\/\/grontkontor.dk\/sv\/shop\/to-go-krus-i-glas-med-silikonelaag-350ml\/","title":{"rendered":"To go mugg i glas 350 ml m\/u tryck"},"content":{"rendered":"<p>V\u00e4ldesignade och praktiska muggar i glas med bekv\u00e4mt grepp och silikonlock. Finns med tryck eller lasergravyr<\/p>\n<p>En fin utdelning\/giveaway f\u00f6r m\u00e4ssa och evenemang. Silikon \u00e4r tillverkat av plast och sten och \u00e4r ett extremt h\u00e5llbart och l\u00e5ngvarigt material. V\u00e4lj mellan 6 olika f\u00e4rger.<\/p>\n<p>Muggen \u00e4r l\u00e4mplig f\u00f6r diskmaskin och mikrov\u00e5gsugn.<br \/>\nMuggen \u00e4r godk\u00e4nt till kontakt med livsmedel och 100% BPA fritt<\/p>\n<p>Inneh\u00e5ll: 350 ml.<\/p>\nGlas \u00e4r ett h\u00e5llbart \u00e5teranv\u00e4ndbart material, som \u00e4r framst\u00e4llt av sand eller \u00e5tervunnet glasavfall. Det g\u00e5r \u00e5t stora m\u00e4ngder energi b\u00e5de vid tillv\u00e4rkning och \u00e5tervinning, s\u00e5 graden av h\u00e5llbarhet \u00e4r beroende av energik\u00e4llan i tillv\u00e4rkningsprocessen. Glas f\u00f6rorenar inte vid bortskaffning. \n<p>&nbsp;<\/p>\n","protected":false},"excerpt":{"rendered":"<p>V\u00e4ldesignade och praktiska muggar i glas med bekv\u00e4mt grepp och silikonlock. Finns med tryck eller lasergravyr En fin utdelning\/giveaway f\u00f6r m\u00e4ssa och evenemang. Silikon \u00e4r tillverkat av plast och sten och \u00e4r ett extremt h\u00e5llbart och l\u00e5ngvarigt material. V\u00e4lj mellan 6 olika f\u00e4rger. Muggen \u00e4r l\u00e4mplig f\u00f6r diskmaskin och mikrov\u00e5gsugn. Muggen \u00e4r Inneh\u00e5ll: 350 ml. [&hellip;]<\/p>\n","protected":false},"featured_media":20912,"comment_status":"closed","ping_status":"closed","template":"","meta":{"_acf_changed":false},"product_cat":[4452,2107,2233,1954],"product_tag":[1910],"class_list":{"0":"post-75207","1":"product","2":"type-product","3":"status-publish","4":"has-post-thumbnail","6":"product_cat-muggar-och-koppar-sv","7":"product_cat-dummy-moq-1-sv","8":"product_cat-mat-och-dryck","9":"product_cat-muggar-och-koppar","10":"product_tag-krus-sv","11":"tm-has-options","13":"first","14":"instock","15":"taxable","16":"shipping-taxable","17":"purchasable","18":"product-type-variable","19":"has-default-attributes"},"acf":[],"yoast_head":"<!-- This site is optimized with the Yoast SEO Premium plugin v21.2 (Yoast SEO v21.2) - https:\/\/yoast.com\/wordpress\/plugins\/seo\/ -->\n<title>To go mugg i glas 350 ml m\/u tryck - Gr\u00f8nt Kontor<\/title>\n<meta name=\"robots\" content=\"index, follow, max-snippet:-1, max-image-preview:large, max-video-preview:-1\" \/>\n<link rel=\"canonical\" href=\"https:\/\/grontkontor.dk\/sv\/shop\/to-go-krus-i-glas-med-silikonelaag-350ml\/\" \/>\n<meta property=\"og:locale\" content=\"sv_SE\" \/>\n<meta property=\"og:type\" content=\"article\" \/>\n<meta property=\"og:title\" content=\"To go mugg i glas 350 ml m\/u tryck\" \/>\n<meta property=\"og:description\" content=\"V\u00e4ldesignade och praktiska muggar i glas med bekv\u00e4mt grepp och silikonlock. Finns med tryck eller lasergravyr En fin utdelning\/giveaway f\u00f6r m\u00e4ssa och evenemang. Silikon \u00e4r tillverkat av plast och sten och \u00e4r ett extremt h\u00e5llbart och l\u00e5ngvarigt material. V\u00e4lj mellan 6 olika f\u00e4rger. Muggen \u00e4r l\u00e4mplig f\u00f6r diskmaskin och mikrov\u00e5gsugn. Muggen \u00e4r Inneh\u00e5ll: 350 ml. [&hellip;]\" \/>\n<meta property=\"og:url\" content=\"https:\/\/grontkontor.dk\/sv\/shop\/to-go-krus-i-glas-med-silikonelaag-350ml\/\" \/>\n<meta property=\"og:site_name\" content=\"Gr\u00f8nt Kontor\" \/>\n<meta property=\"article:publisher\" content=\"https:\/\/www.facebook.com\/grontkontor.dk\/\" \/>\n<meta property=\"article:modified_time\" content=\"2024-02-28T09:27:32+00:00\" \/>\n<meta property=\"og:image\" content=\"https:\/\/grontkontor.dk\/wp-content\/uploads\/2020\/11\/to-go-krus-glas-silikone-01.jpg\" \/>\n\t<meta property=\"og:image:width\" content=\"900\" \/>\n\t<meta property=\"og:image:height\" content=\"639\" \/>\n\t<meta property=\"og:image:type\" content=\"image\/jpeg\" \/>\n<meta name=\"twitter:card\" content=\"summary_large_image\" \/>\n<script type=\"application\/ld+json\" class=\"yoast-schema-graph\">{\"@context\":\"https:\/\/schema.org\",\"@graph\":[{\"@type\":\"WebPage\",\"@id\":\"https:\/\/grontkontor.dk\/sv\/shop\/to-go-krus-i-glas-med-silikonelaag-350ml\/\",\"url\":\"https:\/\/grontkontor.dk\/sv\/shop\/to-go-krus-i-glas-med-silikonelaag-350ml\/\",\"name\":\"To go mugg i glas 350 ml m\/u tryck - Gr\u00f8nt Kontor\",\"isPartOf\":{\"@id\":\"https:\/\/grontkontor.dk\/#website\"},\"datePublished\":\"2023-09-22T21:16:03+00:00\",\"dateModified\":\"2024-02-28T09:27:32+00:00\",\"breadcrumb\":{\"@id\":\"https:\/\/grontkontor.dk\/sv\/shop\/to-go-krus-i-glas-med-silikonelaag-350ml\/#breadcrumb\"},\"inLanguage\":\"sv-SE\",\"potentialAction\":[{\"@type\":\"ReadAction\",\"target\":[\"https:\/\/grontkontor.dk\/sv\/shop\/to-go-krus-i-glas-med-silikonelaag-350ml\/\"]}]},{\"@type\":\"BreadcrumbList\",\"@id\":\"https:\/\/grontkontor.dk\/sv\/shop\/to-go-krus-i-glas-med-silikonelaag-350ml\/#breadcrumb\",\"itemListElement\":[{\"@type\":\"ListItem\",\"position\":1,\"name\":\"Forside\",\"item\":\"https:\/\/grontkontor.dk\/\"},{\"@type\":\"ListItem\",\"position\":2,\"name\":\"Shop\",\"item\":\"https:\/\/grontkontor.dk\/sv\/shop\/\"},{\"@type\":\"ListItem\",\"position\":3,\"name\":\"Mad og drikke\",\"item\":\"https:\/\/grontkontor.dk\/produkt-kategori\/mad-og-drikke\/\"},{\"@type\":\"ListItem\",\"position\":4,\"name\":\"Krus, kopper mm.\",\"item\":\"https:\/\/grontkontor.dk\/produkt-kategori\/mad-og-drikke\/to-go-krus-og-kopper\/\"},{\"@type\":\"ListItem\",\"position\":5,\"name\":\"To go mugg i glas 350 ml m\/u tryck\"}]},{\"@type\":\"WebSite\",\"@id\":\"https:\/\/grontkontor.dk\/#website\",\"url\":\"https:\/\/grontkontor.dk\/\",\"name\":\"Gr\u00f8nt Kontor\",\"description\":\"Milj\u00f8venlige produkter til kontor og erhverv med fokus p\u00e5 b\u00e6redygtighed, design og fair trade.\",\"publisher\":{\"@id\":\"https:\/\/grontkontor.dk\/#organization\"},\"potentialAction\":[{\"@type\":\"SearchAction\",\"target\":{\"@type\":\"EntryPoint\",\"urlTemplate\":\"https:\/\/grontkontor.dk\/?s={search_term_string}\"},\"query-input\":\"required name=search_term_string\"}],\"inLanguage\":\"sv-SE\"},{\"@type\":\"Organization\",\"@id\":\"https:\/\/grontkontor.dk\/#organization\",\"name\":\"Gr\u00f8nt Kontor\",\"url\":\"https:\/\/grontkontor.dk\/\",\"logo\":{\"@type\":\"ImageObject\",\"inLanguage\":\"sv-SE\",\"@id\":\"https:\/\/grontkontor.dk\/#\/schema\/logo\/image\/\",\"url\":\"https:\/\/grontkontor.dk\/wp-content\/uploads\/2014\/02\/Logo_groent_kontor_300x80.png\",\"contentUrl\":\"https:\/\/grontkontor.dk\/wp-content\/uploads\/2014\/02\/Logo_groent_kontor_300x80.png\",\"width\":300,\"height\":80,\"caption\":\"Gr\u00f8nt Kontor\"},\"image\":{\"@id\":\"https:\/\/grontkontor.dk\/#\/schema\/logo\/image\/\"},\"sameAs\":[\"https:\/\/www.facebook.com\/grontkontor.dk\/\"]}]}<\/script>\n<!-- \/ Yoast SEO Premium plugin. -->","yoast_head_json":{"title":"To go mugg i glas 350 ml m\/u tryck - Gr\u00f8nt Kontor","robots":{"index":"index","follow":"follow","max-snippet":"max-snippet:-1","max-image-preview":"max-image-preview:large","max-video-preview":"max-video-preview:-1"},"canonical":"https:\/\/grontkontor.dk\/sv\/shop\/to-go-krus-i-glas-med-silikonelaag-350ml\/","og_locale":"sv_SE","og_type":"article","og_title":"To go mugg i glas 350 ml m\/u tryck","og_description":"V\u00e4ldesignade och praktiska muggar i glas med bekv\u00e4mt grepp och silikonlock. Finns med tryck eller lasergravyr En fin utdelning\/giveaway f\u00f6r m\u00e4ssa och evenemang. Silikon \u00e4r tillverkat av plast och sten och \u00e4r ett extremt h\u00e5llbart och l\u00e5ngvarigt material. V\u00e4lj mellan 6 olika f\u00e4rger. Muggen \u00e4r l\u00e4mplig f\u00f6r diskmaskin och mikrov\u00e5gsugn. Muggen \u00e4r Inneh\u00e5ll: 350 ml. [&hellip;]","og_url":"https:\/\/grontkontor.dk\/sv\/shop\/to-go-krus-i-glas-med-silikonelaag-350ml\/","og_site_name":"Gr\u00f8nt Kontor","article_publisher":"https:\/\/www.facebook.com\/grontkontor.dk\/","article_modified_time":"2024-02-28T09:27:32+00:00","og_image":[{"width":900,"height":639,"url":"https:\/\/grontkontor.dk\/wp-content\/uploads\/2020\/11\/to-go-krus-glas-silikone-01.jpg","type":"image\/jpeg"}],"twitter_card":"summary_large_image","schema":{"@context":"https:\/\/schema.org","@graph":[{"@type":"WebPage","@id":"https:\/\/grontkontor.dk\/sv\/shop\/to-go-krus-i-glas-med-silikonelaag-350ml\/","url":"https:\/\/grontkontor.dk\/sv\/shop\/to-go-krus-i-glas-med-silikonelaag-350ml\/","name":"To go mugg i glas 350 ml m\/u tryck - Gr\u00f8nt Kontor","isPartOf":{"@id":"https:\/\/grontkontor.dk\/#website"},"datePublished":"2023-09-22T21:16:03+00:00","dateModified":"2024-02-28T09:27:32+00:00","breadcrumb":{"@id":"https:\/\/grontkontor.dk\/sv\/shop\/to-go-krus-i-glas-med-silikonelaag-350ml\/#breadcrumb"},"inLanguage":"sv-SE","potentialAction":[{"@type":"ReadAction","target":["https:\/\/grontkontor.dk\/sv\/shop\/to-go-krus-i-glas-med-silikonelaag-350ml\/"]}]},{"@type":"BreadcrumbList","@id":"https:\/\/grontkontor.dk\/sv\/shop\/to-go-krus-i-glas-med-silikonelaag-350ml\/#breadcrumb","itemListElement":[{"@type":"ListItem","position":1,"name":"Forside","item":"https:\/\/grontkontor.dk\/"},{"@type":"ListItem","position":2,"name":"Shop","item":"https:\/\/grontkontor.dk\/sv\/shop\/"},{"@type":"ListItem","position":3,"name":"Mad og drikke","item":"https:\/\/grontkontor.dk\/produkt-kategori\/mad-og-drikke\/"},{"@type":"ListItem","position":4,"name":"Krus, kopper mm.","item":"https:\/\/grontkontor.dk\/produkt-kategori\/mad-og-drikke\/to-go-krus-og-kopper\/"},{"@type":"ListItem","position":5,"name":"To go mugg i glas 350 ml m\/u tryck"}]},{"@type":"WebSite","@id":"https:\/\/grontkontor.dk\/#website","url":"https:\/\/grontkontor.dk\/","name":"Gr\u00f8nt Kontor","description":"Milj\u00f8venlige produkter til kontor og erhverv med fokus p\u00e5 b\u00e6redygtighed, design og fair trade.","publisher":{"@id":"https:\/\/grontkontor.dk\/#organization"},"potentialAction":[{"@type":"SearchAction","target":{"@type":"EntryPoint","urlTemplate":"https:\/\/grontkontor.dk\/?s={search_term_string}"},"query-input":"required name=search_term_string"}],"inLanguage":"sv-SE"},{"@type":"Organization","@id":"https:\/\/grontkontor.dk\/#organization","name":"Gr\u00f8nt Kontor","url":"https:\/\/grontkontor.dk\/","logo":{"@type":"ImageObject","inLanguage":"sv-SE","@id":"https:\/\/grontkontor.dk\/#\/schema\/logo\/image\/","url":"https:\/\/grontkontor.dk\/wp-content\/uploads\/2014\/02\/Logo_groent_kontor_300x80.png","contentUrl":"https:\/\/grontkontor.dk\/wp-content\/uploads\/2014\/02\/Logo_groent_kontor_300x80.png","width":300,"height":80,"caption":"Gr\u00f8nt Kontor"},"image":{"@id":"https:\/\/grontkontor.dk\/#\/schema\/logo\/image\/"},"sameAs":["https:\/\/www.facebook.com\/grontkontor.dk\/"]}]}},"_links":{"self":[{"href":"https:\/\/grontkontor.dk\/sv\/wp-json\/wp\/v2\/product\/75207"}],"collection":[{"href":"https:\/\/grontkontor.dk\/sv\/wp-json\/wp\/v2\/product"}],"about":[{"href":"https:\/\/grontkontor.dk\/sv\/wp-json\/wp\/v2\/types\/product"}],"replies":[{"embeddable":true,"href":"https:\/\/grontkontor.dk\/sv\/wp-json\/wp\/v2\/comments?post=75207"}],"wp:featuredmedia":[{"embeddable":true,"href":"https:\/\/grontkontor.dk\/sv\/wp-json\/wp\/v2\/media\/20912"}],"wp:attachment":[{"href":"https:\/\/grontkontor.dk\/sv\/wp-json\/wp\/v2\/media?parent=75207"}],"wp:term":[{"taxonomy":"product_cat","embeddable":true,"href":"https:\/\/grontkontor.dk\/sv\/wp-json\/wp\/v2\/product_cat?post=75207"},{"taxonomy":"product_tag","embeddable":true,"href":"https:\/\/grontkontor.dk\/sv\/wp-json\/wp\/v2\/product_tag?post=75207"}],"curies":[{"name":"wp","href":"https:\/\/api.w.org\/{rel}","templated":true}]}}