{"id":75276,"date":"2023-09-22T13:13:04","date_gmt":"2023-09-22T21:17:51","guid":{"rendered":"https:\/\/grontkontor.dk\/produkt\/usb-minne-kork-och-glas\/"},"modified":"2024-02-28T11:40:40","modified_gmt":"2024-02-28T10:40:40","slug":"usb-minne-kork-och-glas","status":"publish","type":"product","link":"https:\/\/grontkontor.dk\/sv\/shop\/usb-minne-kork-och-glas\/","title":{"rendered":"USB-minne kork och glas 16GB m\/u tryck"},"content":{"rendered":"<p>L\u00e4cker och v\u00e4ldesignad USB-penna i milj\u00f6v\u00e4nliga material. Finns alltid p\u00e5 skrivbordet och \u00e4ven ett trevligt litet f\u00f6rvaringsalternativ f\u00f6r kl\u00e4mmor, prylar och nappar.<\/p>\n<p>Levereras individuellt f\u00f6rpackad i \u00e5tervunnen kartong. En riktigt fin och klimatsmart f\u00f6retagsg\u00e5va eller giveaway till m\u00e4ssor och event.<\/p>\n<p>Kapacitet: 16 GB.<\/p>\n<p>Glas \u00e4r ett h\u00e5llbart, \u00e5teranv\u00e4ndningsbart material, framst\u00e4llt av sand eller \u00e5tervinnet glas. Glasproduktion \u00e4r energikr\u00e4vande, s\u00e5 graden av h\u00e5llbarhet \u00e4r beroende av energik\u00e4llan vid produktionen. Glas f\u00f6rorenar inte vid bortskaffning.  Kork \u00e4r ett mycket klimatv\u00e4nligt, bionedbrytbart och komposterbart naturmaterial, som kommer fr\u00e5n korkeken. Kork er en snabbt regenererende resurs som kan sk\u00f6rdas varje \u00e5r p\u00e5 samma tr\u00e4d. <\/p>\n<p>&nbsp;<\/p>\n","protected":false},"excerpt":{"rendered":"<p>L\u00e4cker och v\u00e4ldesignad USB-penna i milj\u00f6v\u00e4nliga material. Finns alltid p\u00e5 skrivbordet och \u00e4ven ett trevligt litet f\u00f6rvaringsalternativ f\u00f6r kl\u00e4mmor, prylar och nappar. Levereras individuellt f\u00f6rpackad i \u00e5tervunnen kartong. En riktigt fin och klimatsmart f\u00f6retagsg\u00e5va eller giveaway till m\u00e4ssor och event. Kapacitet: 16 GB. &nbsp;<\/p>\n","protected":false},"featured_media":19662,"comment_status":"closed","ping_status":"closed","template":"","meta":{"_acf_changed":false},"product_cat":[4407,2107,2071],"product_tag":[2111,2113],"class_list":{"0":"post-75276","1":"product","2":"type-product","3":"status-publish","4":"has-post-thumbnail","6":"product_cat-elektronik-och-gadgets-sv","7":"product_cat-dummy-moq-1-sv","8":"product_cat-elektronik-och-gadgets","9":"product_tag-elektronik-sv","10":"product_tag-usb-sv","11":"tm-has-options","13":"first","14":"onbackorder","15":"taxable","16":"shipping-taxable","17":"purchasable","18":"product-type-simple"},"acf":[],"yoast_head":"<!-- This site is optimized with the Yoast SEO Premium plugin v21.2 (Yoast SEO v21.2) - https:\/\/yoast.com\/wordpress\/plugins\/seo\/ -->\n<title>USB-minne kork och glas 16GB m\/u tryck - Gr\u00f8nt Kontor<\/title>\n<meta name=\"robots\" content=\"index, follow, max-snippet:-1, max-image-preview:large, max-video-preview:-1\" \/>\n<link rel=\"canonical\" href=\"https:\/\/grontkontor.dk\/sv\/shop\/usb-minne-kork-och-glas\/\" \/>\n<meta property=\"og:locale\" content=\"sv_SE\" \/>\n<meta property=\"og:type\" content=\"article\" \/>\n<meta property=\"og:title\" content=\"USB-minne kork och glas 16GB m\/u tryck\" \/>\n<meta property=\"og:description\" content=\"L\u00e4cker och v\u00e4ldesignad USB-penna i milj\u00f6v\u00e4nliga material. Finns alltid p\u00e5 skrivbordet och \u00e4ven ett trevligt litet f\u00f6rvaringsalternativ f\u00f6r kl\u00e4mmor, prylar och nappar. Levereras individuellt f\u00f6rpackad i \u00e5tervunnen kartong. En riktigt fin och klimatsmart f\u00f6retagsg\u00e5va eller giveaway till m\u00e4ssor och event. Kapacitet: 16 GB. &nbsp;\" \/>\n<meta property=\"og:url\" content=\"https:\/\/grontkontor.dk\/sv\/shop\/usb-minne-kork-och-glas\/\" \/>\n<meta property=\"og:site_name\" content=\"Gr\u00f8nt Kontor\" \/>\n<meta property=\"article:publisher\" content=\"https:\/\/www.facebook.com\/grontkontor.dk\/\" \/>\n<meta property=\"article:modified_time\" content=\"2024-02-28T10:40:40+00:00\" \/>\n<meta property=\"og:image\" content=\"https:\/\/grontkontor.dk\/wp-content\/uploads\/2020\/08\/usb-stick-kork-glas-01.jpg\" \/>\n\t<meta property=\"og:image:width\" content=\"900\" \/>\n\t<meta property=\"og:image:height\" content=\"639\" \/>\n\t<meta property=\"og:image:type\" content=\"image\/jpeg\" \/>\n<meta name=\"twitter:card\" content=\"summary_large_image\" \/>\n<script type=\"application\/ld+json\" class=\"yoast-schema-graph\">{\"@context\":\"https:\/\/schema.org\",\"@graph\":[{\"@type\":\"WebPage\",\"@id\":\"https:\/\/grontkontor.dk\/sv\/shop\/usb-minne-kork-och-glas\/\",\"url\":\"https:\/\/grontkontor.dk\/sv\/shop\/usb-minne-kork-och-glas\/\",\"name\":\"USB-minne kork och glas 16GB m\/u tryck - Gr\u00f8nt Kontor\",\"isPartOf\":{\"@id\":\"https:\/\/grontkontor.dk\/#website\"},\"datePublished\":\"2023-09-22T21:17:51+00:00\",\"dateModified\":\"2024-02-28T10:40:40+00:00\",\"breadcrumb\":{\"@id\":\"https:\/\/grontkontor.dk\/sv\/shop\/usb-minne-kork-och-glas\/#breadcrumb\"},\"inLanguage\":\"sv-SE\",\"potentialAction\":[{\"@type\":\"ReadAction\",\"target\":[\"https:\/\/grontkontor.dk\/sv\/shop\/usb-minne-kork-och-glas\/\"]}]},{\"@type\":\"BreadcrumbList\",\"@id\":\"https:\/\/grontkontor.dk\/sv\/shop\/usb-minne-kork-och-glas\/#breadcrumb\",\"itemListElement\":[{\"@type\":\"ListItem\",\"position\":1,\"name\":\"Forside\",\"item\":\"https:\/\/grontkontor.dk\/\"},{\"@type\":\"ListItem\",\"position\":2,\"name\":\"Shop\",\"item\":\"https:\/\/grontkontor.dk\/sv\/shop\/\"},{\"@type\":\"ListItem\",\"position\":3,\"name\":\"Elektronik og gadgets\",\"item\":\"https:\/\/grontkontor.dk\/produkt-kategori\/elektronik-og-gadgets\/\"},{\"@type\":\"ListItem\",\"position\":4,\"name\":\"USB-minne kork och glas 16GB m\/u tryck\"}]},{\"@type\":\"WebSite\",\"@id\":\"https:\/\/grontkontor.dk\/#website\",\"url\":\"https:\/\/grontkontor.dk\/\",\"name\":\"Gr\u00f8nt Kontor\",\"description\":\"Milj\u00f8venlige produkter til kontor og erhverv med fokus p\u00e5 b\u00e6redygtighed, design og fair trade.\",\"publisher\":{\"@id\":\"https:\/\/grontkontor.dk\/#organization\"},\"potentialAction\":[{\"@type\":\"SearchAction\",\"target\":{\"@type\":\"EntryPoint\",\"urlTemplate\":\"https:\/\/grontkontor.dk\/?s={search_term_string}\"},\"query-input\":\"required name=search_term_string\"}],\"inLanguage\":\"sv-SE\"},{\"@type\":\"Organization\",\"@id\":\"https:\/\/grontkontor.dk\/#organization\",\"name\":\"Gr\u00f8nt Kontor\",\"url\":\"https:\/\/grontkontor.dk\/\",\"logo\":{\"@type\":\"ImageObject\",\"inLanguage\":\"sv-SE\",\"@id\":\"https:\/\/grontkontor.dk\/#\/schema\/logo\/image\/\",\"url\":\"https:\/\/grontkontor.dk\/wp-content\/uploads\/2014\/02\/Logo_groent_kontor_300x80.png\",\"contentUrl\":\"https:\/\/grontkontor.dk\/wp-content\/uploads\/2014\/02\/Logo_groent_kontor_300x80.png\",\"width\":300,\"height\":80,\"caption\":\"Gr\u00f8nt Kontor\"},\"image\":{\"@id\":\"https:\/\/grontkontor.dk\/#\/schema\/logo\/image\/\"},\"sameAs\":[\"https:\/\/www.facebook.com\/grontkontor.dk\/\"]}]}<\/script>\n<!-- \/ Yoast SEO Premium plugin. -->","yoast_head_json":{"title":"USB-minne kork och glas 16GB m\/u tryck - Gr\u00f8nt Kontor","robots":{"index":"index","follow":"follow","max-snippet":"max-snippet:-1","max-image-preview":"max-image-preview:large","max-video-preview":"max-video-preview:-1"},"canonical":"https:\/\/grontkontor.dk\/sv\/shop\/usb-minne-kork-och-glas\/","og_locale":"sv_SE","og_type":"article","og_title":"USB-minne kork och glas 16GB m\/u tryck","og_description":"L\u00e4cker och v\u00e4ldesignad USB-penna i milj\u00f6v\u00e4nliga material. Finns alltid p\u00e5 skrivbordet och \u00e4ven ett trevligt litet f\u00f6rvaringsalternativ f\u00f6r kl\u00e4mmor, prylar och nappar. Levereras individuellt f\u00f6rpackad i \u00e5tervunnen kartong. En riktigt fin och klimatsmart f\u00f6retagsg\u00e5va eller giveaway till m\u00e4ssor och event. Kapacitet: 16 GB. &nbsp;","og_url":"https:\/\/grontkontor.dk\/sv\/shop\/usb-minne-kork-och-glas\/","og_site_name":"Gr\u00f8nt Kontor","article_publisher":"https:\/\/www.facebook.com\/grontkontor.dk\/","article_modified_time":"2024-02-28T10:40:40+00:00","og_image":[{"width":900,"height":639,"url":"https:\/\/grontkontor.dk\/wp-content\/uploads\/2020\/08\/usb-stick-kork-glas-01.jpg","type":"image\/jpeg"}],"twitter_card":"summary_large_image","schema":{"@context":"https:\/\/schema.org","@graph":[{"@type":"WebPage","@id":"https:\/\/grontkontor.dk\/sv\/shop\/usb-minne-kork-och-glas\/","url":"https:\/\/grontkontor.dk\/sv\/shop\/usb-minne-kork-och-glas\/","name":"USB-minne kork och glas 16GB m\/u tryck - Gr\u00f8nt Kontor","isPartOf":{"@id":"https:\/\/grontkontor.dk\/#website"},"datePublished":"2023-09-22T21:17:51+00:00","dateModified":"2024-02-28T10:40:40+00:00","breadcrumb":{"@id":"https:\/\/grontkontor.dk\/sv\/shop\/usb-minne-kork-och-glas\/#breadcrumb"},"inLanguage":"sv-SE","potentialAction":[{"@type":"ReadAction","target":["https:\/\/grontkontor.dk\/sv\/shop\/usb-minne-kork-och-glas\/"]}]},{"@type":"BreadcrumbList","@id":"https:\/\/grontkontor.dk\/sv\/shop\/usb-minne-kork-och-glas\/#breadcrumb","itemListElement":[{"@type":"ListItem","position":1,"name":"Forside","item":"https:\/\/grontkontor.dk\/"},{"@type":"ListItem","position":2,"name":"Shop","item":"https:\/\/grontkontor.dk\/sv\/shop\/"},{"@type":"ListItem","position":3,"name":"Elektronik og gadgets","item":"https:\/\/grontkontor.dk\/produkt-kategori\/elektronik-og-gadgets\/"},{"@type":"ListItem","position":4,"name":"USB-minne kork och glas 16GB m\/u tryck"}]},{"@type":"WebSite","@id":"https:\/\/grontkontor.dk\/#website","url":"https:\/\/grontkontor.dk\/","name":"Gr\u00f8nt Kontor","description":"Milj\u00f8venlige produkter til kontor og erhverv med fokus p\u00e5 b\u00e6redygtighed, design og fair trade.","publisher":{"@id":"https:\/\/grontkontor.dk\/#organization"},"potentialAction":[{"@type":"SearchAction","target":{"@type":"EntryPoint","urlTemplate":"https:\/\/grontkontor.dk\/?s={search_term_string}"},"query-input":"required name=search_term_string"}],"inLanguage":"sv-SE"},{"@type":"Organization","@id":"https:\/\/grontkontor.dk\/#organization","name":"Gr\u00f8nt Kontor","url":"https:\/\/grontkontor.dk\/","logo":{"@type":"ImageObject","inLanguage":"sv-SE","@id":"https:\/\/grontkontor.dk\/#\/schema\/logo\/image\/","url":"https:\/\/grontkontor.dk\/wp-content\/uploads\/2014\/02\/Logo_groent_kontor_300x80.png","contentUrl":"https:\/\/grontkontor.dk\/wp-content\/uploads\/2014\/02\/Logo_groent_kontor_300x80.png","width":300,"height":80,"caption":"Gr\u00f8nt Kontor"},"image":{"@id":"https:\/\/grontkontor.dk\/#\/schema\/logo\/image\/"},"sameAs":["https:\/\/www.facebook.com\/grontkontor.dk\/"]}]}},"_links":{"self":[{"href":"https:\/\/grontkontor.dk\/sv\/wp-json\/wp\/v2\/product\/75276"}],"collection":[{"href":"https:\/\/grontkontor.dk\/sv\/wp-json\/wp\/v2\/product"}],"about":[{"href":"https:\/\/grontkontor.dk\/sv\/wp-json\/wp\/v2\/types\/product"}],"replies":[{"embeddable":true,"href":"https:\/\/grontkontor.dk\/sv\/wp-json\/wp\/v2\/comments?post=75276"}],"wp:featuredmedia":[{"embeddable":true,"href":"https:\/\/grontkontor.dk\/sv\/wp-json\/wp\/v2\/media\/19662"}],"wp:attachment":[{"href":"https:\/\/grontkontor.dk\/sv\/wp-json\/wp\/v2\/media?parent=75276"}],"wp:term":[{"taxonomy":"product_cat","embeddable":true,"href":"https:\/\/grontkontor.dk\/sv\/wp-json\/wp\/v2\/product_cat?post=75276"},{"taxonomy":"product_tag","embeddable":true,"href":"https:\/\/grontkontor.dk\/sv\/wp-json\/wp\/v2\/product_tag?post=75276"}],"curies":[{"name":"wp","href":"https:\/\/api.w.org\/{rel}","templated":true}]}}