{"id":75282,"date":"2023-09-22T13:11:48","date_gmt":"2023-09-22T21:17:51","guid":{"rendered":"https:\/\/grontkontor.dk\/produkt\/pasta-valgfri-udformning-logo\/"},"modified":"2023-09-22T23:18:06","modified_gmt":"2023-09-22T21:18:06","slug":"pasta-valgfri-udformning-logo","status":"publish","type":"product","link":"https:\/\/grontkontor.dk\/sv\/shop\/pasta-valgfri-udformning-logo\/","title":{"rendered":"Pasta i valfri form och logo"},"content":{"rendered":"<p>En fantastisk och funky exponeringsm\u00f6jlighet f\u00f6r din organisation eller f\u00f6retag. V\u00e4lj bland en m\u00e4ngd design som matchar din f\u00f6retagsprofil. Pastanudlarna \u00e4r av h\u00f6g kvalitet och best\u00e5r uteslutande av det b\u00e4sta durumvete. Varianterna fullkorn, spelt, glutenfri och l\u00e5gkolhydrat kan v\u00e4ljas.<\/p>\n<p>De finns i ett antal l\u00e4ckra smaker som f\u00f6rutom att smaka gott ocks\u00e5 f\u00e4rgar nudlarna: Gr\u00e4sl\u00f6k, chili, oliver, basilika, \u00f6rter, tomater, paprika och spenat.<\/p>\n<p>Stora och sm\u00e5 bokst\u00e4ver fr\u00e5n A-Z och siffrorna 0-9 kan fritt kombineras per. p\u00e5se och du kan v\u00e4lja mellan ett brett utbud av standardformer (se nedan). Som n\u00e5got s\u00e4rskilt exklusivt erbjuder vi ocks\u00e5 pastan i din f\u00f6retagslogotyp eller ditt meddelande &#8211; kontakta oss f\u00f6r erbjudanden.<\/p>\n<p>Pastanudlarna kan f\u00f6rpackas i p\u00e5sstorlekarna 125 g, 250 g och 500 g med din egen etikett eller i en ekonomip\u00e5se p\u00e5 5 kg. Naturligtvis tar vi hand om de juridiska kraven f\u00f6r ingredienslista, allergener och utg\u00e5ngsdatum.<\/p>\n<p>STANDARDMODELLER:<\/p>\n<p>Jubileumsnummer: 18, 20, 30, 40, 50, 60, 70, 80, 150.<\/p>\n<p>Fordon: Bil, cykel, buss, segelfartyg, flygplan, motorcykel, brandbil, lastbil, tankbil, gaffeltruck, Formel 1, lok, h\u00f6ghastighetst\u00e5g, veteranbil, husbil, betongblandare, containerfartyg, traktor, ambulans, sl\u00e4de , polisbil, personbilsbubbla.<\/p>\n<p>Djur: Bj\u00f6rn, bi, enh\u00f6rning, elefant, uggla, fantastiskt djur, fisk, flamingo, fladdermus, g\u00e5s, tupp, tuppkam, hund, katt, lama, h\u00e4st, j\u00e4tte mussla, f\u00e5r, sk\u00f6ldpadda, fj\u00e4ril, gris \/ gris, stenbock, tjur, baggar, mammutar, renar, kaniner.<\/p>\n<p>Stj\u00e4rntecken: V\u00e4duren, tjuren, tvillingarna, kr\u00e4ftor, lejon, jungfru, vikt, skorpion, skytt, stenbock, vattuman, fisk.<\/p>\n<p>Natur och tr\u00e4dg\u00e5rd: L\u00f6nnl\u00f6v, l\u00f6vtr\u00e4d, barrtr\u00e4d, blomma, chilipeppar, ginkgoblad, lilja (kungslilja), druvor, moln, komet, spade, vattenkanna.<\/p>\n<p>Sport: B\u00e5gskytte, fotboll, fotbollsspelare, fotbollsskor, trof\u00e9, golfare, tennisracket, pistol, vandrare (vandrare \/ backpackare), l\u00f6pare (sprint \/ maraton), cykel (med eller utan ekrar)<\/p>\n<p>Jul: Julhj\u00e4rta, \u00e4ngel, g\u00e5va, klocka, stj\u00e4rna, julgran, sn\u00f6gubbe, kringla.<\/p>\n<p>Halloween: Fladdermus \/ vampyr, monsteransikte, d\u00f6dskalle.<\/p>\n<p>Alla hj\u00e4rtans dag: Hj\u00e4rta, dubbelhj\u00e4rta, Amor, prinsessa.<\/p>\n<p>Kropp och h\u00e4lsa: Tand, l\u00e4pp, glas\u00f6gon, kontaktlins, r\u00f6tt kors, penis, olika medicinlogotyper.<\/p>\n<p>Finans, f\u00f6rs\u00e4kring, lag: \u20ac (eurotecken), \u00a7 (stycke), spargris, diagram med framg\u00e5ngskurva, hus, slott \/ borg, tipi, v\u00e4derkvarn.<\/p>\n<p>Logotyper: BASF, BROTHER, DEKRA, Jaguar, Landrover, ORACLE, Sparekasse, Thermomix, Tupperware, VARTA, Bauknecht och m\u00e5nga andra &#8211; kontakta oss om det finns en logotyp som du saknar.<\/p>\n","protected":false},"excerpt":{"rendered":"<p>En fantastisk och funky exponeringsm\u00f6jlighet f\u00f6r din organisation eller f\u00f6retag. V\u00e4lj bland en m\u00e4ngd design som matchar din f\u00f6retagsprofil. Pastanudlarna \u00e4r av h\u00f6g kvalitet och best\u00e5r uteslutande av det b\u00e4sta durumvete. Varianterna fullkorn, spelt, glutenfri och l\u00e5gkolhydrat kan v\u00e4ljas. De finns i ett antal l\u00e4ckra smaker som f\u00f6rutom att smaka gott ocks\u00e5 f\u00e4rgar nudlarna: Gr\u00e4sl\u00f6k, [&hellip;]<\/p>\n","protected":false},"featured_media":18782,"comment_status":"closed","ping_status":"closed","template":"","meta":{"_acf_changed":false},"product_cat":[867],"product_tag":[2162,2161,2153],"class_list":{"0":"post-75282","1":"product","2":"type-product","3":"status-publish","4":"has-post-thumbnail","6":"product_cat-miljovaenliga-foretagspresenter","7":"product_tag-foedevare-sv","8":"product_tag-foedevarer-sv","9":"product_tag-gimmick-sv","10":"tm-has-options","12":"first","13":"instock","14":"taxable","15":"shipping-taxable","16":"purchasable","17":"product-type-variable"},"acf":[],"yoast_head":"<!-- This site is optimized with the Yoast SEO Premium plugin v21.2 (Yoast SEO v21.2) - https:\/\/yoast.com\/wordpress\/plugins\/seo\/ -->\n<title>Pasta i valfri form och logo - Gr\u00f8nt Kontor<\/title>\n<meta name=\"robots\" content=\"index, follow, max-snippet:-1, max-image-preview:large, max-video-preview:-1\" \/>\n<link rel=\"canonical\" href=\"https:\/\/grontkontor.dk\/sv\/shop\/pasta-valgfri-udformning-logo\/\" \/>\n<meta property=\"og:locale\" content=\"sv_SE\" \/>\n<meta property=\"og:type\" content=\"article\" \/>\n<meta property=\"og:title\" content=\"Pasta i valfri form och logo\" \/>\n<meta property=\"og:description\" content=\"En fantastisk och funky exponeringsm\u00f6jlighet f\u00f6r din organisation eller f\u00f6retag. V\u00e4lj bland en m\u00e4ngd design som matchar din f\u00f6retagsprofil. Pastanudlarna \u00e4r av h\u00f6g kvalitet och best\u00e5r uteslutande av det b\u00e4sta durumvete. Varianterna fullkorn, spelt, glutenfri och l\u00e5gkolhydrat kan v\u00e4ljas. De finns i ett antal l\u00e4ckra smaker som f\u00f6rutom att smaka gott ocks\u00e5 f\u00e4rgar nudlarna: Gr\u00e4sl\u00f6k, [&hellip;]\" \/>\n<meta property=\"og:url\" content=\"https:\/\/grontkontor.dk\/sv\/shop\/pasta-valgfri-udformning-logo\/\" \/>\n<meta property=\"og:site_name\" content=\"Gr\u00f8nt Kontor\" \/>\n<meta property=\"article:publisher\" content=\"https:\/\/www.facebook.com\/grontkontor.dk\/\" \/>\n<meta property=\"article:modified_time\" content=\"2023-09-22T21:18:06+00:00\" \/>\n<meta property=\"og:image\" content=\"https:\/\/grontkontor.dk\/wp-content\/uploads\/2020\/05\/pasta_med_logo_001.jpg\" \/>\n\t<meta property=\"og:image:width\" content=\"900\" \/>\n\t<meta property=\"og:image:height\" content=\"639\" \/>\n\t<meta property=\"og:image:type\" content=\"image\/jpeg\" \/>\n<meta name=\"twitter:card\" content=\"summary_large_image\" \/>\n<meta name=\"twitter:label1\" content=\"Ber\u00e4knad l\u00e4stid\" \/>\n\t<meta name=\"twitter:data1\" content=\"2 minuter\" \/>\n<script type=\"application\/ld+json\" class=\"yoast-schema-graph\">{\"@context\":\"https:\/\/schema.org\",\"@graph\":[{\"@type\":\"WebPage\",\"@id\":\"https:\/\/grontkontor.dk\/sv\/shop\/pasta-valgfri-udformning-logo\/\",\"url\":\"https:\/\/grontkontor.dk\/sv\/shop\/pasta-valgfri-udformning-logo\/\",\"name\":\"Pasta i valfri form och logo - Gr\u00f8nt Kontor\",\"isPartOf\":{\"@id\":\"https:\/\/grontkontor.dk\/#website\"},\"datePublished\":\"2023-09-22T21:17:51+00:00\",\"dateModified\":\"2023-09-22T21:18:06+00:00\",\"breadcrumb\":{\"@id\":\"https:\/\/grontkontor.dk\/sv\/shop\/pasta-valgfri-udformning-logo\/#breadcrumb\"},\"inLanguage\":\"sv-SE\",\"potentialAction\":[{\"@type\":\"ReadAction\",\"target\":[\"https:\/\/grontkontor.dk\/sv\/shop\/pasta-valgfri-udformning-logo\/\"]}]},{\"@type\":\"BreadcrumbList\",\"@id\":\"https:\/\/grontkontor.dk\/sv\/shop\/pasta-valgfri-udformning-logo\/#breadcrumb\",\"itemListElement\":[{\"@type\":\"ListItem\",\"position\":1,\"name\":\"Forside\",\"item\":\"https:\/\/grontkontor.dk\/\"},{\"@type\":\"ListItem\",\"position\":2,\"name\":\"Shop\",\"item\":\"https:\/\/grontkontor.dk\/sv\/shop\/\"},{\"@type\":\"ListItem\",\"position\":3,\"name\":\"Klimatsmarta f\u00f6retagspresenter\",\"item\":\"https:\/\/grontkontor.dk\/sv\/produkt-kategori\/miljovaenliga-foretagspresenter\/\"},{\"@type\":\"ListItem\",\"position\":4,\"name\":\"Pasta i valfri form och logo\"}]},{\"@type\":\"WebSite\",\"@id\":\"https:\/\/grontkontor.dk\/#website\",\"url\":\"https:\/\/grontkontor.dk\/\",\"name\":\"Gr\u00f8nt Kontor\",\"description\":\"Milj\u00f8venlige produkter til kontor og erhverv med fokus p\u00e5 b\u00e6redygtighed, design og fair trade.\",\"publisher\":{\"@id\":\"https:\/\/grontkontor.dk\/#organization\"},\"potentialAction\":[{\"@type\":\"SearchAction\",\"target\":{\"@type\":\"EntryPoint\",\"urlTemplate\":\"https:\/\/grontkontor.dk\/?s={search_term_string}\"},\"query-input\":\"required name=search_term_string\"}],\"inLanguage\":\"sv-SE\"},{\"@type\":\"Organization\",\"@id\":\"https:\/\/grontkontor.dk\/#organization\",\"name\":\"Gr\u00f8nt Kontor\",\"url\":\"https:\/\/grontkontor.dk\/\",\"logo\":{\"@type\":\"ImageObject\",\"inLanguage\":\"sv-SE\",\"@id\":\"https:\/\/grontkontor.dk\/#\/schema\/logo\/image\/\",\"url\":\"https:\/\/grontkontor.dk\/wp-content\/uploads\/2014\/02\/Logo_groent_kontor_300x80.png\",\"contentUrl\":\"https:\/\/grontkontor.dk\/wp-content\/uploads\/2014\/02\/Logo_groent_kontor_300x80.png\",\"width\":300,\"height\":80,\"caption\":\"Gr\u00f8nt Kontor\"},\"image\":{\"@id\":\"https:\/\/grontkontor.dk\/#\/schema\/logo\/image\/\"},\"sameAs\":[\"https:\/\/www.facebook.com\/grontkontor.dk\/\"]}]}<\/script>\n<!-- \/ Yoast SEO Premium plugin. -->","yoast_head_json":{"title":"Pasta i valfri form och logo - Gr\u00f8nt Kontor","robots":{"index":"index","follow":"follow","max-snippet":"max-snippet:-1","max-image-preview":"max-image-preview:large","max-video-preview":"max-video-preview:-1"},"canonical":"https:\/\/grontkontor.dk\/sv\/shop\/pasta-valgfri-udformning-logo\/","og_locale":"sv_SE","og_type":"article","og_title":"Pasta i valfri form och logo","og_description":"En fantastisk och funky exponeringsm\u00f6jlighet f\u00f6r din organisation eller f\u00f6retag. V\u00e4lj bland en m\u00e4ngd design som matchar din f\u00f6retagsprofil. Pastanudlarna \u00e4r av h\u00f6g kvalitet och best\u00e5r uteslutande av det b\u00e4sta durumvete. Varianterna fullkorn, spelt, glutenfri och l\u00e5gkolhydrat kan v\u00e4ljas. De finns i ett antal l\u00e4ckra smaker som f\u00f6rutom att smaka gott ocks\u00e5 f\u00e4rgar nudlarna: Gr\u00e4sl\u00f6k, [&hellip;]","og_url":"https:\/\/grontkontor.dk\/sv\/shop\/pasta-valgfri-udformning-logo\/","og_site_name":"Gr\u00f8nt Kontor","article_publisher":"https:\/\/www.facebook.com\/grontkontor.dk\/","article_modified_time":"2023-09-22T21:18:06+00:00","og_image":[{"width":900,"height":639,"url":"https:\/\/grontkontor.dk\/wp-content\/uploads\/2020\/05\/pasta_med_logo_001.jpg","type":"image\/jpeg"}],"twitter_card":"summary_large_image","twitter_misc":{"Ber\u00e4knad l\u00e4stid":"2 minuter"},"schema":{"@context":"https:\/\/schema.org","@graph":[{"@type":"WebPage","@id":"https:\/\/grontkontor.dk\/sv\/shop\/pasta-valgfri-udformning-logo\/","url":"https:\/\/grontkontor.dk\/sv\/shop\/pasta-valgfri-udformning-logo\/","name":"Pasta i valfri form och logo - Gr\u00f8nt Kontor","isPartOf":{"@id":"https:\/\/grontkontor.dk\/#website"},"datePublished":"2023-09-22T21:17:51+00:00","dateModified":"2023-09-22T21:18:06+00:00","breadcrumb":{"@id":"https:\/\/grontkontor.dk\/sv\/shop\/pasta-valgfri-udformning-logo\/#breadcrumb"},"inLanguage":"sv-SE","potentialAction":[{"@type":"ReadAction","target":["https:\/\/grontkontor.dk\/sv\/shop\/pasta-valgfri-udformning-logo\/"]}]},{"@type":"BreadcrumbList","@id":"https:\/\/grontkontor.dk\/sv\/shop\/pasta-valgfri-udformning-logo\/#breadcrumb","itemListElement":[{"@type":"ListItem","position":1,"name":"Forside","item":"https:\/\/grontkontor.dk\/"},{"@type":"ListItem","position":2,"name":"Shop","item":"https:\/\/grontkontor.dk\/sv\/shop\/"},{"@type":"ListItem","position":3,"name":"Klimatsmarta f\u00f6retagspresenter","item":"https:\/\/grontkontor.dk\/sv\/produkt-kategori\/miljovaenliga-foretagspresenter\/"},{"@type":"ListItem","position":4,"name":"Pasta i valfri form och logo"}]},{"@type":"WebSite","@id":"https:\/\/grontkontor.dk\/#website","url":"https:\/\/grontkontor.dk\/","name":"Gr\u00f8nt Kontor","description":"Milj\u00f8venlige produkter til kontor og erhverv med fokus p\u00e5 b\u00e6redygtighed, design og fair trade.","publisher":{"@id":"https:\/\/grontkontor.dk\/#organization"},"potentialAction":[{"@type":"SearchAction","target":{"@type":"EntryPoint","urlTemplate":"https:\/\/grontkontor.dk\/?s={search_term_string}"},"query-input":"required name=search_term_string"}],"inLanguage":"sv-SE"},{"@type":"Organization","@id":"https:\/\/grontkontor.dk\/#organization","name":"Gr\u00f8nt Kontor","url":"https:\/\/grontkontor.dk\/","logo":{"@type":"ImageObject","inLanguage":"sv-SE","@id":"https:\/\/grontkontor.dk\/#\/schema\/logo\/image\/","url":"https:\/\/grontkontor.dk\/wp-content\/uploads\/2014\/02\/Logo_groent_kontor_300x80.png","contentUrl":"https:\/\/grontkontor.dk\/wp-content\/uploads\/2014\/02\/Logo_groent_kontor_300x80.png","width":300,"height":80,"caption":"Gr\u00f8nt Kontor"},"image":{"@id":"https:\/\/grontkontor.dk\/#\/schema\/logo\/image\/"},"sameAs":["https:\/\/www.facebook.com\/grontkontor.dk\/"]}]}},"_links":{"self":[{"href":"https:\/\/grontkontor.dk\/sv\/wp-json\/wp\/v2\/product\/75282"}],"collection":[{"href":"https:\/\/grontkontor.dk\/sv\/wp-json\/wp\/v2\/product"}],"about":[{"href":"https:\/\/grontkontor.dk\/sv\/wp-json\/wp\/v2\/types\/product"}],"replies":[{"embeddable":true,"href":"https:\/\/grontkontor.dk\/sv\/wp-json\/wp\/v2\/comments?post=75282"}],"wp:featuredmedia":[{"embeddable":true,"href":"https:\/\/grontkontor.dk\/sv\/wp-json\/wp\/v2\/media\/18782"}],"wp:attachment":[{"href":"https:\/\/grontkontor.dk\/sv\/wp-json\/wp\/v2\/media?parent=75282"}],"wp:term":[{"taxonomy":"product_cat","embeddable":true,"href":"https:\/\/grontkontor.dk\/sv\/wp-json\/wp\/v2\/product_cat?post=75282"},{"taxonomy":"product_tag","embeddable":true,"href":"https:\/\/grontkontor.dk\/sv\/wp-json\/wp\/v2\/product_tag?post=75282"}],"curies":[{"name":"wp","href":"https:\/\/api.w.org\/{rel}","templated":true}]}}