{"id":75306,"date":"2023-09-22T13:11:30","date_gmt":"2023-09-22T21:18:18","guid":{"rendered":"https:\/\/grontkontor.dk\/produkt\/paraply-i-trae-och-aatervunnen-plast\/"},"modified":"2025-11-06T11:27:18","modified_gmt":"2025-11-06T10:27:18","slug":"paraply-trae-genbrugsplast","status":"publish","type":"product","link":"https:\/\/grontkontor.dk\/sv\/shop\/paraply-trae-genbrugsplast\/","title":{"rendered":"Paraply i tr\u00e4 och \u00e5tervunnen plast"},"content":{"rendered":"<p>Klimatsmart paraply i klassisk design. \u00c5tervunnen plastsk\u00e4rm tillverkad av \u00e5tervunna vattenflaskor (rPET) med metallst\u00e4nger. Handtaget \u00e4r tillverkat av tr\u00e4 med automatisk \u00f6ppning. En fantastisk f\u00f6retagspresent, giveaway f\u00f6r en m\u00e4ssa, evenemang eller konferens.  <\/p>\n<p>Eukalyptustr\u00e4 kan betraktas som ett h\u00e5llbart tr\u00e4slag. Eukalyptustr\u00e4det \u00e4r ett starkt tr\u00e4d som v\u00e4xer snabbt och mognar p\u00e5 bara n\u00e5gra \u00e5r, vilket g\u00f6r det till en snabbt f\u00f6rnybar resurs. Dess snabba tillv\u00e4xttakt m\u00f6jligg\u00f6r snabb avverkning, vilket minskar trycket p\u00e5 naturskogar.  <\/p>\nrPET (recycled polyethylen) er et f\u00f8devareegnet genanvendeligt genbrugsplast, som typisk er fremstillet af genanvendte vandflasker. rPET er \u2013 dets fossile oprindelse til trods \u2013 et b\u00e6redygtigt og klimavenligt materiale. rPET har et ekstremt h\u00f8jt kulstofindhold, og fungerer derfor som et effektivt kulstofdepot i hele produktets og genanvendte produkters levetid. Bliver plast ikke genbrugt, vil det enten nedbrydes til CO2 og dermed bidrage til drivhuseffekten, eller ende op som forurenende affald. For hvert ton genbrugt plast spares der 3,8 t\u00f8nder olie. \n<img loading=\"lazy\" decoding=\"async\" src=\"https:\/\/grontkontor.dk\/wp-content\/uploads\/2021\/02\/genbrug.jpg\" alt=\"Fremstillet af genbrugsmaterialer\" width=\"50\" height=\"50\" class=\"size-full wp-image-23031\" srcset=\"https:\/\/grontkontor.dk\/wp-content\/uploads\/2021\/02\/genbrug.jpg 199w, https:\/\/grontkontor.dk\/wp-content\/uploads\/2021\/02\/genbrug-100x100.jpg 100w\" sizes=\"(max-width: 50px) 100vw, 50px\" \/>\n","protected":false},"excerpt":{"rendered":"<p>Klimatsmart paraply i klassisk design. \u00c5tervunnen plastsk\u00e4rm tillverkad av \u00e5tervunna vattenflaskor (rPET) med metallst\u00e4nger. Handtaget \u00e4r tillverkat av tr\u00e4 med automatisk \u00f6ppning. En fantastisk f\u00f6retagspresent, giveaway f\u00f6r en m\u00e4ssa, evenemang eller konferens. Eukalyptustr\u00e4 kan betraktas som ett h\u00e5llbart tr\u00e4slag. Eukalyptustr\u00e4det \u00e4r ett starkt tr\u00e4d som v\u00e4xer snabbt och mognar p\u00e5 bara n\u00e5gra \u00e5r, vilket g\u00f6r [&hellip;]<\/p>\n","protected":false},"featured_media":18545,"comment_status":"closed","ping_status":"closed","template":"","meta":{"_acf_changed":false},"product_cat":[2450,867,2142,2103],"product_tag":[2110,2141,1755],"class_list":{"0":"post-75306","1":"product","2":"type-product","3":"status-publish","4":"has-post-thumbnail","6":"product_cat-dummy-moq-10-50-sv","7":"product_cat-miljovaenliga-foretagspresenter","8":"product_cat-beklaedning-sv","9":"product_cat-utstallning-och-event","10":"product_tag-firmagaver-sv","11":"product_tag-beklaedning-sv","12":"product_tag-paraply-sv","13":"tm-has-options","15":"first","16":"instock","17":"sale","18":"taxable","19":"shipping-taxable","20":"purchasable","21":"product-type-variable","22":"has-default-attributes"},"acf":[],"yoast_head":"<!-- This site is optimized with the Yoast SEO Premium plugin v21.2 (Yoast SEO v21.2) - https:\/\/yoast.com\/wordpress\/plugins\/seo\/ -->\n<title>Paraply i tr\u00e4 och \u00e5tervunnen plast - Gr\u00f8nt Kontor<\/title>\n<meta name=\"robots\" content=\"index, follow, max-snippet:-1, max-image-preview:large, max-video-preview:-1\" \/>\n<link rel=\"canonical\" href=\"https:\/\/grontkontor.dk\/sv\/shop\/paraply-trae-genbrugsplast\/\" \/>\n<meta property=\"og:locale\" content=\"sv_SE\" \/>\n<meta property=\"og:type\" content=\"article\" \/>\n<meta property=\"og:title\" content=\"Paraply i tr\u00e4 och \u00e5tervunnen plast\" \/>\n<meta property=\"og:description\" content=\"Klimatsmart paraply i klassisk design. \u00c5tervunnen plastsk\u00e4rm tillverkad av \u00e5tervunna vattenflaskor (rPET) med metallst\u00e4nger. Handtaget \u00e4r tillverkat av tr\u00e4 med automatisk \u00f6ppning. En fantastisk f\u00f6retagspresent, giveaway f\u00f6r en m\u00e4ssa, evenemang eller konferens. Eukalyptustr\u00e4 kan betraktas som ett h\u00e5llbart tr\u00e4slag. Eukalyptustr\u00e4det \u00e4r ett starkt tr\u00e4d som v\u00e4xer snabbt och mognar p\u00e5 bara n\u00e5gra \u00e5r, vilket g\u00f6r [&hellip;]\" \/>\n<meta property=\"og:url\" content=\"https:\/\/grontkontor.dk\/sv\/shop\/paraply-trae-genbrugsplast\/\" \/>\n<meta property=\"og:site_name\" content=\"Gr\u00f8nt Kontor\" \/>\n<meta property=\"article:publisher\" content=\"https:\/\/www.facebook.com\/grontkontor.dk\/\" \/>\n<meta property=\"article:modified_time\" content=\"2025-11-06T10:27:18+00:00\" \/>\n<meta property=\"og:image\" content=\"https:\/\/grontkontor.dk\/wp-content\/uploads\/2020\/05\/paraply-rpet-001.jpg\" \/>\n\t<meta property=\"og:image:width\" content=\"900\" \/>\n\t<meta property=\"og:image:height\" content=\"639\" \/>\n\t<meta property=\"og:image:type\" content=\"image\/jpeg\" \/>\n<meta name=\"twitter:card\" content=\"summary_large_image\" \/>\n<script type=\"application\/ld+json\" class=\"yoast-schema-graph\">{\"@context\":\"https:\/\/schema.org\",\"@graph\":[{\"@type\":\"WebPage\",\"@id\":\"https:\/\/grontkontor.dk\/sv\/shop\/paraply-trae-genbrugsplast\/\",\"url\":\"https:\/\/grontkontor.dk\/sv\/shop\/paraply-trae-genbrugsplast\/\",\"name\":\"Paraply i tr\u00e4 och \u00e5tervunnen plast - Gr\u00f8nt Kontor\",\"isPartOf\":{\"@id\":\"https:\/\/grontkontor.dk\/#website\"},\"datePublished\":\"2023-09-22T21:18:18+00:00\",\"dateModified\":\"2025-11-06T10:27:18+00:00\",\"breadcrumb\":{\"@id\":\"https:\/\/grontkontor.dk\/sv\/shop\/paraply-trae-genbrugsplast\/#breadcrumb\"},\"inLanguage\":\"sv-SE\",\"potentialAction\":[{\"@type\":\"ReadAction\",\"target\":[\"https:\/\/grontkontor.dk\/sv\/shop\/paraply-trae-genbrugsplast\/\"]}]},{\"@type\":\"BreadcrumbList\",\"@id\":\"https:\/\/grontkontor.dk\/sv\/shop\/paraply-trae-genbrugsplast\/#breadcrumb\",\"itemListElement\":[{\"@type\":\"ListItem\",\"position\":1,\"name\":\"Forside\",\"item\":\"https:\/\/grontkontor.dk\/\"},{\"@type\":\"ListItem\",\"position\":2,\"name\":\"Shop\",\"item\":\"https:\/\/grontkontor.dk\/sv\/shop\/\"},{\"@type\":\"ListItem\",\"position\":3,\"name\":\"Bekl\u00e6dning\",\"item\":\"https:\/\/grontkontor.dk\/produkt-kategori\/beklaedning\/\"},{\"@type\":\"ListItem\",\"position\":4,\"name\":\"Paraply i tr\u00e4 och \u00e5tervunnen plast\"}]},{\"@type\":\"WebSite\",\"@id\":\"https:\/\/grontkontor.dk\/#website\",\"url\":\"https:\/\/grontkontor.dk\/\",\"name\":\"Gr\u00f8nt Kontor\",\"description\":\"Milj\u00f8venlige produkter til kontor og erhverv med fokus p\u00e5 b\u00e6redygtighed, design og fair trade.\",\"publisher\":{\"@id\":\"https:\/\/grontkontor.dk\/#organization\"},\"potentialAction\":[{\"@type\":\"SearchAction\",\"target\":{\"@type\":\"EntryPoint\",\"urlTemplate\":\"https:\/\/grontkontor.dk\/?s={search_term_string}\"},\"query-input\":\"required name=search_term_string\"}],\"inLanguage\":\"sv-SE\"},{\"@type\":\"Organization\",\"@id\":\"https:\/\/grontkontor.dk\/#organization\",\"name\":\"Gr\u00f8nt Kontor\",\"url\":\"https:\/\/grontkontor.dk\/\",\"logo\":{\"@type\":\"ImageObject\",\"inLanguage\":\"sv-SE\",\"@id\":\"https:\/\/grontkontor.dk\/#\/schema\/logo\/image\/\",\"url\":\"https:\/\/grontkontor.dk\/wp-content\/uploads\/2014\/02\/Logo_groent_kontor_300x80.png\",\"contentUrl\":\"https:\/\/grontkontor.dk\/wp-content\/uploads\/2014\/02\/Logo_groent_kontor_300x80.png\",\"width\":300,\"height\":80,\"caption\":\"Gr\u00f8nt Kontor\"},\"image\":{\"@id\":\"https:\/\/grontkontor.dk\/#\/schema\/logo\/image\/\"},\"sameAs\":[\"https:\/\/www.facebook.com\/grontkontor.dk\/\"]}]}<\/script>\n<!-- \/ Yoast SEO Premium plugin. -->","yoast_head_json":{"title":"Paraply i tr\u00e4 och \u00e5tervunnen plast - Gr\u00f8nt Kontor","robots":{"index":"index","follow":"follow","max-snippet":"max-snippet:-1","max-image-preview":"max-image-preview:large","max-video-preview":"max-video-preview:-1"},"canonical":"https:\/\/grontkontor.dk\/sv\/shop\/paraply-trae-genbrugsplast\/","og_locale":"sv_SE","og_type":"article","og_title":"Paraply i tr\u00e4 och \u00e5tervunnen plast","og_description":"Klimatsmart paraply i klassisk design. \u00c5tervunnen plastsk\u00e4rm tillverkad av \u00e5tervunna vattenflaskor (rPET) med metallst\u00e4nger. Handtaget \u00e4r tillverkat av tr\u00e4 med automatisk \u00f6ppning. En fantastisk f\u00f6retagspresent, giveaway f\u00f6r en m\u00e4ssa, evenemang eller konferens. Eukalyptustr\u00e4 kan betraktas som ett h\u00e5llbart tr\u00e4slag. Eukalyptustr\u00e4det \u00e4r ett starkt tr\u00e4d som v\u00e4xer snabbt och mognar p\u00e5 bara n\u00e5gra \u00e5r, vilket g\u00f6r [&hellip;]","og_url":"https:\/\/grontkontor.dk\/sv\/shop\/paraply-trae-genbrugsplast\/","og_site_name":"Gr\u00f8nt Kontor","article_publisher":"https:\/\/www.facebook.com\/grontkontor.dk\/","article_modified_time":"2025-11-06T10:27:18+00:00","og_image":[{"width":900,"height":639,"url":"https:\/\/grontkontor.dk\/wp-content\/uploads\/2020\/05\/paraply-rpet-001.jpg","type":"image\/jpeg"}],"twitter_card":"summary_large_image","schema":{"@context":"https:\/\/schema.org","@graph":[{"@type":"WebPage","@id":"https:\/\/grontkontor.dk\/sv\/shop\/paraply-trae-genbrugsplast\/","url":"https:\/\/grontkontor.dk\/sv\/shop\/paraply-trae-genbrugsplast\/","name":"Paraply i tr\u00e4 och \u00e5tervunnen plast - Gr\u00f8nt Kontor","isPartOf":{"@id":"https:\/\/grontkontor.dk\/#website"},"datePublished":"2023-09-22T21:18:18+00:00","dateModified":"2025-11-06T10:27:18+00:00","breadcrumb":{"@id":"https:\/\/grontkontor.dk\/sv\/shop\/paraply-trae-genbrugsplast\/#breadcrumb"},"inLanguage":"sv-SE","potentialAction":[{"@type":"ReadAction","target":["https:\/\/grontkontor.dk\/sv\/shop\/paraply-trae-genbrugsplast\/"]}]},{"@type":"BreadcrumbList","@id":"https:\/\/grontkontor.dk\/sv\/shop\/paraply-trae-genbrugsplast\/#breadcrumb","itemListElement":[{"@type":"ListItem","position":1,"name":"Forside","item":"https:\/\/grontkontor.dk\/"},{"@type":"ListItem","position":2,"name":"Shop","item":"https:\/\/grontkontor.dk\/sv\/shop\/"},{"@type":"ListItem","position":3,"name":"Bekl\u00e6dning","item":"https:\/\/grontkontor.dk\/produkt-kategori\/beklaedning\/"},{"@type":"ListItem","position":4,"name":"Paraply i tr\u00e4 och \u00e5tervunnen plast"}]},{"@type":"WebSite","@id":"https:\/\/grontkontor.dk\/#website","url":"https:\/\/grontkontor.dk\/","name":"Gr\u00f8nt Kontor","description":"Milj\u00f8venlige produkter til kontor og erhverv med fokus p\u00e5 b\u00e6redygtighed, design og fair trade.","publisher":{"@id":"https:\/\/grontkontor.dk\/#organization"},"potentialAction":[{"@type":"SearchAction","target":{"@type":"EntryPoint","urlTemplate":"https:\/\/grontkontor.dk\/?s={search_term_string}"},"query-input":"required name=search_term_string"}],"inLanguage":"sv-SE"},{"@type":"Organization","@id":"https:\/\/grontkontor.dk\/#organization","name":"Gr\u00f8nt Kontor","url":"https:\/\/grontkontor.dk\/","logo":{"@type":"ImageObject","inLanguage":"sv-SE","@id":"https:\/\/grontkontor.dk\/#\/schema\/logo\/image\/","url":"https:\/\/grontkontor.dk\/wp-content\/uploads\/2014\/02\/Logo_groent_kontor_300x80.png","contentUrl":"https:\/\/grontkontor.dk\/wp-content\/uploads\/2014\/02\/Logo_groent_kontor_300x80.png","width":300,"height":80,"caption":"Gr\u00f8nt Kontor"},"image":{"@id":"https:\/\/grontkontor.dk\/#\/schema\/logo\/image\/"},"sameAs":["https:\/\/www.facebook.com\/grontkontor.dk\/"]}]}},"_links":{"self":[{"href":"https:\/\/grontkontor.dk\/sv\/wp-json\/wp\/v2\/product\/75306"}],"collection":[{"href":"https:\/\/grontkontor.dk\/sv\/wp-json\/wp\/v2\/product"}],"about":[{"href":"https:\/\/grontkontor.dk\/sv\/wp-json\/wp\/v2\/types\/product"}],"replies":[{"embeddable":true,"href":"https:\/\/grontkontor.dk\/sv\/wp-json\/wp\/v2\/comments?post=75306"}],"wp:featuredmedia":[{"embeddable":true,"href":"https:\/\/grontkontor.dk\/sv\/wp-json\/wp\/v2\/media\/18545"}],"wp:attachment":[{"href":"https:\/\/grontkontor.dk\/sv\/wp-json\/wp\/v2\/media?parent=75306"}],"wp:term":[{"taxonomy":"product_cat","embeddable":true,"href":"https:\/\/grontkontor.dk\/sv\/wp-json\/wp\/v2\/product_cat?post=75306"},{"taxonomy":"product_tag","embeddable":true,"href":"https:\/\/grontkontor.dk\/sv\/wp-json\/wp\/v2\/product_tag?post=75306"}],"curies":[{"name":"wp","href":"https:\/\/api.w.org\/{rel}","templated":true}]}}