{"id":75364,"date":"2023-09-22T13:11:30","date_gmt":"2023-09-22T21:19:08","guid":{"rendered":"https:\/\/grontkontor.dk\/produkt\/tandborste-i-bambu-paa-fot\/"},"modified":"2024-09-11T09:52:07","modified_gmt":"2024-09-11T07:52:07","slug":"tandborste-i-bambu-paa-fot","status":"publish","type":"product","link":"https:\/\/grontkontor.dk\/sv\/shop\/tandborste-i-bambu-paa-fot\/","title":{"rendered":"Bambu tandborste p\u00e5 fot"},"content":{"rendered":"<p>Klimatv\u00e4nlig tandborste p\u00e5 fot f\u00f6r f\u00f6retagspresent eller aff\u00e4rsresa. Tillverkad av bambu.<\/p>\n<p>Levereras individuellt f\u00f6rpackad i milj\u00f6v\u00e4nlig kartong. Finns med logotryck eller lasergravyr. En superfin och milj\u00f6v\u00e4nlig utdelning f\u00f6r m\u00e4ssa och event.<\/p>\nBambu \u00e4r ett fantastiskt material n\u00e4r det kommer till h\u00e5llbarhet. Den en av de mest snabbv\u00e4xande plantor i v\u00e4rlden, vilket betyder en snabb \u00e5terv\u00e4xt efter sk\u00f6rd. Bambu fungerar, precis som andra naturprodukter, som ett CO2 dep\u00e5 under hela sin livstid och odlas utan pesticider och konstg\u00f6dsel. \n<p>&nbsp;<\/p>\n","protected":false},"excerpt":{"rendered":"<p>Klimatv\u00e4nlig tandborste p\u00e5 fot f\u00f6r f\u00f6retagspresent eller aff\u00e4rsresa. Tillverkad av bambu. Levereras individuellt f\u00f6rpackad i milj\u00f6v\u00e4nlig kartong. Finns med logotryck eller lasergravyr. En superfin och milj\u00f6v\u00e4nlig utdelning f\u00f6r m\u00e4ssa och event. &nbsp;<\/p>\n","protected":false},"featured_media":18474,"comment_status":"closed","ping_status":"closed","template":"","meta":{"_acf_changed":false},"product_cat":[2123,867],"product_tag":[2227],"class_list":{"0":"post-75364","1":"product","2":"type-product","3":"status-publish","4":"has-post-thumbnail","6":"product_cat-dummy-moq-50-100-sv","7":"product_cat-miljovaenliga-foretagspresenter","8":"product_tag-tandboerste-sv","9":"tm-has-options","11":"first","12":"instock","13":"sale","14":"taxable","15":"shipping-taxable","16":"purchasable","17":"product-type-simple"},"acf":[],"yoast_head":"<!-- This site is optimized with the Yoast SEO Premium plugin v21.2 (Yoast SEO v21.2) - https:\/\/yoast.com\/wordpress\/plugins\/seo\/ -->\n<title>Bambu tandborste p\u00e5 fot - Gr\u00f8nt Kontor<\/title>\n<meta name=\"robots\" content=\"index, follow, max-snippet:-1, max-image-preview:large, max-video-preview:-1\" \/>\n<link rel=\"canonical\" href=\"https:\/\/grontkontor.dk\/sv\/shop\/tandborste-i-bambu-paa-fot\/\" \/>\n<meta property=\"og:locale\" content=\"sv_SE\" \/>\n<meta property=\"og:type\" content=\"article\" \/>\n<meta property=\"og:title\" content=\"Bambu tandborste p\u00e5 fot\" \/>\n<meta property=\"og:description\" content=\"Klimatv\u00e4nlig tandborste p\u00e5 fot f\u00f6r f\u00f6retagspresent eller aff\u00e4rsresa. Tillverkad av bambu. Levereras individuellt f\u00f6rpackad i milj\u00f6v\u00e4nlig kartong. Finns med logotryck eller lasergravyr. En superfin och milj\u00f6v\u00e4nlig utdelning f\u00f6r m\u00e4ssa och event. &nbsp;\" \/>\n<meta property=\"og:url\" content=\"https:\/\/grontkontor.dk\/sv\/shop\/tandborste-i-bambu-paa-fot\/\" \/>\n<meta property=\"og:site_name\" content=\"Gr\u00f8nt Kontor\" \/>\n<meta property=\"article:publisher\" content=\"https:\/\/www.facebook.com\/grontkontor.dk\/\" \/>\n<meta property=\"article:modified_time\" content=\"2024-09-11T07:52:07+00:00\" \/>\n<meta property=\"og:image\" content=\"https:\/\/grontkontor.dk\/wp-content\/uploads\/2020\/05\/tandboerste-bambus-fod-01.jpg\" \/>\n\t<meta property=\"og:image:width\" content=\"900\" \/>\n\t<meta property=\"og:image:height\" content=\"639\" \/>\n\t<meta property=\"og:image:type\" content=\"image\/jpeg\" \/>\n<meta name=\"twitter:card\" content=\"summary_large_image\" \/>\n<script type=\"application\/ld+json\" class=\"yoast-schema-graph\">{\"@context\":\"https:\/\/schema.org\",\"@graph\":[{\"@type\":\"WebPage\",\"@id\":\"https:\/\/grontkontor.dk\/sv\/shop\/tandborste-i-bambu-paa-fot\/\",\"url\":\"https:\/\/grontkontor.dk\/sv\/shop\/tandborste-i-bambu-paa-fot\/\",\"name\":\"Bambu tandborste p\u00e5 fot - Gr\u00f8nt Kontor\",\"isPartOf\":{\"@id\":\"https:\/\/grontkontor.dk\/#website\"},\"datePublished\":\"2023-09-22T21:19:08+00:00\",\"dateModified\":\"2024-09-11T07:52:07+00:00\",\"breadcrumb\":{\"@id\":\"https:\/\/grontkontor.dk\/sv\/shop\/tandborste-i-bambu-paa-fot\/#breadcrumb\"},\"inLanguage\":\"sv-SE\",\"potentialAction\":[{\"@type\":\"ReadAction\",\"target\":[\"https:\/\/grontkontor.dk\/sv\/shop\/tandborste-i-bambu-paa-fot\/\"]}]},{\"@type\":\"BreadcrumbList\",\"@id\":\"https:\/\/grontkontor.dk\/sv\/shop\/tandborste-i-bambu-paa-fot\/#breadcrumb\",\"itemListElement\":[{\"@type\":\"ListItem\",\"position\":1,\"name\":\"Forside\",\"item\":\"https:\/\/grontkontor.dk\/\"},{\"@type\":\"ListItem\",\"position\":2,\"name\":\"Shop\",\"item\":\"https:\/\/grontkontor.dk\/sv\/shop\/\"},{\"@type\":\"ListItem\",\"position\":3,\"name\":\"Dummy MOQ 50-100\",\"item\":\"https:\/\/grontkontor.dk\/sv\/produkt-kategori\/dummy-moq-50-100-sv\/\"},{\"@type\":\"ListItem\",\"position\":4,\"name\":\"Bambu tandborste p\u00e5 fot\"}]},{\"@type\":\"WebSite\",\"@id\":\"https:\/\/grontkontor.dk\/#website\",\"url\":\"https:\/\/grontkontor.dk\/\",\"name\":\"Gr\u00f8nt Kontor\",\"description\":\"Milj\u00f8venlige produkter til kontor og erhverv med fokus p\u00e5 b\u00e6redygtighed, design og fair trade.\",\"publisher\":{\"@id\":\"https:\/\/grontkontor.dk\/#organization\"},\"potentialAction\":[{\"@type\":\"SearchAction\",\"target\":{\"@type\":\"EntryPoint\",\"urlTemplate\":\"https:\/\/grontkontor.dk\/?s={search_term_string}\"},\"query-input\":\"required name=search_term_string\"}],\"inLanguage\":\"sv-SE\"},{\"@type\":\"Organization\",\"@id\":\"https:\/\/grontkontor.dk\/#organization\",\"name\":\"Gr\u00f8nt Kontor\",\"url\":\"https:\/\/grontkontor.dk\/\",\"logo\":{\"@type\":\"ImageObject\",\"inLanguage\":\"sv-SE\",\"@id\":\"https:\/\/grontkontor.dk\/#\/schema\/logo\/image\/\",\"url\":\"https:\/\/grontkontor.dk\/wp-content\/uploads\/2014\/02\/Logo_groent_kontor_300x80.png\",\"contentUrl\":\"https:\/\/grontkontor.dk\/wp-content\/uploads\/2014\/02\/Logo_groent_kontor_300x80.png\",\"width\":300,\"height\":80,\"caption\":\"Gr\u00f8nt Kontor\"},\"image\":{\"@id\":\"https:\/\/grontkontor.dk\/#\/schema\/logo\/image\/\"},\"sameAs\":[\"https:\/\/www.facebook.com\/grontkontor.dk\/\"]}]}<\/script>\n<!-- \/ Yoast SEO Premium plugin. -->","yoast_head_json":{"title":"Bambu tandborste p\u00e5 fot - Gr\u00f8nt Kontor","robots":{"index":"index","follow":"follow","max-snippet":"max-snippet:-1","max-image-preview":"max-image-preview:large","max-video-preview":"max-video-preview:-1"},"canonical":"https:\/\/grontkontor.dk\/sv\/shop\/tandborste-i-bambu-paa-fot\/","og_locale":"sv_SE","og_type":"article","og_title":"Bambu tandborste p\u00e5 fot","og_description":"Klimatv\u00e4nlig tandborste p\u00e5 fot f\u00f6r f\u00f6retagspresent eller aff\u00e4rsresa. Tillverkad av bambu. Levereras individuellt f\u00f6rpackad i milj\u00f6v\u00e4nlig kartong. Finns med logotryck eller lasergravyr. En superfin och milj\u00f6v\u00e4nlig utdelning f\u00f6r m\u00e4ssa och event. &nbsp;","og_url":"https:\/\/grontkontor.dk\/sv\/shop\/tandborste-i-bambu-paa-fot\/","og_site_name":"Gr\u00f8nt Kontor","article_publisher":"https:\/\/www.facebook.com\/grontkontor.dk\/","article_modified_time":"2024-09-11T07:52:07+00:00","og_image":[{"width":900,"height":639,"url":"https:\/\/grontkontor.dk\/wp-content\/uploads\/2020\/05\/tandboerste-bambus-fod-01.jpg","type":"image\/jpeg"}],"twitter_card":"summary_large_image","schema":{"@context":"https:\/\/schema.org","@graph":[{"@type":"WebPage","@id":"https:\/\/grontkontor.dk\/sv\/shop\/tandborste-i-bambu-paa-fot\/","url":"https:\/\/grontkontor.dk\/sv\/shop\/tandborste-i-bambu-paa-fot\/","name":"Bambu tandborste p\u00e5 fot - Gr\u00f8nt Kontor","isPartOf":{"@id":"https:\/\/grontkontor.dk\/#website"},"datePublished":"2023-09-22T21:19:08+00:00","dateModified":"2024-09-11T07:52:07+00:00","breadcrumb":{"@id":"https:\/\/grontkontor.dk\/sv\/shop\/tandborste-i-bambu-paa-fot\/#breadcrumb"},"inLanguage":"sv-SE","potentialAction":[{"@type":"ReadAction","target":["https:\/\/grontkontor.dk\/sv\/shop\/tandborste-i-bambu-paa-fot\/"]}]},{"@type":"BreadcrumbList","@id":"https:\/\/grontkontor.dk\/sv\/shop\/tandborste-i-bambu-paa-fot\/#breadcrumb","itemListElement":[{"@type":"ListItem","position":1,"name":"Forside","item":"https:\/\/grontkontor.dk\/"},{"@type":"ListItem","position":2,"name":"Shop","item":"https:\/\/grontkontor.dk\/sv\/shop\/"},{"@type":"ListItem","position":3,"name":"Dummy MOQ 50-100","item":"https:\/\/grontkontor.dk\/sv\/produkt-kategori\/dummy-moq-50-100-sv\/"},{"@type":"ListItem","position":4,"name":"Bambu tandborste p\u00e5 fot"}]},{"@type":"WebSite","@id":"https:\/\/grontkontor.dk\/#website","url":"https:\/\/grontkontor.dk\/","name":"Gr\u00f8nt Kontor","description":"Milj\u00f8venlige produkter til kontor og erhverv med fokus p\u00e5 b\u00e6redygtighed, design og fair trade.","publisher":{"@id":"https:\/\/grontkontor.dk\/#organization"},"potentialAction":[{"@type":"SearchAction","target":{"@type":"EntryPoint","urlTemplate":"https:\/\/grontkontor.dk\/?s={search_term_string}"},"query-input":"required name=search_term_string"}],"inLanguage":"sv-SE"},{"@type":"Organization","@id":"https:\/\/grontkontor.dk\/#organization","name":"Gr\u00f8nt Kontor","url":"https:\/\/grontkontor.dk\/","logo":{"@type":"ImageObject","inLanguage":"sv-SE","@id":"https:\/\/grontkontor.dk\/#\/schema\/logo\/image\/","url":"https:\/\/grontkontor.dk\/wp-content\/uploads\/2014\/02\/Logo_groent_kontor_300x80.png","contentUrl":"https:\/\/grontkontor.dk\/wp-content\/uploads\/2014\/02\/Logo_groent_kontor_300x80.png","width":300,"height":80,"caption":"Gr\u00f8nt Kontor"},"image":{"@id":"https:\/\/grontkontor.dk\/#\/schema\/logo\/image\/"},"sameAs":["https:\/\/www.facebook.com\/grontkontor.dk\/"]}]}},"_links":{"self":[{"href":"https:\/\/grontkontor.dk\/sv\/wp-json\/wp\/v2\/product\/75364"}],"collection":[{"href":"https:\/\/grontkontor.dk\/sv\/wp-json\/wp\/v2\/product"}],"about":[{"href":"https:\/\/grontkontor.dk\/sv\/wp-json\/wp\/v2\/types\/product"}],"replies":[{"embeddable":true,"href":"https:\/\/grontkontor.dk\/sv\/wp-json\/wp\/v2\/comments?post=75364"}],"wp:featuredmedia":[{"embeddable":true,"href":"https:\/\/grontkontor.dk\/sv\/wp-json\/wp\/v2\/media\/18474"}],"wp:attachment":[{"href":"https:\/\/grontkontor.dk\/sv\/wp-json\/wp\/v2\/media?parent=75364"}],"wp:term":[{"taxonomy":"product_cat","embeddable":true,"href":"https:\/\/grontkontor.dk\/sv\/wp-json\/wp\/v2\/product_cat?post=75364"},{"taxonomy":"product_tag","embeddable":true,"href":"https:\/\/grontkontor.dk\/sv\/wp-json\/wp\/v2\/product_tag?post=75364"}],"curies":[{"name":"wp","href":"https:\/\/api.w.org\/{rel}","templated":true}]}}