{"id":76787,"date":"2023-09-22T13:55:07","date_gmt":"2023-09-22T22:03:24","guid":{"rendered":"https:\/\/grontkontor.dk\/?post_type=product&#038;p=76787"},"modified":"2025-01-17T13:18:56","modified_gmt":"2025-01-17T12:18:56","slug":"miljoevenlige-espressokopper-i-glas","status":"publish","type":"product","link":"https:\/\/grontkontor.dk\/sv\/shop\/miljoevenlige-espressokopper-i-glas\/","title":{"rendered":"Milj\u00f6v\u00e4nliga espressokoppar i glas"},"content":{"rendered":"<p>H\u00e4rligt set med tv\u00e5 termo espressokoppar gjorda av h\u00f6gkvalitativt glas med bambubrickor. Levereras i set om 2 stycken. En superfin present till personalen. Kopparna \u00e4r l\u00e4mpliga f\u00f6r diskmaskin och mikrov\u00e5gsugn, bambubrickorna rekommenderar vi att diska upp f\u00f6r hand.<br \/>\nDen termiska koppen \u00e4r  <\/p>\ngodk\u00e4nt till kontakt med livsmedel och 100% BPA fritt\n<p>Inneh\u00e5ll: 90ml.<\/p>\n<p>&nbsp;<\/p>\n<p>Glas \u00e4r ett h\u00e5llbart \u00e5teranv\u00e4ndbart material, som \u00e4r framst\u00e4llt av sand eller \u00e5tervunnet glasavfall. Det g\u00e5r \u00e5t stora m\u00e4ngder energi b\u00e5de vid tillv\u00e4rkning och \u00e5tervinning, s\u00e5 graden av h\u00e5llbarhet \u00e4r beroende av energik\u00e4llan i tillv\u00e4rkningsprocessen. Glas f\u00f6rorenar inte vid bortskaffning.  Bambu \u00e4r biologiskt nedbrytbart och d\u00e4rf\u00f6r ett fantastiskt material n\u00e4r det kommer till h\u00e5llbarhet. Den har en extremt snabb \u00e5terv\u00e4xt efter sk\u00f6rd. Banbu fungerar, precis som andra naturprodukter, som ett CO2 dep\u00e5 under hela sin livsdid. <\/p>\nAmfori \u00e4r en internationellt erk\u00e4nd organisation. Amfori-m\u00e4rkning s\u00e4kerst\u00e4ller \u00f6vervakning av produktionen mht milj\u00f6skydd och anv\u00e4ndning av r\u00e4ttvisa arbetsvillkor: Inget barnarbete, rimliga arbetstider och l\u00f6ner och s\u00e4rskilt skydd f\u00f6r utsatta anst\u00e4llda. \n<p>&nbsp;<\/p>\n<p>Denna produkt anser vi vara n\u00e5got av det mest h\u00e5llbara i sin kategori. Om du k\u00e4nner till liknande produkter som du anser vara for mer h\u00e5llbara, vill vi g\u00e4rna h\u00f6ra fr\u00e5n dig. L\u00e4s mer om v\u00e5ra h\u00e5llbarhetskriterier <a target=\"_blank\"  href=\"https:\/\/grontkontor.dk\/sv\/om-haallbarhet\/\" class=\"light\" >her<\/a>\n <a href=\"https:\/\/en.wikipedia.org\/wiki\/Blue_Angel_(certification)\" rel=\"noopener\" target=\"_blank\"><img loading=\"lazy\" decoding=\"async\" class=\"size-full wp-image-12701\" src=\"https:\/\/grontkontor.dk\/wp-content\/uploads\/2023\/09\/amfori-logo.jpg\" width=\"202\" height=\"62\" border=0 \/><\/a><\/p>\n<p>&nbsp;<\/p>\n","protected":false},"excerpt":{"rendered":"<p>H\u00e4rligt set med tv\u00e5 termo espressokoppar gjorda av h\u00f6gkvalitativt glas med bambubrickor. Levereras i set om 2 stycken. En superfin present till personalen. Kopparna \u00e4r l\u00e4mpliga f\u00f6r diskmaskin och mikrov\u00e5gsugn, bambubrickorna rekommenderar vi att diska upp f\u00f6r hand. Den termiska koppen \u00e4r Inneh\u00e5ll: 90ml. &nbsp; &nbsp; &nbsp;<\/p>\n","protected":false},"featured_media":37954,"comment_status":"closed","ping_status":"closed","template":"","meta":{"_acf_changed":false},"product_cat":[2107,867,2233,1954,2394],"product_tag":[1911,1910,1993,1971,1555],"class_list":{"0":"post-76787","1":"product","2":"type-product","3":"status-publish","4":"has-post-thumbnail","6":"product_cat-dummy-moq-1-sv","7":"product_cat-miljovaenliga-foretagspresenter","8":"product_cat-mat-och-dryck","9":"product_cat-muggar-och-koppar","10":"product_cat-nyheter","11":"product_tag-kaffekrus-sv","12":"product_tag-krus-sv","13":"product_tag-porcelaenskrus-sv","14":"product_tag-tekrus-sv","15":"product_tag-varme-drikke-sv","16":"tm-has-options","18":"first","19":"instock","20":"sale","21":"taxable","22":"shipping-taxable","23":"purchasable","24":"product-type-simple"},"acf":[],"yoast_head":"<!-- This site is optimized with the Yoast SEO Premium plugin v21.2 (Yoast SEO v21.2) - https:\/\/yoast.com\/wordpress\/plugins\/seo\/ -->\n<title>Milj\u00f6v\u00e4nliga espressokoppar i glas - Gr\u00f8nt Kontor<\/title>\n<meta name=\"robots\" content=\"index, follow, max-snippet:-1, max-image-preview:large, max-video-preview:-1\" \/>\n<link rel=\"canonical\" href=\"https:\/\/grontkontor.dk\/sv\/shop\/miljoevenlige-espressokopper-i-glas\/\" \/>\n<meta property=\"og:locale\" content=\"sv_SE\" \/>\n<meta property=\"og:type\" content=\"article\" \/>\n<meta property=\"og:title\" content=\"Milj\u00f6v\u00e4nliga espressokoppar i glas\" \/>\n<meta property=\"og:description\" content=\"H\u00e4rligt set med tv\u00e5 termo espressokoppar gjorda av h\u00f6gkvalitativt glas med bambubrickor. Levereras i set om 2 stycken. En superfin present till personalen. Kopparna \u00e4r l\u00e4mpliga f\u00f6r diskmaskin och mikrov\u00e5gsugn, bambubrickorna rekommenderar vi att diska upp f\u00f6r hand. Den termiska koppen \u00e4r Inneh\u00e5ll: 90ml. &nbsp; &nbsp; &nbsp;\" \/>\n<meta property=\"og:url\" content=\"https:\/\/grontkontor.dk\/sv\/shop\/miljoevenlige-espressokopper-i-glas\/\" \/>\n<meta property=\"og:site_name\" content=\"Gr\u00f8nt Kontor\" \/>\n<meta property=\"article:publisher\" content=\"https:\/\/www.facebook.com\/grontkontor.dk\/\" \/>\n<meta property=\"article:modified_time\" content=\"2025-01-17T12:18:56+00:00\" \/>\n<meta property=\"og:image\" content=\"https:\/\/grontkontor.dk\/wp-content\/uploads\/2022\/07\/miljoevenlige-espressokopper-paa-bambusbakke.jpg\" \/>\n\t<meta property=\"og:image:width\" content=\"900\" \/>\n\t<meta property=\"og:image:height\" content=\"639\" \/>\n\t<meta property=\"og:image:type\" content=\"image\/jpeg\" \/>\n<meta name=\"twitter:card\" content=\"summary_large_image\" \/>\n<script type=\"application\/ld+json\" class=\"yoast-schema-graph\">{\"@context\":\"https:\/\/schema.org\",\"@graph\":[{\"@type\":\"WebPage\",\"@id\":\"https:\/\/grontkontor.dk\/sv\/shop\/miljoevenlige-espressokopper-i-glas\/\",\"url\":\"https:\/\/grontkontor.dk\/sv\/shop\/miljoevenlige-espressokopper-i-glas\/\",\"name\":\"Milj\u00f6v\u00e4nliga espressokoppar i glas - Gr\u00f8nt Kontor\",\"isPartOf\":{\"@id\":\"https:\/\/grontkontor.dk\/#website\"},\"datePublished\":\"2023-09-22T22:03:24+00:00\",\"dateModified\":\"2025-01-17T12:18:56+00:00\",\"breadcrumb\":{\"@id\":\"https:\/\/grontkontor.dk\/sv\/shop\/miljoevenlige-espressokopper-i-glas\/#breadcrumb\"},\"inLanguage\":\"sv-SE\",\"potentialAction\":[{\"@type\":\"ReadAction\",\"target\":[\"https:\/\/grontkontor.dk\/sv\/shop\/miljoevenlige-espressokopper-i-glas\/\"]}]},{\"@type\":\"BreadcrumbList\",\"@id\":\"https:\/\/grontkontor.dk\/sv\/shop\/miljoevenlige-espressokopper-i-glas\/#breadcrumb\",\"itemListElement\":[{\"@type\":\"ListItem\",\"position\":1,\"name\":\"Forside\",\"item\":\"https:\/\/grontkontor.dk\/\"},{\"@type\":\"ListItem\",\"position\":2,\"name\":\"Shop\",\"item\":\"https:\/\/grontkontor.dk\/sv\/shop\/\"},{\"@type\":\"ListItem\",\"position\":3,\"name\":\"Mat och dryck\",\"item\":\"https:\/\/grontkontor.dk\/sv\/produkt-kategori\/mat-och-dryck\/\"},{\"@type\":\"ListItem\",\"position\":4,\"name\":\"Muggar och koppar\",\"item\":\"https:\/\/grontkontor.dk\/sv\/produkt-kategori\/mat-och-dryck\/muggar-och-koppar\/\"},{\"@type\":\"ListItem\",\"position\":5,\"name\":\"Milj\u00f6v\u00e4nliga espressokoppar i glas\"}]},{\"@type\":\"WebSite\",\"@id\":\"https:\/\/grontkontor.dk\/#website\",\"url\":\"https:\/\/grontkontor.dk\/\",\"name\":\"Gr\u00f8nt Kontor\",\"description\":\"Milj\u00f8venlige produkter til kontor og erhverv med fokus p\u00e5 b\u00e6redygtighed, design og fair trade.\",\"publisher\":{\"@id\":\"https:\/\/grontkontor.dk\/#organization\"},\"potentialAction\":[{\"@type\":\"SearchAction\",\"target\":{\"@type\":\"EntryPoint\",\"urlTemplate\":\"https:\/\/grontkontor.dk\/?s={search_term_string}\"},\"query-input\":\"required name=search_term_string\"}],\"inLanguage\":\"sv-SE\"},{\"@type\":\"Organization\",\"@id\":\"https:\/\/grontkontor.dk\/#organization\",\"name\":\"Gr\u00f8nt Kontor\",\"url\":\"https:\/\/grontkontor.dk\/\",\"logo\":{\"@type\":\"ImageObject\",\"inLanguage\":\"sv-SE\",\"@id\":\"https:\/\/grontkontor.dk\/#\/schema\/logo\/image\/\",\"url\":\"https:\/\/grontkontor.dk\/wp-content\/uploads\/2014\/02\/Logo_groent_kontor_300x80.png\",\"contentUrl\":\"https:\/\/grontkontor.dk\/wp-content\/uploads\/2014\/02\/Logo_groent_kontor_300x80.png\",\"width\":300,\"height\":80,\"caption\":\"Gr\u00f8nt Kontor\"},\"image\":{\"@id\":\"https:\/\/grontkontor.dk\/#\/schema\/logo\/image\/\"},\"sameAs\":[\"https:\/\/www.facebook.com\/grontkontor.dk\/\"]}]}<\/script>\n<!-- \/ Yoast SEO Premium plugin. -->","yoast_head_json":{"title":"Milj\u00f6v\u00e4nliga espressokoppar i glas - Gr\u00f8nt Kontor","robots":{"index":"index","follow":"follow","max-snippet":"max-snippet:-1","max-image-preview":"max-image-preview:large","max-video-preview":"max-video-preview:-1"},"canonical":"https:\/\/grontkontor.dk\/sv\/shop\/miljoevenlige-espressokopper-i-glas\/","og_locale":"sv_SE","og_type":"article","og_title":"Milj\u00f6v\u00e4nliga espressokoppar i glas","og_description":"H\u00e4rligt set med tv\u00e5 termo espressokoppar gjorda av h\u00f6gkvalitativt glas med bambubrickor. Levereras i set om 2 stycken. En superfin present till personalen. Kopparna \u00e4r l\u00e4mpliga f\u00f6r diskmaskin och mikrov\u00e5gsugn, bambubrickorna rekommenderar vi att diska upp f\u00f6r hand. Den termiska koppen \u00e4r Inneh\u00e5ll: 90ml. &nbsp; &nbsp; &nbsp;","og_url":"https:\/\/grontkontor.dk\/sv\/shop\/miljoevenlige-espressokopper-i-glas\/","og_site_name":"Gr\u00f8nt Kontor","article_publisher":"https:\/\/www.facebook.com\/grontkontor.dk\/","article_modified_time":"2025-01-17T12:18:56+00:00","og_image":[{"width":900,"height":639,"url":"https:\/\/grontkontor.dk\/wp-content\/uploads\/2022\/07\/miljoevenlige-espressokopper-paa-bambusbakke.jpg","type":"image\/jpeg"}],"twitter_card":"summary_large_image","schema":{"@context":"https:\/\/schema.org","@graph":[{"@type":"WebPage","@id":"https:\/\/grontkontor.dk\/sv\/shop\/miljoevenlige-espressokopper-i-glas\/","url":"https:\/\/grontkontor.dk\/sv\/shop\/miljoevenlige-espressokopper-i-glas\/","name":"Milj\u00f6v\u00e4nliga espressokoppar i glas - Gr\u00f8nt Kontor","isPartOf":{"@id":"https:\/\/grontkontor.dk\/#website"},"datePublished":"2023-09-22T22:03:24+00:00","dateModified":"2025-01-17T12:18:56+00:00","breadcrumb":{"@id":"https:\/\/grontkontor.dk\/sv\/shop\/miljoevenlige-espressokopper-i-glas\/#breadcrumb"},"inLanguage":"sv-SE","potentialAction":[{"@type":"ReadAction","target":["https:\/\/grontkontor.dk\/sv\/shop\/miljoevenlige-espressokopper-i-glas\/"]}]},{"@type":"BreadcrumbList","@id":"https:\/\/grontkontor.dk\/sv\/shop\/miljoevenlige-espressokopper-i-glas\/#breadcrumb","itemListElement":[{"@type":"ListItem","position":1,"name":"Forside","item":"https:\/\/grontkontor.dk\/"},{"@type":"ListItem","position":2,"name":"Shop","item":"https:\/\/grontkontor.dk\/sv\/shop\/"},{"@type":"ListItem","position":3,"name":"Mat och dryck","item":"https:\/\/grontkontor.dk\/sv\/produkt-kategori\/mat-och-dryck\/"},{"@type":"ListItem","position":4,"name":"Muggar och koppar","item":"https:\/\/grontkontor.dk\/sv\/produkt-kategori\/mat-och-dryck\/muggar-och-koppar\/"},{"@type":"ListItem","position":5,"name":"Milj\u00f6v\u00e4nliga espressokoppar i glas"}]},{"@type":"WebSite","@id":"https:\/\/grontkontor.dk\/#website","url":"https:\/\/grontkontor.dk\/","name":"Gr\u00f8nt Kontor","description":"Milj\u00f8venlige produkter til kontor og erhverv med fokus p\u00e5 b\u00e6redygtighed, design og fair trade.","publisher":{"@id":"https:\/\/grontkontor.dk\/#organization"},"potentialAction":[{"@type":"SearchAction","target":{"@type":"EntryPoint","urlTemplate":"https:\/\/grontkontor.dk\/?s={search_term_string}"},"query-input":"required name=search_term_string"}],"inLanguage":"sv-SE"},{"@type":"Organization","@id":"https:\/\/grontkontor.dk\/#organization","name":"Gr\u00f8nt Kontor","url":"https:\/\/grontkontor.dk\/","logo":{"@type":"ImageObject","inLanguage":"sv-SE","@id":"https:\/\/grontkontor.dk\/#\/schema\/logo\/image\/","url":"https:\/\/grontkontor.dk\/wp-content\/uploads\/2014\/02\/Logo_groent_kontor_300x80.png","contentUrl":"https:\/\/grontkontor.dk\/wp-content\/uploads\/2014\/02\/Logo_groent_kontor_300x80.png","width":300,"height":80,"caption":"Gr\u00f8nt Kontor"},"image":{"@id":"https:\/\/grontkontor.dk\/#\/schema\/logo\/image\/"},"sameAs":["https:\/\/www.facebook.com\/grontkontor.dk\/"]}]}},"_links":{"self":[{"href":"https:\/\/grontkontor.dk\/sv\/wp-json\/wp\/v2\/product\/76787"}],"collection":[{"href":"https:\/\/grontkontor.dk\/sv\/wp-json\/wp\/v2\/product"}],"about":[{"href":"https:\/\/grontkontor.dk\/sv\/wp-json\/wp\/v2\/types\/product"}],"replies":[{"embeddable":true,"href":"https:\/\/grontkontor.dk\/sv\/wp-json\/wp\/v2\/comments?post=76787"}],"wp:featuredmedia":[{"embeddable":true,"href":"https:\/\/grontkontor.dk\/sv\/wp-json\/wp\/v2\/media\/37954"}],"wp:attachment":[{"href":"https:\/\/grontkontor.dk\/sv\/wp-json\/wp\/v2\/media?parent=76787"}],"wp:term":[{"taxonomy":"product_cat","embeddable":true,"href":"https:\/\/grontkontor.dk\/sv\/wp-json\/wp\/v2\/product_cat?post=76787"},{"taxonomy":"product_tag","embeddable":true,"href":"https:\/\/grontkontor.dk\/sv\/wp-json\/wp\/v2\/product_tag?post=76787"}],"curies":[{"name":"wp","href":"https:\/\/api.w.org\/{rel}","templated":true}]}}