{"id":76789,"date":"2023-09-22T13:55:07","date_gmt":"2023-09-22T22:03:24","guid":{"rendered":"https:\/\/grontkontor.dk\/?post_type=product&#038;p=76789"},"modified":"2026-02-23T14:47:35","modified_gmt":"2026-02-23T13:47:35","slug":"termoflaska-i-bambu-og-rostfritt-staal-kopier","status":"publish","type":"product","link":"https:\/\/grontkontor.dk\/sv\/shop\/termoflaska-i-bambu-og-rostfritt-staal-kopier\/","title":{"rendered":"Termoflaska i bambu og rostfritt st\u00e5l (Kopier)"},"content":{"rendered":"<p>H\u00e5llbar termos i st\u00e5l och bambu f\u00f6r varma och kalla drycker. Tillverkad med ett minimalt plastinneh\u00e5ll begr\u00e4nsat till polypropen (PP) lock.<\/p>\n<p>En h\u00e5llbar och milj\u00f6v\u00e4nlig termoflaska som \u00e4r l\u00e4mplig som present f\u00f6r m\u00e4ssor och evenemang. Levereras individuellt f\u00f6rpackad i kartong. Kan levereras med logotryck eller lasergravering.<\/p>\n<p>Mugg i locket kan klara diskmaskin. Inneh\u00e5ll: 420 ml<\/p>\n","protected":false},"excerpt":{"rendered":"<p>H\u00e5llbar termos i st\u00e5l och bambu f\u00f6r varma och kalla drycker. Tillverkad med ett minimalt plastinneh\u00e5ll begr\u00e4nsat till polypropen (PP) lock. En h\u00e5llbar och milj\u00f6v\u00e4nlig termoflaska som \u00e4r l\u00e4mplig som present f\u00f6r m\u00e4ssor och evenemang. Levereras individuellt f\u00f6rpackad i kartong. Kan levereras med logotryck eller lasergravering. Mugg i locket kan klara diskmaskin. Inneh\u00e5ll: 420 ml<\/p>\n","protected":false},"featured_media":38101,"comment_status":"closed","ping_status":"closed","template":"","meta":{"_acf_changed":false},"product_cat":[2107,867,2233,2394,2003],"product_tag":[1899,2007,2002,1555],"class_list":{"0":"post-76789","1":"product","2":"type-product","3":"status-publish","4":"has-post-thumbnail","6":"product_cat-dummy-moq-1-sv","7":"product_cat-miljovaenliga-foretagspresenter","8":"product_cat-mat-och-dryck","9":"product_cat-nyheter","10":"product_cat-drikkedunke-og-termoflasker-sv","11":"product_tag-flaske-sv","12":"product_tag-glasflaske-sv","13":"product_tag-kolde-drikke-sv","14":"product_tag-varme-drikke-sv","15":"tm-has-options","17":"first","18":"instock","19":"taxable","20":"shipping-taxable","21":"purchasable","22":"product-type-simple"},"acf":[],"yoast_head":"<!-- This site is optimized with the Yoast SEO Premium plugin v21.2 (Yoast SEO v21.2) - https:\/\/yoast.com\/wordpress\/plugins\/seo\/ -->\n<title>Termoflaska i bambu og rostfritt st\u00e5l (Kopier) - Gr\u00f8nt Kontor<\/title>\n<meta name=\"robots\" content=\"index, follow, max-snippet:-1, max-image-preview:large, max-video-preview:-1\" \/>\n<link rel=\"canonical\" href=\"https:\/\/grontkontor.dk\/sv\/shop\/termoflaska-i-bambu-og-rostfritt-staal-kopier\/\" \/>\n<meta property=\"og:locale\" content=\"sv_SE\" \/>\n<meta property=\"og:type\" content=\"article\" \/>\n<meta property=\"og:title\" content=\"Termoflaska i bambu og rostfritt st\u00e5l (Kopier)\" \/>\n<meta property=\"og:description\" content=\"H\u00e5llbar termos i st\u00e5l och bambu f\u00f6r varma och kalla drycker. Tillverkad med ett minimalt plastinneh\u00e5ll begr\u00e4nsat till polypropen (PP) lock. En h\u00e5llbar och milj\u00f6v\u00e4nlig termoflaska som \u00e4r l\u00e4mplig som present f\u00f6r m\u00e4ssor och evenemang. Levereras individuellt f\u00f6rpackad i kartong. Kan levereras med logotryck eller lasergravering. Mugg i locket kan klara diskmaskin. Inneh\u00e5ll: 420 ml\" \/>\n<meta property=\"og:url\" content=\"https:\/\/grontkontor.dk\/sv\/shop\/termoflaska-i-bambu-og-rostfritt-staal-kopier\/\" \/>\n<meta property=\"og:site_name\" content=\"Gr\u00f8nt Kontor\" \/>\n<meta property=\"article:publisher\" content=\"https:\/\/www.facebook.com\/grontkontor.dk\/\" \/>\n<meta property=\"article:modified_time\" content=\"2026-02-23T13:47:35+00:00\" \/>\n<meta property=\"og:image\" content=\"https:\/\/grontkontor.dk\/wp-content\/uploads\/2022\/08\/baeredygtig-termoflaske-i-bambus.jpg\" \/>\n\t<meta property=\"og:image:width\" content=\"900\" \/>\n\t<meta property=\"og:image:height\" content=\"639\" \/>\n\t<meta property=\"og:image:type\" content=\"image\/jpeg\" \/>\n<meta name=\"twitter:card\" content=\"summary_large_image\" \/>\n<script type=\"application\/ld+json\" class=\"yoast-schema-graph\">{\"@context\":\"https:\/\/schema.org\",\"@graph\":[{\"@type\":\"WebPage\",\"@id\":\"https:\/\/grontkontor.dk\/sv\/shop\/termoflaska-i-bambu-og-rostfritt-staal-kopier\/\",\"url\":\"https:\/\/grontkontor.dk\/sv\/shop\/termoflaska-i-bambu-og-rostfritt-staal-kopier\/\",\"name\":\"Termoflaska i bambu og rostfritt st\u00e5l (Kopier) - Gr\u00f8nt Kontor\",\"isPartOf\":{\"@id\":\"https:\/\/grontkontor.dk\/#website\"},\"datePublished\":\"2023-09-22T22:03:24+00:00\",\"dateModified\":\"2026-02-23T13:47:35+00:00\",\"breadcrumb\":{\"@id\":\"https:\/\/grontkontor.dk\/sv\/shop\/termoflaska-i-bambu-og-rostfritt-staal-kopier\/#breadcrumb\"},\"inLanguage\":\"sv-SE\",\"potentialAction\":[{\"@type\":\"ReadAction\",\"target\":[\"https:\/\/grontkontor.dk\/sv\/shop\/termoflaska-i-bambu-og-rostfritt-staal-kopier\/\"]}]},{\"@type\":\"BreadcrumbList\",\"@id\":\"https:\/\/grontkontor.dk\/sv\/shop\/termoflaska-i-bambu-og-rostfritt-staal-kopier\/#breadcrumb\",\"itemListElement\":[{\"@type\":\"ListItem\",\"position\":1,\"name\":\"Forside\",\"item\":\"https:\/\/grontkontor.dk\/\"},{\"@type\":\"ListItem\",\"position\":2,\"name\":\"Shop\",\"item\":\"https:\/\/grontkontor.dk\/sv\/shop\/\"},{\"@type\":\"ListItem\",\"position\":3,\"name\":\"Mat och dryck\",\"item\":\"https:\/\/grontkontor.dk\/sv\/produkt-kategori\/mat-och-dryck\/\"},{\"@type\":\"ListItem\",\"position\":4,\"name\":\"Termoser och vattenflaskor\",\"item\":\"https:\/\/grontkontor.dk\/sv\/produkt-kategori\/mat-och-dryck\/drikkedunke-og-termoflasker-sv\/\"},{\"@type\":\"ListItem\",\"position\":5,\"name\":\"Termoflaska i bambu og rostfritt st\u00e5l (Kopier)\"}]},{\"@type\":\"WebSite\",\"@id\":\"https:\/\/grontkontor.dk\/#website\",\"url\":\"https:\/\/grontkontor.dk\/\",\"name\":\"Gr\u00f8nt Kontor\",\"description\":\"Milj\u00f8venlige produkter til kontor og erhverv med fokus p\u00e5 b\u00e6redygtighed, design og fair trade.\",\"publisher\":{\"@id\":\"https:\/\/grontkontor.dk\/#organization\"},\"potentialAction\":[{\"@type\":\"SearchAction\",\"target\":{\"@type\":\"EntryPoint\",\"urlTemplate\":\"https:\/\/grontkontor.dk\/?s={search_term_string}\"},\"query-input\":\"required name=search_term_string\"}],\"inLanguage\":\"sv-SE\"},{\"@type\":\"Organization\",\"@id\":\"https:\/\/grontkontor.dk\/#organization\",\"name\":\"Gr\u00f8nt Kontor\",\"url\":\"https:\/\/grontkontor.dk\/\",\"logo\":{\"@type\":\"ImageObject\",\"inLanguage\":\"sv-SE\",\"@id\":\"https:\/\/grontkontor.dk\/#\/schema\/logo\/image\/\",\"url\":\"https:\/\/grontkontor.dk\/wp-content\/uploads\/2014\/02\/Logo_groent_kontor_300x80.png\",\"contentUrl\":\"https:\/\/grontkontor.dk\/wp-content\/uploads\/2014\/02\/Logo_groent_kontor_300x80.png\",\"width\":300,\"height\":80,\"caption\":\"Gr\u00f8nt Kontor\"},\"image\":{\"@id\":\"https:\/\/grontkontor.dk\/#\/schema\/logo\/image\/\"},\"sameAs\":[\"https:\/\/www.facebook.com\/grontkontor.dk\/\"]}]}<\/script>\n<!-- \/ Yoast SEO Premium plugin. -->","yoast_head_json":{"title":"Termoflaska i bambu og rostfritt st\u00e5l (Kopier) - Gr\u00f8nt Kontor","robots":{"index":"index","follow":"follow","max-snippet":"max-snippet:-1","max-image-preview":"max-image-preview:large","max-video-preview":"max-video-preview:-1"},"canonical":"https:\/\/grontkontor.dk\/sv\/shop\/termoflaska-i-bambu-og-rostfritt-staal-kopier\/","og_locale":"sv_SE","og_type":"article","og_title":"Termoflaska i bambu og rostfritt st\u00e5l (Kopier)","og_description":"H\u00e5llbar termos i st\u00e5l och bambu f\u00f6r varma och kalla drycker. Tillverkad med ett minimalt plastinneh\u00e5ll begr\u00e4nsat till polypropen (PP) lock. En h\u00e5llbar och milj\u00f6v\u00e4nlig termoflaska som \u00e4r l\u00e4mplig som present f\u00f6r m\u00e4ssor och evenemang. Levereras individuellt f\u00f6rpackad i kartong. Kan levereras med logotryck eller lasergravering. Mugg i locket kan klara diskmaskin. Inneh\u00e5ll: 420 ml","og_url":"https:\/\/grontkontor.dk\/sv\/shop\/termoflaska-i-bambu-og-rostfritt-staal-kopier\/","og_site_name":"Gr\u00f8nt Kontor","article_publisher":"https:\/\/www.facebook.com\/grontkontor.dk\/","article_modified_time":"2026-02-23T13:47:35+00:00","og_image":[{"width":900,"height":639,"url":"https:\/\/grontkontor.dk\/wp-content\/uploads\/2022\/08\/baeredygtig-termoflaske-i-bambus.jpg","type":"image\/jpeg"}],"twitter_card":"summary_large_image","schema":{"@context":"https:\/\/schema.org","@graph":[{"@type":"WebPage","@id":"https:\/\/grontkontor.dk\/sv\/shop\/termoflaska-i-bambu-og-rostfritt-staal-kopier\/","url":"https:\/\/grontkontor.dk\/sv\/shop\/termoflaska-i-bambu-og-rostfritt-staal-kopier\/","name":"Termoflaska i bambu og rostfritt st\u00e5l (Kopier) - Gr\u00f8nt Kontor","isPartOf":{"@id":"https:\/\/grontkontor.dk\/#website"},"datePublished":"2023-09-22T22:03:24+00:00","dateModified":"2026-02-23T13:47:35+00:00","breadcrumb":{"@id":"https:\/\/grontkontor.dk\/sv\/shop\/termoflaska-i-bambu-og-rostfritt-staal-kopier\/#breadcrumb"},"inLanguage":"sv-SE","potentialAction":[{"@type":"ReadAction","target":["https:\/\/grontkontor.dk\/sv\/shop\/termoflaska-i-bambu-og-rostfritt-staal-kopier\/"]}]},{"@type":"BreadcrumbList","@id":"https:\/\/grontkontor.dk\/sv\/shop\/termoflaska-i-bambu-og-rostfritt-staal-kopier\/#breadcrumb","itemListElement":[{"@type":"ListItem","position":1,"name":"Forside","item":"https:\/\/grontkontor.dk\/"},{"@type":"ListItem","position":2,"name":"Shop","item":"https:\/\/grontkontor.dk\/sv\/shop\/"},{"@type":"ListItem","position":3,"name":"Mat och dryck","item":"https:\/\/grontkontor.dk\/sv\/produkt-kategori\/mat-och-dryck\/"},{"@type":"ListItem","position":4,"name":"Termoser och vattenflaskor","item":"https:\/\/grontkontor.dk\/sv\/produkt-kategori\/mat-och-dryck\/drikkedunke-og-termoflasker-sv\/"},{"@type":"ListItem","position":5,"name":"Termoflaska i bambu og rostfritt st\u00e5l (Kopier)"}]},{"@type":"WebSite","@id":"https:\/\/grontkontor.dk\/#website","url":"https:\/\/grontkontor.dk\/","name":"Gr\u00f8nt Kontor","description":"Milj\u00f8venlige produkter til kontor og erhverv med fokus p\u00e5 b\u00e6redygtighed, design og fair trade.","publisher":{"@id":"https:\/\/grontkontor.dk\/#organization"},"potentialAction":[{"@type":"SearchAction","target":{"@type":"EntryPoint","urlTemplate":"https:\/\/grontkontor.dk\/?s={search_term_string}"},"query-input":"required name=search_term_string"}],"inLanguage":"sv-SE"},{"@type":"Organization","@id":"https:\/\/grontkontor.dk\/#organization","name":"Gr\u00f8nt Kontor","url":"https:\/\/grontkontor.dk\/","logo":{"@type":"ImageObject","inLanguage":"sv-SE","@id":"https:\/\/grontkontor.dk\/#\/schema\/logo\/image\/","url":"https:\/\/grontkontor.dk\/wp-content\/uploads\/2014\/02\/Logo_groent_kontor_300x80.png","contentUrl":"https:\/\/grontkontor.dk\/wp-content\/uploads\/2014\/02\/Logo_groent_kontor_300x80.png","width":300,"height":80,"caption":"Gr\u00f8nt Kontor"},"image":{"@id":"https:\/\/grontkontor.dk\/#\/schema\/logo\/image\/"},"sameAs":["https:\/\/www.facebook.com\/grontkontor.dk\/"]}]}},"_links":{"self":[{"href":"https:\/\/grontkontor.dk\/sv\/wp-json\/wp\/v2\/product\/76789"}],"collection":[{"href":"https:\/\/grontkontor.dk\/sv\/wp-json\/wp\/v2\/product"}],"about":[{"href":"https:\/\/grontkontor.dk\/sv\/wp-json\/wp\/v2\/types\/product"}],"replies":[{"embeddable":true,"href":"https:\/\/grontkontor.dk\/sv\/wp-json\/wp\/v2\/comments?post=76789"}],"wp:featuredmedia":[{"embeddable":true,"href":"https:\/\/grontkontor.dk\/sv\/wp-json\/wp\/v2\/media\/38101"}],"wp:attachment":[{"href":"https:\/\/grontkontor.dk\/sv\/wp-json\/wp\/v2\/media?parent=76789"}],"wp:term":[{"taxonomy":"product_cat","embeddable":true,"href":"https:\/\/grontkontor.dk\/sv\/wp-json\/wp\/v2\/product_cat?post=76789"},{"taxonomy":"product_tag","embeddable":true,"href":"https:\/\/grontkontor.dk\/sv\/wp-json\/wp\/v2\/product_tag?post=76789"}],"curies":[{"name":"wp","href":"https:\/\/api.w.org\/{rel}","templated":true}]}}