{"id":76843,"date":"2023-09-22T13:55:58","date_gmt":"2023-09-22T22:05:04","guid":{"rendered":"https:\/\/grontkontor.dk\/produkt\/recycled-a5-anteckningsbok-i-kork\/"},"modified":"2024-02-27T09:32:37","modified_gmt":"2024-02-27T08:32:37","slug":"recycled-a5-anteckningsbok-i-kork","status":"publish","type":"product","link":"https:\/\/grontkontor.dk\/sv\/shop\/recycled-a5-anteckningsbok-i-kork\/","title":{"rendered":"A5 anteckningsbok i kork"},"content":{"rendered":"<p>Klimatv\u00e4nlig, robust och billig anteckningsbok i A5-format av kork. Anteckningsboken har 200 olinjerade sidor, pennh\u00e5llare och ett bokm\u00e4rke. En milj\u00f6v\u00e4nlig produkt, perfekt f\u00f6r m\u00f6ten och m\u00e4ssor. Anteckningsboken kan best\u00e4llas med eller utan tryck p\u00e5 fram- och baksida. Penna ing\u00e5r ej.<\/p>\nKork er et yderst klimavenlig, bionedbrydeligt og komposterbart naturmateriale, der stammer fra korkegen, der gror i hele middelhavsregionen. Kork er en hurtigt regenererende ressource der kan h\u00f8stes hvert \u00e5r p\u00e5 samme tr\u00e6, og er et materiale anbefalet af Verdensnaturfonden. Korkegeskove underst\u00f8tter et af de h\u00f8jeste niveauer af biodiversitet sammenlignet med andre skovtyper. \n<p>&nbsp;<\/p>\nDenna produkt anser vi vara n\u00e5got av det mest h\u00e5llbara i sin kategori. Om du k\u00e4nner till liknande produkter som du anser vara for mer h\u00e5llbara, vill vi g\u00e4rna h\u00f6ra fr\u00e5n dig. L\u00e4s mer om v\u00e5ra h\u00e5llbarhetskriterier <a target=\"_blank\"  href=\"https:\/\/grontkontor.dk\/sv\/om-haallbarhet\/\" class=\"light\" >her<\/a>\n\n<p>&nbsp;<\/p>\n","protected":false},"excerpt":{"rendered":"<p>Klimatv\u00e4nlig, robust och billig anteckningsbok i A5-format av kork. Anteckningsboken har 200 olinjerade sidor, pennh\u00e5llare och ett bokm\u00e4rke. En milj\u00f6v\u00e4nlig produkt, perfekt f\u00f6r m\u00f6ten och m\u00e4ssor. Anteckningsboken kan best\u00e4llas med eller utan tryck p\u00e5 fram- och baksida. Penna ing\u00e5r ej. &nbsp; &nbsp;<\/p>\n","protected":false},"featured_media":39199,"comment_status":"closed","ping_status":"closed","template":"","meta":{"_acf_changed":false},"product_cat":[664,2107,1868,2394,661,1854],"product_tag":[788,695],"class_list":{"0":"post-76843","1":"product","2":"type-product","3":"status-publish","4":"has-post-thumbnail","6":"product_cat-anteckningsboecker","7":"product_cat-dummy-moq-1-sv","8":"product_cat-kork-produkter-se","9":"product_cat-nyheter","10":"product_cat-papper-och-block","11":"product_cat-produkt-serier-se","12":"product_tag-skrivblock","13":"product_tag-anteckningsbok","14":"tm-has-options","16":"first","17":"instock","18":"taxable","19":"shipping-taxable","20":"purchasable","21":"product-type-simple"},"acf":[],"yoast_head":"<!-- This site is optimized with the Yoast SEO Premium plugin v21.2 (Yoast SEO v21.2) - https:\/\/yoast.com\/wordpress\/plugins\/seo\/ -->\n<title>A5 anteckningsbok i kork - Gr\u00f8nt Kontor<\/title>\n<meta name=\"robots\" content=\"index, follow, max-snippet:-1, max-image-preview:large, max-video-preview:-1\" \/>\n<link rel=\"canonical\" href=\"https:\/\/grontkontor.dk\/sv\/shop\/recycled-a5-anteckningsbok-i-kork\/\" \/>\n<meta property=\"og:locale\" content=\"sv_SE\" \/>\n<meta property=\"og:type\" content=\"article\" \/>\n<meta property=\"og:title\" content=\"A5 anteckningsbok i kork\" \/>\n<meta property=\"og:description\" content=\"Klimatv\u00e4nlig, robust och billig anteckningsbok i A5-format av kork. Anteckningsboken har 200 olinjerade sidor, pennh\u00e5llare och ett bokm\u00e4rke. En milj\u00f6v\u00e4nlig produkt, perfekt f\u00f6r m\u00f6ten och m\u00e4ssor. Anteckningsboken kan best\u00e4llas med eller utan tryck p\u00e5 fram- och baksida. Penna ing\u00e5r ej. &nbsp; &nbsp;\" \/>\n<meta property=\"og:url\" content=\"https:\/\/grontkontor.dk\/sv\/shop\/recycled-a5-anteckningsbok-i-kork\/\" \/>\n<meta property=\"og:site_name\" content=\"Gr\u00f8nt Kontor\" \/>\n<meta property=\"article:publisher\" content=\"https:\/\/www.facebook.com\/grontkontor.dk\/\" \/>\n<meta property=\"article:modified_time\" content=\"2024-02-27T08:32:37+00:00\" \/>\n<meta property=\"og:image\" content=\"https:\/\/grontkontor.dk\/wp-content\/uploads\/2022\/11\/Notepad-kork-ulinjeret-02.jpg\" \/>\n\t<meta property=\"og:image:width\" content=\"900\" \/>\n\t<meta property=\"og:image:height\" content=\"639\" \/>\n\t<meta property=\"og:image:type\" content=\"image\/jpeg\" \/>\n<meta name=\"twitter:card\" content=\"summary_large_image\" \/>\n<script type=\"application\/ld+json\" class=\"yoast-schema-graph\">{\"@context\":\"https:\/\/schema.org\",\"@graph\":[{\"@type\":\"WebPage\",\"@id\":\"https:\/\/grontkontor.dk\/sv\/shop\/recycled-a5-anteckningsbok-i-kork\/\",\"url\":\"https:\/\/grontkontor.dk\/sv\/shop\/recycled-a5-anteckningsbok-i-kork\/\",\"name\":\"A5 anteckningsbok i kork - Gr\u00f8nt Kontor\",\"isPartOf\":{\"@id\":\"https:\/\/grontkontor.dk\/#website\"},\"datePublished\":\"2023-09-22T22:05:04+00:00\",\"dateModified\":\"2024-02-27T08:32:37+00:00\",\"breadcrumb\":{\"@id\":\"https:\/\/grontkontor.dk\/sv\/shop\/recycled-a5-anteckningsbok-i-kork\/#breadcrumb\"},\"inLanguage\":\"sv-SE\",\"potentialAction\":[{\"@type\":\"ReadAction\",\"target\":[\"https:\/\/grontkontor.dk\/sv\/shop\/recycled-a5-anteckningsbok-i-kork\/\"]}]},{\"@type\":\"BreadcrumbList\",\"@id\":\"https:\/\/grontkontor.dk\/sv\/shop\/recycled-a5-anteckningsbok-i-kork\/#breadcrumb\",\"itemListElement\":[{\"@type\":\"ListItem\",\"position\":1,\"name\":\"Forside\",\"item\":\"https:\/\/grontkontor.dk\/\"},{\"@type\":\"ListItem\",\"position\":2,\"name\":\"Shop\",\"item\":\"https:\/\/grontkontor.dk\/sv\/shop\/\"},{\"@type\":\"ListItem\",\"position\":3,\"name\":\"Papir og blokke\",\"item\":\"https:\/\/grontkontor.dk\/produkt-kategori\/papir\/\"},{\"@type\":\"ListItem\",\"position\":4,\"name\":\"Notesb\u00f8ger\",\"item\":\"https:\/\/grontkontor.dk\/produkt-kategori\/papir\/notesboeger\/\"},{\"@type\":\"ListItem\",\"position\":5,\"name\":\"A5 anteckningsbok i kork\"}]},{\"@type\":\"WebSite\",\"@id\":\"https:\/\/grontkontor.dk\/#website\",\"url\":\"https:\/\/grontkontor.dk\/\",\"name\":\"Gr\u00f8nt Kontor\",\"description\":\"Milj\u00f8venlige produkter til kontor og erhverv med fokus p\u00e5 b\u00e6redygtighed, design og fair trade.\",\"publisher\":{\"@id\":\"https:\/\/grontkontor.dk\/#organization\"},\"potentialAction\":[{\"@type\":\"SearchAction\",\"target\":{\"@type\":\"EntryPoint\",\"urlTemplate\":\"https:\/\/grontkontor.dk\/?s={search_term_string}\"},\"query-input\":\"required name=search_term_string\"}],\"inLanguage\":\"sv-SE\"},{\"@type\":\"Organization\",\"@id\":\"https:\/\/grontkontor.dk\/#organization\",\"name\":\"Gr\u00f8nt Kontor\",\"url\":\"https:\/\/grontkontor.dk\/\",\"logo\":{\"@type\":\"ImageObject\",\"inLanguage\":\"sv-SE\",\"@id\":\"https:\/\/grontkontor.dk\/#\/schema\/logo\/image\/\",\"url\":\"https:\/\/grontkontor.dk\/wp-content\/uploads\/2014\/02\/Logo_groent_kontor_300x80.png\",\"contentUrl\":\"https:\/\/grontkontor.dk\/wp-content\/uploads\/2014\/02\/Logo_groent_kontor_300x80.png\",\"width\":300,\"height\":80,\"caption\":\"Gr\u00f8nt Kontor\"},\"image\":{\"@id\":\"https:\/\/grontkontor.dk\/#\/schema\/logo\/image\/\"},\"sameAs\":[\"https:\/\/www.facebook.com\/grontkontor.dk\/\"]}]}<\/script>\n<!-- \/ Yoast SEO Premium plugin. -->","yoast_head_json":{"title":"A5 anteckningsbok i kork - Gr\u00f8nt Kontor","robots":{"index":"index","follow":"follow","max-snippet":"max-snippet:-1","max-image-preview":"max-image-preview:large","max-video-preview":"max-video-preview:-1"},"canonical":"https:\/\/grontkontor.dk\/sv\/shop\/recycled-a5-anteckningsbok-i-kork\/","og_locale":"sv_SE","og_type":"article","og_title":"A5 anteckningsbok i kork","og_description":"Klimatv\u00e4nlig, robust och billig anteckningsbok i A5-format av kork. Anteckningsboken har 200 olinjerade sidor, pennh\u00e5llare och ett bokm\u00e4rke. En milj\u00f6v\u00e4nlig produkt, perfekt f\u00f6r m\u00f6ten och m\u00e4ssor. Anteckningsboken kan best\u00e4llas med eller utan tryck p\u00e5 fram- och baksida. Penna ing\u00e5r ej. &nbsp; &nbsp;","og_url":"https:\/\/grontkontor.dk\/sv\/shop\/recycled-a5-anteckningsbok-i-kork\/","og_site_name":"Gr\u00f8nt Kontor","article_publisher":"https:\/\/www.facebook.com\/grontkontor.dk\/","article_modified_time":"2024-02-27T08:32:37+00:00","og_image":[{"width":900,"height":639,"url":"https:\/\/grontkontor.dk\/wp-content\/uploads\/2022\/11\/Notepad-kork-ulinjeret-02.jpg","type":"image\/jpeg"}],"twitter_card":"summary_large_image","schema":{"@context":"https:\/\/schema.org","@graph":[{"@type":"WebPage","@id":"https:\/\/grontkontor.dk\/sv\/shop\/recycled-a5-anteckningsbok-i-kork\/","url":"https:\/\/grontkontor.dk\/sv\/shop\/recycled-a5-anteckningsbok-i-kork\/","name":"A5 anteckningsbok i kork - Gr\u00f8nt Kontor","isPartOf":{"@id":"https:\/\/grontkontor.dk\/#website"},"datePublished":"2023-09-22T22:05:04+00:00","dateModified":"2024-02-27T08:32:37+00:00","breadcrumb":{"@id":"https:\/\/grontkontor.dk\/sv\/shop\/recycled-a5-anteckningsbok-i-kork\/#breadcrumb"},"inLanguage":"sv-SE","potentialAction":[{"@type":"ReadAction","target":["https:\/\/grontkontor.dk\/sv\/shop\/recycled-a5-anteckningsbok-i-kork\/"]}]},{"@type":"BreadcrumbList","@id":"https:\/\/grontkontor.dk\/sv\/shop\/recycled-a5-anteckningsbok-i-kork\/#breadcrumb","itemListElement":[{"@type":"ListItem","position":1,"name":"Forside","item":"https:\/\/grontkontor.dk\/"},{"@type":"ListItem","position":2,"name":"Shop","item":"https:\/\/grontkontor.dk\/sv\/shop\/"},{"@type":"ListItem","position":3,"name":"Papir og blokke","item":"https:\/\/grontkontor.dk\/produkt-kategori\/papir\/"},{"@type":"ListItem","position":4,"name":"Notesb\u00f8ger","item":"https:\/\/grontkontor.dk\/produkt-kategori\/papir\/notesboeger\/"},{"@type":"ListItem","position":5,"name":"A5 anteckningsbok i kork"}]},{"@type":"WebSite","@id":"https:\/\/grontkontor.dk\/#website","url":"https:\/\/grontkontor.dk\/","name":"Gr\u00f8nt Kontor","description":"Milj\u00f8venlige produkter til kontor og erhverv med fokus p\u00e5 b\u00e6redygtighed, design og fair trade.","publisher":{"@id":"https:\/\/grontkontor.dk\/#organization"},"potentialAction":[{"@type":"SearchAction","target":{"@type":"EntryPoint","urlTemplate":"https:\/\/grontkontor.dk\/?s={search_term_string}"},"query-input":"required name=search_term_string"}],"inLanguage":"sv-SE"},{"@type":"Organization","@id":"https:\/\/grontkontor.dk\/#organization","name":"Gr\u00f8nt Kontor","url":"https:\/\/grontkontor.dk\/","logo":{"@type":"ImageObject","inLanguage":"sv-SE","@id":"https:\/\/grontkontor.dk\/#\/schema\/logo\/image\/","url":"https:\/\/grontkontor.dk\/wp-content\/uploads\/2014\/02\/Logo_groent_kontor_300x80.png","contentUrl":"https:\/\/grontkontor.dk\/wp-content\/uploads\/2014\/02\/Logo_groent_kontor_300x80.png","width":300,"height":80,"caption":"Gr\u00f8nt Kontor"},"image":{"@id":"https:\/\/grontkontor.dk\/#\/schema\/logo\/image\/"},"sameAs":["https:\/\/www.facebook.com\/grontkontor.dk\/"]}]}},"_links":{"self":[{"href":"https:\/\/grontkontor.dk\/sv\/wp-json\/wp\/v2\/product\/76843"}],"collection":[{"href":"https:\/\/grontkontor.dk\/sv\/wp-json\/wp\/v2\/product"}],"about":[{"href":"https:\/\/grontkontor.dk\/sv\/wp-json\/wp\/v2\/types\/product"}],"replies":[{"embeddable":true,"href":"https:\/\/grontkontor.dk\/sv\/wp-json\/wp\/v2\/comments?post=76843"}],"wp:featuredmedia":[{"embeddable":true,"href":"https:\/\/grontkontor.dk\/sv\/wp-json\/wp\/v2\/media\/39199"}],"wp:attachment":[{"href":"https:\/\/grontkontor.dk\/sv\/wp-json\/wp\/v2\/media?parent=76843"}],"wp:term":[{"taxonomy":"product_cat","embeddable":true,"href":"https:\/\/grontkontor.dk\/sv\/wp-json\/wp\/v2\/product_cat?post=76843"},{"taxonomy":"product_tag","embeddable":true,"href":"https:\/\/grontkontor.dk\/sv\/wp-json\/wp\/v2\/product_tag?post=76843"}],"curies":[{"name":"wp","href":"https:\/\/api.w.org\/{rel}","templated":true}]}}