{"id":76866,"date":"2023-09-22T13:56:37","date_gmt":"2023-09-22T22:05:24","guid":{"rendered":"https:\/\/grontkontor.dk\/produkt\/matlaada-i-rostfri-staal-bambus-och-kork\/"},"modified":"2024-02-27T09:11:02","modified_gmt":"2024-02-27T08:11:02","slug":"matlaada-i-rostfri-staal-bambus-och-kork","status":"publish","type":"product","link":"https:\/\/grontkontor.dk\/sv\/shop\/matlaada-i-rostfri-staal-bambus-och-kork\/","title":{"rendered":"Matl\u00e5da i rostfritt st\u00e5l, bambu och kork"},"content":{"rendered":"<p>Massiv och rustik matl\u00e5da i rostfritt st\u00e5l med bambulock, korkbotten och st\u00e5lbestick. Locket \u00e4r tillverkat av bambu med silikonf\u00f6rslutning. En klimat- och milj\u00f6v\u00e4nlig matl\u00e5da perfekt som f\u00f6retagspresent eller handout p\u00e5 m\u00e4ssor och event. Volym: 450 ml. Levereras i presentf\u00f6rpackning. M\u00e5tt: \u00f872\u00d7242 mm finns \u00e4ven i svart, bl\u00e5tt, vitt eller r\u00f6tt. St\u00e5l\/j\u00e4rn er en \u00e5teranv\u00e4ndbar och praktiskt taget obegr\u00e4nsad resurs som inte f\u00f6rorenar vid kassering. St\u00e5l kan \u00e5tervinnas i det o\u00e4ndliga, vilket sker i s\u00e5 stor utstr\u00e4ckning att absolut st\u00f6rsta delen av allt st\u00e5l p\u00e5 marknaden, i huvudsak, best\u00e5r av \u00e5tervunnen st\u00e5l.  Bambu \u00e4r biologiskt nedbrytbart och d\u00e4rf\u00f6r ett fantastiskt material n\u00e4r det kommer till h\u00e5llbarhet. Den har en extremt snabb \u00e5terv\u00e4xt efter sk\u00f6rd. Banbu fungerar, precis som andra naturprodukter, som ett CO2 dep\u00e5 under hela sin livsdid.  Kork \u00e4r ett mycket klimatv\u00e4nligt, bionedbrytbart och komposterbart naturmaterial, som kommer fr\u00e5n korkeken. Kork er en snabbt regenererende resurs som kan sk\u00f6rdas varje \u00e5r p\u00e5 samma tr\u00e4d.  &nbsp;<\/p>\n","protected":false},"excerpt":{"rendered":"<p>Massiv och rustik matl\u00e5da i rostfritt st\u00e5l med bambulock, korkbotten och st\u00e5lbestick. Locket \u00e4r tillverkat av bambu med silikonf\u00f6rslutning. En klimat- och milj\u00f6v\u00e4nlig matl\u00e5da perfekt som f\u00f6retagspresent eller handout p\u00e5 m\u00e4ssor och event. Volym: 450 ml. Levereras i presentf\u00f6rpackning. M\u00e5tt: \u00f872\u00d7242 mm finns \u00e4ven i svart, bl\u00e5tt, vitt eller r\u00f6tt. &nbsp;<\/p>\n","protected":false},"featured_media":39792,"comment_status":"closed","ping_status":"closed","template":"","meta":{"_acf_changed":false},"product_cat":[2107,2136,867,2233,1954,2394],"product_tag":[2430,2429],"class_list":{"0":"post-76866","1":"product","2":"type-product","3":"status-publish","4":"has-post-thumbnail","6":"product_cat-dummy-moq-1-sv","7":"product_cat-hotell-restaurang","8":"product_cat-miljovaenliga-foretagspresenter","9":"product_cat-mat-och-dryck","10":"product_cat-muggar-och-koppar","11":"product_cat-nyheter","12":"product_tag-lunchbox-sv","13":"product_tag-madkasse-sv","14":"pa_farve-blaa-sv","15":"pa_farve-roed-sv","16":"pa_farve-sort-sv","17":"pa_farve-hvid-sv","18":"tm-has-options","20":"first","21":"instock","22":"sale","23":"taxable","24":"shipping-taxable","25":"purchasable","26":"product-type-simple"},"acf":[],"yoast_head":"<!-- This site is optimized with the Yoast SEO Premium plugin v21.2 (Yoast SEO v21.2) - https:\/\/yoast.com\/wordpress\/plugins\/seo\/ -->\n<title>Matl\u00e5da i rostfritt st\u00e5l, bambu och kork - Gr\u00f8nt Kontor<\/title>\n<meta name=\"robots\" content=\"index, follow, max-snippet:-1, max-image-preview:large, max-video-preview:-1\" \/>\n<link rel=\"canonical\" href=\"https:\/\/grontkontor.dk\/sv\/shop\/matlaada-i-rostfri-staal-bambus-och-kork\/\" \/>\n<meta property=\"og:locale\" content=\"sv_SE\" \/>\n<meta property=\"og:type\" content=\"article\" \/>\n<meta property=\"og:title\" content=\"Matl\u00e5da i rostfritt st\u00e5l, bambu och kork\" \/>\n<meta property=\"og:description\" content=\"Massiv och rustik matl\u00e5da i rostfritt st\u00e5l med bambulock, korkbotten och st\u00e5lbestick. Locket \u00e4r tillverkat av bambu med silikonf\u00f6rslutning. En klimat- och milj\u00f6v\u00e4nlig matl\u00e5da perfekt som f\u00f6retagspresent eller handout p\u00e5 m\u00e4ssor och event. Volym: 450 ml. Levereras i presentf\u00f6rpackning. M\u00e5tt: \u00f872\u00d7242 mm finns \u00e4ven i svart, bl\u00e5tt, vitt eller r\u00f6tt. &nbsp;\" \/>\n<meta property=\"og:url\" content=\"https:\/\/grontkontor.dk\/sv\/shop\/matlaada-i-rostfri-staal-bambus-och-kork\/\" \/>\n<meta property=\"og:site_name\" content=\"Gr\u00f8nt Kontor\" \/>\n<meta property=\"article:publisher\" content=\"https:\/\/www.facebook.com\/grontkontor.dk\/\" \/>\n<meta property=\"article:modified_time\" content=\"2024-02-27T08:11:02+00:00\" \/>\n<meta property=\"og:image\" content=\"https:\/\/grontkontor.dk\/wp-content\/uploads\/2022\/11\/lunchbox-bambus-staal-01.jpg\" \/>\n\t<meta property=\"og:image:width\" content=\"900\" \/>\n\t<meta property=\"og:image:height\" content=\"639\" \/>\n\t<meta property=\"og:image:type\" content=\"image\/jpeg\" \/>\n<meta name=\"twitter:card\" content=\"summary_large_image\" \/>\n<script type=\"application\/ld+json\" class=\"yoast-schema-graph\">{\"@context\":\"https:\/\/schema.org\",\"@graph\":[{\"@type\":\"WebPage\",\"@id\":\"https:\/\/grontkontor.dk\/sv\/shop\/matlaada-i-rostfri-staal-bambus-och-kork\/\",\"url\":\"https:\/\/grontkontor.dk\/sv\/shop\/matlaada-i-rostfri-staal-bambus-och-kork\/\",\"name\":\"Matl\u00e5da i rostfritt st\u00e5l, bambu och kork - Gr\u00f8nt Kontor\",\"isPartOf\":{\"@id\":\"https:\/\/grontkontor.dk\/#website\"},\"datePublished\":\"2023-09-22T22:05:24+00:00\",\"dateModified\":\"2024-02-27T08:11:02+00:00\",\"breadcrumb\":{\"@id\":\"https:\/\/grontkontor.dk\/sv\/shop\/matlaada-i-rostfri-staal-bambus-och-kork\/#breadcrumb\"},\"inLanguage\":\"sv-SE\",\"potentialAction\":[{\"@type\":\"ReadAction\",\"target\":[\"https:\/\/grontkontor.dk\/sv\/shop\/matlaada-i-rostfri-staal-bambus-och-kork\/\"]}]},{\"@type\":\"BreadcrumbList\",\"@id\":\"https:\/\/grontkontor.dk\/sv\/shop\/matlaada-i-rostfri-staal-bambus-och-kork\/#breadcrumb\",\"itemListElement\":[{\"@type\":\"ListItem\",\"position\":1,\"name\":\"Forside\",\"item\":\"https:\/\/grontkontor.dk\/\"},{\"@type\":\"ListItem\",\"position\":2,\"name\":\"Shop\",\"item\":\"https:\/\/grontkontor.dk\/sv\/shop\/\"},{\"@type\":\"ListItem\",\"position\":3,\"name\":\"Mat och dryck\",\"item\":\"https:\/\/grontkontor.dk\/sv\/produkt-kategori\/mat-och-dryck\/\"},{\"@type\":\"ListItem\",\"position\":4,\"name\":\"Muggar och koppar\",\"item\":\"https:\/\/grontkontor.dk\/sv\/produkt-kategori\/mat-och-dryck\/muggar-och-koppar\/\"},{\"@type\":\"ListItem\",\"position\":5,\"name\":\"Matl\u00e5da i rostfritt st\u00e5l, bambu och kork\"}]},{\"@type\":\"WebSite\",\"@id\":\"https:\/\/grontkontor.dk\/#website\",\"url\":\"https:\/\/grontkontor.dk\/\",\"name\":\"Gr\u00f8nt Kontor\",\"description\":\"Milj\u00f8venlige produkter til kontor og erhverv med fokus p\u00e5 b\u00e6redygtighed, design og fair trade.\",\"publisher\":{\"@id\":\"https:\/\/grontkontor.dk\/#organization\"},\"potentialAction\":[{\"@type\":\"SearchAction\",\"target\":{\"@type\":\"EntryPoint\",\"urlTemplate\":\"https:\/\/grontkontor.dk\/?s={search_term_string}\"},\"query-input\":\"required name=search_term_string\"}],\"inLanguage\":\"sv-SE\"},{\"@type\":\"Organization\",\"@id\":\"https:\/\/grontkontor.dk\/#organization\",\"name\":\"Gr\u00f8nt Kontor\",\"url\":\"https:\/\/grontkontor.dk\/\",\"logo\":{\"@type\":\"ImageObject\",\"inLanguage\":\"sv-SE\",\"@id\":\"https:\/\/grontkontor.dk\/#\/schema\/logo\/image\/\",\"url\":\"https:\/\/grontkontor.dk\/wp-content\/uploads\/2014\/02\/Logo_groent_kontor_300x80.png\",\"contentUrl\":\"https:\/\/grontkontor.dk\/wp-content\/uploads\/2014\/02\/Logo_groent_kontor_300x80.png\",\"width\":300,\"height\":80,\"caption\":\"Gr\u00f8nt Kontor\"},\"image\":{\"@id\":\"https:\/\/grontkontor.dk\/#\/schema\/logo\/image\/\"},\"sameAs\":[\"https:\/\/www.facebook.com\/grontkontor.dk\/\"]}]}<\/script>\n<!-- \/ Yoast SEO Premium plugin. -->","yoast_head_json":{"title":"Matl\u00e5da i rostfritt st\u00e5l, bambu och kork - Gr\u00f8nt Kontor","robots":{"index":"index","follow":"follow","max-snippet":"max-snippet:-1","max-image-preview":"max-image-preview:large","max-video-preview":"max-video-preview:-1"},"canonical":"https:\/\/grontkontor.dk\/sv\/shop\/matlaada-i-rostfri-staal-bambus-och-kork\/","og_locale":"sv_SE","og_type":"article","og_title":"Matl\u00e5da i rostfritt st\u00e5l, bambu och kork","og_description":"Massiv och rustik matl\u00e5da i rostfritt st\u00e5l med bambulock, korkbotten och st\u00e5lbestick. Locket \u00e4r tillverkat av bambu med silikonf\u00f6rslutning. En klimat- och milj\u00f6v\u00e4nlig matl\u00e5da perfekt som f\u00f6retagspresent eller handout p\u00e5 m\u00e4ssor och event. Volym: 450 ml. Levereras i presentf\u00f6rpackning. M\u00e5tt: \u00f872\u00d7242 mm finns \u00e4ven i svart, bl\u00e5tt, vitt eller r\u00f6tt. &nbsp;","og_url":"https:\/\/grontkontor.dk\/sv\/shop\/matlaada-i-rostfri-staal-bambus-och-kork\/","og_site_name":"Gr\u00f8nt Kontor","article_publisher":"https:\/\/www.facebook.com\/grontkontor.dk\/","article_modified_time":"2024-02-27T08:11:02+00:00","og_image":[{"width":900,"height":639,"url":"https:\/\/grontkontor.dk\/wp-content\/uploads\/2022\/11\/lunchbox-bambus-staal-01.jpg","type":"image\/jpeg"}],"twitter_card":"summary_large_image","schema":{"@context":"https:\/\/schema.org","@graph":[{"@type":"WebPage","@id":"https:\/\/grontkontor.dk\/sv\/shop\/matlaada-i-rostfri-staal-bambus-och-kork\/","url":"https:\/\/grontkontor.dk\/sv\/shop\/matlaada-i-rostfri-staal-bambus-och-kork\/","name":"Matl\u00e5da i rostfritt st\u00e5l, bambu och kork - Gr\u00f8nt Kontor","isPartOf":{"@id":"https:\/\/grontkontor.dk\/#website"},"datePublished":"2023-09-22T22:05:24+00:00","dateModified":"2024-02-27T08:11:02+00:00","breadcrumb":{"@id":"https:\/\/grontkontor.dk\/sv\/shop\/matlaada-i-rostfri-staal-bambus-och-kork\/#breadcrumb"},"inLanguage":"sv-SE","potentialAction":[{"@type":"ReadAction","target":["https:\/\/grontkontor.dk\/sv\/shop\/matlaada-i-rostfri-staal-bambus-och-kork\/"]}]},{"@type":"BreadcrumbList","@id":"https:\/\/grontkontor.dk\/sv\/shop\/matlaada-i-rostfri-staal-bambus-och-kork\/#breadcrumb","itemListElement":[{"@type":"ListItem","position":1,"name":"Forside","item":"https:\/\/grontkontor.dk\/"},{"@type":"ListItem","position":2,"name":"Shop","item":"https:\/\/grontkontor.dk\/sv\/shop\/"},{"@type":"ListItem","position":3,"name":"Mat och dryck","item":"https:\/\/grontkontor.dk\/sv\/produkt-kategori\/mat-och-dryck\/"},{"@type":"ListItem","position":4,"name":"Muggar och koppar","item":"https:\/\/grontkontor.dk\/sv\/produkt-kategori\/mat-och-dryck\/muggar-och-koppar\/"},{"@type":"ListItem","position":5,"name":"Matl\u00e5da i rostfritt st\u00e5l, bambu och kork"}]},{"@type":"WebSite","@id":"https:\/\/grontkontor.dk\/#website","url":"https:\/\/grontkontor.dk\/","name":"Gr\u00f8nt Kontor","description":"Milj\u00f8venlige produkter til kontor og erhverv med fokus p\u00e5 b\u00e6redygtighed, design og fair trade.","publisher":{"@id":"https:\/\/grontkontor.dk\/#organization"},"potentialAction":[{"@type":"SearchAction","target":{"@type":"EntryPoint","urlTemplate":"https:\/\/grontkontor.dk\/?s={search_term_string}"},"query-input":"required name=search_term_string"}],"inLanguage":"sv-SE"},{"@type":"Organization","@id":"https:\/\/grontkontor.dk\/#organization","name":"Gr\u00f8nt Kontor","url":"https:\/\/grontkontor.dk\/","logo":{"@type":"ImageObject","inLanguage":"sv-SE","@id":"https:\/\/grontkontor.dk\/#\/schema\/logo\/image\/","url":"https:\/\/grontkontor.dk\/wp-content\/uploads\/2014\/02\/Logo_groent_kontor_300x80.png","contentUrl":"https:\/\/grontkontor.dk\/wp-content\/uploads\/2014\/02\/Logo_groent_kontor_300x80.png","width":300,"height":80,"caption":"Gr\u00f8nt Kontor"},"image":{"@id":"https:\/\/grontkontor.dk\/#\/schema\/logo\/image\/"},"sameAs":["https:\/\/www.facebook.com\/grontkontor.dk\/"]}]}},"_links":{"self":[{"href":"https:\/\/grontkontor.dk\/sv\/wp-json\/wp\/v2\/product\/76866"}],"collection":[{"href":"https:\/\/grontkontor.dk\/sv\/wp-json\/wp\/v2\/product"}],"about":[{"href":"https:\/\/grontkontor.dk\/sv\/wp-json\/wp\/v2\/types\/product"}],"replies":[{"embeddable":true,"href":"https:\/\/grontkontor.dk\/sv\/wp-json\/wp\/v2\/comments?post=76866"}],"wp:featuredmedia":[{"embeddable":true,"href":"https:\/\/grontkontor.dk\/sv\/wp-json\/wp\/v2\/media\/39792"}],"wp:attachment":[{"href":"https:\/\/grontkontor.dk\/sv\/wp-json\/wp\/v2\/media?parent=76866"}],"wp:term":[{"taxonomy":"product_cat","embeddable":true,"href":"https:\/\/grontkontor.dk\/sv\/wp-json\/wp\/v2\/product_cat?post=76866"},{"taxonomy":"product_tag","embeddable":true,"href":"https:\/\/grontkontor.dk\/sv\/wp-json\/wp\/v2\/product_tag?post=76866"}],"curies":[{"name":"wp","href":"https:\/\/api.w.org\/{rel}","templated":true}]}}