{"id":76906,"date":"2023-09-22T13:57:00","date_gmt":"2023-09-22T22:06:26","guid":{"rendered":"https:\/\/grontkontor.dk\/produkt\/drickflaska-i-glas-500-ml\/"},"modified":"2024-05-16T09:51:56","modified_gmt":"2024-05-16T07:51:56","slug":"dricksflaska-i-glas-500-ml","status":"publish","type":"product","link":"https:\/\/grontkontor.dk\/sv\/shop\/dricksflaska-i-glas-500-ml\/","title":{"rendered":"Dricksflaska i glas 500 ml"},"content":{"rendered":"<p>Vacker, klimatv\u00e4nlig och t\u00e5lig dricksflaska av glas med skruvkork av bambu + l\u00e4ckagering i silikon som s\u00e4kerst\u00e4ller en droppfri produkt. Finns i flera vackra duschade f\u00e4rger. En milj\u00f6v\u00e4nlig vattenflaska perfekt f\u00f6r f\u00f6retagspresenter eller giveaways p\u00e5 m\u00e4ssor och evenemang. Vi rekommenderar den genomskinliga flaskan, som till skillnad fr\u00e5n de f\u00e4rgade flaskorna \u00e4r obestruken och kan tv\u00e4ttas i maskin och mikrov\u00e5gsugn. Vi rekommenderar dock att du tv\u00e4ttar skruvkorken f\u00f6r hand.<\/p>\n<p>Inneh\u00e5ll: 500 ml.<\/p>\n<p>Flaskan \u00e4r godk\u00e4nt till kontakt med livsmedel och 100% BPA fritt.<\/p>\n<p>&nbsp;<\/p>\nGlas \u00e4r ett h\u00e5llbart \u00e5teranv\u00e4ndbart material, som \u00e4r framst\u00e4llt av sand eller \u00e5tervunnet glasavfall. Det g\u00e5r \u00e5t stora m\u00e4ngder energi b\u00e5de vid tillv\u00e4rkning och \u00e5tervinning, s\u00e5 graden av h\u00e5llbarhet \u00e4r beroende av energik\u00e4llan i tillv\u00e4rkningsprocessen. Glas f\u00f6rorenar inte vid bortskaffning. \n<p>&nbsp;<\/p>\nBambu \u00e4r ett fantastiskt material n\u00e4r det kommer till h\u00e5llbarhet. Den en av de mest snabbv\u00e4xande plantor i v\u00e4rlden, vilket betyder en snabb \u00e5terv\u00e4xt efter sk\u00f6rd. Bambu fungerar, precis som andra naturprodukter, som ett CO2 dep\u00e5 under hela sin livstid och odlas utan pesticider och konstg\u00f6dsel. \n<p>&nbsp;<\/p>\nDenna produkt anser vi vara n\u00e5got av det mest h\u00e5llbara i sin kategori. Om du k\u00e4nner till liknande produkter som du anser vara for mer h\u00e5llbara, vill vi g\u00e4rna h\u00f6ra fr\u00e5n dig. L\u00e4s mer om v\u00e5ra h\u00e5llbarhetskriterier <a target=\"_blank\"  href=\"https:\/\/grontkontor.dk\/sv\/om-haallbarhet\/\" class=\"light\" >her<\/a>\n\n<p>&nbsp;<\/p>\n<img loading=\"lazy\" decoding=\"async\" src=\"https:\/\/grontkontor.dk\/wp-content\/uploads\/2021\/02\/genbrug.jpg\" alt=\"Fremstillet af genbrugsmaterialer\" width=\"50\" height=\"50\" class=\"size-full wp-image-23031\" srcset=\"https:\/\/grontkontor.dk\/wp-content\/uploads\/2021\/02\/genbrug.jpg 199w, https:\/\/grontkontor.dk\/wp-content\/uploads\/2021\/02\/genbrug-100x100.jpg 100w\" sizes=\"(max-width: 50px) 100vw, 50px\" \/>\n","protected":false},"excerpt":{"rendered":"<p>Vacker, klimatv\u00e4nlig och t\u00e5lig dricksflaska av glas med skruvkork av bambu + l\u00e4ckagering i silikon som s\u00e4kerst\u00e4ller en droppfri produkt. Finns i flera vackra duschade f\u00e4rger. En milj\u00f6v\u00e4nlig vattenflaska perfekt f\u00f6r f\u00f6retagspresenter eller giveaways p\u00e5 m\u00e4ssor och evenemang. Vi rekommenderar den genomskinliga flaskan, som till skillnad fr\u00e5n de f\u00e4rgade flaskorna \u00e4r obestruken och kan tv\u00e4ttas [&hellip;]<\/p>\n","protected":false},"featured_media":41031,"comment_status":"closed","ping_status":"closed","template":"","meta":{"_acf_changed":false},"product_cat":[4399,2107,2233,2394,2003],"product_tag":[2960,2007,1898,1897,2961,4864],"class_list":{"0":"post-76906","1":"product","2":"type-product","3":"status-publish","4":"has-post-thumbnail","6":"product_cat-termoser-och-vattenflaskor","7":"product_cat-dummy-moq-1-sv","8":"product_cat-mat-och-dryck","9":"product_cat-nyheter","10":"product_cat-drikkedunke-og-termoflasker-sv","11":"product_tag-dricksflaskor","12":"product_tag-glasflaske-sv","13":"product_tag-vandflaske-sv","14":"product_tag-drikkedunk-sv","15":"product_tag-vattenflaskor","16":"product_tag-vattenkannor","17":"tm-has-options","19":"first","20":"instock","21":"sale","22":"taxable","23":"shipping-taxable","24":"purchasable","25":"product-type-variable","26":"has-default-attributes"},"acf":[],"yoast_head":"<!-- This site is optimized with the Yoast SEO Premium plugin v21.2 (Yoast SEO v21.2) - https:\/\/yoast.com\/wordpress\/plugins\/seo\/ -->\n<title>Dricksflaska i glas 500 ml - Gr\u00f8nt Kontor<\/title>\n<meta name=\"robots\" content=\"index, follow, max-snippet:-1, max-image-preview:large, max-video-preview:-1\" \/>\n<link rel=\"canonical\" href=\"https:\/\/grontkontor.dk\/shop\/drikkedunk-i-glas-500-ml\/\" \/>\n<meta property=\"og:locale\" content=\"sv_SE\" \/>\n<meta property=\"og:type\" content=\"article\" \/>\n<meta property=\"og:title\" content=\"Dricksflaska i glas 500 ml\" \/>\n<meta property=\"og:description\" content=\"Vacker, klimatv\u00e4nlig och t\u00e5lig dricksflaska av glas med skruvkork av bambu + l\u00e4ckagering i silikon som s\u00e4kerst\u00e4ller en droppfri produkt. Finns i flera vackra duschade f\u00e4rger. En milj\u00f6v\u00e4nlig vattenflaska perfekt f\u00f6r f\u00f6retagspresenter eller giveaways p\u00e5 m\u00e4ssor och evenemang. Vi rekommenderar den genomskinliga flaskan, som till skillnad fr\u00e5n de f\u00e4rgade flaskorna \u00e4r obestruken och kan tv\u00e4ttas [&hellip;]\" \/>\n<meta property=\"og:url\" content=\"https:\/\/grontkontor.dk\/shop\/drikkedunk-i-glas-500-ml\/\" \/>\n<meta property=\"og:site_name\" content=\"Gr\u00f8nt Kontor\" \/>\n<meta property=\"article:publisher\" content=\"https:\/\/www.facebook.com\/grontkontor.dk\/\" \/>\n<meta property=\"article:modified_time\" content=\"2024-05-16T07:51:56+00:00\" \/>\n<meta property=\"og:image\" content=\"https:\/\/grontkontor.dk\/wp-content\/uploads\/2023\/02\/Klimavenlig-Glasflaske-04.jpg\" \/>\n\t<meta property=\"og:image:width\" content=\"1030\" \/>\n\t<meta property=\"og:image:height\" content=\"731\" \/>\n\t<meta property=\"og:image:type\" content=\"image\/jpeg\" \/>\n<meta name=\"twitter:card\" content=\"summary_large_image\" \/>\n<script type=\"application\/ld+json\" class=\"yoast-schema-graph\">{\"@context\":\"https:\/\/schema.org\",\"@graph\":[{\"@type\":\"WebPage\",\"@id\":\"https:\/\/grontkontor.dk\/shop\/drikkedunk-i-glas-500-ml\/\",\"url\":\"https:\/\/grontkontor.dk\/shop\/drikkedunk-i-glas-500-ml\/\",\"name\":\"Dricksflaska i glas 500 ml - Gr\u00f8nt Kontor\",\"isPartOf\":{\"@id\":\"https:\/\/grontkontor.dk\/#website\"},\"datePublished\":\"2023-09-22T22:06:26+00:00\",\"dateModified\":\"2024-05-16T07:51:56+00:00\",\"breadcrumb\":{\"@id\":\"https:\/\/grontkontor.dk\/shop\/drikkedunk-i-glas-500-ml\/#breadcrumb\"},\"inLanguage\":\"sv-SE\",\"potentialAction\":[{\"@type\":\"ReadAction\",\"target\":[\"https:\/\/grontkontor.dk\/shop\/drikkedunk-i-glas-500-ml\/\"]}]},{\"@type\":\"BreadcrumbList\",\"@id\":\"https:\/\/grontkontor.dk\/shop\/drikkedunk-i-glas-500-ml\/#breadcrumb\",\"itemListElement\":[{\"@type\":\"ListItem\",\"position\":1,\"name\":\"Forside\",\"item\":\"https:\/\/grontkontor.dk\/\"},{\"@type\":\"ListItem\",\"position\":2,\"name\":\"Shop\",\"item\":\"https:\/\/grontkontor.dk\/sv\/shop\/\"},{\"@type\":\"ListItem\",\"position\":3,\"name\":\"Klimatsmarta f\u00f6retagspresenter\",\"item\":\"https:\/\/grontkontor.dk\/sv\/produkt-kategori\/miljovaenliga-foretagspresenter\/\"},{\"@type\":\"ListItem\",\"position\":4,\"name\":\"Termoser och vattenflaskor\",\"item\":\"https:\/\/grontkontor.dk\/sv\/produkt-kategori\/miljovaenliga-foretagspresenter\/termoser-och-vattenflaskor\/\"},{\"@type\":\"ListItem\",\"position\":5,\"name\":\"Dricksflaska i glas 500 ml\"}]},{\"@type\":\"WebSite\",\"@id\":\"https:\/\/grontkontor.dk\/#website\",\"url\":\"https:\/\/grontkontor.dk\/\",\"name\":\"Gr\u00f8nt Kontor\",\"description\":\"Milj\u00f8venlige produkter til kontor og erhverv med fokus p\u00e5 b\u00e6redygtighed, design og fair trade.\",\"publisher\":{\"@id\":\"https:\/\/grontkontor.dk\/#organization\"},\"potentialAction\":[{\"@type\":\"SearchAction\",\"target\":{\"@type\":\"EntryPoint\",\"urlTemplate\":\"https:\/\/grontkontor.dk\/?s={search_term_string}\"},\"query-input\":\"required name=search_term_string\"}],\"inLanguage\":\"sv-SE\"},{\"@type\":\"Organization\",\"@id\":\"https:\/\/grontkontor.dk\/#organization\",\"name\":\"Gr\u00f8nt Kontor\",\"url\":\"https:\/\/grontkontor.dk\/\",\"logo\":{\"@type\":\"ImageObject\",\"inLanguage\":\"sv-SE\",\"@id\":\"https:\/\/grontkontor.dk\/#\/schema\/logo\/image\/\",\"url\":\"https:\/\/grontkontor.dk\/wp-content\/uploads\/2014\/02\/Logo_groent_kontor_300x80.png\",\"contentUrl\":\"https:\/\/grontkontor.dk\/wp-content\/uploads\/2014\/02\/Logo_groent_kontor_300x80.png\",\"width\":300,\"height\":80,\"caption\":\"Gr\u00f8nt Kontor\"},\"image\":{\"@id\":\"https:\/\/grontkontor.dk\/#\/schema\/logo\/image\/\"},\"sameAs\":[\"https:\/\/www.facebook.com\/grontkontor.dk\/\"]}]}<\/script>\n<!-- \/ Yoast SEO Premium plugin. -->","yoast_head_json":{"title":"Dricksflaska i glas 500 ml - Gr\u00f8nt Kontor","robots":{"index":"index","follow":"follow","max-snippet":"max-snippet:-1","max-image-preview":"max-image-preview:large","max-video-preview":"max-video-preview:-1"},"canonical":"https:\/\/grontkontor.dk\/shop\/drikkedunk-i-glas-500-ml\/","og_locale":"sv_SE","og_type":"article","og_title":"Dricksflaska i glas 500 ml","og_description":"Vacker, klimatv\u00e4nlig och t\u00e5lig dricksflaska av glas med skruvkork av bambu + l\u00e4ckagering i silikon som s\u00e4kerst\u00e4ller en droppfri produkt. Finns i flera vackra duschade f\u00e4rger. En milj\u00f6v\u00e4nlig vattenflaska perfekt f\u00f6r f\u00f6retagspresenter eller giveaways p\u00e5 m\u00e4ssor och evenemang. Vi rekommenderar den genomskinliga flaskan, som till skillnad fr\u00e5n de f\u00e4rgade flaskorna \u00e4r obestruken och kan tv\u00e4ttas [&hellip;]","og_url":"https:\/\/grontkontor.dk\/shop\/drikkedunk-i-glas-500-ml\/","og_site_name":"Gr\u00f8nt Kontor","article_publisher":"https:\/\/www.facebook.com\/grontkontor.dk\/","article_modified_time":"2024-05-16T07:51:56+00:00","og_image":[{"width":1030,"height":731,"url":"https:\/\/grontkontor.dk\/wp-content\/uploads\/2023\/02\/Klimavenlig-Glasflaske-04.jpg","type":"image\/jpeg"}],"twitter_card":"summary_large_image","schema":{"@context":"https:\/\/schema.org","@graph":[{"@type":"WebPage","@id":"https:\/\/grontkontor.dk\/shop\/drikkedunk-i-glas-500-ml\/","url":"https:\/\/grontkontor.dk\/shop\/drikkedunk-i-glas-500-ml\/","name":"Dricksflaska i glas 500 ml - Gr\u00f8nt Kontor","isPartOf":{"@id":"https:\/\/grontkontor.dk\/#website"},"datePublished":"2023-09-22T22:06:26+00:00","dateModified":"2024-05-16T07:51:56+00:00","breadcrumb":{"@id":"https:\/\/grontkontor.dk\/shop\/drikkedunk-i-glas-500-ml\/#breadcrumb"},"inLanguage":"sv-SE","potentialAction":[{"@type":"ReadAction","target":["https:\/\/grontkontor.dk\/shop\/drikkedunk-i-glas-500-ml\/"]}]},{"@type":"BreadcrumbList","@id":"https:\/\/grontkontor.dk\/shop\/drikkedunk-i-glas-500-ml\/#breadcrumb","itemListElement":[{"@type":"ListItem","position":1,"name":"Forside","item":"https:\/\/grontkontor.dk\/"},{"@type":"ListItem","position":2,"name":"Shop","item":"https:\/\/grontkontor.dk\/sv\/shop\/"},{"@type":"ListItem","position":3,"name":"Klimatsmarta f\u00f6retagspresenter","item":"https:\/\/grontkontor.dk\/sv\/produkt-kategori\/miljovaenliga-foretagspresenter\/"},{"@type":"ListItem","position":4,"name":"Termoser och vattenflaskor","item":"https:\/\/grontkontor.dk\/sv\/produkt-kategori\/miljovaenliga-foretagspresenter\/termoser-och-vattenflaskor\/"},{"@type":"ListItem","position":5,"name":"Dricksflaska i glas 500 ml"}]},{"@type":"WebSite","@id":"https:\/\/grontkontor.dk\/#website","url":"https:\/\/grontkontor.dk\/","name":"Gr\u00f8nt Kontor","description":"Milj\u00f8venlige produkter til kontor og erhverv med fokus p\u00e5 b\u00e6redygtighed, design og fair trade.","publisher":{"@id":"https:\/\/grontkontor.dk\/#organization"},"potentialAction":[{"@type":"SearchAction","target":{"@type":"EntryPoint","urlTemplate":"https:\/\/grontkontor.dk\/?s={search_term_string}"},"query-input":"required name=search_term_string"}],"inLanguage":"sv-SE"},{"@type":"Organization","@id":"https:\/\/grontkontor.dk\/#organization","name":"Gr\u00f8nt Kontor","url":"https:\/\/grontkontor.dk\/","logo":{"@type":"ImageObject","inLanguage":"sv-SE","@id":"https:\/\/grontkontor.dk\/#\/schema\/logo\/image\/","url":"https:\/\/grontkontor.dk\/wp-content\/uploads\/2014\/02\/Logo_groent_kontor_300x80.png","contentUrl":"https:\/\/grontkontor.dk\/wp-content\/uploads\/2014\/02\/Logo_groent_kontor_300x80.png","width":300,"height":80,"caption":"Gr\u00f8nt Kontor"},"image":{"@id":"https:\/\/grontkontor.dk\/#\/schema\/logo\/image\/"},"sameAs":["https:\/\/www.facebook.com\/grontkontor.dk\/"]}]}},"_links":{"self":[{"href":"https:\/\/grontkontor.dk\/sv\/wp-json\/wp\/v2\/product\/76906"}],"collection":[{"href":"https:\/\/grontkontor.dk\/sv\/wp-json\/wp\/v2\/product"}],"about":[{"href":"https:\/\/grontkontor.dk\/sv\/wp-json\/wp\/v2\/types\/product"}],"replies":[{"embeddable":true,"href":"https:\/\/grontkontor.dk\/sv\/wp-json\/wp\/v2\/comments?post=76906"}],"wp:featuredmedia":[{"embeddable":true,"href":"https:\/\/grontkontor.dk\/sv\/wp-json\/wp\/v2\/media\/41031"}],"wp:attachment":[{"href":"https:\/\/grontkontor.dk\/sv\/wp-json\/wp\/v2\/media?parent=76906"}],"wp:term":[{"taxonomy":"product_cat","embeddable":true,"href":"https:\/\/grontkontor.dk\/sv\/wp-json\/wp\/v2\/product_cat?post=76906"},{"taxonomy":"product_tag","embeddable":true,"href":"https:\/\/grontkontor.dk\/sv\/wp-json\/wp\/v2\/product_tag?post=76906"}],"curies":[{"name":"wp","href":"https:\/\/api.w.org\/{rel}","templated":true}]}}