{"id":77079,"date":"2023-09-22T13:59:36","date_gmt":"2023-09-22T22:12:28","guid":{"rendered":"https:\/\/grontkontor.dk\/produkt\/hoerlurar-i-aatervinningsmaterial\/"},"modified":"2024-05-16T09:51:57","modified_gmt":"2024-05-16T07:51:57","slug":"horlurar-i-atervunnet-material","status":"publish","type":"product","link":"https:\/\/grontkontor.dk\/sv\/shop\/horlurar-i-atervunnet-material\/","title":{"rendered":"H\u00f6rlurar \u00e5tervunnet l\u00e4der"},"content":{"rendered":"<p>Lyxigt bluetooth-head-set tillverkat i klimatv\u00e4nliga RABS (Recycled ABS). H\u00f6rlurarna kommer i ett laddningsfodral i RABS-material och \u00e5tervunnet l\u00e4der, och inkluderar en laddningskabel av typ C. St\u00f6der Bluetooth 5.1.<br \/>\nBra f\u00f6r f\u00f6retags- eller personalpresenter.<\/p>\n<p>Produkten f\u00f6rpackas individuellt i kartonger.<\/p>\n<p>&nbsp;<\/p>\n<img loading=\"lazy\" decoding=\"async\" src=\"https:\/\/grontkontor.dk\/wp-content\/uploads\/2021\/02\/genbrug.jpg\" alt=\"Fremstillet af genbrugsmaterialer\" width=\"50\" height=\"50\" class=\"size-full wp-image-23031\" srcset=\"https:\/\/grontkontor.dk\/wp-content\/uploads\/2021\/02\/genbrug.jpg 199w, https:\/\/grontkontor.dk\/wp-content\/uploads\/2021\/02\/genbrug-100x100.jpg 100w\" sizes=\"(max-width: 50px) 100vw, 50px\" \/>\n<p>&nbsp;<\/p>\n","protected":false},"excerpt":{"rendered":"<p>Lyxigt bluetooth-head-set tillverkat i klimatv\u00e4nliga RABS (Recycled ABS). H\u00f6rlurarna kommer i ett laddningsfodral i RABS-material och \u00e5tervunnet l\u00e4der, och inkluderar en laddningskabel av typ C. St\u00f6der Bluetooth 5.1. Bra f\u00f6r f\u00f6retags- eller personalpresenter. Produkten f\u00f6rpackas individuellt i kartonger. &nbsp; &nbsp;<\/p>\n","protected":false},"featured_media":42247,"comment_status":"closed","ping_status":"closed","template":"","meta":{"_acf_changed":false},"product_cat":[4407,2107,2071,2394,3143],"product_tag":[2407,2111,2406],"class_list":{"0":"post-77079","1":"product","2":"type-product","3":"status-publish","4":"has-post-thumbnail","6":"product_cat-elektronik-och-gadgets-sv","7":"product_cat-dummy-moq-1-sv","8":"product_cat-elektronik-och-gadgets","9":"product_cat-nyheter","10":"product_cat-sport-och-fritid","11":"product_tag-bluetooth-sv","12":"product_tag-elektronik-sv","13":"product_tag-hoeretelefon-sv","14":"tm-has-options","16":"first","17":"instock","18":"sale","19":"taxable","20":"shipping-taxable","21":"purchasable","22":"product-type-simple"},"acf":[],"yoast_head":"<!-- This site is optimized with the Yoast SEO Premium plugin v21.2 (Yoast SEO v21.2) - https:\/\/yoast.com\/wordpress\/plugins\/seo\/ -->\n<title>H\u00f6rlurar \u00e5tervunnet l\u00e4der - Gr\u00f8nt Kontor<\/title>\n<meta name=\"robots\" content=\"index, follow, max-snippet:-1, max-image-preview:large, max-video-preview:-1\" \/>\n<link rel=\"canonical\" href=\"https:\/\/grontkontor.dk\/sv\/shop\/horlurar-i-atervunnet-material\/\" \/>\n<meta property=\"og:locale\" content=\"sv_SE\" \/>\n<meta property=\"og:type\" content=\"article\" \/>\n<meta property=\"og:title\" content=\"H\u00f6rlurar \u00e5tervunnet l\u00e4der\" \/>\n<meta property=\"og:description\" content=\"Lyxigt bluetooth-head-set tillverkat i klimatv\u00e4nliga RABS (Recycled ABS). H\u00f6rlurarna kommer i ett laddningsfodral i RABS-material och \u00e5tervunnet l\u00e4der, och inkluderar en laddningskabel av typ C. St\u00f6der Bluetooth 5.1. Bra f\u00f6r f\u00f6retags- eller personalpresenter. Produkten f\u00f6rpackas individuellt i kartonger. &nbsp; &nbsp;\" \/>\n<meta property=\"og:url\" content=\"https:\/\/grontkontor.dk\/sv\/shop\/horlurar-i-atervunnet-material\/\" \/>\n<meta property=\"og:site_name\" content=\"Gr\u00f8nt Kontor\" \/>\n<meta property=\"article:publisher\" content=\"https:\/\/www.facebook.com\/grontkontor.dk\/\" \/>\n<meta property=\"article:modified_time\" content=\"2024-05-16T07:51:57+00:00\" \/>\n<meta property=\"og:image\" content=\"https:\/\/grontkontor.dk\/wp-content\/uploads\/2023\/03\/Hoeretelefoner-genbrugsplast.jpg\" \/>\n\t<meta property=\"og:image:width\" content=\"900\" \/>\n\t<meta property=\"og:image:height\" content=\"639\" \/>\n\t<meta property=\"og:image:type\" content=\"image\/jpeg\" \/>\n<meta name=\"twitter:card\" content=\"summary_large_image\" \/>\n<script type=\"application\/ld+json\" class=\"yoast-schema-graph\">{\"@context\":\"https:\/\/schema.org\",\"@graph\":[{\"@type\":\"WebPage\",\"@id\":\"https:\/\/grontkontor.dk\/sv\/shop\/horlurar-i-atervunnet-material\/\",\"url\":\"https:\/\/grontkontor.dk\/sv\/shop\/horlurar-i-atervunnet-material\/\",\"name\":\"H\u00f6rlurar \u00e5tervunnet l\u00e4der - Gr\u00f8nt Kontor\",\"isPartOf\":{\"@id\":\"https:\/\/grontkontor.dk\/#website\"},\"datePublished\":\"2023-09-22T22:12:28+00:00\",\"dateModified\":\"2024-05-16T07:51:57+00:00\",\"breadcrumb\":{\"@id\":\"https:\/\/grontkontor.dk\/sv\/shop\/horlurar-i-atervunnet-material\/#breadcrumb\"},\"inLanguage\":\"sv-SE\",\"potentialAction\":[{\"@type\":\"ReadAction\",\"target\":[\"https:\/\/grontkontor.dk\/sv\/shop\/horlurar-i-atervunnet-material\/\"]}]},{\"@type\":\"BreadcrumbList\",\"@id\":\"https:\/\/grontkontor.dk\/sv\/shop\/horlurar-i-atervunnet-material\/#breadcrumb\",\"itemListElement\":[{\"@type\":\"ListItem\",\"position\":1,\"name\":\"Forside\",\"item\":\"https:\/\/grontkontor.dk\/\"},{\"@type\":\"ListItem\",\"position\":2,\"name\":\"Shop\",\"item\":\"https:\/\/grontkontor.dk\/sv\/shop\/\"},{\"@type\":\"ListItem\",\"position\":3,\"name\":\"Elektronik og gadgets\",\"item\":\"https:\/\/grontkontor.dk\/produkt-kategori\/elektronik-og-gadgets\/\"},{\"@type\":\"ListItem\",\"position\":4,\"name\":\"H\u00f6rlurar \u00e5tervunnet l\u00e4der\"}]},{\"@type\":\"WebSite\",\"@id\":\"https:\/\/grontkontor.dk\/#website\",\"url\":\"https:\/\/grontkontor.dk\/\",\"name\":\"Gr\u00f8nt Kontor\",\"description\":\"Milj\u00f8venlige produkter til kontor og erhverv med fokus p\u00e5 b\u00e6redygtighed, design og fair trade.\",\"publisher\":{\"@id\":\"https:\/\/grontkontor.dk\/#organization\"},\"potentialAction\":[{\"@type\":\"SearchAction\",\"target\":{\"@type\":\"EntryPoint\",\"urlTemplate\":\"https:\/\/grontkontor.dk\/?s={search_term_string}\"},\"query-input\":\"required name=search_term_string\"}],\"inLanguage\":\"sv-SE\"},{\"@type\":\"Organization\",\"@id\":\"https:\/\/grontkontor.dk\/#organization\",\"name\":\"Gr\u00f8nt Kontor\",\"url\":\"https:\/\/grontkontor.dk\/\",\"logo\":{\"@type\":\"ImageObject\",\"inLanguage\":\"sv-SE\",\"@id\":\"https:\/\/grontkontor.dk\/#\/schema\/logo\/image\/\",\"url\":\"https:\/\/grontkontor.dk\/wp-content\/uploads\/2014\/02\/Logo_groent_kontor_300x80.png\",\"contentUrl\":\"https:\/\/grontkontor.dk\/wp-content\/uploads\/2014\/02\/Logo_groent_kontor_300x80.png\",\"width\":300,\"height\":80,\"caption\":\"Gr\u00f8nt Kontor\"},\"image\":{\"@id\":\"https:\/\/grontkontor.dk\/#\/schema\/logo\/image\/\"},\"sameAs\":[\"https:\/\/www.facebook.com\/grontkontor.dk\/\"]}]}<\/script>\n<!-- \/ Yoast SEO Premium plugin. -->","yoast_head_json":{"title":"H\u00f6rlurar \u00e5tervunnet l\u00e4der - Gr\u00f8nt Kontor","robots":{"index":"index","follow":"follow","max-snippet":"max-snippet:-1","max-image-preview":"max-image-preview:large","max-video-preview":"max-video-preview:-1"},"canonical":"https:\/\/grontkontor.dk\/sv\/shop\/horlurar-i-atervunnet-material\/","og_locale":"sv_SE","og_type":"article","og_title":"H\u00f6rlurar \u00e5tervunnet l\u00e4der","og_description":"Lyxigt bluetooth-head-set tillverkat i klimatv\u00e4nliga RABS (Recycled ABS). H\u00f6rlurarna kommer i ett laddningsfodral i RABS-material och \u00e5tervunnet l\u00e4der, och inkluderar en laddningskabel av typ C. St\u00f6der Bluetooth 5.1. Bra f\u00f6r f\u00f6retags- eller personalpresenter. Produkten f\u00f6rpackas individuellt i kartonger. &nbsp; &nbsp;","og_url":"https:\/\/grontkontor.dk\/sv\/shop\/horlurar-i-atervunnet-material\/","og_site_name":"Gr\u00f8nt Kontor","article_publisher":"https:\/\/www.facebook.com\/grontkontor.dk\/","article_modified_time":"2024-05-16T07:51:57+00:00","og_image":[{"width":900,"height":639,"url":"https:\/\/grontkontor.dk\/wp-content\/uploads\/2023\/03\/Hoeretelefoner-genbrugsplast.jpg","type":"image\/jpeg"}],"twitter_card":"summary_large_image","schema":{"@context":"https:\/\/schema.org","@graph":[{"@type":"WebPage","@id":"https:\/\/grontkontor.dk\/sv\/shop\/horlurar-i-atervunnet-material\/","url":"https:\/\/grontkontor.dk\/sv\/shop\/horlurar-i-atervunnet-material\/","name":"H\u00f6rlurar \u00e5tervunnet l\u00e4der - Gr\u00f8nt Kontor","isPartOf":{"@id":"https:\/\/grontkontor.dk\/#website"},"datePublished":"2023-09-22T22:12:28+00:00","dateModified":"2024-05-16T07:51:57+00:00","breadcrumb":{"@id":"https:\/\/grontkontor.dk\/sv\/shop\/horlurar-i-atervunnet-material\/#breadcrumb"},"inLanguage":"sv-SE","potentialAction":[{"@type":"ReadAction","target":["https:\/\/grontkontor.dk\/sv\/shop\/horlurar-i-atervunnet-material\/"]}]},{"@type":"BreadcrumbList","@id":"https:\/\/grontkontor.dk\/sv\/shop\/horlurar-i-atervunnet-material\/#breadcrumb","itemListElement":[{"@type":"ListItem","position":1,"name":"Forside","item":"https:\/\/grontkontor.dk\/"},{"@type":"ListItem","position":2,"name":"Shop","item":"https:\/\/grontkontor.dk\/sv\/shop\/"},{"@type":"ListItem","position":3,"name":"Elektronik og gadgets","item":"https:\/\/grontkontor.dk\/produkt-kategori\/elektronik-og-gadgets\/"},{"@type":"ListItem","position":4,"name":"H\u00f6rlurar \u00e5tervunnet l\u00e4der"}]},{"@type":"WebSite","@id":"https:\/\/grontkontor.dk\/#website","url":"https:\/\/grontkontor.dk\/","name":"Gr\u00f8nt Kontor","description":"Milj\u00f8venlige produkter til kontor og erhverv med fokus p\u00e5 b\u00e6redygtighed, design og fair trade.","publisher":{"@id":"https:\/\/grontkontor.dk\/#organization"},"potentialAction":[{"@type":"SearchAction","target":{"@type":"EntryPoint","urlTemplate":"https:\/\/grontkontor.dk\/?s={search_term_string}"},"query-input":"required name=search_term_string"}],"inLanguage":"sv-SE"},{"@type":"Organization","@id":"https:\/\/grontkontor.dk\/#organization","name":"Gr\u00f8nt Kontor","url":"https:\/\/grontkontor.dk\/","logo":{"@type":"ImageObject","inLanguage":"sv-SE","@id":"https:\/\/grontkontor.dk\/#\/schema\/logo\/image\/","url":"https:\/\/grontkontor.dk\/wp-content\/uploads\/2014\/02\/Logo_groent_kontor_300x80.png","contentUrl":"https:\/\/grontkontor.dk\/wp-content\/uploads\/2014\/02\/Logo_groent_kontor_300x80.png","width":300,"height":80,"caption":"Gr\u00f8nt Kontor"},"image":{"@id":"https:\/\/grontkontor.dk\/#\/schema\/logo\/image\/"},"sameAs":["https:\/\/www.facebook.com\/grontkontor.dk\/"]}]}},"_links":{"self":[{"href":"https:\/\/grontkontor.dk\/sv\/wp-json\/wp\/v2\/product\/77079"}],"collection":[{"href":"https:\/\/grontkontor.dk\/sv\/wp-json\/wp\/v2\/product"}],"about":[{"href":"https:\/\/grontkontor.dk\/sv\/wp-json\/wp\/v2\/types\/product"}],"replies":[{"embeddable":true,"href":"https:\/\/grontkontor.dk\/sv\/wp-json\/wp\/v2\/comments?post=77079"}],"wp:featuredmedia":[{"embeddable":true,"href":"https:\/\/grontkontor.dk\/sv\/wp-json\/wp\/v2\/media\/42247"}],"wp:attachment":[{"href":"https:\/\/grontkontor.dk\/sv\/wp-json\/wp\/v2\/media?parent=77079"}],"wp:term":[{"taxonomy":"product_cat","embeddable":true,"href":"https:\/\/grontkontor.dk\/sv\/wp-json\/wp\/v2\/product_cat?post=77079"},{"taxonomy":"product_tag","embeddable":true,"href":"https:\/\/grontkontor.dk\/sv\/wp-json\/wp\/v2\/product_tag?post=77079"}],"curies":[{"name":"wp","href":"https:\/\/api.w.org\/{rel}","templated":true}]}}