{"id":77087,"date":"2023-09-22T14:00:03","date_gmt":"2023-09-22T22:12:28","guid":{"rendered":"https:\/\/grontkontor.dk\/produkt\/kanna-bioplast-2-l-m-u-tryck\/"},"modified":"2024-05-29T12:22:33","modified_gmt":"2024-05-29T10:22:33","slug":"kanna-bioplast-2-l-m-u-utskrift","status":"publish","type":"product","link":"https:\/\/grontkontor.dk\/sv\/shop\/kanna-bioplast-2-l-m-u-utskrift\/","title":{"rendered":"Kanna av bioplast 2 L med\/utan tryck"},"content":{"rendered":"<p>Klimatv\u00e4nlig, splitterfri och \u00e5teranv\u00e4ndbar kylsk\u00e5pskanna tillverkad av sockerr\u00f6rsbaserad bioplast. Med mer \u00e4n 80 % minskat CO2-avtryck j\u00e4mf\u00f6rt med liknande produkter i konventionell plast.<\/p>\n<p>Kannan \u00e4r b\u00e5de l\u00e4tt och robust, och \u00e4r mycket l\u00e4mplig f\u00f6r utomhusbruk, camping, camping eller som en \u00e5teranv\u00e4ndbar festivalkanna.<\/p>\n<p>Till skillnad fr\u00e5n vanlig bioplast \u00e4r kannan b\u00e5de \u00e5tervinningsbar och l\u00e4mplig f\u00f6r diskmaskin, frys och mikrov\u00e5gsugn och t\u00e5l temperaturer fr\u00e5n -40\u00b0C till +100\u00b0C. Mycket bra f\u00f6r anv\u00e4ndning i stork\u00f6k eller matsalar.<\/p>\n<p>Inneh\u00e5ll: 2000 ml.<\/p>\n<p>Kannan \u00e4r godk\u00e4nt till kontakt med livsmedel och 100% BPA fritt<\/p>\n<p>Kannan \u00e4r tillverkad i EU och kan levereras med logotryck eller gravyr.<\/p>\n<p>&nbsp;<\/p>\n<img loading=\"lazy\" decoding=\"async\" class=\"size-medium wp-image-21008\" src=\"https:\/\/grontkontor.dk\/wp-content\/uploads\/2020\/11\/eu-flag_1-300x199.jpg\" alt=\"Fremstillet i EU\" width=\"76\" height=\"50\" srcset=\"https:\/\/grontkontor.dk\/wp-content\/uploads\/2020\/11\/eu-flag_1-300x199.jpg 300w, https:\/\/grontkontor.dk\/wp-content\/uploads\/2020\/11\/eu-flag_1.jpg 530w\" sizes=\"(max-width: 76px) 100vw, 76px\" \/>\n","protected":false},"excerpt":{"rendered":"<p>Klimatv\u00e4nlig, splitterfri och \u00e5teranv\u00e4ndbar kylsk\u00e5pskanna tillverkad av sockerr\u00f6rsbaserad bioplast. Med mer \u00e4n 80 % minskat CO2-avtryck j\u00e4mf\u00f6rt med liknande produkter i konventionell plast. Kannan \u00e4r b\u00e5de l\u00e4tt och robust, och \u00e4r mycket l\u00e4mplig f\u00f6r utomhusbruk, camping, camping eller som en \u00e5teranv\u00e4ndbar festivalkanna. Till skillnad fr\u00e5n vanlig bioplast \u00e4r kannan b\u00e5de \u00e5tervinningsbar och l\u00e4mplig f\u00f6r diskmaskin, [&hellip;]<\/p>\n","protected":false},"featured_media":42355,"comment_status":"closed","ping_status":"closed","template":"","meta":{"_acf_changed":false},"product_cat":[2107,2136,1954,2628,2394],"product_tag":[2558,2118,1706],"class_list":{"0":"post-77087","1":"product","2":"type-product","3":"status-publish","4":"has-post-thumbnail","6":"product_cat-dummy-moq-1-sv","7":"product_cat-hotell-restaurang","8":"product_cat-muggar-och-koppar","9":"product_cat-krus-og-kopper-til-messen-sv","10":"product_cat-nyheter","11":"product_tag-drikkeglas-sv","12":"product_tag-kande-sv","13":"product_tag-koekken-sv","14":"tm-has-options","16":"first","17":"instock","18":"sale","19":"taxable","20":"shipping-taxable","21":"purchasable","22":"product-type-simple"},"acf":[],"yoast_head":"<!-- This site is optimized with the Yoast SEO Premium plugin v21.2 (Yoast SEO v21.2) - https:\/\/yoast.com\/wordpress\/plugins\/seo\/ -->\n<title>Kanna av bioplast 2 L med\/utan tryck - Gr\u00f8nt Kontor<\/title>\n<meta name=\"robots\" content=\"index, follow, max-snippet:-1, max-image-preview:large, max-video-preview:-1\" \/>\n<link rel=\"canonical\" href=\"https:\/\/grontkontor.dk\/sv\/shop\/kanna-bioplast-2-l-m-u-utskrift\/\" \/>\n<meta property=\"og:locale\" content=\"sv_SE\" \/>\n<meta property=\"og:type\" content=\"article\" \/>\n<meta property=\"og:title\" content=\"Kanna av bioplast 2 L med\/utan tryck\" \/>\n<meta property=\"og:description\" content=\"Klimatv\u00e4nlig, splitterfri och \u00e5teranv\u00e4ndbar kylsk\u00e5pskanna tillverkad av sockerr\u00f6rsbaserad bioplast. Med mer \u00e4n 80 % minskat CO2-avtryck j\u00e4mf\u00f6rt med liknande produkter i konventionell plast. Kannan \u00e4r b\u00e5de l\u00e4tt och robust, och \u00e4r mycket l\u00e4mplig f\u00f6r utomhusbruk, camping, camping eller som en \u00e5teranv\u00e4ndbar festivalkanna. Till skillnad fr\u00e5n vanlig bioplast \u00e4r kannan b\u00e5de \u00e5tervinningsbar och l\u00e4mplig f\u00f6r diskmaskin, [&hellip;]\" \/>\n<meta property=\"og:url\" content=\"https:\/\/grontkontor.dk\/sv\/shop\/kanna-bioplast-2-l-m-u-utskrift\/\" \/>\n<meta property=\"og:site_name\" content=\"Gr\u00f8nt Kontor\" \/>\n<meta property=\"article:publisher\" content=\"https:\/\/www.facebook.com\/grontkontor.dk\/\" \/>\n<meta property=\"article:modified_time\" content=\"2024-05-29T10:22:33+00:00\" \/>\n<meta property=\"og:image\" content=\"https:\/\/grontkontor.dk\/wp-content\/uploads\/2023\/03\/Kanna-m-lock-2-L.jpg\" \/>\n\t<meta property=\"og:image:width\" content=\"900\" \/>\n\t<meta property=\"og:image:height\" content=\"639\" \/>\n\t<meta property=\"og:image:type\" content=\"image\/jpeg\" \/>\n<meta name=\"twitter:card\" content=\"summary_large_image\" \/>\n<meta name=\"twitter:label1\" content=\"Ber\u00e4knad l\u00e4stid\" \/>\n\t<meta name=\"twitter:data1\" content=\"1 minut\" \/>\n<script type=\"application\/ld+json\" class=\"yoast-schema-graph\">{\"@context\":\"https:\/\/schema.org\",\"@graph\":[{\"@type\":\"WebPage\",\"@id\":\"https:\/\/grontkontor.dk\/sv\/shop\/kanna-bioplast-2-l-m-u-utskrift\/\",\"url\":\"https:\/\/grontkontor.dk\/sv\/shop\/kanna-bioplast-2-l-m-u-utskrift\/\",\"name\":\"Kanna av bioplast 2 L med\/utan tryck - Gr\u00f8nt Kontor\",\"isPartOf\":{\"@id\":\"https:\/\/grontkontor.dk\/#website\"},\"datePublished\":\"2023-09-22T22:12:28+00:00\",\"dateModified\":\"2024-05-29T10:22:33+00:00\",\"breadcrumb\":{\"@id\":\"https:\/\/grontkontor.dk\/sv\/shop\/kanna-bioplast-2-l-m-u-utskrift\/#breadcrumb\"},\"inLanguage\":\"sv-SE\",\"potentialAction\":[{\"@type\":\"ReadAction\",\"target\":[\"https:\/\/grontkontor.dk\/sv\/shop\/kanna-bioplast-2-l-m-u-utskrift\/\"]}]},{\"@type\":\"BreadcrumbList\",\"@id\":\"https:\/\/grontkontor.dk\/sv\/shop\/kanna-bioplast-2-l-m-u-utskrift\/#breadcrumb\",\"itemListElement\":[{\"@type\":\"ListItem\",\"position\":1,\"name\":\"Forside\",\"item\":\"https:\/\/grontkontor.dk\/\"},{\"@type\":\"ListItem\",\"position\":2,\"name\":\"Shop\",\"item\":\"https:\/\/grontkontor.dk\/sv\/shop\/\"},{\"@type\":\"ListItem\",\"position\":3,\"name\":\"Mad og drikke\",\"item\":\"https:\/\/grontkontor.dk\/produkt-kategori\/mad-og-drikke\/\"},{\"@type\":\"ListItem\",\"position\":4,\"name\":\"Krus, kopper mm.\",\"item\":\"https:\/\/grontkontor.dk\/produkt-kategori\/mad-og-drikke\/to-go-krus-og-kopper\/\"},{\"@type\":\"ListItem\",\"position\":5,\"name\":\"Kanna av bioplast 2 L med\/utan tryck\"}]},{\"@type\":\"WebSite\",\"@id\":\"https:\/\/grontkontor.dk\/#website\",\"url\":\"https:\/\/grontkontor.dk\/\",\"name\":\"Gr\u00f8nt Kontor\",\"description\":\"Milj\u00f8venlige produkter til kontor og erhverv med fokus p\u00e5 b\u00e6redygtighed, design og fair trade.\",\"publisher\":{\"@id\":\"https:\/\/grontkontor.dk\/#organization\"},\"potentialAction\":[{\"@type\":\"SearchAction\",\"target\":{\"@type\":\"EntryPoint\",\"urlTemplate\":\"https:\/\/grontkontor.dk\/?s={search_term_string}\"},\"query-input\":\"required name=search_term_string\"}],\"inLanguage\":\"sv-SE\"},{\"@type\":\"Organization\",\"@id\":\"https:\/\/grontkontor.dk\/#organization\",\"name\":\"Gr\u00f8nt Kontor\",\"url\":\"https:\/\/grontkontor.dk\/\",\"logo\":{\"@type\":\"ImageObject\",\"inLanguage\":\"sv-SE\",\"@id\":\"https:\/\/grontkontor.dk\/#\/schema\/logo\/image\/\",\"url\":\"https:\/\/grontkontor.dk\/wp-content\/uploads\/2014\/02\/Logo_groent_kontor_300x80.png\",\"contentUrl\":\"https:\/\/grontkontor.dk\/wp-content\/uploads\/2014\/02\/Logo_groent_kontor_300x80.png\",\"width\":300,\"height\":80,\"caption\":\"Gr\u00f8nt Kontor\"},\"image\":{\"@id\":\"https:\/\/grontkontor.dk\/#\/schema\/logo\/image\/\"},\"sameAs\":[\"https:\/\/www.facebook.com\/grontkontor.dk\/\"]}]}<\/script>\n<!-- \/ Yoast SEO Premium plugin. -->","yoast_head_json":{"title":"Kanna av bioplast 2 L med\/utan tryck - Gr\u00f8nt Kontor","robots":{"index":"index","follow":"follow","max-snippet":"max-snippet:-1","max-image-preview":"max-image-preview:large","max-video-preview":"max-video-preview:-1"},"canonical":"https:\/\/grontkontor.dk\/sv\/shop\/kanna-bioplast-2-l-m-u-utskrift\/","og_locale":"sv_SE","og_type":"article","og_title":"Kanna av bioplast 2 L med\/utan tryck","og_description":"Klimatv\u00e4nlig, splitterfri och \u00e5teranv\u00e4ndbar kylsk\u00e5pskanna tillverkad av sockerr\u00f6rsbaserad bioplast. Med mer \u00e4n 80 % minskat CO2-avtryck j\u00e4mf\u00f6rt med liknande produkter i konventionell plast. Kannan \u00e4r b\u00e5de l\u00e4tt och robust, och \u00e4r mycket l\u00e4mplig f\u00f6r utomhusbruk, camping, camping eller som en \u00e5teranv\u00e4ndbar festivalkanna. Till skillnad fr\u00e5n vanlig bioplast \u00e4r kannan b\u00e5de \u00e5tervinningsbar och l\u00e4mplig f\u00f6r diskmaskin, [&hellip;]","og_url":"https:\/\/grontkontor.dk\/sv\/shop\/kanna-bioplast-2-l-m-u-utskrift\/","og_site_name":"Gr\u00f8nt Kontor","article_publisher":"https:\/\/www.facebook.com\/grontkontor.dk\/","article_modified_time":"2024-05-29T10:22:33+00:00","og_image":[{"width":900,"height":639,"url":"https:\/\/grontkontor.dk\/wp-content\/uploads\/2023\/03\/Kanna-m-lock-2-L.jpg","type":"image\/jpeg"}],"twitter_card":"summary_large_image","twitter_misc":{"Ber\u00e4knad l\u00e4stid":"1 minut"},"schema":{"@context":"https:\/\/schema.org","@graph":[{"@type":"WebPage","@id":"https:\/\/grontkontor.dk\/sv\/shop\/kanna-bioplast-2-l-m-u-utskrift\/","url":"https:\/\/grontkontor.dk\/sv\/shop\/kanna-bioplast-2-l-m-u-utskrift\/","name":"Kanna av bioplast 2 L med\/utan tryck - Gr\u00f8nt Kontor","isPartOf":{"@id":"https:\/\/grontkontor.dk\/#website"},"datePublished":"2023-09-22T22:12:28+00:00","dateModified":"2024-05-29T10:22:33+00:00","breadcrumb":{"@id":"https:\/\/grontkontor.dk\/sv\/shop\/kanna-bioplast-2-l-m-u-utskrift\/#breadcrumb"},"inLanguage":"sv-SE","potentialAction":[{"@type":"ReadAction","target":["https:\/\/grontkontor.dk\/sv\/shop\/kanna-bioplast-2-l-m-u-utskrift\/"]}]},{"@type":"BreadcrumbList","@id":"https:\/\/grontkontor.dk\/sv\/shop\/kanna-bioplast-2-l-m-u-utskrift\/#breadcrumb","itemListElement":[{"@type":"ListItem","position":1,"name":"Forside","item":"https:\/\/grontkontor.dk\/"},{"@type":"ListItem","position":2,"name":"Shop","item":"https:\/\/grontkontor.dk\/sv\/shop\/"},{"@type":"ListItem","position":3,"name":"Mad og drikke","item":"https:\/\/grontkontor.dk\/produkt-kategori\/mad-og-drikke\/"},{"@type":"ListItem","position":4,"name":"Krus, kopper mm.","item":"https:\/\/grontkontor.dk\/produkt-kategori\/mad-og-drikke\/to-go-krus-og-kopper\/"},{"@type":"ListItem","position":5,"name":"Kanna av bioplast 2 L med\/utan tryck"}]},{"@type":"WebSite","@id":"https:\/\/grontkontor.dk\/#website","url":"https:\/\/grontkontor.dk\/","name":"Gr\u00f8nt Kontor","description":"Milj\u00f8venlige produkter til kontor og erhverv med fokus p\u00e5 b\u00e6redygtighed, design og fair trade.","publisher":{"@id":"https:\/\/grontkontor.dk\/#organization"},"potentialAction":[{"@type":"SearchAction","target":{"@type":"EntryPoint","urlTemplate":"https:\/\/grontkontor.dk\/?s={search_term_string}"},"query-input":"required name=search_term_string"}],"inLanguage":"sv-SE"},{"@type":"Organization","@id":"https:\/\/grontkontor.dk\/#organization","name":"Gr\u00f8nt Kontor","url":"https:\/\/grontkontor.dk\/","logo":{"@type":"ImageObject","inLanguage":"sv-SE","@id":"https:\/\/grontkontor.dk\/#\/schema\/logo\/image\/","url":"https:\/\/grontkontor.dk\/wp-content\/uploads\/2014\/02\/Logo_groent_kontor_300x80.png","contentUrl":"https:\/\/grontkontor.dk\/wp-content\/uploads\/2014\/02\/Logo_groent_kontor_300x80.png","width":300,"height":80,"caption":"Gr\u00f8nt Kontor"},"image":{"@id":"https:\/\/grontkontor.dk\/#\/schema\/logo\/image\/"},"sameAs":["https:\/\/www.facebook.com\/grontkontor.dk\/"]}]}},"_links":{"self":[{"href":"https:\/\/grontkontor.dk\/sv\/wp-json\/wp\/v2\/product\/77087"}],"collection":[{"href":"https:\/\/grontkontor.dk\/sv\/wp-json\/wp\/v2\/product"}],"about":[{"href":"https:\/\/grontkontor.dk\/sv\/wp-json\/wp\/v2\/types\/product"}],"replies":[{"embeddable":true,"href":"https:\/\/grontkontor.dk\/sv\/wp-json\/wp\/v2\/comments?post=77087"}],"wp:featuredmedia":[{"embeddable":true,"href":"https:\/\/grontkontor.dk\/sv\/wp-json\/wp\/v2\/media\/42355"}],"wp:attachment":[{"href":"https:\/\/grontkontor.dk\/sv\/wp-json\/wp\/v2\/media?parent=77087"}],"wp:term":[{"taxonomy":"product_cat","embeddable":true,"href":"https:\/\/grontkontor.dk\/sv\/wp-json\/wp\/v2\/product_cat?post=77087"},{"taxonomy":"product_tag","embeddable":true,"href":"https:\/\/grontkontor.dk\/sv\/wp-json\/wp\/v2\/product_tag?post=77087"}],"curies":[{"name":"wp","href":"https:\/\/api.w.org\/{rel}","templated":true}]}}