{"id":77101,"date":"2023-09-22T14:00:29","date_gmt":"2023-09-22T22:12:46","guid":{"rendered":"https:\/\/grontkontor.dk\/produkt\/bambulock-avfallssortering-76l\/"},"modified":"2024-05-16T09:51:59","modified_gmt":"2024-05-16T07:51:59","slug":"bambu-lakan-avfallssortering-atervinning","status":"publish","type":"product","link":"https:\/\/grontkontor.dk\/sv\/shop\/bambu-lakan-avfallssortering-atervinning\/","title":{"rendered":"Sopsortering med bambulock 76l"},"content":{"rendered":"<p><span class=\"HwtZe\" lang=\"da\"><span class=\"jCAhz ChMk0b\"><br \/>\n  <span class=\"ryNqvb\">Detta klimatv\u00e4nliga lock tillh\u00f6r k\u00e4llsorteringsl\u00e5dorna p\u00e5 76 L som finns i <a class=\"light\" href=\"https:\/\/grontkontor.dk\/produkt\/affaldssorteringsboks-genbrug-hvid\/\">vitt<\/a> och <a class=\"light\" href=\"https:\/\/grontkontor.dk\/produkt\/affaldssortering-recycled-76l-sort\/\">svart<\/a>.<\/span><br \/>\n<\/span> <span class=\"jCAhz ChMk0b\"><br \/>\n  <span class=\"ryNqvb\">F\u00f6rutom att vara ett lock f\u00f6rvandlar det l\u00e5dan till en praktisk pall.<\/span><br \/>\n<\/span> <span class=\"jCAhz ChMk0b\"><br \/>\n  <span class=\"ryNqvb\">Lockets yta \u00e4r behandlad med klar vattenbaserad lack.<\/span><br \/>\n<\/span><\/span><br \/>\nProdukten har f\u00e5tt flera utm\u00e4rkelser f\u00f6r sin design, bland annat S&amp;P Award. Red Dot Design Award 2020.<\/p>\n<p>M\u00e5tt: 56 x 37 x 1 cm<\/p>\nBambu \u00e4r ett fantastiskt material n\u00e4r det kommer till h\u00e5llbarhet. Den en av de mest snabbv\u00e4xande plantor i v\u00e4rlden, vilket betyder en snabb \u00e5terv\u00e4xt efter sk\u00f6rd. Bambu fungerar, precis som andra naturprodukter, som ett CO2 dep\u00e5 under hela sin livstid och odlas utan pesticider och konstg\u00f6dsel. \n<p>&nbsp;<\/p>\n<p><img loading=\"lazy\" decoding=\"async\" class=\"size-medium wp-image-21008\" src=\"https:\/\/grontkontor.dk\/wp-content\/uploads\/2020\/11\/eu-flag_1-300x199.jpg\" alt=\"Fremstillet i EU\" width=\"76\" height=\"50\" srcset=\"https:\/\/grontkontor.dk\/wp-content\/uploads\/2020\/11\/eu-flag_1-300x199.jpg 300w, https:\/\/grontkontor.dk\/wp-content\/uploads\/2020\/11\/eu-flag_1.jpg 530w\" sizes=\"(max-width: 76px) 100vw, 76px\" \/> <img loading=\"lazy\" decoding=\"async\" src=\"https:\/\/grontkontor.dk\/wp-content\/uploads\/2021\/02\/genbrug.jpg\" alt=\"Fremstillet af genbrugsmaterialer\" width=\"50\" height=\"50\" class=\"size-full wp-image-23031\" srcset=\"https:\/\/grontkontor.dk\/wp-content\/uploads\/2021\/02\/genbrug.jpg 199w, https:\/\/grontkontor.dk\/wp-content\/uploads\/2021\/02\/genbrug-100x100.jpg 100w\" sizes=\"(max-width: 50px) 100vw, 50px\" \/><\/p>\n","protected":false},"excerpt":{"rendered":"<p>Detta klimatv\u00e4nliga lock tillh\u00f6r k\u00e4llsorteringsl\u00e5dorna p\u00e5 76 L som finns i vitt och svart. F\u00f6rutom att vara ett lock f\u00f6rvandlar det l\u00e5dan till en praktisk pall. Lockets yta \u00e4r behandlad med klar vattenbaserad lack. Produkten har f\u00e5tt flera utm\u00e4rkelser f\u00f6r sin design, bland annat S&amp;P Award. Red Dot Design Award 2020. M\u00e5tt: 56 x 37 [&hellip;]<\/p>\n","protected":false},"featured_media":42718,"comment_status":"closed","ping_status":"closed","template":"","meta":{"_acf_changed":false},"product_cat":[2107,2394,2416,2609],"product_tag":[2680,2895],"class_list":{"0":"post-77101","1":"product","2":"type-product","3":"status-publish","4":"has-post-thumbnail","6":"product_cat-dummy-moq-1-sv","7":"product_cat-nyheter","8":"product_cat-rengoringsartiklar","9":"product_cat-sopsorteringssystemor","10":"product_tag-avfallshantering","11":"product_tag-avfallssortering","12":"tm-has-options","14":"first","15":"instock","16":"taxable","17":"shipping-taxable","18":"purchasable","19":"product-type-simple"},"acf":[],"yoast_head":"<!-- This site is optimized with the Yoast SEO Premium plugin v21.2 (Yoast SEO v21.2) - https:\/\/yoast.com\/wordpress\/plugins\/seo\/ -->\n<title>Sopsortering med bambulock 76l - Gr\u00f8nt Kontor<\/title>\n<meta name=\"robots\" content=\"index, follow, max-snippet:-1, max-image-preview:large, max-video-preview:-1\" \/>\n<link rel=\"canonical\" href=\"https:\/\/grontkontor.dk\/sv\/shop\/bambu-lakan-avfallssortering-atervinning\/\" \/>\n<meta property=\"og:locale\" content=\"sv_SE\" \/>\n<meta property=\"og:type\" content=\"article\" \/>\n<meta property=\"og:title\" content=\"Sopsortering med bambulock 76l\" \/>\n<meta property=\"og:description\" content=\"Detta klimatv\u00e4nliga lock tillh\u00f6r k\u00e4llsorteringsl\u00e5dorna p\u00e5 76 L som finns i vitt och svart. F\u00f6rutom att vara ett lock f\u00f6rvandlar det l\u00e5dan till en praktisk pall. Lockets yta \u00e4r behandlad med klar vattenbaserad lack. Produkten har f\u00e5tt flera utm\u00e4rkelser f\u00f6r sin design, bland annat S&amp;P Award. Red Dot Design Award 2020. M\u00e5tt: 56 x 37 [&hellip;]\" \/>\n<meta property=\"og:url\" content=\"https:\/\/grontkontor.dk\/sv\/shop\/bambu-lakan-avfallssortering-atervinning\/\" \/>\n<meta property=\"og:site_name\" content=\"Gr\u00f8nt Kontor\" \/>\n<meta property=\"article:publisher\" content=\"https:\/\/www.facebook.com\/grontkontor.dk\/\" \/>\n<meta property=\"article:modified_time\" content=\"2024-05-16T07:51:59+00:00\" \/>\n<meta property=\"og:image\" content=\"https:\/\/grontkontor.dk\/wp-content\/uploads\/2023\/03\/Bambuslaag-affaldsspand-klimavenlig.jpg\" \/>\n\t<meta property=\"og:image:width\" content=\"900\" \/>\n\t<meta property=\"og:image:height\" content=\"639\" \/>\n\t<meta property=\"og:image:type\" content=\"image\/jpeg\" \/>\n<meta name=\"twitter:card\" content=\"summary_large_image\" \/>\n<script type=\"application\/ld+json\" class=\"yoast-schema-graph\">{\"@context\":\"https:\/\/schema.org\",\"@graph\":[{\"@type\":\"WebPage\",\"@id\":\"https:\/\/grontkontor.dk\/sv\/shop\/bambu-lakan-avfallssortering-atervinning\/\",\"url\":\"https:\/\/grontkontor.dk\/sv\/shop\/bambu-lakan-avfallssortering-atervinning\/\",\"name\":\"Sopsortering med bambulock 76l - Gr\u00f8nt Kontor\",\"isPartOf\":{\"@id\":\"https:\/\/grontkontor.dk\/#website\"},\"datePublished\":\"2023-09-22T22:12:46+00:00\",\"dateModified\":\"2024-05-16T07:51:59+00:00\",\"breadcrumb\":{\"@id\":\"https:\/\/grontkontor.dk\/sv\/shop\/bambu-lakan-avfallssortering-atervinning\/#breadcrumb\"},\"inLanguage\":\"sv-SE\",\"potentialAction\":[{\"@type\":\"ReadAction\",\"target\":[\"https:\/\/grontkontor.dk\/sv\/shop\/bambu-lakan-avfallssortering-atervinning\/\"]}]},{\"@type\":\"BreadcrumbList\",\"@id\":\"https:\/\/grontkontor.dk\/sv\/shop\/bambu-lakan-avfallssortering-atervinning\/#breadcrumb\",\"itemListElement\":[{\"@type\":\"ListItem\",\"position\":1,\"name\":\"Forside\",\"item\":\"https:\/\/grontkontor.dk\/\"},{\"@type\":\"ListItem\",\"position\":2,\"name\":\"Shop\",\"item\":\"https:\/\/grontkontor.dk\/sv\/shop\/\"},{\"@type\":\"ListItem\",\"position\":3,\"name\":\"M\u00f6bler och design\",\"item\":\"https:\/\/grontkontor.dk\/sv\/produkt-kategori\/mobler-och-design\/\"},{\"@type\":\"ListItem\",\"position\":4,\"name\":\"Sopsorteringssystemor\",\"item\":\"https:\/\/grontkontor.dk\/sv\/produkt-kategori\/mobler-och-design\/sopsorteringssystemor\/\"},{\"@type\":\"ListItem\",\"position\":5,\"name\":\"Sopsortering med bambulock 76l\"}]},{\"@type\":\"WebSite\",\"@id\":\"https:\/\/grontkontor.dk\/#website\",\"url\":\"https:\/\/grontkontor.dk\/\",\"name\":\"Gr\u00f8nt Kontor\",\"description\":\"Milj\u00f8venlige produkter til kontor og erhverv med fokus p\u00e5 b\u00e6redygtighed, design og fair trade.\",\"publisher\":{\"@id\":\"https:\/\/grontkontor.dk\/#organization\"},\"potentialAction\":[{\"@type\":\"SearchAction\",\"target\":{\"@type\":\"EntryPoint\",\"urlTemplate\":\"https:\/\/grontkontor.dk\/?s={search_term_string}\"},\"query-input\":\"required name=search_term_string\"}],\"inLanguage\":\"sv-SE\"},{\"@type\":\"Organization\",\"@id\":\"https:\/\/grontkontor.dk\/#organization\",\"name\":\"Gr\u00f8nt Kontor\",\"url\":\"https:\/\/grontkontor.dk\/\",\"logo\":{\"@type\":\"ImageObject\",\"inLanguage\":\"sv-SE\",\"@id\":\"https:\/\/grontkontor.dk\/#\/schema\/logo\/image\/\",\"url\":\"https:\/\/grontkontor.dk\/wp-content\/uploads\/2014\/02\/Logo_groent_kontor_300x80.png\",\"contentUrl\":\"https:\/\/grontkontor.dk\/wp-content\/uploads\/2014\/02\/Logo_groent_kontor_300x80.png\",\"width\":300,\"height\":80,\"caption\":\"Gr\u00f8nt Kontor\"},\"image\":{\"@id\":\"https:\/\/grontkontor.dk\/#\/schema\/logo\/image\/\"},\"sameAs\":[\"https:\/\/www.facebook.com\/grontkontor.dk\/\"]}]}<\/script>\n<!-- \/ Yoast SEO Premium plugin. -->","yoast_head_json":{"title":"Sopsortering med bambulock 76l - Gr\u00f8nt Kontor","robots":{"index":"index","follow":"follow","max-snippet":"max-snippet:-1","max-image-preview":"max-image-preview:large","max-video-preview":"max-video-preview:-1"},"canonical":"https:\/\/grontkontor.dk\/sv\/shop\/bambu-lakan-avfallssortering-atervinning\/","og_locale":"sv_SE","og_type":"article","og_title":"Sopsortering med bambulock 76l","og_description":"Detta klimatv\u00e4nliga lock tillh\u00f6r k\u00e4llsorteringsl\u00e5dorna p\u00e5 76 L som finns i vitt och svart. F\u00f6rutom att vara ett lock f\u00f6rvandlar det l\u00e5dan till en praktisk pall. Lockets yta \u00e4r behandlad med klar vattenbaserad lack. Produkten har f\u00e5tt flera utm\u00e4rkelser f\u00f6r sin design, bland annat S&amp;P Award. Red Dot Design Award 2020. M\u00e5tt: 56 x 37 [&hellip;]","og_url":"https:\/\/grontkontor.dk\/sv\/shop\/bambu-lakan-avfallssortering-atervinning\/","og_site_name":"Gr\u00f8nt Kontor","article_publisher":"https:\/\/www.facebook.com\/grontkontor.dk\/","article_modified_time":"2024-05-16T07:51:59+00:00","og_image":[{"width":900,"height":639,"url":"https:\/\/grontkontor.dk\/wp-content\/uploads\/2023\/03\/Bambuslaag-affaldsspand-klimavenlig.jpg","type":"image\/jpeg"}],"twitter_card":"summary_large_image","schema":{"@context":"https:\/\/schema.org","@graph":[{"@type":"WebPage","@id":"https:\/\/grontkontor.dk\/sv\/shop\/bambu-lakan-avfallssortering-atervinning\/","url":"https:\/\/grontkontor.dk\/sv\/shop\/bambu-lakan-avfallssortering-atervinning\/","name":"Sopsortering med bambulock 76l - Gr\u00f8nt Kontor","isPartOf":{"@id":"https:\/\/grontkontor.dk\/#website"},"datePublished":"2023-09-22T22:12:46+00:00","dateModified":"2024-05-16T07:51:59+00:00","breadcrumb":{"@id":"https:\/\/grontkontor.dk\/sv\/shop\/bambu-lakan-avfallssortering-atervinning\/#breadcrumb"},"inLanguage":"sv-SE","potentialAction":[{"@type":"ReadAction","target":["https:\/\/grontkontor.dk\/sv\/shop\/bambu-lakan-avfallssortering-atervinning\/"]}]},{"@type":"BreadcrumbList","@id":"https:\/\/grontkontor.dk\/sv\/shop\/bambu-lakan-avfallssortering-atervinning\/#breadcrumb","itemListElement":[{"@type":"ListItem","position":1,"name":"Forside","item":"https:\/\/grontkontor.dk\/"},{"@type":"ListItem","position":2,"name":"Shop","item":"https:\/\/grontkontor.dk\/sv\/shop\/"},{"@type":"ListItem","position":3,"name":"M\u00f6bler och design","item":"https:\/\/grontkontor.dk\/sv\/produkt-kategori\/mobler-och-design\/"},{"@type":"ListItem","position":4,"name":"Sopsorteringssystemor","item":"https:\/\/grontkontor.dk\/sv\/produkt-kategori\/mobler-och-design\/sopsorteringssystemor\/"},{"@type":"ListItem","position":5,"name":"Sopsortering med bambulock 76l"}]},{"@type":"WebSite","@id":"https:\/\/grontkontor.dk\/#website","url":"https:\/\/grontkontor.dk\/","name":"Gr\u00f8nt Kontor","description":"Milj\u00f8venlige produkter til kontor og erhverv med fokus p\u00e5 b\u00e6redygtighed, design og fair trade.","publisher":{"@id":"https:\/\/grontkontor.dk\/#organization"},"potentialAction":[{"@type":"SearchAction","target":{"@type":"EntryPoint","urlTemplate":"https:\/\/grontkontor.dk\/?s={search_term_string}"},"query-input":"required name=search_term_string"}],"inLanguage":"sv-SE"},{"@type":"Organization","@id":"https:\/\/grontkontor.dk\/#organization","name":"Gr\u00f8nt Kontor","url":"https:\/\/grontkontor.dk\/","logo":{"@type":"ImageObject","inLanguage":"sv-SE","@id":"https:\/\/grontkontor.dk\/#\/schema\/logo\/image\/","url":"https:\/\/grontkontor.dk\/wp-content\/uploads\/2014\/02\/Logo_groent_kontor_300x80.png","contentUrl":"https:\/\/grontkontor.dk\/wp-content\/uploads\/2014\/02\/Logo_groent_kontor_300x80.png","width":300,"height":80,"caption":"Gr\u00f8nt Kontor"},"image":{"@id":"https:\/\/grontkontor.dk\/#\/schema\/logo\/image\/"},"sameAs":["https:\/\/www.facebook.com\/grontkontor.dk\/"]}]}},"_links":{"self":[{"href":"https:\/\/grontkontor.dk\/sv\/wp-json\/wp\/v2\/product\/77101"}],"collection":[{"href":"https:\/\/grontkontor.dk\/sv\/wp-json\/wp\/v2\/product"}],"about":[{"href":"https:\/\/grontkontor.dk\/sv\/wp-json\/wp\/v2\/types\/product"}],"replies":[{"embeddable":true,"href":"https:\/\/grontkontor.dk\/sv\/wp-json\/wp\/v2\/comments?post=77101"}],"wp:featuredmedia":[{"embeddable":true,"href":"https:\/\/grontkontor.dk\/sv\/wp-json\/wp\/v2\/media\/42718"}],"wp:attachment":[{"href":"https:\/\/grontkontor.dk\/sv\/wp-json\/wp\/v2\/media?parent=77101"}],"wp:term":[{"taxonomy":"product_cat","embeddable":true,"href":"https:\/\/grontkontor.dk\/sv\/wp-json\/wp\/v2\/product_cat?post=77101"},{"taxonomy":"product_tag","embeddable":true,"href":"https:\/\/grontkontor.dk\/sv\/wp-json\/wp\/v2\/product_tag?post=77101"}],"curies":[{"name":"wp","href":"https:\/\/api.w.org\/{rel}","templated":true}]}}