{"id":77115,"date":"2023-09-22T14:00:29","date_gmt":"2023-09-22T22:13:04","guid":{"rendered":"https:\/\/grontkontor.dk\/produkt\/balja-av-aatervunnet-fiskenaet-10-l\/"},"modified":"2024-05-16T09:51:23","modified_gmt":"2024-05-16T07:51:23","slug":"diskbalja-av-atervunnet-fisknat-10-l","status":"publish","type":"product","link":"https:\/\/grontkontor.dk\/sv\/shop\/diskbalja-av-atervunnet-fisknat-10-l\/","title":{"rendered":"Diskbalja av \u00e5tervunna fisken\u00e4t 10 l"},"content":{"rendered":"<p><span class=\"HwtZe\" lang=\"da\"><span class=\"jCAhz ChMk0b\"><br \/>\n  <span class=\"ryNqvb\">Klimatv\u00e4nlig disksk\u00e5l tillverkad<\/span><br \/>\n<\/span><span class=\"jCAhz ChMk0b\"><br \/>\n  <span class=\"ryNqvb\"> av 70 % \u00e5tervunna fisken\u00e4t som samlats in i Hirtshals hamn och 30 % polypropen.<\/span><br \/>\n<\/span> <span class=\"jCAhz ChMk0b\"><span class=\"ryNqvb\">Ett milj\u00f6v\u00e4nligt val f\u00f6r reng\u00f6ring eller f\u00f6rvaring. Skopan t\u00e5l temperaturer upp till 65 grader.<br \/>\nSkopan \u00e4r tillverkad i Finland. Produkten ing\u00e5r i ett \u00f6verblivet parti och \u00e4r d\u00e4rf\u00f6r tillg\u00e4nglig i begr\u00e4nsad omfattning<br \/>\n<\/span><\/span><\/span><\/p>\n<p>Kapacitet: 10 L<br \/>\n\u00d8: 36 cm<\/p>\n<p>&nbsp;<\/p>\n<p><img loading=\"lazy\" decoding=\"async\" class=\"size-medium wp-image-21008\" src=\"https:\/\/grontkontor.dk\/wp-content\/uploads\/2020\/11\/eu-flag_1-300x199.jpg\" alt=\"Fremstillet i EU\" width=\"76\" height=\"50\" srcset=\"https:\/\/grontkontor.dk\/wp-content\/uploads\/2020\/11\/eu-flag_1-300x199.jpg 300w, https:\/\/grontkontor.dk\/wp-content\/uploads\/2020\/11\/eu-flag_1.jpg 530w\" sizes=\"(max-width: 76px) 100vw, 76px\" \/> <img loading=\"lazy\" decoding=\"async\" src=\"https:\/\/grontkontor.dk\/wp-content\/uploads\/2021\/02\/genbrug.jpg\" alt=\"Fremstillet af genbrugsmaterialer\" width=\"50\" height=\"50\" class=\"size-full wp-image-23031\" srcset=\"https:\/\/grontkontor.dk\/wp-content\/uploads\/2021\/02\/genbrug.jpg 199w, https:\/\/grontkontor.dk\/wp-content\/uploads\/2021\/02\/genbrug-100x100.jpg 100w\" sizes=\"(max-width: 50px) 100vw, 50px\" \/><\/p>\n","protected":false},"excerpt":{"rendered":"<p>Klimatv\u00e4nlig disksk\u00e5l tillverkad av 70 % \u00e5tervunna fisken\u00e4t som samlats in i Hirtshals hamn och 30 % polypropen. Ett milj\u00f6v\u00e4nligt val f\u00f6r reng\u00f6ring eller f\u00f6rvaring. Skopan t\u00e5l temperaturer upp till 65 grader. Skopan \u00e4r tillverkad i Finland. Produkten ing\u00e5r i ett \u00f6verblivet parti och \u00e4r d\u00e4rf\u00f6r tillg\u00e4nglig i begr\u00e4nsad omfattning Kapacitet: 10 L \u00d8: 36 [&hellip;]<\/p>\n","protected":false},"featured_media":42723,"comment_status":"closed","ping_status":"closed","template":"","meta":{"_acf_changed":false},"product_cat":[2107,2394,2416],"product_tag":[3188,2578],"class_list":{"0":"post-77115","1":"product","2":"type-product","3":"status-publish","4":"has-post-thumbnail","6":"product_cat-dummy-moq-1-sv","7":"product_cat-nyheter","8":"product_cat-rengoringsartiklar","9":"product_tag-kar","10":"product_tag-rengoering-sv","11":"tm-has-options","13":"first","14":"instock","15":"taxable","16":"shipping-taxable","17":"purchasable","18":"product-type-simple"},"acf":[],"yoast_head":"<!-- This site is optimized with the Yoast SEO Premium plugin v21.2 (Yoast SEO v21.2) - https:\/\/yoast.com\/wordpress\/plugins\/seo\/ -->\n<title>Diskbalja av \u00e5tervunna fisken\u00e4t 10 l - Gr\u00f8nt Kontor<\/title>\n<meta name=\"robots\" content=\"index, follow, max-snippet:-1, max-image-preview:large, max-video-preview:-1\" \/>\n<link rel=\"canonical\" href=\"https:\/\/grontkontor.dk\/sv\/shop\/diskbalja-av-atervunnet-fisknat-10-l\/\" \/>\n<meta property=\"og:locale\" content=\"sv_SE\" \/>\n<meta property=\"og:type\" content=\"article\" \/>\n<meta property=\"og:title\" content=\"Diskbalja av \u00e5tervunna fisken\u00e4t 10 l\" \/>\n<meta property=\"og:description\" content=\"Klimatv\u00e4nlig disksk\u00e5l tillverkad av 70 % \u00e5tervunna fisken\u00e4t som samlats in i Hirtshals hamn och 30 % polypropen. Ett milj\u00f6v\u00e4nligt val f\u00f6r reng\u00f6ring eller f\u00f6rvaring. Skopan t\u00e5l temperaturer upp till 65 grader. Skopan \u00e4r tillverkad i Finland. Produkten ing\u00e5r i ett \u00f6verblivet parti och \u00e4r d\u00e4rf\u00f6r tillg\u00e4nglig i begr\u00e4nsad omfattning Kapacitet: 10 L \u00d8: 36 [&hellip;]\" \/>\n<meta property=\"og:url\" content=\"https:\/\/grontkontor.dk\/sv\/shop\/diskbalja-av-atervunnet-fisknat-10-l\/\" \/>\n<meta property=\"og:site_name\" content=\"Gr\u00f8nt Kontor\" \/>\n<meta property=\"article:publisher\" content=\"https:\/\/www.facebook.com\/grontkontor.dk\/\" \/>\n<meta property=\"article:modified_time\" content=\"2024-05-16T07:51:23+00:00\" \/>\n<meta property=\"og:image\" content=\"https:\/\/grontkontor.dk\/wp-content\/uploads\/2023\/03\/Balje-genanvendte-fiskenet.jpg\" \/>\n\t<meta property=\"og:image:width\" content=\"900\" \/>\n\t<meta property=\"og:image:height\" content=\"639\" \/>\n\t<meta property=\"og:image:type\" content=\"image\/jpeg\" \/>\n<meta name=\"twitter:card\" content=\"summary_large_image\" \/>\n<script type=\"application\/ld+json\" class=\"yoast-schema-graph\">{\"@context\":\"https:\/\/schema.org\",\"@graph\":[{\"@type\":\"WebPage\",\"@id\":\"https:\/\/grontkontor.dk\/sv\/shop\/diskbalja-av-atervunnet-fisknat-10-l\/\",\"url\":\"https:\/\/grontkontor.dk\/sv\/shop\/diskbalja-av-atervunnet-fisknat-10-l\/\",\"name\":\"Diskbalja av \u00e5tervunna fisken\u00e4t 10 l - Gr\u00f8nt Kontor\",\"isPartOf\":{\"@id\":\"https:\/\/grontkontor.dk\/#website\"},\"datePublished\":\"2023-09-22T22:13:04+00:00\",\"dateModified\":\"2024-05-16T07:51:23+00:00\",\"breadcrumb\":{\"@id\":\"https:\/\/grontkontor.dk\/sv\/shop\/diskbalja-av-atervunnet-fisknat-10-l\/#breadcrumb\"},\"inLanguage\":\"sv-SE\",\"potentialAction\":[{\"@type\":\"ReadAction\",\"target\":[\"https:\/\/grontkontor.dk\/sv\/shop\/diskbalja-av-atervunnet-fisknat-10-l\/\"]}]},{\"@type\":\"BreadcrumbList\",\"@id\":\"https:\/\/grontkontor.dk\/sv\/shop\/diskbalja-av-atervunnet-fisknat-10-l\/#breadcrumb\",\"itemListElement\":[{\"@type\":\"ListItem\",\"position\":1,\"name\":\"Forside\",\"item\":\"https:\/\/grontkontor.dk\/\"},{\"@type\":\"ListItem\",\"position\":2,\"name\":\"Shop\",\"item\":\"https:\/\/grontkontor.dk\/sv\/shop\/\"},{\"@type\":\"ListItem\",\"position\":3,\"name\":\"Reng\u00f8ring\",\"item\":\"https:\/\/grontkontor.dk\/produkt-kategori\/rengoering\/\"},{\"@type\":\"ListItem\",\"position\":4,\"name\":\"Diskbalja av \u00e5tervunna fisken\u00e4t 10 l\"}]},{\"@type\":\"WebSite\",\"@id\":\"https:\/\/grontkontor.dk\/#website\",\"url\":\"https:\/\/grontkontor.dk\/\",\"name\":\"Gr\u00f8nt Kontor\",\"description\":\"Milj\u00f8venlige produkter til kontor og erhverv med fokus p\u00e5 b\u00e6redygtighed, design og fair trade.\",\"publisher\":{\"@id\":\"https:\/\/grontkontor.dk\/#organization\"},\"potentialAction\":[{\"@type\":\"SearchAction\",\"target\":{\"@type\":\"EntryPoint\",\"urlTemplate\":\"https:\/\/grontkontor.dk\/?s={search_term_string}\"},\"query-input\":\"required name=search_term_string\"}],\"inLanguage\":\"sv-SE\"},{\"@type\":\"Organization\",\"@id\":\"https:\/\/grontkontor.dk\/#organization\",\"name\":\"Gr\u00f8nt Kontor\",\"url\":\"https:\/\/grontkontor.dk\/\",\"logo\":{\"@type\":\"ImageObject\",\"inLanguage\":\"sv-SE\",\"@id\":\"https:\/\/grontkontor.dk\/#\/schema\/logo\/image\/\",\"url\":\"https:\/\/grontkontor.dk\/wp-content\/uploads\/2014\/02\/Logo_groent_kontor_300x80.png\",\"contentUrl\":\"https:\/\/grontkontor.dk\/wp-content\/uploads\/2014\/02\/Logo_groent_kontor_300x80.png\",\"width\":300,\"height\":80,\"caption\":\"Gr\u00f8nt Kontor\"},\"image\":{\"@id\":\"https:\/\/grontkontor.dk\/#\/schema\/logo\/image\/\"},\"sameAs\":[\"https:\/\/www.facebook.com\/grontkontor.dk\/\"]}]}<\/script>\n<!-- \/ Yoast SEO Premium plugin. -->","yoast_head_json":{"title":"Diskbalja av \u00e5tervunna fisken\u00e4t 10 l - Gr\u00f8nt Kontor","robots":{"index":"index","follow":"follow","max-snippet":"max-snippet:-1","max-image-preview":"max-image-preview:large","max-video-preview":"max-video-preview:-1"},"canonical":"https:\/\/grontkontor.dk\/sv\/shop\/diskbalja-av-atervunnet-fisknat-10-l\/","og_locale":"sv_SE","og_type":"article","og_title":"Diskbalja av \u00e5tervunna fisken\u00e4t 10 l","og_description":"Klimatv\u00e4nlig disksk\u00e5l tillverkad av 70 % \u00e5tervunna fisken\u00e4t som samlats in i Hirtshals hamn och 30 % polypropen. Ett milj\u00f6v\u00e4nligt val f\u00f6r reng\u00f6ring eller f\u00f6rvaring. Skopan t\u00e5l temperaturer upp till 65 grader. Skopan \u00e4r tillverkad i Finland. Produkten ing\u00e5r i ett \u00f6verblivet parti och \u00e4r d\u00e4rf\u00f6r tillg\u00e4nglig i begr\u00e4nsad omfattning Kapacitet: 10 L \u00d8: 36 [&hellip;]","og_url":"https:\/\/grontkontor.dk\/sv\/shop\/diskbalja-av-atervunnet-fisknat-10-l\/","og_site_name":"Gr\u00f8nt Kontor","article_publisher":"https:\/\/www.facebook.com\/grontkontor.dk\/","article_modified_time":"2024-05-16T07:51:23+00:00","og_image":[{"width":900,"height":639,"url":"https:\/\/grontkontor.dk\/wp-content\/uploads\/2023\/03\/Balje-genanvendte-fiskenet.jpg","type":"image\/jpeg"}],"twitter_card":"summary_large_image","schema":{"@context":"https:\/\/schema.org","@graph":[{"@type":"WebPage","@id":"https:\/\/grontkontor.dk\/sv\/shop\/diskbalja-av-atervunnet-fisknat-10-l\/","url":"https:\/\/grontkontor.dk\/sv\/shop\/diskbalja-av-atervunnet-fisknat-10-l\/","name":"Diskbalja av \u00e5tervunna fisken\u00e4t 10 l - Gr\u00f8nt Kontor","isPartOf":{"@id":"https:\/\/grontkontor.dk\/#website"},"datePublished":"2023-09-22T22:13:04+00:00","dateModified":"2024-05-16T07:51:23+00:00","breadcrumb":{"@id":"https:\/\/grontkontor.dk\/sv\/shop\/diskbalja-av-atervunnet-fisknat-10-l\/#breadcrumb"},"inLanguage":"sv-SE","potentialAction":[{"@type":"ReadAction","target":["https:\/\/grontkontor.dk\/sv\/shop\/diskbalja-av-atervunnet-fisknat-10-l\/"]}]},{"@type":"BreadcrumbList","@id":"https:\/\/grontkontor.dk\/sv\/shop\/diskbalja-av-atervunnet-fisknat-10-l\/#breadcrumb","itemListElement":[{"@type":"ListItem","position":1,"name":"Forside","item":"https:\/\/grontkontor.dk\/"},{"@type":"ListItem","position":2,"name":"Shop","item":"https:\/\/grontkontor.dk\/sv\/shop\/"},{"@type":"ListItem","position":3,"name":"Reng\u00f8ring","item":"https:\/\/grontkontor.dk\/produkt-kategori\/rengoering\/"},{"@type":"ListItem","position":4,"name":"Diskbalja av \u00e5tervunna fisken\u00e4t 10 l"}]},{"@type":"WebSite","@id":"https:\/\/grontkontor.dk\/#website","url":"https:\/\/grontkontor.dk\/","name":"Gr\u00f8nt Kontor","description":"Milj\u00f8venlige produkter til kontor og erhverv med fokus p\u00e5 b\u00e6redygtighed, design og fair trade.","publisher":{"@id":"https:\/\/grontkontor.dk\/#organization"},"potentialAction":[{"@type":"SearchAction","target":{"@type":"EntryPoint","urlTemplate":"https:\/\/grontkontor.dk\/?s={search_term_string}"},"query-input":"required name=search_term_string"}],"inLanguage":"sv-SE"},{"@type":"Organization","@id":"https:\/\/grontkontor.dk\/#organization","name":"Gr\u00f8nt Kontor","url":"https:\/\/grontkontor.dk\/","logo":{"@type":"ImageObject","inLanguage":"sv-SE","@id":"https:\/\/grontkontor.dk\/#\/schema\/logo\/image\/","url":"https:\/\/grontkontor.dk\/wp-content\/uploads\/2014\/02\/Logo_groent_kontor_300x80.png","contentUrl":"https:\/\/grontkontor.dk\/wp-content\/uploads\/2014\/02\/Logo_groent_kontor_300x80.png","width":300,"height":80,"caption":"Gr\u00f8nt Kontor"},"image":{"@id":"https:\/\/grontkontor.dk\/#\/schema\/logo\/image\/"},"sameAs":["https:\/\/www.facebook.com\/grontkontor.dk\/"]}]}},"_links":{"self":[{"href":"https:\/\/grontkontor.dk\/sv\/wp-json\/wp\/v2\/product\/77115"}],"collection":[{"href":"https:\/\/grontkontor.dk\/sv\/wp-json\/wp\/v2\/product"}],"about":[{"href":"https:\/\/grontkontor.dk\/sv\/wp-json\/wp\/v2\/types\/product"}],"replies":[{"embeddable":true,"href":"https:\/\/grontkontor.dk\/sv\/wp-json\/wp\/v2\/comments?post=77115"}],"wp:featuredmedia":[{"embeddable":true,"href":"https:\/\/grontkontor.dk\/sv\/wp-json\/wp\/v2\/media\/42723"}],"wp:attachment":[{"href":"https:\/\/grontkontor.dk\/sv\/wp-json\/wp\/v2\/media?parent=77115"}],"wp:term":[{"taxonomy":"product_cat","embeddable":true,"href":"https:\/\/grontkontor.dk\/sv\/wp-json\/wp\/v2\/product_cat?post=77115"},{"taxonomy":"product_tag","embeddable":true,"href":"https:\/\/grontkontor.dk\/sv\/wp-json\/wp\/v2\/product_tag?post=77115"}],"curies":[{"name":"wp","href":"https:\/\/api.w.org\/{rel}","templated":true}]}}