{"id":77123,"date":"2023-09-22T14:00:29","date_gmt":"2023-09-22T22:13:04","guid":{"rendered":"https:\/\/grontkontor.dk\/produkt\/borsthuvud-i-bok-och-naturfiber-fsc\/"},"modified":"2024-05-16T09:51:08","modified_gmt":"2024-05-16T07:51:08","slug":"boerstehoved-in-boegetrae-och-naturfibrer","status":"publish","type":"product","link":"https:\/\/grontkontor.dk\/sv\/shop\/boerstehoved-in-boegetrae-och-naturfibrer\/","title":{"rendered":"Borsthuvud i bok och naturfiber FSC"},"content":{"rendered":"<p>Milj\u00f6v\u00e4nligt veganskt borsthuvud i slitstarkt bokfan\u00e9r. Borsthuvudet kan skruvas p\u00e5 och av handtaget, vilket g\u00f6r det enkelt att byta ut borsten s\u00e5 att handtaget kan \u00e5teranv\u00e4ndas. Detta g\u00f6r diskborsten till ett bra klimatv\u00e4nligt val. Borsten \u00e4r tillverkad av 100% v\u00e4xtbaserade tampicofibrer, som fr\u00e4mst utvinns fr\u00e5n agavev\u00e4xten.<\/p>\n<p>Produkten produceras i EU med hj\u00e4lp av gr\u00f6na energik\u00e4llor.<\/p>\nFSC certificeringen s\u00e4krar \u00e5terplantering av skog, beskyddar djur- och v\u00e4xtliv\noch s\u00e4krar goda l\u00f6n- och arbetsf\u00f6rh\u00e5llanden. \n<p>&nbsp;<\/p>\n<img loading=\"lazy\" decoding=\"async\" class=\"size-medium wp-image-21008\" src=\"https:\/\/grontkontor.dk\/wp-content\/uploads\/2020\/11\/eu-flag_1-300x199.jpg\" alt=\"Fremstillet i EU\" width=\"76\" height=\"50\" srcset=\"https:\/\/grontkontor.dk\/wp-content\/uploads\/2020\/11\/eu-flag_1-300x199.jpg 300w, https:\/\/grontkontor.dk\/wp-content\/uploads\/2020\/11\/eu-flag_1.jpg 530w\" sizes=\"(max-width: 76px) 100vw, 76px\" \/>\n<a href=\"https:\/\/ic.fsc.org\/en\/\" target=\"window\"><img loading=\"lazy\" decoding=\"async\" class=\"size-full wp-image-12735\" src=\"https:\/\/grontkontor.dk\/wp-content\/uploads\/2019\/04\/fsc-certificeret.png\" \n\t\t alt=\"FSC-certificeret\" title=\"FSC-certificeret\" width=\"44\" height=\"51\" border=0\/><\/a>\n","protected":false},"excerpt":{"rendered":"<p>Milj\u00f6v\u00e4nligt veganskt borsthuvud i slitstarkt bokfan\u00e9r. Borsthuvudet kan skruvas p\u00e5 och av handtaget, vilket g\u00f6r det enkelt att byta ut borsten s\u00e5 att handtaget kan \u00e5teranv\u00e4ndas. Detta g\u00f6r diskborsten till ett bra klimatv\u00e4nligt val. Borsten \u00e4r tillverkad av 100% v\u00e4xtbaserade tampicofibrer, som fr\u00e4mst utvinns fr\u00e5n agavev\u00e4xten. Produkten produceras i EU med hj\u00e4lp av gr\u00f6na energik\u00e4llor. [&hellip;]<\/p>\n","protected":false},"featured_media":42736,"comment_status":"closed","ping_status":"closed","template":"","meta":{"_acf_changed":false},"product_cat":[2107,2394,2416],"product_tag":[2886,2578],"class_list":{"0":"post-77123","1":"product","2":"type-product","3":"status-publish","4":"has-post-thumbnail","6":"product_cat-dummy-moq-1-sv","7":"product_cat-nyheter","8":"product_cat-rengoringsartiklar","9":"product_tag-diskborste","10":"product_tag-rengoering-sv","11":"tm-has-options","13":"first","14":"instock","15":"taxable","16":"shipping-taxable","17":"purchasable","18":"product-type-simple"},"acf":[],"yoast_head":"<!-- This site is optimized with the Yoast SEO Premium plugin v21.2 (Yoast SEO v21.2) - https:\/\/yoast.com\/wordpress\/plugins\/seo\/ -->\n<title>Borsthuvud i bok och naturfiber FSC - Gr\u00f8nt Kontor<\/title>\n<meta name=\"robots\" content=\"index, follow, max-snippet:-1, max-image-preview:large, max-video-preview:-1\" \/>\n<link rel=\"canonical\" href=\"https:\/\/grontkontor.dk\/sv\/shop\/boerstehoved-in-boegetrae-och-naturfibrer\/\" \/>\n<meta property=\"og:locale\" content=\"sv_SE\" \/>\n<meta property=\"og:type\" content=\"article\" \/>\n<meta property=\"og:title\" content=\"Borsthuvud i bok och naturfiber FSC\" \/>\n<meta property=\"og:description\" content=\"Milj\u00f6v\u00e4nligt veganskt borsthuvud i slitstarkt bokfan\u00e9r. Borsthuvudet kan skruvas p\u00e5 och av handtaget, vilket g\u00f6r det enkelt att byta ut borsten s\u00e5 att handtaget kan \u00e5teranv\u00e4ndas. Detta g\u00f6r diskborsten till ett bra klimatv\u00e4nligt val. Borsten \u00e4r tillverkad av 100% v\u00e4xtbaserade tampicofibrer, som fr\u00e4mst utvinns fr\u00e5n agavev\u00e4xten. Produkten produceras i EU med hj\u00e4lp av gr\u00f6na energik\u00e4llor. [&hellip;]\" \/>\n<meta property=\"og:url\" content=\"https:\/\/grontkontor.dk\/sv\/shop\/boerstehoved-in-boegetrae-och-naturfibrer\/\" \/>\n<meta property=\"og:site_name\" content=\"Gr\u00f8nt Kontor\" \/>\n<meta property=\"article:publisher\" content=\"https:\/\/www.facebook.com\/grontkontor.dk\/\" \/>\n<meta property=\"article:modified_time\" content=\"2024-05-16T07:51:08+00:00\" \/>\n<meta property=\"og:image\" content=\"https:\/\/grontkontor.dk\/wp-content\/uploads\/2023\/03\/Klimavenlig-opvaskeboerste-hoved-boeg.jpg\" \/>\n\t<meta property=\"og:image:width\" content=\"900\" \/>\n\t<meta property=\"og:image:height\" content=\"639\" \/>\n\t<meta property=\"og:image:type\" content=\"image\/jpeg\" \/>\n<meta name=\"twitter:card\" content=\"summary_large_image\" \/>\n<script type=\"application\/ld+json\" class=\"yoast-schema-graph\">{\"@context\":\"https:\/\/schema.org\",\"@graph\":[{\"@type\":\"WebPage\",\"@id\":\"https:\/\/grontkontor.dk\/sv\/shop\/boerstehoved-in-boegetrae-och-naturfibrer\/\",\"url\":\"https:\/\/grontkontor.dk\/sv\/shop\/boerstehoved-in-boegetrae-och-naturfibrer\/\",\"name\":\"Borsthuvud i bok och naturfiber FSC - Gr\u00f8nt Kontor\",\"isPartOf\":{\"@id\":\"https:\/\/grontkontor.dk\/#website\"},\"datePublished\":\"2023-09-22T22:13:04+00:00\",\"dateModified\":\"2024-05-16T07:51:08+00:00\",\"breadcrumb\":{\"@id\":\"https:\/\/grontkontor.dk\/sv\/shop\/boerstehoved-in-boegetrae-och-naturfibrer\/#breadcrumb\"},\"inLanguage\":\"sv-SE\",\"potentialAction\":[{\"@type\":\"ReadAction\",\"target\":[\"https:\/\/grontkontor.dk\/sv\/shop\/boerstehoved-in-boegetrae-och-naturfibrer\/\"]}]},{\"@type\":\"BreadcrumbList\",\"@id\":\"https:\/\/grontkontor.dk\/sv\/shop\/boerstehoved-in-boegetrae-och-naturfibrer\/#breadcrumb\",\"itemListElement\":[{\"@type\":\"ListItem\",\"position\":1,\"name\":\"Forside\",\"item\":\"https:\/\/grontkontor.dk\/\"},{\"@type\":\"ListItem\",\"position\":2,\"name\":\"Shop\",\"item\":\"https:\/\/grontkontor.dk\/sv\/shop\/\"},{\"@type\":\"ListItem\",\"position\":3,\"name\":\"Reng\u00f8ring\",\"item\":\"https:\/\/grontkontor.dk\/produkt-kategori\/rengoering\/\"},{\"@type\":\"ListItem\",\"position\":4,\"name\":\"Borsthuvud i bok och naturfiber FSC\"}]},{\"@type\":\"WebSite\",\"@id\":\"https:\/\/grontkontor.dk\/#website\",\"url\":\"https:\/\/grontkontor.dk\/\",\"name\":\"Gr\u00f8nt Kontor\",\"description\":\"Milj\u00f8venlige produkter til kontor og erhverv med fokus p\u00e5 b\u00e6redygtighed, design og fair trade.\",\"publisher\":{\"@id\":\"https:\/\/grontkontor.dk\/#organization\"},\"potentialAction\":[{\"@type\":\"SearchAction\",\"target\":{\"@type\":\"EntryPoint\",\"urlTemplate\":\"https:\/\/grontkontor.dk\/?s={search_term_string}\"},\"query-input\":\"required name=search_term_string\"}],\"inLanguage\":\"sv-SE\"},{\"@type\":\"Organization\",\"@id\":\"https:\/\/grontkontor.dk\/#organization\",\"name\":\"Gr\u00f8nt Kontor\",\"url\":\"https:\/\/grontkontor.dk\/\",\"logo\":{\"@type\":\"ImageObject\",\"inLanguage\":\"sv-SE\",\"@id\":\"https:\/\/grontkontor.dk\/#\/schema\/logo\/image\/\",\"url\":\"https:\/\/grontkontor.dk\/wp-content\/uploads\/2014\/02\/Logo_groent_kontor_300x80.png\",\"contentUrl\":\"https:\/\/grontkontor.dk\/wp-content\/uploads\/2014\/02\/Logo_groent_kontor_300x80.png\",\"width\":300,\"height\":80,\"caption\":\"Gr\u00f8nt Kontor\"},\"image\":{\"@id\":\"https:\/\/grontkontor.dk\/#\/schema\/logo\/image\/\"},\"sameAs\":[\"https:\/\/www.facebook.com\/grontkontor.dk\/\"]}]}<\/script>\n<!-- \/ Yoast SEO Premium plugin. -->","yoast_head_json":{"title":"Borsthuvud i bok och naturfiber FSC - Gr\u00f8nt Kontor","robots":{"index":"index","follow":"follow","max-snippet":"max-snippet:-1","max-image-preview":"max-image-preview:large","max-video-preview":"max-video-preview:-1"},"canonical":"https:\/\/grontkontor.dk\/sv\/shop\/boerstehoved-in-boegetrae-och-naturfibrer\/","og_locale":"sv_SE","og_type":"article","og_title":"Borsthuvud i bok och naturfiber FSC","og_description":"Milj\u00f6v\u00e4nligt veganskt borsthuvud i slitstarkt bokfan\u00e9r. Borsthuvudet kan skruvas p\u00e5 och av handtaget, vilket g\u00f6r det enkelt att byta ut borsten s\u00e5 att handtaget kan \u00e5teranv\u00e4ndas. Detta g\u00f6r diskborsten till ett bra klimatv\u00e4nligt val. Borsten \u00e4r tillverkad av 100% v\u00e4xtbaserade tampicofibrer, som fr\u00e4mst utvinns fr\u00e5n agavev\u00e4xten. Produkten produceras i EU med hj\u00e4lp av gr\u00f6na energik\u00e4llor. [&hellip;]","og_url":"https:\/\/grontkontor.dk\/sv\/shop\/boerstehoved-in-boegetrae-och-naturfibrer\/","og_site_name":"Gr\u00f8nt Kontor","article_publisher":"https:\/\/www.facebook.com\/grontkontor.dk\/","article_modified_time":"2024-05-16T07:51:08+00:00","og_image":[{"width":900,"height":639,"url":"https:\/\/grontkontor.dk\/wp-content\/uploads\/2023\/03\/Klimavenlig-opvaskeboerste-hoved-boeg.jpg","type":"image\/jpeg"}],"twitter_card":"summary_large_image","schema":{"@context":"https:\/\/schema.org","@graph":[{"@type":"WebPage","@id":"https:\/\/grontkontor.dk\/sv\/shop\/boerstehoved-in-boegetrae-och-naturfibrer\/","url":"https:\/\/grontkontor.dk\/sv\/shop\/boerstehoved-in-boegetrae-och-naturfibrer\/","name":"Borsthuvud i bok och naturfiber FSC - Gr\u00f8nt Kontor","isPartOf":{"@id":"https:\/\/grontkontor.dk\/#website"},"datePublished":"2023-09-22T22:13:04+00:00","dateModified":"2024-05-16T07:51:08+00:00","breadcrumb":{"@id":"https:\/\/grontkontor.dk\/sv\/shop\/boerstehoved-in-boegetrae-och-naturfibrer\/#breadcrumb"},"inLanguage":"sv-SE","potentialAction":[{"@type":"ReadAction","target":["https:\/\/grontkontor.dk\/sv\/shop\/boerstehoved-in-boegetrae-och-naturfibrer\/"]}]},{"@type":"BreadcrumbList","@id":"https:\/\/grontkontor.dk\/sv\/shop\/boerstehoved-in-boegetrae-och-naturfibrer\/#breadcrumb","itemListElement":[{"@type":"ListItem","position":1,"name":"Forside","item":"https:\/\/grontkontor.dk\/"},{"@type":"ListItem","position":2,"name":"Shop","item":"https:\/\/grontkontor.dk\/sv\/shop\/"},{"@type":"ListItem","position":3,"name":"Reng\u00f8ring","item":"https:\/\/grontkontor.dk\/produkt-kategori\/rengoering\/"},{"@type":"ListItem","position":4,"name":"Borsthuvud i bok och naturfiber FSC"}]},{"@type":"WebSite","@id":"https:\/\/grontkontor.dk\/#website","url":"https:\/\/grontkontor.dk\/","name":"Gr\u00f8nt Kontor","description":"Milj\u00f8venlige produkter til kontor og erhverv med fokus p\u00e5 b\u00e6redygtighed, design og fair trade.","publisher":{"@id":"https:\/\/grontkontor.dk\/#organization"},"potentialAction":[{"@type":"SearchAction","target":{"@type":"EntryPoint","urlTemplate":"https:\/\/grontkontor.dk\/?s={search_term_string}"},"query-input":"required name=search_term_string"}],"inLanguage":"sv-SE"},{"@type":"Organization","@id":"https:\/\/grontkontor.dk\/#organization","name":"Gr\u00f8nt Kontor","url":"https:\/\/grontkontor.dk\/","logo":{"@type":"ImageObject","inLanguage":"sv-SE","@id":"https:\/\/grontkontor.dk\/#\/schema\/logo\/image\/","url":"https:\/\/grontkontor.dk\/wp-content\/uploads\/2014\/02\/Logo_groent_kontor_300x80.png","contentUrl":"https:\/\/grontkontor.dk\/wp-content\/uploads\/2014\/02\/Logo_groent_kontor_300x80.png","width":300,"height":80,"caption":"Gr\u00f8nt Kontor"},"image":{"@id":"https:\/\/grontkontor.dk\/#\/schema\/logo\/image\/"},"sameAs":["https:\/\/www.facebook.com\/grontkontor.dk\/"]}]}},"_links":{"self":[{"href":"https:\/\/grontkontor.dk\/sv\/wp-json\/wp\/v2\/product\/77123"}],"collection":[{"href":"https:\/\/grontkontor.dk\/sv\/wp-json\/wp\/v2\/product"}],"about":[{"href":"https:\/\/grontkontor.dk\/sv\/wp-json\/wp\/v2\/types\/product"}],"replies":[{"embeddable":true,"href":"https:\/\/grontkontor.dk\/sv\/wp-json\/wp\/v2\/comments?post=77123"}],"wp:featuredmedia":[{"embeddable":true,"href":"https:\/\/grontkontor.dk\/sv\/wp-json\/wp\/v2\/media\/42736"}],"wp:attachment":[{"href":"https:\/\/grontkontor.dk\/sv\/wp-json\/wp\/v2\/media?parent=77123"}],"wp:term":[{"taxonomy":"product_cat","embeddable":true,"href":"https:\/\/grontkontor.dk\/sv\/wp-json\/wp\/v2\/product_cat?post=77123"},{"taxonomy":"product_tag","embeddable":true,"href":"https:\/\/grontkontor.dk\/sv\/wp-json\/wp\/v2\/product_tag?post=77123"}],"curies":[{"name":"wp","href":"https:\/\/api.w.org\/{rel}","templated":true}]}}