{"id":77371,"date":"2024-12-18T10:06:53","date_gmt":"2023-09-22T22:19:05","guid":{"rendered":"https:\/\/grontkontor.dk\/?post_type=product&#038;p=77371"},"modified":"2025-01-17T13:19:23","modified_gmt":"2025-01-17T12:19:23","slug":"coaster-saet-i-kork","status":"publish","type":"product","link":"https:\/\/grontkontor.dk\/sv\/shop\/coaster-saet-i-kork\/","title":{"rendered":"Underl\u00e4gg i kork"},"content":{"rendered":"<p>Milj\u00f6v\u00e4nliga glasunderl\u00e4gg i kork. Dessa klimatsmarta glasunderl\u00e4gg kan levereras med \/ o tryck. L\u00e4mplig f\u00f6r caf\u00e9 eller restaurang. Anv\u00e4nd dem som en fin f\u00f6retagsg\u00e5va eller som en giveaway f\u00f6r m\u00e4ssor eller evenemang.   <\/p>\nKork er et yderst klimavenlig, bionedbrydeligt og komposterbart naturmateriale, der stammer fra korkegen, der gror i hele middelhavsregionen. Kork er en hurtigt regenererende ressource der kan h\u00f8stes hvert \u00e5r p\u00e5 samme tr\u00e6, og er et materiale anbefalet af Verdensnaturfonden. Korkegeskove underst\u00f8tter et af de h\u00f8jeste niveauer af biodiversitet sammenlignet med andre skovtyper. \nBomull \u00e4r en naturprodukt och en av v\u00e4rldens \u00e4ldsta handels- och jordbruksvaror. Denna produkt \u00e4r en av mycket f\u00e5 som vi valt till v\u00e5rt sortiment endast p\u00e5 grund av den unika designen. F\u00f6r ett mer h\u00e5llbart val vill vi rekomendera ekologisk eller \u00e5tervunnen bomull ist\u00e4llet. Alla v\u00e5ra produkter fr\u00e5n Indien och liknande l\u00e4nder \u00e4r certificerade f\u00f6r arbetskraft. \n<p>&nbsp;<\/p>\n","protected":false},"excerpt":{"rendered":"<p>Milj\u00f6v\u00e4nliga glasunderl\u00e4gg i kork. Dessa klimatsmarta glasunderl\u00e4gg kan levereras med \/ o tryck. L\u00e4mplig f\u00f6r caf\u00e9 eller restaurang. Anv\u00e4nd dem som en fin f\u00f6retagsg\u00e5va eller som en giveaway f\u00f6r m\u00e4ssor eller evenemang. &nbsp;<\/p>\n","protected":false},"featured_media":70472,"comment_status":"closed","ping_status":"closed","template":"","meta":{"_acf_changed":false},"product_cat":[2175,2107,2136,867,2233,2394,1854],"product_tag":[2155,2154],"class_list":{"0":"post-77371","1":"product","2":"type-product","3":"status-publish","4":"has-post-thumbnail","6":"product_cat-bambu","7":"product_cat-dummy-moq-1-sv","8":"product_cat-hotell-restaurang","9":"product_cat-miljovaenliga-foretagspresenter","10":"product_cat-mat-och-dryck","11":"product_cat-nyheter","12":"product_cat-produkt-serier-se","13":"product_tag-coaster-sv","14":"product_tag-oelbrik-sv","15":"tm-has-options","17":"first","18":"instock","19":"taxable","20":"shipping-taxable","21":"purchasable","22":"product-type-simple"},"acf":[],"yoast_head":"<!-- This site is optimized with the Yoast SEO Premium plugin v21.2 (Yoast SEO v21.2) - https:\/\/yoast.com\/wordpress\/plugins\/seo\/ -->\n<title>Underl\u00e4gg i kork - Gr\u00f8nt Kontor<\/title>\n<meta name=\"robots\" content=\"index, follow, max-snippet:-1, max-image-preview:large, max-video-preview:-1\" \/>\n<link rel=\"canonical\" href=\"https:\/\/grontkontor.dk\/shop\/coaster-saet-i-kork\/\" \/>\n<meta property=\"og:locale\" content=\"sv_SE\" \/>\n<meta property=\"og:type\" content=\"article\" \/>\n<meta property=\"og:title\" content=\"Underl\u00e4gg i kork\" \/>\n<meta property=\"og:description\" content=\"Milj\u00f6v\u00e4nliga glasunderl\u00e4gg i kork. Dessa klimatsmarta glasunderl\u00e4gg kan levereras med \/ o tryck. L\u00e4mplig f\u00f6r caf\u00e9 eller restaurang. Anv\u00e4nd dem som en fin f\u00f6retagsg\u00e5va eller som en giveaway f\u00f6r m\u00e4ssor eller evenemang. &nbsp;\" \/>\n<meta property=\"og:url\" content=\"https:\/\/grontkontor.dk\/shop\/coaster-saet-i-kork\/\" \/>\n<meta property=\"og:site_name\" content=\"Gr\u00f8nt Kontor\" \/>\n<meta property=\"article:publisher\" content=\"https:\/\/www.facebook.com\/grontkontor.dk\/\" \/>\n<meta property=\"article:modified_time\" content=\"2025-01-17T12:19:23+00:00\" \/>\n<meta property=\"og:image\" content=\"https:\/\/grontkontor.dk\/wp-content\/uploads\/2023\/09\/Coaster-saet-i-klimavenlig-kork.jpg\" \/>\n\t<meta property=\"og:image:width\" content=\"900\" \/>\n\t<meta property=\"og:image:height\" content=\"639\" \/>\n\t<meta property=\"og:image:type\" content=\"image\/jpeg\" \/>\n<meta name=\"twitter:card\" content=\"summary_large_image\" \/>\n<script type=\"application\/ld+json\" class=\"yoast-schema-graph\">{\"@context\":\"https:\/\/schema.org\",\"@graph\":[{\"@type\":\"WebPage\",\"@id\":\"https:\/\/grontkontor.dk\/shop\/coaster-saet-i-kork\/\",\"url\":\"https:\/\/grontkontor.dk\/shop\/coaster-saet-i-kork\/\",\"name\":\"Underl\u00e4gg i kork - Gr\u00f8nt Kontor\",\"isPartOf\":{\"@id\":\"https:\/\/grontkontor.dk\/#website\"},\"datePublished\":\"2023-09-22T22:19:05+00:00\",\"dateModified\":\"2025-01-17T12:19:23+00:00\",\"breadcrumb\":{\"@id\":\"https:\/\/grontkontor.dk\/shop\/coaster-saet-i-kork\/#breadcrumb\"},\"inLanguage\":\"sv-SE\",\"potentialAction\":[{\"@type\":\"ReadAction\",\"target\":[\"https:\/\/grontkontor.dk\/shop\/coaster-saet-i-kork\/\"]}]},{\"@type\":\"BreadcrumbList\",\"@id\":\"https:\/\/grontkontor.dk\/shop\/coaster-saet-i-kork\/#breadcrumb\",\"itemListElement\":[{\"@type\":\"ListItem\",\"position\":1,\"name\":\"Forside\",\"item\":\"https:\/\/grontkontor.dk\/\"},{\"@type\":\"ListItem\",\"position\":2,\"name\":\"Shop\",\"item\":\"https:\/\/grontkontor.dk\/sv\/shop\/\"},{\"@type\":\"ListItem\",\"position\":3,\"name\":\"Produktserier\",\"item\":\"https:\/\/grontkontor.dk\/sv\/produkt-kategori\/produkt-serier-se\/\"},{\"@type\":\"ListItem\",\"position\":4,\"name\":\"Bambu\",\"item\":\"https:\/\/grontkontor.dk\/sv\/produkt-kategori\/produkt-serier-se\/bambu\/\"},{\"@type\":\"ListItem\",\"position\":5,\"name\":\"Underl\u00e4gg i kork\"}]},{\"@type\":\"WebSite\",\"@id\":\"https:\/\/grontkontor.dk\/#website\",\"url\":\"https:\/\/grontkontor.dk\/\",\"name\":\"Gr\u00f8nt Kontor\",\"description\":\"Milj\u00f8venlige produkter til kontor og erhverv med fokus p\u00e5 b\u00e6redygtighed, design og fair trade.\",\"publisher\":{\"@id\":\"https:\/\/grontkontor.dk\/#organization\"},\"potentialAction\":[{\"@type\":\"SearchAction\",\"target\":{\"@type\":\"EntryPoint\",\"urlTemplate\":\"https:\/\/grontkontor.dk\/?s={search_term_string}\"},\"query-input\":\"required name=search_term_string\"}],\"inLanguage\":\"sv-SE\"},{\"@type\":\"Organization\",\"@id\":\"https:\/\/grontkontor.dk\/#organization\",\"name\":\"Gr\u00f8nt Kontor\",\"url\":\"https:\/\/grontkontor.dk\/\",\"logo\":{\"@type\":\"ImageObject\",\"inLanguage\":\"sv-SE\",\"@id\":\"https:\/\/grontkontor.dk\/#\/schema\/logo\/image\/\",\"url\":\"https:\/\/grontkontor.dk\/wp-content\/uploads\/2014\/02\/Logo_groent_kontor_300x80.png\",\"contentUrl\":\"https:\/\/grontkontor.dk\/wp-content\/uploads\/2014\/02\/Logo_groent_kontor_300x80.png\",\"width\":300,\"height\":80,\"caption\":\"Gr\u00f8nt Kontor\"},\"image\":{\"@id\":\"https:\/\/grontkontor.dk\/#\/schema\/logo\/image\/\"},\"sameAs\":[\"https:\/\/www.facebook.com\/grontkontor.dk\/\"]}]}<\/script>\n<!-- \/ Yoast SEO Premium plugin. -->","yoast_head_json":{"title":"Underl\u00e4gg i kork - Gr\u00f8nt Kontor","robots":{"index":"index","follow":"follow","max-snippet":"max-snippet:-1","max-image-preview":"max-image-preview:large","max-video-preview":"max-video-preview:-1"},"canonical":"https:\/\/grontkontor.dk\/shop\/coaster-saet-i-kork\/","og_locale":"sv_SE","og_type":"article","og_title":"Underl\u00e4gg i kork","og_description":"Milj\u00f6v\u00e4nliga glasunderl\u00e4gg i kork. Dessa klimatsmarta glasunderl\u00e4gg kan levereras med \/ o tryck. L\u00e4mplig f\u00f6r caf\u00e9 eller restaurang. Anv\u00e4nd dem som en fin f\u00f6retagsg\u00e5va eller som en giveaway f\u00f6r m\u00e4ssor eller evenemang. &nbsp;","og_url":"https:\/\/grontkontor.dk\/shop\/coaster-saet-i-kork\/","og_site_name":"Gr\u00f8nt Kontor","article_publisher":"https:\/\/www.facebook.com\/grontkontor.dk\/","article_modified_time":"2025-01-17T12:19:23+00:00","og_image":[{"width":900,"height":639,"url":"https:\/\/grontkontor.dk\/wp-content\/uploads\/2023\/09\/Coaster-saet-i-klimavenlig-kork.jpg","type":"image\/jpeg"}],"twitter_card":"summary_large_image","schema":{"@context":"https:\/\/schema.org","@graph":[{"@type":"WebPage","@id":"https:\/\/grontkontor.dk\/shop\/coaster-saet-i-kork\/","url":"https:\/\/grontkontor.dk\/shop\/coaster-saet-i-kork\/","name":"Underl\u00e4gg i kork - Gr\u00f8nt Kontor","isPartOf":{"@id":"https:\/\/grontkontor.dk\/#website"},"datePublished":"2023-09-22T22:19:05+00:00","dateModified":"2025-01-17T12:19:23+00:00","breadcrumb":{"@id":"https:\/\/grontkontor.dk\/shop\/coaster-saet-i-kork\/#breadcrumb"},"inLanguage":"sv-SE","potentialAction":[{"@type":"ReadAction","target":["https:\/\/grontkontor.dk\/shop\/coaster-saet-i-kork\/"]}]},{"@type":"BreadcrumbList","@id":"https:\/\/grontkontor.dk\/shop\/coaster-saet-i-kork\/#breadcrumb","itemListElement":[{"@type":"ListItem","position":1,"name":"Forside","item":"https:\/\/grontkontor.dk\/"},{"@type":"ListItem","position":2,"name":"Shop","item":"https:\/\/grontkontor.dk\/sv\/shop\/"},{"@type":"ListItem","position":3,"name":"Produktserier","item":"https:\/\/grontkontor.dk\/sv\/produkt-kategori\/produkt-serier-se\/"},{"@type":"ListItem","position":4,"name":"Bambu","item":"https:\/\/grontkontor.dk\/sv\/produkt-kategori\/produkt-serier-se\/bambu\/"},{"@type":"ListItem","position":5,"name":"Underl\u00e4gg i kork"}]},{"@type":"WebSite","@id":"https:\/\/grontkontor.dk\/#website","url":"https:\/\/grontkontor.dk\/","name":"Gr\u00f8nt Kontor","description":"Milj\u00f8venlige produkter til kontor og erhverv med fokus p\u00e5 b\u00e6redygtighed, design og fair trade.","publisher":{"@id":"https:\/\/grontkontor.dk\/#organization"},"potentialAction":[{"@type":"SearchAction","target":{"@type":"EntryPoint","urlTemplate":"https:\/\/grontkontor.dk\/?s={search_term_string}"},"query-input":"required name=search_term_string"}],"inLanguage":"sv-SE"},{"@type":"Organization","@id":"https:\/\/grontkontor.dk\/#organization","name":"Gr\u00f8nt Kontor","url":"https:\/\/grontkontor.dk\/","logo":{"@type":"ImageObject","inLanguage":"sv-SE","@id":"https:\/\/grontkontor.dk\/#\/schema\/logo\/image\/","url":"https:\/\/grontkontor.dk\/wp-content\/uploads\/2014\/02\/Logo_groent_kontor_300x80.png","contentUrl":"https:\/\/grontkontor.dk\/wp-content\/uploads\/2014\/02\/Logo_groent_kontor_300x80.png","width":300,"height":80,"caption":"Gr\u00f8nt Kontor"},"image":{"@id":"https:\/\/grontkontor.dk\/#\/schema\/logo\/image\/"},"sameAs":["https:\/\/www.facebook.com\/grontkontor.dk\/"]}]}},"_links":{"self":[{"href":"https:\/\/grontkontor.dk\/sv\/wp-json\/wp\/v2\/product\/77371"}],"collection":[{"href":"https:\/\/grontkontor.dk\/sv\/wp-json\/wp\/v2\/product"}],"about":[{"href":"https:\/\/grontkontor.dk\/sv\/wp-json\/wp\/v2\/types\/product"}],"replies":[{"embeddable":true,"href":"https:\/\/grontkontor.dk\/sv\/wp-json\/wp\/v2\/comments?post=77371"}],"wp:featuredmedia":[{"embeddable":true,"href":"https:\/\/grontkontor.dk\/sv\/wp-json\/wp\/v2\/media\/70472"}],"wp:attachment":[{"href":"https:\/\/grontkontor.dk\/sv\/wp-json\/wp\/v2\/media?parent=77371"}],"wp:term":[{"taxonomy":"product_cat","embeddable":true,"href":"https:\/\/grontkontor.dk\/sv\/wp-json\/wp\/v2\/product_cat?post=77371"},{"taxonomy":"product_tag","embeddable":true,"href":"https:\/\/grontkontor.dk\/sv\/wp-json\/wp\/v2\/product_tag?post=77371"}],"curies":[{"name":"wp","href":"https:\/\/api.w.org\/{rel}","templated":true}]}}