{"id":77378,"date":"2023-09-22T14:06:53","date_gmt":"2023-09-22T22:19:17","guid":{"rendered":"https:\/\/grontkontor.dk\/produkt\/termoflaska-i-staal-500ml\/"},"modified":"2024-02-22T11:08:44","modified_gmt":"2024-02-22T10:08:44","slug":"termoflaska-i-staal-500ml","status":"publish","type":"product","link":"https:\/\/grontkontor.dk\/sv\/shop\/termoflaska-i-staal-500ml\/","title":{"rendered":"Termosflaska i st\u00e5l 500ml"},"content":{"rendered":"<p>Rustik och exklusiv termosflaska i rostfritt st\u00e5l. Lock i st\u00e5l och klimatv\u00e4nlig bambu med droppfri silikonring. En supert\u00e5lig och milj\u00f6v\u00e4nlig produkt perfekt f\u00f6r l\u00e4gerresan eller som giveaway f\u00f6r m\u00e4ssa och event. Levereras individuellt f\u00f6rpackad i presentf\u00f6rpackning. L\u00e4mplig f\u00f6r diskmaskin, inte l\u00e4mplig f\u00f6r mikrov\u00e5gsugn. Termosflaskan \u00e4r Framst\u00e4llt av h\u00f6gkvalitativt st\u00e5l, godk\u00e4nt till kontakt med livsmedel och 100% BPA fri Inneh\u00e5ll: 500 ml Finns \u00e4ven i valfri f\u00e4rg <a class=\"light\" href=\"..\/produkt\/termoflaske-i-staal-500ml\/\">h\u00e4r.<\/a> &nbsp; St\u00e5l\/j\u00e4rn \u00e4r en \u00e5tranv\u00e4ndbar och i praktiken obegr\u00e4nsad resurs som inte f\u00f6rorenar vid kassering. Produktionen av st\u00e5l \u00e4r i sig sj\u00e4lv inte h\u00e5llbar, d\u00e5 det produceras stora m\u00e4ngder CO2 fr\u00e5n fossila materialer i processen. Men d\u00e4remot har st\u00e5lprodukter en ovanligt l\u00e5ng levnadstid och g\u00f6r det m\u00f6jligt f\u00f6r \u00e5tervinning i det o\u00e4ndliga, vilket sker i s\u00e5 stort utstr\u00e4ckning att absolut st\u00f6rsta delen av allt st\u00e5l p\u00e5 marknaden, i huvudsak, best\u00e5r av \u00e5tervunnet st\u00e5l.  &nbsp; Bambu \u00e4r biologiskt nedbrytbart och d\u00e4rf\u00f6r ett fantastiskt material n\u00e4r det kommer till h\u00e5llbarhet. Den har en extremt snabb \u00e5terv\u00e4xt efter sk\u00f6rd. Banbu fungerar, precis som andra naturprodukter, som ett CO2 dep\u00e5 under hela sin livsdid.  &nbsp;<\/p>\n","protected":false},"excerpt":{"rendered":"<p>Rustik och exklusiv termosflaska i rostfritt st\u00e5l. Lock i st\u00e5l och klimatv\u00e4nlig bambu med droppfri silikonring. En supert\u00e5lig och milj\u00f6v\u00e4nlig produkt perfekt f\u00f6r l\u00e4gerresan eller som giveaway f\u00f6r m\u00e4ssa och event. Levereras individuellt f\u00f6rpackad i presentf\u00f6rpackning. L\u00e4mplig f\u00f6r diskmaskin, inte l\u00e4mplig f\u00f6r mikrov\u00e5gsugn. Termosflaskan \u00e4r Inneh\u00e5ll: 500 ml Finns \u00e4ven i valfri f\u00e4rg h\u00e4r. &nbsp; [&hellip;]<\/p>\n","protected":false},"featured_media":70577,"comment_status":"closed","ping_status":"closed","template":"","meta":{"_acf_changed":false},"product_cat":[4399,2107,2233,2394,2003],"product_tag":[1977],"class_list":{"0":"post-77378","1":"product","2":"type-product","3":"status-publish","4":"has-post-thumbnail","6":"product_cat-termoser-och-vattenflaskor","7":"product_cat-dummy-moq-1-sv","8":"product_cat-mat-och-dryck","9":"product_cat-nyheter","10":"product_cat-drikkedunke-og-termoflasker-sv","11":"product_tag-termoflaske-sv","12":"tm-has-options","14":"first","15":"instock","16":"sale","17":"taxable","18":"shipping-taxable","19":"purchasable","20":"product-type-simple"},"acf":[],"yoast_head":"<!-- This site is optimized with the Yoast SEO Premium plugin v21.2 (Yoast SEO v21.2) - https:\/\/yoast.com\/wordpress\/plugins\/seo\/ -->\n<title>Termosflaska i st\u00e5l 500ml - Gr\u00f8nt Kontor<\/title>\n<meta name=\"robots\" content=\"index, follow, max-snippet:-1, max-image-preview:large, max-video-preview:-1\" \/>\n<link rel=\"canonical\" href=\"https:\/\/grontkontor.dk\/sv\/shop\/termoflaska-i-staal-500ml\/\" \/>\n<meta property=\"og:locale\" content=\"sv_SE\" \/>\n<meta property=\"og:type\" content=\"article\" \/>\n<meta property=\"og:title\" content=\"Termosflaska i st\u00e5l 500ml\" \/>\n<meta property=\"og:description\" content=\"Rustik och exklusiv termosflaska i rostfritt st\u00e5l. Lock i st\u00e5l och klimatv\u00e4nlig bambu med droppfri silikonring. En supert\u00e5lig och milj\u00f6v\u00e4nlig produkt perfekt f\u00f6r l\u00e4gerresan eller som giveaway f\u00f6r m\u00e4ssa och event. Levereras individuellt f\u00f6rpackad i presentf\u00f6rpackning. L\u00e4mplig f\u00f6r diskmaskin, inte l\u00e4mplig f\u00f6r mikrov\u00e5gsugn. Termosflaskan \u00e4r Inneh\u00e5ll: 500 ml Finns \u00e4ven i valfri f\u00e4rg h\u00e4r. &nbsp; [&hellip;]\" \/>\n<meta property=\"og:url\" content=\"https:\/\/grontkontor.dk\/sv\/shop\/termoflaska-i-staal-500ml\/\" \/>\n<meta property=\"og:site_name\" content=\"Gr\u00f8nt Kontor\" \/>\n<meta property=\"article:publisher\" content=\"https:\/\/www.facebook.com\/grontkontor.dk\/\" \/>\n<meta property=\"article:modified_time\" content=\"2024-02-22T10:08:44+00:00\" \/>\n<meta property=\"og:image\" content=\"https:\/\/grontkontor.dk\/wp-content\/uploads\/2023\/09\/Miljoevenlig-staalflaske-500-ml.jpg\" \/>\n\t<meta property=\"og:image:width\" content=\"900\" \/>\n\t<meta property=\"og:image:height\" content=\"639\" \/>\n\t<meta property=\"og:image:type\" content=\"image\/jpeg\" \/>\n<meta name=\"twitter:card\" content=\"summary_large_image\" \/>\n<script type=\"application\/ld+json\" class=\"yoast-schema-graph\">{\"@context\":\"https:\/\/schema.org\",\"@graph\":[{\"@type\":\"WebPage\",\"@id\":\"https:\/\/grontkontor.dk\/sv\/shop\/termoflaska-i-staal-500ml\/\",\"url\":\"https:\/\/grontkontor.dk\/sv\/shop\/termoflaska-i-staal-500ml\/\",\"name\":\"Termosflaska i st\u00e5l 500ml - Gr\u00f8nt Kontor\",\"isPartOf\":{\"@id\":\"https:\/\/grontkontor.dk\/#website\"},\"datePublished\":\"2023-09-22T22:19:17+00:00\",\"dateModified\":\"2024-02-22T10:08:44+00:00\",\"breadcrumb\":{\"@id\":\"https:\/\/grontkontor.dk\/sv\/shop\/termoflaska-i-staal-500ml\/#breadcrumb\"},\"inLanguage\":\"sv-SE\",\"potentialAction\":[{\"@type\":\"ReadAction\",\"target\":[\"https:\/\/grontkontor.dk\/sv\/shop\/termoflaska-i-staal-500ml\/\"]}]},{\"@type\":\"BreadcrumbList\",\"@id\":\"https:\/\/grontkontor.dk\/sv\/shop\/termoflaska-i-staal-500ml\/#breadcrumb\",\"itemListElement\":[{\"@type\":\"ListItem\",\"position\":1,\"name\":\"Forside\",\"item\":\"https:\/\/grontkontor.dk\/\"},{\"@type\":\"ListItem\",\"position\":2,\"name\":\"Shop\",\"item\":\"https:\/\/grontkontor.dk\/sv\/shop\/\"},{\"@type\":\"ListItem\",\"position\":3,\"name\":\"Klimatsmarta f\u00f6retagspresenter\",\"item\":\"https:\/\/grontkontor.dk\/sv\/produkt-kategori\/miljovaenliga-foretagspresenter\/\"},{\"@type\":\"ListItem\",\"position\":4,\"name\":\"Termoser och vattenflaskor\",\"item\":\"https:\/\/grontkontor.dk\/sv\/produkt-kategori\/miljovaenliga-foretagspresenter\/termoser-och-vattenflaskor\/\"},{\"@type\":\"ListItem\",\"position\":5,\"name\":\"Termosflaska i st\u00e5l 500ml\"}]},{\"@type\":\"WebSite\",\"@id\":\"https:\/\/grontkontor.dk\/#website\",\"url\":\"https:\/\/grontkontor.dk\/\",\"name\":\"Gr\u00f8nt Kontor\",\"description\":\"Milj\u00f8venlige produkter til kontor og erhverv med fokus p\u00e5 b\u00e6redygtighed, design og fair trade.\",\"publisher\":{\"@id\":\"https:\/\/grontkontor.dk\/#organization\"},\"potentialAction\":[{\"@type\":\"SearchAction\",\"target\":{\"@type\":\"EntryPoint\",\"urlTemplate\":\"https:\/\/grontkontor.dk\/?s={search_term_string}\"},\"query-input\":\"required name=search_term_string\"}],\"inLanguage\":\"sv-SE\"},{\"@type\":\"Organization\",\"@id\":\"https:\/\/grontkontor.dk\/#organization\",\"name\":\"Gr\u00f8nt Kontor\",\"url\":\"https:\/\/grontkontor.dk\/\",\"logo\":{\"@type\":\"ImageObject\",\"inLanguage\":\"sv-SE\",\"@id\":\"https:\/\/grontkontor.dk\/#\/schema\/logo\/image\/\",\"url\":\"https:\/\/grontkontor.dk\/wp-content\/uploads\/2014\/02\/Logo_groent_kontor_300x80.png\",\"contentUrl\":\"https:\/\/grontkontor.dk\/wp-content\/uploads\/2014\/02\/Logo_groent_kontor_300x80.png\",\"width\":300,\"height\":80,\"caption\":\"Gr\u00f8nt Kontor\"},\"image\":{\"@id\":\"https:\/\/grontkontor.dk\/#\/schema\/logo\/image\/\"},\"sameAs\":[\"https:\/\/www.facebook.com\/grontkontor.dk\/\"]}]}<\/script>\n<!-- \/ Yoast SEO Premium plugin. -->","yoast_head_json":{"title":"Termosflaska i st\u00e5l 500ml - Gr\u00f8nt Kontor","robots":{"index":"index","follow":"follow","max-snippet":"max-snippet:-1","max-image-preview":"max-image-preview:large","max-video-preview":"max-video-preview:-1"},"canonical":"https:\/\/grontkontor.dk\/sv\/shop\/termoflaska-i-staal-500ml\/","og_locale":"sv_SE","og_type":"article","og_title":"Termosflaska i st\u00e5l 500ml","og_description":"Rustik och exklusiv termosflaska i rostfritt st\u00e5l. Lock i st\u00e5l och klimatv\u00e4nlig bambu med droppfri silikonring. En supert\u00e5lig och milj\u00f6v\u00e4nlig produkt perfekt f\u00f6r l\u00e4gerresan eller som giveaway f\u00f6r m\u00e4ssa och event. Levereras individuellt f\u00f6rpackad i presentf\u00f6rpackning. L\u00e4mplig f\u00f6r diskmaskin, inte l\u00e4mplig f\u00f6r mikrov\u00e5gsugn. Termosflaskan \u00e4r Inneh\u00e5ll: 500 ml Finns \u00e4ven i valfri f\u00e4rg h\u00e4r. &nbsp; [&hellip;]","og_url":"https:\/\/grontkontor.dk\/sv\/shop\/termoflaska-i-staal-500ml\/","og_site_name":"Gr\u00f8nt Kontor","article_publisher":"https:\/\/www.facebook.com\/grontkontor.dk\/","article_modified_time":"2024-02-22T10:08:44+00:00","og_image":[{"width":900,"height":639,"url":"https:\/\/grontkontor.dk\/wp-content\/uploads\/2023\/09\/Miljoevenlig-staalflaske-500-ml.jpg","type":"image\/jpeg"}],"twitter_card":"summary_large_image","schema":{"@context":"https:\/\/schema.org","@graph":[{"@type":"WebPage","@id":"https:\/\/grontkontor.dk\/sv\/shop\/termoflaska-i-staal-500ml\/","url":"https:\/\/grontkontor.dk\/sv\/shop\/termoflaska-i-staal-500ml\/","name":"Termosflaska i st\u00e5l 500ml - Gr\u00f8nt Kontor","isPartOf":{"@id":"https:\/\/grontkontor.dk\/#website"},"datePublished":"2023-09-22T22:19:17+00:00","dateModified":"2024-02-22T10:08:44+00:00","breadcrumb":{"@id":"https:\/\/grontkontor.dk\/sv\/shop\/termoflaska-i-staal-500ml\/#breadcrumb"},"inLanguage":"sv-SE","potentialAction":[{"@type":"ReadAction","target":["https:\/\/grontkontor.dk\/sv\/shop\/termoflaska-i-staal-500ml\/"]}]},{"@type":"BreadcrumbList","@id":"https:\/\/grontkontor.dk\/sv\/shop\/termoflaska-i-staal-500ml\/#breadcrumb","itemListElement":[{"@type":"ListItem","position":1,"name":"Forside","item":"https:\/\/grontkontor.dk\/"},{"@type":"ListItem","position":2,"name":"Shop","item":"https:\/\/grontkontor.dk\/sv\/shop\/"},{"@type":"ListItem","position":3,"name":"Klimatsmarta f\u00f6retagspresenter","item":"https:\/\/grontkontor.dk\/sv\/produkt-kategori\/miljovaenliga-foretagspresenter\/"},{"@type":"ListItem","position":4,"name":"Termoser och vattenflaskor","item":"https:\/\/grontkontor.dk\/sv\/produkt-kategori\/miljovaenliga-foretagspresenter\/termoser-och-vattenflaskor\/"},{"@type":"ListItem","position":5,"name":"Termosflaska i st\u00e5l 500ml"}]},{"@type":"WebSite","@id":"https:\/\/grontkontor.dk\/#website","url":"https:\/\/grontkontor.dk\/","name":"Gr\u00f8nt Kontor","description":"Milj\u00f8venlige produkter til kontor og erhverv med fokus p\u00e5 b\u00e6redygtighed, design og fair trade.","publisher":{"@id":"https:\/\/grontkontor.dk\/#organization"},"potentialAction":[{"@type":"SearchAction","target":{"@type":"EntryPoint","urlTemplate":"https:\/\/grontkontor.dk\/?s={search_term_string}"},"query-input":"required name=search_term_string"}],"inLanguage":"sv-SE"},{"@type":"Organization","@id":"https:\/\/grontkontor.dk\/#organization","name":"Gr\u00f8nt Kontor","url":"https:\/\/grontkontor.dk\/","logo":{"@type":"ImageObject","inLanguage":"sv-SE","@id":"https:\/\/grontkontor.dk\/#\/schema\/logo\/image\/","url":"https:\/\/grontkontor.dk\/wp-content\/uploads\/2014\/02\/Logo_groent_kontor_300x80.png","contentUrl":"https:\/\/grontkontor.dk\/wp-content\/uploads\/2014\/02\/Logo_groent_kontor_300x80.png","width":300,"height":80,"caption":"Gr\u00f8nt Kontor"},"image":{"@id":"https:\/\/grontkontor.dk\/#\/schema\/logo\/image\/"},"sameAs":["https:\/\/www.facebook.com\/grontkontor.dk\/"]}]}},"_links":{"self":[{"href":"https:\/\/grontkontor.dk\/sv\/wp-json\/wp\/v2\/product\/77378"}],"collection":[{"href":"https:\/\/grontkontor.dk\/sv\/wp-json\/wp\/v2\/product"}],"about":[{"href":"https:\/\/grontkontor.dk\/sv\/wp-json\/wp\/v2\/types\/product"}],"replies":[{"embeddable":true,"href":"https:\/\/grontkontor.dk\/sv\/wp-json\/wp\/v2\/comments?post=77378"}],"wp:featuredmedia":[{"embeddable":true,"href":"https:\/\/grontkontor.dk\/sv\/wp-json\/wp\/v2\/media\/70577"}],"wp:attachment":[{"href":"https:\/\/grontkontor.dk\/sv\/wp-json\/wp\/v2\/media?parent=77378"}],"wp:term":[{"taxonomy":"product_cat","embeddable":true,"href":"https:\/\/grontkontor.dk\/sv\/wp-json\/wp\/v2\/product_cat?post=77378"},{"taxonomy":"product_tag","embeddable":true,"href":"https:\/\/grontkontor.dk\/sv\/wp-json\/wp\/v2\/product_tag?post=77378"}],"curies":[{"name":"wp","href":"https:\/\/api.w.org\/{rel}","templated":true}]}}