{"id":78646,"date":"2023-10-17T13:08:10","date_gmt":"2023-10-17T11:08:10","guid":{"rendered":"https:\/\/grontkontor.dk\/?post_type=product&#038;p=78646"},"modified":"2024-02-22T09:11:34","modified_gmt":"2024-02-22T08:11:34","slug":"kuglepen-med-evighedsblyant-og-touchpen","status":"publish","type":"product","link":"https:\/\/grontkontor.dk\/sv\/shop\/kuglepen-med-evighedsblyant-og-touchpen\/","title":{"rendered":"Kulspetspenna med evighetspenna och pekpenna"},"content":{"rendered":"<p>Milj\u00f6v\u00e4nlig och multifunktionell penna med pekpenna, evighetspenna och suddgummi. Evighetspennan har en praktiskt taget o\u00e4ndlig livsl\u00e4ngd, s\u00e5 du beh\u00f6ver inte byta penna om och om igen, och pennan kan bytas ut mot refill av parker-typ. Ett klimatsmart val f\u00f6r kontoret, som en handout f\u00f6r m\u00e4ssor, event eller konferenser. Levereras i individuellt f\u00f6rpackad bomullsp\u00e5se. Finns m\/u logotryck eller gravyr.<\/p>\n<p>&nbsp;<\/p>\nBambu \u00e4r ett fantastiskt material n\u00e4r det kommer till h\u00e5llbarhet. Den en av de mest snabbv\u00e4xande plantor i v\u00e4rlden, vilket betyder en snabb \u00e5terv\u00e4xt efter sk\u00f6rd. Bambu fungerar, precis som andra naturprodukter, som ett CO2 dep\u00e5 under hela sin livstid och odlas utan pesticider och konstg\u00f6dsel. \n","protected":false},"excerpt":{"rendered":"<p>Milj\u00f6v\u00e4nlig och multifunktionell penna med pekpenna, evighetspenna och suddgummi. Evighetspennan har en praktiskt taget o\u00e4ndlig livsl\u00e4ngd, s\u00e5 du beh\u00f6ver inte byta penna om och om igen, och pennan kan bytas ut mot refill av parker-typ. Ett klimatsmart val f\u00f6r kontoret, som en handout f\u00f6r m\u00e4ssor, event eller konferenser. Levereras i individuellt f\u00f6rpackad bomullsp\u00e5se. Finns m\/u [&hellip;]<\/p>\n","protected":false},"featured_media":78652,"comment_status":"closed","ping_status":"closed","template":"","meta":{"_acf_changed":false},"product_cat":[4415,2107,2394,667,665],"product_tag":[766,1681],"class_list":{"0":"post-78646","1":"product","2":"type-product","3":"status-publish","4":"has-post-thumbnail","6":"product_cat-pennor-och-blyertspennor","7":"product_cat-dummy-moq-1-sv","8":"product_cat-nyheter","9":"product_cat-kulspetspennor","10":"product_cat-skrivtillbehoer","11":"product_tag-kulpenna","12":"product_tag-touchpen-sv","13":"tm-has-options","15":"first","16":"instock","17":"taxable","18":"shipping-taxable","19":"purchasable","20":"product-type-simple"},"acf":[],"yoast_head":"<!-- This site is optimized with the Yoast SEO Premium plugin v21.2 (Yoast SEO v21.2) - https:\/\/yoast.com\/wordpress\/plugins\/seo\/ -->\n<title>Kulspetspenna med evighetspenna och pekpenna - Gr\u00f8nt Kontor<\/title>\n<meta name=\"robots\" content=\"index, follow, max-snippet:-1, max-image-preview:large, max-video-preview:-1\" \/>\n<link rel=\"canonical\" href=\"https:\/\/grontkontor.dk\/shop\/kuglepen-med-evighedsblyant-og-touchpen\/\" \/>\n<meta property=\"og:locale\" content=\"sv_SE\" \/>\n<meta property=\"og:type\" content=\"article\" \/>\n<meta property=\"og:title\" content=\"Kulspetspenna med evighetspenna och pekpenna\" \/>\n<meta property=\"og:description\" content=\"Milj\u00f6v\u00e4nlig och multifunktionell penna med pekpenna, evighetspenna och suddgummi. Evighetspennan har en praktiskt taget o\u00e4ndlig livsl\u00e4ngd, s\u00e5 du beh\u00f6ver inte byta penna om och om igen, och pennan kan bytas ut mot refill av parker-typ. Ett klimatsmart val f\u00f6r kontoret, som en handout f\u00f6r m\u00e4ssor, event eller konferenser. Levereras i individuellt f\u00f6rpackad bomullsp\u00e5se. Finns m\/u [&hellip;]\" \/>\n<meta property=\"og:url\" content=\"https:\/\/grontkontor.dk\/shop\/kuglepen-med-evighedsblyant-og-touchpen\/\" \/>\n<meta property=\"og:site_name\" content=\"Gr\u00f8nt Kontor\" \/>\n<meta property=\"article:publisher\" content=\"https:\/\/www.facebook.com\/grontkontor.dk\/\" \/>\n<meta property=\"article:modified_time\" content=\"2024-02-22T08:11:34+00:00\" \/>\n<meta property=\"og:image\" content=\"https:\/\/grontkontor.dk\/wp-content\/uploads\/2023\/10\/Miljoevenlig-bambus-kuglepen-med-evighedspen-og-touchpen.jpg\" \/>\n\t<meta property=\"og:image:width\" content=\"900\" \/>\n\t<meta property=\"og:image:height\" content=\"639\" \/>\n\t<meta property=\"og:image:type\" content=\"image\/jpeg\" \/>\n<meta name=\"twitter:card\" content=\"summary_large_image\" \/>\n<script type=\"application\/ld+json\" class=\"yoast-schema-graph\">{\"@context\":\"https:\/\/schema.org\",\"@graph\":[{\"@type\":\"WebPage\",\"@id\":\"https:\/\/grontkontor.dk\/shop\/kuglepen-med-evighedsblyant-og-touchpen\/\",\"url\":\"https:\/\/grontkontor.dk\/shop\/kuglepen-med-evighedsblyant-og-touchpen\/\",\"name\":\"Kulspetspenna med evighetspenna och pekpenna - Gr\u00f8nt Kontor\",\"isPartOf\":{\"@id\":\"https:\/\/grontkontor.dk\/#website\"},\"datePublished\":\"2023-10-17T11:08:10+00:00\",\"dateModified\":\"2024-02-22T08:11:34+00:00\",\"breadcrumb\":{\"@id\":\"https:\/\/grontkontor.dk\/shop\/kuglepen-med-evighedsblyant-og-touchpen\/#breadcrumb\"},\"inLanguage\":\"sv-SE\",\"potentialAction\":[{\"@type\":\"ReadAction\",\"target\":[\"https:\/\/grontkontor.dk\/shop\/kuglepen-med-evighedsblyant-og-touchpen\/\"]}]},{\"@type\":\"BreadcrumbList\",\"@id\":\"https:\/\/grontkontor.dk\/shop\/kuglepen-med-evighedsblyant-og-touchpen\/#breadcrumb\",\"itemListElement\":[{\"@type\":\"ListItem\",\"position\":1,\"name\":\"Forside\",\"item\":\"https:\/\/grontkontor.dk\/\"},{\"@type\":\"ListItem\",\"position\":2,\"name\":\"Shop\",\"item\":\"https:\/\/grontkontor.dk\/sv\/shop\/\"},{\"@type\":\"ListItem\",\"position\":3,\"name\":\"Klimatsmarta f\u00f6retagspresenter\",\"item\":\"https:\/\/grontkontor.dk\/sv\/produkt-kategori\/miljovaenliga-foretagspresenter\/\"},{\"@type\":\"ListItem\",\"position\":4,\"name\":\"Pennor och blyertspennor\",\"item\":\"https:\/\/grontkontor.dk\/sv\/produkt-kategori\/miljovaenliga-foretagspresenter\/pennor-och-blyertspennor\/\"},{\"@type\":\"ListItem\",\"position\":5,\"name\":\"Kulspetspenna med evighetspenna och pekpenna\"}]},{\"@type\":\"WebSite\",\"@id\":\"https:\/\/grontkontor.dk\/#website\",\"url\":\"https:\/\/grontkontor.dk\/\",\"name\":\"Gr\u00f8nt Kontor\",\"description\":\"Milj\u00f8venlige produkter til kontor og erhverv med fokus p\u00e5 b\u00e6redygtighed, design og fair trade.\",\"publisher\":{\"@id\":\"https:\/\/grontkontor.dk\/#organization\"},\"potentialAction\":[{\"@type\":\"SearchAction\",\"target\":{\"@type\":\"EntryPoint\",\"urlTemplate\":\"https:\/\/grontkontor.dk\/?s={search_term_string}\"},\"query-input\":\"required name=search_term_string\"}],\"inLanguage\":\"sv-SE\"},{\"@type\":\"Organization\",\"@id\":\"https:\/\/grontkontor.dk\/#organization\",\"name\":\"Gr\u00f8nt Kontor\",\"url\":\"https:\/\/grontkontor.dk\/\",\"logo\":{\"@type\":\"ImageObject\",\"inLanguage\":\"sv-SE\",\"@id\":\"https:\/\/grontkontor.dk\/#\/schema\/logo\/image\/\",\"url\":\"https:\/\/grontkontor.dk\/wp-content\/uploads\/2014\/02\/Logo_groent_kontor_300x80.png\",\"contentUrl\":\"https:\/\/grontkontor.dk\/wp-content\/uploads\/2014\/02\/Logo_groent_kontor_300x80.png\",\"width\":300,\"height\":80,\"caption\":\"Gr\u00f8nt Kontor\"},\"image\":{\"@id\":\"https:\/\/grontkontor.dk\/#\/schema\/logo\/image\/\"},\"sameAs\":[\"https:\/\/www.facebook.com\/grontkontor.dk\/\"]}]}<\/script>\n<!-- \/ Yoast SEO Premium plugin. -->","yoast_head_json":{"title":"Kulspetspenna med evighetspenna och pekpenna - Gr\u00f8nt Kontor","robots":{"index":"index","follow":"follow","max-snippet":"max-snippet:-1","max-image-preview":"max-image-preview:large","max-video-preview":"max-video-preview:-1"},"canonical":"https:\/\/grontkontor.dk\/shop\/kuglepen-med-evighedsblyant-og-touchpen\/","og_locale":"sv_SE","og_type":"article","og_title":"Kulspetspenna med evighetspenna och pekpenna","og_description":"Milj\u00f6v\u00e4nlig och multifunktionell penna med pekpenna, evighetspenna och suddgummi. Evighetspennan har en praktiskt taget o\u00e4ndlig livsl\u00e4ngd, s\u00e5 du beh\u00f6ver inte byta penna om och om igen, och pennan kan bytas ut mot refill av parker-typ. Ett klimatsmart val f\u00f6r kontoret, som en handout f\u00f6r m\u00e4ssor, event eller konferenser. Levereras i individuellt f\u00f6rpackad bomullsp\u00e5se. Finns m\/u [&hellip;]","og_url":"https:\/\/grontkontor.dk\/shop\/kuglepen-med-evighedsblyant-og-touchpen\/","og_site_name":"Gr\u00f8nt Kontor","article_publisher":"https:\/\/www.facebook.com\/grontkontor.dk\/","article_modified_time":"2024-02-22T08:11:34+00:00","og_image":[{"width":900,"height":639,"url":"https:\/\/grontkontor.dk\/wp-content\/uploads\/2023\/10\/Miljoevenlig-bambus-kuglepen-med-evighedspen-og-touchpen.jpg","type":"image\/jpeg"}],"twitter_card":"summary_large_image","schema":{"@context":"https:\/\/schema.org","@graph":[{"@type":"WebPage","@id":"https:\/\/grontkontor.dk\/shop\/kuglepen-med-evighedsblyant-og-touchpen\/","url":"https:\/\/grontkontor.dk\/shop\/kuglepen-med-evighedsblyant-og-touchpen\/","name":"Kulspetspenna med evighetspenna och pekpenna - Gr\u00f8nt Kontor","isPartOf":{"@id":"https:\/\/grontkontor.dk\/#website"},"datePublished":"2023-10-17T11:08:10+00:00","dateModified":"2024-02-22T08:11:34+00:00","breadcrumb":{"@id":"https:\/\/grontkontor.dk\/shop\/kuglepen-med-evighedsblyant-og-touchpen\/#breadcrumb"},"inLanguage":"sv-SE","potentialAction":[{"@type":"ReadAction","target":["https:\/\/grontkontor.dk\/shop\/kuglepen-med-evighedsblyant-og-touchpen\/"]}]},{"@type":"BreadcrumbList","@id":"https:\/\/grontkontor.dk\/shop\/kuglepen-med-evighedsblyant-og-touchpen\/#breadcrumb","itemListElement":[{"@type":"ListItem","position":1,"name":"Forside","item":"https:\/\/grontkontor.dk\/"},{"@type":"ListItem","position":2,"name":"Shop","item":"https:\/\/grontkontor.dk\/sv\/shop\/"},{"@type":"ListItem","position":3,"name":"Klimatsmarta f\u00f6retagspresenter","item":"https:\/\/grontkontor.dk\/sv\/produkt-kategori\/miljovaenliga-foretagspresenter\/"},{"@type":"ListItem","position":4,"name":"Pennor och blyertspennor","item":"https:\/\/grontkontor.dk\/sv\/produkt-kategori\/miljovaenliga-foretagspresenter\/pennor-och-blyertspennor\/"},{"@type":"ListItem","position":5,"name":"Kulspetspenna med evighetspenna och pekpenna"}]},{"@type":"WebSite","@id":"https:\/\/grontkontor.dk\/#website","url":"https:\/\/grontkontor.dk\/","name":"Gr\u00f8nt Kontor","description":"Milj\u00f8venlige produkter til kontor og erhverv med fokus p\u00e5 b\u00e6redygtighed, design og fair trade.","publisher":{"@id":"https:\/\/grontkontor.dk\/#organization"},"potentialAction":[{"@type":"SearchAction","target":{"@type":"EntryPoint","urlTemplate":"https:\/\/grontkontor.dk\/?s={search_term_string}"},"query-input":"required name=search_term_string"}],"inLanguage":"sv-SE"},{"@type":"Organization","@id":"https:\/\/grontkontor.dk\/#organization","name":"Gr\u00f8nt Kontor","url":"https:\/\/grontkontor.dk\/","logo":{"@type":"ImageObject","inLanguage":"sv-SE","@id":"https:\/\/grontkontor.dk\/#\/schema\/logo\/image\/","url":"https:\/\/grontkontor.dk\/wp-content\/uploads\/2014\/02\/Logo_groent_kontor_300x80.png","contentUrl":"https:\/\/grontkontor.dk\/wp-content\/uploads\/2014\/02\/Logo_groent_kontor_300x80.png","width":300,"height":80,"caption":"Gr\u00f8nt Kontor"},"image":{"@id":"https:\/\/grontkontor.dk\/#\/schema\/logo\/image\/"},"sameAs":["https:\/\/www.facebook.com\/grontkontor.dk\/"]}]}},"_links":{"self":[{"href":"https:\/\/grontkontor.dk\/sv\/wp-json\/wp\/v2\/product\/78646"}],"collection":[{"href":"https:\/\/grontkontor.dk\/sv\/wp-json\/wp\/v2\/product"}],"about":[{"href":"https:\/\/grontkontor.dk\/sv\/wp-json\/wp\/v2\/types\/product"}],"replies":[{"embeddable":true,"href":"https:\/\/grontkontor.dk\/sv\/wp-json\/wp\/v2\/comments?post=78646"}],"wp:featuredmedia":[{"embeddable":true,"href":"https:\/\/grontkontor.dk\/sv\/wp-json\/wp\/v2\/media\/78652"}],"wp:attachment":[{"href":"https:\/\/grontkontor.dk\/sv\/wp-json\/wp\/v2\/media?parent=78646"}],"wp:term":[{"taxonomy":"product_cat","embeddable":true,"href":"https:\/\/grontkontor.dk\/sv\/wp-json\/wp\/v2\/product_cat?post=78646"},{"taxonomy":"product_tag","embeddable":true,"href":"https:\/\/grontkontor.dk\/sv\/wp-json\/wp\/v2\/product_tag?post=78646"}],"curies":[{"name":"wp","href":"https:\/\/api.w.org\/{rel}","templated":true}]}}