{"id":79112,"date":"2023-11-06T09:53:51","date_gmt":"2023-11-06T08:53:51","guid":{"rendered":"https:\/\/grontkontor.dk\/?post_type=product&#038;p=79112"},"modified":"2024-02-29T14:55:24","modified_gmt":"2024-02-29T13:55:24","slug":"eventkrus-genanvendeligt-500ml","status":"publish","type":"product","link":"https:\/\/grontkontor.dk\/sv\/shop\/eventkrus-genanvendeligt-500ml\/","title":{"rendered":"Eventmuggar \u00e5teranv\u00e4ndbar 500ml"},"content":{"rendered":"<p>Festivalmugg i plast, som kan tv\u00e4ttas och anv\u00e4ndas igen. Muggen \u00e4r inte tillverkad av \u00e5tervunnen plast, utan i de flesta fall ett mer h\u00e5llbart alternativ till eng\u00e5ngsmuggar. F\u00f6r eng\u00e5ngsevenemang rekommenderar vi dock v\u00e5ra plastfria eng\u00e5ngsmuggar f\u00f6r varma drycker (3 storlekar) eller <a href=\"..\/produkt\/plastfri-papkrust-med-logotryk-47cl\/\">plastfria eng\u00e5ngsmuggar f\u00f6r kalla drycker<\/a> (3 storlekar)<a href=\"..\/produkt\/plastfrit-papkrus-logotryk-47-cl\/\"><\/a> Finns i 3 olika f\u00e4rger m\/u logotryck. Muggen \u00e4r godk\u00e4nt till kontakt med livsmedel och 100% BPA fritt \u00e5tervinningsbar. Kan diskas i maskin.<\/p>\n","protected":false},"excerpt":{"rendered":"<p>Festivalmugg i plast, som kan tv\u00e4ttas och anv\u00e4ndas igen. Muggen \u00e4r inte tillverkad av \u00e5tervunnen plast, utan i de flesta fall ett mer h\u00e5llbart alternativ till eng\u00e5ngsmuggar. F\u00f6r eng\u00e5ngsevenemang rekommenderar vi dock v\u00e5ra plastfria eng\u00e5ngsmuggar f\u00f6r varma drycker (3 storlekar) eller plastfria eng\u00e5ngsmuggar f\u00f6r kalla drycker (3 storlekar) Finns i 3 olika f\u00e4rger m\/u logotryck. [&hellip;]<\/p>\n","protected":false},"featured_media":79137,"comment_status":"closed","ping_status":"closed","template":"","meta":{"_acf_changed":false},"product_cat":[2123,1954,2628,2394,2103],"product_tag":[2563,1910,4776],"class_list":{"0":"post-79112","1":"product","2":"type-product","3":"status-publish","4":"has-post-thumbnail","6":"product_cat-dummy-moq-50-100-sv","7":"product_cat-muggar-och-koppar","8":"product_cat-krus-og-kopper-til-messen-sv","9":"product_cat-nyheter","10":"product_cat-utstallning-och-event","11":"product_tag-festivalkrus-sv","12":"product_tag-krus-sv","13":"product_tag-maessa-mugg","14":"pa_farve-sort-sv","15":"pa_farve-transparent-sv","16":"pa_farve-hvid-sv","17":"tm-has-options","19":"first","20":"instock","21":"taxable","22":"shipping-taxable","23":"purchasable","24":"product-type-variable","25":"has-default-attributes"},"acf":[],"yoast_head":"<!-- This site is optimized with the Yoast SEO Premium plugin v21.2 (Yoast SEO v21.2) - https:\/\/yoast.com\/wordpress\/plugins\/seo\/ -->\n<title>Eventmuggar \u00e5teranv\u00e4ndbar 500ml - Gr\u00f8nt Kontor<\/title>\n<meta name=\"robots\" content=\"index, follow, max-snippet:-1, max-image-preview:large, max-video-preview:-1\" \/>\n<link rel=\"canonical\" href=\"https:\/\/grontkontor.dk\/sv\/shop\/eventkrus-genanvendeligt-500ml\/\" \/>\n<meta property=\"og:locale\" content=\"sv_SE\" \/>\n<meta property=\"og:type\" content=\"article\" \/>\n<meta property=\"og:title\" content=\"Eventmuggar \u00e5teranv\u00e4ndbar 500ml\" \/>\n<meta property=\"og:description\" content=\"Festivalmugg i plast, som kan tv\u00e4ttas och anv\u00e4ndas igen. Muggen \u00e4r inte tillverkad av \u00e5tervunnen plast, utan i de flesta fall ett mer h\u00e5llbart alternativ till eng\u00e5ngsmuggar. F\u00f6r eng\u00e5ngsevenemang rekommenderar vi dock v\u00e5ra plastfria eng\u00e5ngsmuggar f\u00f6r varma drycker (3 storlekar) eller plastfria eng\u00e5ngsmuggar f\u00f6r kalla drycker (3 storlekar) Finns i 3 olika f\u00e4rger m\/u logotryck. [&hellip;]\" \/>\n<meta property=\"og:url\" content=\"https:\/\/grontkontor.dk\/sv\/shop\/eventkrus-genanvendeligt-500ml\/\" \/>\n<meta property=\"og:site_name\" content=\"Gr\u00f8nt Kontor\" \/>\n<meta property=\"article:publisher\" content=\"https:\/\/www.facebook.com\/grontkontor.dk\/\" \/>\n<meta property=\"article:modified_time\" content=\"2024-02-29T13:55:24+00:00\" \/>\n<meta property=\"og:image\" content=\"https:\/\/grontkontor.dk\/wp-content\/uploads\/2023\/11\/Festivalkrus-500ml-genanvendeligt-gennemsigtig.jpg\" \/>\n\t<meta property=\"og:image:width\" content=\"900\" \/>\n\t<meta property=\"og:image:height\" content=\"639\" \/>\n\t<meta property=\"og:image:type\" content=\"image\/jpeg\" \/>\n<meta name=\"twitter:card\" content=\"summary_large_image\" \/>\n<script type=\"application\/ld+json\" class=\"yoast-schema-graph\">{\"@context\":\"https:\/\/schema.org\",\"@graph\":[{\"@type\":\"WebPage\",\"@id\":\"https:\/\/grontkontor.dk\/sv\/shop\/eventkrus-genanvendeligt-500ml\/\",\"url\":\"https:\/\/grontkontor.dk\/sv\/shop\/eventkrus-genanvendeligt-500ml\/\",\"name\":\"Eventmuggar \u00e5teranv\u00e4ndbar 500ml - Gr\u00f8nt Kontor\",\"isPartOf\":{\"@id\":\"https:\/\/grontkontor.dk\/#website\"},\"datePublished\":\"2023-11-06T08:53:51+00:00\",\"dateModified\":\"2024-02-29T13:55:24+00:00\",\"breadcrumb\":{\"@id\":\"https:\/\/grontkontor.dk\/sv\/shop\/eventkrus-genanvendeligt-500ml\/#breadcrumb\"},\"inLanguage\":\"sv-SE\",\"potentialAction\":[{\"@type\":\"ReadAction\",\"target\":[\"https:\/\/grontkontor.dk\/sv\/shop\/eventkrus-genanvendeligt-500ml\/\"]}]},{\"@type\":\"BreadcrumbList\",\"@id\":\"https:\/\/grontkontor.dk\/sv\/shop\/eventkrus-genanvendeligt-500ml\/#breadcrumb\",\"itemListElement\":[{\"@type\":\"ListItem\",\"position\":1,\"name\":\"Forside\",\"item\":\"https:\/\/grontkontor.dk\/\"},{\"@type\":\"ListItem\",\"position\":2,\"name\":\"Shop\",\"item\":\"https:\/\/grontkontor.dk\/sv\/shop\/\"},{\"@type\":\"ListItem\",\"position\":3,\"name\":\"Mad og drikke\",\"item\":\"https:\/\/grontkontor.dk\/produkt-kategori\/mad-og-drikke\/\"},{\"@type\":\"ListItem\",\"position\":4,\"name\":\"Krus, kopper mm.\",\"item\":\"https:\/\/grontkontor.dk\/produkt-kategori\/mad-og-drikke\/to-go-krus-og-kopper\/\"},{\"@type\":\"ListItem\",\"position\":5,\"name\":\"Eventmuggar \u00e5teranv\u00e4ndbar 500ml\"}]},{\"@type\":\"WebSite\",\"@id\":\"https:\/\/grontkontor.dk\/#website\",\"url\":\"https:\/\/grontkontor.dk\/\",\"name\":\"Gr\u00f8nt Kontor\",\"description\":\"Milj\u00f8venlige produkter til kontor og erhverv med fokus p\u00e5 b\u00e6redygtighed, design og fair trade.\",\"publisher\":{\"@id\":\"https:\/\/grontkontor.dk\/#organization\"},\"potentialAction\":[{\"@type\":\"SearchAction\",\"target\":{\"@type\":\"EntryPoint\",\"urlTemplate\":\"https:\/\/grontkontor.dk\/?s={search_term_string}\"},\"query-input\":\"required name=search_term_string\"}],\"inLanguage\":\"sv-SE\"},{\"@type\":\"Organization\",\"@id\":\"https:\/\/grontkontor.dk\/#organization\",\"name\":\"Gr\u00f8nt Kontor\",\"url\":\"https:\/\/grontkontor.dk\/\",\"logo\":{\"@type\":\"ImageObject\",\"inLanguage\":\"sv-SE\",\"@id\":\"https:\/\/grontkontor.dk\/#\/schema\/logo\/image\/\",\"url\":\"https:\/\/grontkontor.dk\/wp-content\/uploads\/2014\/02\/Logo_groent_kontor_300x80.png\",\"contentUrl\":\"https:\/\/grontkontor.dk\/wp-content\/uploads\/2014\/02\/Logo_groent_kontor_300x80.png\",\"width\":300,\"height\":80,\"caption\":\"Gr\u00f8nt Kontor\"},\"image\":{\"@id\":\"https:\/\/grontkontor.dk\/#\/schema\/logo\/image\/\"},\"sameAs\":[\"https:\/\/www.facebook.com\/grontkontor.dk\/\"]}]}<\/script>\n<!-- \/ Yoast SEO Premium plugin. -->","yoast_head_json":{"title":"Eventmuggar \u00e5teranv\u00e4ndbar 500ml - Gr\u00f8nt Kontor","robots":{"index":"index","follow":"follow","max-snippet":"max-snippet:-1","max-image-preview":"max-image-preview:large","max-video-preview":"max-video-preview:-1"},"canonical":"https:\/\/grontkontor.dk\/sv\/shop\/eventkrus-genanvendeligt-500ml\/","og_locale":"sv_SE","og_type":"article","og_title":"Eventmuggar \u00e5teranv\u00e4ndbar 500ml","og_description":"Festivalmugg i plast, som kan tv\u00e4ttas och anv\u00e4ndas igen. Muggen \u00e4r inte tillverkad av \u00e5tervunnen plast, utan i de flesta fall ett mer h\u00e5llbart alternativ till eng\u00e5ngsmuggar. F\u00f6r eng\u00e5ngsevenemang rekommenderar vi dock v\u00e5ra plastfria eng\u00e5ngsmuggar f\u00f6r varma drycker (3 storlekar) eller plastfria eng\u00e5ngsmuggar f\u00f6r kalla drycker (3 storlekar) Finns i 3 olika f\u00e4rger m\/u logotryck. [&hellip;]","og_url":"https:\/\/grontkontor.dk\/sv\/shop\/eventkrus-genanvendeligt-500ml\/","og_site_name":"Gr\u00f8nt Kontor","article_publisher":"https:\/\/www.facebook.com\/grontkontor.dk\/","article_modified_time":"2024-02-29T13:55:24+00:00","og_image":[{"width":900,"height":639,"url":"https:\/\/grontkontor.dk\/wp-content\/uploads\/2023\/11\/Festivalkrus-500ml-genanvendeligt-gennemsigtig.jpg","type":"image\/jpeg"}],"twitter_card":"summary_large_image","schema":{"@context":"https:\/\/schema.org","@graph":[{"@type":"WebPage","@id":"https:\/\/grontkontor.dk\/sv\/shop\/eventkrus-genanvendeligt-500ml\/","url":"https:\/\/grontkontor.dk\/sv\/shop\/eventkrus-genanvendeligt-500ml\/","name":"Eventmuggar \u00e5teranv\u00e4ndbar 500ml - Gr\u00f8nt Kontor","isPartOf":{"@id":"https:\/\/grontkontor.dk\/#website"},"datePublished":"2023-11-06T08:53:51+00:00","dateModified":"2024-02-29T13:55:24+00:00","breadcrumb":{"@id":"https:\/\/grontkontor.dk\/sv\/shop\/eventkrus-genanvendeligt-500ml\/#breadcrumb"},"inLanguage":"sv-SE","potentialAction":[{"@type":"ReadAction","target":["https:\/\/grontkontor.dk\/sv\/shop\/eventkrus-genanvendeligt-500ml\/"]}]},{"@type":"BreadcrumbList","@id":"https:\/\/grontkontor.dk\/sv\/shop\/eventkrus-genanvendeligt-500ml\/#breadcrumb","itemListElement":[{"@type":"ListItem","position":1,"name":"Forside","item":"https:\/\/grontkontor.dk\/"},{"@type":"ListItem","position":2,"name":"Shop","item":"https:\/\/grontkontor.dk\/sv\/shop\/"},{"@type":"ListItem","position":3,"name":"Mad og drikke","item":"https:\/\/grontkontor.dk\/produkt-kategori\/mad-og-drikke\/"},{"@type":"ListItem","position":4,"name":"Krus, kopper mm.","item":"https:\/\/grontkontor.dk\/produkt-kategori\/mad-og-drikke\/to-go-krus-og-kopper\/"},{"@type":"ListItem","position":5,"name":"Eventmuggar \u00e5teranv\u00e4ndbar 500ml"}]},{"@type":"WebSite","@id":"https:\/\/grontkontor.dk\/#website","url":"https:\/\/grontkontor.dk\/","name":"Gr\u00f8nt Kontor","description":"Milj\u00f8venlige produkter til kontor og erhverv med fokus p\u00e5 b\u00e6redygtighed, design og fair trade.","publisher":{"@id":"https:\/\/grontkontor.dk\/#organization"},"potentialAction":[{"@type":"SearchAction","target":{"@type":"EntryPoint","urlTemplate":"https:\/\/grontkontor.dk\/?s={search_term_string}"},"query-input":"required name=search_term_string"}],"inLanguage":"sv-SE"},{"@type":"Organization","@id":"https:\/\/grontkontor.dk\/#organization","name":"Gr\u00f8nt Kontor","url":"https:\/\/grontkontor.dk\/","logo":{"@type":"ImageObject","inLanguage":"sv-SE","@id":"https:\/\/grontkontor.dk\/#\/schema\/logo\/image\/","url":"https:\/\/grontkontor.dk\/wp-content\/uploads\/2014\/02\/Logo_groent_kontor_300x80.png","contentUrl":"https:\/\/grontkontor.dk\/wp-content\/uploads\/2014\/02\/Logo_groent_kontor_300x80.png","width":300,"height":80,"caption":"Gr\u00f8nt Kontor"},"image":{"@id":"https:\/\/grontkontor.dk\/#\/schema\/logo\/image\/"},"sameAs":["https:\/\/www.facebook.com\/grontkontor.dk\/"]}]}},"_links":{"self":[{"href":"https:\/\/grontkontor.dk\/sv\/wp-json\/wp\/v2\/product\/79112"}],"collection":[{"href":"https:\/\/grontkontor.dk\/sv\/wp-json\/wp\/v2\/product"}],"about":[{"href":"https:\/\/grontkontor.dk\/sv\/wp-json\/wp\/v2\/types\/product"}],"replies":[{"embeddable":true,"href":"https:\/\/grontkontor.dk\/sv\/wp-json\/wp\/v2\/comments?post=79112"}],"wp:featuredmedia":[{"embeddable":true,"href":"https:\/\/grontkontor.dk\/sv\/wp-json\/wp\/v2\/media\/79137"}],"wp:attachment":[{"href":"https:\/\/grontkontor.dk\/sv\/wp-json\/wp\/v2\/media?parent=79112"}],"wp:term":[{"taxonomy":"product_cat","embeddable":true,"href":"https:\/\/grontkontor.dk\/sv\/wp-json\/wp\/v2\/product_cat?post=79112"},{"taxonomy":"product_tag","embeddable":true,"href":"https:\/\/grontkontor.dk\/sv\/wp-json\/wp\/v2\/product_tag?post=79112"}],"curies":[{"name":"wp","href":"https:\/\/api.w.org\/{rel}","templated":true}]}}