{"id":79978,"date":"2024-01-17T11:30:56","date_gmt":"2024-01-17T10:30:56","guid":{"rendered":"https:\/\/grontkontor.dk\/?post_type=product&#038;p=79978"},"modified":"2024-09-11T11:02:57","modified_gmt":"2024-09-11T09:02:57","slug":"vinkoeler-i-kork","status":"publish","type":"product","link":"https:\/\/grontkontor.dk\/sv\/shop\/vinkoeler-i-kork\/","title":{"rendered":"Vinkylare av kork"},"content":{"rendered":"<p>Smart vinkyl i klimatv\u00e4nlig kork med kardborref\u00f6rslutning och glycerinfyllning. En billig och milj\u00f6medveten f\u00f6retagsg\u00e5va eller giveaway. L\u00e4mplig f\u00f6r caf\u00e9, restaurang och privat bruk. Material: Kork, glycerin, PE (polyeten)  &nbsp;<\/p>\nKork er et yderst klimavenlig, bionedbrydeligt og komposterbart naturmateriale, der stammer fra korkegen, der gror i hele middelhavsregionen. Kork er en hurtigt regenererende ressource der kan h\u00f8stes hvert \u00e5r p\u00e5 samme tr\u00e6, og er et materiale anbefalet af Verdensnaturfonden. Korkegeskove underst\u00f8tter et af de h\u00f8jeste niveauer af biodiversitet sammenlignet med andre skovtyper. \n","protected":false},"excerpt":{"rendered":"<p>Smart vinkyl i klimatv\u00e4nlig kork med kardborref\u00f6rslutning och glycerinfyllning. En billig och milj\u00f6medveten f\u00f6retagsg\u00e5va eller giveaway. L\u00e4mplig f\u00f6r caf\u00e9, restaurang och privat bruk. Material: Kork, glycerin, PE (polyeten) &nbsp;<\/p>\n","protected":false},"featured_media":80006,"comment_status":"closed","ping_status":"closed","template":"","meta":{"_acf_changed":false},"product_cat":[2107,2136,867,2394],"product_tag":[2591,2593],"class_list":{"0":"post-79978","1":"product","2":"type-product","3":"status-publish","4":"has-post-thumbnail","6":"product_cat-dummy-moq-1-sv","7":"product_cat-hotell-restaurang","8":"product_cat-miljovaenliga-foretagspresenter","9":"product_cat-nyheter","10":"product_tag-vin-sv","11":"product_tag-vinkoeler-sv","12":"tm-has-options","14":"first","15":"instock","16":"taxable","17":"shipping-taxable","18":"purchasable","19":"product-type-simple"},"acf":[],"yoast_head":"<!-- This site is optimized with the Yoast SEO Premium plugin v21.2 (Yoast SEO v21.2) - https:\/\/yoast.com\/wordpress\/plugins\/seo\/ -->\n<title>Vinkylare av kork - Gr\u00f8nt Kontor<\/title>\n<meta name=\"robots\" content=\"index, follow, max-snippet:-1, max-image-preview:large, max-video-preview:-1\" \/>\n<link rel=\"canonical\" href=\"https:\/\/grontkontor.dk\/sv\/shop\/vinkoeler-i-kork\/\" \/>\n<meta property=\"og:locale\" content=\"sv_SE\" \/>\n<meta property=\"og:type\" content=\"article\" \/>\n<meta property=\"og:title\" content=\"Vinkylare av kork\" \/>\n<meta property=\"og:description\" content=\"Smart vinkyl i klimatv\u00e4nlig kork med kardborref\u00f6rslutning och glycerinfyllning. En billig och milj\u00f6medveten f\u00f6retagsg\u00e5va eller giveaway. L\u00e4mplig f\u00f6r caf\u00e9, restaurang och privat bruk. Material: Kork, glycerin, PE (polyeten) &nbsp;\" \/>\n<meta property=\"og:url\" content=\"https:\/\/grontkontor.dk\/sv\/shop\/vinkoeler-i-kork\/\" \/>\n<meta property=\"og:site_name\" content=\"Gr\u00f8nt Kontor\" \/>\n<meta property=\"article:publisher\" content=\"https:\/\/www.facebook.com\/grontkontor.dk\/\" \/>\n<meta property=\"article:modified_time\" content=\"2024-09-11T09:02:57+00:00\" \/>\n<meta property=\"og:image\" content=\"https:\/\/grontkontor.dk\/wp-content\/uploads\/2024\/01\/Klimavenlig-vinkoeler-i-kork-1.jpg\" \/>\n\t<meta property=\"og:image:width\" content=\"900\" \/>\n\t<meta property=\"og:image:height\" content=\"639\" \/>\n\t<meta property=\"og:image:type\" content=\"image\/jpeg\" \/>\n<meta name=\"twitter:card\" content=\"summary_large_image\" \/>\n<meta name=\"twitter:label1\" content=\"Ber\u00e4knad l\u00e4stid\" \/>\n\t<meta name=\"twitter:data1\" content=\"1 minut\" \/>\n<script type=\"application\/ld+json\" class=\"yoast-schema-graph\">{\"@context\":\"https:\/\/schema.org\",\"@graph\":[{\"@type\":\"WebPage\",\"@id\":\"https:\/\/grontkontor.dk\/sv\/shop\/vinkoeler-i-kork\/\",\"url\":\"https:\/\/grontkontor.dk\/sv\/shop\/vinkoeler-i-kork\/\",\"name\":\"Vinkylare av kork - Gr\u00f8nt Kontor\",\"isPartOf\":{\"@id\":\"https:\/\/grontkontor.dk\/#website\"},\"datePublished\":\"2024-01-17T10:30:56+00:00\",\"dateModified\":\"2024-09-11T09:02:57+00:00\",\"breadcrumb\":{\"@id\":\"https:\/\/grontkontor.dk\/sv\/shop\/vinkoeler-i-kork\/#breadcrumb\"},\"inLanguage\":\"sv-SE\",\"potentialAction\":[{\"@type\":\"ReadAction\",\"target\":[\"https:\/\/grontkontor.dk\/sv\/shop\/vinkoeler-i-kork\/\"]}]},{\"@type\":\"BreadcrumbList\",\"@id\":\"https:\/\/grontkontor.dk\/sv\/shop\/vinkoeler-i-kork\/#breadcrumb\",\"itemListElement\":[{\"@type\":\"ListItem\",\"position\":1,\"name\":\"Forside\",\"item\":\"https:\/\/grontkontor.dk\/\"},{\"@type\":\"ListItem\",\"position\":2,\"name\":\"Shop\",\"item\":\"https:\/\/grontkontor.dk\/sv\/shop\/\"},{\"@type\":\"ListItem\",\"position\":3,\"name\":\"Hotell och restaurang\",\"item\":\"https:\/\/grontkontor.dk\/sv\/produkt-kategori\/hotell-restaurang\/\"},{\"@type\":\"ListItem\",\"position\":4,\"name\":\"Vinkylare av kork\"}]},{\"@type\":\"WebSite\",\"@id\":\"https:\/\/grontkontor.dk\/#website\",\"url\":\"https:\/\/grontkontor.dk\/\",\"name\":\"Gr\u00f8nt Kontor\",\"description\":\"Milj\u00f8venlige produkter til kontor og erhverv med fokus p\u00e5 b\u00e6redygtighed, design og fair trade.\",\"publisher\":{\"@id\":\"https:\/\/grontkontor.dk\/#organization\"},\"potentialAction\":[{\"@type\":\"SearchAction\",\"target\":{\"@type\":\"EntryPoint\",\"urlTemplate\":\"https:\/\/grontkontor.dk\/?s={search_term_string}\"},\"query-input\":\"required name=search_term_string\"}],\"inLanguage\":\"sv-SE\"},{\"@type\":\"Organization\",\"@id\":\"https:\/\/grontkontor.dk\/#organization\",\"name\":\"Gr\u00f8nt Kontor\",\"url\":\"https:\/\/grontkontor.dk\/\",\"logo\":{\"@type\":\"ImageObject\",\"inLanguage\":\"sv-SE\",\"@id\":\"https:\/\/grontkontor.dk\/#\/schema\/logo\/image\/\",\"url\":\"https:\/\/grontkontor.dk\/wp-content\/uploads\/2014\/02\/Logo_groent_kontor_300x80.png\",\"contentUrl\":\"https:\/\/grontkontor.dk\/wp-content\/uploads\/2014\/02\/Logo_groent_kontor_300x80.png\",\"width\":300,\"height\":80,\"caption\":\"Gr\u00f8nt Kontor\"},\"image\":{\"@id\":\"https:\/\/grontkontor.dk\/#\/schema\/logo\/image\/\"},\"sameAs\":[\"https:\/\/www.facebook.com\/grontkontor.dk\/\"]}]}<\/script>\n<!-- \/ Yoast SEO Premium plugin. -->","yoast_head_json":{"title":"Vinkylare av kork - Gr\u00f8nt Kontor","robots":{"index":"index","follow":"follow","max-snippet":"max-snippet:-1","max-image-preview":"max-image-preview:large","max-video-preview":"max-video-preview:-1"},"canonical":"https:\/\/grontkontor.dk\/sv\/shop\/vinkoeler-i-kork\/","og_locale":"sv_SE","og_type":"article","og_title":"Vinkylare av kork","og_description":"Smart vinkyl i klimatv\u00e4nlig kork med kardborref\u00f6rslutning och glycerinfyllning. En billig och milj\u00f6medveten f\u00f6retagsg\u00e5va eller giveaway. L\u00e4mplig f\u00f6r caf\u00e9, restaurang och privat bruk. Material: Kork, glycerin, PE (polyeten) &nbsp;","og_url":"https:\/\/grontkontor.dk\/sv\/shop\/vinkoeler-i-kork\/","og_site_name":"Gr\u00f8nt Kontor","article_publisher":"https:\/\/www.facebook.com\/grontkontor.dk\/","article_modified_time":"2024-09-11T09:02:57+00:00","og_image":[{"width":900,"height":639,"url":"https:\/\/grontkontor.dk\/wp-content\/uploads\/2024\/01\/Klimavenlig-vinkoeler-i-kork-1.jpg","type":"image\/jpeg"}],"twitter_card":"summary_large_image","twitter_misc":{"Ber\u00e4knad l\u00e4stid":"1 minut"},"schema":{"@context":"https:\/\/schema.org","@graph":[{"@type":"WebPage","@id":"https:\/\/grontkontor.dk\/sv\/shop\/vinkoeler-i-kork\/","url":"https:\/\/grontkontor.dk\/sv\/shop\/vinkoeler-i-kork\/","name":"Vinkylare av kork - Gr\u00f8nt Kontor","isPartOf":{"@id":"https:\/\/grontkontor.dk\/#website"},"datePublished":"2024-01-17T10:30:56+00:00","dateModified":"2024-09-11T09:02:57+00:00","breadcrumb":{"@id":"https:\/\/grontkontor.dk\/sv\/shop\/vinkoeler-i-kork\/#breadcrumb"},"inLanguage":"sv-SE","potentialAction":[{"@type":"ReadAction","target":["https:\/\/grontkontor.dk\/sv\/shop\/vinkoeler-i-kork\/"]}]},{"@type":"BreadcrumbList","@id":"https:\/\/grontkontor.dk\/sv\/shop\/vinkoeler-i-kork\/#breadcrumb","itemListElement":[{"@type":"ListItem","position":1,"name":"Forside","item":"https:\/\/grontkontor.dk\/"},{"@type":"ListItem","position":2,"name":"Shop","item":"https:\/\/grontkontor.dk\/sv\/shop\/"},{"@type":"ListItem","position":3,"name":"Hotell och restaurang","item":"https:\/\/grontkontor.dk\/sv\/produkt-kategori\/hotell-restaurang\/"},{"@type":"ListItem","position":4,"name":"Vinkylare av kork"}]},{"@type":"WebSite","@id":"https:\/\/grontkontor.dk\/#website","url":"https:\/\/grontkontor.dk\/","name":"Gr\u00f8nt Kontor","description":"Milj\u00f8venlige produkter til kontor og erhverv med fokus p\u00e5 b\u00e6redygtighed, design og fair trade.","publisher":{"@id":"https:\/\/grontkontor.dk\/#organization"},"potentialAction":[{"@type":"SearchAction","target":{"@type":"EntryPoint","urlTemplate":"https:\/\/grontkontor.dk\/?s={search_term_string}"},"query-input":"required name=search_term_string"}],"inLanguage":"sv-SE"},{"@type":"Organization","@id":"https:\/\/grontkontor.dk\/#organization","name":"Gr\u00f8nt Kontor","url":"https:\/\/grontkontor.dk\/","logo":{"@type":"ImageObject","inLanguage":"sv-SE","@id":"https:\/\/grontkontor.dk\/#\/schema\/logo\/image\/","url":"https:\/\/grontkontor.dk\/wp-content\/uploads\/2014\/02\/Logo_groent_kontor_300x80.png","contentUrl":"https:\/\/grontkontor.dk\/wp-content\/uploads\/2014\/02\/Logo_groent_kontor_300x80.png","width":300,"height":80,"caption":"Gr\u00f8nt Kontor"},"image":{"@id":"https:\/\/grontkontor.dk\/#\/schema\/logo\/image\/"},"sameAs":["https:\/\/www.facebook.com\/grontkontor.dk\/"]}]}},"_links":{"self":[{"href":"https:\/\/grontkontor.dk\/sv\/wp-json\/wp\/v2\/product\/79978"}],"collection":[{"href":"https:\/\/grontkontor.dk\/sv\/wp-json\/wp\/v2\/product"}],"about":[{"href":"https:\/\/grontkontor.dk\/sv\/wp-json\/wp\/v2\/types\/product"}],"replies":[{"embeddable":true,"href":"https:\/\/grontkontor.dk\/sv\/wp-json\/wp\/v2\/comments?post=79978"}],"wp:featuredmedia":[{"embeddable":true,"href":"https:\/\/grontkontor.dk\/sv\/wp-json\/wp\/v2\/media\/80006"}],"wp:attachment":[{"href":"https:\/\/grontkontor.dk\/sv\/wp-json\/wp\/v2\/media?parent=79978"}],"wp:term":[{"taxonomy":"product_cat","embeddable":true,"href":"https:\/\/grontkontor.dk\/sv\/wp-json\/wp\/v2\/product_cat?post=79978"},{"taxonomy":"product_tag","embeddable":true,"href":"https:\/\/grontkontor.dk\/sv\/wp-json\/wp\/v2\/product_tag?post=79978"}],"curies":[{"name":"wp","href":"https:\/\/api.w.org\/{rel}","templated":true}]}}