{"id":81236,"date":"2024-02-06T09:10:00","date_gmt":"2024-02-21T13:26:47","guid":{"rendered":"https:\/\/grontkontor.dk\/shop\/romassan-rose-eco\/"},"modified":"2024-02-21T14:26:47","modified_gmt":"2024-02-21T13:26:47","slug":"romassan-rose-eco","status":"publish","type":"product","link":"https:\/\/grontkontor.dk\/sv\/shop\/romassan-rose-eco\/","title":{"rendered":"Romassan Ros\u00e9 ECO"},"content":{"rendered":"<p>Ch\u00e2teau Romassan Ros\u00e9 \u00e4r en sammans\u00e4ttning av 50-60% Mourv\u00e8dre, 20-25% Cinsault, 20-25% Grenache och lite Syrah. Detta resulterar i ett aromatiskt, komplext och harmoniskt ros\u00e9vin. Den b\u00f6rjar mjukt och fruktigt med toner av citrusfrukter och vita persikor, men utvecklar snabbt en texturerad och kryddig smak med f\u00e4rska r\u00f6da b\u00e4r. En varaktig och harmonisk eftersmak full\u00e4ndar upplevelsen. 13,5 % alkohol.<\/p>\n<p>Ett milj\u00f6v\u00e4nligt val f\u00f6r f\u00f6retags- och personalg\u00e5vor.<\/p>\n<p>Min. 6 st.<\/p>\n<p><img loading=\"lazy\" decoding=\"async\" class=\"size-medium wp-image-21008\" src=\"https:\/\/grontkontor.dk\/wp-content\/uploads\/2020\/11\/eu-flag_1-300x199.jpg\" alt=\"Fremstillet i EU\" width=\"76\" height=\"50\" srcset=\"https:\/\/grontkontor.dk\/wp-content\/uploads\/2020\/11\/eu-flag_1-300x199.jpg 300w, https:\/\/grontkontor.dk\/wp-content\/uploads\/2020\/11\/eu-flag_1.jpg 530w\" sizes=\"(max-width: 76px) 100vw, 76px\" \/> <img decoding=\"async\" class=\"size-medium wp-image-21008\" src=\"https:\/\/grontkontor.dk\/wp-content\/uploads\/2024\/01\/eu_organic_smll.jpg\" alt=\"Fremstillet i EU\" height=\"50\" \/><\/p>\n<p lang=\"da-DK\">\n","protected":false},"excerpt":{"rendered":"<p>Ch\u00e2teau Romassan Ros\u00e9 \u00e4r en sammans\u00e4ttning av 50-60% Mourv\u00e8dre, 20-25% Cinsault, 20-25% Grenache och lite Syrah. Detta resulterar i ett aromatiskt, komplext och harmoniskt ros\u00e9vin. Den b\u00f6rjar mjukt och fruktigt med toner av citrusfrukter och vita persikor, men utvecklar snabbt en texturerad och kryddig smak med f\u00e4rska r\u00f6da b\u00e4r. En varaktig och harmonisk eftersmak full\u00e4ndar [&hellip;]<\/p>\n","protected":false},"featured_media":80683,"comment_status":"closed","ping_status":"closed","template":"","meta":{"_acf_changed":false},"product_cat":[2653,2652,2651,2631,2394],"product_tag":[2685],"class_list":{"0":"post-81236","1":"product","2":"type-product","3":"status-publish","4":"has-post-thumbnail","6":"product_cat-drycker","7":"product_cat-drycker-oel-vin-och-vatten","8":"product_cat-ekologiska-viner","9":"product_cat-dummy_vin-sv","10":"product_cat-nyheter","11":"product_tag-rosevin-sv","12":"tm-has-options","14":"first","15":"instock","16":"taxable","17":"shipping-taxable","18":"purchasable","19":"product-type-simple"},"acf":[],"yoast_head":"<!-- This site is optimized with the Yoast SEO Premium plugin v21.2 (Yoast SEO v21.2) - https:\/\/yoast.com\/wordpress\/plugins\/seo\/ -->\n<title>Romassan Ros\u00e9 ECO - Gr\u00f8nt Kontor<\/title>\n<meta name=\"robots\" content=\"index, follow, max-snippet:-1, max-image-preview:large, max-video-preview:-1\" \/>\n<link rel=\"canonical\" href=\"https:\/\/grontkontor.dk\/sv\/shop\/romassan-rose-eco\/\" \/>\n<meta property=\"og:locale\" content=\"sv_SE\" \/>\n<meta property=\"og:type\" content=\"article\" \/>\n<meta property=\"og:title\" content=\"Romassan Ros\u00e9 ECO\" \/>\n<meta property=\"og:description\" content=\"Ch\u00e2teau Romassan Ros\u00e9 \u00e4r en sammans\u00e4ttning av 50-60% Mourv\u00e8dre, 20-25% Cinsault, 20-25% Grenache och lite Syrah. Detta resulterar i ett aromatiskt, komplext och harmoniskt ros\u00e9vin. Den b\u00f6rjar mjukt och fruktigt med toner av citrusfrukter och vita persikor, men utvecklar snabbt en texturerad och kryddig smak med f\u00e4rska r\u00f6da b\u00e4r. En varaktig och harmonisk eftersmak full\u00e4ndar [&hellip;]\" \/>\n<meta property=\"og:url\" content=\"https:\/\/grontkontor.dk\/sv\/shop\/romassan-rose-eco\/\" \/>\n<meta property=\"og:site_name\" content=\"Gr\u00f8nt Kontor\" \/>\n<meta property=\"article:publisher\" content=\"https:\/\/www.facebook.com\/grontkontor.dk\/\" \/>\n<meta property=\"og:image\" content=\"https:\/\/grontkontor.dk\/wp-content\/uploads\/2024\/02\/Klimavenlig-oekologisk-rosevin.jpg\" \/>\n\t<meta property=\"og:image:width\" content=\"900\" \/>\n\t<meta property=\"og:image:height\" content=\"639\" \/>\n\t<meta property=\"og:image:type\" content=\"image\/jpeg\" \/>\n<meta name=\"twitter:card\" content=\"summary_large_image\" \/>\n<script type=\"application\/ld+json\" class=\"yoast-schema-graph\">{\"@context\":\"https:\/\/schema.org\",\"@graph\":[{\"@type\":\"WebPage\",\"@id\":\"https:\/\/grontkontor.dk\/sv\/shop\/romassan-rose-eco\/\",\"url\":\"https:\/\/grontkontor.dk\/sv\/shop\/romassan-rose-eco\/\",\"name\":\"Romassan Ros\u00e9 ECO - Gr\u00f8nt Kontor\",\"isPartOf\":{\"@id\":\"https:\/\/grontkontor.dk\/#website\"},\"datePublished\":\"2024-02-21T13:26:47+00:00\",\"dateModified\":\"2024-02-21T13:26:47+00:00\",\"breadcrumb\":{\"@id\":\"https:\/\/grontkontor.dk\/sv\/shop\/romassan-rose-eco\/#breadcrumb\"},\"inLanguage\":\"sv-SE\",\"potentialAction\":[{\"@type\":\"ReadAction\",\"target\":[\"https:\/\/grontkontor.dk\/sv\/shop\/romassan-rose-eco\/\"]}]},{\"@type\":\"BreadcrumbList\",\"@id\":\"https:\/\/grontkontor.dk\/sv\/shop\/romassan-rose-eco\/#breadcrumb\",\"itemListElement\":[{\"@type\":\"ListItem\",\"position\":1,\"name\":\"Forside\",\"item\":\"https:\/\/grontkontor.dk\/\"},{\"@type\":\"ListItem\",\"position\":2,\"name\":\"Shop\",\"item\":\"https:\/\/grontkontor.dk\/sv\/shop\/\"},{\"@type\":\"ListItem\",\"position\":3,\"name\":\"Mad og drikke\",\"item\":\"https:\/\/grontkontor.dk\/produkt-kategori\/mad-og-drikke\/\"},{\"@type\":\"ListItem\",\"position\":4,\"name\":\"Drikkevarer - \u00f8l vin og vand\",\"item\":\"https:\/\/grontkontor.dk\/produkt-kategori\/mad-og-drikke\/drikkevarer-oel-vin-og-vand\/\"},{\"@type\":\"ListItem\",\"position\":5,\"name\":\"Romassan Ros\u00e9 ECO\"}]},{\"@type\":\"WebSite\",\"@id\":\"https:\/\/grontkontor.dk\/#website\",\"url\":\"https:\/\/grontkontor.dk\/\",\"name\":\"Gr\u00f8nt Kontor\",\"description\":\"Milj\u00f8venlige produkter til kontor og erhverv med fokus p\u00e5 b\u00e6redygtighed, design og fair trade.\",\"publisher\":{\"@id\":\"https:\/\/grontkontor.dk\/#organization\"},\"potentialAction\":[{\"@type\":\"SearchAction\",\"target\":{\"@type\":\"EntryPoint\",\"urlTemplate\":\"https:\/\/grontkontor.dk\/?s={search_term_string}\"},\"query-input\":\"required name=search_term_string\"}],\"inLanguage\":\"sv-SE\"},{\"@type\":\"Organization\",\"@id\":\"https:\/\/grontkontor.dk\/#organization\",\"name\":\"Gr\u00f8nt Kontor\",\"url\":\"https:\/\/grontkontor.dk\/\",\"logo\":{\"@type\":\"ImageObject\",\"inLanguage\":\"sv-SE\",\"@id\":\"https:\/\/grontkontor.dk\/#\/schema\/logo\/image\/\",\"url\":\"https:\/\/grontkontor.dk\/wp-content\/uploads\/2014\/02\/Logo_groent_kontor_300x80.png\",\"contentUrl\":\"https:\/\/grontkontor.dk\/wp-content\/uploads\/2014\/02\/Logo_groent_kontor_300x80.png\",\"width\":300,\"height\":80,\"caption\":\"Gr\u00f8nt Kontor\"},\"image\":{\"@id\":\"https:\/\/grontkontor.dk\/#\/schema\/logo\/image\/\"},\"sameAs\":[\"https:\/\/www.facebook.com\/grontkontor.dk\/\"]}]}<\/script>\n<!-- \/ Yoast SEO Premium plugin. -->","yoast_head_json":{"title":"Romassan Ros\u00e9 ECO - Gr\u00f8nt Kontor","robots":{"index":"index","follow":"follow","max-snippet":"max-snippet:-1","max-image-preview":"max-image-preview:large","max-video-preview":"max-video-preview:-1"},"canonical":"https:\/\/grontkontor.dk\/sv\/shop\/romassan-rose-eco\/","og_locale":"sv_SE","og_type":"article","og_title":"Romassan Ros\u00e9 ECO","og_description":"Ch\u00e2teau Romassan Ros\u00e9 \u00e4r en sammans\u00e4ttning av 50-60% Mourv\u00e8dre, 20-25% Cinsault, 20-25% Grenache och lite Syrah. Detta resulterar i ett aromatiskt, komplext och harmoniskt ros\u00e9vin. Den b\u00f6rjar mjukt och fruktigt med toner av citrusfrukter och vita persikor, men utvecklar snabbt en texturerad och kryddig smak med f\u00e4rska r\u00f6da b\u00e4r. En varaktig och harmonisk eftersmak full\u00e4ndar [&hellip;]","og_url":"https:\/\/grontkontor.dk\/sv\/shop\/romassan-rose-eco\/","og_site_name":"Gr\u00f8nt Kontor","article_publisher":"https:\/\/www.facebook.com\/grontkontor.dk\/","og_image":[{"width":900,"height":639,"url":"https:\/\/grontkontor.dk\/wp-content\/uploads\/2024\/02\/Klimavenlig-oekologisk-rosevin.jpg","type":"image\/jpeg"}],"twitter_card":"summary_large_image","schema":{"@context":"https:\/\/schema.org","@graph":[{"@type":"WebPage","@id":"https:\/\/grontkontor.dk\/sv\/shop\/romassan-rose-eco\/","url":"https:\/\/grontkontor.dk\/sv\/shop\/romassan-rose-eco\/","name":"Romassan Ros\u00e9 ECO - Gr\u00f8nt Kontor","isPartOf":{"@id":"https:\/\/grontkontor.dk\/#website"},"datePublished":"2024-02-21T13:26:47+00:00","dateModified":"2024-02-21T13:26:47+00:00","breadcrumb":{"@id":"https:\/\/grontkontor.dk\/sv\/shop\/romassan-rose-eco\/#breadcrumb"},"inLanguage":"sv-SE","potentialAction":[{"@type":"ReadAction","target":["https:\/\/grontkontor.dk\/sv\/shop\/romassan-rose-eco\/"]}]},{"@type":"BreadcrumbList","@id":"https:\/\/grontkontor.dk\/sv\/shop\/romassan-rose-eco\/#breadcrumb","itemListElement":[{"@type":"ListItem","position":1,"name":"Forside","item":"https:\/\/grontkontor.dk\/"},{"@type":"ListItem","position":2,"name":"Shop","item":"https:\/\/grontkontor.dk\/sv\/shop\/"},{"@type":"ListItem","position":3,"name":"Mad og drikke","item":"https:\/\/grontkontor.dk\/produkt-kategori\/mad-og-drikke\/"},{"@type":"ListItem","position":4,"name":"Drikkevarer - \u00f8l vin og vand","item":"https:\/\/grontkontor.dk\/produkt-kategori\/mad-og-drikke\/drikkevarer-oel-vin-og-vand\/"},{"@type":"ListItem","position":5,"name":"Romassan Ros\u00e9 ECO"}]},{"@type":"WebSite","@id":"https:\/\/grontkontor.dk\/#website","url":"https:\/\/grontkontor.dk\/","name":"Gr\u00f8nt Kontor","description":"Milj\u00f8venlige produkter til kontor og erhverv med fokus p\u00e5 b\u00e6redygtighed, design og fair trade.","publisher":{"@id":"https:\/\/grontkontor.dk\/#organization"},"potentialAction":[{"@type":"SearchAction","target":{"@type":"EntryPoint","urlTemplate":"https:\/\/grontkontor.dk\/?s={search_term_string}"},"query-input":"required name=search_term_string"}],"inLanguage":"sv-SE"},{"@type":"Organization","@id":"https:\/\/grontkontor.dk\/#organization","name":"Gr\u00f8nt Kontor","url":"https:\/\/grontkontor.dk\/","logo":{"@type":"ImageObject","inLanguage":"sv-SE","@id":"https:\/\/grontkontor.dk\/#\/schema\/logo\/image\/","url":"https:\/\/grontkontor.dk\/wp-content\/uploads\/2014\/02\/Logo_groent_kontor_300x80.png","contentUrl":"https:\/\/grontkontor.dk\/wp-content\/uploads\/2014\/02\/Logo_groent_kontor_300x80.png","width":300,"height":80,"caption":"Gr\u00f8nt Kontor"},"image":{"@id":"https:\/\/grontkontor.dk\/#\/schema\/logo\/image\/"},"sameAs":["https:\/\/www.facebook.com\/grontkontor.dk\/"]}]}},"_links":{"self":[{"href":"https:\/\/grontkontor.dk\/sv\/wp-json\/wp\/v2\/product\/81236"}],"collection":[{"href":"https:\/\/grontkontor.dk\/sv\/wp-json\/wp\/v2\/product"}],"about":[{"href":"https:\/\/grontkontor.dk\/sv\/wp-json\/wp\/v2\/types\/product"}],"replies":[{"embeddable":true,"href":"https:\/\/grontkontor.dk\/sv\/wp-json\/wp\/v2\/comments?post=81236"}],"wp:featuredmedia":[{"embeddable":true,"href":"https:\/\/grontkontor.dk\/sv\/wp-json\/wp\/v2\/media\/80683"}],"wp:attachment":[{"href":"https:\/\/grontkontor.dk\/sv\/wp-json\/wp\/v2\/media?parent=81236"}],"wp:term":[{"taxonomy":"product_cat","embeddable":true,"href":"https:\/\/grontkontor.dk\/sv\/wp-json\/wp\/v2\/product_cat?post=81236"},{"taxonomy":"product_tag","embeddable":true,"href":"https:\/\/grontkontor.dk\/sv\/wp-json\/wp\/v2\/product_tag?post=81236"}],"curies":[{"name":"wp","href":"https:\/\/api.w.org\/{rel}","templated":true}]}}