{"id":81263,"date":"2024-02-01T10:24:53","date_gmt":"2024-02-21T13:41:57","guid":{"rendered":"https:\/\/grontkontor.dk\/shop\/hylla-med-upphaengningsstaang-i-kejserligt-trae\/"},"modified":"2024-02-21T14:41:57","modified_gmt":"2024-02-21T13:41:57","slug":"hylla-med-upphaengningsstaang-i-kejserligt-trae","status":"publish","type":"product","link":"https:\/\/grontkontor.dk\/sv\/shop\/hylla-med-upphaengningsstaang-i-kejserligt-trae\/","title":{"rendered":"Hylla med upph\u00e4ngningsst\u00e5ng i kejserligt tr\u00e4"},"content":{"rendered":"<p>H\u00e4rligt robust och stilren hylla i imperialtr\u00e4 med h\u00e4ngskena. Alternativt kan hyllan v\u00e4ndas med st\u00e5ngen upp\u00e5t och anv\u00e4ndas som st\u00f6d f\u00f6r b\u00f6cker, bilder eller liknande.<br \/>\nImperial wood \u00e4r ett snabbv\u00e4xande tr\u00e4dslag, vilket inneb\u00e4r en snabb f\u00f6ryngring av biomassan. Dessutom \u00e4r imperialtr\u00e4 b\u00e5de h\u00e5llbart och l\u00e4tt, och d\u00e4rmed ett idealiskt val f\u00f6r klimatv\u00e4nliga m\u00f6bler.<\/p>\n<p>&nbsp;<\/p>\n","protected":false},"excerpt":{"rendered":"<p>H\u00e4rligt robust och stilren hylla i imperialtr\u00e4 med h\u00e4ngskena. Alternativt kan hyllan v\u00e4ndas med st\u00e5ngen upp\u00e5t och anv\u00e4ndas som st\u00f6d f\u00f6r b\u00f6cker, bilder eller liknande. Imperial wood \u00e4r ett snabbv\u00e4xande tr\u00e4dslag, vilket inneb\u00e4r en snabb f\u00f6ryngring av biomassan. Dessutom \u00e4r imperialtr\u00e4 b\u00e5de h\u00e5llbart och l\u00e4tt, och d\u00e4rmed ett idealiskt val f\u00f6r klimatv\u00e4nliga m\u00f6bler. &nbsp;<\/p>\n","protected":false},"featured_media":80554,"comment_status":"closed","ping_status":"closed","template":"","meta":{"_acf_changed":false},"product_cat":[2107,2603,2394],"product_tag":[2689,2699],"class_list":{"0":"post-81263","1":"product","2":"type-product","3":"status-publish","4":"has-post-thumbnail","6":"product_cat-dummy-moq-1-sv","7":"product_cat-hyllor-och-stall","8":"product_cat-nyheter","9":"product_tag-hylla","10":"product_tag-moebler","11":"tm-has-options","13":"first","14":"instock","15":"taxable","16":"shipping-taxable","17":"purchasable","18":"product-type-simple"},"acf":[],"yoast_head":"<!-- This site is optimized with the Yoast SEO Premium plugin v21.2 (Yoast SEO v21.2) - https:\/\/yoast.com\/wordpress\/plugins\/seo\/ -->\n<title>Hylla med upph\u00e4ngningsst\u00e5ng i kejserligt tr\u00e4 - Gr\u00f8nt Kontor<\/title>\n<meta name=\"robots\" content=\"index, follow, max-snippet:-1, max-image-preview:large, max-video-preview:-1\" \/>\n<link rel=\"canonical\" href=\"https:\/\/grontkontor.dk\/sv\/shop\/hylla-med-upphaengningsstaang-i-kejserligt-trae\/\" \/>\n<meta property=\"og:locale\" content=\"sv_SE\" \/>\n<meta property=\"og:type\" content=\"article\" \/>\n<meta property=\"og:title\" content=\"Hylla med upph\u00e4ngningsst\u00e5ng i kejserligt tr\u00e4\" \/>\n<meta property=\"og:description\" content=\"H\u00e4rligt robust och stilren hylla i imperialtr\u00e4 med h\u00e4ngskena. Alternativt kan hyllan v\u00e4ndas med st\u00e5ngen upp\u00e5t och anv\u00e4ndas som st\u00f6d f\u00f6r b\u00f6cker, bilder eller liknande. Imperial wood \u00e4r ett snabbv\u00e4xande tr\u00e4dslag, vilket inneb\u00e4r en snabb f\u00f6ryngring av biomassan. Dessutom \u00e4r imperialtr\u00e4 b\u00e5de h\u00e5llbart och l\u00e4tt, och d\u00e4rmed ett idealiskt val f\u00f6r klimatv\u00e4nliga m\u00f6bler. &nbsp;\" \/>\n<meta property=\"og:url\" content=\"https:\/\/grontkontor.dk\/sv\/shop\/hylla-med-upphaengningsstaang-i-kejserligt-trae\/\" \/>\n<meta property=\"og:site_name\" content=\"Gr\u00f8nt Kontor\" \/>\n<meta property=\"article:publisher\" content=\"https:\/\/www.facebook.com\/grontkontor.dk\/\" \/>\n<meta property=\"og:image\" content=\"https:\/\/grontkontor.dk\/wp-content\/uploads\/2024\/02\/Klimavenlig-hylde-med-boejlestang-kejsertrae.jpg\" \/>\n\t<meta property=\"og:image:width\" content=\"900\" \/>\n\t<meta property=\"og:image:height\" content=\"639\" \/>\n\t<meta property=\"og:image:type\" content=\"image\/jpeg\" \/>\n<meta name=\"twitter:card\" content=\"summary_large_image\" \/>\n<script type=\"application\/ld+json\" class=\"yoast-schema-graph\">{\"@context\":\"https:\/\/schema.org\",\"@graph\":[{\"@type\":\"WebPage\",\"@id\":\"https:\/\/grontkontor.dk\/sv\/shop\/hylla-med-upphaengningsstaang-i-kejserligt-trae\/\",\"url\":\"https:\/\/grontkontor.dk\/sv\/shop\/hylla-med-upphaengningsstaang-i-kejserligt-trae\/\",\"name\":\"Hylla med upph\u00e4ngningsst\u00e5ng i kejserligt tr\u00e4 - Gr\u00f8nt Kontor\",\"isPartOf\":{\"@id\":\"https:\/\/grontkontor.dk\/#website\"},\"datePublished\":\"2024-02-21T13:41:57+00:00\",\"dateModified\":\"2024-02-21T13:41:57+00:00\",\"breadcrumb\":{\"@id\":\"https:\/\/grontkontor.dk\/sv\/shop\/hylla-med-upphaengningsstaang-i-kejserligt-trae\/#breadcrumb\"},\"inLanguage\":\"sv-SE\",\"potentialAction\":[{\"@type\":\"ReadAction\",\"target\":[\"https:\/\/grontkontor.dk\/sv\/shop\/hylla-med-upphaengningsstaang-i-kejserligt-trae\/\"]}]},{\"@type\":\"BreadcrumbList\",\"@id\":\"https:\/\/grontkontor.dk\/sv\/shop\/hylla-med-upphaengningsstaang-i-kejserligt-trae\/#breadcrumb\",\"itemListElement\":[{\"@type\":\"ListItem\",\"position\":1,\"name\":\"Forside\",\"item\":\"https:\/\/grontkontor.dk\/\"},{\"@type\":\"ListItem\",\"position\":2,\"name\":\"Shop\",\"item\":\"https:\/\/grontkontor.dk\/sv\/shop\/\"},{\"@type\":\"ListItem\",\"position\":3,\"name\":\"M\u00f8bler og inventar\",\"item\":\"https:\/\/grontkontor.dk\/produkt-kategori\/mobler-og-inventar\/\"},{\"@type\":\"ListItem\",\"position\":4,\"name\":\"Hylder og reoler\",\"item\":\"https:\/\/grontkontor.dk\/produkt-kategori\/mobler-og-inventar\/hylder-og-reoler\/\"},{\"@type\":\"ListItem\",\"position\":5,\"name\":\"Hylla med upph\u00e4ngningsst\u00e5ng i kejserligt tr\u00e4\"}]},{\"@type\":\"WebSite\",\"@id\":\"https:\/\/grontkontor.dk\/#website\",\"url\":\"https:\/\/grontkontor.dk\/\",\"name\":\"Gr\u00f8nt Kontor\",\"description\":\"Milj\u00f8venlige produkter til kontor og erhverv med fokus p\u00e5 b\u00e6redygtighed, design og fair trade.\",\"publisher\":{\"@id\":\"https:\/\/grontkontor.dk\/#organization\"},\"potentialAction\":[{\"@type\":\"SearchAction\",\"target\":{\"@type\":\"EntryPoint\",\"urlTemplate\":\"https:\/\/grontkontor.dk\/?s={search_term_string}\"},\"query-input\":\"required name=search_term_string\"}],\"inLanguage\":\"sv-SE\"},{\"@type\":\"Organization\",\"@id\":\"https:\/\/grontkontor.dk\/#organization\",\"name\":\"Gr\u00f8nt Kontor\",\"url\":\"https:\/\/grontkontor.dk\/\",\"logo\":{\"@type\":\"ImageObject\",\"inLanguage\":\"sv-SE\",\"@id\":\"https:\/\/grontkontor.dk\/#\/schema\/logo\/image\/\",\"url\":\"https:\/\/grontkontor.dk\/wp-content\/uploads\/2014\/02\/Logo_groent_kontor_300x80.png\",\"contentUrl\":\"https:\/\/grontkontor.dk\/wp-content\/uploads\/2014\/02\/Logo_groent_kontor_300x80.png\",\"width\":300,\"height\":80,\"caption\":\"Gr\u00f8nt Kontor\"},\"image\":{\"@id\":\"https:\/\/grontkontor.dk\/#\/schema\/logo\/image\/\"},\"sameAs\":[\"https:\/\/www.facebook.com\/grontkontor.dk\/\"]}]}<\/script>\n<!-- \/ Yoast SEO Premium plugin. -->","yoast_head_json":{"title":"Hylla med upph\u00e4ngningsst\u00e5ng i kejserligt tr\u00e4 - Gr\u00f8nt Kontor","robots":{"index":"index","follow":"follow","max-snippet":"max-snippet:-1","max-image-preview":"max-image-preview:large","max-video-preview":"max-video-preview:-1"},"canonical":"https:\/\/grontkontor.dk\/sv\/shop\/hylla-med-upphaengningsstaang-i-kejserligt-trae\/","og_locale":"sv_SE","og_type":"article","og_title":"Hylla med upph\u00e4ngningsst\u00e5ng i kejserligt tr\u00e4","og_description":"H\u00e4rligt robust och stilren hylla i imperialtr\u00e4 med h\u00e4ngskena. Alternativt kan hyllan v\u00e4ndas med st\u00e5ngen upp\u00e5t och anv\u00e4ndas som st\u00f6d f\u00f6r b\u00f6cker, bilder eller liknande. Imperial wood \u00e4r ett snabbv\u00e4xande tr\u00e4dslag, vilket inneb\u00e4r en snabb f\u00f6ryngring av biomassan. Dessutom \u00e4r imperialtr\u00e4 b\u00e5de h\u00e5llbart och l\u00e4tt, och d\u00e4rmed ett idealiskt val f\u00f6r klimatv\u00e4nliga m\u00f6bler. &nbsp;","og_url":"https:\/\/grontkontor.dk\/sv\/shop\/hylla-med-upphaengningsstaang-i-kejserligt-trae\/","og_site_name":"Gr\u00f8nt Kontor","article_publisher":"https:\/\/www.facebook.com\/grontkontor.dk\/","og_image":[{"width":900,"height":639,"url":"https:\/\/grontkontor.dk\/wp-content\/uploads\/2024\/02\/Klimavenlig-hylde-med-boejlestang-kejsertrae.jpg","type":"image\/jpeg"}],"twitter_card":"summary_large_image","schema":{"@context":"https:\/\/schema.org","@graph":[{"@type":"WebPage","@id":"https:\/\/grontkontor.dk\/sv\/shop\/hylla-med-upphaengningsstaang-i-kejserligt-trae\/","url":"https:\/\/grontkontor.dk\/sv\/shop\/hylla-med-upphaengningsstaang-i-kejserligt-trae\/","name":"Hylla med upph\u00e4ngningsst\u00e5ng i kejserligt tr\u00e4 - Gr\u00f8nt Kontor","isPartOf":{"@id":"https:\/\/grontkontor.dk\/#website"},"datePublished":"2024-02-21T13:41:57+00:00","dateModified":"2024-02-21T13:41:57+00:00","breadcrumb":{"@id":"https:\/\/grontkontor.dk\/sv\/shop\/hylla-med-upphaengningsstaang-i-kejserligt-trae\/#breadcrumb"},"inLanguage":"sv-SE","potentialAction":[{"@type":"ReadAction","target":["https:\/\/grontkontor.dk\/sv\/shop\/hylla-med-upphaengningsstaang-i-kejserligt-trae\/"]}]},{"@type":"BreadcrumbList","@id":"https:\/\/grontkontor.dk\/sv\/shop\/hylla-med-upphaengningsstaang-i-kejserligt-trae\/#breadcrumb","itemListElement":[{"@type":"ListItem","position":1,"name":"Forside","item":"https:\/\/grontkontor.dk\/"},{"@type":"ListItem","position":2,"name":"Shop","item":"https:\/\/grontkontor.dk\/sv\/shop\/"},{"@type":"ListItem","position":3,"name":"M\u00f8bler og inventar","item":"https:\/\/grontkontor.dk\/produkt-kategori\/mobler-og-inventar\/"},{"@type":"ListItem","position":4,"name":"Hylder og reoler","item":"https:\/\/grontkontor.dk\/produkt-kategori\/mobler-og-inventar\/hylder-og-reoler\/"},{"@type":"ListItem","position":5,"name":"Hylla med upph\u00e4ngningsst\u00e5ng i kejserligt tr\u00e4"}]},{"@type":"WebSite","@id":"https:\/\/grontkontor.dk\/#website","url":"https:\/\/grontkontor.dk\/","name":"Gr\u00f8nt Kontor","description":"Milj\u00f8venlige produkter til kontor og erhverv med fokus p\u00e5 b\u00e6redygtighed, design og fair trade.","publisher":{"@id":"https:\/\/grontkontor.dk\/#organization"},"potentialAction":[{"@type":"SearchAction","target":{"@type":"EntryPoint","urlTemplate":"https:\/\/grontkontor.dk\/?s={search_term_string}"},"query-input":"required name=search_term_string"}],"inLanguage":"sv-SE"},{"@type":"Organization","@id":"https:\/\/grontkontor.dk\/#organization","name":"Gr\u00f8nt Kontor","url":"https:\/\/grontkontor.dk\/","logo":{"@type":"ImageObject","inLanguage":"sv-SE","@id":"https:\/\/grontkontor.dk\/#\/schema\/logo\/image\/","url":"https:\/\/grontkontor.dk\/wp-content\/uploads\/2014\/02\/Logo_groent_kontor_300x80.png","contentUrl":"https:\/\/grontkontor.dk\/wp-content\/uploads\/2014\/02\/Logo_groent_kontor_300x80.png","width":300,"height":80,"caption":"Gr\u00f8nt Kontor"},"image":{"@id":"https:\/\/grontkontor.dk\/#\/schema\/logo\/image\/"},"sameAs":["https:\/\/www.facebook.com\/grontkontor.dk\/"]}]}},"_links":{"self":[{"href":"https:\/\/grontkontor.dk\/sv\/wp-json\/wp\/v2\/product\/81263"}],"collection":[{"href":"https:\/\/grontkontor.dk\/sv\/wp-json\/wp\/v2\/product"}],"about":[{"href":"https:\/\/grontkontor.dk\/sv\/wp-json\/wp\/v2\/types\/product"}],"replies":[{"embeddable":true,"href":"https:\/\/grontkontor.dk\/sv\/wp-json\/wp\/v2\/comments?post=81263"}],"wp:featuredmedia":[{"embeddable":true,"href":"https:\/\/grontkontor.dk\/sv\/wp-json\/wp\/v2\/media\/80554"}],"wp:attachment":[{"href":"https:\/\/grontkontor.dk\/sv\/wp-json\/wp\/v2\/media?parent=81263"}],"wp:term":[{"taxonomy":"product_cat","embeddable":true,"href":"https:\/\/grontkontor.dk\/sv\/wp-json\/wp\/v2\/product_cat?post=81263"},{"taxonomy":"product_tag","embeddable":true,"href":"https:\/\/grontkontor.dk\/sv\/wp-json\/wp\/v2\/product_tag?post=81263"}],"curies":[{"name":"wp","href":"https:\/\/api.w.org\/{rel}","templated":true}]}}