{"id":81298,"date":"2024-01-16T12:09:47","date_gmt":"2024-02-21T14:30:58","guid":{"rendered":"https:\/\/grontkontor.dk\/shop\/vinstaell-i-trae-xl-m-u-tryck\/"},"modified":"2024-02-21T15:30:58","modified_gmt":"2024-02-21T14:30:58","slug":"vinstaell-i-trae-xl-m-u-tryck","status":"publish","type":"product","link":"https:\/\/grontkontor.dk\/sv\/shop\/vinstaell-i-trae-xl-m-u-tryck\/","title":{"rendered":"Vinst\u00e4ll i tr\u00e4 XL m\/u tryck"},"content":{"rendered":"<p>Klimatsmart och billigt vinst\u00e4ll i furu i klassisk design f\u00f6r 10 flaskor vin. Perfekt som personalpresent eller till hotell, caf\u00e9 och restaurang. Med smart hopf\u00e4llbar funktion kan hyllan enkelt flyttas och packas ihop n\u00e4r den inte anv\u00e4nds.<br \/>\nLevereras med eller utan lasergravyr.<\/p>\n<p>&nbsp;<\/p>\n<p>&nbsp;<\/p>\n<p>&nbsp;<\/p>\n","protected":false},"excerpt":{"rendered":"<p>Klimatsmart och billigt vinst\u00e4ll i furu i klassisk design f\u00f6r 10 flaskor vin. Perfekt som personalpresent eller till hotell, caf\u00e9 och restaurang. Med smart hopf\u00e4llbar funktion kan hyllan enkelt flyttas och packas ihop n\u00e4r den inte anv\u00e4nds. Levereras med eller utan lasergravyr. &nbsp; &nbsp; &nbsp;<\/p>\n","protected":false},"featured_media":79922,"comment_status":"closed","ping_status":"closed","template":"","meta":{"_acf_changed":false},"product_cat":[2107,2136,2603,2394],"product_tag":[2591],"class_list":{"0":"post-81298","1":"product","2":"type-product","3":"status-publish","4":"has-post-thumbnail","6":"product_cat-dummy-moq-1-sv","7":"product_cat-hotell-restaurang","8":"product_cat-hyllor-och-stall","9":"product_cat-nyheter","10":"product_tag-vin-sv","11":"tm-has-options","13":"first","14":"instock","15":"taxable","16":"shipping-taxable","17":"purchasable","18":"product-type-simple"},"acf":[],"yoast_head":"<!-- This site is optimized with the Yoast SEO Premium plugin v21.2 (Yoast SEO v21.2) - https:\/\/yoast.com\/wordpress\/plugins\/seo\/ -->\n<title>Vinst\u00e4ll i tr\u00e4 XL m\/u tryck - Gr\u00f8nt Kontor<\/title>\n<meta name=\"robots\" content=\"index, follow, max-snippet:-1, max-image-preview:large, max-video-preview:-1\" \/>\n<link rel=\"canonical\" href=\"https:\/\/grontkontor.dk\/sv\/shop\/vinstaell-i-trae-xl-m-u-tryck\/\" \/>\n<meta property=\"og:locale\" content=\"sv_SE\" \/>\n<meta property=\"og:type\" content=\"article\" \/>\n<meta property=\"og:title\" content=\"Vinst\u00e4ll i tr\u00e4 XL m\/u tryck\" \/>\n<meta property=\"og:description\" content=\"Klimatsmart och billigt vinst\u00e4ll i furu i klassisk design f\u00f6r 10 flaskor vin. Perfekt som personalpresent eller till hotell, caf\u00e9 och restaurang. Med smart hopf\u00e4llbar funktion kan hyllan enkelt flyttas och packas ihop n\u00e4r den inte anv\u00e4nds. Levereras med eller utan lasergravyr. &nbsp; &nbsp; &nbsp;\" \/>\n<meta property=\"og:url\" content=\"https:\/\/grontkontor.dk\/sv\/shop\/vinstaell-i-trae-xl-m-u-tryck\/\" \/>\n<meta property=\"og:site_name\" content=\"Gr\u00f8nt Kontor\" \/>\n<meta property=\"article:publisher\" content=\"https:\/\/www.facebook.com\/grontkontor.dk\/\" \/>\n<meta property=\"og:image\" content=\"https:\/\/grontkontor.dk\/wp-content\/uploads\/2024\/01\/Klimavenlig-stor-vinhylde.jpg\" \/>\n\t<meta property=\"og:image:width\" content=\"639\" \/>\n\t<meta property=\"og:image:height\" content=\"900\" \/>\n\t<meta property=\"og:image:type\" content=\"image\/jpeg\" \/>\n<meta name=\"twitter:card\" content=\"summary_large_image\" \/>\n<script type=\"application\/ld+json\" class=\"yoast-schema-graph\">{\"@context\":\"https:\/\/schema.org\",\"@graph\":[{\"@type\":\"WebPage\",\"@id\":\"https:\/\/grontkontor.dk\/sv\/shop\/vinstaell-i-trae-xl-m-u-tryck\/\",\"url\":\"https:\/\/grontkontor.dk\/sv\/shop\/vinstaell-i-trae-xl-m-u-tryck\/\",\"name\":\"Vinst\u00e4ll i tr\u00e4 XL m\/u tryck - Gr\u00f8nt Kontor\",\"isPartOf\":{\"@id\":\"https:\/\/grontkontor.dk\/#website\"},\"datePublished\":\"2024-02-21T14:30:58+00:00\",\"dateModified\":\"2024-02-21T14:30:58+00:00\",\"breadcrumb\":{\"@id\":\"https:\/\/grontkontor.dk\/sv\/shop\/vinstaell-i-trae-xl-m-u-tryck\/#breadcrumb\"},\"inLanguage\":\"sv-SE\",\"potentialAction\":[{\"@type\":\"ReadAction\",\"target\":[\"https:\/\/grontkontor.dk\/sv\/shop\/vinstaell-i-trae-xl-m-u-tryck\/\"]}]},{\"@type\":\"BreadcrumbList\",\"@id\":\"https:\/\/grontkontor.dk\/sv\/shop\/vinstaell-i-trae-xl-m-u-tryck\/#breadcrumb\",\"itemListElement\":[{\"@type\":\"ListItem\",\"position\":1,\"name\":\"Forside\",\"item\":\"https:\/\/grontkontor.dk\/\"},{\"@type\":\"ListItem\",\"position\":2,\"name\":\"Shop\",\"item\":\"https:\/\/grontkontor.dk\/sv\/shop\/\"},{\"@type\":\"ListItem\",\"position\":3,\"name\":\"M\u00f8bler og inventar\",\"item\":\"https:\/\/grontkontor.dk\/produkt-kategori\/mobler-og-inventar\/\"},{\"@type\":\"ListItem\",\"position\":4,\"name\":\"Hylder og reoler\",\"item\":\"https:\/\/grontkontor.dk\/produkt-kategori\/mobler-og-inventar\/hylder-og-reoler\/\"},{\"@type\":\"ListItem\",\"position\":5,\"name\":\"Vinst\u00e4ll i tr\u00e4 XL m\/u tryck\"}]},{\"@type\":\"WebSite\",\"@id\":\"https:\/\/grontkontor.dk\/#website\",\"url\":\"https:\/\/grontkontor.dk\/\",\"name\":\"Gr\u00f8nt Kontor\",\"description\":\"Milj\u00f8venlige produkter til kontor og erhverv med fokus p\u00e5 b\u00e6redygtighed, design og fair trade.\",\"publisher\":{\"@id\":\"https:\/\/grontkontor.dk\/#organization\"},\"potentialAction\":[{\"@type\":\"SearchAction\",\"target\":{\"@type\":\"EntryPoint\",\"urlTemplate\":\"https:\/\/grontkontor.dk\/?s={search_term_string}\"},\"query-input\":\"required name=search_term_string\"}],\"inLanguage\":\"sv-SE\"},{\"@type\":\"Organization\",\"@id\":\"https:\/\/grontkontor.dk\/#organization\",\"name\":\"Gr\u00f8nt Kontor\",\"url\":\"https:\/\/grontkontor.dk\/\",\"logo\":{\"@type\":\"ImageObject\",\"inLanguage\":\"sv-SE\",\"@id\":\"https:\/\/grontkontor.dk\/#\/schema\/logo\/image\/\",\"url\":\"https:\/\/grontkontor.dk\/wp-content\/uploads\/2014\/02\/Logo_groent_kontor_300x80.png\",\"contentUrl\":\"https:\/\/grontkontor.dk\/wp-content\/uploads\/2014\/02\/Logo_groent_kontor_300x80.png\",\"width\":300,\"height\":80,\"caption\":\"Gr\u00f8nt Kontor\"},\"image\":{\"@id\":\"https:\/\/grontkontor.dk\/#\/schema\/logo\/image\/\"},\"sameAs\":[\"https:\/\/www.facebook.com\/grontkontor.dk\/\"]}]}<\/script>\n<!-- \/ Yoast SEO Premium plugin. -->","yoast_head_json":{"title":"Vinst\u00e4ll i tr\u00e4 XL m\/u tryck - Gr\u00f8nt Kontor","robots":{"index":"index","follow":"follow","max-snippet":"max-snippet:-1","max-image-preview":"max-image-preview:large","max-video-preview":"max-video-preview:-1"},"canonical":"https:\/\/grontkontor.dk\/sv\/shop\/vinstaell-i-trae-xl-m-u-tryck\/","og_locale":"sv_SE","og_type":"article","og_title":"Vinst\u00e4ll i tr\u00e4 XL m\/u tryck","og_description":"Klimatsmart och billigt vinst\u00e4ll i furu i klassisk design f\u00f6r 10 flaskor vin. Perfekt som personalpresent eller till hotell, caf\u00e9 och restaurang. Med smart hopf\u00e4llbar funktion kan hyllan enkelt flyttas och packas ihop n\u00e4r den inte anv\u00e4nds. Levereras med eller utan lasergravyr. &nbsp; &nbsp; &nbsp;","og_url":"https:\/\/grontkontor.dk\/sv\/shop\/vinstaell-i-trae-xl-m-u-tryck\/","og_site_name":"Gr\u00f8nt Kontor","article_publisher":"https:\/\/www.facebook.com\/grontkontor.dk\/","og_image":[{"width":639,"height":900,"url":"https:\/\/grontkontor.dk\/wp-content\/uploads\/2024\/01\/Klimavenlig-stor-vinhylde.jpg","type":"image\/jpeg"}],"twitter_card":"summary_large_image","schema":{"@context":"https:\/\/schema.org","@graph":[{"@type":"WebPage","@id":"https:\/\/grontkontor.dk\/sv\/shop\/vinstaell-i-trae-xl-m-u-tryck\/","url":"https:\/\/grontkontor.dk\/sv\/shop\/vinstaell-i-trae-xl-m-u-tryck\/","name":"Vinst\u00e4ll i tr\u00e4 XL m\/u tryck - Gr\u00f8nt Kontor","isPartOf":{"@id":"https:\/\/grontkontor.dk\/#website"},"datePublished":"2024-02-21T14:30:58+00:00","dateModified":"2024-02-21T14:30:58+00:00","breadcrumb":{"@id":"https:\/\/grontkontor.dk\/sv\/shop\/vinstaell-i-trae-xl-m-u-tryck\/#breadcrumb"},"inLanguage":"sv-SE","potentialAction":[{"@type":"ReadAction","target":["https:\/\/grontkontor.dk\/sv\/shop\/vinstaell-i-trae-xl-m-u-tryck\/"]}]},{"@type":"BreadcrumbList","@id":"https:\/\/grontkontor.dk\/sv\/shop\/vinstaell-i-trae-xl-m-u-tryck\/#breadcrumb","itemListElement":[{"@type":"ListItem","position":1,"name":"Forside","item":"https:\/\/grontkontor.dk\/"},{"@type":"ListItem","position":2,"name":"Shop","item":"https:\/\/grontkontor.dk\/sv\/shop\/"},{"@type":"ListItem","position":3,"name":"M\u00f8bler og inventar","item":"https:\/\/grontkontor.dk\/produkt-kategori\/mobler-og-inventar\/"},{"@type":"ListItem","position":4,"name":"Hylder og reoler","item":"https:\/\/grontkontor.dk\/produkt-kategori\/mobler-og-inventar\/hylder-og-reoler\/"},{"@type":"ListItem","position":5,"name":"Vinst\u00e4ll i tr\u00e4 XL m\/u tryck"}]},{"@type":"WebSite","@id":"https:\/\/grontkontor.dk\/#website","url":"https:\/\/grontkontor.dk\/","name":"Gr\u00f8nt Kontor","description":"Milj\u00f8venlige produkter til kontor og erhverv med fokus p\u00e5 b\u00e6redygtighed, design og fair trade.","publisher":{"@id":"https:\/\/grontkontor.dk\/#organization"},"potentialAction":[{"@type":"SearchAction","target":{"@type":"EntryPoint","urlTemplate":"https:\/\/grontkontor.dk\/?s={search_term_string}"},"query-input":"required name=search_term_string"}],"inLanguage":"sv-SE"},{"@type":"Organization","@id":"https:\/\/grontkontor.dk\/#organization","name":"Gr\u00f8nt Kontor","url":"https:\/\/grontkontor.dk\/","logo":{"@type":"ImageObject","inLanguage":"sv-SE","@id":"https:\/\/grontkontor.dk\/#\/schema\/logo\/image\/","url":"https:\/\/grontkontor.dk\/wp-content\/uploads\/2014\/02\/Logo_groent_kontor_300x80.png","contentUrl":"https:\/\/grontkontor.dk\/wp-content\/uploads\/2014\/02\/Logo_groent_kontor_300x80.png","width":300,"height":80,"caption":"Gr\u00f8nt Kontor"},"image":{"@id":"https:\/\/grontkontor.dk\/#\/schema\/logo\/image\/"},"sameAs":["https:\/\/www.facebook.com\/grontkontor.dk\/"]}]}},"_links":{"self":[{"href":"https:\/\/grontkontor.dk\/sv\/wp-json\/wp\/v2\/product\/81298"}],"collection":[{"href":"https:\/\/grontkontor.dk\/sv\/wp-json\/wp\/v2\/product"}],"about":[{"href":"https:\/\/grontkontor.dk\/sv\/wp-json\/wp\/v2\/types\/product"}],"replies":[{"embeddable":true,"href":"https:\/\/grontkontor.dk\/sv\/wp-json\/wp\/v2\/comments?post=81298"}],"wp:featuredmedia":[{"embeddable":true,"href":"https:\/\/grontkontor.dk\/sv\/wp-json\/wp\/v2\/media\/79922"}],"wp:attachment":[{"href":"https:\/\/grontkontor.dk\/sv\/wp-json\/wp\/v2\/media?parent=81298"}],"wp:term":[{"taxonomy":"product_cat","embeddable":true,"href":"https:\/\/grontkontor.dk\/sv\/wp-json\/wp\/v2\/product_cat?post=81298"},{"taxonomy":"product_tag","embeddable":true,"href":"https:\/\/grontkontor.dk\/sv\/wp-json\/wp\/v2\/product_tag?post=81298"}],"curies":[{"name":"wp","href":"https:\/\/api.w.org\/{rel}","templated":true}]}}