{"id":81337,"date":"2023-12-21T10:52:39","date_gmt":"2024-02-21T14:53:52","guid":{"rendered":"https:\/\/grontkontor.dk\/shop\/maessdisk-i-aatervunnen-fsc-certifierad-kartong\/"},"modified":"2024-05-16T09:49:30","modified_gmt":"2024-05-16T07:49:30","slug":"massa-counter-in-recycled-fsc-certified-kartong","status":"publish","type":"product","link":"https:\/\/grontkontor.dk\/sv\/shop\/massa-counter-in-recycled-fsc-certified-kartong\/","title":{"rendered":"M\u00e4ssdisk i \u00e5tervunnen FSC-certifierad kartong"},"content":{"rendered":"<p>M\u00e4ssdisk tillverkad av reboard, best\u00e5ende av FSC-certifierad \u00e5tervinningsbar \u00e5tervunnen kartong av nordiskt ursprung. Med vattenavvisande bel\u00e4ggning i PE (polyeten) som ocks\u00e5 s\u00e4kerst\u00e4ller att produkten kan anv\u00e4ndas om och om igen. Levereras i praktisk transportv\u00e4ska \u2013 med sin l\u00e5ga vikt \u00e4r den enkel att transportera och installera Finns i 2 varianter i 16 mm reboard med tryck. <strong>NB.<\/strong> B\u00e5de brun- och vitpigmenterad levereras som standard med brun \u00f6ver- och underdel. Finns med fullf\u00e4rgstryck med tryck upp till 5 cm fr\u00e5n kanten.<br \/>\nOm enskilda delar skadas kan de bytas ut separat.<\/p>\nFSC certificeringen s\u00e4krar \u00e5terplantering av skog, beskyddar djur- och v\u00e4xtliv\noch s\u00e4krar goda l\u00f6n- och arbetsf\u00f6rh\u00e5llanden. \n<p>&nbsp;<\/p>\n<p><a href=\"https:\/\/ic.fsc.org\/en\/\" target=\"window\"><img loading=\"lazy\" decoding=\"async\" class=\"size-full wp-image-12735\" src=\"https:\/\/grontkontor.dk\/wp-content\/uploads\/2019\/04\/fsc-certificeret.png\" \n\t\t alt=\"FSC-certificeret\" title=\"FSC-certificeret\" width=\"44\" height=\"51\" border=0\/><\/a> <img loading=\"lazy\" decoding=\"async\" class=\"size-medium wp-image-21008\" src=\"https:\/\/grontkontor.dk\/wp-content\/uploads\/2020\/11\/eu-flag_1-300x199.jpg\" alt=\"Fremstillet i EU\" width=\"76\" height=\"50\" srcset=\"https:\/\/grontkontor.dk\/wp-content\/uploads\/2020\/11\/eu-flag_1-300x199.jpg 300w, https:\/\/grontkontor.dk\/wp-content\/uploads\/2020\/11\/eu-flag_1.jpg 530w\" sizes=\"(max-width: 76px) 100vw, 76px\" \/><\/p>\n","protected":false},"excerpt":{"rendered":"<p>M\u00e4ssdisk tillverkad av reboard, best\u00e5ende av FSC-certifierad \u00e5tervinningsbar \u00e5tervunnen kartong av nordiskt ursprung. Med vattenavvisande bel\u00e4ggning i PE (polyeten) som ocks\u00e5 s\u00e4kerst\u00e4ller att produkten kan anv\u00e4ndas om och om igen. Levereras i praktisk transportv\u00e4ska \u2013 med sin l\u00e5ga vikt \u00e4r den enkel att transportera och installera Finns i 2 varianter i 16 mm reboard med [&hellip;]<\/p>\n","protected":false},"featured_media":82040,"comment_status":"closed","ping_status":"closed","template":"","meta":{"_acf_changed":false},"product_cat":[2715,1831,2394],"product_tag":[2718,2717],"class_list":{"0":"post-81337","1":"product","2":"type-product","3":"status-publish","4":"has-post-thumbnail","6":"product_cat-maessskyltar-och-inredning","7":"product_cat-natur-aatervunnet-papper","8":"product_cat-nyheter","9":"product_tag-maessraeknare","10":"product_tag-utstaellningsbord","11":"pa_farve-brun-med-svart-topp-och-botten","12":"pa_farve-vitpigmenterad-med-brun-ovan-och-underdel","13":"pa_farve-vitpigmenterad-med-svart-oever-och-underdel","14":"pa_farve-brun-sv","15":"tm-has-options","17":"first","18":"instock","19":"featured","20":"taxable","21":"shipping-taxable","22":"purchasable","23":"product-type-variable","24":"has-default-attributes"},"acf":[],"yoast_head":"<!-- This site is optimized with the Yoast SEO Premium plugin v21.2 (Yoast SEO v21.2) - https:\/\/yoast.com\/wordpress\/plugins\/seo\/ -->\n<title>M\u00e4ssdisk i \u00e5tervunnen FSC-certifierad kartong - Gr\u00f8nt Kontor<\/title>\n<meta name=\"robots\" content=\"index, follow, max-snippet:-1, max-image-preview:large, max-video-preview:-1\" \/>\n<link rel=\"canonical\" href=\"https:\/\/grontkontor.dk\/sv\/shop\/massa-counter-in-recycled-fsc-certified-kartong\/\" \/>\n<meta property=\"og:locale\" content=\"sv_SE\" \/>\n<meta property=\"og:type\" content=\"article\" \/>\n<meta property=\"og:title\" content=\"M\u00e4ssdisk i \u00e5tervunnen FSC-certifierad kartong\" \/>\n<meta property=\"og:description\" content=\"M\u00e4ssdisk tillverkad av reboard, best\u00e5ende av FSC-certifierad \u00e5tervinningsbar \u00e5tervunnen kartong av nordiskt ursprung. Med vattenavvisande bel\u00e4ggning i PE (polyeten) som ocks\u00e5 s\u00e4kerst\u00e4ller att produkten kan anv\u00e4ndas om och om igen. Levereras i praktisk transportv\u00e4ska \u2013 med sin l\u00e5ga vikt \u00e4r den enkel att transportera och installera Finns i 2 varianter i 16 mm reboard med [&hellip;]\" \/>\n<meta property=\"og:url\" content=\"https:\/\/grontkontor.dk\/sv\/shop\/massa-counter-in-recycled-fsc-certified-kartong\/\" \/>\n<meta property=\"og:site_name\" content=\"Gr\u00f8nt Kontor\" \/>\n<meta property=\"article:publisher\" content=\"https:\/\/www.facebook.com\/grontkontor.dk\/\" \/>\n<meta property=\"article:modified_time\" content=\"2024-05-16T07:49:30+00:00\" \/>\n<meta property=\"og:image\" content=\"https:\/\/grontkontor.dk\/wp-content\/uploads\/2023\/12\/Klimavenlig-messedisk-i-FSC-pap-1.jpg\" \/>\n\t<meta property=\"og:image:width\" content=\"900\" \/>\n\t<meta property=\"og:image:height\" content=\"639\" \/>\n\t<meta property=\"og:image:type\" content=\"image\/jpeg\" \/>\n<meta name=\"twitter:card\" content=\"summary_large_image\" \/>\n<meta name=\"twitter:label1\" content=\"Ber\u00e4knad l\u00e4stid\" \/>\n\t<meta name=\"twitter:data1\" content=\"1 minut\" \/>\n<script type=\"application\/ld+json\" class=\"yoast-schema-graph\">{\"@context\":\"https:\/\/schema.org\",\"@graph\":[{\"@type\":\"WebPage\",\"@id\":\"https:\/\/grontkontor.dk\/sv\/shop\/massa-counter-in-recycled-fsc-certified-kartong\/\",\"url\":\"https:\/\/grontkontor.dk\/sv\/shop\/massa-counter-in-recycled-fsc-certified-kartong\/\",\"name\":\"M\u00e4ssdisk i \u00e5tervunnen FSC-certifierad kartong - Gr\u00f8nt Kontor\",\"isPartOf\":{\"@id\":\"https:\/\/grontkontor.dk\/#website\"},\"datePublished\":\"2024-02-21T14:53:52+00:00\",\"dateModified\":\"2024-05-16T07:49:30+00:00\",\"breadcrumb\":{\"@id\":\"https:\/\/grontkontor.dk\/sv\/shop\/massa-counter-in-recycled-fsc-certified-kartong\/#breadcrumb\"},\"inLanguage\":\"sv-SE\",\"potentialAction\":[{\"@type\":\"ReadAction\",\"target\":[\"https:\/\/grontkontor.dk\/sv\/shop\/massa-counter-in-recycled-fsc-certified-kartong\/\"]}]},{\"@type\":\"BreadcrumbList\",\"@id\":\"https:\/\/grontkontor.dk\/sv\/shop\/massa-counter-in-recycled-fsc-certified-kartong\/#breadcrumb\",\"itemListElement\":[{\"@type\":\"ListItem\",\"position\":1,\"name\":\"Forside\",\"item\":\"https:\/\/grontkontor.dk\/\"},{\"@type\":\"ListItem\",\"position\":2,\"name\":\"Shop\",\"item\":\"https:\/\/grontkontor.dk\/sv\/shop\/\"},{\"@type\":\"ListItem\",\"position\":3,\"name\":\"Messe og event\",\"item\":\"https:\/\/grontkontor.dk\/produkt-kategori\/messe-og-event\/\"},{\"@type\":\"ListItem\",\"position\":4,\"name\":\"Messeskilte og m\u00f8blering\",\"item\":\"https:\/\/grontkontor.dk\/produkt-kategori\/messe-og-event\/messeskilte-og-moeblering\/\"},{\"@type\":\"ListItem\",\"position\":5,\"name\":\"M\u00e4ssdisk i \u00e5tervunnen FSC-certifierad kartong\"}]},{\"@type\":\"WebSite\",\"@id\":\"https:\/\/grontkontor.dk\/#website\",\"url\":\"https:\/\/grontkontor.dk\/\",\"name\":\"Gr\u00f8nt Kontor\",\"description\":\"Milj\u00f8venlige produkter til kontor og erhverv med fokus p\u00e5 b\u00e6redygtighed, design og fair trade.\",\"publisher\":{\"@id\":\"https:\/\/grontkontor.dk\/#organization\"},\"potentialAction\":[{\"@type\":\"SearchAction\",\"target\":{\"@type\":\"EntryPoint\",\"urlTemplate\":\"https:\/\/grontkontor.dk\/?s={search_term_string}\"},\"query-input\":\"required name=search_term_string\"}],\"inLanguage\":\"sv-SE\"},{\"@type\":\"Organization\",\"@id\":\"https:\/\/grontkontor.dk\/#organization\",\"name\":\"Gr\u00f8nt Kontor\",\"url\":\"https:\/\/grontkontor.dk\/\",\"logo\":{\"@type\":\"ImageObject\",\"inLanguage\":\"sv-SE\",\"@id\":\"https:\/\/grontkontor.dk\/#\/schema\/logo\/image\/\",\"url\":\"https:\/\/grontkontor.dk\/wp-content\/uploads\/2014\/02\/Logo_groent_kontor_300x80.png\",\"contentUrl\":\"https:\/\/grontkontor.dk\/wp-content\/uploads\/2014\/02\/Logo_groent_kontor_300x80.png\",\"width\":300,\"height\":80,\"caption\":\"Gr\u00f8nt Kontor\"},\"image\":{\"@id\":\"https:\/\/grontkontor.dk\/#\/schema\/logo\/image\/\"},\"sameAs\":[\"https:\/\/www.facebook.com\/grontkontor.dk\/\"]}]}<\/script>\n<!-- \/ Yoast SEO Premium plugin. -->","yoast_head_json":{"title":"M\u00e4ssdisk i \u00e5tervunnen FSC-certifierad kartong - Gr\u00f8nt Kontor","robots":{"index":"index","follow":"follow","max-snippet":"max-snippet:-1","max-image-preview":"max-image-preview:large","max-video-preview":"max-video-preview:-1"},"canonical":"https:\/\/grontkontor.dk\/sv\/shop\/massa-counter-in-recycled-fsc-certified-kartong\/","og_locale":"sv_SE","og_type":"article","og_title":"M\u00e4ssdisk i \u00e5tervunnen FSC-certifierad kartong","og_description":"M\u00e4ssdisk tillverkad av reboard, best\u00e5ende av FSC-certifierad \u00e5tervinningsbar \u00e5tervunnen kartong av nordiskt ursprung. Med vattenavvisande bel\u00e4ggning i PE (polyeten) som ocks\u00e5 s\u00e4kerst\u00e4ller att produkten kan anv\u00e4ndas om och om igen. Levereras i praktisk transportv\u00e4ska \u2013 med sin l\u00e5ga vikt \u00e4r den enkel att transportera och installera Finns i 2 varianter i 16 mm reboard med [&hellip;]","og_url":"https:\/\/grontkontor.dk\/sv\/shop\/massa-counter-in-recycled-fsc-certified-kartong\/","og_site_name":"Gr\u00f8nt Kontor","article_publisher":"https:\/\/www.facebook.com\/grontkontor.dk\/","article_modified_time":"2024-05-16T07:49:30+00:00","og_image":[{"width":900,"height":639,"url":"https:\/\/grontkontor.dk\/wp-content\/uploads\/2023\/12\/Klimavenlig-messedisk-i-FSC-pap-1.jpg","type":"image\/jpeg"}],"twitter_card":"summary_large_image","twitter_misc":{"Ber\u00e4knad l\u00e4stid":"1 minut"},"schema":{"@context":"https:\/\/schema.org","@graph":[{"@type":"WebPage","@id":"https:\/\/grontkontor.dk\/sv\/shop\/massa-counter-in-recycled-fsc-certified-kartong\/","url":"https:\/\/grontkontor.dk\/sv\/shop\/massa-counter-in-recycled-fsc-certified-kartong\/","name":"M\u00e4ssdisk i \u00e5tervunnen FSC-certifierad kartong - Gr\u00f8nt Kontor","isPartOf":{"@id":"https:\/\/grontkontor.dk\/#website"},"datePublished":"2024-02-21T14:53:52+00:00","dateModified":"2024-05-16T07:49:30+00:00","breadcrumb":{"@id":"https:\/\/grontkontor.dk\/sv\/shop\/massa-counter-in-recycled-fsc-certified-kartong\/#breadcrumb"},"inLanguage":"sv-SE","potentialAction":[{"@type":"ReadAction","target":["https:\/\/grontkontor.dk\/sv\/shop\/massa-counter-in-recycled-fsc-certified-kartong\/"]}]},{"@type":"BreadcrumbList","@id":"https:\/\/grontkontor.dk\/sv\/shop\/massa-counter-in-recycled-fsc-certified-kartong\/#breadcrumb","itemListElement":[{"@type":"ListItem","position":1,"name":"Forside","item":"https:\/\/grontkontor.dk\/"},{"@type":"ListItem","position":2,"name":"Shop","item":"https:\/\/grontkontor.dk\/sv\/shop\/"},{"@type":"ListItem","position":3,"name":"Messe og event","item":"https:\/\/grontkontor.dk\/produkt-kategori\/messe-og-event\/"},{"@type":"ListItem","position":4,"name":"Messeskilte og m\u00f8blering","item":"https:\/\/grontkontor.dk\/produkt-kategori\/messe-og-event\/messeskilte-og-moeblering\/"},{"@type":"ListItem","position":5,"name":"M\u00e4ssdisk i \u00e5tervunnen FSC-certifierad kartong"}]},{"@type":"WebSite","@id":"https:\/\/grontkontor.dk\/#website","url":"https:\/\/grontkontor.dk\/","name":"Gr\u00f8nt Kontor","description":"Milj\u00f8venlige produkter til kontor og erhverv med fokus p\u00e5 b\u00e6redygtighed, design og fair trade.","publisher":{"@id":"https:\/\/grontkontor.dk\/#organization"},"potentialAction":[{"@type":"SearchAction","target":{"@type":"EntryPoint","urlTemplate":"https:\/\/grontkontor.dk\/?s={search_term_string}"},"query-input":"required name=search_term_string"}],"inLanguage":"sv-SE"},{"@type":"Organization","@id":"https:\/\/grontkontor.dk\/#organization","name":"Gr\u00f8nt Kontor","url":"https:\/\/grontkontor.dk\/","logo":{"@type":"ImageObject","inLanguage":"sv-SE","@id":"https:\/\/grontkontor.dk\/#\/schema\/logo\/image\/","url":"https:\/\/grontkontor.dk\/wp-content\/uploads\/2014\/02\/Logo_groent_kontor_300x80.png","contentUrl":"https:\/\/grontkontor.dk\/wp-content\/uploads\/2014\/02\/Logo_groent_kontor_300x80.png","width":300,"height":80,"caption":"Gr\u00f8nt Kontor"},"image":{"@id":"https:\/\/grontkontor.dk\/#\/schema\/logo\/image\/"},"sameAs":["https:\/\/www.facebook.com\/grontkontor.dk\/"]}]}},"_links":{"self":[{"href":"https:\/\/grontkontor.dk\/sv\/wp-json\/wp\/v2\/product\/81337"}],"collection":[{"href":"https:\/\/grontkontor.dk\/sv\/wp-json\/wp\/v2\/product"}],"about":[{"href":"https:\/\/grontkontor.dk\/sv\/wp-json\/wp\/v2\/types\/product"}],"replies":[{"embeddable":true,"href":"https:\/\/grontkontor.dk\/sv\/wp-json\/wp\/v2\/comments?post=81337"}],"wp:featuredmedia":[{"embeddable":true,"href":"https:\/\/grontkontor.dk\/sv\/wp-json\/wp\/v2\/media\/82040"}],"wp:attachment":[{"href":"https:\/\/grontkontor.dk\/sv\/wp-json\/wp\/v2\/media?parent=81337"}],"wp:term":[{"taxonomy":"product_cat","embeddable":true,"href":"https:\/\/grontkontor.dk\/sv\/wp-json\/wp\/v2\/product_cat?post=81337"},{"taxonomy":"product_tag","embeddable":true,"href":"https:\/\/grontkontor.dk\/sv\/wp-json\/wp\/v2\/product_tag?post=81337"}],"curies":[{"name":"wp","href":"https:\/\/api.w.org\/{rel}","templated":true}]}}