{"id":81421,"date":"2023-09-22T14:05:41","date_gmt":"2024-02-22T10:51:38","guid":{"rendered":"https:\/\/grontkontor.dk\/shop\/to-go-mugg-i-aatervunnet-staal-300-ml\/"},"modified":"2024-02-29T14:56:16","modified_gmt":"2024-02-29T13:56:16","slug":"to-go-mugg-i-aatervunnet-staal-300-ml","status":"publish","type":"product","link":"https:\/\/grontkontor.dk\/sv\/shop\/to-go-mugg-i-aatervunnet-staal-300-ml\/","title":{"rendered":"To go-mugg i \u00e5tervunnet st\u00e5l 300 ml"},"content":{"rendered":"<p>Rymlig och milj\u00f6v\u00e4nlig mugg i splitterskyddat st\u00e5l i olika f\u00e4rger. Muggen \u00e4r inte l\u00e4mplig f\u00f6r sk\u00e5llheta drycker. T\u00e5l maskindisk, ej l\u00e4mplig f\u00f6r mikrov\u00e5gsugn.<br \/>\nEn utm\u00e4rkt klimatv\u00e4nlig f\u00f6retagsg\u00e5va eller giveaway f\u00f6r m\u00e4ssor, evenemang eller konferenser. Produkten \u00e4r tillverkad av \u00e5tervunnet st\u00e5l och \u00e4r d\u00e4rf\u00f6r ett klimat- och milj\u00f6medvetet val.<br \/>\nTillg\u00e4nglig med tryck.<br \/>\nMuggar \u00e4r  Framst\u00e4llt av h\u00f6gkvalitativt st\u00e5l, godk\u00e4nt till kontakt med livsmedel och 100% BPA fri<br \/>\nInneh\u00e5ll: 300 ml.<\/p>\nSt\u00e5l\/j\u00e4rn \u00e4r en \u00e5tranv\u00e4ndbar och i praktiken obegr\u00e4nsad resurs som inte f\u00f6rorenar vid kassering. Produktionen av st\u00e5l \u00e4r i sig sj\u00e4lv inte h\u00e5llbar, d\u00e5 det produceras stora m\u00e4ngder CO2 fr\u00e5n fossila materialer i processen. Men d\u00e4remot har st\u00e5lprodukter en ovanligt l\u00e5ng levnadstid och g\u00f6r det m\u00f6jligt f\u00f6r \u00e5tervinning i det o\u00e4ndliga, vilket sker i s\u00e5 stort utstr\u00e4ckning att absolut st\u00f6rsta delen av allt st\u00e5l p\u00e5 marknaden, i huvudsak, best\u00e5r av \u00e5tervunnet st\u00e5l. \n<p>&nbsp;<\/p>\n<img loading=\"lazy\" decoding=\"async\" src=\"https:\/\/grontkontor.dk\/wp-content\/uploads\/2021\/02\/genbrug.jpg\" alt=\"Fremstillet af genbrugsmaterialer\" width=\"50\" height=\"50\" class=\"size-full wp-image-23031\" srcset=\"https:\/\/grontkontor.dk\/wp-content\/uploads\/2021\/02\/genbrug.jpg 199w, https:\/\/grontkontor.dk\/wp-content\/uploads\/2021\/02\/genbrug-100x100.jpg 100w\" sizes=\"(max-width: 50px) 100vw, 50px\" \/>\n","protected":false},"excerpt":{"rendered":"<p>Rymlig och milj\u00f6v\u00e4nlig mugg i splitterskyddat st\u00e5l i olika f\u00e4rger. Muggen \u00e4r inte l\u00e4mplig f\u00f6r sk\u00e5llheta drycker. T\u00e5l maskindisk, ej l\u00e4mplig f\u00f6r mikrov\u00e5gsugn. En utm\u00e4rkt klimatv\u00e4nlig f\u00f6retagsg\u00e5va eller giveaway f\u00f6r m\u00e4ssor, evenemang eller konferenser. Produkten \u00e4r tillverkad av \u00e5tervunnet st\u00e5l och \u00e4r d\u00e4rf\u00f6r ett klimat- och milj\u00f6medvetet val. Tillg\u00e4nglig med tryck. Muggar \u00e4r Inneh\u00e5ll: 300 [&hellip;]<\/p>\n","protected":false},"featured_media":70055,"comment_status":"closed","ping_status":"closed","template":"","meta":{"_acf_changed":false},"product_cat":[4452,2107,2233,1954,2394],"product_tag":[1910],"class_list":{"0":"post-81421","1":"product","2":"type-product","3":"status-publish","4":"has-post-thumbnail","6":"product_cat-muggar-och-koppar-sv","7":"product_cat-dummy-moq-1-sv","8":"product_cat-mat-och-dryck","9":"product_cat-muggar-och-koppar","10":"product_cat-nyheter","11":"product_tag-krus-sv","12":"pa_farve-moerkblaa","13":"pa_farve-blaa-sv","14":"pa_farve-groen-sv","15":"pa_farve-sort-sv","16":"pa_farve-hvid-sv","17":"tm-has-options","19":"first","20":"instock","21":"taxable","22":"shipping-taxable","23":"purchasable","24":"product-type-variable","25":"has-default-attributes"},"acf":[],"yoast_head":"<!-- This site is optimized with the Yoast SEO Premium plugin v21.2 (Yoast SEO v21.2) - https:\/\/yoast.com\/wordpress\/plugins\/seo\/ -->\n<title>To go-mugg i \u00e5tervunnet st\u00e5l 300 ml - Gr\u00f8nt Kontor<\/title>\n<meta name=\"robots\" content=\"index, follow, max-snippet:-1, max-image-preview:large, max-video-preview:-1\" \/>\n<link rel=\"canonical\" href=\"https:\/\/grontkontor.dk\/sv\/shop\/to-go-mugg-i-aatervunnet-staal-300-ml\/\" \/>\n<meta property=\"og:locale\" content=\"sv_SE\" \/>\n<meta property=\"og:type\" content=\"article\" \/>\n<meta property=\"og:title\" content=\"To go-mugg i \u00e5tervunnet st\u00e5l 300 ml\" \/>\n<meta property=\"og:description\" content=\"Rymlig och milj\u00f6v\u00e4nlig mugg i splitterskyddat st\u00e5l i olika f\u00e4rger. Muggen \u00e4r inte l\u00e4mplig f\u00f6r sk\u00e5llheta drycker. T\u00e5l maskindisk, ej l\u00e4mplig f\u00f6r mikrov\u00e5gsugn. En utm\u00e4rkt klimatv\u00e4nlig f\u00f6retagsg\u00e5va eller giveaway f\u00f6r m\u00e4ssor, evenemang eller konferenser. Produkten \u00e4r tillverkad av \u00e5tervunnet st\u00e5l och \u00e4r d\u00e4rf\u00f6r ett klimat- och milj\u00f6medvetet val. Tillg\u00e4nglig med tryck. Muggar \u00e4r Inneh\u00e5ll: 300 [&hellip;]\" \/>\n<meta property=\"og:url\" content=\"https:\/\/grontkontor.dk\/sv\/shop\/to-go-mugg-i-aatervunnet-staal-300-ml\/\" \/>\n<meta property=\"og:site_name\" content=\"Gr\u00f8nt Kontor\" \/>\n<meta property=\"article:publisher\" content=\"https:\/\/www.facebook.com\/grontkontor.dk\/\" \/>\n<meta property=\"article:modified_time\" content=\"2024-02-29T13:56:16+00:00\" \/>\n<meta name=\"twitter:card\" content=\"summary_large_image\" \/>\n<script type=\"application\/ld+json\" class=\"yoast-schema-graph\">{\"@context\":\"https:\/\/schema.org\",\"@graph\":[{\"@type\":\"WebPage\",\"@id\":\"https:\/\/grontkontor.dk\/sv\/shop\/to-go-mugg-i-aatervunnet-staal-300-ml\/\",\"url\":\"https:\/\/grontkontor.dk\/sv\/shop\/to-go-mugg-i-aatervunnet-staal-300-ml\/\",\"name\":\"To go-mugg i \u00e5tervunnet st\u00e5l 300 ml - Gr\u00f8nt Kontor\",\"isPartOf\":{\"@id\":\"https:\/\/grontkontor.dk\/#website\"},\"datePublished\":\"2024-02-22T10:51:38+00:00\",\"dateModified\":\"2024-02-29T13:56:16+00:00\",\"breadcrumb\":{\"@id\":\"https:\/\/grontkontor.dk\/sv\/shop\/to-go-mugg-i-aatervunnet-staal-300-ml\/#breadcrumb\"},\"inLanguage\":\"sv-SE\",\"potentialAction\":[{\"@type\":\"ReadAction\",\"target\":[\"https:\/\/grontkontor.dk\/sv\/shop\/to-go-mugg-i-aatervunnet-staal-300-ml\/\"]}]},{\"@type\":\"BreadcrumbList\",\"@id\":\"https:\/\/grontkontor.dk\/sv\/shop\/to-go-mugg-i-aatervunnet-staal-300-ml\/#breadcrumb\",\"itemListElement\":[{\"@type\":\"ListItem\",\"position\":1,\"name\":\"Forside\",\"item\":\"https:\/\/grontkontor.dk\/\"},{\"@type\":\"ListItem\",\"position\":2,\"name\":\"Shop\",\"item\":\"https:\/\/grontkontor.dk\/sv\/shop\/\"},{\"@type\":\"ListItem\",\"position\":3,\"name\":\"Mad og drikke\",\"item\":\"https:\/\/grontkontor.dk\/produkt-kategori\/mad-og-drikke\/\"},{\"@type\":\"ListItem\",\"position\":4,\"name\":\"Krus, kopper mm.\",\"item\":\"https:\/\/grontkontor.dk\/produkt-kategori\/mad-og-drikke\/to-go-krus-og-kopper\/\"},{\"@type\":\"ListItem\",\"position\":5,\"name\":\"To go-mugg i \u00e5tervunnet st\u00e5l 300 ml\"}]},{\"@type\":\"WebSite\",\"@id\":\"https:\/\/grontkontor.dk\/#website\",\"url\":\"https:\/\/grontkontor.dk\/\",\"name\":\"Gr\u00f8nt Kontor\",\"description\":\"Milj\u00f8venlige produkter til kontor og erhverv med fokus p\u00e5 b\u00e6redygtighed, design og fair trade.\",\"publisher\":{\"@id\":\"https:\/\/grontkontor.dk\/#organization\"},\"potentialAction\":[{\"@type\":\"SearchAction\",\"target\":{\"@type\":\"EntryPoint\",\"urlTemplate\":\"https:\/\/grontkontor.dk\/?s={search_term_string}\"},\"query-input\":\"required name=search_term_string\"}],\"inLanguage\":\"sv-SE\"},{\"@type\":\"Organization\",\"@id\":\"https:\/\/grontkontor.dk\/#organization\",\"name\":\"Gr\u00f8nt Kontor\",\"url\":\"https:\/\/grontkontor.dk\/\",\"logo\":{\"@type\":\"ImageObject\",\"inLanguage\":\"sv-SE\",\"@id\":\"https:\/\/grontkontor.dk\/#\/schema\/logo\/image\/\",\"url\":\"https:\/\/grontkontor.dk\/wp-content\/uploads\/2014\/02\/Logo_groent_kontor_300x80.png\",\"contentUrl\":\"https:\/\/grontkontor.dk\/wp-content\/uploads\/2014\/02\/Logo_groent_kontor_300x80.png\",\"width\":300,\"height\":80,\"caption\":\"Gr\u00f8nt Kontor\"},\"image\":{\"@id\":\"https:\/\/grontkontor.dk\/#\/schema\/logo\/image\/\"},\"sameAs\":[\"https:\/\/www.facebook.com\/grontkontor.dk\/\"]}]}<\/script>\n<!-- \/ Yoast SEO Premium plugin. -->","yoast_head_json":{"title":"To go-mugg i \u00e5tervunnet st\u00e5l 300 ml - Gr\u00f8nt Kontor","robots":{"index":"index","follow":"follow","max-snippet":"max-snippet:-1","max-image-preview":"max-image-preview:large","max-video-preview":"max-video-preview:-1"},"canonical":"https:\/\/grontkontor.dk\/sv\/shop\/to-go-mugg-i-aatervunnet-staal-300-ml\/","og_locale":"sv_SE","og_type":"article","og_title":"To go-mugg i \u00e5tervunnet st\u00e5l 300 ml","og_description":"Rymlig och milj\u00f6v\u00e4nlig mugg i splitterskyddat st\u00e5l i olika f\u00e4rger. Muggen \u00e4r inte l\u00e4mplig f\u00f6r sk\u00e5llheta drycker. T\u00e5l maskindisk, ej l\u00e4mplig f\u00f6r mikrov\u00e5gsugn. En utm\u00e4rkt klimatv\u00e4nlig f\u00f6retagsg\u00e5va eller giveaway f\u00f6r m\u00e4ssor, evenemang eller konferenser. Produkten \u00e4r tillverkad av \u00e5tervunnet st\u00e5l och \u00e4r d\u00e4rf\u00f6r ett klimat- och milj\u00f6medvetet val. Tillg\u00e4nglig med tryck. Muggar \u00e4r Inneh\u00e5ll: 300 [&hellip;]","og_url":"https:\/\/grontkontor.dk\/sv\/shop\/to-go-mugg-i-aatervunnet-staal-300-ml\/","og_site_name":"Gr\u00f8nt Kontor","article_publisher":"https:\/\/www.facebook.com\/grontkontor.dk\/","article_modified_time":"2024-02-29T13:56:16+00:00","twitter_card":"summary_large_image","schema":{"@context":"https:\/\/schema.org","@graph":[{"@type":"WebPage","@id":"https:\/\/grontkontor.dk\/sv\/shop\/to-go-mugg-i-aatervunnet-staal-300-ml\/","url":"https:\/\/grontkontor.dk\/sv\/shop\/to-go-mugg-i-aatervunnet-staal-300-ml\/","name":"To go-mugg i \u00e5tervunnet st\u00e5l 300 ml - Gr\u00f8nt Kontor","isPartOf":{"@id":"https:\/\/grontkontor.dk\/#website"},"datePublished":"2024-02-22T10:51:38+00:00","dateModified":"2024-02-29T13:56:16+00:00","breadcrumb":{"@id":"https:\/\/grontkontor.dk\/sv\/shop\/to-go-mugg-i-aatervunnet-staal-300-ml\/#breadcrumb"},"inLanguage":"sv-SE","potentialAction":[{"@type":"ReadAction","target":["https:\/\/grontkontor.dk\/sv\/shop\/to-go-mugg-i-aatervunnet-staal-300-ml\/"]}]},{"@type":"BreadcrumbList","@id":"https:\/\/grontkontor.dk\/sv\/shop\/to-go-mugg-i-aatervunnet-staal-300-ml\/#breadcrumb","itemListElement":[{"@type":"ListItem","position":1,"name":"Forside","item":"https:\/\/grontkontor.dk\/"},{"@type":"ListItem","position":2,"name":"Shop","item":"https:\/\/grontkontor.dk\/sv\/shop\/"},{"@type":"ListItem","position":3,"name":"Mad og drikke","item":"https:\/\/grontkontor.dk\/produkt-kategori\/mad-og-drikke\/"},{"@type":"ListItem","position":4,"name":"Krus, kopper mm.","item":"https:\/\/grontkontor.dk\/produkt-kategori\/mad-og-drikke\/to-go-krus-og-kopper\/"},{"@type":"ListItem","position":5,"name":"To go-mugg i \u00e5tervunnet st\u00e5l 300 ml"}]},{"@type":"WebSite","@id":"https:\/\/grontkontor.dk\/#website","url":"https:\/\/grontkontor.dk\/","name":"Gr\u00f8nt Kontor","description":"Milj\u00f8venlige produkter til kontor og erhverv med fokus p\u00e5 b\u00e6redygtighed, design og fair trade.","publisher":{"@id":"https:\/\/grontkontor.dk\/#organization"},"potentialAction":[{"@type":"SearchAction","target":{"@type":"EntryPoint","urlTemplate":"https:\/\/grontkontor.dk\/?s={search_term_string}"},"query-input":"required name=search_term_string"}],"inLanguage":"sv-SE"},{"@type":"Organization","@id":"https:\/\/grontkontor.dk\/#organization","name":"Gr\u00f8nt Kontor","url":"https:\/\/grontkontor.dk\/","logo":{"@type":"ImageObject","inLanguage":"sv-SE","@id":"https:\/\/grontkontor.dk\/#\/schema\/logo\/image\/","url":"https:\/\/grontkontor.dk\/wp-content\/uploads\/2014\/02\/Logo_groent_kontor_300x80.png","contentUrl":"https:\/\/grontkontor.dk\/wp-content\/uploads\/2014\/02\/Logo_groent_kontor_300x80.png","width":300,"height":80,"caption":"Gr\u00f8nt Kontor"},"image":{"@id":"https:\/\/grontkontor.dk\/#\/schema\/logo\/image\/"},"sameAs":["https:\/\/www.facebook.com\/grontkontor.dk\/"]}]}},"_links":{"self":[{"href":"https:\/\/grontkontor.dk\/sv\/wp-json\/wp\/v2\/product\/81421"}],"collection":[{"href":"https:\/\/grontkontor.dk\/sv\/wp-json\/wp\/v2\/product"}],"about":[{"href":"https:\/\/grontkontor.dk\/sv\/wp-json\/wp\/v2\/types\/product"}],"replies":[{"embeddable":true,"href":"https:\/\/grontkontor.dk\/sv\/wp-json\/wp\/v2\/comments?post=81421"}],"wp:featuredmedia":[{"embeddable":true,"href":"https:\/\/grontkontor.dk\/sv\/wp-json\/wp\/v2\/media\/70055"}],"wp:attachment":[{"href":"https:\/\/grontkontor.dk\/sv\/wp-json\/wp\/v2\/media?parent=81421"}],"wp:term":[{"taxonomy":"product_cat","embeddable":true,"href":"https:\/\/grontkontor.dk\/sv\/wp-json\/wp\/v2\/product_cat?post=81421"},{"taxonomy":"product_tag","embeddable":true,"href":"https:\/\/grontkontor.dk\/sv\/wp-json\/wp\/v2\/product_tag?post=81421"}],"curies":[{"name":"wp","href":"https:\/\/api.w.org\/{rel}","templated":true}]}}