{"id":81435,"date":"2023-09-22T14:05:13","date_gmt":"2024-02-22T11:02:53","guid":{"rendered":"https:\/\/grontkontor.dk\/shop\/fraktpaase-i-aatervunnet-papper-l\/"},"modified":"2024-05-16T09:50:27","modified_gmt":"2024-05-16T07:50:27","slug":"fraktpaase-aatervunnet-papper-l","status":"publish","type":"product","link":"https:\/\/grontkontor.dk\/sv\/shop\/fraktpaase-aatervunnet-papper-l\/","title":{"rendered":"Fraktp\u00e5se i \u00e5tervunnet papper L"},"content":{"rendered":"<p>Provp\u00e5sar i 100% kraft\u00e5tervunnet papper. Dessa starka och h\u00e5llbara p\u00e5sar \u00e4r ett utm\u00e4rkt milj\u00f6v\u00e4nligt alternativ till fraktp\u00e5sar av plast. P\u00e5sen \u00e4r perforerad och har en dubbel remsf\u00f6rslutning f\u00f6r enkel \u00e5terl\u00e4mning. Efter anv\u00e4ndning kan p\u00e5sen sorteras som vanligt papper.<\/p>\n<p>&nbsp;<\/p>\n<p>Papper\/kartong tillverkas vanligtvis av \u00e5tervunnet papper eller tr\u00e4, som \u00e4r en f\u00f6rnybar resurs. Papper \u00e4r biologiskt nedbrytbart och \u00e5tervinningsbart upp till ca. 7 g\u00e5nger. \u00c5tervunnet papper, PEFC eller FSC-certifierat papper \u00e4r klart att f\u00f6redra ur milj\u00f6synpunkt. <br \/>\nFSC certificeringen s\u00e4krar \u00e5terplantering av skog, beskyddar djur- och v\u00e4xtliv\noch s\u00e4krar goda l\u00f6n- och arbetsf\u00f6rh\u00e5llanden. <\/p>\n<p>&nbsp;<\/p>\n<p><img loading=\"lazy\" decoding=\"async\" src=\"https:\/\/grontkontor.dk\/wp-content\/uploads\/2021\/02\/genbrug.jpg\" alt=\"Fremstillet af genbrugsmaterialer\" width=\"50\" height=\"50\" class=\"size-full wp-image-23031\" srcset=\"https:\/\/grontkontor.dk\/wp-content\/uploads\/2021\/02\/genbrug.jpg 199w, https:\/\/grontkontor.dk\/wp-content\/uploads\/2021\/02\/genbrug-100x100.jpg 100w\" sizes=\"(max-width: 50px) 100vw, 50px\" \/> <a href=\"https:\/\/ic.fsc.org\/en\/\" target=\"window\"><img loading=\"lazy\" decoding=\"async\" class=\"size-full wp-image-12735\" src=\"https:\/\/grontkontor.dk\/wp-content\/uploads\/2019\/04\/fsc-certificeret.png\" \n\t\t alt=\"FSC-certificeret\" title=\"FSC-certificeret\" width=\"44\" height=\"51\" border=0\/><\/a><\/p>\n","protected":false},"excerpt":{"rendered":"<p>Provp\u00e5sar i 100% kraft\u00e5tervunnet papper. Dessa starka och h\u00e5llbara p\u00e5sar \u00e4r ett utm\u00e4rkt milj\u00f6v\u00e4nligt alternativ till fraktp\u00e5sar av plast. P\u00e5sen \u00e4r perforerad och har en dubbel remsf\u00f6rslutning f\u00f6r enkel \u00e5terl\u00e4mning. Efter anv\u00e4ndning kan p\u00e5sen sorteras som vanligt papper. &nbsp; &nbsp;<\/p>\n","protected":false},"featured_media":69899,"comment_status":"closed","ping_status":"closed","template":"","meta":{"_acf_changed":false},"product_cat":[2849,680,2323,682,1831,2394,1854],"product_tag":[2732,2850],"class_list":{"0":"post-81435","1":"product","2":"type-product","3":"status-publish","4":"has-post-thumbnail","6":"product_cat-trycksaker-sv","7":"product_cat-brevpapper","8":"product_cat-dummy-moq-500-sv","9":"product_cat-kuvert","10":"product_cat-natur-aatervunnet-papper","11":"product_cat-nyheter","12":"product_cat-produkt-serier-se","13":"product_tag-forsendelse-sv","14":"product_tag-kuvert-sv","15":"tm-has-options","17":"first","18":"instock","19":"taxable","20":"shipping-taxable","21":"purchasable","22":"product-type-simple"},"acf":[],"yoast_head":"<!-- This site is optimized with the Yoast SEO Premium plugin v21.2 (Yoast SEO v21.2) - https:\/\/yoast.com\/wordpress\/plugins\/seo\/ -->\n<title>Fraktp\u00e5se i \u00e5tervunnet papper L - Gr\u00f8nt Kontor<\/title>\n<meta name=\"robots\" content=\"index, follow, max-snippet:-1, max-image-preview:large, max-video-preview:-1\" \/>\n<link rel=\"canonical\" href=\"https:\/\/grontkontor.dk\/sv\/shop\/fraktpaase-aatervunnet-papper-l\/\" \/>\n<meta property=\"og:locale\" content=\"sv_SE\" \/>\n<meta property=\"og:type\" content=\"article\" \/>\n<meta property=\"og:title\" content=\"Fraktp\u00e5se i \u00e5tervunnet papper L\" \/>\n<meta property=\"og:description\" content=\"Provp\u00e5sar i 100% kraft\u00e5tervunnet papper. Dessa starka och h\u00e5llbara p\u00e5sar \u00e4r ett utm\u00e4rkt milj\u00f6v\u00e4nligt alternativ till fraktp\u00e5sar av plast. P\u00e5sen \u00e4r perforerad och har en dubbel remsf\u00f6rslutning f\u00f6r enkel \u00e5terl\u00e4mning. Efter anv\u00e4ndning kan p\u00e5sen sorteras som vanligt papper. &nbsp; &nbsp;\" \/>\n<meta property=\"og:url\" content=\"https:\/\/grontkontor.dk\/sv\/shop\/fraktpaase-aatervunnet-papper-l\/\" \/>\n<meta property=\"og:site_name\" content=\"Gr\u00f8nt Kontor\" \/>\n<meta property=\"article:publisher\" content=\"https:\/\/www.facebook.com\/grontkontor.dk\/\" \/>\n<meta property=\"article:modified_time\" content=\"2024-05-16T07:50:27+00:00\" \/>\n<meta property=\"og:image\" content=\"https:\/\/grontkontor.dk\/wp-content\/uploads\/2023\/09\/Fornsendelsespose-i-genbrugspapir-Large.jpg\" \/>\n\t<meta property=\"og:image:width\" content=\"900\" \/>\n\t<meta property=\"og:image:height\" content=\"639\" \/>\n\t<meta property=\"og:image:type\" content=\"image\/jpeg\" \/>\n<meta name=\"twitter:card\" content=\"summary_large_image\" \/>\n<script type=\"application\/ld+json\" class=\"yoast-schema-graph\">{\"@context\":\"https:\/\/schema.org\",\"@graph\":[{\"@type\":\"WebPage\",\"@id\":\"https:\/\/grontkontor.dk\/sv\/shop\/fraktpaase-aatervunnet-papper-l\/\",\"url\":\"https:\/\/grontkontor.dk\/sv\/shop\/fraktpaase-aatervunnet-papper-l\/\",\"name\":\"Fraktp\u00e5se i \u00e5tervunnet papper L - Gr\u00f8nt Kontor\",\"isPartOf\":{\"@id\":\"https:\/\/grontkontor.dk\/#website\"},\"datePublished\":\"2024-02-22T11:02:53+00:00\",\"dateModified\":\"2024-05-16T07:50:27+00:00\",\"breadcrumb\":{\"@id\":\"https:\/\/grontkontor.dk\/sv\/shop\/fraktpaase-aatervunnet-papper-l\/#breadcrumb\"},\"inLanguage\":\"sv-SE\",\"potentialAction\":[{\"@type\":\"ReadAction\",\"target\":[\"https:\/\/grontkontor.dk\/sv\/shop\/fraktpaase-aatervunnet-papper-l\/\"]}]},{\"@type\":\"BreadcrumbList\",\"@id\":\"https:\/\/grontkontor.dk\/sv\/shop\/fraktpaase-aatervunnet-papper-l\/#breadcrumb\",\"itemListElement\":[{\"@type\":\"ListItem\",\"position\":1,\"name\":\"Forside\",\"item\":\"https:\/\/grontkontor.dk\/\"},{\"@type\":\"ListItem\",\"position\":2,\"name\":\"Shop\",\"item\":\"https:\/\/grontkontor.dk\/sv\/shop\/\"},{\"@type\":\"ListItem\",\"position\":3,\"name\":\"Produktserier\",\"item\":\"https:\/\/grontkontor.dk\/sv\/produkt-kategori\/produkt-serier-se\/\"},{\"@type\":\"ListItem\",\"position\":4,\"name\":\"Natur \u00e5tervunnet papper\",\"item\":\"https:\/\/grontkontor.dk\/sv\/produkt-kategori\/produkt-serier-se\/natur-aatervunnet-papper\/\"},{\"@type\":\"ListItem\",\"position\":5,\"name\":\"Fraktp\u00e5se i \u00e5tervunnet papper L\"}]},{\"@type\":\"WebSite\",\"@id\":\"https:\/\/grontkontor.dk\/#website\",\"url\":\"https:\/\/grontkontor.dk\/\",\"name\":\"Gr\u00f8nt Kontor\",\"description\":\"Milj\u00f8venlige produkter til kontor og erhverv med fokus p\u00e5 b\u00e6redygtighed, design og fair trade.\",\"publisher\":{\"@id\":\"https:\/\/grontkontor.dk\/#organization\"},\"potentialAction\":[{\"@type\":\"SearchAction\",\"target\":{\"@type\":\"EntryPoint\",\"urlTemplate\":\"https:\/\/grontkontor.dk\/?s={search_term_string}\"},\"query-input\":\"required name=search_term_string\"}],\"inLanguage\":\"sv-SE\"},{\"@type\":\"Organization\",\"@id\":\"https:\/\/grontkontor.dk\/#organization\",\"name\":\"Gr\u00f8nt Kontor\",\"url\":\"https:\/\/grontkontor.dk\/\",\"logo\":{\"@type\":\"ImageObject\",\"inLanguage\":\"sv-SE\",\"@id\":\"https:\/\/grontkontor.dk\/#\/schema\/logo\/image\/\",\"url\":\"https:\/\/grontkontor.dk\/wp-content\/uploads\/2014\/02\/Logo_groent_kontor_300x80.png\",\"contentUrl\":\"https:\/\/grontkontor.dk\/wp-content\/uploads\/2014\/02\/Logo_groent_kontor_300x80.png\",\"width\":300,\"height\":80,\"caption\":\"Gr\u00f8nt Kontor\"},\"image\":{\"@id\":\"https:\/\/grontkontor.dk\/#\/schema\/logo\/image\/\"},\"sameAs\":[\"https:\/\/www.facebook.com\/grontkontor.dk\/\"]}]}<\/script>\n<!-- \/ Yoast SEO Premium plugin. -->","yoast_head_json":{"title":"Fraktp\u00e5se i \u00e5tervunnet papper L - Gr\u00f8nt Kontor","robots":{"index":"index","follow":"follow","max-snippet":"max-snippet:-1","max-image-preview":"max-image-preview:large","max-video-preview":"max-video-preview:-1"},"canonical":"https:\/\/grontkontor.dk\/sv\/shop\/fraktpaase-aatervunnet-papper-l\/","og_locale":"sv_SE","og_type":"article","og_title":"Fraktp\u00e5se i \u00e5tervunnet papper L","og_description":"Provp\u00e5sar i 100% kraft\u00e5tervunnet papper. Dessa starka och h\u00e5llbara p\u00e5sar \u00e4r ett utm\u00e4rkt milj\u00f6v\u00e4nligt alternativ till fraktp\u00e5sar av plast. P\u00e5sen \u00e4r perforerad och har en dubbel remsf\u00f6rslutning f\u00f6r enkel \u00e5terl\u00e4mning. Efter anv\u00e4ndning kan p\u00e5sen sorteras som vanligt papper. &nbsp; &nbsp;","og_url":"https:\/\/grontkontor.dk\/sv\/shop\/fraktpaase-aatervunnet-papper-l\/","og_site_name":"Gr\u00f8nt Kontor","article_publisher":"https:\/\/www.facebook.com\/grontkontor.dk\/","article_modified_time":"2024-05-16T07:50:27+00:00","og_image":[{"width":900,"height":639,"url":"https:\/\/grontkontor.dk\/wp-content\/uploads\/2023\/09\/Fornsendelsespose-i-genbrugspapir-Large.jpg","type":"image\/jpeg"}],"twitter_card":"summary_large_image","schema":{"@context":"https:\/\/schema.org","@graph":[{"@type":"WebPage","@id":"https:\/\/grontkontor.dk\/sv\/shop\/fraktpaase-aatervunnet-papper-l\/","url":"https:\/\/grontkontor.dk\/sv\/shop\/fraktpaase-aatervunnet-papper-l\/","name":"Fraktp\u00e5se i \u00e5tervunnet papper L - Gr\u00f8nt Kontor","isPartOf":{"@id":"https:\/\/grontkontor.dk\/#website"},"datePublished":"2024-02-22T11:02:53+00:00","dateModified":"2024-05-16T07:50:27+00:00","breadcrumb":{"@id":"https:\/\/grontkontor.dk\/sv\/shop\/fraktpaase-aatervunnet-papper-l\/#breadcrumb"},"inLanguage":"sv-SE","potentialAction":[{"@type":"ReadAction","target":["https:\/\/grontkontor.dk\/sv\/shop\/fraktpaase-aatervunnet-papper-l\/"]}]},{"@type":"BreadcrumbList","@id":"https:\/\/grontkontor.dk\/sv\/shop\/fraktpaase-aatervunnet-papper-l\/#breadcrumb","itemListElement":[{"@type":"ListItem","position":1,"name":"Forside","item":"https:\/\/grontkontor.dk\/"},{"@type":"ListItem","position":2,"name":"Shop","item":"https:\/\/grontkontor.dk\/sv\/shop\/"},{"@type":"ListItem","position":3,"name":"Produktserier","item":"https:\/\/grontkontor.dk\/sv\/produkt-kategori\/produkt-serier-se\/"},{"@type":"ListItem","position":4,"name":"Natur \u00e5tervunnet papper","item":"https:\/\/grontkontor.dk\/sv\/produkt-kategori\/produkt-serier-se\/natur-aatervunnet-papper\/"},{"@type":"ListItem","position":5,"name":"Fraktp\u00e5se i \u00e5tervunnet papper L"}]},{"@type":"WebSite","@id":"https:\/\/grontkontor.dk\/#website","url":"https:\/\/grontkontor.dk\/","name":"Gr\u00f8nt Kontor","description":"Milj\u00f8venlige produkter til kontor og erhverv med fokus p\u00e5 b\u00e6redygtighed, design og fair trade.","publisher":{"@id":"https:\/\/grontkontor.dk\/#organization"},"potentialAction":[{"@type":"SearchAction","target":{"@type":"EntryPoint","urlTemplate":"https:\/\/grontkontor.dk\/?s={search_term_string}"},"query-input":"required name=search_term_string"}],"inLanguage":"sv-SE"},{"@type":"Organization","@id":"https:\/\/grontkontor.dk\/#organization","name":"Gr\u00f8nt Kontor","url":"https:\/\/grontkontor.dk\/","logo":{"@type":"ImageObject","inLanguage":"sv-SE","@id":"https:\/\/grontkontor.dk\/#\/schema\/logo\/image\/","url":"https:\/\/grontkontor.dk\/wp-content\/uploads\/2014\/02\/Logo_groent_kontor_300x80.png","contentUrl":"https:\/\/grontkontor.dk\/wp-content\/uploads\/2014\/02\/Logo_groent_kontor_300x80.png","width":300,"height":80,"caption":"Gr\u00f8nt Kontor"},"image":{"@id":"https:\/\/grontkontor.dk\/#\/schema\/logo\/image\/"},"sameAs":["https:\/\/www.facebook.com\/grontkontor.dk\/"]}]}},"_links":{"self":[{"href":"https:\/\/grontkontor.dk\/sv\/wp-json\/wp\/v2\/product\/81435"}],"collection":[{"href":"https:\/\/grontkontor.dk\/sv\/wp-json\/wp\/v2\/product"}],"about":[{"href":"https:\/\/grontkontor.dk\/sv\/wp-json\/wp\/v2\/types\/product"}],"replies":[{"embeddable":true,"href":"https:\/\/grontkontor.dk\/sv\/wp-json\/wp\/v2\/comments?post=81435"}],"wp:featuredmedia":[{"embeddable":true,"href":"https:\/\/grontkontor.dk\/sv\/wp-json\/wp\/v2\/media\/69899"}],"wp:attachment":[{"href":"https:\/\/grontkontor.dk\/sv\/wp-json\/wp\/v2\/media?parent=81435"}],"wp:term":[{"taxonomy":"product_cat","embeddable":true,"href":"https:\/\/grontkontor.dk\/sv\/wp-json\/wp\/v2\/product_cat?post=81435"},{"taxonomy":"product_tag","embeddable":true,"href":"https:\/\/grontkontor.dk\/sv\/wp-json\/wp\/v2\/product_tag?post=81435"}],"curies":[{"name":"wp","href":"https:\/\/api.w.org\/{rel}","templated":true}]}}