{"id":81445,"date":"2020-09-22T14:03:57","date_gmt":"2024-02-22T12:01:51","guid":{"rendered":"https:\/\/grontkontor.dk\/shop\/lyxigt-vingummi-240gr-valfri-smak\/"},"modified":"2024-02-22T13:01:51","modified_gmt":"2024-02-22T12:01:51","slug":"lyxigt-vingummi-240gr-valfri-smak","status":"publish","type":"product","link":"https:\/\/grontkontor.dk\/sv\/shop\/lyxigt-vingummi-240gr-valfri-smak\/","title":{"rendered":"Lyxigt vingummi 240gr valfri smak"},"content":{"rendered":"<p>Bjud dina medarbetare eller kunder p\u00e5 h\u00f6gkvalitativa vingummin som finns i m\u00e5nga sp\u00e4nnande och exotiska smaker: Fl\u00e4der &amp; svarta vinb\u00e4r, jordgubb &amp; vanilj, svarta vinb\u00e4r &amp; jordgubbar, rosa grapefrukt &amp; aprikos, mango &amp; passionsfrukt, kvitten &amp; \u00e4pple, lime &amp; sur citron, fl\u00e4der &amp; bl\u00e5b\u00e4r, hibiskus &amp; hallon, litchi &amp; hallon, hibiskus &amp; rabarber, kiwano &amp; havtorn, guanabana &amp; krusb\u00e4r<\/p>\n<p>H\u00e4r f\u00e5r du 240 gram per burk, men vi har ocks\u00e5 en liten version p\u00e5 140 gram.<\/p>\n<p>Minst 8 stycken s\u00e4ljs sedan i l\u00e5dor om 8 stycken.<\/p>\n<p>L\u00e4ckert danskt vingummi gjort p\u00e5 100% naturliga b\u00e4r, frukter, r\u00f6tter och blommor. Den \u00e4r vegansk, glutenfri och fri fr\u00e5n allergener &#8211; s\u00e5 den kan avnjutas av alla. Tillverkad i Danmark.<\/p>\n<p>All kartong och allt papper i f\u00f6rpackningarna \u00e4r FSC-certifierade och plasttunnorna \u00e4r tillverkade av 100% rPET.<\/p>\n<p>&nbsp;<\/p>\nFSC certificeringen s\u00e4krar \u00e5terplantering av skog, beskyddar djur- och v\u00e4xtliv\noch s\u00e4krar goda l\u00f6n- och arbetsf\u00f6rh\u00e5llanden. \nrPET (recycled polyethylen) er et f\u00f8devareegnet genanvendeligt genbrugsplast, som typisk er fremstillet af genanvendte vandflasker. rPET er \u2013 dets fossile oprindelse til trods \u2013 et b\u00e6redygtigt og klimavenligt materiale. rPET har et ekstremt h\u00f8jt kulstofindhold, og fungerer derfor som et effektivt kulstofdepot i hele produktets og genanvendte produkters levetid. Bliver plast ikke genbrugt, vil det enten nedbrydes til CO2 og dermed bidrage til drivhuseffekten, eller ende op som forurenende affald. For hvert ton genbrugt plast spares der 3,8 t\u00f8nder olie. \n<p>&nbsp;<\/p>\n<p><img loading=\"lazy\" decoding=\"async\" src=\"https:\/\/grontkontor.dk\/wp-content\/uploads\/2022\/04\/fremstillet-i-danmark.jpg\" alt=\"Fremstillet i dk danmark\" width=\"66\" height=\"50\" class=\"size-full wp-image-35747\" \/> <a href=\"https:\/\/ic.fsc.org\/en\/\" target=\"window\"><img loading=\"lazy\" decoding=\"async\" class=\"size-full wp-image-12735\" src=\"https:\/\/grontkontor.dk\/wp-content\/uploads\/2019\/04\/fsc-certificeret.png\" \n\t\t alt=\"FSC-certificeret\" title=\"FSC-certificeret\" width=\"44\" height=\"51\" border=0\/><\/a> <img loading=\"lazy\" decoding=\"async\" src=\"https:\/\/grontkontor.dk\/wp-content\/uploads\/2021\/02\/genbrug.jpg\" alt=\"Fremstillet af genbrugsmaterialer\" width=\"50\" height=\"50\" class=\"size-full wp-image-23031\" srcset=\"https:\/\/grontkontor.dk\/wp-content\/uploads\/2021\/02\/genbrug.jpg 199w, https:\/\/grontkontor.dk\/wp-content\/uploads\/2021\/02\/genbrug-100x100.jpg 100w\" sizes=\"(max-width: 50px) 100vw, 50px\" \/><\/p>\n","protected":false},"excerpt":{"rendered":"<p>Bjud dina medarbetare eller kunder p\u00e5 h\u00f6gkvalitativa vingummin som finns i m\u00e5nga sp\u00e4nnande och exotiska smaker: Fl\u00e4der &amp; svarta vinb\u00e4r, jordgubb &amp; vanilj, svarta vinb\u00e4r &amp; jordgubbar, rosa grapefrukt &amp; aprikos, mango &amp; passionsfrukt, kvitten &amp; \u00e4pple, lime &amp; sur citron, fl\u00e4der &amp; bl\u00e5b\u00e4r, hibiskus &amp; hallon, litchi &amp; hallon, hibiskus &amp; rabarber, kiwano &amp; [&hellip;]<\/p>\n","protected":false},"featured_media":69720,"comment_status":"closed","ping_status":"closed","template":"","meta":{"_acf_changed":false},"product_cat":[2855,2450,2445,2394,2619],"product_tag":[2857,2856,2860],"class_list":{"0":"post-81445","1":"product","2":"type-product","3":"status-publish","4":"has-post-thumbnail","6":"product_cat-godis-snacks-och-laeckerhet","7":"product_cat-dummy-moq-10-50-sv","8":"product_cat-godis-och-snacks","9":"product_cat-nyheter","10":"product_cat-sweets-and-snacks-sv","11":"product_tag-snacks-sv","12":"product_tag-svaelja","13":"product_tag-vingummi-sv","14":"tm-no-options","16":"first","17":"instock","18":"taxable","19":"shipping-taxable","20":"purchasable","21":"product-type-variable"},"acf":[],"yoast_head":"<!-- This site is optimized with the Yoast SEO Premium plugin v21.2 (Yoast SEO v21.2) - https:\/\/yoast.com\/wordpress\/plugins\/seo\/ -->\n<title>Lyxigt vingummi 240gr valfri smak - Gr\u00f8nt Kontor<\/title>\n<meta name=\"robots\" content=\"index, follow, max-snippet:-1, max-image-preview:large, max-video-preview:-1\" \/>\n<link rel=\"canonical\" href=\"https:\/\/grontkontor.dk\/sv\/shop\/lyxigt-vingummi-240gr-valfri-smak\/\" \/>\n<meta property=\"og:locale\" content=\"sv_SE\" \/>\n<meta property=\"og:type\" content=\"article\" \/>\n<meta property=\"og:title\" content=\"Lyxigt vingummi 240gr valfri smak\" \/>\n<meta property=\"og:description\" content=\"Bjud dina medarbetare eller kunder p\u00e5 h\u00f6gkvalitativa vingummin som finns i m\u00e5nga sp\u00e4nnande och exotiska smaker: Fl\u00e4der &amp; svarta vinb\u00e4r, jordgubb &amp; vanilj, svarta vinb\u00e4r &amp; jordgubbar, rosa grapefrukt &amp; aprikos, mango &amp; passionsfrukt, kvitten &amp; \u00e4pple, lime &amp; sur citron, fl\u00e4der &amp; bl\u00e5b\u00e4r, hibiskus &amp; hallon, litchi &amp; hallon, hibiskus &amp; rabarber, kiwano &amp; [&hellip;]\" \/>\n<meta property=\"og:url\" content=\"https:\/\/grontkontor.dk\/sv\/shop\/lyxigt-vingummi-240gr-valfri-smak\/\" \/>\n<meta property=\"og:site_name\" content=\"Gr\u00f8nt Kontor\" \/>\n<meta property=\"article:publisher\" content=\"https:\/\/www.facebook.com\/grontkontor.dk\/\" \/>\n<meta property=\"og:image\" content=\"https:\/\/grontkontor.dk\/wp-content\/uploads\/2023\/09\/dansk-vingummi-240-gram-hyldeblomst-og-blaabaer.jpg\" \/>\n\t<meta property=\"og:image:width\" content=\"900\" \/>\n\t<meta property=\"og:image:height\" content=\"639\" \/>\n\t<meta property=\"og:image:type\" content=\"image\/jpeg\" \/>\n<meta name=\"twitter:card\" content=\"summary_large_image\" \/>\n<meta name=\"twitter:label1\" content=\"Ber\u00e4knad l\u00e4stid\" \/>\n\t<meta name=\"twitter:data1\" content=\"1 minut\" \/>\n<script type=\"application\/ld+json\" class=\"yoast-schema-graph\">{\"@context\":\"https:\/\/schema.org\",\"@graph\":[{\"@type\":\"WebPage\",\"@id\":\"https:\/\/grontkontor.dk\/sv\/shop\/lyxigt-vingummi-240gr-valfri-smak\/\",\"url\":\"https:\/\/grontkontor.dk\/sv\/shop\/lyxigt-vingummi-240gr-valfri-smak\/\",\"name\":\"Lyxigt vingummi 240gr valfri smak - Gr\u00f8nt Kontor\",\"isPartOf\":{\"@id\":\"https:\/\/grontkontor.dk\/#website\"},\"datePublished\":\"2024-02-22T12:01:51+00:00\",\"dateModified\":\"2024-02-22T12:01:51+00:00\",\"breadcrumb\":{\"@id\":\"https:\/\/grontkontor.dk\/sv\/shop\/lyxigt-vingummi-240gr-valfri-smak\/#breadcrumb\"},\"inLanguage\":\"sv-SE\",\"potentialAction\":[{\"@type\":\"ReadAction\",\"target\":[\"https:\/\/grontkontor.dk\/sv\/shop\/lyxigt-vingummi-240gr-valfri-smak\/\"]}]},{\"@type\":\"BreadcrumbList\",\"@id\":\"https:\/\/grontkontor.dk\/sv\/shop\/lyxigt-vingummi-240gr-valfri-smak\/#breadcrumb\",\"itemListElement\":[{\"@type\":\"ListItem\",\"position\":1,\"name\":\"Forside\",\"item\":\"https:\/\/grontkontor.dk\/\"},{\"@type\":\"ListItem\",\"position\":2,\"name\":\"Shop\",\"item\":\"https:\/\/grontkontor.dk\/sv\/shop\/\"},{\"@type\":\"ListItem\",\"position\":3,\"name\":\"Mad og drikke\",\"item\":\"https:\/\/grontkontor.dk\/produkt-kategori\/mad-og-drikke\/\"},{\"@type\":\"ListItem\",\"position\":4,\"name\":\"Slik og snacks\",\"item\":\"https:\/\/grontkontor.dk\/produkt-kategori\/mad-og-drikke\/slik-og-snacks\/\"},{\"@type\":\"ListItem\",\"position\":5,\"name\":\"Lyxigt vingummi 240gr valfri smak\"}]},{\"@type\":\"WebSite\",\"@id\":\"https:\/\/grontkontor.dk\/#website\",\"url\":\"https:\/\/grontkontor.dk\/\",\"name\":\"Gr\u00f8nt Kontor\",\"description\":\"Milj\u00f8venlige produkter til kontor og erhverv med fokus p\u00e5 b\u00e6redygtighed, design og fair trade.\",\"publisher\":{\"@id\":\"https:\/\/grontkontor.dk\/#organization\"},\"potentialAction\":[{\"@type\":\"SearchAction\",\"target\":{\"@type\":\"EntryPoint\",\"urlTemplate\":\"https:\/\/grontkontor.dk\/?s={search_term_string}\"},\"query-input\":\"required name=search_term_string\"}],\"inLanguage\":\"sv-SE\"},{\"@type\":\"Organization\",\"@id\":\"https:\/\/grontkontor.dk\/#organization\",\"name\":\"Gr\u00f8nt Kontor\",\"url\":\"https:\/\/grontkontor.dk\/\",\"logo\":{\"@type\":\"ImageObject\",\"inLanguage\":\"sv-SE\",\"@id\":\"https:\/\/grontkontor.dk\/#\/schema\/logo\/image\/\",\"url\":\"https:\/\/grontkontor.dk\/wp-content\/uploads\/2014\/02\/Logo_groent_kontor_300x80.png\",\"contentUrl\":\"https:\/\/grontkontor.dk\/wp-content\/uploads\/2014\/02\/Logo_groent_kontor_300x80.png\",\"width\":300,\"height\":80,\"caption\":\"Gr\u00f8nt Kontor\"},\"image\":{\"@id\":\"https:\/\/grontkontor.dk\/#\/schema\/logo\/image\/\"},\"sameAs\":[\"https:\/\/www.facebook.com\/grontkontor.dk\/\"]}]}<\/script>\n<!-- \/ Yoast SEO Premium plugin. -->","yoast_head_json":{"title":"Lyxigt vingummi 240gr valfri smak - Gr\u00f8nt Kontor","robots":{"index":"index","follow":"follow","max-snippet":"max-snippet:-1","max-image-preview":"max-image-preview:large","max-video-preview":"max-video-preview:-1"},"canonical":"https:\/\/grontkontor.dk\/sv\/shop\/lyxigt-vingummi-240gr-valfri-smak\/","og_locale":"sv_SE","og_type":"article","og_title":"Lyxigt vingummi 240gr valfri smak","og_description":"Bjud dina medarbetare eller kunder p\u00e5 h\u00f6gkvalitativa vingummin som finns i m\u00e5nga sp\u00e4nnande och exotiska smaker: Fl\u00e4der &amp; svarta vinb\u00e4r, jordgubb &amp; vanilj, svarta vinb\u00e4r &amp; jordgubbar, rosa grapefrukt &amp; aprikos, mango &amp; passionsfrukt, kvitten &amp; \u00e4pple, lime &amp; sur citron, fl\u00e4der &amp; bl\u00e5b\u00e4r, hibiskus &amp; hallon, litchi &amp; hallon, hibiskus &amp; rabarber, kiwano &amp; [&hellip;]","og_url":"https:\/\/grontkontor.dk\/sv\/shop\/lyxigt-vingummi-240gr-valfri-smak\/","og_site_name":"Gr\u00f8nt Kontor","article_publisher":"https:\/\/www.facebook.com\/grontkontor.dk\/","og_image":[{"width":900,"height":639,"url":"https:\/\/grontkontor.dk\/wp-content\/uploads\/2023\/09\/dansk-vingummi-240-gram-hyldeblomst-og-blaabaer.jpg","type":"image\/jpeg"}],"twitter_card":"summary_large_image","twitter_misc":{"Ber\u00e4knad l\u00e4stid":"1 minut"},"schema":{"@context":"https:\/\/schema.org","@graph":[{"@type":"WebPage","@id":"https:\/\/grontkontor.dk\/sv\/shop\/lyxigt-vingummi-240gr-valfri-smak\/","url":"https:\/\/grontkontor.dk\/sv\/shop\/lyxigt-vingummi-240gr-valfri-smak\/","name":"Lyxigt vingummi 240gr valfri smak - Gr\u00f8nt Kontor","isPartOf":{"@id":"https:\/\/grontkontor.dk\/#website"},"datePublished":"2024-02-22T12:01:51+00:00","dateModified":"2024-02-22T12:01:51+00:00","breadcrumb":{"@id":"https:\/\/grontkontor.dk\/sv\/shop\/lyxigt-vingummi-240gr-valfri-smak\/#breadcrumb"},"inLanguage":"sv-SE","potentialAction":[{"@type":"ReadAction","target":["https:\/\/grontkontor.dk\/sv\/shop\/lyxigt-vingummi-240gr-valfri-smak\/"]}]},{"@type":"BreadcrumbList","@id":"https:\/\/grontkontor.dk\/sv\/shop\/lyxigt-vingummi-240gr-valfri-smak\/#breadcrumb","itemListElement":[{"@type":"ListItem","position":1,"name":"Forside","item":"https:\/\/grontkontor.dk\/"},{"@type":"ListItem","position":2,"name":"Shop","item":"https:\/\/grontkontor.dk\/sv\/shop\/"},{"@type":"ListItem","position":3,"name":"Mad og drikke","item":"https:\/\/grontkontor.dk\/produkt-kategori\/mad-og-drikke\/"},{"@type":"ListItem","position":4,"name":"Slik og snacks","item":"https:\/\/grontkontor.dk\/produkt-kategori\/mad-og-drikke\/slik-og-snacks\/"},{"@type":"ListItem","position":5,"name":"Lyxigt vingummi 240gr valfri smak"}]},{"@type":"WebSite","@id":"https:\/\/grontkontor.dk\/#website","url":"https:\/\/grontkontor.dk\/","name":"Gr\u00f8nt Kontor","description":"Milj\u00f8venlige produkter til kontor og erhverv med fokus p\u00e5 b\u00e6redygtighed, design og fair trade.","publisher":{"@id":"https:\/\/grontkontor.dk\/#organization"},"potentialAction":[{"@type":"SearchAction","target":{"@type":"EntryPoint","urlTemplate":"https:\/\/grontkontor.dk\/?s={search_term_string}"},"query-input":"required name=search_term_string"}],"inLanguage":"sv-SE"},{"@type":"Organization","@id":"https:\/\/grontkontor.dk\/#organization","name":"Gr\u00f8nt Kontor","url":"https:\/\/grontkontor.dk\/","logo":{"@type":"ImageObject","inLanguage":"sv-SE","@id":"https:\/\/grontkontor.dk\/#\/schema\/logo\/image\/","url":"https:\/\/grontkontor.dk\/wp-content\/uploads\/2014\/02\/Logo_groent_kontor_300x80.png","contentUrl":"https:\/\/grontkontor.dk\/wp-content\/uploads\/2014\/02\/Logo_groent_kontor_300x80.png","width":300,"height":80,"caption":"Gr\u00f8nt Kontor"},"image":{"@id":"https:\/\/grontkontor.dk\/#\/schema\/logo\/image\/"},"sameAs":["https:\/\/www.facebook.com\/grontkontor.dk\/"]}]}},"_links":{"self":[{"href":"https:\/\/grontkontor.dk\/sv\/wp-json\/wp\/v2\/product\/81445"}],"collection":[{"href":"https:\/\/grontkontor.dk\/sv\/wp-json\/wp\/v2\/product"}],"about":[{"href":"https:\/\/grontkontor.dk\/sv\/wp-json\/wp\/v2\/types\/product"}],"replies":[{"embeddable":true,"href":"https:\/\/grontkontor.dk\/sv\/wp-json\/wp\/v2\/comments?post=81445"}],"wp:featuredmedia":[{"embeddable":true,"href":"https:\/\/grontkontor.dk\/sv\/wp-json\/wp\/v2\/media\/69720"}],"wp:attachment":[{"href":"https:\/\/grontkontor.dk\/sv\/wp-json\/wp\/v2\/media?parent=81445"}],"wp:term":[{"taxonomy":"product_cat","embeddable":true,"href":"https:\/\/grontkontor.dk\/sv\/wp-json\/wp\/v2\/product_cat?post=81445"},{"taxonomy":"product_tag","embeddable":true,"href":"https:\/\/grontkontor.dk\/sv\/wp-json\/wp\/v2\/product_tag?post=81445"}],"curies":[{"name":"wp","href":"https:\/\/api.w.org\/{rel}","templated":true}]}}