{"id":81607,"date":"2023-09-22T13:57:00","date_gmt":"2024-02-27T07:48:04","guid":{"rendered":"https:\/\/grontkontor.dk\/shop\/presentfoerpackning-i-aatervunnen-kartong-2\/"},"modified":"2024-02-27T08:48:04","modified_gmt":"2024-02-27T07:48:04","slug":"presentfoerpackning-i-aatervunnen-kartong-2","status":"publish","type":"product","link":"https:\/\/grontkontor.dk\/sv\/shop\/presentfoerpackning-i-aatervunnen-kartong-2\/","title":{"rendered":"Presentf\u00f6rpackning i \u00e5tervunnen kartong"},"content":{"rendered":"<p>Milj\u00f6v\u00e4nliga \u00e5teranv\u00e4ndbara presentf\u00f6rpackningar tillverkade av brun \u00e5tervunnen kartong.<\/p>\n<p>Estetisk och klimatv\u00e4nlig f\u00f6rpackning f\u00f6r dina personal- eller f\u00f6retagsg\u00e5vor &#8211; finns i l\u00e5dor om 250 st.<\/p>\n<p>M\u00e5tt: 225 x 57 x 140 mm<\/p>\n<p>Levereras med tryck<\/p>\nDenna produkt anser vi vara n\u00e5got av det mest h\u00e5llbara i sin kategori. Om du k\u00e4nner till liknande produkter som du anser vara for mer h\u00e5llbara, vill vi g\u00e4rna h\u00f6ra fr\u00e5n dig. L\u00e4s mer om v\u00e5ra h\u00e5llbarhetskriterier <a target=\"_blank\"  href=\"https:\/\/grontkontor.dk\/sv\/om-haallbarhet\/\" class=\"light\" >her<\/a>\n\n<img loading=\"lazy\" decoding=\"async\" src=\"https:\/\/grontkontor.dk\/wp-content\/uploads\/2021\/02\/genbrug.jpg\" alt=\"Fremstillet af genbrugsmaterialer\" width=\"50\" height=\"50\" class=\"size-full wp-image-23031\" srcset=\"https:\/\/grontkontor.dk\/wp-content\/uploads\/2021\/02\/genbrug.jpg 199w, https:\/\/grontkontor.dk\/wp-content\/uploads\/2021\/02\/genbrug-100x100.jpg 100w\" sizes=\"(max-width: 50px) 100vw, 50px\" \/>\n<p>&nbsp;<\/p>\n","protected":false},"excerpt":{"rendered":"<p>Milj\u00f6v\u00e4nliga \u00e5teranv\u00e4ndbara presentf\u00f6rpackningar tillverkade av brun \u00e5tervunnen kartong. Estetisk och klimatv\u00e4nlig f\u00f6rpackning f\u00f6r dina personal- eller f\u00f6retagsg\u00e5vor &#8211; finns i l\u00e5dor om 250 st. M\u00e5tt: 225 x 57 x 140 mm Levereras med tryck &nbsp;<\/p>\n","protected":false},"featured_media":40665,"comment_status":"closed","ping_status":"closed","template":"","meta":{"_acf_changed":false},"product_cat":[2123,867,2394],"product_tag":[2554,1353],"class_list":{"0":"post-81607","1":"product","2":"type-product","3":"status-publish","4":"has-post-thumbnail","6":"product_cat-dummy-moq-50-100-sv","7":"product_cat-miljovaenliga-foretagspresenter","8":"product_cat-nyheter","9":"product_tag-emballage-sv","10":"product_tag-gaveaeske-sv","11":"tm-has-options","13":"first","14":"instock","15":"taxable","16":"shipping-taxable","17":"purchasable","18":"product-type-simple"},"acf":[],"yoast_head":"<!-- This site is optimized with the Yoast SEO Premium plugin v21.2 (Yoast SEO v21.2) - https:\/\/yoast.com\/wordpress\/plugins\/seo\/ -->\n<title>Presentf\u00f6rpackning i \u00e5tervunnen kartong - Gr\u00f8nt Kontor<\/title>\n<meta name=\"robots\" content=\"index, follow, max-snippet:-1, max-image-preview:large, max-video-preview:-1\" \/>\n<link rel=\"canonical\" href=\"https:\/\/grontkontor.dk\/sv\/shop\/presentfoerpackning-i-aatervunnen-kartong-2\/\" \/>\n<meta property=\"og:locale\" content=\"sv_SE\" \/>\n<meta property=\"og:type\" content=\"article\" \/>\n<meta property=\"og:title\" content=\"Presentf\u00f6rpackning i \u00e5tervunnen kartong\" \/>\n<meta property=\"og:description\" content=\"Milj\u00f6v\u00e4nliga \u00e5teranv\u00e4ndbara presentf\u00f6rpackningar tillverkade av brun \u00e5tervunnen kartong. Estetisk och klimatv\u00e4nlig f\u00f6rpackning f\u00f6r dina personal- eller f\u00f6retagsg\u00e5vor &#8211; finns i l\u00e5dor om 250 st. M\u00e5tt: 225 x 57 x 140 mm Levereras med tryck &nbsp;\" \/>\n<meta property=\"og:url\" content=\"https:\/\/grontkontor.dk\/sv\/shop\/presentfoerpackning-i-aatervunnen-kartong-2\/\" \/>\n<meta property=\"og:site_name\" content=\"Gr\u00f8nt Kontor\" \/>\n<meta property=\"article:publisher\" content=\"https:\/\/www.facebook.com\/grontkontor.dk\/\" \/>\n<meta property=\"og:image\" content=\"https:\/\/grontkontor.dk\/wp-content\/uploads\/2023\/01\/gaveaeske-pap-03.jpg\" \/>\n\t<meta property=\"og:image:width\" content=\"1250\" \/>\n\t<meta property=\"og:image:height\" content=\"886\" \/>\n\t<meta property=\"og:image:type\" content=\"image\/jpeg\" \/>\n<meta name=\"twitter:card\" content=\"summary_large_image\" \/>\n<script type=\"application\/ld+json\" class=\"yoast-schema-graph\">{\"@context\":\"https:\/\/schema.org\",\"@graph\":[{\"@type\":\"WebPage\",\"@id\":\"https:\/\/grontkontor.dk\/sv\/shop\/presentfoerpackning-i-aatervunnen-kartong-2\/\",\"url\":\"https:\/\/grontkontor.dk\/sv\/shop\/presentfoerpackning-i-aatervunnen-kartong-2\/\",\"name\":\"Presentf\u00f6rpackning i \u00e5tervunnen kartong - Gr\u00f8nt Kontor\",\"isPartOf\":{\"@id\":\"https:\/\/grontkontor.dk\/#website\"},\"datePublished\":\"2024-02-27T07:48:04+00:00\",\"dateModified\":\"2024-02-27T07:48:04+00:00\",\"breadcrumb\":{\"@id\":\"https:\/\/grontkontor.dk\/sv\/shop\/presentfoerpackning-i-aatervunnen-kartong-2\/#breadcrumb\"},\"inLanguage\":\"sv-SE\",\"potentialAction\":[{\"@type\":\"ReadAction\",\"target\":[\"https:\/\/grontkontor.dk\/sv\/shop\/presentfoerpackning-i-aatervunnen-kartong-2\/\"]}]},{\"@type\":\"BreadcrumbList\",\"@id\":\"https:\/\/grontkontor.dk\/sv\/shop\/presentfoerpackning-i-aatervunnen-kartong-2\/#breadcrumb\",\"itemListElement\":[{\"@type\":\"ListItem\",\"position\":1,\"name\":\"Forside\",\"item\":\"https:\/\/grontkontor.dk\/\"},{\"@type\":\"ListItem\",\"position\":2,\"name\":\"Shop\",\"item\":\"https:\/\/grontkontor.dk\/sv\/shop\/\"},{\"@type\":\"ListItem\",\"position\":3,\"name\":\"Dummy MOQ 50-100\",\"item\":\"https:\/\/grontkontor.dk\/sv\/produkt-kategori\/dummy-moq-50-100-sv\/\"},{\"@type\":\"ListItem\",\"position\":4,\"name\":\"Presentf\u00f6rpackning i \u00e5tervunnen kartong\"}]},{\"@type\":\"WebSite\",\"@id\":\"https:\/\/grontkontor.dk\/#website\",\"url\":\"https:\/\/grontkontor.dk\/\",\"name\":\"Gr\u00f8nt Kontor\",\"description\":\"Milj\u00f8venlige produkter til kontor og erhverv med fokus p\u00e5 b\u00e6redygtighed, design og fair trade.\",\"publisher\":{\"@id\":\"https:\/\/grontkontor.dk\/#organization\"},\"potentialAction\":[{\"@type\":\"SearchAction\",\"target\":{\"@type\":\"EntryPoint\",\"urlTemplate\":\"https:\/\/grontkontor.dk\/?s={search_term_string}\"},\"query-input\":\"required name=search_term_string\"}],\"inLanguage\":\"sv-SE\"},{\"@type\":\"Organization\",\"@id\":\"https:\/\/grontkontor.dk\/#organization\",\"name\":\"Gr\u00f8nt Kontor\",\"url\":\"https:\/\/grontkontor.dk\/\",\"logo\":{\"@type\":\"ImageObject\",\"inLanguage\":\"sv-SE\",\"@id\":\"https:\/\/grontkontor.dk\/#\/schema\/logo\/image\/\",\"url\":\"https:\/\/grontkontor.dk\/wp-content\/uploads\/2014\/02\/Logo_groent_kontor_300x80.png\",\"contentUrl\":\"https:\/\/grontkontor.dk\/wp-content\/uploads\/2014\/02\/Logo_groent_kontor_300x80.png\",\"width\":300,\"height\":80,\"caption\":\"Gr\u00f8nt Kontor\"},\"image\":{\"@id\":\"https:\/\/grontkontor.dk\/#\/schema\/logo\/image\/\"},\"sameAs\":[\"https:\/\/www.facebook.com\/grontkontor.dk\/\"]}]}<\/script>\n<!-- \/ Yoast SEO Premium plugin. -->","yoast_head_json":{"title":"Presentf\u00f6rpackning i \u00e5tervunnen kartong - Gr\u00f8nt Kontor","robots":{"index":"index","follow":"follow","max-snippet":"max-snippet:-1","max-image-preview":"max-image-preview:large","max-video-preview":"max-video-preview:-1"},"canonical":"https:\/\/grontkontor.dk\/sv\/shop\/presentfoerpackning-i-aatervunnen-kartong-2\/","og_locale":"sv_SE","og_type":"article","og_title":"Presentf\u00f6rpackning i \u00e5tervunnen kartong","og_description":"Milj\u00f6v\u00e4nliga \u00e5teranv\u00e4ndbara presentf\u00f6rpackningar tillverkade av brun \u00e5tervunnen kartong. Estetisk och klimatv\u00e4nlig f\u00f6rpackning f\u00f6r dina personal- eller f\u00f6retagsg\u00e5vor &#8211; finns i l\u00e5dor om 250 st. M\u00e5tt: 225 x 57 x 140 mm Levereras med tryck &nbsp;","og_url":"https:\/\/grontkontor.dk\/sv\/shop\/presentfoerpackning-i-aatervunnen-kartong-2\/","og_site_name":"Gr\u00f8nt Kontor","article_publisher":"https:\/\/www.facebook.com\/grontkontor.dk\/","og_image":[{"width":1250,"height":886,"url":"https:\/\/grontkontor.dk\/wp-content\/uploads\/2023\/01\/gaveaeske-pap-03.jpg","type":"image\/jpeg"}],"twitter_card":"summary_large_image","schema":{"@context":"https:\/\/schema.org","@graph":[{"@type":"WebPage","@id":"https:\/\/grontkontor.dk\/sv\/shop\/presentfoerpackning-i-aatervunnen-kartong-2\/","url":"https:\/\/grontkontor.dk\/sv\/shop\/presentfoerpackning-i-aatervunnen-kartong-2\/","name":"Presentf\u00f6rpackning i \u00e5tervunnen kartong - Gr\u00f8nt Kontor","isPartOf":{"@id":"https:\/\/grontkontor.dk\/#website"},"datePublished":"2024-02-27T07:48:04+00:00","dateModified":"2024-02-27T07:48:04+00:00","breadcrumb":{"@id":"https:\/\/grontkontor.dk\/sv\/shop\/presentfoerpackning-i-aatervunnen-kartong-2\/#breadcrumb"},"inLanguage":"sv-SE","potentialAction":[{"@type":"ReadAction","target":["https:\/\/grontkontor.dk\/sv\/shop\/presentfoerpackning-i-aatervunnen-kartong-2\/"]}]},{"@type":"BreadcrumbList","@id":"https:\/\/grontkontor.dk\/sv\/shop\/presentfoerpackning-i-aatervunnen-kartong-2\/#breadcrumb","itemListElement":[{"@type":"ListItem","position":1,"name":"Forside","item":"https:\/\/grontkontor.dk\/"},{"@type":"ListItem","position":2,"name":"Shop","item":"https:\/\/grontkontor.dk\/sv\/shop\/"},{"@type":"ListItem","position":3,"name":"Dummy MOQ 50-100","item":"https:\/\/grontkontor.dk\/sv\/produkt-kategori\/dummy-moq-50-100-sv\/"},{"@type":"ListItem","position":4,"name":"Presentf\u00f6rpackning i \u00e5tervunnen kartong"}]},{"@type":"WebSite","@id":"https:\/\/grontkontor.dk\/#website","url":"https:\/\/grontkontor.dk\/","name":"Gr\u00f8nt Kontor","description":"Milj\u00f8venlige produkter til kontor og erhverv med fokus p\u00e5 b\u00e6redygtighed, design og fair trade.","publisher":{"@id":"https:\/\/grontkontor.dk\/#organization"},"potentialAction":[{"@type":"SearchAction","target":{"@type":"EntryPoint","urlTemplate":"https:\/\/grontkontor.dk\/?s={search_term_string}"},"query-input":"required name=search_term_string"}],"inLanguage":"sv-SE"},{"@type":"Organization","@id":"https:\/\/grontkontor.dk\/#organization","name":"Gr\u00f8nt Kontor","url":"https:\/\/grontkontor.dk\/","logo":{"@type":"ImageObject","inLanguage":"sv-SE","@id":"https:\/\/grontkontor.dk\/#\/schema\/logo\/image\/","url":"https:\/\/grontkontor.dk\/wp-content\/uploads\/2014\/02\/Logo_groent_kontor_300x80.png","contentUrl":"https:\/\/grontkontor.dk\/wp-content\/uploads\/2014\/02\/Logo_groent_kontor_300x80.png","width":300,"height":80,"caption":"Gr\u00f8nt Kontor"},"image":{"@id":"https:\/\/grontkontor.dk\/#\/schema\/logo\/image\/"},"sameAs":["https:\/\/www.facebook.com\/grontkontor.dk\/"]}]}},"_links":{"self":[{"href":"https:\/\/grontkontor.dk\/sv\/wp-json\/wp\/v2\/product\/81607"}],"collection":[{"href":"https:\/\/grontkontor.dk\/sv\/wp-json\/wp\/v2\/product"}],"about":[{"href":"https:\/\/grontkontor.dk\/sv\/wp-json\/wp\/v2\/types\/product"}],"replies":[{"embeddable":true,"href":"https:\/\/grontkontor.dk\/sv\/wp-json\/wp\/v2\/comments?post=81607"}],"wp:featuredmedia":[{"embeddable":true,"href":"https:\/\/grontkontor.dk\/sv\/wp-json\/wp\/v2\/media\/40665"}],"wp:attachment":[{"href":"https:\/\/grontkontor.dk\/sv\/wp-json\/wp\/v2\/media?parent=81607"}],"wp:term":[{"taxonomy":"product_cat","embeddable":true,"href":"https:\/\/grontkontor.dk\/sv\/wp-json\/wp\/v2\/product_cat?post=81607"},{"taxonomy":"product_tag","embeddable":true,"href":"https:\/\/grontkontor.dk\/sv\/wp-json\/wp\/v2\/product_tag?post=81607"}],"curies":[{"name":"wp","href":"https:\/\/api.w.org\/{rel}","templated":true}]}}