{"id":81610,"date":"2023-09-22T13:56:14","date_gmt":"2024-02-27T08:24:04","guid":{"rendered":"https:\/\/grontkontor.dk\/shop\/klimatvaenlig-laddstation-i-bambu\/"},"modified":"2024-02-27T09:24:04","modified_gmt":"2024-02-27T08:24:04","slug":"klimatvaenlig-laddstation-i-bambu","status":"publish","type":"product","link":"https:\/\/grontkontor.dk\/sv\/shop\/klimatvaenlig-laddstation-i-bambu\/","title":{"rendered":"Klimatv\u00e4nlig laddstation i bambu"},"content":{"rendered":"<p>V\u00e4ldesignad milj\u00f6v\u00e4nlig och tr\u00e5dl\u00f6s laddare. Multi-enhet med 10W laddning, kan ladda upp till 4 enheter samtidigt. Inklusive 2 USB-portar och 1 USB Type-C-port. Kompatibel med enheter som \u00e4r utrustade med tr\u00e5dl\u00f6s laddningsteknik. 150 cm anslutningskabel.<\/p>\n<p>Uppfyller s\u00e4kerhetskraven:<\/p>\n<p>Skyddssystem mot \u00f6verhettning.<br \/>\nSkyddssystem f\u00f6r laddning. Blockeringssystem f\u00f6r att f\u00f6rhindra kortslutning.<br \/>\nTr\u00e5dl\u00f6s 10W. 2 USB-utg\u00e5ngar och 1 typ C-utg\u00e5ng<\/p>\n<p>Tillg\u00e4nglig med tryck.<\/p>\nBambu \u00e4r ett fantastiskt material n\u00e4r det kommer till h\u00e5llbarhet. Den en av de mest snabbv\u00e4xande plantor i v\u00e4rlden, vilket betyder en snabb \u00e5terv\u00e4xt efter sk\u00f6rd. Bambu fungerar, precis som andra naturprodukter, som ett CO2 dep\u00e5 under hela sin livstid och odlas utan pesticider och konstg\u00f6dsel. \n<p>&nbsp;<\/p>\nDenna produkt anser vi vara n\u00e5got av det mest h\u00e5llbara i sin kategori. Om du k\u00e4nner till liknande produkter som du anser vara for mer h\u00e5llbara, vill vi g\u00e4rna h\u00f6ra fr\u00e5n dig. L\u00e4s mer om v\u00e5ra h\u00e5llbarhetskriterier <a target=\"_blank\"  href=\"https:\/\/grontkontor.dk\/sv\/om-haallbarhet\/\" class=\"light\" >her<\/a>\n\n<p>&nbsp;<\/p>\n<img loading=\"lazy\" decoding=\"async\" src=\"https:\/\/grontkontor.dk\/wp-content\/uploads\/2021\/02\/genbrug.jpg\" alt=\"Fremstillet af genbrugsmaterialer\" width=\"50\" height=\"50\" class=\"size-full wp-image-23031\" srcset=\"https:\/\/grontkontor.dk\/wp-content\/uploads\/2021\/02\/genbrug.jpg 199w, https:\/\/grontkontor.dk\/wp-content\/uploads\/2021\/02\/genbrug-100x100.jpg 100w\" sizes=\"(max-width: 50px) 100vw, 50px\" \/>\n","protected":false},"excerpt":{"rendered":"<p>V\u00e4ldesignad milj\u00f6v\u00e4nlig och tr\u00e5dl\u00f6s laddare. Multi-enhet med 10W laddning, kan ladda upp till 4 enheter samtidigt. Inklusive 2 USB-portar och 1 USB Type-C-port. Kompatibel med enheter som \u00e4r utrustade med tr\u00e5dl\u00f6s laddningsteknik. 150 cm anslutningskabel. Uppfyller s\u00e4kerhetskraven: Skyddssystem mot \u00f6verhettning. Skyddssystem f\u00f6r laddning. Blockeringssystem f\u00f6r att f\u00f6rhindra kortslutning. Tr\u00e5dl\u00f6s 10W. 2 USB-utg\u00e5ngar och 1 typ [&hellip;]<\/p>\n","protected":false},"featured_media":39375,"comment_status":"closed","ping_status":"closed","template":"","meta":{"_acf_changed":false},"product_cat":[4407,2175,2107,2071,2394],"product_tag":[2112,1825],"class_list":{"0":"post-81610","1":"product","2":"type-product","3":"status-publish","4":"has-post-thumbnail","6":"product_cat-elektronik-och-gadgets-sv","7":"product_cat-bambu","8":"product_cat-dummy-moq-1-sv","9":"product_cat-elektronik-och-gadgets","10":"product_cat-nyheter","11":"product_tag-charger-sv","12":"product_tag-oplader-sv","13":"tm-has-options","15":"first","16":"onbackorder","17":"taxable","18":"shipping-taxable","19":"purchasable","20":"product-type-simple"},"acf":[],"yoast_head":"<!-- This site is optimized with the Yoast SEO Premium plugin v21.2 (Yoast SEO v21.2) - https:\/\/yoast.com\/wordpress\/plugins\/seo\/ -->\n<title>Klimatv\u00e4nlig laddstation i bambu - Gr\u00f8nt Kontor<\/title>\n<meta name=\"robots\" content=\"index, follow, max-snippet:-1, max-image-preview:large, max-video-preview:-1\" \/>\n<link rel=\"canonical\" href=\"https:\/\/grontkontor.dk\/sv\/shop\/klimatvaenlig-laddstation-i-bambu\/\" \/>\n<meta property=\"og:locale\" content=\"sv_SE\" \/>\n<meta property=\"og:type\" content=\"article\" \/>\n<meta property=\"og:title\" content=\"Klimatv\u00e4nlig laddstation i bambu\" \/>\n<meta property=\"og:description\" content=\"V\u00e4ldesignad milj\u00f6v\u00e4nlig och tr\u00e5dl\u00f6s laddare. Multi-enhet med 10W laddning, kan ladda upp till 4 enheter samtidigt. Inklusive 2 USB-portar och 1 USB Type-C-port. Kompatibel med enheter som \u00e4r utrustade med tr\u00e5dl\u00f6s laddningsteknik. 150 cm anslutningskabel. Uppfyller s\u00e4kerhetskraven: Skyddssystem mot \u00f6verhettning. Skyddssystem f\u00f6r laddning. Blockeringssystem f\u00f6r att f\u00f6rhindra kortslutning. Tr\u00e5dl\u00f6s 10W. 2 USB-utg\u00e5ngar och 1 typ [&hellip;]\" \/>\n<meta property=\"og:url\" content=\"https:\/\/grontkontor.dk\/sv\/shop\/klimatvaenlig-laddstation-i-bambu\/\" \/>\n<meta property=\"og:site_name\" content=\"Gr\u00f8nt Kontor\" \/>\n<meta property=\"article:publisher\" content=\"https:\/\/www.facebook.com\/grontkontor.dk\/\" \/>\n<meta name=\"twitter:card\" content=\"summary_large_image\" \/>\n<script type=\"application\/ld+json\" class=\"yoast-schema-graph\">{\"@context\":\"https:\/\/schema.org\",\"@graph\":[{\"@type\":\"WebPage\",\"@id\":\"https:\/\/grontkontor.dk\/sv\/shop\/klimatvaenlig-laddstation-i-bambu\/\",\"url\":\"https:\/\/grontkontor.dk\/sv\/shop\/klimatvaenlig-laddstation-i-bambu\/\",\"name\":\"Klimatv\u00e4nlig laddstation i bambu - Gr\u00f8nt Kontor\",\"isPartOf\":{\"@id\":\"https:\/\/grontkontor.dk\/#website\"},\"datePublished\":\"2024-02-27T08:24:04+00:00\",\"dateModified\":\"2024-02-27T08:24:04+00:00\",\"breadcrumb\":{\"@id\":\"https:\/\/grontkontor.dk\/sv\/shop\/klimatvaenlig-laddstation-i-bambu\/#breadcrumb\"},\"inLanguage\":\"sv-SE\",\"potentialAction\":[{\"@type\":\"ReadAction\",\"target\":[\"https:\/\/grontkontor.dk\/sv\/shop\/klimatvaenlig-laddstation-i-bambu\/\"]}]},{\"@type\":\"BreadcrumbList\",\"@id\":\"https:\/\/grontkontor.dk\/sv\/shop\/klimatvaenlig-laddstation-i-bambu\/#breadcrumb\",\"itemListElement\":[{\"@type\":\"ListItem\",\"position\":1,\"name\":\"Forside\",\"item\":\"https:\/\/grontkontor.dk\/\"},{\"@type\":\"ListItem\",\"position\":2,\"name\":\"Shop\",\"item\":\"https:\/\/grontkontor.dk\/sv\/shop\/\"},{\"@type\":\"ListItem\",\"position\":3,\"name\":\"Elektronik og gadgets\",\"item\":\"https:\/\/grontkontor.dk\/produkt-kategori\/elektronik-og-gadgets\/\"},{\"@type\":\"ListItem\",\"position\":4,\"name\":\"Klimatv\u00e4nlig laddstation i bambu\"}]},{\"@type\":\"WebSite\",\"@id\":\"https:\/\/grontkontor.dk\/#website\",\"url\":\"https:\/\/grontkontor.dk\/\",\"name\":\"Gr\u00f8nt Kontor\",\"description\":\"Milj\u00f8venlige produkter til kontor og erhverv med fokus p\u00e5 b\u00e6redygtighed, design og fair trade.\",\"publisher\":{\"@id\":\"https:\/\/grontkontor.dk\/#organization\"},\"potentialAction\":[{\"@type\":\"SearchAction\",\"target\":{\"@type\":\"EntryPoint\",\"urlTemplate\":\"https:\/\/grontkontor.dk\/?s={search_term_string}\"},\"query-input\":\"required name=search_term_string\"}],\"inLanguage\":\"sv-SE\"},{\"@type\":\"Organization\",\"@id\":\"https:\/\/grontkontor.dk\/#organization\",\"name\":\"Gr\u00f8nt Kontor\",\"url\":\"https:\/\/grontkontor.dk\/\",\"logo\":{\"@type\":\"ImageObject\",\"inLanguage\":\"sv-SE\",\"@id\":\"https:\/\/grontkontor.dk\/#\/schema\/logo\/image\/\",\"url\":\"https:\/\/grontkontor.dk\/wp-content\/uploads\/2014\/02\/Logo_groent_kontor_300x80.png\",\"contentUrl\":\"https:\/\/grontkontor.dk\/wp-content\/uploads\/2014\/02\/Logo_groent_kontor_300x80.png\",\"width\":300,\"height\":80,\"caption\":\"Gr\u00f8nt Kontor\"},\"image\":{\"@id\":\"https:\/\/grontkontor.dk\/#\/schema\/logo\/image\/\"},\"sameAs\":[\"https:\/\/www.facebook.com\/grontkontor.dk\/\"]}]}<\/script>\n<!-- \/ Yoast SEO Premium plugin. -->","yoast_head_json":{"title":"Klimatv\u00e4nlig laddstation i bambu - Gr\u00f8nt Kontor","robots":{"index":"index","follow":"follow","max-snippet":"max-snippet:-1","max-image-preview":"max-image-preview:large","max-video-preview":"max-video-preview:-1"},"canonical":"https:\/\/grontkontor.dk\/sv\/shop\/klimatvaenlig-laddstation-i-bambu\/","og_locale":"sv_SE","og_type":"article","og_title":"Klimatv\u00e4nlig laddstation i bambu","og_description":"V\u00e4ldesignad milj\u00f6v\u00e4nlig och tr\u00e5dl\u00f6s laddare. Multi-enhet med 10W laddning, kan ladda upp till 4 enheter samtidigt. Inklusive 2 USB-portar och 1 USB Type-C-port. Kompatibel med enheter som \u00e4r utrustade med tr\u00e5dl\u00f6s laddningsteknik. 150 cm anslutningskabel. Uppfyller s\u00e4kerhetskraven: Skyddssystem mot \u00f6verhettning. Skyddssystem f\u00f6r laddning. Blockeringssystem f\u00f6r att f\u00f6rhindra kortslutning. Tr\u00e5dl\u00f6s 10W. 2 USB-utg\u00e5ngar och 1 typ [&hellip;]","og_url":"https:\/\/grontkontor.dk\/sv\/shop\/klimatvaenlig-laddstation-i-bambu\/","og_site_name":"Gr\u00f8nt Kontor","article_publisher":"https:\/\/www.facebook.com\/grontkontor.dk\/","twitter_card":"summary_large_image","schema":{"@context":"https:\/\/schema.org","@graph":[{"@type":"WebPage","@id":"https:\/\/grontkontor.dk\/sv\/shop\/klimatvaenlig-laddstation-i-bambu\/","url":"https:\/\/grontkontor.dk\/sv\/shop\/klimatvaenlig-laddstation-i-bambu\/","name":"Klimatv\u00e4nlig laddstation i bambu - Gr\u00f8nt Kontor","isPartOf":{"@id":"https:\/\/grontkontor.dk\/#website"},"datePublished":"2024-02-27T08:24:04+00:00","dateModified":"2024-02-27T08:24:04+00:00","breadcrumb":{"@id":"https:\/\/grontkontor.dk\/sv\/shop\/klimatvaenlig-laddstation-i-bambu\/#breadcrumb"},"inLanguage":"sv-SE","potentialAction":[{"@type":"ReadAction","target":["https:\/\/grontkontor.dk\/sv\/shop\/klimatvaenlig-laddstation-i-bambu\/"]}]},{"@type":"BreadcrumbList","@id":"https:\/\/grontkontor.dk\/sv\/shop\/klimatvaenlig-laddstation-i-bambu\/#breadcrumb","itemListElement":[{"@type":"ListItem","position":1,"name":"Forside","item":"https:\/\/grontkontor.dk\/"},{"@type":"ListItem","position":2,"name":"Shop","item":"https:\/\/grontkontor.dk\/sv\/shop\/"},{"@type":"ListItem","position":3,"name":"Elektronik og gadgets","item":"https:\/\/grontkontor.dk\/produkt-kategori\/elektronik-og-gadgets\/"},{"@type":"ListItem","position":4,"name":"Klimatv\u00e4nlig laddstation i bambu"}]},{"@type":"WebSite","@id":"https:\/\/grontkontor.dk\/#website","url":"https:\/\/grontkontor.dk\/","name":"Gr\u00f8nt Kontor","description":"Milj\u00f8venlige produkter til kontor og erhverv med fokus p\u00e5 b\u00e6redygtighed, design og fair trade.","publisher":{"@id":"https:\/\/grontkontor.dk\/#organization"},"potentialAction":[{"@type":"SearchAction","target":{"@type":"EntryPoint","urlTemplate":"https:\/\/grontkontor.dk\/?s={search_term_string}"},"query-input":"required name=search_term_string"}],"inLanguage":"sv-SE"},{"@type":"Organization","@id":"https:\/\/grontkontor.dk\/#organization","name":"Gr\u00f8nt Kontor","url":"https:\/\/grontkontor.dk\/","logo":{"@type":"ImageObject","inLanguage":"sv-SE","@id":"https:\/\/grontkontor.dk\/#\/schema\/logo\/image\/","url":"https:\/\/grontkontor.dk\/wp-content\/uploads\/2014\/02\/Logo_groent_kontor_300x80.png","contentUrl":"https:\/\/grontkontor.dk\/wp-content\/uploads\/2014\/02\/Logo_groent_kontor_300x80.png","width":300,"height":80,"caption":"Gr\u00f8nt Kontor"},"image":{"@id":"https:\/\/grontkontor.dk\/#\/schema\/logo\/image\/"},"sameAs":["https:\/\/www.facebook.com\/grontkontor.dk\/"]}]}},"_links":{"self":[{"href":"https:\/\/grontkontor.dk\/sv\/wp-json\/wp\/v2\/product\/81610"}],"collection":[{"href":"https:\/\/grontkontor.dk\/sv\/wp-json\/wp\/v2\/product"}],"about":[{"href":"https:\/\/grontkontor.dk\/sv\/wp-json\/wp\/v2\/types\/product"}],"replies":[{"embeddable":true,"href":"https:\/\/grontkontor.dk\/sv\/wp-json\/wp\/v2\/comments?post=81610"}],"wp:featuredmedia":[{"embeddable":true,"href":"https:\/\/grontkontor.dk\/sv\/wp-json\/wp\/v2\/media\/39375"}],"wp:attachment":[{"href":"https:\/\/grontkontor.dk\/sv\/wp-json\/wp\/v2\/media?parent=81610"}],"wp:term":[{"taxonomy":"product_cat","embeddable":true,"href":"https:\/\/grontkontor.dk\/sv\/wp-json\/wp\/v2\/product_cat?post=81610"},{"taxonomy":"product_tag","embeddable":true,"href":"https:\/\/grontkontor.dk\/sv\/wp-json\/wp\/v2\/product_tag?post=81610"}],"curies":[{"name":"wp","href":"https:\/\/api.w.org\/{rel}","templated":true}]}}