{"id":81638,"date":"2023-09-22T13:54:40","date_gmt":"2024-02-27T09:03:52","guid":{"rendered":"https:\/\/grontkontor.dk\/shop\/klimatsmart-paase-i-aatervunnet-papper-19l\/"},"modified":"2024-02-27T10:03:52","modified_gmt":"2024-02-27T09:03:52","slug":"klimatsmart-paase-i-aatervunnet-papper-19l","status":"publish","type":"product","link":"https:\/\/grontkontor.dk\/sv\/shop\/klimatsmart-paase-i-aatervunnet-papper-19l\/","title":{"rendered":"Klimatsmart p\u00e5se i \u00e5tervunnet papper 19L"},"content":{"rendered":"<p>Brun pappersp\u00e5se tillverkad av \u00e5tervunnet PEFC-certifierat papper, 80 gr. V\u00e4skan har f\u00f6rst\u00e4rkta grepp. Ett bra och klimatv\u00e4nligt alternativ till konventionella plastp\u00e5sar. Tillg\u00e4nglig med tryck. Papper\/kartong tillverkas vanligtvis av \u00e5tervunnet papper eller tr\u00e4, som \u00e4r en f\u00f6rnybar resurs. Papper \u00e4r biologiskt nedbrytbart och \u00e5tervinningsbart upp till ca. 7 g\u00e5nger. \u00c5tervunnet papper, PEFC eller FSC-certifierat papper \u00e4r klart att f\u00f6redra ur milj\u00f6synpunkt.  CE - Conformit\u00e9 Europ\u00e9enne (Europeisk standard) M\u00e4rke f\u00f6r att produkten uppn\u00e5r EU-krav f\u00f6r s\u00e4kerhet, h\u00e4lsa\noch milj\u00f6.  PEFC \u00e4r en garanti f\u00f6r h\u00e5llbart skogsbrukgenom oberoende\ntredjepartscertificering. Mindre skogsbrug f\u00f6redrar ofta detta framf\u00f6r FSC certificering &nbsp; <img loading=\"lazy\" decoding=\"async\" src=\"https:\/\/grontkontor.dk\/wp-content\/uploads\/2021\/02\/genbrug.jpg\" alt=\"Fremstillet af genbrugsmaterialer\" width=\"50\" height=\"50\" class=\"size-full wp-image-23031\" srcset=\"https:\/\/grontkontor.dk\/wp-content\/uploads\/2021\/02\/genbrug.jpg 199w, https:\/\/grontkontor.dk\/wp-content\/uploads\/2021\/02\/genbrug-100x100.jpg 100w\" sizes=\"(max-width: 50px) 100vw, 50px\" \/> <img loading=\"lazy\" decoding=\"async\" class=\"size-full wp-image-24814\" src=\"https:\/\/grontkontor.dk\/wp-content\/uploads\/2021\/06\/ce-certificeret.jpg\" alt=\"CE Certificeret\" width=\"50\" height=\"50\" srcset=\"https:\/\/grontkontor.dk\/wp-content\/uploads\/2021\/06\/ce-certificeret.jpg 209w, https:\/\/grontkontor.dk\/wp-content\/uploads\/2021\/06\/ce-certificeret-100x100.jpg 100w, https:\/\/grontkontor.dk\/wp-content\/uploads\/2021\/06\/ce-certificeret-150x150.jpg 150w\" sizes=\"(max-width: 50px) 100vw, 50px\" \/> <a href=\"https:\/\/bettergreen.dk\/fsc-certificering-pefc-certificering\/\" rel=\"noopener\" target=\"_blank\"><img loading=\"lazy\" decoding=\"async\" src=\"https:\/\/grontkontor.dk\/wp-content\/uploads\/2016\/11\/pefc-certificeret.jpg\" alt=\"Dette produkt er PEFC certificeret\" width=\"47\" height=\"50\" class=\"size-full wp-image-23527\" \/> <\/a><\/p>\n","protected":false},"excerpt":{"rendered":"<p>Brun pappersp\u00e5se tillverkad av \u00e5tervunnet PEFC-certifierat papper, 80 gr. V\u00e4skan har f\u00f6rst\u00e4rkta grepp. Ett bra och klimatv\u00e4nligt alternativ till konventionella plastp\u00e5sar. Tillg\u00e4nglig med tryck. &nbsp;<\/p>\n","protected":false},"featured_media":37718,"comment_status":"closed","ping_status":"closed","template":"","meta":{"_acf_changed":false},"product_cat":[4451,4448,1730,2323,1831,2394,1552,1854,675],"product_tag":[1363,2950,2704],"class_list":{"0":"post-81638","1":"product","2":"type-product","3":"status-publish","4":"has-post-thumbnail","6":"product_cat-papperspaasar","7":"product_cat-presentpaasar-och-presentfoerpackningar","8":"product_cat-diverse-tasker-sv","9":"product_cat-dummy-moq-500-sv","10":"product_cat-natur-aatervunnet-papper","11":"product_cat-nyheter","12":"product_cat-papirposer-sv","13":"product_cat-produkt-serier-se","14":"product_cat-vaeskor-och-fodral","15":"product_tag-baerepose-sv","16":"product_tag-papperspaase","17":"product_tag-vaeskor","18":"tm-has-options","20":"first","21":"instock","22":"taxable","23":"shipping-taxable","24":"purchasable","25":"product-type-simple"},"acf":[],"yoast_head":"<!-- This site is optimized with the Yoast SEO Premium plugin v21.2 (Yoast SEO v21.2) - https:\/\/yoast.com\/wordpress\/plugins\/seo\/ -->\n<title>Klimatsmart p\u00e5se i \u00e5tervunnet papper 19L - Gr\u00f8nt Kontor<\/title>\n<meta name=\"robots\" content=\"index, follow, max-snippet:-1, max-image-preview:large, max-video-preview:-1\" \/>\n<link rel=\"canonical\" href=\"https:\/\/grontkontor.dk\/sv\/shop\/klimatsmart-paase-i-aatervunnet-papper-19l\/\" \/>\n<meta property=\"og:locale\" content=\"sv_SE\" \/>\n<meta property=\"og:type\" content=\"article\" \/>\n<meta property=\"og:title\" content=\"Klimatsmart p\u00e5se i \u00e5tervunnet papper 19L\" \/>\n<meta property=\"og:description\" content=\"Brun pappersp\u00e5se tillverkad av \u00e5tervunnet PEFC-certifierat papper, 80 gr. V\u00e4skan har f\u00f6rst\u00e4rkta grepp. Ett bra och klimatv\u00e4nligt alternativ till konventionella plastp\u00e5sar. Tillg\u00e4nglig med tryck. &nbsp;\" \/>\n<meta property=\"og:url\" content=\"https:\/\/grontkontor.dk\/sv\/shop\/klimatsmart-paase-i-aatervunnet-papper-19l\/\" \/>\n<meta property=\"og:site_name\" content=\"Gr\u00f8nt Kontor\" \/>\n<meta property=\"article:publisher\" content=\"https:\/\/www.facebook.com\/grontkontor.dk\/\" \/>\n<meta name=\"twitter:card\" content=\"summary_large_image\" \/>\n<script type=\"application\/ld+json\" class=\"yoast-schema-graph\">{\"@context\":\"https:\/\/schema.org\",\"@graph\":[{\"@type\":\"WebPage\",\"@id\":\"https:\/\/grontkontor.dk\/sv\/shop\/klimatsmart-paase-i-aatervunnet-papper-19l\/\",\"url\":\"https:\/\/grontkontor.dk\/sv\/shop\/klimatsmart-paase-i-aatervunnet-papper-19l\/\",\"name\":\"Klimatsmart p\u00e5se i \u00e5tervunnet papper 19L - Gr\u00f8nt Kontor\",\"isPartOf\":{\"@id\":\"https:\/\/grontkontor.dk\/#website\"},\"datePublished\":\"2024-02-27T09:03:52+00:00\",\"dateModified\":\"2024-02-27T09:03:52+00:00\",\"breadcrumb\":{\"@id\":\"https:\/\/grontkontor.dk\/sv\/shop\/klimatsmart-paase-i-aatervunnet-papper-19l\/#breadcrumb\"},\"inLanguage\":\"sv-SE\",\"potentialAction\":[{\"@type\":\"ReadAction\",\"target\":[\"https:\/\/grontkontor.dk\/sv\/shop\/klimatsmart-paase-i-aatervunnet-papper-19l\/\"]}]},{\"@type\":\"BreadcrumbList\",\"@id\":\"https:\/\/grontkontor.dk\/sv\/shop\/klimatsmart-paase-i-aatervunnet-papper-19l\/#breadcrumb\",\"itemListElement\":[{\"@type\":\"ListItem\",\"position\":1,\"name\":\"Forside\",\"item\":\"https:\/\/grontkontor.dk\/\"},{\"@type\":\"ListItem\",\"position\":2,\"name\":\"Shop\",\"item\":\"https:\/\/grontkontor.dk\/sv\/shop\/\"},{\"@type\":\"ListItem\",\"position\":3,\"name\":\"Tryksager\",\"item\":\"https:\/\/grontkontor.dk\/produkt-kategori\/tryksager\/\"},{\"@type\":\"ListItem\",\"position\":4,\"name\":\"Papirposer\",\"item\":\"https:\/\/grontkontor.dk\/produkt-kategori\/tryksager\/papirposer\/\"},{\"@type\":\"ListItem\",\"position\":5,\"name\":\"Klimatsmart p\u00e5se i \u00e5tervunnet papper 19L\"}]},{\"@type\":\"WebSite\",\"@id\":\"https:\/\/grontkontor.dk\/#website\",\"url\":\"https:\/\/grontkontor.dk\/\",\"name\":\"Gr\u00f8nt Kontor\",\"description\":\"Milj\u00f8venlige produkter til kontor og erhverv med fokus p\u00e5 b\u00e6redygtighed, design og fair trade.\",\"publisher\":{\"@id\":\"https:\/\/grontkontor.dk\/#organization\"},\"potentialAction\":[{\"@type\":\"SearchAction\",\"target\":{\"@type\":\"EntryPoint\",\"urlTemplate\":\"https:\/\/grontkontor.dk\/?s={search_term_string}\"},\"query-input\":\"required name=search_term_string\"}],\"inLanguage\":\"sv-SE\"},{\"@type\":\"Organization\",\"@id\":\"https:\/\/grontkontor.dk\/#organization\",\"name\":\"Gr\u00f8nt Kontor\",\"url\":\"https:\/\/grontkontor.dk\/\",\"logo\":{\"@type\":\"ImageObject\",\"inLanguage\":\"sv-SE\",\"@id\":\"https:\/\/grontkontor.dk\/#\/schema\/logo\/image\/\",\"url\":\"https:\/\/grontkontor.dk\/wp-content\/uploads\/2014\/02\/Logo_groent_kontor_300x80.png\",\"contentUrl\":\"https:\/\/grontkontor.dk\/wp-content\/uploads\/2014\/02\/Logo_groent_kontor_300x80.png\",\"width\":300,\"height\":80,\"caption\":\"Gr\u00f8nt Kontor\"},\"image\":{\"@id\":\"https:\/\/grontkontor.dk\/#\/schema\/logo\/image\/\"},\"sameAs\":[\"https:\/\/www.facebook.com\/grontkontor.dk\/\"]}]}<\/script>\n<!-- \/ Yoast SEO Premium plugin. -->","yoast_head_json":{"title":"Klimatsmart p\u00e5se i \u00e5tervunnet papper 19L - Gr\u00f8nt Kontor","robots":{"index":"index","follow":"follow","max-snippet":"max-snippet:-1","max-image-preview":"max-image-preview:large","max-video-preview":"max-video-preview:-1"},"canonical":"https:\/\/grontkontor.dk\/sv\/shop\/klimatsmart-paase-i-aatervunnet-papper-19l\/","og_locale":"sv_SE","og_type":"article","og_title":"Klimatsmart p\u00e5se i \u00e5tervunnet papper 19L","og_description":"Brun pappersp\u00e5se tillverkad av \u00e5tervunnet PEFC-certifierat papper, 80 gr. V\u00e4skan har f\u00f6rst\u00e4rkta grepp. Ett bra och klimatv\u00e4nligt alternativ till konventionella plastp\u00e5sar. Tillg\u00e4nglig med tryck. &nbsp;","og_url":"https:\/\/grontkontor.dk\/sv\/shop\/klimatsmart-paase-i-aatervunnet-papper-19l\/","og_site_name":"Gr\u00f8nt Kontor","article_publisher":"https:\/\/www.facebook.com\/grontkontor.dk\/","twitter_card":"summary_large_image","schema":{"@context":"https:\/\/schema.org","@graph":[{"@type":"WebPage","@id":"https:\/\/grontkontor.dk\/sv\/shop\/klimatsmart-paase-i-aatervunnet-papper-19l\/","url":"https:\/\/grontkontor.dk\/sv\/shop\/klimatsmart-paase-i-aatervunnet-papper-19l\/","name":"Klimatsmart p\u00e5se i \u00e5tervunnet papper 19L - Gr\u00f8nt Kontor","isPartOf":{"@id":"https:\/\/grontkontor.dk\/#website"},"datePublished":"2024-02-27T09:03:52+00:00","dateModified":"2024-02-27T09:03:52+00:00","breadcrumb":{"@id":"https:\/\/grontkontor.dk\/sv\/shop\/klimatsmart-paase-i-aatervunnet-papper-19l\/#breadcrumb"},"inLanguage":"sv-SE","potentialAction":[{"@type":"ReadAction","target":["https:\/\/grontkontor.dk\/sv\/shop\/klimatsmart-paase-i-aatervunnet-papper-19l\/"]}]},{"@type":"BreadcrumbList","@id":"https:\/\/grontkontor.dk\/sv\/shop\/klimatsmart-paase-i-aatervunnet-papper-19l\/#breadcrumb","itemListElement":[{"@type":"ListItem","position":1,"name":"Forside","item":"https:\/\/grontkontor.dk\/"},{"@type":"ListItem","position":2,"name":"Shop","item":"https:\/\/grontkontor.dk\/sv\/shop\/"},{"@type":"ListItem","position":3,"name":"Tryksager","item":"https:\/\/grontkontor.dk\/produkt-kategori\/tryksager\/"},{"@type":"ListItem","position":4,"name":"Papirposer","item":"https:\/\/grontkontor.dk\/produkt-kategori\/tryksager\/papirposer\/"},{"@type":"ListItem","position":5,"name":"Klimatsmart p\u00e5se i \u00e5tervunnet papper 19L"}]},{"@type":"WebSite","@id":"https:\/\/grontkontor.dk\/#website","url":"https:\/\/grontkontor.dk\/","name":"Gr\u00f8nt Kontor","description":"Milj\u00f8venlige produkter til kontor og erhverv med fokus p\u00e5 b\u00e6redygtighed, design og fair trade.","publisher":{"@id":"https:\/\/grontkontor.dk\/#organization"},"potentialAction":[{"@type":"SearchAction","target":{"@type":"EntryPoint","urlTemplate":"https:\/\/grontkontor.dk\/?s={search_term_string}"},"query-input":"required name=search_term_string"}],"inLanguage":"sv-SE"},{"@type":"Organization","@id":"https:\/\/grontkontor.dk\/#organization","name":"Gr\u00f8nt Kontor","url":"https:\/\/grontkontor.dk\/","logo":{"@type":"ImageObject","inLanguage":"sv-SE","@id":"https:\/\/grontkontor.dk\/#\/schema\/logo\/image\/","url":"https:\/\/grontkontor.dk\/wp-content\/uploads\/2014\/02\/Logo_groent_kontor_300x80.png","contentUrl":"https:\/\/grontkontor.dk\/wp-content\/uploads\/2014\/02\/Logo_groent_kontor_300x80.png","width":300,"height":80,"caption":"Gr\u00f8nt Kontor"},"image":{"@id":"https:\/\/grontkontor.dk\/#\/schema\/logo\/image\/"},"sameAs":["https:\/\/www.facebook.com\/grontkontor.dk\/"]}]}},"_links":{"self":[{"href":"https:\/\/grontkontor.dk\/sv\/wp-json\/wp\/v2\/product\/81638"}],"collection":[{"href":"https:\/\/grontkontor.dk\/sv\/wp-json\/wp\/v2\/product"}],"about":[{"href":"https:\/\/grontkontor.dk\/sv\/wp-json\/wp\/v2\/types\/product"}],"replies":[{"embeddable":true,"href":"https:\/\/grontkontor.dk\/sv\/wp-json\/wp\/v2\/comments?post=81638"}],"wp:featuredmedia":[{"embeddable":true,"href":"https:\/\/grontkontor.dk\/sv\/wp-json\/wp\/v2\/media\/37718"}],"wp:attachment":[{"href":"https:\/\/grontkontor.dk\/sv\/wp-json\/wp\/v2\/media?parent=81638"}],"wp:term":[{"taxonomy":"product_cat","embeddable":true,"href":"https:\/\/grontkontor.dk\/sv\/wp-json\/wp\/v2\/product_cat?post=81638"},{"taxonomy":"product_tag","embeddable":true,"href":"https:\/\/grontkontor.dk\/sv\/wp-json\/wp\/v2\/product_tag?post=81638"}],"curies":[{"name":"wp","href":"https:\/\/api.w.org\/{rel}","templated":true}]}}