{"id":81655,"date":"2023-09-22T13:53:23","date_gmt":"2024-02-27T09:26:18","guid":{"rendered":"https:\/\/grontkontor.dk\/shop\/powerbank-och-laddare-i-bambu\/"},"modified":"2024-02-27T10:26:18","modified_gmt":"2024-02-27T09:26:18","slug":"powerbank-och-laddare-i-bambu","status":"publish","type":"product","link":"https:\/\/grontkontor.dk\/sv\/shop\/powerbank-och-laddare-i-bambu\/","title":{"rendered":"Powerbank och laddare i bambu"},"content":{"rendered":"<p>Smart, milj\u00f6v\u00e4nlig och v\u00e4ldesignad powerbank och mobilladdare i FSC-certifierad bambu med integrerad 5W tr\u00e5dl\u00f6s laddare. Laddaren har en inbyggd solpanel f\u00f6r laddning.<\/p>\n<p>Laddningsstatusindikator, 2 USB-utg\u00e5ngar, 1 mikro-USB-utg\u00e5ng och 1 typ C-ing\u00e5ng. Inklusive laddkabel. De elektroniska delarna av powerbanken uppfyller CE-direktivets best\u00e4mmelser samt EU:s RoHS-direktivs f\u00f6reskrifter f\u00f6r s\u00e4kerhet. Levereras i en milj\u00f6v\u00e4nlig l\u00e5da med FSC-m\u00e4rkning. Perfekt som f\u00f6retagspresent eller g\u00e5va till anst\u00e4llda.<\/p>\n<p>Bambu \u00e4r biologiskt nedbrytbart och d\u00e4rf\u00f6r ett fantastiskt material n\u00e4r det kommer till h\u00e5llbarhet. Den har en extremt snabb \u00e5terv\u00e4xt efter sk\u00f6rd. Banbu fungerar, precis som andra naturprodukter, som ett CO2 dep\u00e5 under hela sin livsdid.  FSC certificeringen s\u00e4krar \u00e5terplantering av skog, beskyddar djur- och v\u00e4xtliv\noch s\u00e4krar goda l\u00f6n- och arbetsf\u00f6rh\u00e5llanden.  CE - Conformit\u00e9 Europ\u00e9enne (Europeisk standard) M\u00e4rke f\u00f6r att produkten uppn\u00e5r EU-krav f\u00f6r s\u00e4kerhet, h\u00e4lsa\noch milj\u00f6. <\/p>\n<p><a href=\"https:\/\/ic.fsc.org\/en\/\" target=\"window\"><img loading=\"lazy\" decoding=\"async\" class=\"size-full wp-image-12735\" src=\"https:\/\/grontkontor.dk\/wp-content\/uploads\/2019\/04\/fsc-certificeret.png\" \n\t\t alt=\"FSC-certificeret\" title=\"FSC-certificeret\" width=\"44\" height=\"51\" border=0\/><\/a> <img loading=\"lazy\" decoding=\"async\" class=\"size-full wp-image-24814\" src=\"https:\/\/grontkontor.dk\/wp-content\/uploads\/2021\/06\/ce-certificeret.jpg\" alt=\"CE Certificeret\" width=\"50\" height=\"50\" srcset=\"https:\/\/grontkontor.dk\/wp-content\/uploads\/2021\/06\/ce-certificeret.jpg 209w, https:\/\/grontkontor.dk\/wp-content\/uploads\/2021\/06\/ce-certificeret-100x100.jpg 100w, https:\/\/grontkontor.dk\/wp-content\/uploads\/2021\/06\/ce-certificeret-150x150.jpg 150w\" sizes=\"(max-width: 50px) 100vw, 50px\" \/><\/p>\n","protected":false},"excerpt":{"rendered":"<p>Smart, milj\u00f6v\u00e4nlig och v\u00e4ldesignad powerbank och mobilladdare i FSC-certifierad bambu med integrerad 5W tr\u00e5dl\u00f6s laddare. Laddaren har en inbyggd solpanel f\u00f6r laddning. Laddningsstatusindikator, 2 USB-utg\u00e5ngar, 1 mikro-USB-utg\u00e5ng och 1 typ C-ing\u00e5ng. Inklusive laddkabel. De elektroniska delarna av powerbanken uppfyller CE-direktivets best\u00e4mmelser samt EU:s RoHS-direktivs f\u00f6reskrifter f\u00f6r s\u00e4kerhet. Levereras i en milj\u00f6v\u00e4nlig l\u00e5da med FSC-m\u00e4rkning. Perfekt [&hellip;]<\/p>\n","protected":false},"featured_media":36615,"comment_status":"closed","ping_status":"closed","template":"","meta":{"_acf_changed":false},"product_cat":[4407,2175,2123,2071,2394,1854],"product_tag":[2151,2112,1825],"class_list":{"0":"post-81655","1":"product","2":"type-product","3":"status-publish","4":"has-post-thumbnail","6":"product_cat-elektronik-och-gadgets-sv","7":"product_cat-bambu","8":"product_cat-dummy-moq-50-100-sv","9":"product_cat-elektronik-och-gadgets","10":"product_cat-nyheter","11":"product_cat-produkt-serier-se","12":"product_tag-elektronik-mobiltelefon-sv","13":"product_tag-charger-sv","14":"product_tag-oplader-sv","15":"tm-has-options","17":"first","18":"onbackorder","19":"taxable","20":"shipping-taxable","21":"purchasable","22":"product-type-simple"},"acf":[],"yoast_head":"<!-- This site is optimized with the Yoast SEO Premium plugin v21.2 (Yoast SEO v21.2) - https:\/\/yoast.com\/wordpress\/plugins\/seo\/ -->\n<title>Powerbank och laddare i bambu - Gr\u00f8nt Kontor<\/title>\n<meta name=\"robots\" content=\"index, follow, max-snippet:-1, max-image-preview:large, max-video-preview:-1\" \/>\n<link rel=\"canonical\" href=\"https:\/\/grontkontor.dk\/sv\/shop\/powerbank-och-laddare-i-bambu\/\" \/>\n<meta property=\"og:locale\" content=\"sv_SE\" \/>\n<meta property=\"og:type\" content=\"article\" \/>\n<meta property=\"og:title\" content=\"Powerbank och laddare i bambu\" \/>\n<meta property=\"og:description\" content=\"Smart, milj\u00f6v\u00e4nlig och v\u00e4ldesignad powerbank och mobilladdare i FSC-certifierad bambu med integrerad 5W tr\u00e5dl\u00f6s laddare. Laddaren har en inbyggd solpanel f\u00f6r laddning. Laddningsstatusindikator, 2 USB-utg\u00e5ngar, 1 mikro-USB-utg\u00e5ng och 1 typ C-ing\u00e5ng. Inklusive laddkabel. De elektroniska delarna av powerbanken uppfyller CE-direktivets best\u00e4mmelser samt EU:s RoHS-direktivs f\u00f6reskrifter f\u00f6r s\u00e4kerhet. Levereras i en milj\u00f6v\u00e4nlig l\u00e5da med FSC-m\u00e4rkning. Perfekt [&hellip;]\" \/>\n<meta property=\"og:url\" content=\"https:\/\/grontkontor.dk\/sv\/shop\/powerbank-och-laddare-i-bambu\/\" \/>\n<meta property=\"og:site_name\" content=\"Gr\u00f8nt Kontor\" \/>\n<meta property=\"article:publisher\" content=\"https:\/\/www.facebook.com\/grontkontor.dk\/\" \/>\n<meta property=\"og:image\" content=\"https:\/\/grontkontor.dk\/wp-content\/uploads\/2022\/04\/baeredygtig-oplader-med-solcelle-01.jpg\" \/>\n\t<meta property=\"og:image:width\" content=\"900\" \/>\n\t<meta property=\"og:image:height\" content=\"639\" \/>\n\t<meta property=\"og:image:type\" content=\"image\/jpeg\" \/>\n<meta name=\"twitter:card\" content=\"summary_large_image\" \/>\n<script type=\"application\/ld+json\" class=\"yoast-schema-graph\">{\"@context\":\"https:\/\/schema.org\",\"@graph\":[{\"@type\":\"WebPage\",\"@id\":\"https:\/\/grontkontor.dk\/sv\/shop\/powerbank-och-laddare-i-bambu\/\",\"url\":\"https:\/\/grontkontor.dk\/sv\/shop\/powerbank-och-laddare-i-bambu\/\",\"name\":\"Powerbank och laddare i bambu - Gr\u00f8nt Kontor\",\"isPartOf\":{\"@id\":\"https:\/\/grontkontor.dk\/#website\"},\"datePublished\":\"2024-02-27T09:26:18+00:00\",\"dateModified\":\"2024-02-27T09:26:18+00:00\",\"breadcrumb\":{\"@id\":\"https:\/\/grontkontor.dk\/sv\/shop\/powerbank-och-laddare-i-bambu\/#breadcrumb\"},\"inLanguage\":\"sv-SE\",\"potentialAction\":[{\"@type\":\"ReadAction\",\"target\":[\"https:\/\/grontkontor.dk\/sv\/shop\/powerbank-och-laddare-i-bambu\/\"]}]},{\"@type\":\"BreadcrumbList\",\"@id\":\"https:\/\/grontkontor.dk\/sv\/shop\/powerbank-och-laddare-i-bambu\/#breadcrumb\",\"itemListElement\":[{\"@type\":\"ListItem\",\"position\":1,\"name\":\"Forside\",\"item\":\"https:\/\/grontkontor.dk\/\"},{\"@type\":\"ListItem\",\"position\":2,\"name\":\"Shop\",\"item\":\"https:\/\/grontkontor.dk\/sv\/shop\/\"},{\"@type\":\"ListItem\",\"position\":3,\"name\":\"Elektronik og gadgets\",\"item\":\"https:\/\/grontkontor.dk\/produkt-kategori\/elektronik-og-gadgets\/\"},{\"@type\":\"ListItem\",\"position\":4,\"name\":\"Powerbank och laddare i bambu\"}]},{\"@type\":\"WebSite\",\"@id\":\"https:\/\/grontkontor.dk\/#website\",\"url\":\"https:\/\/grontkontor.dk\/\",\"name\":\"Gr\u00f8nt Kontor\",\"description\":\"Milj\u00f8venlige produkter til kontor og erhverv med fokus p\u00e5 b\u00e6redygtighed, design og fair trade.\",\"publisher\":{\"@id\":\"https:\/\/grontkontor.dk\/#organization\"},\"potentialAction\":[{\"@type\":\"SearchAction\",\"target\":{\"@type\":\"EntryPoint\",\"urlTemplate\":\"https:\/\/grontkontor.dk\/?s={search_term_string}\"},\"query-input\":\"required name=search_term_string\"}],\"inLanguage\":\"sv-SE\"},{\"@type\":\"Organization\",\"@id\":\"https:\/\/grontkontor.dk\/#organization\",\"name\":\"Gr\u00f8nt Kontor\",\"url\":\"https:\/\/grontkontor.dk\/\",\"logo\":{\"@type\":\"ImageObject\",\"inLanguage\":\"sv-SE\",\"@id\":\"https:\/\/grontkontor.dk\/#\/schema\/logo\/image\/\",\"url\":\"https:\/\/grontkontor.dk\/wp-content\/uploads\/2014\/02\/Logo_groent_kontor_300x80.png\",\"contentUrl\":\"https:\/\/grontkontor.dk\/wp-content\/uploads\/2014\/02\/Logo_groent_kontor_300x80.png\",\"width\":300,\"height\":80,\"caption\":\"Gr\u00f8nt Kontor\"},\"image\":{\"@id\":\"https:\/\/grontkontor.dk\/#\/schema\/logo\/image\/\"},\"sameAs\":[\"https:\/\/www.facebook.com\/grontkontor.dk\/\"]}]}<\/script>\n<!-- \/ Yoast SEO Premium plugin. -->","yoast_head_json":{"title":"Powerbank och laddare i bambu - Gr\u00f8nt Kontor","robots":{"index":"index","follow":"follow","max-snippet":"max-snippet:-1","max-image-preview":"max-image-preview:large","max-video-preview":"max-video-preview:-1"},"canonical":"https:\/\/grontkontor.dk\/sv\/shop\/powerbank-och-laddare-i-bambu\/","og_locale":"sv_SE","og_type":"article","og_title":"Powerbank och laddare i bambu","og_description":"Smart, milj\u00f6v\u00e4nlig och v\u00e4ldesignad powerbank och mobilladdare i FSC-certifierad bambu med integrerad 5W tr\u00e5dl\u00f6s laddare. Laddaren har en inbyggd solpanel f\u00f6r laddning. Laddningsstatusindikator, 2 USB-utg\u00e5ngar, 1 mikro-USB-utg\u00e5ng och 1 typ C-ing\u00e5ng. Inklusive laddkabel. De elektroniska delarna av powerbanken uppfyller CE-direktivets best\u00e4mmelser samt EU:s RoHS-direktivs f\u00f6reskrifter f\u00f6r s\u00e4kerhet. Levereras i en milj\u00f6v\u00e4nlig l\u00e5da med FSC-m\u00e4rkning. Perfekt [&hellip;]","og_url":"https:\/\/grontkontor.dk\/sv\/shop\/powerbank-och-laddare-i-bambu\/","og_site_name":"Gr\u00f8nt Kontor","article_publisher":"https:\/\/www.facebook.com\/grontkontor.dk\/","og_image":[{"width":900,"height":639,"url":"https:\/\/grontkontor.dk\/wp-content\/uploads\/2022\/04\/baeredygtig-oplader-med-solcelle-01.jpg","type":"image\/jpeg"}],"twitter_card":"summary_large_image","schema":{"@context":"https:\/\/schema.org","@graph":[{"@type":"WebPage","@id":"https:\/\/grontkontor.dk\/sv\/shop\/powerbank-och-laddare-i-bambu\/","url":"https:\/\/grontkontor.dk\/sv\/shop\/powerbank-och-laddare-i-bambu\/","name":"Powerbank och laddare i bambu - Gr\u00f8nt Kontor","isPartOf":{"@id":"https:\/\/grontkontor.dk\/#website"},"datePublished":"2024-02-27T09:26:18+00:00","dateModified":"2024-02-27T09:26:18+00:00","breadcrumb":{"@id":"https:\/\/grontkontor.dk\/sv\/shop\/powerbank-och-laddare-i-bambu\/#breadcrumb"},"inLanguage":"sv-SE","potentialAction":[{"@type":"ReadAction","target":["https:\/\/grontkontor.dk\/sv\/shop\/powerbank-och-laddare-i-bambu\/"]}]},{"@type":"BreadcrumbList","@id":"https:\/\/grontkontor.dk\/sv\/shop\/powerbank-och-laddare-i-bambu\/#breadcrumb","itemListElement":[{"@type":"ListItem","position":1,"name":"Forside","item":"https:\/\/grontkontor.dk\/"},{"@type":"ListItem","position":2,"name":"Shop","item":"https:\/\/grontkontor.dk\/sv\/shop\/"},{"@type":"ListItem","position":3,"name":"Elektronik og gadgets","item":"https:\/\/grontkontor.dk\/produkt-kategori\/elektronik-og-gadgets\/"},{"@type":"ListItem","position":4,"name":"Powerbank och laddare i bambu"}]},{"@type":"WebSite","@id":"https:\/\/grontkontor.dk\/#website","url":"https:\/\/grontkontor.dk\/","name":"Gr\u00f8nt Kontor","description":"Milj\u00f8venlige produkter til kontor og erhverv med fokus p\u00e5 b\u00e6redygtighed, design og fair trade.","publisher":{"@id":"https:\/\/grontkontor.dk\/#organization"},"potentialAction":[{"@type":"SearchAction","target":{"@type":"EntryPoint","urlTemplate":"https:\/\/grontkontor.dk\/?s={search_term_string}"},"query-input":"required name=search_term_string"}],"inLanguage":"sv-SE"},{"@type":"Organization","@id":"https:\/\/grontkontor.dk\/#organization","name":"Gr\u00f8nt Kontor","url":"https:\/\/grontkontor.dk\/","logo":{"@type":"ImageObject","inLanguage":"sv-SE","@id":"https:\/\/grontkontor.dk\/#\/schema\/logo\/image\/","url":"https:\/\/grontkontor.dk\/wp-content\/uploads\/2014\/02\/Logo_groent_kontor_300x80.png","contentUrl":"https:\/\/grontkontor.dk\/wp-content\/uploads\/2014\/02\/Logo_groent_kontor_300x80.png","width":300,"height":80,"caption":"Gr\u00f8nt Kontor"},"image":{"@id":"https:\/\/grontkontor.dk\/#\/schema\/logo\/image\/"},"sameAs":["https:\/\/www.facebook.com\/grontkontor.dk\/"]}]}},"_links":{"self":[{"href":"https:\/\/grontkontor.dk\/sv\/wp-json\/wp\/v2\/product\/81655"}],"collection":[{"href":"https:\/\/grontkontor.dk\/sv\/wp-json\/wp\/v2\/product"}],"about":[{"href":"https:\/\/grontkontor.dk\/sv\/wp-json\/wp\/v2\/types\/product"}],"replies":[{"embeddable":true,"href":"https:\/\/grontkontor.dk\/sv\/wp-json\/wp\/v2\/comments?post=81655"}],"wp:featuredmedia":[{"embeddable":true,"href":"https:\/\/grontkontor.dk\/sv\/wp-json\/wp\/v2\/media\/36615"}],"wp:attachment":[{"href":"https:\/\/grontkontor.dk\/sv\/wp-json\/wp\/v2\/media?parent=81655"}],"wp:term":[{"taxonomy":"product_cat","embeddable":true,"href":"https:\/\/grontkontor.dk\/sv\/wp-json\/wp\/v2\/product_cat?post=81655"},{"taxonomy":"product_tag","embeddable":true,"href":"https:\/\/grontkontor.dk\/sv\/wp-json\/wp\/v2\/product_tag?post=81655"}],"curies":[{"name":"wp","href":"https:\/\/api.w.org\/{rel}","templated":true}]}}