{"id":81683,"date":"2023-09-22T13:52:03","date_gmt":"2024-02-27T09:59:06","guid":{"rendered":"https:\/\/grontkontor.dk\/shop\/klimatvaenlig-pizzabraeda-i-ek\/"},"modified":"2024-02-27T10:59:06","modified_gmt":"2024-02-27T09:59:06","slug":"klimatvaenlig-pizzabraeda-i-ek","status":"publish","type":"product","link":"https:\/\/grontkontor.dk\/sv\/shop\/klimatvaenlig-pizzabraeda-i-ek\/","title":{"rendered":"Klimatv\u00e4nlig pizzabr\u00e4da i ek"},"content":{"rendered":"<p>L\u00e4cker milj\u00f6v\u00e4nlig pizzabr\u00e4da tillverkad av svensk ek fr\u00e5n \u00f6verskottstr\u00e4 fr\u00e5n t.ex. m\u00f6belproduktion. Perfekt som f\u00f6retagspresent eller som en bra personalpresent. Pizzabr\u00e4dan \u00e4r okokt, men kan levereras med paraffinolja eller matolja om s\u00e5 \u00f6nskas. Kan best\u00e4llas med eller utan lasergravyr. M\u00e5tt: 38 cm i diameter.<\/p>\n<p>Best\u00e4ll ett of\u00f6rbindligt erbjudande p\u00e5 lasergravyr fr\u00e5n <a class=\"light\" href=\"mailto:jens@grontkontor.dk\">jens@grontkontor.dk.<\/a><\/p>\n<img loading=\"lazy\" decoding=\"async\" class=\"size-medium wp-image-21008\" src=\"https:\/\/grontkontor.dk\/wp-content\/uploads\/2020\/11\/eu-flag_1-300x199.jpg\" alt=\"Fremstillet i EU\" width=\"76\" height=\"50\" srcset=\"https:\/\/grontkontor.dk\/wp-content\/uploads\/2020\/11\/eu-flag_1-300x199.jpg 300w, https:\/\/grontkontor.dk\/wp-content\/uploads\/2020\/11\/eu-flag_1.jpg 530w\" sizes=\"(max-width: 76px) 100vw, 76px\" \/>\n","protected":false},"excerpt":{"rendered":"<p>L\u00e4cker milj\u00f6v\u00e4nlig pizzabr\u00e4da tillverkad av svensk ek fr\u00e5n \u00f6verskottstr\u00e4 fr\u00e5n t.ex. m\u00f6belproduktion. Perfekt som f\u00f6retagspresent eller som en bra personalpresent. Pizzabr\u00e4dan \u00e4r okokt, men kan levereras med paraffinolja eller matolja om s\u00e5 \u00f6nskas. Kan best\u00e4llas med eller utan lasergravyr. M\u00e5tt: 38 cm i diameter. Best\u00e4ll ett of\u00f6rbindligt erbjudande p\u00e5 lasergravyr fr\u00e5n jens@grontkontor.dk.<\/p>\n","protected":false},"featured_media":35924,"comment_status":"closed","ping_status":"closed","template":"","meta":{"_acf_changed":false},"product_cat":[2107,2172,1762,2394,1854],"product_tag":[2972],"class_list":{"0":"post-81683","1":"product","2":"type-product","3":"status-publish","4":"has-post-thumbnail","6":"product_cat-dummy-moq-1-sv","7":"product_cat-ektrad","8":"product_cat-haallbart-valmaterial","9":"product_cat-nyheter","10":"product_cat-produkt-serier-se","11":"product_tag-hotell-restaurang","12":"tm-has-options","14":"first","15":"instock","16":"taxable","17":"shipping-taxable","18":"purchasable","19":"product-type-simple"},"acf":[],"yoast_head":"<!-- This site is optimized with the Yoast SEO Premium plugin v21.2 (Yoast SEO v21.2) - https:\/\/yoast.com\/wordpress\/plugins\/seo\/ -->\n<title>Klimatv\u00e4nlig pizzabr\u00e4da i ek - Gr\u00f8nt Kontor<\/title>\n<meta name=\"robots\" content=\"index, follow, max-snippet:-1, max-image-preview:large, max-video-preview:-1\" \/>\n<link rel=\"canonical\" href=\"https:\/\/grontkontor.dk\/sv\/shop\/klimatvaenlig-pizzabraeda-i-ek\/\" \/>\n<meta property=\"og:locale\" content=\"sv_SE\" \/>\n<meta property=\"og:type\" content=\"article\" \/>\n<meta property=\"og:title\" content=\"Klimatv\u00e4nlig pizzabr\u00e4da i ek\" \/>\n<meta property=\"og:description\" content=\"L\u00e4cker milj\u00f6v\u00e4nlig pizzabr\u00e4da tillverkad av svensk ek fr\u00e5n \u00f6verskottstr\u00e4 fr\u00e5n t.ex. m\u00f6belproduktion. Perfekt som f\u00f6retagspresent eller som en bra personalpresent. Pizzabr\u00e4dan \u00e4r okokt, men kan levereras med paraffinolja eller matolja om s\u00e5 \u00f6nskas. Kan best\u00e4llas med eller utan lasergravyr. M\u00e5tt: 38 cm i diameter. Best\u00e4ll ett of\u00f6rbindligt erbjudande p\u00e5 lasergravyr fr\u00e5n jens@grontkontor.dk.\" \/>\n<meta property=\"og:url\" content=\"https:\/\/grontkontor.dk\/sv\/shop\/klimatvaenlig-pizzabraeda-i-ek\/\" \/>\n<meta property=\"og:site_name\" content=\"Gr\u00f8nt Kontor\" \/>\n<meta property=\"article:publisher\" content=\"https:\/\/www.facebook.com\/grontkontor.dk\/\" \/>\n<meta name=\"twitter:card\" content=\"summary_large_image\" \/>\n<script type=\"application\/ld+json\" class=\"yoast-schema-graph\">{\"@context\":\"https:\/\/schema.org\",\"@graph\":[{\"@type\":\"WebPage\",\"@id\":\"https:\/\/grontkontor.dk\/sv\/shop\/klimatvaenlig-pizzabraeda-i-ek\/\",\"url\":\"https:\/\/grontkontor.dk\/sv\/shop\/klimatvaenlig-pizzabraeda-i-ek\/\",\"name\":\"Klimatv\u00e4nlig pizzabr\u00e4da i ek - Gr\u00f8nt Kontor\",\"isPartOf\":{\"@id\":\"https:\/\/grontkontor.dk\/#website\"},\"datePublished\":\"2024-02-27T09:59:06+00:00\",\"dateModified\":\"2024-02-27T09:59:06+00:00\",\"breadcrumb\":{\"@id\":\"https:\/\/grontkontor.dk\/sv\/shop\/klimatvaenlig-pizzabraeda-i-ek\/#breadcrumb\"},\"inLanguage\":\"sv-SE\",\"potentialAction\":[{\"@type\":\"ReadAction\",\"target\":[\"https:\/\/grontkontor.dk\/sv\/shop\/klimatvaenlig-pizzabraeda-i-ek\/\"]}]},{\"@type\":\"BreadcrumbList\",\"@id\":\"https:\/\/grontkontor.dk\/sv\/shop\/klimatvaenlig-pizzabraeda-i-ek\/#breadcrumb\",\"itemListElement\":[{\"@type\":\"ListItem\",\"position\":1,\"name\":\"Forside\",\"item\":\"https:\/\/grontkontor.dk\/\"},{\"@type\":\"ListItem\",\"position\":2,\"name\":\"Shop\",\"item\":\"https:\/\/grontkontor.dk\/sv\/shop\/\"},{\"@type\":\"ListItem\",\"position\":3,\"name\":\"Produktserier\",\"item\":\"https:\/\/grontkontor.dk\/sv\/produkt-kategori\/produkt-serier-se\/\"},{\"@type\":\"ListItem\",\"position\":4,\"name\":\"Ektr\u00e4d\",\"item\":\"https:\/\/grontkontor.dk\/sv\/produkt-kategori\/produkt-serier-se\/ektrad\/\"},{\"@type\":\"ListItem\",\"position\":5,\"name\":\"Klimatv\u00e4nlig pizzabr\u00e4da i ek\"}]},{\"@type\":\"WebSite\",\"@id\":\"https:\/\/grontkontor.dk\/#website\",\"url\":\"https:\/\/grontkontor.dk\/\",\"name\":\"Gr\u00f8nt Kontor\",\"description\":\"Milj\u00f8venlige produkter til kontor og erhverv med fokus p\u00e5 b\u00e6redygtighed, design og fair trade.\",\"publisher\":{\"@id\":\"https:\/\/grontkontor.dk\/#organization\"},\"potentialAction\":[{\"@type\":\"SearchAction\",\"target\":{\"@type\":\"EntryPoint\",\"urlTemplate\":\"https:\/\/grontkontor.dk\/?s={search_term_string}\"},\"query-input\":\"required name=search_term_string\"}],\"inLanguage\":\"sv-SE\"},{\"@type\":\"Organization\",\"@id\":\"https:\/\/grontkontor.dk\/#organization\",\"name\":\"Gr\u00f8nt Kontor\",\"url\":\"https:\/\/grontkontor.dk\/\",\"logo\":{\"@type\":\"ImageObject\",\"inLanguage\":\"sv-SE\",\"@id\":\"https:\/\/grontkontor.dk\/#\/schema\/logo\/image\/\",\"url\":\"https:\/\/grontkontor.dk\/wp-content\/uploads\/2014\/02\/Logo_groent_kontor_300x80.png\",\"contentUrl\":\"https:\/\/grontkontor.dk\/wp-content\/uploads\/2014\/02\/Logo_groent_kontor_300x80.png\",\"width\":300,\"height\":80,\"caption\":\"Gr\u00f8nt Kontor\"},\"image\":{\"@id\":\"https:\/\/grontkontor.dk\/#\/schema\/logo\/image\/\"},\"sameAs\":[\"https:\/\/www.facebook.com\/grontkontor.dk\/\"]}]}<\/script>\n<!-- \/ Yoast SEO Premium plugin. -->","yoast_head_json":{"title":"Klimatv\u00e4nlig pizzabr\u00e4da i ek - Gr\u00f8nt Kontor","robots":{"index":"index","follow":"follow","max-snippet":"max-snippet:-1","max-image-preview":"max-image-preview:large","max-video-preview":"max-video-preview:-1"},"canonical":"https:\/\/grontkontor.dk\/sv\/shop\/klimatvaenlig-pizzabraeda-i-ek\/","og_locale":"sv_SE","og_type":"article","og_title":"Klimatv\u00e4nlig pizzabr\u00e4da i ek","og_description":"L\u00e4cker milj\u00f6v\u00e4nlig pizzabr\u00e4da tillverkad av svensk ek fr\u00e5n \u00f6verskottstr\u00e4 fr\u00e5n t.ex. m\u00f6belproduktion. Perfekt som f\u00f6retagspresent eller som en bra personalpresent. Pizzabr\u00e4dan \u00e4r okokt, men kan levereras med paraffinolja eller matolja om s\u00e5 \u00f6nskas. Kan best\u00e4llas med eller utan lasergravyr. M\u00e5tt: 38 cm i diameter. Best\u00e4ll ett of\u00f6rbindligt erbjudande p\u00e5 lasergravyr fr\u00e5n jens@grontkontor.dk.","og_url":"https:\/\/grontkontor.dk\/sv\/shop\/klimatvaenlig-pizzabraeda-i-ek\/","og_site_name":"Gr\u00f8nt Kontor","article_publisher":"https:\/\/www.facebook.com\/grontkontor.dk\/","twitter_card":"summary_large_image","schema":{"@context":"https:\/\/schema.org","@graph":[{"@type":"WebPage","@id":"https:\/\/grontkontor.dk\/sv\/shop\/klimatvaenlig-pizzabraeda-i-ek\/","url":"https:\/\/grontkontor.dk\/sv\/shop\/klimatvaenlig-pizzabraeda-i-ek\/","name":"Klimatv\u00e4nlig pizzabr\u00e4da i ek - Gr\u00f8nt Kontor","isPartOf":{"@id":"https:\/\/grontkontor.dk\/#website"},"datePublished":"2024-02-27T09:59:06+00:00","dateModified":"2024-02-27T09:59:06+00:00","breadcrumb":{"@id":"https:\/\/grontkontor.dk\/sv\/shop\/klimatvaenlig-pizzabraeda-i-ek\/#breadcrumb"},"inLanguage":"sv-SE","potentialAction":[{"@type":"ReadAction","target":["https:\/\/grontkontor.dk\/sv\/shop\/klimatvaenlig-pizzabraeda-i-ek\/"]}]},{"@type":"BreadcrumbList","@id":"https:\/\/grontkontor.dk\/sv\/shop\/klimatvaenlig-pizzabraeda-i-ek\/#breadcrumb","itemListElement":[{"@type":"ListItem","position":1,"name":"Forside","item":"https:\/\/grontkontor.dk\/"},{"@type":"ListItem","position":2,"name":"Shop","item":"https:\/\/grontkontor.dk\/sv\/shop\/"},{"@type":"ListItem","position":3,"name":"Produktserier","item":"https:\/\/grontkontor.dk\/sv\/produkt-kategori\/produkt-serier-se\/"},{"@type":"ListItem","position":4,"name":"Ektr\u00e4d","item":"https:\/\/grontkontor.dk\/sv\/produkt-kategori\/produkt-serier-se\/ektrad\/"},{"@type":"ListItem","position":5,"name":"Klimatv\u00e4nlig pizzabr\u00e4da i ek"}]},{"@type":"WebSite","@id":"https:\/\/grontkontor.dk\/#website","url":"https:\/\/grontkontor.dk\/","name":"Gr\u00f8nt Kontor","description":"Milj\u00f8venlige produkter til kontor og erhverv med fokus p\u00e5 b\u00e6redygtighed, design og fair trade.","publisher":{"@id":"https:\/\/grontkontor.dk\/#organization"},"potentialAction":[{"@type":"SearchAction","target":{"@type":"EntryPoint","urlTemplate":"https:\/\/grontkontor.dk\/?s={search_term_string}"},"query-input":"required name=search_term_string"}],"inLanguage":"sv-SE"},{"@type":"Organization","@id":"https:\/\/grontkontor.dk\/#organization","name":"Gr\u00f8nt Kontor","url":"https:\/\/grontkontor.dk\/","logo":{"@type":"ImageObject","inLanguage":"sv-SE","@id":"https:\/\/grontkontor.dk\/#\/schema\/logo\/image\/","url":"https:\/\/grontkontor.dk\/wp-content\/uploads\/2014\/02\/Logo_groent_kontor_300x80.png","contentUrl":"https:\/\/grontkontor.dk\/wp-content\/uploads\/2014\/02\/Logo_groent_kontor_300x80.png","width":300,"height":80,"caption":"Gr\u00f8nt Kontor"},"image":{"@id":"https:\/\/grontkontor.dk\/#\/schema\/logo\/image\/"},"sameAs":["https:\/\/www.facebook.com\/grontkontor.dk\/"]}]}},"_links":{"self":[{"href":"https:\/\/grontkontor.dk\/sv\/wp-json\/wp\/v2\/product\/81683"}],"collection":[{"href":"https:\/\/grontkontor.dk\/sv\/wp-json\/wp\/v2\/product"}],"about":[{"href":"https:\/\/grontkontor.dk\/sv\/wp-json\/wp\/v2\/types\/product"}],"replies":[{"embeddable":true,"href":"https:\/\/grontkontor.dk\/sv\/wp-json\/wp\/v2\/comments?post=81683"}],"wp:featuredmedia":[{"embeddable":true,"href":"https:\/\/grontkontor.dk\/sv\/wp-json\/wp\/v2\/media\/35924"}],"wp:attachment":[{"href":"https:\/\/grontkontor.dk\/sv\/wp-json\/wp\/v2\/media?parent=81683"}],"wp:term":[{"taxonomy":"product_cat","embeddable":true,"href":"https:\/\/grontkontor.dk\/sv\/wp-json\/wp\/v2\/product_cat?post=81683"},{"taxonomy":"product_tag","embeddable":true,"href":"https:\/\/grontkontor.dk\/sv\/wp-json\/wp\/v2\/product_tag?post=81683"}],"curies":[{"name":"wp","href":"https:\/\/api.w.org\/{rel}","templated":true}]}}