{"id":81696,"date":"2023-09-22T13:51:41","date_gmt":"2024-02-27T10:07:50","guid":{"rendered":"https:\/\/grontkontor.dk\/shop\/kompakt-hoej-och-saenkbart-skrivbord-i-100-bambu\/"},"modified":"2024-02-27T11:07:50","modified_gmt":"2024-02-27T10:07:50","slug":"kompakt-hoej-och-saenkbart-skrivbord-i-100-bambu","status":"publish","type":"product","link":"https:\/\/grontkontor.dk\/sv\/shop\/kompakt-hoej-och-saenkbart-skrivbord-i-100-bambu\/","title":{"rendered":"Kompakt h\u00f6j- och s\u00e4nkbart skrivbord i 100% bambu"},"content":{"rendered":"<p>Vackert danskt designat och danskproducerat ergonomiskt h\u00f6j- och s\u00e4nkbart skrivbord i bambu. Bordet \u00e4r ytbehandlat med olja, som \u00e4r tillverkat av naturmaterial och livsmedelsgodk\u00e4nt.<\/p>\n<p>Det h\u00f6j- och s\u00e4nkbara skrivbordet \u00e4r producerat av utsatta ungdomar som tidigare har befunnit sig i utkanten av arbetsmarknaden.<\/p>\n<p>Denna modell \u00e4r f\u00f6r dig som i f\u00f6rsta hand arbetar p\u00e5 en b\u00e4rbar enhet utan extra sk\u00e4rm. Den kan anv\u00e4ndas b\u00e5de med och utan tangentbord och mus, och \u00e4r riktigt bra f\u00f6r b\u00e5de st\u00e5ende och sittande arbetsst\u00e4llningar.<\/p>\n<p>Bambu \u00e4r ett fantastiskt material n\u00e4r det kommer till h\u00e5llbarhet. Den en av de mest snabbv\u00e4xande plantor i v\u00e4rlden, vilket betyder en snabb \u00e5terv\u00e4xt efter sk\u00f6rd. Bambu fungerar, precis som andra naturprodukter, som ett CO2 dep\u00e5 under hela sin livstid och odlas utan pesticider och konstg\u00f6dsel.  FSC certificeringen s\u00e4krar \u00e5terplantering av skog, beskyddar djur- och v\u00e4xtliv\noch s\u00e4krar goda l\u00f6n- och arbetsf\u00f6rh\u00e5llanden. <\/p>\n<p>&nbsp;<\/p>\n<p><a href=\"https:\/\/ic.fsc.org\/en\/\" target=\"window\"><img loading=\"lazy\" decoding=\"async\" class=\"size-full wp-image-12735\" src=\"https:\/\/grontkontor.dk\/wp-content\/uploads\/2019\/04\/fsc-certificeret.png\" \n\t\t alt=\"FSC-certificeret\" title=\"FSC-certificeret\" width=\"44\" height=\"51\" border=0\/><\/a> <img loading=\"lazy\" decoding=\"async\" class=\"size-medium wp-image-21008\" src=\"https:\/\/grontkontor.dk\/wp-content\/uploads\/2020\/11\/eu-flag_1-300x199.jpg\" alt=\"Fremstillet i EU\" width=\"76\" height=\"50\" srcset=\"https:\/\/grontkontor.dk\/wp-content\/uploads\/2020\/11\/eu-flag_1-300x199.jpg 300w, https:\/\/grontkontor.dk\/wp-content\/uploads\/2020\/11\/eu-flag_1.jpg 530w\" sizes=\"(max-width: 76px) 100vw, 76px\" \/> <img loading=\"lazy\" decoding=\"async\" src=\"https:\/\/grontkontor.dk\/wp-content\/uploads\/2022\/04\/fremstillet-i-danmark.jpg\" alt=\"Fremstillet i dk danmark\" width=\"66\" height=\"50\" class=\"size-full wp-image-35747\" \/><\/p>\n<p>&nbsp;<\/p>\n","protected":false},"excerpt":{"rendered":"<p>Vackert danskt designat och danskproducerat ergonomiskt h\u00f6j- och s\u00e4nkbart skrivbord i bambu. Bordet \u00e4r ytbehandlat med olja, som \u00e4r tillverkat av naturmaterial och livsmedelsgodk\u00e4nt. Det h\u00f6j- och s\u00e4nkbara skrivbordet \u00e4r producerat av utsatta ungdomar som tidigare har befunnit sig i utkanten av arbetsmarknaden. Denna modell \u00e4r f\u00f6r dig som i f\u00f6rsta hand arbetar p\u00e5 en [&hellip;]<\/p>\n","protected":false},"featured_media":35807,"comment_status":"closed","ping_status":"closed","template":"","meta":{"_acf_changed":false},"product_cat":[2673,2394],"product_tag":[2977,2976],"class_list":{"0":"post-81696","1":"product","2":"type-product","3":"status-publish","4":"has-post-thumbnail","6":"product_cat-tabeller","7":"product_cat-nyheter","8":"product_tag-hoej-och-saenkbart-skrivbord","9":"product_tag-moebler-sv","10":"tm-no-options","12":"first","13":"instock","14":"taxable","15":"shipping-taxable","16":"product-type-variable"},"acf":[],"yoast_head":"<!-- This site is optimized with the Yoast SEO Premium plugin v21.2 (Yoast SEO v21.2) - https:\/\/yoast.com\/wordpress\/plugins\/seo\/ -->\n<title>Kompakt h\u00f6j- och s\u00e4nkbart skrivbord i 100% bambu - Gr\u00f8nt Kontor<\/title>\n<meta name=\"robots\" content=\"index, follow, max-snippet:-1, max-image-preview:large, max-video-preview:-1\" \/>\n<link rel=\"canonical\" href=\"https:\/\/grontkontor.dk\/sv\/shop\/kompakt-hoej-och-saenkbart-skrivbord-i-100-bambu\/\" \/>\n<meta property=\"og:locale\" content=\"sv_SE\" \/>\n<meta property=\"og:type\" content=\"article\" \/>\n<meta property=\"og:title\" content=\"Kompakt h\u00f6j- och s\u00e4nkbart skrivbord i 100% bambu\" \/>\n<meta property=\"og:description\" content=\"Vackert danskt designat och danskproducerat ergonomiskt h\u00f6j- och s\u00e4nkbart skrivbord i bambu. Bordet \u00e4r ytbehandlat med olja, som \u00e4r tillverkat av naturmaterial och livsmedelsgodk\u00e4nt. Det h\u00f6j- och s\u00e4nkbara skrivbordet \u00e4r producerat av utsatta ungdomar som tidigare har befunnit sig i utkanten av arbetsmarknaden. Denna modell \u00e4r f\u00f6r dig som i f\u00f6rsta hand arbetar p\u00e5 en [&hellip;]\" \/>\n<meta property=\"og:url\" content=\"https:\/\/grontkontor.dk\/sv\/shop\/kompakt-hoej-och-saenkbart-skrivbord-i-100-bambu\/\" \/>\n<meta property=\"og:site_name\" content=\"Gr\u00f8nt Kontor\" \/>\n<meta property=\"article:publisher\" content=\"https:\/\/www.facebook.com\/grontkontor.dk\/\" \/>\n<meta property=\"og:image\" content=\"https:\/\/grontkontor.dk\/wp-content\/uploads\/2022\/04\/haeve-saenke-bord-lille-stander-bambus-moerk-1.jpg\" \/>\n\t<meta property=\"og:image:width\" content=\"900\" \/>\n\t<meta property=\"og:image:height\" content=\"639\" \/>\n\t<meta property=\"og:image:type\" content=\"image\/jpeg\" \/>\n<meta name=\"twitter:card\" content=\"summary_large_image\" \/>\n<meta name=\"twitter:label1\" content=\"Ber\u00e4knad l\u00e4stid\" \/>\n\t<meta name=\"twitter:data1\" content=\"1 minut\" \/>\n<script type=\"application\/ld+json\" class=\"yoast-schema-graph\">{\"@context\":\"https:\/\/schema.org\",\"@graph\":[{\"@type\":\"WebPage\",\"@id\":\"https:\/\/grontkontor.dk\/sv\/shop\/kompakt-hoej-och-saenkbart-skrivbord-i-100-bambu\/\",\"url\":\"https:\/\/grontkontor.dk\/sv\/shop\/kompakt-hoej-och-saenkbart-skrivbord-i-100-bambu\/\",\"name\":\"Kompakt h\u00f6j- och s\u00e4nkbart skrivbord i 100% bambu - Gr\u00f8nt Kontor\",\"isPartOf\":{\"@id\":\"https:\/\/grontkontor.dk\/#website\"},\"datePublished\":\"2024-02-27T10:07:50+00:00\",\"dateModified\":\"2024-02-27T10:07:50+00:00\",\"breadcrumb\":{\"@id\":\"https:\/\/grontkontor.dk\/sv\/shop\/kompakt-hoej-och-saenkbart-skrivbord-i-100-bambu\/#breadcrumb\"},\"inLanguage\":\"sv-SE\",\"potentialAction\":[{\"@type\":\"ReadAction\",\"target\":[\"https:\/\/grontkontor.dk\/sv\/shop\/kompakt-hoej-och-saenkbart-skrivbord-i-100-bambu\/\"]}]},{\"@type\":\"BreadcrumbList\",\"@id\":\"https:\/\/grontkontor.dk\/sv\/shop\/kompakt-hoej-och-saenkbart-skrivbord-i-100-bambu\/#breadcrumb\",\"itemListElement\":[{\"@type\":\"ListItem\",\"position\":1,\"name\":\"Forside\",\"item\":\"https:\/\/grontkontor.dk\/\"},{\"@type\":\"ListItem\",\"position\":2,\"name\":\"Shop\",\"item\":\"https:\/\/grontkontor.dk\/sv\/shop\/\"},{\"@type\":\"ListItem\",\"position\":3,\"name\":\"M\u00f8bler og inventar\",\"item\":\"https:\/\/grontkontor.dk\/produkt-kategori\/mobler-og-inventar\/\"},{\"@type\":\"ListItem\",\"position\":4,\"name\":\"Borde\",\"item\":\"https:\/\/grontkontor.dk\/produkt-kategori\/mobler-og-inventar\/borde\/\"},{\"@type\":\"ListItem\",\"position\":5,\"name\":\"Kompakt h\u00f6j- och s\u00e4nkbart skrivbord i 100% bambu\"}]},{\"@type\":\"WebSite\",\"@id\":\"https:\/\/grontkontor.dk\/#website\",\"url\":\"https:\/\/grontkontor.dk\/\",\"name\":\"Gr\u00f8nt Kontor\",\"description\":\"Milj\u00f8venlige produkter til kontor og erhverv med fokus p\u00e5 b\u00e6redygtighed, design og fair trade.\",\"publisher\":{\"@id\":\"https:\/\/grontkontor.dk\/#organization\"},\"potentialAction\":[{\"@type\":\"SearchAction\",\"target\":{\"@type\":\"EntryPoint\",\"urlTemplate\":\"https:\/\/grontkontor.dk\/?s={search_term_string}\"},\"query-input\":\"required name=search_term_string\"}],\"inLanguage\":\"sv-SE\"},{\"@type\":\"Organization\",\"@id\":\"https:\/\/grontkontor.dk\/#organization\",\"name\":\"Gr\u00f8nt Kontor\",\"url\":\"https:\/\/grontkontor.dk\/\",\"logo\":{\"@type\":\"ImageObject\",\"inLanguage\":\"sv-SE\",\"@id\":\"https:\/\/grontkontor.dk\/#\/schema\/logo\/image\/\",\"url\":\"https:\/\/grontkontor.dk\/wp-content\/uploads\/2014\/02\/Logo_groent_kontor_300x80.png\",\"contentUrl\":\"https:\/\/grontkontor.dk\/wp-content\/uploads\/2014\/02\/Logo_groent_kontor_300x80.png\",\"width\":300,\"height\":80,\"caption\":\"Gr\u00f8nt Kontor\"},\"image\":{\"@id\":\"https:\/\/grontkontor.dk\/#\/schema\/logo\/image\/\"},\"sameAs\":[\"https:\/\/www.facebook.com\/grontkontor.dk\/\"]}]}<\/script>\n<!-- \/ Yoast SEO Premium plugin. -->","yoast_head_json":{"title":"Kompakt h\u00f6j- och s\u00e4nkbart skrivbord i 100% bambu - Gr\u00f8nt Kontor","robots":{"index":"index","follow":"follow","max-snippet":"max-snippet:-1","max-image-preview":"max-image-preview:large","max-video-preview":"max-video-preview:-1"},"canonical":"https:\/\/grontkontor.dk\/sv\/shop\/kompakt-hoej-och-saenkbart-skrivbord-i-100-bambu\/","og_locale":"sv_SE","og_type":"article","og_title":"Kompakt h\u00f6j- och s\u00e4nkbart skrivbord i 100% bambu","og_description":"Vackert danskt designat och danskproducerat ergonomiskt h\u00f6j- och s\u00e4nkbart skrivbord i bambu. Bordet \u00e4r ytbehandlat med olja, som \u00e4r tillverkat av naturmaterial och livsmedelsgodk\u00e4nt. Det h\u00f6j- och s\u00e4nkbara skrivbordet \u00e4r producerat av utsatta ungdomar som tidigare har befunnit sig i utkanten av arbetsmarknaden. Denna modell \u00e4r f\u00f6r dig som i f\u00f6rsta hand arbetar p\u00e5 en [&hellip;]","og_url":"https:\/\/grontkontor.dk\/sv\/shop\/kompakt-hoej-och-saenkbart-skrivbord-i-100-bambu\/","og_site_name":"Gr\u00f8nt Kontor","article_publisher":"https:\/\/www.facebook.com\/grontkontor.dk\/","og_image":[{"width":900,"height":639,"url":"https:\/\/grontkontor.dk\/wp-content\/uploads\/2022\/04\/haeve-saenke-bord-lille-stander-bambus-moerk-1.jpg","type":"image\/jpeg"}],"twitter_card":"summary_large_image","twitter_misc":{"Ber\u00e4knad l\u00e4stid":"1 minut"},"schema":{"@context":"https:\/\/schema.org","@graph":[{"@type":"WebPage","@id":"https:\/\/grontkontor.dk\/sv\/shop\/kompakt-hoej-och-saenkbart-skrivbord-i-100-bambu\/","url":"https:\/\/grontkontor.dk\/sv\/shop\/kompakt-hoej-och-saenkbart-skrivbord-i-100-bambu\/","name":"Kompakt h\u00f6j- och s\u00e4nkbart skrivbord i 100% bambu - Gr\u00f8nt Kontor","isPartOf":{"@id":"https:\/\/grontkontor.dk\/#website"},"datePublished":"2024-02-27T10:07:50+00:00","dateModified":"2024-02-27T10:07:50+00:00","breadcrumb":{"@id":"https:\/\/grontkontor.dk\/sv\/shop\/kompakt-hoej-och-saenkbart-skrivbord-i-100-bambu\/#breadcrumb"},"inLanguage":"sv-SE","potentialAction":[{"@type":"ReadAction","target":["https:\/\/grontkontor.dk\/sv\/shop\/kompakt-hoej-och-saenkbart-skrivbord-i-100-bambu\/"]}]},{"@type":"BreadcrumbList","@id":"https:\/\/grontkontor.dk\/sv\/shop\/kompakt-hoej-och-saenkbart-skrivbord-i-100-bambu\/#breadcrumb","itemListElement":[{"@type":"ListItem","position":1,"name":"Forside","item":"https:\/\/grontkontor.dk\/"},{"@type":"ListItem","position":2,"name":"Shop","item":"https:\/\/grontkontor.dk\/sv\/shop\/"},{"@type":"ListItem","position":3,"name":"M\u00f8bler og inventar","item":"https:\/\/grontkontor.dk\/produkt-kategori\/mobler-og-inventar\/"},{"@type":"ListItem","position":4,"name":"Borde","item":"https:\/\/grontkontor.dk\/produkt-kategori\/mobler-og-inventar\/borde\/"},{"@type":"ListItem","position":5,"name":"Kompakt h\u00f6j- och s\u00e4nkbart skrivbord i 100% bambu"}]},{"@type":"WebSite","@id":"https:\/\/grontkontor.dk\/#website","url":"https:\/\/grontkontor.dk\/","name":"Gr\u00f8nt Kontor","description":"Milj\u00f8venlige produkter til kontor og erhverv med fokus p\u00e5 b\u00e6redygtighed, design og fair trade.","publisher":{"@id":"https:\/\/grontkontor.dk\/#organization"},"potentialAction":[{"@type":"SearchAction","target":{"@type":"EntryPoint","urlTemplate":"https:\/\/grontkontor.dk\/?s={search_term_string}"},"query-input":"required name=search_term_string"}],"inLanguage":"sv-SE"},{"@type":"Organization","@id":"https:\/\/grontkontor.dk\/#organization","name":"Gr\u00f8nt Kontor","url":"https:\/\/grontkontor.dk\/","logo":{"@type":"ImageObject","inLanguage":"sv-SE","@id":"https:\/\/grontkontor.dk\/#\/schema\/logo\/image\/","url":"https:\/\/grontkontor.dk\/wp-content\/uploads\/2014\/02\/Logo_groent_kontor_300x80.png","contentUrl":"https:\/\/grontkontor.dk\/wp-content\/uploads\/2014\/02\/Logo_groent_kontor_300x80.png","width":300,"height":80,"caption":"Gr\u00f8nt Kontor"},"image":{"@id":"https:\/\/grontkontor.dk\/#\/schema\/logo\/image\/"},"sameAs":["https:\/\/www.facebook.com\/grontkontor.dk\/"]}]}},"_links":{"self":[{"href":"https:\/\/grontkontor.dk\/sv\/wp-json\/wp\/v2\/product\/81696"}],"collection":[{"href":"https:\/\/grontkontor.dk\/sv\/wp-json\/wp\/v2\/product"}],"about":[{"href":"https:\/\/grontkontor.dk\/sv\/wp-json\/wp\/v2\/types\/product"}],"replies":[{"embeddable":true,"href":"https:\/\/grontkontor.dk\/sv\/wp-json\/wp\/v2\/comments?post=81696"}],"wp:featuredmedia":[{"embeddable":true,"href":"https:\/\/grontkontor.dk\/sv\/wp-json\/wp\/v2\/media\/35807"}],"wp:attachment":[{"href":"https:\/\/grontkontor.dk\/sv\/wp-json\/wp\/v2\/media?parent=81696"}],"wp:term":[{"taxonomy":"product_cat","embeddable":true,"href":"https:\/\/grontkontor.dk\/sv\/wp-json\/wp\/v2\/product_cat?post=81696"},{"taxonomy":"product_tag","embeddable":true,"href":"https:\/\/grontkontor.dk\/sv\/wp-json\/wp\/v2\/product_tag?post=81696"}],"curies":[{"name":"wp","href":"https:\/\/api.w.org\/{rel}","templated":true}]}}