{"id":81706,"date":"2023-09-22T13:51:22","date_gmt":"2024-02-27T10:13:17","guid":{"rendered":"https:\/\/grontkontor.dk\/shop\/klimatvaenlig-vattenflaska-med-fullfaergstryck\/"},"modified":"2024-02-27T11:13:17","modified_gmt":"2024-02-27T10:13:17","slug":"klimatvaenlig-vattenflaska-med-fullfaergstryck","status":"publish","type":"product","link":"https:\/\/grontkontor.dk\/sv\/shop\/klimatvaenlig-vattenflaska-med-fullfaergstryck\/","title":{"rendered":"Klimatv\u00e4nlig vattenflaska med fullf\u00e4rgstryck"},"content":{"rendered":"<p>Klassisk och enkel vattenflaska i glas med m\u00f6jlighet till fullf\u00e4rgstryck (sublimeringstryck). Flaskan levereras med en skruvkapsyl i rostfritt st\u00e5l<\/p>\n<p>En klimat- och milj\u00f6v\u00e4nlig flaska perfekt f\u00f6r en f\u00f6retagsg\u00e5va eller giveaway p\u00e5 m\u00e4ssa och event.<\/p>\n<p>L\u00e4mplig f\u00f6r diskmaskin.<br \/>\nVattenflaskan \u00e4r godk\u00e4nt till kontakt med livsmedel och 100% BPA fritt.<\/p>\n<p>Inneh\u00e5ll: 500 ml.<\/p>\n<p>Glas \u00e4r ett h\u00e5llbart \u00e5teranv\u00e4ndbart material, som \u00e4r framst\u00e4llt av sand eller \u00e5tervunnet glasavfall. Det g\u00e5r \u00e5t stora m\u00e4ngder energi b\u00e5de vid tillv\u00e4rkning och \u00e5tervinning, s\u00e5 graden av h\u00e5llbarhet \u00e4r beroende av energik\u00e4llan i tillv\u00e4rkningsprocessen. Glas f\u00f6rorenar inte vid bortskaffning.  St\u00e5l\/j\u00e4rn er en \u00e5teranv\u00e4ndbar och praktiskt taget obegr\u00e4nsad resurs som inte f\u00f6rorenar vid kassering. St\u00e5l kan \u00e5tervinnas i det o\u00e4ndliga, vilket sker i s\u00e5 stor utstr\u00e4ckning att absolut st\u00f6rsta delen av allt st\u00e5l p\u00e5 marknaden, i huvudsak, best\u00e5r av \u00e5tervunnen st\u00e5l. <\/p>\n<p>&nbsp;<\/p>\n","protected":false},"excerpt":{"rendered":"<p>Klassisk och enkel vattenflaska i glas med m\u00f6jlighet till fullf\u00e4rgstryck (sublimeringstryck). Flaskan levereras med en skruvkapsyl i rostfritt st\u00e5l En klimat- och milj\u00f6v\u00e4nlig flaska perfekt f\u00f6r en f\u00f6retagsg\u00e5va eller giveaway p\u00e5 m\u00e4ssa och event. L\u00e4mplig f\u00f6r diskmaskin. Vattenflaskan \u00e4r . Inneh\u00e5ll: 500 ml. &nbsp;<\/p>\n","protected":false},"featured_media":34380,"comment_status":"closed","ping_status":"closed","template":"","meta":{"_acf_changed":false},"product_cat":[4399,2123,2233,2394,2003],"product_tag":[2960,1898,1897,2961],"class_list":{"0":"post-81706","1":"product","2":"type-product","3":"status-publish","4":"has-post-thumbnail","6":"product_cat-termoser-och-vattenflaskor","7":"product_cat-dummy-moq-50-100-sv","8":"product_cat-mat-och-dryck","9":"product_cat-nyheter","10":"product_cat-drikkedunke-og-termoflasker-sv","11":"product_tag-dricksflaskor","12":"product_tag-vandflaske-sv","13":"product_tag-drikkedunk-sv","14":"product_tag-vattenflaskor","15":"tm-has-options","17":"first","18":"instock","19":"sale","20":"taxable","21":"shipping-taxable","22":"purchasable","23":"product-type-simple"},"acf":[],"yoast_head":"<!-- This site is optimized with the Yoast SEO Premium plugin v21.2 (Yoast SEO v21.2) - https:\/\/yoast.com\/wordpress\/plugins\/seo\/ -->\n<title>Klimatv\u00e4nlig vattenflaska med fullf\u00e4rgstryck - Gr\u00f8nt Kontor<\/title>\n<meta name=\"robots\" content=\"index, follow, max-snippet:-1, max-image-preview:large, max-video-preview:-1\" \/>\n<link rel=\"canonical\" href=\"https:\/\/grontkontor.dk\/shop\/baeredygtig-vandflaske-i-glas-fuldfarvetryk\/\" \/>\n<meta property=\"og:locale\" content=\"sv_SE\" \/>\n<meta property=\"og:type\" content=\"article\" \/>\n<meta property=\"og:title\" content=\"Klimatv\u00e4nlig vattenflaska med fullf\u00e4rgstryck\" \/>\n<meta property=\"og:description\" content=\"Klassisk och enkel vattenflaska i glas med m\u00f6jlighet till fullf\u00e4rgstryck (sublimeringstryck). Flaskan levereras med en skruvkapsyl i rostfritt st\u00e5l En klimat- och milj\u00f6v\u00e4nlig flaska perfekt f\u00f6r en f\u00f6retagsg\u00e5va eller giveaway p\u00e5 m\u00e4ssa och event. L\u00e4mplig f\u00f6r diskmaskin. Vattenflaskan \u00e4r . Inneh\u00e5ll: 500 ml. &nbsp;\" \/>\n<meta property=\"og:url\" content=\"https:\/\/grontkontor.dk\/shop\/baeredygtig-vandflaske-i-glas-fuldfarvetryk\/\" \/>\n<meta property=\"og:site_name\" content=\"Gr\u00f8nt Kontor\" \/>\n<meta property=\"article:publisher\" content=\"https:\/\/www.facebook.com\/grontkontor.dk\/\" \/>\n<meta property=\"og:image\" content=\"https:\/\/grontkontor.dk\/wp-content\/uploads\/2022\/02\/glasflaske-med-laag-500ml-02.jpg\" \/>\n\t<meta property=\"og:image:width\" content=\"900\" \/>\n\t<meta property=\"og:image:height\" content=\"639\" \/>\n\t<meta property=\"og:image:type\" content=\"image\/jpeg\" \/>\n<meta name=\"twitter:card\" content=\"summary_large_image\" \/>\n<script type=\"application\/ld+json\" class=\"yoast-schema-graph\">{\"@context\":\"https:\/\/schema.org\",\"@graph\":[{\"@type\":\"WebPage\",\"@id\":\"https:\/\/grontkontor.dk\/shop\/baeredygtig-vandflaske-i-glas-fuldfarvetryk\/\",\"url\":\"https:\/\/grontkontor.dk\/shop\/baeredygtig-vandflaske-i-glas-fuldfarvetryk\/\",\"name\":\"Klimatv\u00e4nlig vattenflaska med fullf\u00e4rgstryck - Gr\u00f8nt Kontor\",\"isPartOf\":{\"@id\":\"https:\/\/grontkontor.dk\/#website\"},\"datePublished\":\"2024-02-27T10:13:17+00:00\",\"dateModified\":\"2024-02-27T10:13:17+00:00\",\"breadcrumb\":{\"@id\":\"https:\/\/grontkontor.dk\/shop\/baeredygtig-vandflaske-i-glas-fuldfarvetryk\/#breadcrumb\"},\"inLanguage\":\"sv-SE\",\"potentialAction\":[{\"@type\":\"ReadAction\",\"target\":[\"https:\/\/grontkontor.dk\/shop\/baeredygtig-vandflaske-i-glas-fuldfarvetryk\/\"]}]},{\"@type\":\"BreadcrumbList\",\"@id\":\"https:\/\/grontkontor.dk\/shop\/baeredygtig-vandflaske-i-glas-fuldfarvetryk\/#breadcrumb\",\"itemListElement\":[{\"@type\":\"ListItem\",\"position\":1,\"name\":\"Forside\",\"item\":\"https:\/\/grontkontor.dk\/\"},{\"@type\":\"ListItem\",\"position\":2,\"name\":\"Shop\",\"item\":\"https:\/\/grontkontor.dk\/sv\/shop\/\"},{\"@type\":\"ListItem\",\"position\":3,\"name\":\"Klimatsmarta f\u00f6retagspresenter\",\"item\":\"https:\/\/grontkontor.dk\/sv\/produkt-kategori\/miljovaenliga-foretagspresenter\/\"},{\"@type\":\"ListItem\",\"position\":4,\"name\":\"Termoser och vattenflaskor\",\"item\":\"https:\/\/grontkontor.dk\/sv\/produkt-kategori\/miljovaenliga-foretagspresenter\/termoser-och-vattenflaskor\/\"},{\"@type\":\"ListItem\",\"position\":5,\"name\":\"Klimatv\u00e4nlig vattenflaska med fullf\u00e4rgstryck\"}]},{\"@type\":\"WebSite\",\"@id\":\"https:\/\/grontkontor.dk\/#website\",\"url\":\"https:\/\/grontkontor.dk\/\",\"name\":\"Gr\u00f8nt Kontor\",\"description\":\"Milj\u00f8venlige produkter til kontor og erhverv med fokus p\u00e5 b\u00e6redygtighed, design og fair trade.\",\"publisher\":{\"@id\":\"https:\/\/grontkontor.dk\/#organization\"},\"potentialAction\":[{\"@type\":\"SearchAction\",\"target\":{\"@type\":\"EntryPoint\",\"urlTemplate\":\"https:\/\/grontkontor.dk\/?s={search_term_string}\"},\"query-input\":\"required name=search_term_string\"}],\"inLanguage\":\"sv-SE\"},{\"@type\":\"Organization\",\"@id\":\"https:\/\/grontkontor.dk\/#organization\",\"name\":\"Gr\u00f8nt Kontor\",\"url\":\"https:\/\/grontkontor.dk\/\",\"logo\":{\"@type\":\"ImageObject\",\"inLanguage\":\"sv-SE\",\"@id\":\"https:\/\/grontkontor.dk\/#\/schema\/logo\/image\/\",\"url\":\"https:\/\/grontkontor.dk\/wp-content\/uploads\/2014\/02\/Logo_groent_kontor_300x80.png\",\"contentUrl\":\"https:\/\/grontkontor.dk\/wp-content\/uploads\/2014\/02\/Logo_groent_kontor_300x80.png\",\"width\":300,\"height\":80,\"caption\":\"Gr\u00f8nt Kontor\"},\"image\":{\"@id\":\"https:\/\/grontkontor.dk\/#\/schema\/logo\/image\/\"},\"sameAs\":[\"https:\/\/www.facebook.com\/grontkontor.dk\/\"]}]}<\/script>\n<!-- \/ Yoast SEO Premium plugin. -->","yoast_head_json":{"title":"Klimatv\u00e4nlig vattenflaska med fullf\u00e4rgstryck - Gr\u00f8nt Kontor","robots":{"index":"index","follow":"follow","max-snippet":"max-snippet:-1","max-image-preview":"max-image-preview:large","max-video-preview":"max-video-preview:-1"},"canonical":"https:\/\/grontkontor.dk\/shop\/baeredygtig-vandflaske-i-glas-fuldfarvetryk\/","og_locale":"sv_SE","og_type":"article","og_title":"Klimatv\u00e4nlig vattenflaska med fullf\u00e4rgstryck","og_description":"Klassisk och enkel vattenflaska i glas med m\u00f6jlighet till fullf\u00e4rgstryck (sublimeringstryck). Flaskan levereras med en skruvkapsyl i rostfritt st\u00e5l En klimat- och milj\u00f6v\u00e4nlig flaska perfekt f\u00f6r en f\u00f6retagsg\u00e5va eller giveaway p\u00e5 m\u00e4ssa och event. L\u00e4mplig f\u00f6r diskmaskin. Vattenflaskan \u00e4r . Inneh\u00e5ll: 500 ml. &nbsp;","og_url":"https:\/\/grontkontor.dk\/shop\/baeredygtig-vandflaske-i-glas-fuldfarvetryk\/","og_site_name":"Gr\u00f8nt Kontor","article_publisher":"https:\/\/www.facebook.com\/grontkontor.dk\/","og_image":[{"width":900,"height":639,"url":"https:\/\/grontkontor.dk\/wp-content\/uploads\/2022\/02\/glasflaske-med-laag-500ml-02.jpg","type":"image\/jpeg"}],"twitter_card":"summary_large_image","schema":{"@context":"https:\/\/schema.org","@graph":[{"@type":"WebPage","@id":"https:\/\/grontkontor.dk\/shop\/baeredygtig-vandflaske-i-glas-fuldfarvetryk\/","url":"https:\/\/grontkontor.dk\/shop\/baeredygtig-vandflaske-i-glas-fuldfarvetryk\/","name":"Klimatv\u00e4nlig vattenflaska med fullf\u00e4rgstryck - Gr\u00f8nt Kontor","isPartOf":{"@id":"https:\/\/grontkontor.dk\/#website"},"datePublished":"2024-02-27T10:13:17+00:00","dateModified":"2024-02-27T10:13:17+00:00","breadcrumb":{"@id":"https:\/\/grontkontor.dk\/shop\/baeredygtig-vandflaske-i-glas-fuldfarvetryk\/#breadcrumb"},"inLanguage":"sv-SE","potentialAction":[{"@type":"ReadAction","target":["https:\/\/grontkontor.dk\/shop\/baeredygtig-vandflaske-i-glas-fuldfarvetryk\/"]}]},{"@type":"BreadcrumbList","@id":"https:\/\/grontkontor.dk\/shop\/baeredygtig-vandflaske-i-glas-fuldfarvetryk\/#breadcrumb","itemListElement":[{"@type":"ListItem","position":1,"name":"Forside","item":"https:\/\/grontkontor.dk\/"},{"@type":"ListItem","position":2,"name":"Shop","item":"https:\/\/grontkontor.dk\/sv\/shop\/"},{"@type":"ListItem","position":3,"name":"Klimatsmarta f\u00f6retagspresenter","item":"https:\/\/grontkontor.dk\/sv\/produkt-kategori\/miljovaenliga-foretagspresenter\/"},{"@type":"ListItem","position":4,"name":"Termoser och vattenflaskor","item":"https:\/\/grontkontor.dk\/sv\/produkt-kategori\/miljovaenliga-foretagspresenter\/termoser-och-vattenflaskor\/"},{"@type":"ListItem","position":5,"name":"Klimatv\u00e4nlig vattenflaska med fullf\u00e4rgstryck"}]},{"@type":"WebSite","@id":"https:\/\/grontkontor.dk\/#website","url":"https:\/\/grontkontor.dk\/","name":"Gr\u00f8nt Kontor","description":"Milj\u00f8venlige produkter til kontor og erhverv med fokus p\u00e5 b\u00e6redygtighed, design og fair trade.","publisher":{"@id":"https:\/\/grontkontor.dk\/#organization"},"potentialAction":[{"@type":"SearchAction","target":{"@type":"EntryPoint","urlTemplate":"https:\/\/grontkontor.dk\/?s={search_term_string}"},"query-input":"required name=search_term_string"}],"inLanguage":"sv-SE"},{"@type":"Organization","@id":"https:\/\/grontkontor.dk\/#organization","name":"Gr\u00f8nt Kontor","url":"https:\/\/grontkontor.dk\/","logo":{"@type":"ImageObject","inLanguage":"sv-SE","@id":"https:\/\/grontkontor.dk\/#\/schema\/logo\/image\/","url":"https:\/\/grontkontor.dk\/wp-content\/uploads\/2014\/02\/Logo_groent_kontor_300x80.png","contentUrl":"https:\/\/grontkontor.dk\/wp-content\/uploads\/2014\/02\/Logo_groent_kontor_300x80.png","width":300,"height":80,"caption":"Gr\u00f8nt Kontor"},"image":{"@id":"https:\/\/grontkontor.dk\/#\/schema\/logo\/image\/"},"sameAs":["https:\/\/www.facebook.com\/grontkontor.dk\/"]}]}},"_links":{"self":[{"href":"https:\/\/grontkontor.dk\/sv\/wp-json\/wp\/v2\/product\/81706"}],"collection":[{"href":"https:\/\/grontkontor.dk\/sv\/wp-json\/wp\/v2\/product"}],"about":[{"href":"https:\/\/grontkontor.dk\/sv\/wp-json\/wp\/v2\/types\/product"}],"replies":[{"embeddable":true,"href":"https:\/\/grontkontor.dk\/sv\/wp-json\/wp\/v2\/comments?post=81706"}],"wp:featuredmedia":[{"embeddable":true,"href":"https:\/\/grontkontor.dk\/sv\/wp-json\/wp\/v2\/media\/34380"}],"wp:attachment":[{"href":"https:\/\/grontkontor.dk\/sv\/wp-json\/wp\/v2\/media?parent=81706"}],"wp:term":[{"taxonomy":"product_cat","embeddable":true,"href":"https:\/\/grontkontor.dk\/sv\/wp-json\/wp\/v2\/product_cat?post=81706"},{"taxonomy":"product_tag","embeddable":true,"href":"https:\/\/grontkontor.dk\/sv\/wp-json\/wp\/v2\/product_tag?post=81706"}],"curies":[{"name":"wp","href":"https:\/\/api.w.org\/{rel}","templated":true}]}}