{"id":81711,"date":"2023-09-22T13:51:07","date_gmt":"2024-02-27T10:38:11","guid":{"rendered":"https:\/\/grontkontor.dk\/shop\/klimatvaenlig-massagerulle-m-u-tryck\/"},"modified":"2024-02-27T11:38:11","modified_gmt":"2024-02-27T10:38:11","slug":"klimatvaenlig-massagerulle-m-u-tryck","status":"publish","type":"product","link":"https:\/\/grontkontor.dk\/sv\/shop\/klimatvaenlig-massagerulle-m-u-tryck\/","title":{"rendered":"Klimatv\u00e4nlig massagerulle m\/u tryck"},"content":{"rendered":"<p>H\u00e4rlig milj\u00f6v\u00e4nlig massagerulle i kork, l\u00e4mplig f\u00f6r tr\u00e4ningsrummet, eller som personalpresent\/f\u00f6retagspresent. Tr\u00e4ningsinstruktioner medf\u00f6ljer.<\/p>\nKork er et yderst klimavenlig, bionedbrydeligt og komposterbart naturmateriale, der stammer fra korkegen, der gror i hele middelhavsregionen. Kork er en hurtigt regenererende ressource der kan h\u00f8stes hvert \u00e5r p\u00e5 samme tr\u00e6, og er et materiale anbefalet af Verdensnaturfonden. Korkegeskove underst\u00f8tter et af de h\u00f8jeste niveauer af biodiversitet sammenlignet med andre skovtyper. \n<p>&nbsp;<\/p>\n","protected":false},"excerpt":{"rendered":"<p>H\u00e4rlig milj\u00f6v\u00e4nlig massagerulle i kork, l\u00e4mplig f\u00f6r tr\u00e4ningsrummet, eller som personalpresent\/f\u00f6retagspresent. Tr\u00e4ningsinstruktioner medf\u00f6ljer. &nbsp;<\/p>\n","protected":false},"featured_media":34912,"comment_status":"closed","ping_status":"closed","template":"","meta":{"_acf_changed":false},"product_cat":[2107,867,1868,2394,1854],"product_tag":[2980,2981],"class_list":{"0":"post-81711","1":"product","2":"type-product","3":"status-publish","4":"has-post-thumbnail","6":"product_cat-dummy-moq-1-sv","7":"product_cat-miljovaenliga-foretagspresenter","8":"product_cat-kork-produkter-se","9":"product_cat-nyheter","10":"product_cat-produkt-serier-se","11":"product_tag-fritid-sv","12":"product_tag-sport-sv","13":"tm-has-options","15":"first","16":"onbackorder","17":"sale","18":"taxable","19":"shipping-taxable","20":"purchasable","21":"product-type-simple"},"acf":[],"yoast_head":"<!-- This site is optimized with the Yoast SEO Premium plugin v21.2 (Yoast SEO v21.2) - https:\/\/yoast.com\/wordpress\/plugins\/seo\/ -->\n<title>Klimatv\u00e4nlig massagerulle m\/u tryck - Gr\u00f8nt Kontor<\/title>\n<meta name=\"robots\" content=\"index, follow, max-snippet:-1, max-image-preview:large, max-video-preview:-1\" \/>\n<link rel=\"canonical\" href=\"https:\/\/grontkontor.dk\/sv\/shop\/klimatvaenlig-massagerulle-m-u-tryck\/\" \/>\n<meta property=\"og:locale\" content=\"sv_SE\" \/>\n<meta property=\"og:type\" content=\"article\" \/>\n<meta property=\"og:title\" content=\"Klimatv\u00e4nlig massagerulle m\/u tryck\" \/>\n<meta property=\"og:description\" content=\"H\u00e4rlig milj\u00f6v\u00e4nlig massagerulle i kork, l\u00e4mplig f\u00f6r tr\u00e4ningsrummet, eller som personalpresent\/f\u00f6retagspresent. Tr\u00e4ningsinstruktioner medf\u00f6ljer. &nbsp;\" \/>\n<meta property=\"og:url\" content=\"https:\/\/grontkontor.dk\/sv\/shop\/klimatvaenlig-massagerulle-m-u-tryck\/\" \/>\n<meta property=\"og:site_name\" content=\"Gr\u00f8nt Kontor\" \/>\n<meta property=\"article:publisher\" content=\"https:\/\/www.facebook.com\/grontkontor.dk\/\" \/>\n<meta property=\"og:image\" content=\"https:\/\/grontkontor.dk\/wp-content\/uploads\/2022\/03\/massagerulle-kork.jpg\" \/>\n\t<meta property=\"og:image:width\" content=\"900\" \/>\n\t<meta property=\"og:image:height\" content=\"639\" \/>\n\t<meta property=\"og:image:type\" content=\"image\/jpeg\" \/>\n<meta name=\"twitter:card\" content=\"summary_large_image\" \/>\n<script type=\"application\/ld+json\" class=\"yoast-schema-graph\">{\"@context\":\"https:\/\/schema.org\",\"@graph\":[{\"@type\":\"WebPage\",\"@id\":\"https:\/\/grontkontor.dk\/sv\/shop\/klimatvaenlig-massagerulle-m-u-tryck\/\",\"url\":\"https:\/\/grontkontor.dk\/sv\/shop\/klimatvaenlig-massagerulle-m-u-tryck\/\",\"name\":\"Klimatv\u00e4nlig massagerulle m\/u tryck - Gr\u00f8nt Kontor\",\"isPartOf\":{\"@id\":\"https:\/\/grontkontor.dk\/#website\"},\"datePublished\":\"2024-02-27T10:38:11+00:00\",\"dateModified\":\"2024-02-27T10:38:11+00:00\",\"breadcrumb\":{\"@id\":\"https:\/\/grontkontor.dk\/sv\/shop\/klimatvaenlig-massagerulle-m-u-tryck\/#breadcrumb\"},\"inLanguage\":\"sv-SE\",\"potentialAction\":[{\"@type\":\"ReadAction\",\"target\":[\"https:\/\/grontkontor.dk\/sv\/shop\/klimatvaenlig-massagerulle-m-u-tryck\/\"]}]},{\"@type\":\"BreadcrumbList\",\"@id\":\"https:\/\/grontkontor.dk\/sv\/shop\/klimatvaenlig-massagerulle-m-u-tryck\/#breadcrumb\",\"itemListElement\":[{\"@type\":\"ListItem\",\"position\":1,\"name\":\"Forside\",\"item\":\"https:\/\/grontkontor.dk\/\"},{\"@type\":\"ListItem\",\"position\":2,\"name\":\"Shop\",\"item\":\"https:\/\/grontkontor.dk\/sv\/shop\/\"},{\"@type\":\"ListItem\",\"position\":3,\"name\":\"Produktserier\",\"item\":\"https:\/\/grontkontor.dk\/sv\/produkt-kategori\/produkt-serier-se\/\"},{\"@type\":\"ListItem\",\"position\":4,\"name\":\"Kork produkter\",\"item\":\"https:\/\/grontkontor.dk\/sv\/produkt-kategori\/produkt-serier-se\/kork-produkter-se\/\"},{\"@type\":\"ListItem\",\"position\":5,\"name\":\"Klimatv\u00e4nlig massagerulle m\/u tryck\"}]},{\"@type\":\"WebSite\",\"@id\":\"https:\/\/grontkontor.dk\/#website\",\"url\":\"https:\/\/grontkontor.dk\/\",\"name\":\"Gr\u00f8nt Kontor\",\"description\":\"Milj\u00f8venlige produkter til kontor og erhverv med fokus p\u00e5 b\u00e6redygtighed, design og fair trade.\",\"publisher\":{\"@id\":\"https:\/\/grontkontor.dk\/#organization\"},\"potentialAction\":[{\"@type\":\"SearchAction\",\"target\":{\"@type\":\"EntryPoint\",\"urlTemplate\":\"https:\/\/grontkontor.dk\/?s={search_term_string}\"},\"query-input\":\"required name=search_term_string\"}],\"inLanguage\":\"sv-SE\"},{\"@type\":\"Organization\",\"@id\":\"https:\/\/grontkontor.dk\/#organization\",\"name\":\"Gr\u00f8nt Kontor\",\"url\":\"https:\/\/grontkontor.dk\/\",\"logo\":{\"@type\":\"ImageObject\",\"inLanguage\":\"sv-SE\",\"@id\":\"https:\/\/grontkontor.dk\/#\/schema\/logo\/image\/\",\"url\":\"https:\/\/grontkontor.dk\/wp-content\/uploads\/2014\/02\/Logo_groent_kontor_300x80.png\",\"contentUrl\":\"https:\/\/grontkontor.dk\/wp-content\/uploads\/2014\/02\/Logo_groent_kontor_300x80.png\",\"width\":300,\"height\":80,\"caption\":\"Gr\u00f8nt Kontor\"},\"image\":{\"@id\":\"https:\/\/grontkontor.dk\/#\/schema\/logo\/image\/\"},\"sameAs\":[\"https:\/\/www.facebook.com\/grontkontor.dk\/\"]}]}<\/script>\n<!-- \/ Yoast SEO Premium plugin. -->","yoast_head_json":{"title":"Klimatv\u00e4nlig massagerulle m\/u tryck - Gr\u00f8nt Kontor","robots":{"index":"index","follow":"follow","max-snippet":"max-snippet:-1","max-image-preview":"max-image-preview:large","max-video-preview":"max-video-preview:-1"},"canonical":"https:\/\/grontkontor.dk\/sv\/shop\/klimatvaenlig-massagerulle-m-u-tryck\/","og_locale":"sv_SE","og_type":"article","og_title":"Klimatv\u00e4nlig massagerulle m\/u tryck","og_description":"H\u00e4rlig milj\u00f6v\u00e4nlig massagerulle i kork, l\u00e4mplig f\u00f6r tr\u00e4ningsrummet, eller som personalpresent\/f\u00f6retagspresent. Tr\u00e4ningsinstruktioner medf\u00f6ljer. &nbsp;","og_url":"https:\/\/grontkontor.dk\/sv\/shop\/klimatvaenlig-massagerulle-m-u-tryck\/","og_site_name":"Gr\u00f8nt Kontor","article_publisher":"https:\/\/www.facebook.com\/grontkontor.dk\/","og_image":[{"width":900,"height":639,"url":"https:\/\/grontkontor.dk\/wp-content\/uploads\/2022\/03\/massagerulle-kork.jpg","type":"image\/jpeg"}],"twitter_card":"summary_large_image","schema":{"@context":"https:\/\/schema.org","@graph":[{"@type":"WebPage","@id":"https:\/\/grontkontor.dk\/sv\/shop\/klimatvaenlig-massagerulle-m-u-tryck\/","url":"https:\/\/grontkontor.dk\/sv\/shop\/klimatvaenlig-massagerulle-m-u-tryck\/","name":"Klimatv\u00e4nlig massagerulle m\/u tryck - Gr\u00f8nt Kontor","isPartOf":{"@id":"https:\/\/grontkontor.dk\/#website"},"datePublished":"2024-02-27T10:38:11+00:00","dateModified":"2024-02-27T10:38:11+00:00","breadcrumb":{"@id":"https:\/\/grontkontor.dk\/sv\/shop\/klimatvaenlig-massagerulle-m-u-tryck\/#breadcrumb"},"inLanguage":"sv-SE","potentialAction":[{"@type":"ReadAction","target":["https:\/\/grontkontor.dk\/sv\/shop\/klimatvaenlig-massagerulle-m-u-tryck\/"]}]},{"@type":"BreadcrumbList","@id":"https:\/\/grontkontor.dk\/sv\/shop\/klimatvaenlig-massagerulle-m-u-tryck\/#breadcrumb","itemListElement":[{"@type":"ListItem","position":1,"name":"Forside","item":"https:\/\/grontkontor.dk\/"},{"@type":"ListItem","position":2,"name":"Shop","item":"https:\/\/grontkontor.dk\/sv\/shop\/"},{"@type":"ListItem","position":3,"name":"Produktserier","item":"https:\/\/grontkontor.dk\/sv\/produkt-kategori\/produkt-serier-se\/"},{"@type":"ListItem","position":4,"name":"Kork produkter","item":"https:\/\/grontkontor.dk\/sv\/produkt-kategori\/produkt-serier-se\/kork-produkter-se\/"},{"@type":"ListItem","position":5,"name":"Klimatv\u00e4nlig massagerulle m\/u tryck"}]},{"@type":"WebSite","@id":"https:\/\/grontkontor.dk\/#website","url":"https:\/\/grontkontor.dk\/","name":"Gr\u00f8nt Kontor","description":"Milj\u00f8venlige produkter til kontor og erhverv med fokus p\u00e5 b\u00e6redygtighed, design og fair trade.","publisher":{"@id":"https:\/\/grontkontor.dk\/#organization"},"potentialAction":[{"@type":"SearchAction","target":{"@type":"EntryPoint","urlTemplate":"https:\/\/grontkontor.dk\/?s={search_term_string}"},"query-input":"required name=search_term_string"}],"inLanguage":"sv-SE"},{"@type":"Organization","@id":"https:\/\/grontkontor.dk\/#organization","name":"Gr\u00f8nt Kontor","url":"https:\/\/grontkontor.dk\/","logo":{"@type":"ImageObject","inLanguage":"sv-SE","@id":"https:\/\/grontkontor.dk\/#\/schema\/logo\/image\/","url":"https:\/\/grontkontor.dk\/wp-content\/uploads\/2014\/02\/Logo_groent_kontor_300x80.png","contentUrl":"https:\/\/grontkontor.dk\/wp-content\/uploads\/2014\/02\/Logo_groent_kontor_300x80.png","width":300,"height":80,"caption":"Gr\u00f8nt Kontor"},"image":{"@id":"https:\/\/grontkontor.dk\/#\/schema\/logo\/image\/"},"sameAs":["https:\/\/www.facebook.com\/grontkontor.dk\/"]}]}},"_links":{"self":[{"href":"https:\/\/grontkontor.dk\/sv\/wp-json\/wp\/v2\/product\/81711"}],"collection":[{"href":"https:\/\/grontkontor.dk\/sv\/wp-json\/wp\/v2\/product"}],"about":[{"href":"https:\/\/grontkontor.dk\/sv\/wp-json\/wp\/v2\/types\/product"}],"replies":[{"embeddable":true,"href":"https:\/\/grontkontor.dk\/sv\/wp-json\/wp\/v2\/comments?post=81711"}],"wp:featuredmedia":[{"embeddable":true,"href":"https:\/\/grontkontor.dk\/sv\/wp-json\/wp\/v2\/media\/34912"}],"wp:attachment":[{"href":"https:\/\/grontkontor.dk\/sv\/wp-json\/wp\/v2\/media?parent=81711"}],"wp:term":[{"taxonomy":"product_cat","embeddable":true,"href":"https:\/\/grontkontor.dk\/sv\/wp-json\/wp\/v2\/product_cat?post=81711"},{"taxonomy":"product_tag","embeddable":true,"href":"https:\/\/grontkontor.dk\/sv\/wp-json\/wp\/v2\/product_tag?post=81711"}],"curies":[{"name":"wp","href":"https:\/\/api.w.org\/{rel}","templated":true}]}}