{"id":81713,"date":"2023-09-22T13:50:48","date_gmt":"2024-02-27T10:50:00","guid":{"rendered":"https:\/\/grontkontor.dk\/shop\/glasflaska-med-skruvkapsyl-785-ml-m-u-tryck\/"},"modified":"2024-02-27T11:50:00","modified_gmt":"2024-02-27T10:50:00","slug":"glasflaska-med-skruvkapsyl-785-ml-m-u-tryck","status":"publish","type":"product","link":"https:\/\/grontkontor.dk\/sv\/shop\/glasflaska-med-skruvkapsyl-785-ml-m-u-tryck\/","title":{"rendered":"Glasflaska med skruvkapsyl 785 ml m\/u tryck"},"content":{"rendered":"<p>Vattenflaska av glas med skruvlock i metall. Tillverkad i Europa med begr\u00e4nsad milj\u00f6p\u00e5verkan inom transport. Flaskan \u00e4r l\u00e4mplig f\u00f6r kalla drycker och f\u00f6rfriskningar och t\u00e5l maskindisk. Vi rekommenderar dock att du tv\u00e4ttar skruvkorken f\u00f6r hand. Vattenflaskan \u00e4r bra som utdelning p\u00e5 m\u00e4ssor och f\u00f6r anv\u00e4ndning vid evenemang. Flaskan \u00e4r godk\u00e4nt till kontakt med livsmedel och 100% BPA fritt.<\/p>\n<p>Best\u00e4ll flaskan med eller utan tryck. Levereras i rustik \u00e5tervunnen kartong.<\/p>\nGlas \u00e4r ett h\u00e5llbart \u00e5teranv\u00e4ndbart material, som \u00e4r framst\u00e4llt av sand eller \u00e5tervunnet glasavfall. Det g\u00e5r \u00e5t stora m\u00e4ngder energi b\u00e5de vid tillv\u00e4rkning och \u00e5tervinning, s\u00e5 graden av h\u00e5llbarhet \u00e4r beroende av energik\u00e4llan i tillv\u00e4rkningsprocessen. Glas f\u00f6rorenar inte vid bortskaffning. \n<p>&nbsp;<\/p>\n<p><img loading=\"lazy\" decoding=\"async\" class=\"size-medium wp-image-21008\" src=\"https:\/\/grontkontor.dk\/wp-content\/uploads\/2020\/11\/eu-flag_1-300x199.jpg\" alt=\"Fremstillet i EU\" width=\"76\" height=\"50\" srcset=\"https:\/\/grontkontor.dk\/wp-content\/uploads\/2020\/11\/eu-flag_1-300x199.jpg 300w, https:\/\/grontkontor.dk\/wp-content\/uploads\/2020\/11\/eu-flag_1.jpg 530w\" sizes=\"(max-width: 76px) 100vw, 76px\" \/>  <img loading=\"lazy\" decoding=\"async\" src=\"https:\/\/grontkontor.dk\/wp-content\/uploads\/2021\/02\/genbrug.jpg\" alt=\"Fremstillet af genbrugsmaterialer\" width=\"50\" height=\"50\" class=\"size-full wp-image-23031\" srcset=\"https:\/\/grontkontor.dk\/wp-content\/uploads\/2021\/02\/genbrug.jpg 199w, https:\/\/grontkontor.dk\/wp-content\/uploads\/2021\/02\/genbrug-100x100.jpg 100w\" sizes=\"(max-width: 50px) 100vw, 50px\" \/><\/p>\n","protected":false},"excerpt":{"rendered":"<p>Vattenflaska av glas med skruvlock i metall. Tillverkad i Europa med begr\u00e4nsad milj\u00f6p\u00e5verkan inom transport. Flaskan \u00e4r l\u00e4mplig f\u00f6r kalla drycker och f\u00f6rfriskningar och t\u00e5l maskindisk. Vi rekommenderar dock att du tv\u00e4ttar skruvkorken f\u00f6r hand. Vattenflaskan \u00e4r bra som utdelning p\u00e5 m\u00e4ssor och f\u00f6r anv\u00e4ndning vid evenemang. Flaskan \u00e4r . Best\u00e4ll flaskan med eller utan [&hellip;]<\/p>\n","protected":false},"featured_media":34670,"comment_status":"closed","ping_status":"closed","template":"","meta":{"_acf_changed":false},"product_cat":[4399,2107,2394,2003],"product_tag":[2960,2007,1898,1897,2961],"class_list":{"0":"post-81713","1":"product","2":"type-product","3":"status-publish","4":"has-post-thumbnail","6":"product_cat-termoser-och-vattenflaskor","7":"product_cat-dummy-moq-1-sv","8":"product_cat-nyheter","9":"product_cat-drikkedunke-og-termoflasker-sv","10":"product_tag-dricksflaskor","11":"product_tag-glasflaske-sv","12":"product_tag-vandflaske-sv","13":"product_tag-drikkedunk-sv","14":"product_tag-vattenflaskor","15":"tm-has-options","17":"first","18":"instock","19":"taxable","20":"shipping-taxable","21":"purchasable","22":"product-type-simple"},"acf":[],"yoast_head":"<!-- This site is optimized with the Yoast SEO Premium plugin v21.2 (Yoast SEO v21.2) - https:\/\/yoast.com\/wordpress\/plugins\/seo\/ -->\n<title>Glasflaska med skruvkapsyl 785 ml m\/u tryck - Gr\u00f8nt Kontor<\/title>\n<meta name=\"robots\" content=\"index, follow, max-snippet:-1, max-image-preview:large, max-video-preview:-1\" \/>\n<link rel=\"canonical\" href=\"https:\/\/grontkontor.dk\/shop\/glasflaske-med-skruelaag\/\" \/>\n<meta property=\"og:locale\" content=\"sv_SE\" \/>\n<meta property=\"og:type\" content=\"article\" \/>\n<meta property=\"og:title\" content=\"Glasflaska med skruvkapsyl 785 ml m\/u tryck\" \/>\n<meta property=\"og:description\" content=\"Vattenflaska av glas med skruvlock i metall. Tillverkad i Europa med begr\u00e4nsad milj\u00f6p\u00e5verkan inom transport. Flaskan \u00e4r l\u00e4mplig f\u00f6r kalla drycker och f\u00f6rfriskningar och t\u00e5l maskindisk. Vi rekommenderar dock att du tv\u00e4ttar skruvkorken f\u00f6r hand. Vattenflaskan \u00e4r bra som utdelning p\u00e5 m\u00e4ssor och f\u00f6r anv\u00e4ndning vid evenemang. Flaskan \u00e4r . Best\u00e4ll flaskan med eller utan [&hellip;]\" \/>\n<meta property=\"og:url\" content=\"https:\/\/grontkontor.dk\/shop\/glasflaske-med-skruelaag\/\" \/>\n<meta property=\"og:site_name\" content=\"Gr\u00f8nt Kontor\" \/>\n<meta property=\"article:publisher\" content=\"https:\/\/www.facebook.com\/grontkontor.dk\/\" \/>\n<meta property=\"og:image\" content=\"https:\/\/grontkontor.dk\/wp-content\/uploads\/2022\/03\/glasflaske-med-m-skruelaag-metal-785ml.jpg\" \/>\n\t<meta property=\"og:image:width\" content=\"900\" \/>\n\t<meta property=\"og:image:height\" content=\"639\" \/>\n\t<meta property=\"og:image:type\" content=\"image\/jpeg\" \/>\n<meta name=\"twitter:card\" content=\"summary_large_image\" \/>\n<script type=\"application\/ld+json\" class=\"yoast-schema-graph\">{\"@context\":\"https:\/\/schema.org\",\"@graph\":[{\"@type\":\"WebPage\",\"@id\":\"https:\/\/grontkontor.dk\/shop\/glasflaske-med-skruelaag\/\",\"url\":\"https:\/\/grontkontor.dk\/shop\/glasflaske-med-skruelaag\/\",\"name\":\"Glasflaska med skruvkapsyl 785 ml m\/u tryck - Gr\u00f8nt Kontor\",\"isPartOf\":{\"@id\":\"https:\/\/grontkontor.dk\/#website\"},\"datePublished\":\"2024-02-27T10:50:00+00:00\",\"dateModified\":\"2024-02-27T10:50:00+00:00\",\"breadcrumb\":{\"@id\":\"https:\/\/grontkontor.dk\/shop\/glasflaske-med-skruelaag\/#breadcrumb\"},\"inLanguage\":\"sv-SE\",\"potentialAction\":[{\"@type\":\"ReadAction\",\"target\":[\"https:\/\/grontkontor.dk\/shop\/glasflaske-med-skruelaag\/\"]}]},{\"@type\":\"BreadcrumbList\",\"@id\":\"https:\/\/grontkontor.dk\/shop\/glasflaske-med-skruelaag\/#breadcrumb\",\"itemListElement\":[{\"@type\":\"ListItem\",\"position\":1,\"name\":\"Forside\",\"item\":\"https:\/\/grontkontor.dk\/\"},{\"@type\":\"ListItem\",\"position\":2,\"name\":\"Shop\",\"item\":\"https:\/\/grontkontor.dk\/sv\/shop\/\"},{\"@type\":\"ListItem\",\"position\":3,\"name\":\"Klimatsmarta f\u00f6retagspresenter\",\"item\":\"https:\/\/grontkontor.dk\/sv\/produkt-kategori\/miljovaenliga-foretagspresenter\/\"},{\"@type\":\"ListItem\",\"position\":4,\"name\":\"Termoser och vattenflaskor\",\"item\":\"https:\/\/grontkontor.dk\/sv\/produkt-kategori\/miljovaenliga-foretagspresenter\/termoser-och-vattenflaskor\/\"},{\"@type\":\"ListItem\",\"position\":5,\"name\":\"Glasflaska med skruvkapsyl 785 ml m\/u tryck\"}]},{\"@type\":\"WebSite\",\"@id\":\"https:\/\/grontkontor.dk\/#website\",\"url\":\"https:\/\/grontkontor.dk\/\",\"name\":\"Gr\u00f8nt Kontor\",\"description\":\"Milj\u00f8venlige produkter til kontor og erhverv med fokus p\u00e5 b\u00e6redygtighed, design og fair trade.\",\"publisher\":{\"@id\":\"https:\/\/grontkontor.dk\/#organization\"},\"potentialAction\":[{\"@type\":\"SearchAction\",\"target\":{\"@type\":\"EntryPoint\",\"urlTemplate\":\"https:\/\/grontkontor.dk\/?s={search_term_string}\"},\"query-input\":\"required name=search_term_string\"}],\"inLanguage\":\"sv-SE\"},{\"@type\":\"Organization\",\"@id\":\"https:\/\/grontkontor.dk\/#organization\",\"name\":\"Gr\u00f8nt Kontor\",\"url\":\"https:\/\/grontkontor.dk\/\",\"logo\":{\"@type\":\"ImageObject\",\"inLanguage\":\"sv-SE\",\"@id\":\"https:\/\/grontkontor.dk\/#\/schema\/logo\/image\/\",\"url\":\"https:\/\/grontkontor.dk\/wp-content\/uploads\/2014\/02\/Logo_groent_kontor_300x80.png\",\"contentUrl\":\"https:\/\/grontkontor.dk\/wp-content\/uploads\/2014\/02\/Logo_groent_kontor_300x80.png\",\"width\":300,\"height\":80,\"caption\":\"Gr\u00f8nt Kontor\"},\"image\":{\"@id\":\"https:\/\/grontkontor.dk\/#\/schema\/logo\/image\/\"},\"sameAs\":[\"https:\/\/www.facebook.com\/grontkontor.dk\/\"]}]}<\/script>\n<!-- \/ Yoast SEO Premium plugin. -->","yoast_head_json":{"title":"Glasflaska med skruvkapsyl 785 ml m\/u tryck - Gr\u00f8nt Kontor","robots":{"index":"index","follow":"follow","max-snippet":"max-snippet:-1","max-image-preview":"max-image-preview:large","max-video-preview":"max-video-preview:-1"},"canonical":"https:\/\/grontkontor.dk\/shop\/glasflaske-med-skruelaag\/","og_locale":"sv_SE","og_type":"article","og_title":"Glasflaska med skruvkapsyl 785 ml m\/u tryck","og_description":"Vattenflaska av glas med skruvlock i metall. Tillverkad i Europa med begr\u00e4nsad milj\u00f6p\u00e5verkan inom transport. Flaskan \u00e4r l\u00e4mplig f\u00f6r kalla drycker och f\u00f6rfriskningar och t\u00e5l maskindisk. Vi rekommenderar dock att du tv\u00e4ttar skruvkorken f\u00f6r hand. Vattenflaskan \u00e4r bra som utdelning p\u00e5 m\u00e4ssor och f\u00f6r anv\u00e4ndning vid evenemang. Flaskan \u00e4r . Best\u00e4ll flaskan med eller utan [&hellip;]","og_url":"https:\/\/grontkontor.dk\/shop\/glasflaske-med-skruelaag\/","og_site_name":"Gr\u00f8nt Kontor","article_publisher":"https:\/\/www.facebook.com\/grontkontor.dk\/","og_image":[{"width":900,"height":639,"url":"https:\/\/grontkontor.dk\/wp-content\/uploads\/2022\/03\/glasflaske-med-m-skruelaag-metal-785ml.jpg","type":"image\/jpeg"}],"twitter_card":"summary_large_image","schema":{"@context":"https:\/\/schema.org","@graph":[{"@type":"WebPage","@id":"https:\/\/grontkontor.dk\/shop\/glasflaske-med-skruelaag\/","url":"https:\/\/grontkontor.dk\/shop\/glasflaske-med-skruelaag\/","name":"Glasflaska med skruvkapsyl 785 ml m\/u tryck - Gr\u00f8nt Kontor","isPartOf":{"@id":"https:\/\/grontkontor.dk\/#website"},"datePublished":"2024-02-27T10:50:00+00:00","dateModified":"2024-02-27T10:50:00+00:00","breadcrumb":{"@id":"https:\/\/grontkontor.dk\/shop\/glasflaske-med-skruelaag\/#breadcrumb"},"inLanguage":"sv-SE","potentialAction":[{"@type":"ReadAction","target":["https:\/\/grontkontor.dk\/shop\/glasflaske-med-skruelaag\/"]}]},{"@type":"BreadcrumbList","@id":"https:\/\/grontkontor.dk\/shop\/glasflaske-med-skruelaag\/#breadcrumb","itemListElement":[{"@type":"ListItem","position":1,"name":"Forside","item":"https:\/\/grontkontor.dk\/"},{"@type":"ListItem","position":2,"name":"Shop","item":"https:\/\/grontkontor.dk\/sv\/shop\/"},{"@type":"ListItem","position":3,"name":"Klimatsmarta f\u00f6retagspresenter","item":"https:\/\/grontkontor.dk\/sv\/produkt-kategori\/miljovaenliga-foretagspresenter\/"},{"@type":"ListItem","position":4,"name":"Termoser och vattenflaskor","item":"https:\/\/grontkontor.dk\/sv\/produkt-kategori\/miljovaenliga-foretagspresenter\/termoser-och-vattenflaskor\/"},{"@type":"ListItem","position":5,"name":"Glasflaska med skruvkapsyl 785 ml m\/u tryck"}]},{"@type":"WebSite","@id":"https:\/\/grontkontor.dk\/#website","url":"https:\/\/grontkontor.dk\/","name":"Gr\u00f8nt Kontor","description":"Milj\u00f8venlige produkter til kontor og erhverv med fokus p\u00e5 b\u00e6redygtighed, design og fair trade.","publisher":{"@id":"https:\/\/grontkontor.dk\/#organization"},"potentialAction":[{"@type":"SearchAction","target":{"@type":"EntryPoint","urlTemplate":"https:\/\/grontkontor.dk\/?s={search_term_string}"},"query-input":"required name=search_term_string"}],"inLanguage":"sv-SE"},{"@type":"Organization","@id":"https:\/\/grontkontor.dk\/#organization","name":"Gr\u00f8nt Kontor","url":"https:\/\/grontkontor.dk\/","logo":{"@type":"ImageObject","inLanguage":"sv-SE","@id":"https:\/\/grontkontor.dk\/#\/schema\/logo\/image\/","url":"https:\/\/grontkontor.dk\/wp-content\/uploads\/2014\/02\/Logo_groent_kontor_300x80.png","contentUrl":"https:\/\/grontkontor.dk\/wp-content\/uploads\/2014\/02\/Logo_groent_kontor_300x80.png","width":300,"height":80,"caption":"Gr\u00f8nt Kontor"},"image":{"@id":"https:\/\/grontkontor.dk\/#\/schema\/logo\/image\/"},"sameAs":["https:\/\/www.facebook.com\/grontkontor.dk\/"]}]}},"_links":{"self":[{"href":"https:\/\/grontkontor.dk\/sv\/wp-json\/wp\/v2\/product\/81713"}],"collection":[{"href":"https:\/\/grontkontor.dk\/sv\/wp-json\/wp\/v2\/product"}],"about":[{"href":"https:\/\/grontkontor.dk\/sv\/wp-json\/wp\/v2\/types\/product"}],"replies":[{"embeddable":true,"href":"https:\/\/grontkontor.dk\/sv\/wp-json\/wp\/v2\/comments?post=81713"}],"wp:featuredmedia":[{"embeddable":true,"href":"https:\/\/grontkontor.dk\/sv\/wp-json\/wp\/v2\/media\/34670"}],"wp:attachment":[{"href":"https:\/\/grontkontor.dk\/sv\/wp-json\/wp\/v2\/media?parent=81713"}],"wp:term":[{"taxonomy":"product_cat","embeddable":true,"href":"https:\/\/grontkontor.dk\/sv\/wp-json\/wp\/v2\/product_cat?post=81713"},{"taxonomy":"product_tag","embeddable":true,"href":"https:\/\/grontkontor.dk\/sv\/wp-json\/wp\/v2\/product_tag?post=81713"}],"curies":[{"name":"wp","href":"https:\/\/api.w.org\/{rel}","templated":true}]}}