{"id":81715,"date":"2023-09-22T13:50:48","date_gmt":"2024-02-27T10:54:59","guid":{"rendered":"https:\/\/grontkontor.dk\/shop\/klimatvaenlig-telaada-i-bambu\/"},"modified":"2024-02-27T11:54:59","modified_gmt":"2024-02-27T10:54:59","slug":"klimatvaenlig-telaada-i-bambu","status":"publish","type":"product","link":"https:\/\/grontkontor.dk\/sv\/shop\/klimatvaenlig-telaada-i-bambu\/","title":{"rendered":"Klimatv\u00e4nlig tel\u00e5da i bambu"},"content":{"rendered":"<p>L\u00e4cker klimatv\u00e4nlig tel\u00e5da med glaslock med botten av bambu. L\u00e5dan \u00e4r uppdelad i fyra fack f\u00f6r presentation av tep\u00e5sar. Perfekt som f\u00f6retags- eller personalpresent.<\/p>\n<p>Bambu \u00e4r ett fantastiskt material n\u00e4r det kommer till h\u00e5llbarhet. Den en av de mest snabbv\u00e4xande plantor i v\u00e4rlden, vilket betyder en snabb \u00e5terv\u00e4xt efter sk\u00f6rd. Bambu fungerar, precis som andra naturprodukter, som ett CO2 dep\u00e5 under hela sin livstid och odlas utan pesticider och konstg\u00f6dsel.  Glas \u00e4r ett h\u00e5llbart, \u00e5teranv\u00e4ndningsbart material, framst\u00e4llt av sand eller \u00e5tervinnet glas. Glasproduktion \u00e4r energikr\u00e4vande, s\u00e5 graden av h\u00e5llbarhet \u00e4r beroende av energik\u00e4llan vid produktionen. Glas f\u00f6rorenar inte vid bortskaffning. <\/p>\n<p>&nbsp;<\/p>\n","protected":false},"excerpt":{"rendered":"<p>L\u00e4cker klimatv\u00e4nlig tel\u00e5da med glaslock med botten av bambu. L\u00e5dan \u00e4r uppdelad i fyra fack f\u00f6r presentation av tep\u00e5sar. Perfekt som f\u00f6retags- eller personalpresent. &nbsp;<\/p>\n","protected":false},"featured_media":34460,"comment_status":"closed","ping_status":"closed","template":"","meta":{"_acf_changed":false},"product_cat":[2175,2107,2459,2233,2394,1854],"product_tag":[2863,2864],"class_list":{"0":"post-81715","1":"product","2":"type-product","3":"status-publish","4":"has-post-thumbnail","6":"product_cat-bambu","7":"product_cat-dummy-moq-1-sv","8":"product_cat-kaffe-och-te","9":"product_cat-mat-och-dryck","10":"product_cat-nyheter","11":"product_cat-produkt-serier-se","12":"product_tag-kaffe-sv","13":"product_tag-te-sv","14":"tm-has-options","16":"first","17":"instock","18":"sale","19":"taxable","20":"shipping-taxable","21":"purchasable","22":"product-type-simple"},"acf":[],"yoast_head":"<!-- This site is optimized with the Yoast SEO Premium plugin v21.2 (Yoast SEO v21.2) - https:\/\/yoast.com\/wordpress\/plugins\/seo\/ -->\n<title>Klimatv\u00e4nlig tel\u00e5da i bambu - Gr\u00f8nt Kontor<\/title>\n<meta name=\"robots\" content=\"index, follow, max-snippet:-1, max-image-preview:large, max-video-preview:-1\" \/>\n<link rel=\"canonical\" href=\"https:\/\/grontkontor.dk\/sv\/shop\/klimatvaenlig-telaada-i-bambu\/\" \/>\n<meta property=\"og:locale\" content=\"sv_SE\" \/>\n<meta property=\"og:type\" content=\"article\" \/>\n<meta property=\"og:title\" content=\"Klimatv\u00e4nlig tel\u00e5da i bambu\" \/>\n<meta property=\"og:description\" content=\"L\u00e4cker klimatv\u00e4nlig tel\u00e5da med glaslock med botten av bambu. L\u00e5dan \u00e4r uppdelad i fyra fack f\u00f6r presentation av tep\u00e5sar. Perfekt som f\u00f6retags- eller personalpresent. &nbsp;\" \/>\n<meta property=\"og:url\" content=\"https:\/\/grontkontor.dk\/sv\/shop\/klimatvaenlig-telaada-i-bambu\/\" \/>\n<meta property=\"og:site_name\" content=\"Gr\u00f8nt Kontor\" \/>\n<meta property=\"article:publisher\" content=\"https:\/\/www.facebook.com\/grontkontor.dk\/\" \/>\n<meta property=\"og:image\" content=\"https:\/\/grontkontor.dk\/wp-content\/uploads\/2022\/02\/teaeske-bambus-og-glas-03.jpg\" \/>\n\t<meta property=\"og:image:width\" content=\"900\" \/>\n\t<meta property=\"og:image:height\" content=\"639\" \/>\n\t<meta property=\"og:image:type\" content=\"image\/jpeg\" \/>\n<meta name=\"twitter:card\" content=\"summary_large_image\" \/>\n<script type=\"application\/ld+json\" class=\"yoast-schema-graph\">{\"@context\":\"https:\/\/schema.org\",\"@graph\":[{\"@type\":\"WebPage\",\"@id\":\"https:\/\/grontkontor.dk\/sv\/shop\/klimatvaenlig-telaada-i-bambu\/\",\"url\":\"https:\/\/grontkontor.dk\/sv\/shop\/klimatvaenlig-telaada-i-bambu\/\",\"name\":\"Klimatv\u00e4nlig tel\u00e5da i bambu - Gr\u00f8nt Kontor\",\"isPartOf\":{\"@id\":\"https:\/\/grontkontor.dk\/#website\"},\"datePublished\":\"2024-02-27T10:54:59+00:00\",\"dateModified\":\"2024-02-27T10:54:59+00:00\",\"breadcrumb\":{\"@id\":\"https:\/\/grontkontor.dk\/sv\/shop\/klimatvaenlig-telaada-i-bambu\/#breadcrumb\"},\"inLanguage\":\"sv-SE\",\"potentialAction\":[{\"@type\":\"ReadAction\",\"target\":[\"https:\/\/grontkontor.dk\/sv\/shop\/klimatvaenlig-telaada-i-bambu\/\"]}]},{\"@type\":\"BreadcrumbList\",\"@id\":\"https:\/\/grontkontor.dk\/sv\/shop\/klimatvaenlig-telaada-i-bambu\/#breadcrumb\",\"itemListElement\":[{\"@type\":\"ListItem\",\"position\":1,\"name\":\"Forside\",\"item\":\"https:\/\/grontkontor.dk\/\"},{\"@type\":\"ListItem\",\"position\":2,\"name\":\"Shop\",\"item\":\"https:\/\/grontkontor.dk\/sv\/shop\/\"},{\"@type\":\"ListItem\",\"position\":3,\"name\":\"Produktserier\",\"item\":\"https:\/\/grontkontor.dk\/sv\/produkt-kategori\/produkt-serier-se\/\"},{\"@type\":\"ListItem\",\"position\":4,\"name\":\"Bambu\",\"item\":\"https:\/\/grontkontor.dk\/sv\/produkt-kategori\/produkt-serier-se\/bambu\/\"},{\"@type\":\"ListItem\",\"position\":5,\"name\":\"Klimatv\u00e4nlig tel\u00e5da i bambu\"}]},{\"@type\":\"WebSite\",\"@id\":\"https:\/\/grontkontor.dk\/#website\",\"url\":\"https:\/\/grontkontor.dk\/\",\"name\":\"Gr\u00f8nt Kontor\",\"description\":\"Milj\u00f8venlige produkter til kontor og erhverv med fokus p\u00e5 b\u00e6redygtighed, design og fair trade.\",\"publisher\":{\"@id\":\"https:\/\/grontkontor.dk\/#organization\"},\"potentialAction\":[{\"@type\":\"SearchAction\",\"target\":{\"@type\":\"EntryPoint\",\"urlTemplate\":\"https:\/\/grontkontor.dk\/?s={search_term_string}\"},\"query-input\":\"required name=search_term_string\"}],\"inLanguage\":\"sv-SE\"},{\"@type\":\"Organization\",\"@id\":\"https:\/\/grontkontor.dk\/#organization\",\"name\":\"Gr\u00f8nt Kontor\",\"url\":\"https:\/\/grontkontor.dk\/\",\"logo\":{\"@type\":\"ImageObject\",\"inLanguage\":\"sv-SE\",\"@id\":\"https:\/\/grontkontor.dk\/#\/schema\/logo\/image\/\",\"url\":\"https:\/\/grontkontor.dk\/wp-content\/uploads\/2014\/02\/Logo_groent_kontor_300x80.png\",\"contentUrl\":\"https:\/\/grontkontor.dk\/wp-content\/uploads\/2014\/02\/Logo_groent_kontor_300x80.png\",\"width\":300,\"height\":80,\"caption\":\"Gr\u00f8nt Kontor\"},\"image\":{\"@id\":\"https:\/\/grontkontor.dk\/#\/schema\/logo\/image\/\"},\"sameAs\":[\"https:\/\/www.facebook.com\/grontkontor.dk\/\"]}]}<\/script>\n<!-- \/ Yoast SEO Premium plugin. -->","yoast_head_json":{"title":"Klimatv\u00e4nlig tel\u00e5da i bambu - Gr\u00f8nt Kontor","robots":{"index":"index","follow":"follow","max-snippet":"max-snippet:-1","max-image-preview":"max-image-preview:large","max-video-preview":"max-video-preview:-1"},"canonical":"https:\/\/grontkontor.dk\/sv\/shop\/klimatvaenlig-telaada-i-bambu\/","og_locale":"sv_SE","og_type":"article","og_title":"Klimatv\u00e4nlig tel\u00e5da i bambu","og_description":"L\u00e4cker klimatv\u00e4nlig tel\u00e5da med glaslock med botten av bambu. L\u00e5dan \u00e4r uppdelad i fyra fack f\u00f6r presentation av tep\u00e5sar. Perfekt som f\u00f6retags- eller personalpresent. &nbsp;","og_url":"https:\/\/grontkontor.dk\/sv\/shop\/klimatvaenlig-telaada-i-bambu\/","og_site_name":"Gr\u00f8nt Kontor","article_publisher":"https:\/\/www.facebook.com\/grontkontor.dk\/","og_image":[{"width":900,"height":639,"url":"https:\/\/grontkontor.dk\/wp-content\/uploads\/2022\/02\/teaeske-bambus-og-glas-03.jpg","type":"image\/jpeg"}],"twitter_card":"summary_large_image","schema":{"@context":"https:\/\/schema.org","@graph":[{"@type":"WebPage","@id":"https:\/\/grontkontor.dk\/sv\/shop\/klimatvaenlig-telaada-i-bambu\/","url":"https:\/\/grontkontor.dk\/sv\/shop\/klimatvaenlig-telaada-i-bambu\/","name":"Klimatv\u00e4nlig tel\u00e5da i bambu - Gr\u00f8nt Kontor","isPartOf":{"@id":"https:\/\/grontkontor.dk\/#website"},"datePublished":"2024-02-27T10:54:59+00:00","dateModified":"2024-02-27T10:54:59+00:00","breadcrumb":{"@id":"https:\/\/grontkontor.dk\/sv\/shop\/klimatvaenlig-telaada-i-bambu\/#breadcrumb"},"inLanguage":"sv-SE","potentialAction":[{"@type":"ReadAction","target":["https:\/\/grontkontor.dk\/sv\/shop\/klimatvaenlig-telaada-i-bambu\/"]}]},{"@type":"BreadcrumbList","@id":"https:\/\/grontkontor.dk\/sv\/shop\/klimatvaenlig-telaada-i-bambu\/#breadcrumb","itemListElement":[{"@type":"ListItem","position":1,"name":"Forside","item":"https:\/\/grontkontor.dk\/"},{"@type":"ListItem","position":2,"name":"Shop","item":"https:\/\/grontkontor.dk\/sv\/shop\/"},{"@type":"ListItem","position":3,"name":"Produktserier","item":"https:\/\/grontkontor.dk\/sv\/produkt-kategori\/produkt-serier-se\/"},{"@type":"ListItem","position":4,"name":"Bambu","item":"https:\/\/grontkontor.dk\/sv\/produkt-kategori\/produkt-serier-se\/bambu\/"},{"@type":"ListItem","position":5,"name":"Klimatv\u00e4nlig tel\u00e5da i bambu"}]},{"@type":"WebSite","@id":"https:\/\/grontkontor.dk\/#website","url":"https:\/\/grontkontor.dk\/","name":"Gr\u00f8nt Kontor","description":"Milj\u00f8venlige produkter til kontor og erhverv med fokus p\u00e5 b\u00e6redygtighed, design og fair trade.","publisher":{"@id":"https:\/\/grontkontor.dk\/#organization"},"potentialAction":[{"@type":"SearchAction","target":{"@type":"EntryPoint","urlTemplate":"https:\/\/grontkontor.dk\/?s={search_term_string}"},"query-input":"required name=search_term_string"}],"inLanguage":"sv-SE"},{"@type":"Organization","@id":"https:\/\/grontkontor.dk\/#organization","name":"Gr\u00f8nt Kontor","url":"https:\/\/grontkontor.dk\/","logo":{"@type":"ImageObject","inLanguage":"sv-SE","@id":"https:\/\/grontkontor.dk\/#\/schema\/logo\/image\/","url":"https:\/\/grontkontor.dk\/wp-content\/uploads\/2014\/02\/Logo_groent_kontor_300x80.png","contentUrl":"https:\/\/grontkontor.dk\/wp-content\/uploads\/2014\/02\/Logo_groent_kontor_300x80.png","width":300,"height":80,"caption":"Gr\u00f8nt Kontor"},"image":{"@id":"https:\/\/grontkontor.dk\/#\/schema\/logo\/image\/"},"sameAs":["https:\/\/www.facebook.com\/grontkontor.dk\/"]}]}},"_links":{"self":[{"href":"https:\/\/grontkontor.dk\/sv\/wp-json\/wp\/v2\/product\/81715"}],"collection":[{"href":"https:\/\/grontkontor.dk\/sv\/wp-json\/wp\/v2\/product"}],"about":[{"href":"https:\/\/grontkontor.dk\/sv\/wp-json\/wp\/v2\/types\/product"}],"replies":[{"embeddable":true,"href":"https:\/\/grontkontor.dk\/sv\/wp-json\/wp\/v2\/comments?post=81715"}],"wp:featuredmedia":[{"embeddable":true,"href":"https:\/\/grontkontor.dk\/sv\/wp-json\/wp\/v2\/media\/34460"}],"wp:attachment":[{"href":"https:\/\/grontkontor.dk\/sv\/wp-json\/wp\/v2\/media?parent=81715"}],"wp:term":[{"taxonomy":"product_cat","embeddable":true,"href":"https:\/\/grontkontor.dk\/sv\/wp-json\/wp\/v2\/product_cat?post=81715"},{"taxonomy":"product_tag","embeddable":true,"href":"https:\/\/grontkontor.dk\/sv\/wp-json\/wp\/v2\/product_tag?post=81715"}],"curies":[{"name":"wp","href":"https:\/\/api.w.org\/{rel}","templated":true}]}}