{"id":81717,"date":"2023-09-22T13:50:48","date_gmt":"2024-02-27T10:56:49","guid":{"rendered":"https:\/\/grontkontor.dk\/shop\/exklusiv-termosmugg-i-glas-330-ml\/"},"modified":"2024-02-27T11:56:49","modified_gmt":"2024-02-27T10:56:49","slug":"exklusiv-termosmugg-i-glas-330-ml","status":"publish","type":"product","link":"https:\/\/grontkontor.dk\/sv\/shop\/exklusiv-termosmugg-i-glas-330-ml\/","title":{"rendered":"Exklusiv termosmugg i glas 330 ml"},"content":{"rendered":"<p>Exklusiv termosmugg tillverkad av borosilikatglas och rostfritt st\u00e5l. Alla delar av termosmuggen \u00e4r godk\u00e4nt till kontakt med livsmedel och 100% BPA fritt. Passar som f\u00f6retags- och personalpresent.<\/p>\n<p>Inneh\u00e5ll: 330 ml.<\/p>\n<p>Glas \u00e4r ett h\u00e5llbart \u00e5teranv\u00e4ndbart material, som \u00e4r framst\u00e4llt av sand eller \u00e5tervunnet glasavfall. Det g\u00e5r \u00e5t stora m\u00e4ngder energi b\u00e5de vid tillv\u00e4rkning och \u00e5tervinning, s\u00e5 graden av h\u00e5llbarhet \u00e4r beroende av energik\u00e4llan i tillv\u00e4rkningsprocessen. Glas f\u00f6rorenar inte vid bortskaffning.  St\u00e5l\/j\u00e4rn er en \u00e5teranv\u00e4ndbar och praktiskt taget obegr\u00e4nsad resurs som inte f\u00f6rorenar vid kassering. St\u00e5l kan \u00e5tervinnas i det o\u00e4ndliga, vilket sker i s\u00e5 stor utstr\u00e4ckning att absolut st\u00f6rsta delen av allt st\u00e5l p\u00e5 marknaden, i huvudsak, best\u00e5r av \u00e5tervunnen st\u00e5l. <\/p>\n<p>&nbsp;<\/p>\n","protected":false},"excerpt":{"rendered":"<p>Exklusiv termosmugg tillverkad av borosilikatglas och rostfritt st\u00e5l. Alla delar av termosmuggen \u00e4r . Passar som f\u00f6retags- och personalpresent. Inneh\u00e5ll: 330 ml. &nbsp;<\/p>\n","protected":false},"featured_media":104931,"comment_status":"closed","ping_status":"closed","template":"","meta":{"_acf_changed":false},"product_cat":[4452,4399,2107,2233,1954,2394],"product_tag":[2960,1977],"class_list":{"0":"post-81717","1":"product","2":"type-product","3":"status-publish","4":"has-post-thumbnail","6":"product_cat-muggar-och-koppar-sv","7":"product_cat-termoser-och-vattenflaskor","8":"product_cat-dummy-moq-1-sv","9":"product_cat-mat-och-dryck","10":"product_cat-muggar-och-koppar","11":"product_cat-nyheter","12":"product_tag-dricksflaskor","13":"product_tag-termoflaske-sv","14":"tm-has-options","16":"first","17":"instock","18":"taxable","19":"shipping-taxable","20":"purchasable","21":"product-type-simple"},"acf":[],"yoast_head":"<!-- This site is optimized with the Yoast SEO Premium plugin v21.2 (Yoast SEO v21.2) - https:\/\/yoast.com\/wordpress\/plugins\/seo\/ -->\n<title>Exklusiv termosmugg i glas 330 ml - Gr\u00f8nt Kontor<\/title>\n<meta name=\"robots\" content=\"index, follow, max-snippet:-1, max-image-preview:large, max-video-preview:-1\" \/>\n<link rel=\"canonical\" href=\"https:\/\/grontkontor.dk\/sv\/shop\/exklusiv-termosmugg-i-glas-330-ml\/\" \/>\n<meta property=\"og:locale\" content=\"sv_SE\" \/>\n<meta property=\"og:type\" content=\"article\" \/>\n<meta property=\"og:title\" content=\"Exklusiv termosmugg i glas 330 ml\" \/>\n<meta property=\"og:description\" content=\"Exklusiv termosmugg tillverkad av borosilikatglas och rostfritt st\u00e5l. Alla delar av termosmuggen \u00e4r . Passar som f\u00f6retags- och personalpresent. Inneh\u00e5ll: 330 ml. &nbsp;\" \/>\n<meta property=\"og:url\" content=\"https:\/\/grontkontor.dk\/sv\/shop\/exklusiv-termosmugg-i-glas-330-ml\/\" \/>\n<meta property=\"og:site_name\" content=\"Gr\u00f8nt Kontor\" \/>\n<meta property=\"article:publisher\" content=\"https:\/\/www.facebook.com\/grontkontor.dk\/\" \/>\n<meta property=\"og:image\" content=\"https:\/\/grontkontor.dk\/wp-content\/uploads\/2022\/03\/glastermokrus-330ml-02.jpg\" \/>\n\t<meta property=\"og:image:width\" content=\"900\" \/>\n\t<meta property=\"og:image:height\" content=\"639\" \/>\n\t<meta property=\"og:image:type\" content=\"image\/jpeg\" \/>\n<meta name=\"twitter:card\" content=\"summary_large_image\" \/>\n<script type=\"application\/ld+json\" class=\"yoast-schema-graph\">{\"@context\":\"https:\/\/schema.org\",\"@graph\":[{\"@type\":\"WebPage\",\"@id\":\"https:\/\/grontkontor.dk\/sv\/shop\/exklusiv-termosmugg-i-glas-330-ml\/\",\"url\":\"https:\/\/grontkontor.dk\/sv\/shop\/exklusiv-termosmugg-i-glas-330-ml\/\",\"name\":\"Exklusiv termosmugg i glas 330 ml - Gr\u00f8nt Kontor\",\"isPartOf\":{\"@id\":\"https:\/\/grontkontor.dk\/#website\"},\"datePublished\":\"2024-02-27T10:56:49+00:00\",\"dateModified\":\"2024-02-27T10:56:49+00:00\",\"breadcrumb\":{\"@id\":\"https:\/\/grontkontor.dk\/sv\/shop\/exklusiv-termosmugg-i-glas-330-ml\/#breadcrumb\"},\"inLanguage\":\"sv-SE\",\"potentialAction\":[{\"@type\":\"ReadAction\",\"target\":[\"https:\/\/grontkontor.dk\/sv\/shop\/exklusiv-termosmugg-i-glas-330-ml\/\"]}]},{\"@type\":\"BreadcrumbList\",\"@id\":\"https:\/\/grontkontor.dk\/sv\/shop\/exklusiv-termosmugg-i-glas-330-ml\/#breadcrumb\",\"itemListElement\":[{\"@type\":\"ListItem\",\"position\":1,\"name\":\"Forside\",\"item\":\"https:\/\/grontkontor.dk\/\"},{\"@type\":\"ListItem\",\"position\":2,\"name\":\"Shop\",\"item\":\"https:\/\/grontkontor.dk\/sv\/shop\/\"},{\"@type\":\"ListItem\",\"position\":3,\"name\":\"Klimatsmarta f\u00f6retagspresenter\",\"item\":\"https:\/\/grontkontor.dk\/sv\/produkt-kategori\/miljovaenliga-foretagspresenter\/\"},{\"@type\":\"ListItem\",\"position\":4,\"name\":\"Termoser och vattenflaskor\",\"item\":\"https:\/\/grontkontor.dk\/sv\/produkt-kategori\/miljovaenliga-foretagspresenter\/termoser-och-vattenflaskor\/\"},{\"@type\":\"ListItem\",\"position\":5,\"name\":\"Exklusiv termosmugg i glas 330 ml\"}]},{\"@type\":\"WebSite\",\"@id\":\"https:\/\/grontkontor.dk\/#website\",\"url\":\"https:\/\/grontkontor.dk\/\",\"name\":\"Gr\u00f8nt Kontor\",\"description\":\"Milj\u00f8venlige produkter til kontor og erhverv med fokus p\u00e5 b\u00e6redygtighed, design og fair trade.\",\"publisher\":{\"@id\":\"https:\/\/grontkontor.dk\/#organization\"},\"potentialAction\":[{\"@type\":\"SearchAction\",\"target\":{\"@type\":\"EntryPoint\",\"urlTemplate\":\"https:\/\/grontkontor.dk\/?s={search_term_string}\"},\"query-input\":\"required name=search_term_string\"}],\"inLanguage\":\"sv-SE\"},{\"@type\":\"Organization\",\"@id\":\"https:\/\/grontkontor.dk\/#organization\",\"name\":\"Gr\u00f8nt Kontor\",\"url\":\"https:\/\/grontkontor.dk\/\",\"logo\":{\"@type\":\"ImageObject\",\"inLanguage\":\"sv-SE\",\"@id\":\"https:\/\/grontkontor.dk\/#\/schema\/logo\/image\/\",\"url\":\"https:\/\/grontkontor.dk\/wp-content\/uploads\/2014\/02\/Logo_groent_kontor_300x80.png\",\"contentUrl\":\"https:\/\/grontkontor.dk\/wp-content\/uploads\/2014\/02\/Logo_groent_kontor_300x80.png\",\"width\":300,\"height\":80,\"caption\":\"Gr\u00f8nt Kontor\"},\"image\":{\"@id\":\"https:\/\/grontkontor.dk\/#\/schema\/logo\/image\/\"},\"sameAs\":[\"https:\/\/www.facebook.com\/grontkontor.dk\/\"]}]}<\/script>\n<!-- \/ Yoast SEO Premium plugin. -->","yoast_head_json":{"title":"Exklusiv termosmugg i glas 330 ml - Gr\u00f8nt Kontor","robots":{"index":"index","follow":"follow","max-snippet":"max-snippet:-1","max-image-preview":"max-image-preview:large","max-video-preview":"max-video-preview:-1"},"canonical":"https:\/\/grontkontor.dk\/sv\/shop\/exklusiv-termosmugg-i-glas-330-ml\/","og_locale":"sv_SE","og_type":"article","og_title":"Exklusiv termosmugg i glas 330 ml","og_description":"Exklusiv termosmugg tillverkad av borosilikatglas och rostfritt st\u00e5l. Alla delar av termosmuggen \u00e4r . Passar som f\u00f6retags- och personalpresent. Inneh\u00e5ll: 330 ml. &nbsp;","og_url":"https:\/\/grontkontor.dk\/sv\/shop\/exklusiv-termosmugg-i-glas-330-ml\/","og_site_name":"Gr\u00f8nt Kontor","article_publisher":"https:\/\/www.facebook.com\/grontkontor.dk\/","og_image":[{"width":900,"height":639,"url":"https:\/\/grontkontor.dk\/wp-content\/uploads\/2022\/03\/glastermokrus-330ml-02.jpg","type":"image\/jpeg"}],"twitter_card":"summary_large_image","schema":{"@context":"https:\/\/schema.org","@graph":[{"@type":"WebPage","@id":"https:\/\/grontkontor.dk\/sv\/shop\/exklusiv-termosmugg-i-glas-330-ml\/","url":"https:\/\/grontkontor.dk\/sv\/shop\/exklusiv-termosmugg-i-glas-330-ml\/","name":"Exklusiv termosmugg i glas 330 ml - Gr\u00f8nt Kontor","isPartOf":{"@id":"https:\/\/grontkontor.dk\/#website"},"datePublished":"2024-02-27T10:56:49+00:00","dateModified":"2024-02-27T10:56:49+00:00","breadcrumb":{"@id":"https:\/\/grontkontor.dk\/sv\/shop\/exklusiv-termosmugg-i-glas-330-ml\/#breadcrumb"},"inLanguage":"sv-SE","potentialAction":[{"@type":"ReadAction","target":["https:\/\/grontkontor.dk\/sv\/shop\/exklusiv-termosmugg-i-glas-330-ml\/"]}]},{"@type":"BreadcrumbList","@id":"https:\/\/grontkontor.dk\/sv\/shop\/exklusiv-termosmugg-i-glas-330-ml\/#breadcrumb","itemListElement":[{"@type":"ListItem","position":1,"name":"Forside","item":"https:\/\/grontkontor.dk\/"},{"@type":"ListItem","position":2,"name":"Shop","item":"https:\/\/grontkontor.dk\/sv\/shop\/"},{"@type":"ListItem","position":3,"name":"Klimatsmarta f\u00f6retagspresenter","item":"https:\/\/grontkontor.dk\/sv\/produkt-kategori\/miljovaenliga-foretagspresenter\/"},{"@type":"ListItem","position":4,"name":"Termoser och vattenflaskor","item":"https:\/\/grontkontor.dk\/sv\/produkt-kategori\/miljovaenliga-foretagspresenter\/termoser-och-vattenflaskor\/"},{"@type":"ListItem","position":5,"name":"Exklusiv termosmugg i glas 330 ml"}]},{"@type":"WebSite","@id":"https:\/\/grontkontor.dk\/#website","url":"https:\/\/grontkontor.dk\/","name":"Gr\u00f8nt Kontor","description":"Milj\u00f8venlige produkter til kontor og erhverv med fokus p\u00e5 b\u00e6redygtighed, design og fair trade.","publisher":{"@id":"https:\/\/grontkontor.dk\/#organization"},"potentialAction":[{"@type":"SearchAction","target":{"@type":"EntryPoint","urlTemplate":"https:\/\/grontkontor.dk\/?s={search_term_string}"},"query-input":"required name=search_term_string"}],"inLanguage":"sv-SE"},{"@type":"Organization","@id":"https:\/\/grontkontor.dk\/#organization","name":"Gr\u00f8nt Kontor","url":"https:\/\/grontkontor.dk\/","logo":{"@type":"ImageObject","inLanguage":"sv-SE","@id":"https:\/\/grontkontor.dk\/#\/schema\/logo\/image\/","url":"https:\/\/grontkontor.dk\/wp-content\/uploads\/2014\/02\/Logo_groent_kontor_300x80.png","contentUrl":"https:\/\/grontkontor.dk\/wp-content\/uploads\/2014\/02\/Logo_groent_kontor_300x80.png","width":300,"height":80,"caption":"Gr\u00f8nt Kontor"},"image":{"@id":"https:\/\/grontkontor.dk\/#\/schema\/logo\/image\/"},"sameAs":["https:\/\/www.facebook.com\/grontkontor.dk\/"]}]}},"_links":{"self":[{"href":"https:\/\/grontkontor.dk\/sv\/wp-json\/wp\/v2\/product\/81717"}],"collection":[{"href":"https:\/\/grontkontor.dk\/sv\/wp-json\/wp\/v2\/product"}],"about":[{"href":"https:\/\/grontkontor.dk\/sv\/wp-json\/wp\/v2\/types\/product"}],"replies":[{"embeddable":true,"href":"https:\/\/grontkontor.dk\/sv\/wp-json\/wp\/v2\/comments?post=81717"}],"wp:featuredmedia":[{"embeddable":true,"href":"https:\/\/grontkontor.dk\/sv\/wp-json\/wp\/v2\/media\/104931"}],"wp:attachment":[{"href":"https:\/\/grontkontor.dk\/sv\/wp-json\/wp\/v2\/media?parent=81717"}],"wp:term":[{"taxonomy":"product_cat","embeddable":true,"href":"https:\/\/grontkontor.dk\/sv\/wp-json\/wp\/v2\/product_cat?post=81717"},{"taxonomy":"product_tag","embeddable":true,"href":"https:\/\/grontkontor.dk\/sv\/wp-json\/wp\/v2\/product_tag?post=81717"}],"curies":[{"name":"wp","href":"https:\/\/api.w.org\/{rel}","templated":true}]}}