{"id":81729,"date":"2023-09-22T13:50:19","date_gmt":"2024-02-27T11:54:34","guid":{"rendered":"https:\/\/grontkontor.dk\/shop\/foerklaede-fairtrade-bomull-180-gsm\/"},"modified":"2024-02-27T12:54:34","modified_gmt":"2024-02-27T11:54:34","slug":"foerklaede-fairtrade-bomull-180-gsm","status":"publish","type":"product","link":"https:\/\/grontkontor.dk\/sv\/shop\/foerklaede-fairtrade-bomull-180-gsm\/","title":{"rendered":"F\u00f6rkl\u00e4de fairtrade bomull 180 gsm"},"content":{"rendered":"<p>Fint och mjukt f\u00f6rkl\u00e4de i kraftig 180gsm kvalitet tillverkad av 100% bomull. F\u00f6rkl\u00e4det \u00e4r utrustat med en bekv\u00e4m nackrem, knytband och framficka.<\/p>\n<p>Mycket trevlig milj\u00f6v\u00e4nlig f\u00f6retagspresent.<\/p>\nBestil uforpligtende tilbud p\u00e5 broderi hos <a class=\"light\" href=\"mailto:jens@grontkontor.dk\">jens@grontkontor.dk<\/a>\n<p>&nbsp;<\/p>\n<p>Bomull \u00e4r ett biologiskt nedbrytbart och komposterbar naturprodukt.\nDenna produkt \u00e4r en av f\u00e5 som vi har p\u00e5 hyllan, som valts ut enbart f\u00f6r den unika designen. F\u00f6r ett mer h\u00e5llbart val vill vi rekomendera ekologisk eller \u00e5tervunnen bomull ist\u00e4llet.  Fairtrade certificering s\u00e4krar att varan \u00e4r producerad under f\u00f6rsvarliga arbetsf\u00f6rh\u00e5llanden, med h\u00e4nsyn till b\u00e5de m\u00e4nniskor och milj\u00f6. <\/p>\n<p>&nbsp;<\/p>\n<a href=\"http:\/\/www.fairtrade-maerket.dk\/\" target=\"window\"><img loading=\"lazy\" decoding=\"async\" class=\"alignnone size-full\" src=\"https:\/\/grontkontor.dk\/wp-content\/uploads\/2019\/04\/fairtrade-certificeret.jpg\" \n  alt=\"Fair trade certifikatet - din garanti for at arbejdere og b?nder har fair arbejdsforhold og indt?gt\" width=\"49\" height=\"50\" border=0 \/><\/a>\n","protected":false},"excerpt":{"rendered":"<p>Fint och mjukt f\u00f6rkl\u00e4de i kraftig 180gsm kvalitet tillverkad av 100% bomull. F\u00f6rkl\u00e4det \u00e4r utrustat med en bekv\u00e4m nackrem, knytband och framficka. Mycket trevlig milj\u00f6v\u00e4nlig f\u00f6retagspresent. &nbsp; &nbsp;<\/p>\n","protected":false},"featured_media":34146,"comment_status":"closed","ping_status":"closed","template":"","meta":{"_acf_changed":false},"product_cat":[2107,2136,867,2394],"product_tag":[2986,2904,1706,2590],"class_list":{"0":"post-81729","1":"product","2":"type-product","3":"status-publish","4":"has-post-thumbnail","6":"product_cat-dummy-moq-1-sv","7":"product_cat-hotell-restaurang","8":"product_cat-miljovaenliga-foretagspresenter","9":"product_cat-nyheter","10":"product_tag-foerklaede","11":"product_tag-hotell","12":"product_tag-koekken-sv","13":"product_tag-restauration-sv","14":"tm-has-options","16":"first","17":"instock","18":"taxable","19":"shipping-taxable","20":"purchasable","21":"product-type-simple"},"acf":[],"yoast_head":"<!-- This site is optimized with the Yoast SEO Premium plugin v21.2 (Yoast SEO v21.2) - https:\/\/yoast.com\/wordpress\/plugins\/seo\/ -->\n<title>F\u00f6rkl\u00e4de fairtrade bomull 180 gsm - Gr\u00f8nt Kontor<\/title>\n<meta name=\"robots\" content=\"index, follow, max-snippet:-1, max-image-preview:large, max-video-preview:-1\" \/>\n<link rel=\"canonical\" href=\"https:\/\/grontkontor.dk\/sv\/shop\/foerklaede-fairtrade-bomull-180-gsm\/\" \/>\n<meta property=\"og:locale\" content=\"sv_SE\" \/>\n<meta property=\"og:type\" content=\"article\" \/>\n<meta property=\"og:title\" content=\"F\u00f6rkl\u00e4de fairtrade bomull 180 gsm\" \/>\n<meta property=\"og:description\" content=\"Fint och mjukt f\u00f6rkl\u00e4de i kraftig 180gsm kvalitet tillverkad av 100% bomull. F\u00f6rkl\u00e4det \u00e4r utrustat med en bekv\u00e4m nackrem, knytband och framficka. Mycket trevlig milj\u00f6v\u00e4nlig f\u00f6retagspresent. &nbsp; &nbsp;\" \/>\n<meta property=\"og:url\" content=\"https:\/\/grontkontor.dk\/sv\/shop\/foerklaede-fairtrade-bomull-180-gsm\/\" \/>\n<meta property=\"og:site_name\" content=\"Gr\u00f8nt Kontor\" \/>\n<meta property=\"article:publisher\" content=\"https:\/\/www.facebook.com\/grontkontor.dk\/\" \/>\n<meta property=\"og:image\" content=\"https:\/\/grontkontor.dk\/wp-content\/uploads\/2022\/02\/forklaede-fairtrade-natur.jpg\" \/>\n\t<meta property=\"og:image:width\" content=\"900\" \/>\n\t<meta property=\"og:image:height\" content=\"639\" \/>\n\t<meta property=\"og:image:type\" content=\"image\/jpeg\" \/>\n<meta name=\"twitter:card\" content=\"summary_large_image\" \/>\n<script type=\"application\/ld+json\" class=\"yoast-schema-graph\">{\"@context\":\"https:\/\/schema.org\",\"@graph\":[{\"@type\":\"WebPage\",\"@id\":\"https:\/\/grontkontor.dk\/sv\/shop\/foerklaede-fairtrade-bomull-180-gsm\/\",\"url\":\"https:\/\/grontkontor.dk\/sv\/shop\/foerklaede-fairtrade-bomull-180-gsm\/\",\"name\":\"F\u00f6rkl\u00e4de fairtrade bomull 180 gsm - Gr\u00f8nt Kontor\",\"isPartOf\":{\"@id\":\"https:\/\/grontkontor.dk\/#website\"},\"datePublished\":\"2024-02-27T11:54:34+00:00\",\"dateModified\":\"2024-02-27T11:54:34+00:00\",\"breadcrumb\":{\"@id\":\"https:\/\/grontkontor.dk\/sv\/shop\/foerklaede-fairtrade-bomull-180-gsm\/#breadcrumb\"},\"inLanguage\":\"sv-SE\",\"potentialAction\":[{\"@type\":\"ReadAction\",\"target\":[\"https:\/\/grontkontor.dk\/sv\/shop\/foerklaede-fairtrade-bomull-180-gsm\/\"]}]},{\"@type\":\"BreadcrumbList\",\"@id\":\"https:\/\/grontkontor.dk\/sv\/shop\/foerklaede-fairtrade-bomull-180-gsm\/#breadcrumb\",\"itemListElement\":[{\"@type\":\"ListItem\",\"position\":1,\"name\":\"Forside\",\"item\":\"https:\/\/grontkontor.dk\/\"},{\"@type\":\"ListItem\",\"position\":2,\"name\":\"Shop\",\"item\":\"https:\/\/grontkontor.dk\/sv\/shop\/\"},{\"@type\":\"ListItem\",\"position\":3,\"name\":\"Dummy MOQ 1\",\"item\":\"https:\/\/grontkontor.dk\/sv\/produkt-kategori\/dummy-moq-1-sv\/\"},{\"@type\":\"ListItem\",\"position\":4,\"name\":\"F\u00f6rkl\u00e4de fairtrade bomull 180 gsm\"}]},{\"@type\":\"WebSite\",\"@id\":\"https:\/\/grontkontor.dk\/#website\",\"url\":\"https:\/\/grontkontor.dk\/\",\"name\":\"Gr\u00f8nt Kontor\",\"description\":\"Milj\u00f8venlige produkter til kontor og erhverv med fokus p\u00e5 b\u00e6redygtighed, design og fair trade.\",\"publisher\":{\"@id\":\"https:\/\/grontkontor.dk\/#organization\"},\"potentialAction\":[{\"@type\":\"SearchAction\",\"target\":{\"@type\":\"EntryPoint\",\"urlTemplate\":\"https:\/\/grontkontor.dk\/?s={search_term_string}\"},\"query-input\":\"required name=search_term_string\"}],\"inLanguage\":\"sv-SE\"},{\"@type\":\"Organization\",\"@id\":\"https:\/\/grontkontor.dk\/#organization\",\"name\":\"Gr\u00f8nt Kontor\",\"url\":\"https:\/\/grontkontor.dk\/\",\"logo\":{\"@type\":\"ImageObject\",\"inLanguage\":\"sv-SE\",\"@id\":\"https:\/\/grontkontor.dk\/#\/schema\/logo\/image\/\",\"url\":\"https:\/\/grontkontor.dk\/wp-content\/uploads\/2014\/02\/Logo_groent_kontor_300x80.png\",\"contentUrl\":\"https:\/\/grontkontor.dk\/wp-content\/uploads\/2014\/02\/Logo_groent_kontor_300x80.png\",\"width\":300,\"height\":80,\"caption\":\"Gr\u00f8nt Kontor\"},\"image\":{\"@id\":\"https:\/\/grontkontor.dk\/#\/schema\/logo\/image\/\"},\"sameAs\":[\"https:\/\/www.facebook.com\/grontkontor.dk\/\"]}]}<\/script>\n<!-- \/ Yoast SEO Premium plugin. -->","yoast_head_json":{"title":"F\u00f6rkl\u00e4de fairtrade bomull 180 gsm - Gr\u00f8nt Kontor","robots":{"index":"index","follow":"follow","max-snippet":"max-snippet:-1","max-image-preview":"max-image-preview:large","max-video-preview":"max-video-preview:-1"},"canonical":"https:\/\/grontkontor.dk\/sv\/shop\/foerklaede-fairtrade-bomull-180-gsm\/","og_locale":"sv_SE","og_type":"article","og_title":"F\u00f6rkl\u00e4de fairtrade bomull 180 gsm","og_description":"Fint och mjukt f\u00f6rkl\u00e4de i kraftig 180gsm kvalitet tillverkad av 100% bomull. F\u00f6rkl\u00e4det \u00e4r utrustat med en bekv\u00e4m nackrem, knytband och framficka. Mycket trevlig milj\u00f6v\u00e4nlig f\u00f6retagspresent. &nbsp; &nbsp;","og_url":"https:\/\/grontkontor.dk\/sv\/shop\/foerklaede-fairtrade-bomull-180-gsm\/","og_site_name":"Gr\u00f8nt Kontor","article_publisher":"https:\/\/www.facebook.com\/grontkontor.dk\/","og_image":[{"width":900,"height":639,"url":"https:\/\/grontkontor.dk\/wp-content\/uploads\/2022\/02\/forklaede-fairtrade-natur.jpg","type":"image\/jpeg"}],"twitter_card":"summary_large_image","schema":{"@context":"https:\/\/schema.org","@graph":[{"@type":"WebPage","@id":"https:\/\/grontkontor.dk\/sv\/shop\/foerklaede-fairtrade-bomull-180-gsm\/","url":"https:\/\/grontkontor.dk\/sv\/shop\/foerklaede-fairtrade-bomull-180-gsm\/","name":"F\u00f6rkl\u00e4de fairtrade bomull 180 gsm - Gr\u00f8nt Kontor","isPartOf":{"@id":"https:\/\/grontkontor.dk\/#website"},"datePublished":"2024-02-27T11:54:34+00:00","dateModified":"2024-02-27T11:54:34+00:00","breadcrumb":{"@id":"https:\/\/grontkontor.dk\/sv\/shop\/foerklaede-fairtrade-bomull-180-gsm\/#breadcrumb"},"inLanguage":"sv-SE","potentialAction":[{"@type":"ReadAction","target":["https:\/\/grontkontor.dk\/sv\/shop\/foerklaede-fairtrade-bomull-180-gsm\/"]}]},{"@type":"BreadcrumbList","@id":"https:\/\/grontkontor.dk\/sv\/shop\/foerklaede-fairtrade-bomull-180-gsm\/#breadcrumb","itemListElement":[{"@type":"ListItem","position":1,"name":"Forside","item":"https:\/\/grontkontor.dk\/"},{"@type":"ListItem","position":2,"name":"Shop","item":"https:\/\/grontkontor.dk\/sv\/shop\/"},{"@type":"ListItem","position":3,"name":"Dummy MOQ 1","item":"https:\/\/grontkontor.dk\/sv\/produkt-kategori\/dummy-moq-1-sv\/"},{"@type":"ListItem","position":4,"name":"F\u00f6rkl\u00e4de fairtrade bomull 180 gsm"}]},{"@type":"WebSite","@id":"https:\/\/grontkontor.dk\/#website","url":"https:\/\/grontkontor.dk\/","name":"Gr\u00f8nt Kontor","description":"Milj\u00f8venlige produkter til kontor og erhverv med fokus p\u00e5 b\u00e6redygtighed, design og fair trade.","publisher":{"@id":"https:\/\/grontkontor.dk\/#organization"},"potentialAction":[{"@type":"SearchAction","target":{"@type":"EntryPoint","urlTemplate":"https:\/\/grontkontor.dk\/?s={search_term_string}"},"query-input":"required name=search_term_string"}],"inLanguage":"sv-SE"},{"@type":"Organization","@id":"https:\/\/grontkontor.dk\/#organization","name":"Gr\u00f8nt Kontor","url":"https:\/\/grontkontor.dk\/","logo":{"@type":"ImageObject","inLanguage":"sv-SE","@id":"https:\/\/grontkontor.dk\/#\/schema\/logo\/image\/","url":"https:\/\/grontkontor.dk\/wp-content\/uploads\/2014\/02\/Logo_groent_kontor_300x80.png","contentUrl":"https:\/\/grontkontor.dk\/wp-content\/uploads\/2014\/02\/Logo_groent_kontor_300x80.png","width":300,"height":80,"caption":"Gr\u00f8nt Kontor"},"image":{"@id":"https:\/\/grontkontor.dk\/#\/schema\/logo\/image\/"},"sameAs":["https:\/\/www.facebook.com\/grontkontor.dk\/"]}]}},"_links":{"self":[{"href":"https:\/\/grontkontor.dk\/sv\/wp-json\/wp\/v2\/product\/81729"}],"collection":[{"href":"https:\/\/grontkontor.dk\/sv\/wp-json\/wp\/v2\/product"}],"about":[{"href":"https:\/\/grontkontor.dk\/sv\/wp-json\/wp\/v2\/types\/product"}],"replies":[{"embeddable":true,"href":"https:\/\/grontkontor.dk\/sv\/wp-json\/wp\/v2\/comments?post=81729"}],"wp:featuredmedia":[{"embeddable":true,"href":"https:\/\/grontkontor.dk\/sv\/wp-json\/wp\/v2\/media\/34146"}],"wp:attachment":[{"href":"https:\/\/grontkontor.dk\/sv\/wp-json\/wp\/v2\/media?parent=81729"}],"wp:term":[{"taxonomy":"product_cat","embeddable":true,"href":"https:\/\/grontkontor.dk\/sv\/wp-json\/wp\/v2\/product_cat?post=81729"},{"taxonomy":"product_tag","embeddable":true,"href":"https:\/\/grontkontor.dk\/sv\/wp-json\/wp\/v2\/product_tag?post=81729"}],"curies":[{"name":"wp","href":"https:\/\/api.w.org\/{rel}","templated":true}]}}