{"id":81752,"date":"2023-09-22T13:48:17","date_gmt":"2024-02-27T12:15:06","guid":{"rendered":"https:\/\/grontkontor.dk\/shop\/miljoevaenlig-stoeldskyddsryggsaeck-m-u-tryck\/"},"modified":"2024-02-27T13:15:06","modified_gmt":"2024-02-27T12:15:06","slug":"miljoevaenlig-stoeldskyddsryggsaeck-m-u-tryck","status":"publish","type":"product","link":"https:\/\/grontkontor.dk\/sv\/shop\/miljoevaenlig-stoeldskyddsryggsaeck-m-u-tryck\/","title":{"rendered":"Milj\u00f6v\u00e4nlig st\u00f6ldskyddsryggs\u00e4ck m\/u tryck"},"content":{"rendered":"<p>Skydda din dator med denna l\u00e4tta och praktiska, milj\u00f6v\u00e4nliga premiumryggs\u00e4ck f\u00f6r b\u00e4rbara datorer (upp till 15 tum) och surfplatta (upp till 12 tum) &#8211; perfekt som present till personalen. Dragkedjan \u00e4r placerad mot kroppen, s\u00e5 st\u00f6ld med ryggs\u00e4cken \u00e4r n\u00e4stan om\u00f6jlig. Ryggs\u00e4cken \u00e4r tillverkad av rPET och utrustad med vadderade axelremmar f\u00f6r att s\u00e4kerst\u00e4lla god komfort.<\/p>\nrPET (recycled polyethylen) er et f\u00f8devareegnet genanvendeligt genbrugsplast, som typisk er fremstillet af genanvendte vandflasker. rPET er \u2013 dets fossile oprindelse til trods \u2013 et b\u00e6redygtigt og klimavenligt materiale. rPET har et ekstremt h\u00f8jt kulstofindhold, og fungerer derfor som et effektivt kulstofdepot i hele produktets og genanvendte produkters levetid. Bliver plast ikke genbrugt, vil det enten nedbrydes til CO2 og dermed bidrage til drivhuseffekten, eller ende op som forurenende affald. For hvert ton genbrugt plast spares der 3,8 t\u00f8nder olie. \n<p>&nbsp;<\/p>\n<p>[recycled]<\/p>\n<p>&nbsp;<\/p>\n<p>&nbsp;<\/p>\n","protected":false},"excerpt":{"rendered":"<p>Skydda din dator med denna l\u00e4tta och praktiska, milj\u00f6v\u00e4nliga premiumryggs\u00e4ck f\u00f6r b\u00e4rbara datorer (upp till 15 tum) och surfplatta (upp till 12 tum) &#8211; perfekt som present till personalen. Dragkedjan \u00e4r placerad mot kroppen, s\u00e5 st\u00f6ld med ryggs\u00e4cken \u00e4r n\u00e4stan om\u00f6jlig. Ryggs\u00e4cken \u00e4r tillverkad av rPET och utrustad med vadderade axelremmar f\u00f6r att s\u00e4kerst\u00e4lla god [&hellip;]<\/p>\n","protected":false},"featured_media":33352,"comment_status":"closed","ping_status":"closed","template":"","meta":{"_acf_changed":false},"product_cat":[676,2107,867,2394,675],"product_tag":[1733,2992,815,1885],"class_list":{"0":"post-81752","1":"product","2":"type-product","3":"status-publish","4":"has-post-thumbnail","6":"product_cat-datorvaeskor-och-fodral","7":"product_cat-dummy-moq-1-sv","8":"product_cat-miljovaenliga-foretagspresenter","9":"product_cat-nyheter","10":"product_cat-vaeskor-och-fodral","11":"product_tag-diverse-tasker-sv","12":"product_tag-pc-fodral","13":"product_tag-vaeska","14":"product_tag-rygsaek-sv","15":"tm-has-options","17":"first","18":"instock","19":"sale","20":"taxable","21":"shipping-taxable","22":"purchasable","23":"product-type-variable","24":"has-default-attributes"},"acf":[],"yoast_head":"<!-- This site is optimized with the Yoast SEO Premium plugin v21.2 (Yoast SEO v21.2) - https:\/\/yoast.com\/wordpress\/plugins\/seo\/ -->\n<title>Milj\u00f6v\u00e4nlig st\u00f6ldskyddsryggs\u00e4ck m\/u tryck - Gr\u00f8nt Kontor<\/title>\n<meta name=\"robots\" content=\"index, follow, max-snippet:-1, max-image-preview:large, max-video-preview:-1\" \/>\n<link rel=\"canonical\" href=\"https:\/\/grontkontor.dk\/sv\/shop\/miljoevaenlig-stoeldskyddsryggsaeck-m-u-tryck\/\" \/>\n<meta property=\"og:locale\" content=\"sv_SE\" \/>\n<meta property=\"og:type\" content=\"article\" \/>\n<meta property=\"og:title\" content=\"Milj\u00f6v\u00e4nlig st\u00f6ldskyddsryggs\u00e4ck m\/u tryck\" \/>\n<meta property=\"og:description\" content=\"Skydda din dator med denna l\u00e4tta och praktiska, milj\u00f6v\u00e4nliga premiumryggs\u00e4ck f\u00f6r b\u00e4rbara datorer (upp till 15 tum) och surfplatta (upp till 12 tum) &#8211; perfekt som present till personalen. Dragkedjan \u00e4r placerad mot kroppen, s\u00e5 st\u00f6ld med ryggs\u00e4cken \u00e4r n\u00e4stan om\u00f6jlig. Ryggs\u00e4cken \u00e4r tillverkad av rPET och utrustad med vadderade axelremmar f\u00f6r att s\u00e4kerst\u00e4lla god [&hellip;]\" \/>\n<meta property=\"og:url\" content=\"https:\/\/grontkontor.dk\/sv\/shop\/miljoevaenlig-stoeldskyddsryggsaeck-m-u-tryck\/\" \/>\n<meta property=\"og:site_name\" content=\"Gr\u00f8nt Kontor\" \/>\n<meta property=\"article:publisher\" content=\"https:\/\/www.facebook.com\/grontkontor.dk\/\" \/>\n<meta property=\"og:image\" content=\"https:\/\/grontkontor.dk\/wp-content\/uploads\/2022\/01\/Rygsaek-rPET-til-baerbar-pc-marineblaa.jpg\" \/>\n\t<meta property=\"og:image:width\" content=\"900\" \/>\n\t<meta property=\"og:image:height\" content=\"639\" \/>\n\t<meta property=\"og:image:type\" content=\"image\/jpeg\" \/>\n<meta name=\"twitter:card\" content=\"summary_large_image\" \/>\n<script type=\"application\/ld+json\" class=\"yoast-schema-graph\">{\"@context\":\"https:\/\/schema.org\",\"@graph\":[{\"@type\":\"WebPage\",\"@id\":\"https:\/\/grontkontor.dk\/sv\/shop\/miljoevaenlig-stoeldskyddsryggsaeck-m-u-tryck\/\",\"url\":\"https:\/\/grontkontor.dk\/sv\/shop\/miljoevaenlig-stoeldskyddsryggsaeck-m-u-tryck\/\",\"name\":\"Milj\u00f6v\u00e4nlig st\u00f6ldskyddsryggs\u00e4ck m\/u tryck - Gr\u00f8nt Kontor\",\"isPartOf\":{\"@id\":\"https:\/\/grontkontor.dk\/#website\"},\"datePublished\":\"2024-02-27T12:15:06+00:00\",\"dateModified\":\"2024-02-27T12:15:06+00:00\",\"breadcrumb\":{\"@id\":\"https:\/\/grontkontor.dk\/sv\/shop\/miljoevaenlig-stoeldskyddsryggsaeck-m-u-tryck\/#breadcrumb\"},\"inLanguage\":\"sv-SE\",\"potentialAction\":[{\"@type\":\"ReadAction\",\"target\":[\"https:\/\/grontkontor.dk\/sv\/shop\/miljoevaenlig-stoeldskyddsryggsaeck-m-u-tryck\/\"]}]},{\"@type\":\"BreadcrumbList\",\"@id\":\"https:\/\/grontkontor.dk\/sv\/shop\/miljoevaenlig-stoeldskyddsryggsaeck-m-u-tryck\/#breadcrumb\",\"itemListElement\":[{\"@type\":\"ListItem\",\"position\":1,\"name\":\"Forside\",\"item\":\"https:\/\/grontkontor.dk\/\"},{\"@type\":\"ListItem\",\"position\":2,\"name\":\"Shop\",\"item\":\"https:\/\/grontkontor.dk\/sv\/shop\/\"},{\"@type\":\"ListItem\",\"position\":3,\"name\":\"V\u00e4skor, fodral och covers\",\"item\":\"https:\/\/grontkontor.dk\/sv\/produkt-kategori\/vaeskor-och-fodral\/\"},{\"@type\":\"ListItem\",\"position\":4,\"name\":\"Datorv\u00e4skor och fodral\",\"item\":\"https:\/\/grontkontor.dk\/sv\/produkt-kategori\/vaeskor-och-fodral\/datorvaeskor-och-fodral\/\"},{\"@type\":\"ListItem\",\"position\":5,\"name\":\"Milj\u00f6v\u00e4nlig st\u00f6ldskyddsryggs\u00e4ck m\/u tryck\"}]},{\"@type\":\"WebSite\",\"@id\":\"https:\/\/grontkontor.dk\/#website\",\"url\":\"https:\/\/grontkontor.dk\/\",\"name\":\"Gr\u00f8nt Kontor\",\"description\":\"Milj\u00f8venlige produkter til kontor og erhverv med fokus p\u00e5 b\u00e6redygtighed, design og fair trade.\",\"publisher\":{\"@id\":\"https:\/\/grontkontor.dk\/#organization\"},\"potentialAction\":[{\"@type\":\"SearchAction\",\"target\":{\"@type\":\"EntryPoint\",\"urlTemplate\":\"https:\/\/grontkontor.dk\/?s={search_term_string}\"},\"query-input\":\"required name=search_term_string\"}],\"inLanguage\":\"sv-SE\"},{\"@type\":\"Organization\",\"@id\":\"https:\/\/grontkontor.dk\/#organization\",\"name\":\"Gr\u00f8nt Kontor\",\"url\":\"https:\/\/grontkontor.dk\/\",\"logo\":{\"@type\":\"ImageObject\",\"inLanguage\":\"sv-SE\",\"@id\":\"https:\/\/grontkontor.dk\/#\/schema\/logo\/image\/\",\"url\":\"https:\/\/grontkontor.dk\/wp-content\/uploads\/2014\/02\/Logo_groent_kontor_300x80.png\",\"contentUrl\":\"https:\/\/grontkontor.dk\/wp-content\/uploads\/2014\/02\/Logo_groent_kontor_300x80.png\",\"width\":300,\"height\":80,\"caption\":\"Gr\u00f8nt Kontor\"},\"image\":{\"@id\":\"https:\/\/grontkontor.dk\/#\/schema\/logo\/image\/\"},\"sameAs\":[\"https:\/\/www.facebook.com\/grontkontor.dk\/\"]}]}<\/script>\n<!-- \/ Yoast SEO Premium plugin. -->","yoast_head_json":{"title":"Milj\u00f6v\u00e4nlig st\u00f6ldskyddsryggs\u00e4ck m\/u tryck - Gr\u00f8nt Kontor","robots":{"index":"index","follow":"follow","max-snippet":"max-snippet:-1","max-image-preview":"max-image-preview:large","max-video-preview":"max-video-preview:-1"},"canonical":"https:\/\/grontkontor.dk\/sv\/shop\/miljoevaenlig-stoeldskyddsryggsaeck-m-u-tryck\/","og_locale":"sv_SE","og_type":"article","og_title":"Milj\u00f6v\u00e4nlig st\u00f6ldskyddsryggs\u00e4ck m\/u tryck","og_description":"Skydda din dator med denna l\u00e4tta och praktiska, milj\u00f6v\u00e4nliga premiumryggs\u00e4ck f\u00f6r b\u00e4rbara datorer (upp till 15 tum) och surfplatta (upp till 12 tum) &#8211; perfekt som present till personalen. Dragkedjan \u00e4r placerad mot kroppen, s\u00e5 st\u00f6ld med ryggs\u00e4cken \u00e4r n\u00e4stan om\u00f6jlig. Ryggs\u00e4cken \u00e4r tillverkad av rPET och utrustad med vadderade axelremmar f\u00f6r att s\u00e4kerst\u00e4lla god [&hellip;]","og_url":"https:\/\/grontkontor.dk\/sv\/shop\/miljoevaenlig-stoeldskyddsryggsaeck-m-u-tryck\/","og_site_name":"Gr\u00f8nt Kontor","article_publisher":"https:\/\/www.facebook.com\/grontkontor.dk\/","og_image":[{"width":900,"height":639,"url":"https:\/\/grontkontor.dk\/wp-content\/uploads\/2022\/01\/Rygsaek-rPET-til-baerbar-pc-marineblaa.jpg","type":"image\/jpeg"}],"twitter_card":"summary_large_image","schema":{"@context":"https:\/\/schema.org","@graph":[{"@type":"WebPage","@id":"https:\/\/grontkontor.dk\/sv\/shop\/miljoevaenlig-stoeldskyddsryggsaeck-m-u-tryck\/","url":"https:\/\/grontkontor.dk\/sv\/shop\/miljoevaenlig-stoeldskyddsryggsaeck-m-u-tryck\/","name":"Milj\u00f6v\u00e4nlig st\u00f6ldskyddsryggs\u00e4ck m\/u tryck - Gr\u00f8nt Kontor","isPartOf":{"@id":"https:\/\/grontkontor.dk\/#website"},"datePublished":"2024-02-27T12:15:06+00:00","dateModified":"2024-02-27T12:15:06+00:00","breadcrumb":{"@id":"https:\/\/grontkontor.dk\/sv\/shop\/miljoevaenlig-stoeldskyddsryggsaeck-m-u-tryck\/#breadcrumb"},"inLanguage":"sv-SE","potentialAction":[{"@type":"ReadAction","target":["https:\/\/grontkontor.dk\/sv\/shop\/miljoevaenlig-stoeldskyddsryggsaeck-m-u-tryck\/"]}]},{"@type":"BreadcrumbList","@id":"https:\/\/grontkontor.dk\/sv\/shop\/miljoevaenlig-stoeldskyddsryggsaeck-m-u-tryck\/#breadcrumb","itemListElement":[{"@type":"ListItem","position":1,"name":"Forside","item":"https:\/\/grontkontor.dk\/"},{"@type":"ListItem","position":2,"name":"Shop","item":"https:\/\/grontkontor.dk\/sv\/shop\/"},{"@type":"ListItem","position":3,"name":"V\u00e4skor, fodral och covers","item":"https:\/\/grontkontor.dk\/sv\/produkt-kategori\/vaeskor-och-fodral\/"},{"@type":"ListItem","position":4,"name":"Datorv\u00e4skor och fodral","item":"https:\/\/grontkontor.dk\/sv\/produkt-kategori\/vaeskor-och-fodral\/datorvaeskor-och-fodral\/"},{"@type":"ListItem","position":5,"name":"Milj\u00f6v\u00e4nlig st\u00f6ldskyddsryggs\u00e4ck m\/u tryck"}]},{"@type":"WebSite","@id":"https:\/\/grontkontor.dk\/#website","url":"https:\/\/grontkontor.dk\/","name":"Gr\u00f8nt Kontor","description":"Milj\u00f8venlige produkter til kontor og erhverv med fokus p\u00e5 b\u00e6redygtighed, design og fair trade.","publisher":{"@id":"https:\/\/grontkontor.dk\/#organization"},"potentialAction":[{"@type":"SearchAction","target":{"@type":"EntryPoint","urlTemplate":"https:\/\/grontkontor.dk\/?s={search_term_string}"},"query-input":"required name=search_term_string"}],"inLanguage":"sv-SE"},{"@type":"Organization","@id":"https:\/\/grontkontor.dk\/#organization","name":"Gr\u00f8nt Kontor","url":"https:\/\/grontkontor.dk\/","logo":{"@type":"ImageObject","inLanguage":"sv-SE","@id":"https:\/\/grontkontor.dk\/#\/schema\/logo\/image\/","url":"https:\/\/grontkontor.dk\/wp-content\/uploads\/2014\/02\/Logo_groent_kontor_300x80.png","contentUrl":"https:\/\/grontkontor.dk\/wp-content\/uploads\/2014\/02\/Logo_groent_kontor_300x80.png","width":300,"height":80,"caption":"Gr\u00f8nt Kontor"},"image":{"@id":"https:\/\/grontkontor.dk\/#\/schema\/logo\/image\/"},"sameAs":["https:\/\/www.facebook.com\/grontkontor.dk\/"]}]}},"_links":{"self":[{"href":"https:\/\/grontkontor.dk\/sv\/wp-json\/wp\/v2\/product\/81752"}],"collection":[{"href":"https:\/\/grontkontor.dk\/sv\/wp-json\/wp\/v2\/product"}],"about":[{"href":"https:\/\/grontkontor.dk\/sv\/wp-json\/wp\/v2\/types\/product"}],"replies":[{"embeddable":true,"href":"https:\/\/grontkontor.dk\/sv\/wp-json\/wp\/v2\/comments?post=81752"}],"wp:featuredmedia":[{"embeddable":true,"href":"https:\/\/grontkontor.dk\/sv\/wp-json\/wp\/v2\/media\/33352"}],"wp:attachment":[{"href":"https:\/\/grontkontor.dk\/sv\/wp-json\/wp\/v2\/media?parent=81752"}],"wp:term":[{"taxonomy":"product_cat","embeddable":true,"href":"https:\/\/grontkontor.dk\/sv\/wp-json\/wp\/v2\/product_cat?post=81752"},{"taxonomy":"product_tag","embeddable":true,"href":"https:\/\/grontkontor.dk\/sv\/wp-json\/wp\/v2\/product_tag?post=81752"}],"curies":[{"name":"wp","href":"https:\/\/api.w.org\/{rel}","templated":true}]}}