{"id":81774,"date":"2023-09-22T13:47:47","date_gmt":"2024-02-27T12:30:23","guid":{"rendered":"https:\/\/grontkontor.dk\/shop\/robust-haengmatta-m-u-tryck-restdel\/"},"modified":"2024-02-27T13:30:23","modified_gmt":"2024-02-27T12:30:23","slug":"robust-haengmatta-m-u-tryck-restdel","status":"publish","type":"product","link":"https:\/\/grontkontor.dk\/sv\/shop\/robust-haengmatta-m-u-tryck-restdel\/","title":{"rendered":"Robust h\u00e4ngmatta m\/u tryck &#8211; restdel"},"content":{"rendered":"<p>H\u00e4rlig h\u00e4ngmatta i bomull, polyester och tr\u00e4. H\u00e4ngmattan levereras i bomullsp\u00e5se. Det finns m\u00f6jlighet att trycka p\u00e5 flera st\u00e4llen p\u00e5 b\u00e5de h\u00e4ngmattan och p\u00e5 v\u00e4skan.<\/p>\n<p>Tyget best\u00e5r av 49% bomull, 46,6% polyester och 4,4% viskos<\/p>\n<p>B\u00e4rf\u00f6rm\u00e5ga: 120 kg.<\/p>\n<p>F\u00e4rg: Natur.<\/p>\nBomull \u00e4r ett biologiskt nedbrytbart och komposterbar naturprodukt.\nDenna produkt \u00e4r en av f\u00e5 som vi har p\u00e5 hyllan, som valts ut enbart f\u00f6r den unika designen. F\u00f6r ett mer h\u00e5llbart val vill vi rekomendera ekologisk eller \u00e5tervunnen bomull ist\u00e4llet. \n<p>&nbsp;<\/p>\n","protected":false},"excerpt":{"rendered":"<p>H\u00e4rlig h\u00e4ngmatta i bomull, polyester och tr\u00e4. H\u00e4ngmattan levereras i bomullsp\u00e5se. Det finns m\u00f6jlighet att trycka p\u00e5 flera st\u00e4llen p\u00e5 b\u00e5de h\u00e4ngmattan och p\u00e5 v\u00e4skan. Tyget best\u00e5r av 49% bomull, 46,6% polyester och 4,4% viskos B\u00e4rf\u00f6rm\u00e5ga: 120 kg. F\u00e4rg: Natur. &nbsp;<\/p>\n","protected":false},"featured_media":33457,"comment_status":"closed","ping_status":"closed","template":"","meta":{"_acf_changed":false},"product_cat":[2107,867,3143],"product_tag":[2980,3002],"class_list":{"0":"post-81774","1":"product","2":"type-product","3":"status-publish","4":"has-post-thumbnail","6":"product_cat-dummy-moq-1-sv","7":"product_cat-miljovaenliga-foretagspresenter","8":"product_cat-sport-och-fritid","9":"product_tag-fritid-sv","10":"product_tag-haengmatta","11":"tm-has-options","13":"first","14":"onbackorder","15":"taxable","16":"shipping-taxable","17":"purchasable","18":"product-type-simple"},"acf":[],"yoast_head":"<!-- This site is optimized with the Yoast SEO Premium plugin v21.2 (Yoast SEO v21.2) - https:\/\/yoast.com\/wordpress\/plugins\/seo\/ -->\n<title>Robust h\u00e4ngmatta m\/u tryck - restdel - Gr\u00f8nt Kontor<\/title>\n<meta name=\"robots\" content=\"index, follow, max-snippet:-1, max-image-preview:large, max-video-preview:-1\" \/>\n<link rel=\"canonical\" href=\"https:\/\/grontkontor.dk\/sv\/shop\/robust-haengmatta-m-u-tryck-restdel\/\" \/>\n<meta property=\"og:locale\" content=\"sv_SE\" \/>\n<meta property=\"og:type\" content=\"article\" \/>\n<meta property=\"og:title\" content=\"Robust h\u00e4ngmatta m\/u tryck - restdel\" \/>\n<meta property=\"og:description\" content=\"H\u00e4rlig h\u00e4ngmatta i bomull, polyester och tr\u00e4. H\u00e4ngmattan levereras i bomullsp\u00e5se. Det finns m\u00f6jlighet att trycka p\u00e5 flera st\u00e4llen p\u00e5 b\u00e5de h\u00e4ngmattan och p\u00e5 v\u00e4skan. Tyget best\u00e5r av 49% bomull, 46,6% polyester och 4,4% viskos B\u00e4rf\u00f6rm\u00e5ga: 120 kg. F\u00e4rg: Natur. &nbsp;\" \/>\n<meta property=\"og:url\" content=\"https:\/\/grontkontor.dk\/sv\/shop\/robust-haengmatta-m-u-tryck-restdel\/\" \/>\n<meta property=\"og:site_name\" content=\"Gr\u00f8nt Kontor\" \/>\n<meta property=\"article:publisher\" content=\"https:\/\/www.facebook.com\/grontkontor.dk\/\" \/>\n<meta property=\"og:image\" content=\"https:\/\/grontkontor.dk\/wp-content\/uploads\/2022\/01\/Haengekoeje.jpg\" \/>\n\t<meta property=\"og:image:width\" content=\"900\" \/>\n\t<meta property=\"og:image:height\" content=\"639\" \/>\n\t<meta property=\"og:image:type\" content=\"image\/jpeg\" \/>\n<meta name=\"twitter:card\" content=\"summary_large_image\" \/>\n<script type=\"application\/ld+json\" class=\"yoast-schema-graph\">{\"@context\":\"https:\/\/schema.org\",\"@graph\":[{\"@type\":\"WebPage\",\"@id\":\"https:\/\/grontkontor.dk\/sv\/shop\/robust-haengmatta-m-u-tryck-restdel\/\",\"url\":\"https:\/\/grontkontor.dk\/sv\/shop\/robust-haengmatta-m-u-tryck-restdel\/\",\"name\":\"Robust h\u00e4ngmatta m\/u tryck - restdel - Gr\u00f8nt Kontor\",\"isPartOf\":{\"@id\":\"https:\/\/grontkontor.dk\/#website\"},\"datePublished\":\"2024-02-27T12:30:23+00:00\",\"dateModified\":\"2024-02-27T12:30:23+00:00\",\"breadcrumb\":{\"@id\":\"https:\/\/grontkontor.dk\/sv\/shop\/robust-haengmatta-m-u-tryck-restdel\/#breadcrumb\"},\"inLanguage\":\"sv-SE\",\"potentialAction\":[{\"@type\":\"ReadAction\",\"target\":[\"https:\/\/grontkontor.dk\/sv\/shop\/robust-haengmatta-m-u-tryck-restdel\/\"]}]},{\"@type\":\"BreadcrumbList\",\"@id\":\"https:\/\/grontkontor.dk\/sv\/shop\/robust-haengmatta-m-u-tryck-restdel\/#breadcrumb\",\"itemListElement\":[{\"@type\":\"ListItem\",\"position\":1,\"name\":\"Forside\",\"item\":\"https:\/\/grontkontor.dk\/\"},{\"@type\":\"ListItem\",\"position\":2,\"name\":\"Shop\",\"item\":\"https:\/\/grontkontor.dk\/sv\/shop\/\"},{\"@type\":\"ListItem\",\"position\":3,\"name\":\"Sport og fritid\",\"item\":\"https:\/\/grontkontor.dk\/produkt-kategori\/sport-og-fritid\/\"},{\"@type\":\"ListItem\",\"position\":4,\"name\":\"Robust h\u00e4ngmatta m\/u tryck &#8211; restdel\"}]},{\"@type\":\"WebSite\",\"@id\":\"https:\/\/grontkontor.dk\/#website\",\"url\":\"https:\/\/grontkontor.dk\/\",\"name\":\"Gr\u00f8nt Kontor\",\"description\":\"Milj\u00f8venlige produkter til kontor og erhverv med fokus p\u00e5 b\u00e6redygtighed, design og fair trade.\",\"publisher\":{\"@id\":\"https:\/\/grontkontor.dk\/#organization\"},\"potentialAction\":[{\"@type\":\"SearchAction\",\"target\":{\"@type\":\"EntryPoint\",\"urlTemplate\":\"https:\/\/grontkontor.dk\/?s={search_term_string}\"},\"query-input\":\"required name=search_term_string\"}],\"inLanguage\":\"sv-SE\"},{\"@type\":\"Organization\",\"@id\":\"https:\/\/grontkontor.dk\/#organization\",\"name\":\"Gr\u00f8nt Kontor\",\"url\":\"https:\/\/grontkontor.dk\/\",\"logo\":{\"@type\":\"ImageObject\",\"inLanguage\":\"sv-SE\",\"@id\":\"https:\/\/grontkontor.dk\/#\/schema\/logo\/image\/\",\"url\":\"https:\/\/grontkontor.dk\/wp-content\/uploads\/2014\/02\/Logo_groent_kontor_300x80.png\",\"contentUrl\":\"https:\/\/grontkontor.dk\/wp-content\/uploads\/2014\/02\/Logo_groent_kontor_300x80.png\",\"width\":300,\"height\":80,\"caption\":\"Gr\u00f8nt Kontor\"},\"image\":{\"@id\":\"https:\/\/grontkontor.dk\/#\/schema\/logo\/image\/\"},\"sameAs\":[\"https:\/\/www.facebook.com\/grontkontor.dk\/\"]}]}<\/script>\n<!-- \/ Yoast SEO Premium plugin. -->","yoast_head_json":{"title":"Robust h\u00e4ngmatta m\/u tryck - restdel - Gr\u00f8nt Kontor","robots":{"index":"index","follow":"follow","max-snippet":"max-snippet:-1","max-image-preview":"max-image-preview:large","max-video-preview":"max-video-preview:-1"},"canonical":"https:\/\/grontkontor.dk\/sv\/shop\/robust-haengmatta-m-u-tryck-restdel\/","og_locale":"sv_SE","og_type":"article","og_title":"Robust h\u00e4ngmatta m\/u tryck - restdel","og_description":"H\u00e4rlig h\u00e4ngmatta i bomull, polyester och tr\u00e4. H\u00e4ngmattan levereras i bomullsp\u00e5se. Det finns m\u00f6jlighet att trycka p\u00e5 flera st\u00e4llen p\u00e5 b\u00e5de h\u00e4ngmattan och p\u00e5 v\u00e4skan. Tyget best\u00e5r av 49% bomull, 46,6% polyester och 4,4% viskos B\u00e4rf\u00f6rm\u00e5ga: 120 kg. F\u00e4rg: Natur. &nbsp;","og_url":"https:\/\/grontkontor.dk\/sv\/shop\/robust-haengmatta-m-u-tryck-restdel\/","og_site_name":"Gr\u00f8nt Kontor","article_publisher":"https:\/\/www.facebook.com\/grontkontor.dk\/","og_image":[{"width":900,"height":639,"url":"https:\/\/grontkontor.dk\/wp-content\/uploads\/2022\/01\/Haengekoeje.jpg","type":"image\/jpeg"}],"twitter_card":"summary_large_image","schema":{"@context":"https:\/\/schema.org","@graph":[{"@type":"WebPage","@id":"https:\/\/grontkontor.dk\/sv\/shop\/robust-haengmatta-m-u-tryck-restdel\/","url":"https:\/\/grontkontor.dk\/sv\/shop\/robust-haengmatta-m-u-tryck-restdel\/","name":"Robust h\u00e4ngmatta m\/u tryck - restdel - Gr\u00f8nt Kontor","isPartOf":{"@id":"https:\/\/grontkontor.dk\/#website"},"datePublished":"2024-02-27T12:30:23+00:00","dateModified":"2024-02-27T12:30:23+00:00","breadcrumb":{"@id":"https:\/\/grontkontor.dk\/sv\/shop\/robust-haengmatta-m-u-tryck-restdel\/#breadcrumb"},"inLanguage":"sv-SE","potentialAction":[{"@type":"ReadAction","target":["https:\/\/grontkontor.dk\/sv\/shop\/robust-haengmatta-m-u-tryck-restdel\/"]}]},{"@type":"BreadcrumbList","@id":"https:\/\/grontkontor.dk\/sv\/shop\/robust-haengmatta-m-u-tryck-restdel\/#breadcrumb","itemListElement":[{"@type":"ListItem","position":1,"name":"Forside","item":"https:\/\/grontkontor.dk\/"},{"@type":"ListItem","position":2,"name":"Shop","item":"https:\/\/grontkontor.dk\/sv\/shop\/"},{"@type":"ListItem","position":3,"name":"Sport og fritid","item":"https:\/\/grontkontor.dk\/produkt-kategori\/sport-og-fritid\/"},{"@type":"ListItem","position":4,"name":"Robust h\u00e4ngmatta m\/u tryck &#8211; restdel"}]},{"@type":"WebSite","@id":"https:\/\/grontkontor.dk\/#website","url":"https:\/\/grontkontor.dk\/","name":"Gr\u00f8nt Kontor","description":"Milj\u00f8venlige produkter til kontor og erhverv med fokus p\u00e5 b\u00e6redygtighed, design og fair trade.","publisher":{"@id":"https:\/\/grontkontor.dk\/#organization"},"potentialAction":[{"@type":"SearchAction","target":{"@type":"EntryPoint","urlTemplate":"https:\/\/grontkontor.dk\/?s={search_term_string}"},"query-input":"required name=search_term_string"}],"inLanguage":"sv-SE"},{"@type":"Organization","@id":"https:\/\/grontkontor.dk\/#organization","name":"Gr\u00f8nt Kontor","url":"https:\/\/grontkontor.dk\/","logo":{"@type":"ImageObject","inLanguage":"sv-SE","@id":"https:\/\/grontkontor.dk\/#\/schema\/logo\/image\/","url":"https:\/\/grontkontor.dk\/wp-content\/uploads\/2014\/02\/Logo_groent_kontor_300x80.png","contentUrl":"https:\/\/grontkontor.dk\/wp-content\/uploads\/2014\/02\/Logo_groent_kontor_300x80.png","width":300,"height":80,"caption":"Gr\u00f8nt Kontor"},"image":{"@id":"https:\/\/grontkontor.dk\/#\/schema\/logo\/image\/"},"sameAs":["https:\/\/www.facebook.com\/grontkontor.dk\/"]}]}},"_links":{"self":[{"href":"https:\/\/grontkontor.dk\/sv\/wp-json\/wp\/v2\/product\/81774"}],"collection":[{"href":"https:\/\/grontkontor.dk\/sv\/wp-json\/wp\/v2\/product"}],"about":[{"href":"https:\/\/grontkontor.dk\/sv\/wp-json\/wp\/v2\/types\/product"}],"replies":[{"embeddable":true,"href":"https:\/\/grontkontor.dk\/sv\/wp-json\/wp\/v2\/comments?post=81774"}],"wp:featuredmedia":[{"embeddable":true,"href":"https:\/\/grontkontor.dk\/sv\/wp-json\/wp\/v2\/media\/33457"}],"wp:attachment":[{"href":"https:\/\/grontkontor.dk\/sv\/wp-json\/wp\/v2\/media?parent=81774"}],"wp:term":[{"taxonomy":"product_cat","embeddable":true,"href":"https:\/\/grontkontor.dk\/sv\/wp-json\/wp\/v2\/product_cat?post=81774"},{"taxonomy":"product_tag","embeddable":true,"href":"https:\/\/grontkontor.dk\/sv\/wp-json\/wp\/v2\/product_tag?post=81774"}],"curies":[{"name":"wp","href":"https:\/\/api.w.org\/{rel}","templated":true}]}}