{"id":81791,"date":"2023-09-22T13:47:47","date_gmt":"2024-02-27T12:35:01","guid":{"rendered":"https:\/\/grontkontor.dk\/shop\/shakerset-i-rostfritt-staal\/"},"modified":"2024-02-27T13:35:01","modified_gmt":"2024-02-27T12:35:01","slug":"shakerset-i-rostfritt-staal","status":"publish","type":"product","link":"https:\/\/grontkontor.dk\/sv\/shop\/shakerset-i-rostfritt-staal\/","title":{"rendered":"Shakerset i rostfritt st\u00e5l"},"content":{"rendered":"<p>Detta l\u00e4ckra shakerset \u00e4r tillverkat av rostfritt st\u00e5l och \u00e4r mycket l\u00e4mpligt som en exklusiv f\u00f6retagspresent och f\u00f6r anv\u00e4ndning inom caf\u00e9- och restaurangbranschen. Satsen inneh\u00e5ller en 500 ml shaker, en sil och en m\u00e5ttb\u00e4gare.<\/p>\n<p>Produktens snygga design inbjuder till flera alternativ f\u00f6r att ge den ett fint tryck eller din f\u00f6retagslogotyp. Logotyper kan tryckas p\u00e5 framsidan av shakern, framsidan av silen, p\u00e5 silens handtag och p\u00e5 m\u00e5ttb\u00e4garen.<\/p>\nSt\u00e5l\/j\u00e4rn \u00e4r en \u00e5tranv\u00e4ndbar och i praktiken obegr\u00e4nsad resurs som inte f\u00f6rorenar vid kassering. Produktionen av st\u00e5l \u00e4r i sig sj\u00e4lv inte h\u00e5llbar, d\u00e5 det produceras stora m\u00e4ngder CO2 fr\u00e5n fossila materialer i processen. Men d\u00e4remot har st\u00e5lprodukter en ovanligt l\u00e5ng levnadstid och g\u00f6r det m\u00f6jligt f\u00f6r \u00e5tervinning i det o\u00e4ndliga, vilket sker i s\u00e5 stort utstr\u00e4ckning att absolut st\u00f6rsta delen av allt st\u00e5l p\u00e5 marknaden, i huvudsak, best\u00e5r av \u00e5tervunnet st\u00e5l. \n<p>&nbsp;<\/p>\n","protected":false},"excerpt":{"rendered":"<p>Detta l\u00e4ckra shakerset \u00e4r tillverkat av rostfritt st\u00e5l och \u00e4r mycket l\u00e4mpligt som en exklusiv f\u00f6retagspresent och f\u00f6r anv\u00e4ndning inom caf\u00e9- och restaurangbranschen. Satsen inneh\u00e5ller en 500 ml shaker, en sil och en m\u00e5ttb\u00e4gare. Produktens snygga design inbjuder till flera alternativ f\u00f6r att ge den ett fint tryck eller din f\u00f6retagslogotyp. Logotyper kan tryckas p\u00e5 [&hellip;]<\/p>\n","protected":false},"featured_media":33445,"comment_status":"closed","ping_status":"closed","template":"","meta":{"_acf_changed":false},"product_cat":[2107,2136,867,2394],"product_tag":[3004,2002,3003],"class_list":{"0":"post-81791","1":"product","2":"type-product","3":"status-publish","4":"has-post-thumbnail","6":"product_cat-dummy-moq-1-sv","7":"product_cat-hotell-restaurang","8":"product_cat-miljovaenliga-foretagspresenter","9":"product_cat-nyheter","10":"product_tag-dricka","11":"product_tag-kolde-drikke-sv","12":"product_tag-shaker-sv","13":"tm-has-options","15":"first","16":"instock","17":"sale","18":"taxable","19":"shipping-taxable","20":"purchasable","21":"product-type-simple"},"acf":[],"yoast_head":"<!-- This site is optimized with the Yoast SEO Premium plugin v21.2 (Yoast SEO v21.2) - https:\/\/yoast.com\/wordpress\/plugins\/seo\/ -->\n<title>Shakerset i rostfritt st\u00e5l - Gr\u00f8nt Kontor<\/title>\n<meta name=\"robots\" content=\"index, follow, max-snippet:-1, max-image-preview:large, max-video-preview:-1\" \/>\n<link rel=\"canonical\" href=\"https:\/\/grontkontor.dk\/sv\/shop\/shakerset-i-rostfritt-staal\/\" \/>\n<meta property=\"og:locale\" content=\"sv_SE\" \/>\n<meta property=\"og:type\" content=\"article\" \/>\n<meta property=\"og:title\" content=\"Shakerset i rostfritt st\u00e5l\" \/>\n<meta property=\"og:description\" content=\"Detta l\u00e4ckra shakerset \u00e4r tillverkat av rostfritt st\u00e5l och \u00e4r mycket l\u00e4mpligt som en exklusiv f\u00f6retagspresent och f\u00f6r anv\u00e4ndning inom caf\u00e9- och restaurangbranschen. Satsen inneh\u00e5ller en 500 ml shaker, en sil och en m\u00e5ttb\u00e4gare. Produktens snygga design inbjuder till flera alternativ f\u00f6r att ge den ett fint tryck eller din f\u00f6retagslogotyp. Logotyper kan tryckas p\u00e5 [&hellip;]\" \/>\n<meta property=\"og:url\" content=\"https:\/\/grontkontor.dk\/sv\/shop\/shakerset-i-rostfritt-staal\/\" \/>\n<meta property=\"og:site_name\" content=\"Gr\u00f8nt Kontor\" \/>\n<meta property=\"article:publisher\" content=\"https:\/\/www.facebook.com\/grontkontor.dk\/\" \/>\n<meta property=\"og:image\" content=\"https:\/\/grontkontor.dk\/wp-content\/uploads\/2022\/01\/Shakersaet.jpg\" \/>\n\t<meta property=\"og:image:width\" content=\"900\" \/>\n\t<meta property=\"og:image:height\" content=\"639\" \/>\n\t<meta property=\"og:image:type\" content=\"image\/jpeg\" \/>\n<meta name=\"twitter:card\" content=\"summary_large_image\" \/>\n<script type=\"application\/ld+json\" class=\"yoast-schema-graph\">{\"@context\":\"https:\/\/schema.org\",\"@graph\":[{\"@type\":\"WebPage\",\"@id\":\"https:\/\/grontkontor.dk\/sv\/shop\/shakerset-i-rostfritt-staal\/\",\"url\":\"https:\/\/grontkontor.dk\/sv\/shop\/shakerset-i-rostfritt-staal\/\",\"name\":\"Shakerset i rostfritt st\u00e5l - Gr\u00f8nt Kontor\",\"isPartOf\":{\"@id\":\"https:\/\/grontkontor.dk\/#website\"},\"datePublished\":\"2024-02-27T12:35:01+00:00\",\"dateModified\":\"2024-02-27T12:35:01+00:00\",\"breadcrumb\":{\"@id\":\"https:\/\/grontkontor.dk\/sv\/shop\/shakerset-i-rostfritt-staal\/#breadcrumb\"},\"inLanguage\":\"sv-SE\",\"potentialAction\":[{\"@type\":\"ReadAction\",\"target\":[\"https:\/\/grontkontor.dk\/sv\/shop\/shakerset-i-rostfritt-staal\/\"]}]},{\"@type\":\"BreadcrumbList\",\"@id\":\"https:\/\/grontkontor.dk\/sv\/shop\/shakerset-i-rostfritt-staal\/#breadcrumb\",\"itemListElement\":[{\"@type\":\"ListItem\",\"position\":1,\"name\":\"Forside\",\"item\":\"https:\/\/grontkontor.dk\/\"},{\"@type\":\"ListItem\",\"position\":2,\"name\":\"Shop\",\"item\":\"https:\/\/grontkontor.dk\/sv\/shop\/\"},{\"@type\":\"ListItem\",\"position\":3,\"name\":\"Dummy MOQ 1\",\"item\":\"https:\/\/grontkontor.dk\/sv\/produkt-kategori\/dummy-moq-1-sv\/\"},{\"@type\":\"ListItem\",\"position\":4,\"name\":\"Shakerset i rostfritt st\u00e5l\"}]},{\"@type\":\"WebSite\",\"@id\":\"https:\/\/grontkontor.dk\/#website\",\"url\":\"https:\/\/grontkontor.dk\/\",\"name\":\"Gr\u00f8nt Kontor\",\"description\":\"Milj\u00f8venlige produkter til kontor og erhverv med fokus p\u00e5 b\u00e6redygtighed, design og fair trade.\",\"publisher\":{\"@id\":\"https:\/\/grontkontor.dk\/#organization\"},\"potentialAction\":[{\"@type\":\"SearchAction\",\"target\":{\"@type\":\"EntryPoint\",\"urlTemplate\":\"https:\/\/grontkontor.dk\/?s={search_term_string}\"},\"query-input\":\"required name=search_term_string\"}],\"inLanguage\":\"sv-SE\"},{\"@type\":\"Organization\",\"@id\":\"https:\/\/grontkontor.dk\/#organization\",\"name\":\"Gr\u00f8nt Kontor\",\"url\":\"https:\/\/grontkontor.dk\/\",\"logo\":{\"@type\":\"ImageObject\",\"inLanguage\":\"sv-SE\",\"@id\":\"https:\/\/grontkontor.dk\/#\/schema\/logo\/image\/\",\"url\":\"https:\/\/grontkontor.dk\/wp-content\/uploads\/2014\/02\/Logo_groent_kontor_300x80.png\",\"contentUrl\":\"https:\/\/grontkontor.dk\/wp-content\/uploads\/2014\/02\/Logo_groent_kontor_300x80.png\",\"width\":300,\"height\":80,\"caption\":\"Gr\u00f8nt Kontor\"},\"image\":{\"@id\":\"https:\/\/grontkontor.dk\/#\/schema\/logo\/image\/\"},\"sameAs\":[\"https:\/\/www.facebook.com\/grontkontor.dk\/\"]}]}<\/script>\n<!-- \/ Yoast SEO Premium plugin. -->","yoast_head_json":{"title":"Shakerset i rostfritt st\u00e5l - Gr\u00f8nt Kontor","robots":{"index":"index","follow":"follow","max-snippet":"max-snippet:-1","max-image-preview":"max-image-preview:large","max-video-preview":"max-video-preview:-1"},"canonical":"https:\/\/grontkontor.dk\/sv\/shop\/shakerset-i-rostfritt-staal\/","og_locale":"sv_SE","og_type":"article","og_title":"Shakerset i rostfritt st\u00e5l","og_description":"Detta l\u00e4ckra shakerset \u00e4r tillverkat av rostfritt st\u00e5l och \u00e4r mycket l\u00e4mpligt som en exklusiv f\u00f6retagspresent och f\u00f6r anv\u00e4ndning inom caf\u00e9- och restaurangbranschen. Satsen inneh\u00e5ller en 500 ml shaker, en sil och en m\u00e5ttb\u00e4gare. Produktens snygga design inbjuder till flera alternativ f\u00f6r att ge den ett fint tryck eller din f\u00f6retagslogotyp. Logotyper kan tryckas p\u00e5 [&hellip;]","og_url":"https:\/\/grontkontor.dk\/sv\/shop\/shakerset-i-rostfritt-staal\/","og_site_name":"Gr\u00f8nt Kontor","article_publisher":"https:\/\/www.facebook.com\/grontkontor.dk\/","og_image":[{"width":900,"height":639,"url":"https:\/\/grontkontor.dk\/wp-content\/uploads\/2022\/01\/Shakersaet.jpg","type":"image\/jpeg"}],"twitter_card":"summary_large_image","schema":{"@context":"https:\/\/schema.org","@graph":[{"@type":"WebPage","@id":"https:\/\/grontkontor.dk\/sv\/shop\/shakerset-i-rostfritt-staal\/","url":"https:\/\/grontkontor.dk\/sv\/shop\/shakerset-i-rostfritt-staal\/","name":"Shakerset i rostfritt st\u00e5l - Gr\u00f8nt Kontor","isPartOf":{"@id":"https:\/\/grontkontor.dk\/#website"},"datePublished":"2024-02-27T12:35:01+00:00","dateModified":"2024-02-27T12:35:01+00:00","breadcrumb":{"@id":"https:\/\/grontkontor.dk\/sv\/shop\/shakerset-i-rostfritt-staal\/#breadcrumb"},"inLanguage":"sv-SE","potentialAction":[{"@type":"ReadAction","target":["https:\/\/grontkontor.dk\/sv\/shop\/shakerset-i-rostfritt-staal\/"]}]},{"@type":"BreadcrumbList","@id":"https:\/\/grontkontor.dk\/sv\/shop\/shakerset-i-rostfritt-staal\/#breadcrumb","itemListElement":[{"@type":"ListItem","position":1,"name":"Forside","item":"https:\/\/grontkontor.dk\/"},{"@type":"ListItem","position":2,"name":"Shop","item":"https:\/\/grontkontor.dk\/sv\/shop\/"},{"@type":"ListItem","position":3,"name":"Dummy MOQ 1","item":"https:\/\/grontkontor.dk\/sv\/produkt-kategori\/dummy-moq-1-sv\/"},{"@type":"ListItem","position":4,"name":"Shakerset i rostfritt st\u00e5l"}]},{"@type":"WebSite","@id":"https:\/\/grontkontor.dk\/#website","url":"https:\/\/grontkontor.dk\/","name":"Gr\u00f8nt Kontor","description":"Milj\u00f8venlige produkter til kontor og erhverv med fokus p\u00e5 b\u00e6redygtighed, design og fair trade.","publisher":{"@id":"https:\/\/grontkontor.dk\/#organization"},"potentialAction":[{"@type":"SearchAction","target":{"@type":"EntryPoint","urlTemplate":"https:\/\/grontkontor.dk\/?s={search_term_string}"},"query-input":"required name=search_term_string"}],"inLanguage":"sv-SE"},{"@type":"Organization","@id":"https:\/\/grontkontor.dk\/#organization","name":"Gr\u00f8nt Kontor","url":"https:\/\/grontkontor.dk\/","logo":{"@type":"ImageObject","inLanguage":"sv-SE","@id":"https:\/\/grontkontor.dk\/#\/schema\/logo\/image\/","url":"https:\/\/grontkontor.dk\/wp-content\/uploads\/2014\/02\/Logo_groent_kontor_300x80.png","contentUrl":"https:\/\/grontkontor.dk\/wp-content\/uploads\/2014\/02\/Logo_groent_kontor_300x80.png","width":300,"height":80,"caption":"Gr\u00f8nt Kontor"},"image":{"@id":"https:\/\/grontkontor.dk\/#\/schema\/logo\/image\/"},"sameAs":["https:\/\/www.facebook.com\/grontkontor.dk\/"]}]}},"_links":{"self":[{"href":"https:\/\/grontkontor.dk\/sv\/wp-json\/wp\/v2\/product\/81791"}],"collection":[{"href":"https:\/\/grontkontor.dk\/sv\/wp-json\/wp\/v2\/product"}],"about":[{"href":"https:\/\/grontkontor.dk\/sv\/wp-json\/wp\/v2\/types\/product"}],"replies":[{"embeddable":true,"href":"https:\/\/grontkontor.dk\/sv\/wp-json\/wp\/v2\/comments?post=81791"}],"wp:featuredmedia":[{"embeddable":true,"href":"https:\/\/grontkontor.dk\/sv\/wp-json\/wp\/v2\/media\/33445"}],"wp:attachment":[{"href":"https:\/\/grontkontor.dk\/sv\/wp-json\/wp\/v2\/media?parent=81791"}],"wp:term":[{"taxonomy":"product_cat","embeddable":true,"href":"https:\/\/grontkontor.dk\/sv\/wp-json\/wp\/v2\/product_cat?post=81791"},{"taxonomy":"product_tag","embeddable":true,"href":"https:\/\/grontkontor.dk\/sv\/wp-json\/wp\/v2\/product_tag?post=81791"}],"curies":[{"name":"wp","href":"https:\/\/api.w.org\/{rel}","templated":true}]}}