{"id":81810,"date":"2023-09-22T13:47:33","date_gmt":"2024-02-27T12:41:30","guid":{"rendered":"https:\/\/grontkontor.dk\/shop\/klimatvaenlig-keps-i-hampa-m-u-tryck\/"},"modified":"2025-11-06T11:27:27","modified_gmt":"2025-11-06T10:27:27","slug":"klimavenlig-kasket-hamp","status":"publish","type":"product","link":"https:\/\/grontkontor.dk\/sv\/shop\/klimavenlig-kasket-hamp\/","title":{"rendered":"Klimatv\u00e4nlig keps i hampa m\/u tryck"},"content":{"rendered":"<p>Klimatv\u00e4nlig keps i hampa &#8211; snygg design och naturlig komfort<\/p>\n<p>Denna klimatv\u00e4nliga hampakeps \u00e4r ett funktionellt och snyggt val f\u00f6r alla som vill ha ett naturligt alternativ till traditionella kepsar. Den \u00e4r tillverkad av 100 % stark hampa (370 gsm), ett material som \u00e4r k\u00e4nt f\u00f6r sina starka fibrer, l\u00e5nga h\u00e5llbarhet och behagliga struktur. Hampa \u00e4r ett regenerativt material som kan anv\u00e4ndas till textilier, tr\u00e5dar och duk, och resultatet \u00e4r en keps som k\u00e4nns b\u00e5de bekv\u00e4m och t\u00e5l m\u00e5nga \u00e5rs anv\u00e4ndning.  <\/p>\n<p>Kepsen \u00e4r utrustad med ventilationsh\u00e5l som ger optimal luftcirkulation, s\u00e5 den \u00e4r bekv\u00e4m att b\u00e4ra \u00e4ven i varma milj\u00f6er. P\u00e5 baksidan finns en justerbar rem med ett m\u00e4ssingssp\u00e4nne s\u00e5 att storleken enkelt kan justeras \u2013 standardm\u00e5ttet \u00e4r 58 cm. Den klassiska designen g\u00f6r att kepsen kan anv\u00e4ndas i m\u00e5nga sammanhang: f\u00f6r sport, fritid, arbete eller som profilartikel f\u00f6r f\u00f6retag.  <\/p>\n<p>En av de stora f\u00f6rdelarna \u00e4r att kepsen kan anpassas med f\u00f6retagets visuella identitet. Den kan levereras i flera f\u00e4rger och best\u00e4llas med logotryck eller brodyr p\u00e5 framsida eller sidor. Logotryck ger ett skarpt och tydligt uttryck som \u00e4r perfekt f\u00f6r m\u00e4ssor och event d\u00e4r synligt branding \u00e4r i fokus. P\u00e5 s\u00e5 s\u00e4tt blir kepsen inte bara ett praktiskt tillbeh\u00f6r, utan ocks\u00e5 ett effektivt marknadsf\u00f6ringsverktyg.   <\/p>\n<p>Hampa som textil har flera unika egenskaper. Det kr\u00e4ver betydligt mindre vatten \u00e4n till exempel bomull och odlas med f\u00e4rre bek\u00e4mpningsmedel, vilket g\u00f6r det till ett skonsammare material. Samtidigt har hampa naturliga antibakteriella egenskaper, p\u00e5 samma s\u00e4tt som ull, vilket g\u00f6r m\u00f6ssan mer hygienisk och fr\u00e4sch \u00f6ver en l\u00e4ngre tid.<br \/>\nMed denna keps i hampa f\u00e5r du en produkt som f\u00f6renar funktionalitet, komfort och ett naturligt utseende. Oavsett om det anv\u00e4nds som f\u00f6retagspresent, utdelning till m\u00e4ssor eller som en del av vardagsgarderoben \u00e4r det ett val som signalerar kvalitet och omtanke.   <\/p>\n<p>Se v\u00e5ra \u00e5tervunna korkar h\u00e4r: https:\/\/grontkontor.dk\/produkt\/baeredygtig-recycled-kasket\/<\/p>\nBest\u00e4ll ett icke bindande erbjudande p\u00e5 tryck eller lasergravering hos <a class=\"light\" href=\"mailto:jens@grontkontor.dk\">jens@grontkontor.dk<\/a>\n","protected":false},"excerpt":{"rendered":"<p>Klimatv\u00e4nlig keps i hampa &#8211; snygg design och naturlig komfort Denna klimatv\u00e4nliga hampakeps \u00e4r ett funktionellt och snyggt val f\u00f6r alla som vill ha ett naturligt alternativ till traditionella kepsar. Den \u00e4r tillverkad av 100 % stark hampa (370 gsm), ett material som \u00e4r k\u00e4nt f\u00f6r sina starka fibrer, l\u00e5nga h\u00e5llbarhet och behagliga struktur. Hampa [&hellip;]<\/p>\n","protected":false},"featured_media":115908,"comment_status":"closed","ping_status":"closed","template":"","meta":{"_acf_changed":false},"product_cat":[4838,2107,867,2394,3143],"product_tag":[1754,1753],"class_list":{"0":"post-81810","1":"product","2":"type-product","3":"status-publish","4":"has-post-thumbnail","6":"product_cat-huvudbonad","7":"product_cat-dummy-moq-1-sv","8":"product_cat-miljovaenliga-foretagspresenter","9":"product_cat-nyheter","10":"product_cat-sport-och-fritid","11":"product_tag-hovedbeklaedning-sv","12":"product_tag-kasket-sv","13":"tm-has-options","15":"first","16":"instock","17":"sale","18":"taxable","19":"shipping-taxable","20":"purchasable","21":"product-type-variable","22":"has-default-attributes"},"acf":[],"yoast_head":"<!-- This site is optimized with the Yoast SEO Premium plugin v21.2 (Yoast SEO v21.2) - https:\/\/yoast.com\/wordpress\/plugins\/seo\/ -->\n<title>Klimatv\u00e4nlig keps i hampa m\/u tryck - Gr\u00f8nt Kontor<\/title>\n<meta name=\"description\" content=\"Klimatsmart keps i 100% hampa. Milj\u00f6v\u00e4nligt, slitstarkt och milj\u00f6v\u00e4nligt lock med ventilationsh\u00e5l och justerbar rem. Finns med logotyp.\" \/>\n<meta name=\"robots\" content=\"index, follow, max-snippet:-1, max-image-preview:large, max-video-preview:-1\" \/>\n<link rel=\"canonical\" href=\"https:\/\/grontkontor.dk\/sv\/shop\/klimavenlig-kasket-hamp\/\" \/>\n<meta property=\"og:locale\" content=\"sv_SE\" \/>\n<meta property=\"og:type\" content=\"article\" \/>\n<meta property=\"og:title\" content=\"Klimatv\u00e4nlig keps i hampa m\/u tryck\" \/>\n<meta property=\"og:description\" content=\"Klimatsmart keps i 100% hampa. Milj\u00f6v\u00e4nligt, slitstarkt och milj\u00f6v\u00e4nligt lock med ventilationsh\u00e5l och justerbar rem. Finns med logotyp.\" \/>\n<meta property=\"og:url\" content=\"https:\/\/grontkontor.dk\/sv\/shop\/klimavenlig-kasket-hamp\/\" \/>\n<meta property=\"og:site_name\" content=\"Gr\u00f8nt Kontor\" \/>\n<meta property=\"article:publisher\" content=\"https:\/\/www.facebook.com\/grontkontor.dk\/\" \/>\n<meta property=\"article:modified_time\" content=\"2025-11-06T10:27:27+00:00\" \/>\n<meta property=\"og:image\" content=\"https:\/\/grontkontor.dk\/wp-content\/uploads\/2023\/09\/Klimavenlig-kasket-i-hamp.jpg\" \/>\n\t<meta property=\"og:image:width\" content=\"900\" \/>\n\t<meta property=\"og:image:height\" content=\"639\" \/>\n\t<meta property=\"og:image:type\" content=\"image\/jpeg\" \/>\n<meta name=\"twitter:card\" content=\"summary_large_image\" \/>\n<meta name=\"twitter:label1\" content=\"Ber\u00e4knad l\u00e4stid\" \/>\n\t<meta name=\"twitter:data1\" content=\"2 minuter\" \/>\n<script type=\"application\/ld+json\" class=\"yoast-schema-graph\">{\"@context\":\"https:\/\/schema.org\",\"@graph\":[{\"@type\":\"WebPage\",\"@id\":\"https:\/\/grontkontor.dk\/sv\/shop\/klimavenlig-kasket-hamp\/\",\"url\":\"https:\/\/grontkontor.dk\/sv\/shop\/klimavenlig-kasket-hamp\/\",\"name\":\"Klimatv\u00e4nlig keps i hampa m\/u tryck - Gr\u00f8nt Kontor\",\"isPartOf\":{\"@id\":\"https:\/\/grontkontor.dk\/#website\"},\"datePublished\":\"2024-02-27T12:41:30+00:00\",\"dateModified\":\"2025-11-06T10:27:27+00:00\",\"description\":\"Klimatsmart keps i 100% hampa. Milj\u00f6v\u00e4nligt, slitstarkt och milj\u00f6v\u00e4nligt lock med ventilationsh\u00e5l och justerbar rem. Finns med logotyp.\",\"breadcrumb\":{\"@id\":\"https:\/\/grontkontor.dk\/sv\/shop\/klimavenlig-kasket-hamp\/#breadcrumb\"},\"inLanguage\":\"sv-SE\",\"potentialAction\":[{\"@type\":\"ReadAction\",\"target\":[\"https:\/\/grontkontor.dk\/sv\/shop\/klimavenlig-kasket-hamp\/\"]}]},{\"@type\":\"BreadcrumbList\",\"@id\":\"https:\/\/grontkontor.dk\/sv\/shop\/klimavenlig-kasket-hamp\/#breadcrumb\",\"itemListElement\":[{\"@type\":\"ListItem\",\"position\":1,\"name\":\"Forside\",\"item\":\"https:\/\/grontkontor.dk\/\"},{\"@type\":\"ListItem\",\"position\":2,\"name\":\"Shop\",\"item\":\"https:\/\/grontkontor.dk\/sv\/shop\/\"},{\"@type\":\"ListItem\",\"position\":3,\"name\":\"Kl\u00e4der\",\"item\":\"https:\/\/grontkontor.dk\/sv\/produkt-kategori\/beklaedning-sv\/\"},{\"@type\":\"ListItem\",\"position\":4,\"name\":\"Huvudbonad\",\"item\":\"https:\/\/grontkontor.dk\/sv\/produkt-kategori\/beklaedning-sv\/huvudbonad\/\"},{\"@type\":\"ListItem\",\"position\":5,\"name\":\"Klimatv\u00e4nlig keps i hampa m\/u tryck\"}]},{\"@type\":\"WebSite\",\"@id\":\"https:\/\/grontkontor.dk\/#website\",\"url\":\"https:\/\/grontkontor.dk\/\",\"name\":\"Gr\u00f8nt Kontor\",\"description\":\"Milj\u00f8venlige produkter til kontor og erhverv med fokus p\u00e5 b\u00e6redygtighed, design og fair trade.\",\"publisher\":{\"@id\":\"https:\/\/grontkontor.dk\/#organization\"},\"potentialAction\":[{\"@type\":\"SearchAction\",\"target\":{\"@type\":\"EntryPoint\",\"urlTemplate\":\"https:\/\/grontkontor.dk\/?s={search_term_string}\"},\"query-input\":\"required name=search_term_string\"}],\"inLanguage\":\"sv-SE\"},{\"@type\":\"Organization\",\"@id\":\"https:\/\/grontkontor.dk\/#organization\",\"name\":\"Gr\u00f8nt Kontor\",\"url\":\"https:\/\/grontkontor.dk\/\",\"logo\":{\"@type\":\"ImageObject\",\"inLanguage\":\"sv-SE\",\"@id\":\"https:\/\/grontkontor.dk\/#\/schema\/logo\/image\/\",\"url\":\"https:\/\/grontkontor.dk\/wp-content\/uploads\/2014\/02\/Logo_groent_kontor_300x80.png\",\"contentUrl\":\"https:\/\/grontkontor.dk\/wp-content\/uploads\/2014\/02\/Logo_groent_kontor_300x80.png\",\"width\":300,\"height\":80,\"caption\":\"Gr\u00f8nt Kontor\"},\"image\":{\"@id\":\"https:\/\/grontkontor.dk\/#\/schema\/logo\/image\/\"},\"sameAs\":[\"https:\/\/www.facebook.com\/grontkontor.dk\/\"]}]}<\/script>\n<!-- \/ Yoast SEO Premium plugin. -->","yoast_head_json":{"title":"Klimatv\u00e4nlig keps i hampa m\/u tryck - Gr\u00f8nt Kontor","description":"Klimatsmart keps i 100% hampa. Milj\u00f6v\u00e4nligt, slitstarkt och milj\u00f6v\u00e4nligt lock med ventilationsh\u00e5l och justerbar rem. Finns med logotyp.","robots":{"index":"index","follow":"follow","max-snippet":"max-snippet:-1","max-image-preview":"max-image-preview:large","max-video-preview":"max-video-preview:-1"},"canonical":"https:\/\/grontkontor.dk\/sv\/shop\/klimavenlig-kasket-hamp\/","og_locale":"sv_SE","og_type":"article","og_title":"Klimatv\u00e4nlig keps i hampa m\/u tryck","og_description":"Klimatsmart keps i 100% hampa. Milj\u00f6v\u00e4nligt, slitstarkt och milj\u00f6v\u00e4nligt lock med ventilationsh\u00e5l och justerbar rem. Finns med logotyp.","og_url":"https:\/\/grontkontor.dk\/sv\/shop\/klimavenlig-kasket-hamp\/","og_site_name":"Gr\u00f8nt Kontor","article_publisher":"https:\/\/www.facebook.com\/grontkontor.dk\/","article_modified_time":"2025-11-06T10:27:27+00:00","og_image":[{"width":900,"height":639,"url":"https:\/\/grontkontor.dk\/wp-content\/uploads\/2023\/09\/Klimavenlig-kasket-i-hamp.jpg","type":"image\/jpeg"}],"twitter_card":"summary_large_image","twitter_misc":{"Ber\u00e4knad l\u00e4stid":"2 minuter"},"schema":{"@context":"https:\/\/schema.org","@graph":[{"@type":"WebPage","@id":"https:\/\/grontkontor.dk\/sv\/shop\/klimavenlig-kasket-hamp\/","url":"https:\/\/grontkontor.dk\/sv\/shop\/klimavenlig-kasket-hamp\/","name":"Klimatv\u00e4nlig keps i hampa m\/u tryck - Gr\u00f8nt Kontor","isPartOf":{"@id":"https:\/\/grontkontor.dk\/#website"},"datePublished":"2024-02-27T12:41:30+00:00","dateModified":"2025-11-06T10:27:27+00:00","description":"Klimatsmart keps i 100% hampa. Milj\u00f6v\u00e4nligt, slitstarkt och milj\u00f6v\u00e4nligt lock med ventilationsh\u00e5l och justerbar rem. Finns med logotyp.","breadcrumb":{"@id":"https:\/\/grontkontor.dk\/sv\/shop\/klimavenlig-kasket-hamp\/#breadcrumb"},"inLanguage":"sv-SE","potentialAction":[{"@type":"ReadAction","target":["https:\/\/grontkontor.dk\/sv\/shop\/klimavenlig-kasket-hamp\/"]}]},{"@type":"BreadcrumbList","@id":"https:\/\/grontkontor.dk\/sv\/shop\/klimavenlig-kasket-hamp\/#breadcrumb","itemListElement":[{"@type":"ListItem","position":1,"name":"Forside","item":"https:\/\/grontkontor.dk\/"},{"@type":"ListItem","position":2,"name":"Shop","item":"https:\/\/grontkontor.dk\/sv\/shop\/"},{"@type":"ListItem","position":3,"name":"Kl\u00e4der","item":"https:\/\/grontkontor.dk\/sv\/produkt-kategori\/beklaedning-sv\/"},{"@type":"ListItem","position":4,"name":"Huvudbonad","item":"https:\/\/grontkontor.dk\/sv\/produkt-kategori\/beklaedning-sv\/huvudbonad\/"},{"@type":"ListItem","position":5,"name":"Klimatv\u00e4nlig keps i hampa m\/u tryck"}]},{"@type":"WebSite","@id":"https:\/\/grontkontor.dk\/#website","url":"https:\/\/grontkontor.dk\/","name":"Gr\u00f8nt Kontor","description":"Milj\u00f8venlige produkter til kontor og erhverv med fokus p\u00e5 b\u00e6redygtighed, design og fair trade.","publisher":{"@id":"https:\/\/grontkontor.dk\/#organization"},"potentialAction":[{"@type":"SearchAction","target":{"@type":"EntryPoint","urlTemplate":"https:\/\/grontkontor.dk\/?s={search_term_string}"},"query-input":"required name=search_term_string"}],"inLanguage":"sv-SE"},{"@type":"Organization","@id":"https:\/\/grontkontor.dk\/#organization","name":"Gr\u00f8nt Kontor","url":"https:\/\/grontkontor.dk\/","logo":{"@type":"ImageObject","inLanguage":"sv-SE","@id":"https:\/\/grontkontor.dk\/#\/schema\/logo\/image\/","url":"https:\/\/grontkontor.dk\/wp-content\/uploads\/2014\/02\/Logo_groent_kontor_300x80.png","contentUrl":"https:\/\/grontkontor.dk\/wp-content\/uploads\/2014\/02\/Logo_groent_kontor_300x80.png","width":300,"height":80,"caption":"Gr\u00f8nt Kontor"},"image":{"@id":"https:\/\/grontkontor.dk\/#\/schema\/logo\/image\/"},"sameAs":["https:\/\/www.facebook.com\/grontkontor.dk\/"]}]}},"_links":{"self":[{"href":"https:\/\/grontkontor.dk\/sv\/wp-json\/wp\/v2\/product\/81810"}],"collection":[{"href":"https:\/\/grontkontor.dk\/sv\/wp-json\/wp\/v2\/product"}],"about":[{"href":"https:\/\/grontkontor.dk\/sv\/wp-json\/wp\/v2\/types\/product"}],"replies":[{"embeddable":true,"href":"https:\/\/grontkontor.dk\/sv\/wp-json\/wp\/v2\/comments?post=81810"}],"wp:featuredmedia":[{"embeddable":true,"href":"https:\/\/grontkontor.dk\/sv\/wp-json\/wp\/v2\/media\/115908"}],"wp:attachment":[{"href":"https:\/\/grontkontor.dk\/sv\/wp-json\/wp\/v2\/media?parent=81810"}],"wp:term":[{"taxonomy":"product_cat","embeddable":true,"href":"https:\/\/grontkontor.dk\/sv\/wp-json\/wp\/v2\/product_cat?post=81810"},{"taxonomy":"product_tag","embeddable":true,"href":"https:\/\/grontkontor.dk\/sv\/wp-json\/wp\/v2\/product_tag?post=81810"}],"curies":[{"name":"wp","href":"https:\/\/api.w.org\/{rel}","templated":true}]}}