{"id":81859,"date":"2023-09-22T13:22:14","date_gmt":"2024-02-27T14:17:28","guid":{"rendered":"https:\/\/grontkontor.dk\/shop\/vattenflaska-aatervunnen-plast-600ml-m-u-tryck\/"},"modified":"2024-02-27T15:17:28","modified_gmt":"2024-02-27T14:17:28","slug":"vattenflaska-aatervunnen-plast-600ml-m-u-tryck","status":"publish","type":"product","link":"https:\/\/grontkontor.dk\/sv\/shop\/vattenflaska-aatervunnen-plast-600ml-m-u-tryck\/","title":{"rendered":"Vattenflaska \u00e5tervunnen plast 600ml m\/u tryck"},"content":{"rendered":"<p>H\u00e4rlig klimatv\u00e4nlig dricksflaska belagd med lock i gummi och rostfritt st\u00e5l. Inuti \u00e4r vattenflaskan tillverkad av BPA-fri \u00e5tervunnen plast av livsmedelskvalitet &#8211; rPET.<\/p>\n<p>En milj\u00f6v\u00e4nlig vattenflaska perfekt f\u00f6r f\u00f6retagspresenter eller giveaways p\u00e5 m\u00e4ssor och evenemang.<\/p>\n<p>Flaskan har en l\u00e4ckagefri silikonring, ett praktiskt och klimatv\u00e4nligt s\u00e4tt att sl\u00e4cka t\u00f6rsten. Ej l\u00e4mplig f\u00f6r kolsyrade drycker eller varma drycker 0ver 50 grader. Ej l\u00e4mplig f\u00f6r diskmaskin och mikrov\u00e5gsugn. Volym: 600 ml.<\/p>\n<p>Minsta best\u00e4llning: 50 st.<\/p>\n<p>rPET (recycled polyethylen) l\u00e4mpar sig f\u00f6r livsmedel, \u00e4r klimatv\u00e4nligt och \u00e5teranva\u00e4ndbar plast \u00e4r ofta tillverkad av \u00e5teranv\u00e4nda plastflaskor. rPET har ett h\u00f6gt inneh\u00e5ll av kol och \u00e4r d\u00e4rf\u00f6r en effektiv koldepot i produktens och i den \u00e5tervunna produktens livstid.  St\u00e5l\/j\u00e4rn er en \u00e5teranv\u00e4ndbar och praktiskt taget obegr\u00e4nsad resurs som inte f\u00f6rorenar vid kassering. St\u00e5l kan \u00e5tervinnas i det o\u00e4ndliga, vilket sker i s\u00e5 stor utstr\u00e4ckning att absolut st\u00f6rsta delen av allt st\u00e5l p\u00e5 marknaden, i huvudsak, best\u00e5r av \u00e5tervunnen st\u00e5l.  Global Recycled Standard certificeringen garanterar att man \u00e5tervunnet minst 50% av materialet i en slutprodukt. GRS \u00e4r dessutom en garanti f\u00f6r goda arbetsvillkor och minimalt inneh\u00e5ll av skatlig kemi. <\/p>\n<p>&nbsp;<\/p>\n<p><img loading=\"lazy\" decoding=\"async\" src=\"https:\/\/grontkontor.dk\/wp-content\/uploads\/2021\/02\/genbrug.jpg\" alt=\"Fremstillet af genbrugsmaterialer\" width=\"50\" height=\"50\" class=\"size-full wp-image-23031\" srcset=\"https:\/\/grontkontor.dk\/wp-content\/uploads\/2021\/02\/genbrug.jpg 199w, https:\/\/grontkontor.dk\/wp-content\/uploads\/2021\/02\/genbrug-100x100.jpg 100w\" sizes=\"(max-width: 50px) 100vw, 50px\" \/> <a href=\"https:\/\/textileexchange.org\/standards\/recycled-claim-standard-global-recycled-standard\/\"><img loading=\"lazy\" decoding=\"async\" src=\"https:\/\/grontkontor.dk\/wp-content\/uploads\/2021\/06\/global-recycled-standard-1.jpg\" alt=\"Global recycled standard\" width=\"50\" height=\"50\" class=\"size-full wp-image-25504\" \/> <\/a><\/p>\n","protected":false},"excerpt":{"rendered":"<p>H\u00e4rlig klimatv\u00e4nlig dricksflaska belagd med lock i gummi och rostfritt st\u00e5l. Inuti \u00e4r vattenflaskan tillverkad av BPA-fri \u00e5tervunnen plast av livsmedelskvalitet &#8211; rPET. En milj\u00f6v\u00e4nlig vattenflaska perfekt f\u00f6r f\u00f6retagspresenter eller giveaways p\u00e5 m\u00e4ssor och evenemang. Flaskan har en l\u00e4ckagefri silikonring, ett praktiskt och klimatv\u00e4nligt s\u00e4tt att sl\u00e4cka t\u00f6rsten. Ej l\u00e4mplig f\u00f6r kolsyrade drycker eller varma [&hellip;]<\/p>\n","protected":false},"featured_media":25801,"comment_status":"closed","ping_status":"closed","template":"","meta":{"_acf_changed":false},"product_cat":[4399,2123,2233,2003],"product_tag":[2960,1898,1897,2961],"class_list":{"0":"post-81859","1":"product","2":"type-product","3":"status-publish","4":"has-post-thumbnail","6":"product_cat-termoser-och-vattenflaskor","7":"product_cat-dummy-moq-50-100-sv","8":"product_cat-mat-och-dryck","9":"product_cat-drikkedunke-og-termoflasker-sv","10":"product_tag-dricksflaskor","11":"product_tag-vandflaske-sv","12":"product_tag-drikkedunk-sv","13":"product_tag-vattenflaskor","14":"pa_farve-kalk","15":"pa_farve-lyseblaa-sv","16":"pa_farve-royal-blaa-sv","17":"pa_farve-graa-sv","18":"pa_farve-orange-sv","19":"pa_farve-roed-sv","20":"pa_farve-hvid-sv","21":"tm-has-options","23":"first","24":"instock","25":"taxable","26":"shipping-taxable","27":"purchasable","28":"product-type-variable","29":"has-default-attributes"},"acf":[],"yoast_head":"<!-- This site is optimized with the Yoast SEO Premium plugin v21.2 (Yoast SEO v21.2) - https:\/\/yoast.com\/wordpress\/plugins\/seo\/ -->\n<title>Vattenflaska \u00e5tervunnen plast 600ml m\/u tryck - Gr\u00f8nt Kontor<\/title>\n<meta name=\"robots\" content=\"index, follow, max-snippet:-1, max-image-preview:large, max-video-preview:-1\" \/>\n<link rel=\"canonical\" href=\"https:\/\/grontkontor.dk\/sv\/shop\/vattenflaska-aatervunnen-plast-600ml-m-u-tryck\/\" \/>\n<meta property=\"og:locale\" content=\"sv_SE\" \/>\n<meta property=\"og:type\" content=\"article\" \/>\n<meta property=\"og:title\" content=\"Vattenflaska \u00e5tervunnen plast 600ml m\/u tryck\" \/>\n<meta property=\"og:description\" content=\"H\u00e4rlig klimatv\u00e4nlig dricksflaska belagd med lock i gummi och rostfritt st\u00e5l. Inuti \u00e4r vattenflaskan tillverkad av BPA-fri \u00e5tervunnen plast av livsmedelskvalitet &#8211; rPET. En milj\u00f6v\u00e4nlig vattenflaska perfekt f\u00f6r f\u00f6retagspresenter eller giveaways p\u00e5 m\u00e4ssor och evenemang. Flaskan har en l\u00e4ckagefri silikonring, ett praktiskt och klimatv\u00e4nligt s\u00e4tt att sl\u00e4cka t\u00f6rsten. Ej l\u00e4mplig f\u00f6r kolsyrade drycker eller varma [&hellip;]\" \/>\n<meta property=\"og:url\" content=\"https:\/\/grontkontor.dk\/sv\/shop\/vattenflaska-aatervunnen-plast-600ml-m-u-tryck\/\" \/>\n<meta property=\"og:site_name\" content=\"Gr\u00f8nt Kontor\" \/>\n<meta property=\"article:publisher\" content=\"https:\/\/www.facebook.com\/grontkontor.dk\/\" \/>\n<meta name=\"twitter:card\" content=\"summary_large_image\" \/>\n<script type=\"application\/ld+json\" class=\"yoast-schema-graph\">{\"@context\":\"https:\/\/schema.org\",\"@graph\":[{\"@type\":\"WebPage\",\"@id\":\"https:\/\/grontkontor.dk\/sv\/shop\/vattenflaska-aatervunnen-plast-600ml-m-u-tryck\/\",\"url\":\"https:\/\/grontkontor.dk\/sv\/shop\/vattenflaska-aatervunnen-plast-600ml-m-u-tryck\/\",\"name\":\"Vattenflaska \u00e5tervunnen plast 600ml m\/u tryck - Gr\u00f8nt Kontor\",\"isPartOf\":{\"@id\":\"https:\/\/grontkontor.dk\/#website\"},\"datePublished\":\"2024-02-27T14:17:28+00:00\",\"dateModified\":\"2024-02-27T14:17:28+00:00\",\"breadcrumb\":{\"@id\":\"https:\/\/grontkontor.dk\/sv\/shop\/vattenflaska-aatervunnen-plast-600ml-m-u-tryck\/#breadcrumb\"},\"inLanguage\":\"sv-SE\",\"potentialAction\":[{\"@type\":\"ReadAction\",\"target\":[\"https:\/\/grontkontor.dk\/sv\/shop\/vattenflaska-aatervunnen-plast-600ml-m-u-tryck\/\"]}]},{\"@type\":\"BreadcrumbList\",\"@id\":\"https:\/\/grontkontor.dk\/sv\/shop\/vattenflaska-aatervunnen-plast-600ml-m-u-tryck\/#breadcrumb\",\"itemListElement\":[{\"@type\":\"ListItem\",\"position\":1,\"name\":\"Forside\",\"item\":\"https:\/\/grontkontor.dk\/\"},{\"@type\":\"ListItem\",\"position\":2,\"name\":\"Shop\",\"item\":\"https:\/\/grontkontor.dk\/sv\/shop\/\"},{\"@type\":\"ListItem\",\"position\":3,\"name\":\"Klimatsmarta f\u00f6retagspresenter\",\"item\":\"https:\/\/grontkontor.dk\/sv\/produkt-kategori\/miljovaenliga-foretagspresenter\/\"},{\"@type\":\"ListItem\",\"position\":4,\"name\":\"Termoser och vattenflaskor\",\"item\":\"https:\/\/grontkontor.dk\/sv\/produkt-kategori\/miljovaenliga-foretagspresenter\/termoser-och-vattenflaskor\/\"},{\"@type\":\"ListItem\",\"position\":5,\"name\":\"Vattenflaska \u00e5tervunnen plast 600ml m\/u tryck\"}]},{\"@type\":\"WebSite\",\"@id\":\"https:\/\/grontkontor.dk\/#website\",\"url\":\"https:\/\/grontkontor.dk\/\",\"name\":\"Gr\u00f8nt Kontor\",\"description\":\"Milj\u00f8venlige produkter til kontor og erhverv med fokus p\u00e5 b\u00e6redygtighed, design og fair trade.\",\"publisher\":{\"@id\":\"https:\/\/grontkontor.dk\/#organization\"},\"potentialAction\":[{\"@type\":\"SearchAction\",\"target\":{\"@type\":\"EntryPoint\",\"urlTemplate\":\"https:\/\/grontkontor.dk\/?s={search_term_string}\"},\"query-input\":\"required name=search_term_string\"}],\"inLanguage\":\"sv-SE\"},{\"@type\":\"Organization\",\"@id\":\"https:\/\/grontkontor.dk\/#organization\",\"name\":\"Gr\u00f8nt Kontor\",\"url\":\"https:\/\/grontkontor.dk\/\",\"logo\":{\"@type\":\"ImageObject\",\"inLanguage\":\"sv-SE\",\"@id\":\"https:\/\/grontkontor.dk\/#\/schema\/logo\/image\/\",\"url\":\"https:\/\/grontkontor.dk\/wp-content\/uploads\/2014\/02\/Logo_groent_kontor_300x80.png\",\"contentUrl\":\"https:\/\/grontkontor.dk\/wp-content\/uploads\/2014\/02\/Logo_groent_kontor_300x80.png\",\"width\":300,\"height\":80,\"caption\":\"Gr\u00f8nt Kontor\"},\"image\":{\"@id\":\"https:\/\/grontkontor.dk\/#\/schema\/logo\/image\/\"},\"sameAs\":[\"https:\/\/www.facebook.com\/grontkontor.dk\/\"]}]}<\/script>\n<!-- \/ Yoast SEO Premium plugin. -->","yoast_head_json":{"title":"Vattenflaska \u00e5tervunnen plast 600ml m\/u tryck - Gr\u00f8nt Kontor","robots":{"index":"index","follow":"follow","max-snippet":"max-snippet:-1","max-image-preview":"max-image-preview:large","max-video-preview":"max-video-preview:-1"},"canonical":"https:\/\/grontkontor.dk\/sv\/shop\/vattenflaska-aatervunnen-plast-600ml-m-u-tryck\/","og_locale":"sv_SE","og_type":"article","og_title":"Vattenflaska \u00e5tervunnen plast 600ml m\/u tryck","og_description":"H\u00e4rlig klimatv\u00e4nlig dricksflaska belagd med lock i gummi och rostfritt st\u00e5l. Inuti \u00e4r vattenflaskan tillverkad av BPA-fri \u00e5tervunnen plast av livsmedelskvalitet &#8211; rPET. En milj\u00f6v\u00e4nlig vattenflaska perfekt f\u00f6r f\u00f6retagspresenter eller giveaways p\u00e5 m\u00e4ssor och evenemang. Flaskan har en l\u00e4ckagefri silikonring, ett praktiskt och klimatv\u00e4nligt s\u00e4tt att sl\u00e4cka t\u00f6rsten. Ej l\u00e4mplig f\u00f6r kolsyrade drycker eller varma [&hellip;]","og_url":"https:\/\/grontkontor.dk\/sv\/shop\/vattenflaska-aatervunnen-plast-600ml-m-u-tryck\/","og_site_name":"Gr\u00f8nt Kontor","article_publisher":"https:\/\/www.facebook.com\/grontkontor.dk\/","twitter_card":"summary_large_image","schema":{"@context":"https:\/\/schema.org","@graph":[{"@type":"WebPage","@id":"https:\/\/grontkontor.dk\/sv\/shop\/vattenflaska-aatervunnen-plast-600ml-m-u-tryck\/","url":"https:\/\/grontkontor.dk\/sv\/shop\/vattenflaska-aatervunnen-plast-600ml-m-u-tryck\/","name":"Vattenflaska \u00e5tervunnen plast 600ml m\/u tryck - Gr\u00f8nt Kontor","isPartOf":{"@id":"https:\/\/grontkontor.dk\/#website"},"datePublished":"2024-02-27T14:17:28+00:00","dateModified":"2024-02-27T14:17:28+00:00","breadcrumb":{"@id":"https:\/\/grontkontor.dk\/sv\/shop\/vattenflaska-aatervunnen-plast-600ml-m-u-tryck\/#breadcrumb"},"inLanguage":"sv-SE","potentialAction":[{"@type":"ReadAction","target":["https:\/\/grontkontor.dk\/sv\/shop\/vattenflaska-aatervunnen-plast-600ml-m-u-tryck\/"]}]},{"@type":"BreadcrumbList","@id":"https:\/\/grontkontor.dk\/sv\/shop\/vattenflaska-aatervunnen-plast-600ml-m-u-tryck\/#breadcrumb","itemListElement":[{"@type":"ListItem","position":1,"name":"Forside","item":"https:\/\/grontkontor.dk\/"},{"@type":"ListItem","position":2,"name":"Shop","item":"https:\/\/grontkontor.dk\/sv\/shop\/"},{"@type":"ListItem","position":3,"name":"Klimatsmarta f\u00f6retagspresenter","item":"https:\/\/grontkontor.dk\/sv\/produkt-kategori\/miljovaenliga-foretagspresenter\/"},{"@type":"ListItem","position":4,"name":"Termoser och vattenflaskor","item":"https:\/\/grontkontor.dk\/sv\/produkt-kategori\/miljovaenliga-foretagspresenter\/termoser-och-vattenflaskor\/"},{"@type":"ListItem","position":5,"name":"Vattenflaska \u00e5tervunnen plast 600ml m\/u tryck"}]},{"@type":"WebSite","@id":"https:\/\/grontkontor.dk\/#website","url":"https:\/\/grontkontor.dk\/","name":"Gr\u00f8nt Kontor","description":"Milj\u00f8venlige produkter til kontor og erhverv med fokus p\u00e5 b\u00e6redygtighed, design og fair trade.","publisher":{"@id":"https:\/\/grontkontor.dk\/#organization"},"potentialAction":[{"@type":"SearchAction","target":{"@type":"EntryPoint","urlTemplate":"https:\/\/grontkontor.dk\/?s={search_term_string}"},"query-input":"required name=search_term_string"}],"inLanguage":"sv-SE"},{"@type":"Organization","@id":"https:\/\/grontkontor.dk\/#organization","name":"Gr\u00f8nt Kontor","url":"https:\/\/grontkontor.dk\/","logo":{"@type":"ImageObject","inLanguage":"sv-SE","@id":"https:\/\/grontkontor.dk\/#\/schema\/logo\/image\/","url":"https:\/\/grontkontor.dk\/wp-content\/uploads\/2014\/02\/Logo_groent_kontor_300x80.png","contentUrl":"https:\/\/grontkontor.dk\/wp-content\/uploads\/2014\/02\/Logo_groent_kontor_300x80.png","width":300,"height":80,"caption":"Gr\u00f8nt Kontor"},"image":{"@id":"https:\/\/grontkontor.dk\/#\/schema\/logo\/image\/"},"sameAs":["https:\/\/www.facebook.com\/grontkontor.dk\/"]}]}},"_links":{"self":[{"href":"https:\/\/grontkontor.dk\/sv\/wp-json\/wp\/v2\/product\/81859"}],"collection":[{"href":"https:\/\/grontkontor.dk\/sv\/wp-json\/wp\/v2\/product"}],"about":[{"href":"https:\/\/grontkontor.dk\/sv\/wp-json\/wp\/v2\/types\/product"}],"replies":[{"embeddable":true,"href":"https:\/\/grontkontor.dk\/sv\/wp-json\/wp\/v2\/comments?post=81859"}],"wp:featuredmedia":[{"embeddable":true,"href":"https:\/\/grontkontor.dk\/sv\/wp-json\/wp\/v2\/media\/25801"}],"wp:attachment":[{"href":"https:\/\/grontkontor.dk\/sv\/wp-json\/wp\/v2\/media?parent=81859"}],"wp:term":[{"taxonomy":"product_cat","embeddable":true,"href":"https:\/\/grontkontor.dk\/sv\/wp-json\/wp\/v2\/product_cat?post=81859"},{"taxonomy":"product_tag","embeddable":true,"href":"https:\/\/grontkontor.dk\/sv\/wp-json\/wp\/v2\/product_tag?post=81859"}],"curies":[{"name":"wp","href":"https:\/\/api.w.org\/{rel}","templated":true}]}}