{"id":81865,"date":"2023-09-22T13:17:41","date_gmt":"2024-02-27T14:54:07","guid":{"rendered":"https:\/\/grontkontor.dk\/shop\/tygkasse-ekologisk-bomull-eu\/"},"modified":"2024-02-27T15:54:07","modified_gmt":"2024-02-27T14:54:07","slug":"tygkasse-ekologisk-bomull-eu","status":"publish","type":"product","link":"https:\/\/grontkontor.dk\/sv\/shop\/tygkasse-ekologisk-bomull-eu\/","title":{"rendered":"Tygkasse ekologisk bomull EU"},"content":{"rendered":"<p>Klimatsmarta Fair Trade tygkassar 38x42cm i naturf\u00e4rgad, GOTS-certifierad ekologisk bomull. V\u00e4lj mellan medium 150 gsm och tung 220 gsm tygkvalitet.<\/p>\n<p>Finns i en kundanpassad version i specialm\u00e5tt eller med specialfunktioner som sn\u00f6rning etc.<\/p>\n<p>M\u00f6jlighet till fyrf\u00e4rgstryck i regnb\u00e5gens alla f\u00e4rger.<\/p>\n<p>En klimat- och milj\u00f6v\u00e4nlig produkt tillverkad i EU, superfin som allmosa till m\u00e4ssor och evenemang.<\/p>\n<p>Bomull \u00e4r en biologiskt nedbrytbar, komposterbar naturprodukt och en av v\u00e4rldens \u00e4ldsta handels- och jordbruksprodukter. Ekologisk bomull odlas med icke genmanipulerat uts\u00e4de och utan anv\u00e4ndning av pesticider och andra skadliga kemikalier.  GOTS certificeringen \u00e4r en garanti f\u00f6r, att dina kl\u00e4der \u00e4r producerade ekologiskt och milj\u00f6m\u00e4ssigt korrekt under ordentgliga l\u00f6n- och arbetsf\u00f6rh\u00e5llanden.  Fairtrade certificering s\u00e4krar att varan \u00e4r producerad under f\u00f6rsvarliga arbetsf\u00f6rh\u00e5llanden, med h\u00e4nsyn till b\u00e5de m\u00e4nniskor och milj\u00f6. <\/p>\n<p>&nbsp;<\/p>\n<p><img loading=\"lazy\" decoding=\"async\" class=\"size-medium wp-image-21008\" src=\"https:\/\/grontkontor.dk\/wp-content\/uploads\/2020\/11\/eu-flag_1-300x199.jpg\" alt=\"Fremstillet i EU\" width=\"76\" height=\"50\" srcset=\"https:\/\/grontkontor.dk\/wp-content\/uploads\/2020\/11\/eu-flag_1-300x199.jpg 300w, https:\/\/grontkontor.dk\/wp-content\/uploads\/2020\/11\/eu-flag_1.jpg 530w\" sizes=\"(max-width: 76px) 100vw, 76px\" \/><a href=\"http:\/\/www.fairtrade-maerket.dk\/\" target=\"window\"><img loading=\"lazy\" decoding=\"async\" class=\"alignnone size-full\" src=\"https:\/\/grontkontor.dk\/wp-content\/uploads\/2019\/04\/fairtrade-certificeret.jpg\" \n  alt=\"Fair trade certifikatet - din garanti for at arbejdere og b?nder har fair arbejdsforhold og indt?gt\" width=\"49\" height=\"50\" border=0 \/><\/a><a href=\"https:\/\/www.eco-branding.dk\/miljoemaerkning\/gots.aspx\" rel=\"noopener\" target=\"_blank\"><img loading=\"lazy\" decoding=\"async\" class=\"size-full wp-image-12808\" src=\"https:\/\/grontkontor.dk\/wp-content\/uploads\/2019\/04\/gots-certificeret.jpg\" \n   alt=\"Gots certificeret - din garanti for, at produktet indeholder mindst 70% ?kologisk bomuld\"  description=\"Gots certificeret - din garanti for, at produktet indeholder mindst 70% ?kologisk bomuld\" width=\"50\" height=\"50\" \n\t border=0 \/><\/a><\/p>\n","protected":false},"excerpt":{"rendered":"<p>Klimatsmarta Fair Trade tygkassar 38x42cm i naturf\u00e4rgad, GOTS-certifierad ekologisk bomull. V\u00e4lj mellan medium 150 gsm och tung 220 gsm tygkvalitet. Finns i en kundanpassad version i specialm\u00e5tt eller med specialfunktioner som sn\u00f6rning etc. M\u00f6jlighet till fyrf\u00e4rgstryck i regnb\u00e5gens alla f\u00e4rger. En klimat- och milj\u00f6v\u00e4nlig produkt tillverkad i EU, superfin som allmosa till m\u00e4ssor och evenemang. [&hellip;]<\/p>\n","protected":false},"featured_media":20317,"comment_status":"closed","ping_status":"closed","template":"","meta":{"_acf_changed":false},"product_cat":[4448,1362,2123,675],"product_tag":[4694,1374,4695,1363,1373,1366,4696],"class_list":{"0":"post-81865","1":"product","2":"type-product","3":"status-publish","4":"has-post-thumbnail","6":"product_cat-presentpaasar-och-presentfoerpackningar","7":"product_cat-tygpaasar","8":"product_cat-dummy-moq-50-100-sv","9":"product_cat-vaeskor-och-fodral","10":"product_tag-bomullspaasar","11":"product_tag-bomuldspose-sv","12":"product_tag-baerkassar","13":"product_tag-baerepose-sv","14":"product_tag-oekologisk-bomuldspose-sv","15":"product_tag-mulepose-sv","16":"product_tag-tygpaasar-sv","17":"tm-has-options","19":"first","20":"instock","21":"taxable","22":"shipping-taxable","23":"purchasable","24":"product-type-variable","25":"has-default-attributes"},"acf":[],"yoast_head":"<!-- This site is optimized with the Yoast SEO Premium plugin v21.2 (Yoast SEO v21.2) - https:\/\/yoast.com\/wordpress\/plugins\/seo\/ -->\n<title>Tygkasse ekologisk bomull EU - Gr\u00f8nt Kontor<\/title>\n<meta name=\"robots\" content=\"index, follow, max-snippet:-1, max-image-preview:large, max-video-preview:-1\" \/>\n<link rel=\"canonical\" href=\"https:\/\/grontkontor.dk\/sv\/shop\/tygkasse-ekologisk-bomull-eu\/\" \/>\n<meta property=\"og:locale\" content=\"sv_SE\" \/>\n<meta property=\"og:type\" content=\"article\" \/>\n<meta property=\"og:title\" content=\"Tygkasse ekologisk bomull EU\" \/>\n<meta property=\"og:description\" content=\"Klimatsmarta Fair Trade tygkassar 38x42cm i naturf\u00e4rgad, GOTS-certifierad ekologisk bomull. V\u00e4lj mellan medium 150 gsm och tung 220 gsm tygkvalitet. Finns i en kundanpassad version i specialm\u00e5tt eller med specialfunktioner som sn\u00f6rning etc. M\u00f6jlighet till fyrf\u00e4rgstryck i regnb\u00e5gens alla f\u00e4rger. En klimat- och milj\u00f6v\u00e4nlig produkt tillverkad i EU, superfin som allmosa till m\u00e4ssor och evenemang. [&hellip;]\" \/>\n<meta property=\"og:url\" content=\"https:\/\/grontkontor.dk\/sv\/shop\/tygkasse-ekologisk-bomull-eu\/\" \/>\n<meta property=\"og:site_name\" content=\"Gr\u00f8nt Kontor\" \/>\n<meta property=\"article:publisher\" content=\"https:\/\/www.facebook.com\/grontkontor.dk\/\" \/>\n<meta property=\"og:image\" content=\"https:\/\/grontkontor.dk\/wp-content\/uploads\/2020\/10\/oekologisk-mulepose-120gsm-02.jpg\" \/>\n\t<meta property=\"og:image:width\" content=\"900\" \/>\n\t<meta property=\"og:image:height\" content=\"639\" \/>\n\t<meta property=\"og:image:type\" content=\"image\/jpeg\" \/>\n<meta name=\"twitter:card\" content=\"summary_large_image\" \/>\n<script type=\"application\/ld+json\" class=\"yoast-schema-graph\">{\"@context\":\"https:\/\/schema.org\",\"@graph\":[{\"@type\":\"WebPage\",\"@id\":\"https:\/\/grontkontor.dk\/sv\/shop\/tygkasse-ekologisk-bomull-eu\/\",\"url\":\"https:\/\/grontkontor.dk\/sv\/shop\/tygkasse-ekologisk-bomull-eu\/\",\"name\":\"Tygkasse ekologisk bomull EU - Gr\u00f8nt Kontor\",\"isPartOf\":{\"@id\":\"https:\/\/grontkontor.dk\/#website\"},\"datePublished\":\"2024-02-27T14:54:07+00:00\",\"dateModified\":\"2024-02-27T14:54:07+00:00\",\"breadcrumb\":{\"@id\":\"https:\/\/grontkontor.dk\/sv\/shop\/tygkasse-ekologisk-bomull-eu\/#breadcrumb\"},\"inLanguage\":\"sv-SE\",\"potentialAction\":[{\"@type\":\"ReadAction\",\"target\":[\"https:\/\/grontkontor.dk\/sv\/shop\/tygkasse-ekologisk-bomull-eu\/\"]}]},{\"@type\":\"BreadcrumbList\",\"@id\":\"https:\/\/grontkontor.dk\/sv\/shop\/tygkasse-ekologisk-bomull-eu\/#breadcrumb\",\"itemListElement\":[{\"@type\":\"ListItem\",\"position\":1,\"name\":\"Forside\",\"item\":\"https:\/\/grontkontor.dk\/\"},{\"@type\":\"ListItem\",\"position\":2,\"name\":\"Shop\",\"item\":\"https:\/\/grontkontor.dk\/sv\/shop\/\"},{\"@type\":\"ListItem\",\"position\":3,\"name\":\"Poser, tasker og covers\",\"item\":\"https:\/\/grontkontor.dk\/produkt-kategori\/poser-tasker-covers\/\"},{\"@type\":\"ListItem\",\"position\":4,\"name\":\"B\u00e6reposer\",\"item\":\"https:\/\/grontkontor.dk\/produkt-kategori\/poser-tasker-covers\/baereposer\/\"},{\"@type\":\"ListItem\",\"position\":5,\"name\":\"Tygkasse ekologisk bomull EU\"}]},{\"@type\":\"WebSite\",\"@id\":\"https:\/\/grontkontor.dk\/#website\",\"url\":\"https:\/\/grontkontor.dk\/\",\"name\":\"Gr\u00f8nt Kontor\",\"description\":\"Milj\u00f8venlige produkter til kontor og erhverv med fokus p\u00e5 b\u00e6redygtighed, design og fair trade.\",\"publisher\":{\"@id\":\"https:\/\/grontkontor.dk\/#organization\"},\"potentialAction\":[{\"@type\":\"SearchAction\",\"target\":{\"@type\":\"EntryPoint\",\"urlTemplate\":\"https:\/\/grontkontor.dk\/?s={search_term_string}\"},\"query-input\":\"required name=search_term_string\"}],\"inLanguage\":\"sv-SE\"},{\"@type\":\"Organization\",\"@id\":\"https:\/\/grontkontor.dk\/#organization\",\"name\":\"Gr\u00f8nt Kontor\",\"url\":\"https:\/\/grontkontor.dk\/\",\"logo\":{\"@type\":\"ImageObject\",\"inLanguage\":\"sv-SE\",\"@id\":\"https:\/\/grontkontor.dk\/#\/schema\/logo\/image\/\",\"url\":\"https:\/\/grontkontor.dk\/wp-content\/uploads\/2014\/02\/Logo_groent_kontor_300x80.png\",\"contentUrl\":\"https:\/\/grontkontor.dk\/wp-content\/uploads\/2014\/02\/Logo_groent_kontor_300x80.png\",\"width\":300,\"height\":80,\"caption\":\"Gr\u00f8nt Kontor\"},\"image\":{\"@id\":\"https:\/\/grontkontor.dk\/#\/schema\/logo\/image\/\"},\"sameAs\":[\"https:\/\/www.facebook.com\/grontkontor.dk\/\"]}]}<\/script>\n<!-- \/ Yoast SEO Premium plugin. -->","yoast_head_json":{"title":"Tygkasse ekologisk bomull EU - Gr\u00f8nt Kontor","robots":{"index":"index","follow":"follow","max-snippet":"max-snippet:-1","max-image-preview":"max-image-preview:large","max-video-preview":"max-video-preview:-1"},"canonical":"https:\/\/grontkontor.dk\/sv\/shop\/tygkasse-ekologisk-bomull-eu\/","og_locale":"sv_SE","og_type":"article","og_title":"Tygkasse ekologisk bomull EU","og_description":"Klimatsmarta Fair Trade tygkassar 38x42cm i naturf\u00e4rgad, GOTS-certifierad ekologisk bomull. V\u00e4lj mellan medium 150 gsm och tung 220 gsm tygkvalitet. Finns i en kundanpassad version i specialm\u00e5tt eller med specialfunktioner som sn\u00f6rning etc. M\u00f6jlighet till fyrf\u00e4rgstryck i regnb\u00e5gens alla f\u00e4rger. En klimat- och milj\u00f6v\u00e4nlig produkt tillverkad i EU, superfin som allmosa till m\u00e4ssor och evenemang. [&hellip;]","og_url":"https:\/\/grontkontor.dk\/sv\/shop\/tygkasse-ekologisk-bomull-eu\/","og_site_name":"Gr\u00f8nt Kontor","article_publisher":"https:\/\/www.facebook.com\/grontkontor.dk\/","og_image":[{"width":900,"height":639,"url":"https:\/\/grontkontor.dk\/wp-content\/uploads\/2020\/10\/oekologisk-mulepose-120gsm-02.jpg","type":"image\/jpeg"}],"twitter_card":"summary_large_image","schema":{"@context":"https:\/\/schema.org","@graph":[{"@type":"WebPage","@id":"https:\/\/grontkontor.dk\/sv\/shop\/tygkasse-ekologisk-bomull-eu\/","url":"https:\/\/grontkontor.dk\/sv\/shop\/tygkasse-ekologisk-bomull-eu\/","name":"Tygkasse ekologisk bomull EU - Gr\u00f8nt Kontor","isPartOf":{"@id":"https:\/\/grontkontor.dk\/#website"},"datePublished":"2024-02-27T14:54:07+00:00","dateModified":"2024-02-27T14:54:07+00:00","breadcrumb":{"@id":"https:\/\/grontkontor.dk\/sv\/shop\/tygkasse-ekologisk-bomull-eu\/#breadcrumb"},"inLanguage":"sv-SE","potentialAction":[{"@type":"ReadAction","target":["https:\/\/grontkontor.dk\/sv\/shop\/tygkasse-ekologisk-bomull-eu\/"]}]},{"@type":"BreadcrumbList","@id":"https:\/\/grontkontor.dk\/sv\/shop\/tygkasse-ekologisk-bomull-eu\/#breadcrumb","itemListElement":[{"@type":"ListItem","position":1,"name":"Forside","item":"https:\/\/grontkontor.dk\/"},{"@type":"ListItem","position":2,"name":"Shop","item":"https:\/\/grontkontor.dk\/sv\/shop\/"},{"@type":"ListItem","position":3,"name":"Poser, tasker og covers","item":"https:\/\/grontkontor.dk\/produkt-kategori\/poser-tasker-covers\/"},{"@type":"ListItem","position":4,"name":"B\u00e6reposer","item":"https:\/\/grontkontor.dk\/produkt-kategori\/poser-tasker-covers\/baereposer\/"},{"@type":"ListItem","position":5,"name":"Tygkasse ekologisk bomull EU"}]},{"@type":"WebSite","@id":"https:\/\/grontkontor.dk\/#website","url":"https:\/\/grontkontor.dk\/","name":"Gr\u00f8nt Kontor","description":"Milj\u00f8venlige produkter til kontor og erhverv med fokus p\u00e5 b\u00e6redygtighed, design og fair trade.","publisher":{"@id":"https:\/\/grontkontor.dk\/#organization"},"potentialAction":[{"@type":"SearchAction","target":{"@type":"EntryPoint","urlTemplate":"https:\/\/grontkontor.dk\/?s={search_term_string}"},"query-input":"required name=search_term_string"}],"inLanguage":"sv-SE"},{"@type":"Organization","@id":"https:\/\/grontkontor.dk\/#organization","name":"Gr\u00f8nt Kontor","url":"https:\/\/grontkontor.dk\/","logo":{"@type":"ImageObject","inLanguage":"sv-SE","@id":"https:\/\/grontkontor.dk\/#\/schema\/logo\/image\/","url":"https:\/\/grontkontor.dk\/wp-content\/uploads\/2014\/02\/Logo_groent_kontor_300x80.png","contentUrl":"https:\/\/grontkontor.dk\/wp-content\/uploads\/2014\/02\/Logo_groent_kontor_300x80.png","width":300,"height":80,"caption":"Gr\u00f8nt Kontor"},"image":{"@id":"https:\/\/grontkontor.dk\/#\/schema\/logo\/image\/"},"sameAs":["https:\/\/www.facebook.com\/grontkontor.dk\/"]}]}},"_links":{"self":[{"href":"https:\/\/grontkontor.dk\/sv\/wp-json\/wp\/v2\/product\/81865"}],"collection":[{"href":"https:\/\/grontkontor.dk\/sv\/wp-json\/wp\/v2\/product"}],"about":[{"href":"https:\/\/grontkontor.dk\/sv\/wp-json\/wp\/v2\/types\/product"}],"replies":[{"embeddable":true,"href":"https:\/\/grontkontor.dk\/sv\/wp-json\/wp\/v2\/comments?post=81865"}],"wp:featuredmedia":[{"embeddable":true,"href":"https:\/\/grontkontor.dk\/sv\/wp-json\/wp\/v2\/media\/20317"}],"wp:attachment":[{"href":"https:\/\/grontkontor.dk\/sv\/wp-json\/wp\/v2\/media?parent=81865"}],"wp:term":[{"taxonomy":"product_cat","embeddable":true,"href":"https:\/\/grontkontor.dk\/sv\/wp-json\/wp\/v2\/product_cat?post=81865"},{"taxonomy":"product_tag","embeddable":true,"href":"https:\/\/grontkontor.dk\/sv\/wp-json\/wp\/v2\/product_tag?post=81865"}],"curies":[{"name":"wp","href":"https:\/\/api.w.org\/{rel}","templated":true}]}}