{"id":81866,"date":"2023-09-22T13:17:14","date_gmt":"2024-02-27T14:56:49","guid":{"rendered":"https:\/\/grontkontor.dk\/shop\/kulspetspenna-i-aatervunnen-plast-rpet-2\/"},"modified":"2024-02-27T15:56:49","modified_gmt":"2024-02-27T14:56:49","slug":"kulspetspenna-i-aatervunnen-plast-rpet-2","status":"publish","type":"product","link":"https:\/\/grontkontor.dk\/sv\/shop\/kulspetspenna-i-aatervunnen-plast-rpet-2\/","title":{"rendered":"Kulspetspenna i \u00e5tervunnen plast rPET #2"},"content":{"rendered":"<p>Milj\u00f6v\u00e4nlig kulspetspenna tillverkad av rPET (vattenflaskor av \u00e5tervunnen PET-plast). Vid kassering kommer patronen att vara vanligt avfall, men kroppen kan \u00e5tervinnas. Pennan levereras med bl\u00e5tt bl\u00e4ck och plastpatron.<br \/>\nBest\u00e4ll ett icke bindande erbjudande p\u00e5 tryck eller lasergravering hos <a class=\"light\" href=\"mailto:jens@grontkontor.dk\">jens@grontkontor.dk<\/a><\/p>\n<p>&nbsp;<\/p>\nrPET (recycled polyethylen) l\u00e4mpar sig f\u00f6r livsmedel, \u00e4r klimatv\u00e4nligt och \u00e5teranva\u00e4ndbar plast \u00e4r ofta tillverkad av \u00e5teranv\u00e4nda plastflaskor. rPET har ett h\u00f6gt inneh\u00e5ll av kol och \u00e4r d\u00e4rf\u00f6r en effektiv koldepot i produktens och i den \u00e5tervunna produktens livstid. \n<p>&nbsp;<\/p>\n<img loading=\"lazy\" decoding=\"async\" src=\"https:\/\/grontkontor.dk\/wp-content\/uploads\/2021\/02\/genbrug.jpg\" alt=\"Fremstillet af genbrugsmaterialer\" width=\"50\" height=\"50\" class=\"size-full wp-image-23031\" srcset=\"https:\/\/grontkontor.dk\/wp-content\/uploads\/2021\/02\/genbrug.jpg 199w, https:\/\/grontkontor.dk\/wp-content\/uploads\/2021\/02\/genbrug-100x100.jpg 100w\" sizes=\"(max-width: 50px) 100vw, 50px\" \/>\n<p>&nbsp;<\/p>\n","protected":false},"excerpt":{"rendered":"<p>Milj\u00f6v\u00e4nlig kulspetspenna tillverkad av rPET (vattenflaskor av \u00e5tervunnen PET-plast). Vid kassering kommer patronen att vara vanligt avfall, men kroppen kan \u00e5tervinnas. Pennan levereras med bl\u00e5tt bl\u00e4ck och plastpatron. &nbsp; &nbsp; &nbsp;<\/p>\n","protected":false},"featured_media":24016,"comment_status":"closed","ping_status":"closed","template":"","meta":{"_acf_changed":false},"product_cat":[4415,2107,667,1677,665],"product_tag":[766,1354],"class_list":{"0":"post-81866","1":"product","2":"type-product","3":"status-publish","4":"has-post-thumbnail","6":"product_cat-pennor-och-blyertspennor","7":"product_cat-dummy-moq-1-sv","8":"product_cat-kulspetspennor","9":"product_cat-kulpennor-med-tryck","10":"product_cat-skrivtillbehoer","11":"product_tag-kulpenna","12":"product_tag-kuglepenne-sv","13":"tm-has-options","15":"first","16":"instock","17":"taxable","18":"shipping-taxable","19":"purchasable","20":"product-type-variable","21":"has-default-attributes"},"acf":[],"yoast_head":"<!-- This site is optimized with the Yoast SEO Premium plugin v21.2 (Yoast SEO v21.2) - https:\/\/yoast.com\/wordpress\/plugins\/seo\/ -->\n<title>Kulspetspenna i \u00e5tervunnen plast rPET #2 - Gr\u00f8nt Kontor<\/title>\n<meta name=\"robots\" content=\"index, follow, max-snippet:-1, max-image-preview:large, max-video-preview:-1\" \/>\n<link rel=\"canonical\" href=\"https:\/\/grontkontor.dk\/sv\/shop\/kulspetspenna-i-aatervunnen-plast-rpet-2\/\" \/>\n<meta property=\"og:locale\" content=\"sv_SE\" \/>\n<meta property=\"og:type\" content=\"article\" \/>\n<meta property=\"og:title\" content=\"Kulspetspenna i \u00e5tervunnen plast rPET #2\" \/>\n<meta property=\"og:description\" content=\"Milj\u00f6v\u00e4nlig kulspetspenna tillverkad av rPET (vattenflaskor av \u00e5tervunnen PET-plast). Vid kassering kommer patronen att vara vanligt avfall, men kroppen kan \u00e5tervinnas. Pennan levereras med bl\u00e5tt bl\u00e4ck och plastpatron. &nbsp; &nbsp; &nbsp;\" \/>\n<meta property=\"og:url\" content=\"https:\/\/grontkontor.dk\/sv\/shop\/kulspetspenna-i-aatervunnen-plast-rpet-2\/\" \/>\n<meta property=\"og:site_name\" content=\"Gr\u00f8nt Kontor\" \/>\n<meta property=\"article:publisher\" content=\"https:\/\/www.facebook.com\/grontkontor.dk\/\" \/>\n<meta property=\"og:image\" content=\"https:\/\/grontkontor.dk\/wp-content\/uploads\/2021\/04\/kuglepen-genbrug-rpet-01.jpg\" \/>\n\t<meta property=\"og:image:width\" content=\"900\" \/>\n\t<meta property=\"og:image:height\" content=\"639\" \/>\n\t<meta property=\"og:image:type\" content=\"image\/jpeg\" \/>\n<meta name=\"twitter:card\" content=\"summary_large_image\" \/>\n<script type=\"application\/ld+json\" class=\"yoast-schema-graph\">{\"@context\":\"https:\/\/schema.org\",\"@graph\":[{\"@type\":\"WebPage\",\"@id\":\"https:\/\/grontkontor.dk\/sv\/shop\/kulspetspenna-i-aatervunnen-plast-rpet-2\/\",\"url\":\"https:\/\/grontkontor.dk\/sv\/shop\/kulspetspenna-i-aatervunnen-plast-rpet-2\/\",\"name\":\"Kulspetspenna i \u00e5tervunnen plast rPET #2 - Gr\u00f8nt Kontor\",\"isPartOf\":{\"@id\":\"https:\/\/grontkontor.dk\/#website\"},\"datePublished\":\"2024-02-27T14:56:49+00:00\",\"dateModified\":\"2024-02-27T14:56:49+00:00\",\"breadcrumb\":{\"@id\":\"https:\/\/grontkontor.dk\/sv\/shop\/kulspetspenna-i-aatervunnen-plast-rpet-2\/#breadcrumb\"},\"inLanguage\":\"sv-SE\",\"potentialAction\":[{\"@type\":\"ReadAction\",\"target\":[\"https:\/\/grontkontor.dk\/sv\/shop\/kulspetspenna-i-aatervunnen-plast-rpet-2\/\"]}]},{\"@type\":\"BreadcrumbList\",\"@id\":\"https:\/\/grontkontor.dk\/sv\/shop\/kulspetspenna-i-aatervunnen-plast-rpet-2\/#breadcrumb\",\"itemListElement\":[{\"@type\":\"ListItem\",\"position\":1,\"name\":\"Forside\",\"item\":\"https:\/\/grontkontor.dk\/\"},{\"@type\":\"ListItem\",\"position\":2,\"name\":\"Shop\",\"item\":\"https:\/\/grontkontor.dk\/sv\/shop\/\"},{\"@type\":\"ListItem\",\"position\":3,\"name\":\"Skrive- og pegeudstyr\",\"item\":\"https:\/\/grontkontor.dk\/produkt-kategori\/skrive-og-pegeudstyr\/\"},{\"@type\":\"ListItem\",\"position\":4,\"name\":\"Kuglepenne\",\"item\":\"https:\/\/grontkontor.dk\/produkt-kategori\/skrive-og-pegeudstyr\/kuglepenne\/\"},{\"@type\":\"ListItem\",\"position\":5,\"name\":\"Kulspetspenna i \u00e5tervunnen plast rPET #2\"}]},{\"@type\":\"WebSite\",\"@id\":\"https:\/\/grontkontor.dk\/#website\",\"url\":\"https:\/\/grontkontor.dk\/\",\"name\":\"Gr\u00f8nt Kontor\",\"description\":\"Milj\u00f8venlige produkter til kontor og erhverv med fokus p\u00e5 b\u00e6redygtighed, design og fair trade.\",\"publisher\":{\"@id\":\"https:\/\/grontkontor.dk\/#organization\"},\"potentialAction\":[{\"@type\":\"SearchAction\",\"target\":{\"@type\":\"EntryPoint\",\"urlTemplate\":\"https:\/\/grontkontor.dk\/?s={search_term_string}\"},\"query-input\":\"required name=search_term_string\"}],\"inLanguage\":\"sv-SE\"},{\"@type\":\"Organization\",\"@id\":\"https:\/\/grontkontor.dk\/#organization\",\"name\":\"Gr\u00f8nt Kontor\",\"url\":\"https:\/\/grontkontor.dk\/\",\"logo\":{\"@type\":\"ImageObject\",\"inLanguage\":\"sv-SE\",\"@id\":\"https:\/\/grontkontor.dk\/#\/schema\/logo\/image\/\",\"url\":\"https:\/\/grontkontor.dk\/wp-content\/uploads\/2014\/02\/Logo_groent_kontor_300x80.png\",\"contentUrl\":\"https:\/\/grontkontor.dk\/wp-content\/uploads\/2014\/02\/Logo_groent_kontor_300x80.png\",\"width\":300,\"height\":80,\"caption\":\"Gr\u00f8nt Kontor\"},\"image\":{\"@id\":\"https:\/\/grontkontor.dk\/#\/schema\/logo\/image\/\"},\"sameAs\":[\"https:\/\/www.facebook.com\/grontkontor.dk\/\"]}]}<\/script>\n<!-- \/ Yoast SEO Premium plugin. -->","yoast_head_json":{"title":"Kulspetspenna i \u00e5tervunnen plast rPET #2 - Gr\u00f8nt Kontor","robots":{"index":"index","follow":"follow","max-snippet":"max-snippet:-1","max-image-preview":"max-image-preview:large","max-video-preview":"max-video-preview:-1"},"canonical":"https:\/\/grontkontor.dk\/sv\/shop\/kulspetspenna-i-aatervunnen-plast-rpet-2\/","og_locale":"sv_SE","og_type":"article","og_title":"Kulspetspenna i \u00e5tervunnen plast rPET #2","og_description":"Milj\u00f6v\u00e4nlig kulspetspenna tillverkad av rPET (vattenflaskor av \u00e5tervunnen PET-plast). Vid kassering kommer patronen att vara vanligt avfall, men kroppen kan \u00e5tervinnas. Pennan levereras med bl\u00e5tt bl\u00e4ck och plastpatron. &nbsp; &nbsp; &nbsp;","og_url":"https:\/\/grontkontor.dk\/sv\/shop\/kulspetspenna-i-aatervunnen-plast-rpet-2\/","og_site_name":"Gr\u00f8nt Kontor","article_publisher":"https:\/\/www.facebook.com\/grontkontor.dk\/","og_image":[{"width":900,"height":639,"url":"https:\/\/grontkontor.dk\/wp-content\/uploads\/2021\/04\/kuglepen-genbrug-rpet-01.jpg","type":"image\/jpeg"}],"twitter_card":"summary_large_image","schema":{"@context":"https:\/\/schema.org","@graph":[{"@type":"WebPage","@id":"https:\/\/grontkontor.dk\/sv\/shop\/kulspetspenna-i-aatervunnen-plast-rpet-2\/","url":"https:\/\/grontkontor.dk\/sv\/shop\/kulspetspenna-i-aatervunnen-plast-rpet-2\/","name":"Kulspetspenna i \u00e5tervunnen plast rPET #2 - Gr\u00f8nt Kontor","isPartOf":{"@id":"https:\/\/grontkontor.dk\/#website"},"datePublished":"2024-02-27T14:56:49+00:00","dateModified":"2024-02-27T14:56:49+00:00","breadcrumb":{"@id":"https:\/\/grontkontor.dk\/sv\/shop\/kulspetspenna-i-aatervunnen-plast-rpet-2\/#breadcrumb"},"inLanguage":"sv-SE","potentialAction":[{"@type":"ReadAction","target":["https:\/\/grontkontor.dk\/sv\/shop\/kulspetspenna-i-aatervunnen-plast-rpet-2\/"]}]},{"@type":"BreadcrumbList","@id":"https:\/\/grontkontor.dk\/sv\/shop\/kulspetspenna-i-aatervunnen-plast-rpet-2\/#breadcrumb","itemListElement":[{"@type":"ListItem","position":1,"name":"Forside","item":"https:\/\/grontkontor.dk\/"},{"@type":"ListItem","position":2,"name":"Shop","item":"https:\/\/grontkontor.dk\/sv\/shop\/"},{"@type":"ListItem","position":3,"name":"Skrive- og pegeudstyr","item":"https:\/\/grontkontor.dk\/produkt-kategori\/skrive-og-pegeudstyr\/"},{"@type":"ListItem","position":4,"name":"Kuglepenne","item":"https:\/\/grontkontor.dk\/produkt-kategori\/skrive-og-pegeudstyr\/kuglepenne\/"},{"@type":"ListItem","position":5,"name":"Kulspetspenna i \u00e5tervunnen plast rPET #2"}]},{"@type":"WebSite","@id":"https:\/\/grontkontor.dk\/#website","url":"https:\/\/grontkontor.dk\/","name":"Gr\u00f8nt Kontor","description":"Milj\u00f8venlige produkter til kontor og erhverv med fokus p\u00e5 b\u00e6redygtighed, design og fair trade.","publisher":{"@id":"https:\/\/grontkontor.dk\/#organization"},"potentialAction":[{"@type":"SearchAction","target":{"@type":"EntryPoint","urlTemplate":"https:\/\/grontkontor.dk\/?s={search_term_string}"},"query-input":"required name=search_term_string"}],"inLanguage":"sv-SE"},{"@type":"Organization","@id":"https:\/\/grontkontor.dk\/#organization","name":"Gr\u00f8nt Kontor","url":"https:\/\/grontkontor.dk\/","logo":{"@type":"ImageObject","inLanguage":"sv-SE","@id":"https:\/\/grontkontor.dk\/#\/schema\/logo\/image\/","url":"https:\/\/grontkontor.dk\/wp-content\/uploads\/2014\/02\/Logo_groent_kontor_300x80.png","contentUrl":"https:\/\/grontkontor.dk\/wp-content\/uploads\/2014\/02\/Logo_groent_kontor_300x80.png","width":300,"height":80,"caption":"Gr\u00f8nt Kontor"},"image":{"@id":"https:\/\/grontkontor.dk\/#\/schema\/logo\/image\/"},"sameAs":["https:\/\/www.facebook.com\/grontkontor.dk\/"]}]}},"_links":{"self":[{"href":"https:\/\/grontkontor.dk\/sv\/wp-json\/wp\/v2\/product\/81866"}],"collection":[{"href":"https:\/\/grontkontor.dk\/sv\/wp-json\/wp\/v2\/product"}],"about":[{"href":"https:\/\/grontkontor.dk\/sv\/wp-json\/wp\/v2\/types\/product"}],"replies":[{"embeddable":true,"href":"https:\/\/grontkontor.dk\/sv\/wp-json\/wp\/v2\/comments?post=81866"}],"wp:featuredmedia":[{"embeddable":true,"href":"https:\/\/grontkontor.dk\/sv\/wp-json\/wp\/v2\/media\/24016"}],"wp:attachment":[{"href":"https:\/\/grontkontor.dk\/sv\/wp-json\/wp\/v2\/media?parent=81866"}],"wp:term":[{"taxonomy":"product_cat","embeddable":true,"href":"https:\/\/grontkontor.dk\/sv\/wp-json\/wp\/v2\/product_cat?post=81866"},{"taxonomy":"product_tag","embeddable":true,"href":"https:\/\/grontkontor.dk\/sv\/wp-json\/wp\/v2\/product_tag?post=81866"}],"curies":[{"name":"wp","href":"https:\/\/api.w.org\/{rel}","templated":true}]}}