{"id":81882,"date":"2023-09-22T13:16:20","date_gmt":"2024-02-28T08:32:35","guid":{"rendered":"https:\/\/grontkontor.dk\/shop\/memo-haaller-koersbaerstraedet-aatervinningen\/"},"modified":"2024-02-28T09:32:35","modified_gmt":"2024-02-28T08:32:35","slug":"memo-haaller-koersbaerstraedet-aatervinningen","status":"publish","type":"product","link":"https:\/\/grontkontor.dk\/sv\/shop\/memo-haaller-koersbaerstraedet-aatervinningen\/","title":{"rendered":"Memo h\u00e5ller k\u00f6rsb\u00e4rstr\u00e4det\/\u00e5tervinningen"},"content":{"rendered":"<p>Enkel, exklusiv och rustik anteckningsh\u00e5llare i europeiskt k\u00f6rsb\u00e4rstr\u00e4 med anteckningar i ljusgr\u00e5tt \u00e5tervunnet papper.<br \/>\nTillverkas i EU av funktionshindrade i skyddade verkst\u00e4der.<br \/>\nKan leveres med logotryk eller lasergravering. Bestil uforpligtende tilbud hos <a class=\"light\" href=\"mailto:jens@grontkontor.dk\">jens@grontkontor.dk<\/a><br>\n     <img loading=\"lazy\" decoding=\"async\" class=\"size-medium wp-image-21008\" src=\"https:\/\/grontkontor.dk\/wp-content\/uploads\/2020\/11\/eu-flag_1-300x199.jpg\" alt=\"Fremstillet i EU\" width=\"68\" height=\"45\" srcset=\"https:\/\/grontkontor.dk\/wp-content\/uploads\/2020\/11\/eu-flag_1-300x199.jpg 300w, https:\/\/grontkontor.dk\/wp-content\/uploads\/2020\/11\/eu-flag_1.jpg 530w\" sizes=\"(max-width: 68px) 100vw, 68px\" \/> <img loading=\"lazy\" decoding=\"async\" src=\"https:\/\/grontkontor.dk\/wp-content\/uploads\/2021\/02\/genbrug.jpg\" alt=\"Fremstillet af genbrugsmaterialer\" width=\"50\" height=\"50\" class=\"size-full wp-image-23031\" srcset=\"https:\/\/grontkontor.dk\/wp-content\/uploads\/2021\/02\/genbrug.jpg 199w, https:\/\/grontkontor.dk\/wp-content\/uploads\/2021\/02\/genbrug-100x100.jpg 100w\" sizes=\"(max-width: 50px) 100vw, 50px\" \/><\/p>\n","protected":false},"excerpt":{"rendered":"<p>Enkel, exklusiv och rustik anteckningsh\u00e5llare i europeiskt k\u00f6rsb\u00e4rstr\u00e4 med anteckningar i ljusgr\u00e5tt \u00e5tervunnet papper. Tillverkas i EU av funktionshindrade i skyddade verkst\u00e4der.<\/p>\n","protected":false},"featured_media":22884,"comment_status":"closed","ping_status":"closed","template":"","meta":{"_acf_changed":false},"product_cat":[663,2107,867,2213,661,1854,1027,1375],"product_tag":[],"class_list":{"0":"post-81882","1":"product","2":"type-product","3":"status-publish","4":"has-post-thumbnail","6":"product_cat-block","7":"product_cat-dummy-moq-1-sv","8":"product_cat-miljovaenliga-foretagspresenter","9":"product_cat-korsbar","10":"product_cat-papper-och-block","11":"product_cat-produkt-serier-se","12":"product_cat-tillbehor-till-skrivbordet","13":"product_cat-diverse-til-skrivebordet-sv","14":"tm-has-options","16":"first","17":"instock","18":"taxable","19":"shipping-taxable","20":"purchasable","21":"product-type-simple"},"acf":[],"yoast_head":"<!-- This site is optimized with the Yoast SEO Premium plugin v21.2 (Yoast SEO v21.2) - https:\/\/yoast.com\/wordpress\/plugins\/seo\/ -->\n<title>Memo h\u00e5ller k\u00f6rsb\u00e4rstr\u00e4det\/\u00e5tervinningen - Gr\u00f8nt Kontor<\/title>\n<meta name=\"robots\" content=\"index, follow, max-snippet:-1, max-image-preview:large, max-video-preview:-1\" \/>\n<link rel=\"canonical\" href=\"https:\/\/grontkontor.dk\/sv\/shop\/memo-haaller-koersbaerstraedet-aatervinningen\/\" \/>\n<meta property=\"og:locale\" content=\"sv_SE\" \/>\n<meta property=\"og:type\" content=\"article\" \/>\n<meta property=\"og:title\" content=\"Memo h\u00e5ller k\u00f6rsb\u00e4rstr\u00e4det\/\u00e5tervinningen\" \/>\n<meta property=\"og:description\" content=\"Enkel, exklusiv och rustik anteckningsh\u00e5llare i europeiskt k\u00f6rsb\u00e4rstr\u00e4 med anteckningar i ljusgr\u00e5tt \u00e5tervunnet papper. Tillverkas i EU av funktionshindrade i skyddade verkst\u00e4der.\" \/>\n<meta property=\"og:url\" content=\"https:\/\/grontkontor.dk\/sv\/shop\/memo-haaller-koersbaerstraedet-aatervinningen\/\" \/>\n<meta property=\"og:site_name\" content=\"Gr\u00f8nt Kontor\" \/>\n<meta property=\"article:publisher\" content=\"https:\/\/www.facebook.com\/grontkontor.dk\/\" \/>\n<meta name=\"twitter:card\" content=\"summary_large_image\" \/>\n<script type=\"application\/ld+json\" class=\"yoast-schema-graph\">{\"@context\":\"https:\/\/schema.org\",\"@graph\":[{\"@type\":\"WebPage\",\"@id\":\"https:\/\/grontkontor.dk\/sv\/shop\/memo-haaller-koersbaerstraedet-aatervinningen\/\",\"url\":\"https:\/\/grontkontor.dk\/sv\/shop\/memo-haaller-koersbaerstraedet-aatervinningen\/\",\"name\":\"Memo h\u00e5ller k\u00f6rsb\u00e4rstr\u00e4det\/\u00e5tervinningen - Gr\u00f8nt Kontor\",\"isPartOf\":{\"@id\":\"https:\/\/grontkontor.dk\/#website\"},\"datePublished\":\"2024-02-28T08:32:35+00:00\",\"dateModified\":\"2024-02-28T08:32:35+00:00\",\"breadcrumb\":{\"@id\":\"https:\/\/grontkontor.dk\/sv\/shop\/memo-haaller-koersbaerstraedet-aatervinningen\/#breadcrumb\"},\"inLanguage\":\"sv-SE\",\"potentialAction\":[{\"@type\":\"ReadAction\",\"target\":[\"https:\/\/grontkontor.dk\/sv\/shop\/memo-haaller-koersbaerstraedet-aatervinningen\/\"]}]},{\"@type\":\"BreadcrumbList\",\"@id\":\"https:\/\/grontkontor.dk\/sv\/shop\/memo-haaller-koersbaerstraedet-aatervinningen\/#breadcrumb\",\"itemListElement\":[{\"@type\":\"ListItem\",\"position\":1,\"name\":\"Forside\",\"item\":\"https:\/\/grontkontor.dk\/\"},{\"@type\":\"ListItem\",\"position\":2,\"name\":\"Shop\",\"item\":\"https:\/\/grontkontor.dk\/sv\/shop\/\"},{\"@type\":\"ListItem\",\"position\":3,\"name\":\"Papper och block\",\"item\":\"https:\/\/grontkontor.dk\/sv\/produkt-kategori\/papper-och-block\/\"},{\"@type\":\"ListItem\",\"position\":4,\"name\":\"Anteckningsblock\",\"item\":\"https:\/\/grontkontor.dk\/sv\/produkt-kategori\/papper-och-block\/block\/\"},{\"@type\":\"ListItem\",\"position\":5,\"name\":\"Memo h\u00e5ller k\u00f6rsb\u00e4rstr\u00e4det\/\u00e5tervinningen\"}]},{\"@type\":\"WebSite\",\"@id\":\"https:\/\/grontkontor.dk\/#website\",\"url\":\"https:\/\/grontkontor.dk\/\",\"name\":\"Gr\u00f8nt Kontor\",\"description\":\"Milj\u00f8venlige produkter til kontor og erhverv med fokus p\u00e5 b\u00e6redygtighed, design og fair trade.\",\"publisher\":{\"@id\":\"https:\/\/grontkontor.dk\/#organization\"},\"potentialAction\":[{\"@type\":\"SearchAction\",\"target\":{\"@type\":\"EntryPoint\",\"urlTemplate\":\"https:\/\/grontkontor.dk\/?s={search_term_string}\"},\"query-input\":\"required name=search_term_string\"}],\"inLanguage\":\"sv-SE\"},{\"@type\":\"Organization\",\"@id\":\"https:\/\/grontkontor.dk\/#organization\",\"name\":\"Gr\u00f8nt Kontor\",\"url\":\"https:\/\/grontkontor.dk\/\",\"logo\":{\"@type\":\"ImageObject\",\"inLanguage\":\"sv-SE\",\"@id\":\"https:\/\/grontkontor.dk\/#\/schema\/logo\/image\/\",\"url\":\"https:\/\/grontkontor.dk\/wp-content\/uploads\/2014\/02\/Logo_groent_kontor_300x80.png\",\"contentUrl\":\"https:\/\/grontkontor.dk\/wp-content\/uploads\/2014\/02\/Logo_groent_kontor_300x80.png\",\"width\":300,\"height\":80,\"caption\":\"Gr\u00f8nt Kontor\"},\"image\":{\"@id\":\"https:\/\/grontkontor.dk\/#\/schema\/logo\/image\/\"},\"sameAs\":[\"https:\/\/www.facebook.com\/grontkontor.dk\/\"]}]}<\/script>\n<!-- \/ Yoast SEO Premium plugin. -->","yoast_head_json":{"title":"Memo h\u00e5ller k\u00f6rsb\u00e4rstr\u00e4det\/\u00e5tervinningen - Gr\u00f8nt Kontor","robots":{"index":"index","follow":"follow","max-snippet":"max-snippet:-1","max-image-preview":"max-image-preview:large","max-video-preview":"max-video-preview:-1"},"canonical":"https:\/\/grontkontor.dk\/sv\/shop\/memo-haaller-koersbaerstraedet-aatervinningen\/","og_locale":"sv_SE","og_type":"article","og_title":"Memo h\u00e5ller k\u00f6rsb\u00e4rstr\u00e4det\/\u00e5tervinningen","og_description":"Enkel, exklusiv och rustik anteckningsh\u00e5llare i europeiskt k\u00f6rsb\u00e4rstr\u00e4 med anteckningar i ljusgr\u00e5tt \u00e5tervunnet papper. Tillverkas i EU av funktionshindrade i skyddade verkst\u00e4der.","og_url":"https:\/\/grontkontor.dk\/sv\/shop\/memo-haaller-koersbaerstraedet-aatervinningen\/","og_site_name":"Gr\u00f8nt Kontor","article_publisher":"https:\/\/www.facebook.com\/grontkontor.dk\/","twitter_card":"summary_large_image","schema":{"@context":"https:\/\/schema.org","@graph":[{"@type":"WebPage","@id":"https:\/\/grontkontor.dk\/sv\/shop\/memo-haaller-koersbaerstraedet-aatervinningen\/","url":"https:\/\/grontkontor.dk\/sv\/shop\/memo-haaller-koersbaerstraedet-aatervinningen\/","name":"Memo h\u00e5ller k\u00f6rsb\u00e4rstr\u00e4det\/\u00e5tervinningen - Gr\u00f8nt Kontor","isPartOf":{"@id":"https:\/\/grontkontor.dk\/#website"},"datePublished":"2024-02-28T08:32:35+00:00","dateModified":"2024-02-28T08:32:35+00:00","breadcrumb":{"@id":"https:\/\/grontkontor.dk\/sv\/shop\/memo-haaller-koersbaerstraedet-aatervinningen\/#breadcrumb"},"inLanguage":"sv-SE","potentialAction":[{"@type":"ReadAction","target":["https:\/\/grontkontor.dk\/sv\/shop\/memo-haaller-koersbaerstraedet-aatervinningen\/"]}]},{"@type":"BreadcrumbList","@id":"https:\/\/grontkontor.dk\/sv\/shop\/memo-haaller-koersbaerstraedet-aatervinningen\/#breadcrumb","itemListElement":[{"@type":"ListItem","position":1,"name":"Forside","item":"https:\/\/grontkontor.dk\/"},{"@type":"ListItem","position":2,"name":"Shop","item":"https:\/\/grontkontor.dk\/sv\/shop\/"},{"@type":"ListItem","position":3,"name":"Papper och block","item":"https:\/\/grontkontor.dk\/sv\/produkt-kategori\/papper-och-block\/"},{"@type":"ListItem","position":4,"name":"Anteckningsblock","item":"https:\/\/grontkontor.dk\/sv\/produkt-kategori\/papper-och-block\/block\/"},{"@type":"ListItem","position":5,"name":"Memo h\u00e5ller k\u00f6rsb\u00e4rstr\u00e4det\/\u00e5tervinningen"}]},{"@type":"WebSite","@id":"https:\/\/grontkontor.dk\/#website","url":"https:\/\/grontkontor.dk\/","name":"Gr\u00f8nt Kontor","description":"Milj\u00f8venlige produkter til kontor og erhverv med fokus p\u00e5 b\u00e6redygtighed, design og fair trade.","publisher":{"@id":"https:\/\/grontkontor.dk\/#organization"},"potentialAction":[{"@type":"SearchAction","target":{"@type":"EntryPoint","urlTemplate":"https:\/\/grontkontor.dk\/?s={search_term_string}"},"query-input":"required name=search_term_string"}],"inLanguage":"sv-SE"},{"@type":"Organization","@id":"https:\/\/grontkontor.dk\/#organization","name":"Gr\u00f8nt Kontor","url":"https:\/\/grontkontor.dk\/","logo":{"@type":"ImageObject","inLanguage":"sv-SE","@id":"https:\/\/grontkontor.dk\/#\/schema\/logo\/image\/","url":"https:\/\/grontkontor.dk\/wp-content\/uploads\/2014\/02\/Logo_groent_kontor_300x80.png","contentUrl":"https:\/\/grontkontor.dk\/wp-content\/uploads\/2014\/02\/Logo_groent_kontor_300x80.png","width":300,"height":80,"caption":"Gr\u00f8nt Kontor"},"image":{"@id":"https:\/\/grontkontor.dk\/#\/schema\/logo\/image\/"},"sameAs":["https:\/\/www.facebook.com\/grontkontor.dk\/"]}]}},"_links":{"self":[{"href":"https:\/\/grontkontor.dk\/sv\/wp-json\/wp\/v2\/product\/81882"}],"collection":[{"href":"https:\/\/grontkontor.dk\/sv\/wp-json\/wp\/v2\/product"}],"about":[{"href":"https:\/\/grontkontor.dk\/sv\/wp-json\/wp\/v2\/types\/product"}],"replies":[{"embeddable":true,"href":"https:\/\/grontkontor.dk\/sv\/wp-json\/wp\/v2\/comments?post=81882"}],"wp:featuredmedia":[{"embeddable":true,"href":"https:\/\/grontkontor.dk\/sv\/wp-json\/wp\/v2\/media\/22884"}],"wp:attachment":[{"href":"https:\/\/grontkontor.dk\/sv\/wp-json\/wp\/v2\/media?parent=81882"}],"wp:term":[{"taxonomy":"product_cat","embeddable":true,"href":"https:\/\/grontkontor.dk\/sv\/wp-json\/wp\/v2\/product_cat?post=81882"},{"taxonomy":"product_tag","embeddable":true,"href":"https:\/\/grontkontor.dk\/sv\/wp-json\/wp\/v2\/product_tag?post=81882"}],"curies":[{"name":"wp","href":"https:\/\/api.w.org\/{rel}","templated":true}]}}