{"id":81894,"date":"2023-09-22T13:14:49","date_gmt":"2024-02-28T09:01:54","guid":{"rendered":"https:\/\/grontkontor.dk\/shop\/retro-keramisk-mugg-med-svart-kant\/"},"modified":"2024-02-28T10:01:54","modified_gmt":"2024-02-28T09:01:54","slug":"retro-keramisk-mugg-med-svart-kant","status":"publish","type":"product","link":"https:\/\/grontkontor.dk\/sv\/shop\/retro-keramisk-mugg-med-svart-kant\/","title":{"rendered":"Retro keramisk mugg med svart kant"},"content":{"rendered":"<p>Milj\u00f6v\u00e4nlig retromugg med l\u00e4cker keramisk finish. H\u00e4rlig old school-design i klimatv\u00e4nligt material. Finns i r\u00f6tt, gr\u00f6nt, bl\u00e5tt, svart och vitt. Finns \u00e4ven med tryck. L\u00e4mplig f\u00f6r diskmaskin och mikrov\u00e5gsugn. Bra f\u00f6r giveaway, f\u00f6retagsprylar eller f\u00f6r anv\u00e4ndning p\u00e5 kontoret.<br \/>\nMuggen \u00e4r  godk\u00e4nt till kontakt med livsmedel och 100% BPA fritt<br \/>\nInneh\u00e5ll: 300 ml.<\/p>\nKeramik \/ porslin \u00e4r ett h\u00e5llbart material, framst\u00e4llt prim\u00e4rt av lera, som man kan betrakta som en outt\u00f6mmlig resurs. Vid tillverkningen g\u00e5r det \u00e5t stora m\u00e4ngder energi, s\u00e5 graden h\u00e5llbarhet \u00e4r beroende av energik\u00e4llan under tillv\u00e4rkningsprocessen. Keramik avger inga skadliga material till milj\u00f6n, efter kassering. \n<p>&nbsp;<\/p>\n","protected":false},"excerpt":{"rendered":"<p>Milj\u00f6v\u00e4nlig retromugg med l\u00e4cker keramisk finish. H\u00e4rlig old school-design i klimatv\u00e4nligt material. Finns i r\u00f6tt, gr\u00f6nt, bl\u00e5tt, svart och vitt. Finns \u00e4ven med tryck. L\u00e4mplig f\u00f6r diskmaskin och mikrov\u00e5gsugn. Bra f\u00f6r giveaway, f\u00f6retagsprylar eller f\u00f6r anv\u00e4ndning p\u00e5 kontoret. Muggen \u00e4r Inneh\u00e5ll: 300 ml. &nbsp;<\/p>\n","protected":false},"featured_media":21928,"comment_status":"closed","ping_status":"closed","template":"","meta":{"_acf_changed":false},"product_cat":[4452,2107,2233,1954],"product_tag":[1911,1910],"class_list":{"0":"post-81894","1":"product","2":"type-product","3":"status-publish","4":"has-post-thumbnail","6":"product_cat-muggar-och-koppar-sv","7":"product_cat-dummy-moq-1-sv","8":"product_cat-mat-och-dryck","9":"product_cat-muggar-och-koppar","10":"product_tag-kaffekrus-sv","11":"product_tag-krus-sv","12":"tm-has-options","14":"first","15":"instock","16":"taxable","17":"shipping-taxable","18":"purchasable","19":"product-type-variable","20":"has-default-attributes"},"acf":[],"yoast_head":"<!-- This site is optimized with the Yoast SEO Premium plugin v21.2 (Yoast SEO v21.2) - https:\/\/yoast.com\/wordpress\/plugins\/seo\/ -->\n<title>Retro keramisk mugg med svart kant - Gr\u00f8nt Kontor<\/title>\n<meta name=\"robots\" content=\"index, follow, max-snippet:-1, max-image-preview:large, max-video-preview:-1\" \/>\n<link rel=\"canonical\" href=\"https:\/\/grontkontor.dk\/sv\/shop\/retro-keramisk-mugg-med-svart-kant\/\" \/>\n<meta property=\"og:locale\" content=\"sv_SE\" \/>\n<meta property=\"og:type\" content=\"article\" \/>\n<meta property=\"og:title\" content=\"Retro keramisk mugg med svart kant\" \/>\n<meta property=\"og:description\" content=\"Milj\u00f6v\u00e4nlig retromugg med l\u00e4cker keramisk finish. H\u00e4rlig old school-design i klimatv\u00e4nligt material. Finns i r\u00f6tt, gr\u00f6nt, bl\u00e5tt, svart och vitt. Finns \u00e4ven med tryck. L\u00e4mplig f\u00f6r diskmaskin och mikrov\u00e5gsugn. Bra f\u00f6r giveaway, f\u00f6retagsprylar eller f\u00f6r anv\u00e4ndning p\u00e5 kontoret. Muggen \u00e4r Inneh\u00e5ll: 300 ml. &nbsp;\" \/>\n<meta property=\"og:url\" content=\"https:\/\/grontkontor.dk\/sv\/shop\/retro-keramisk-mugg-med-svart-kant\/\" \/>\n<meta property=\"og:site_name\" content=\"Gr\u00f8nt Kontor\" \/>\n<meta property=\"article:publisher\" content=\"https:\/\/www.facebook.com\/grontkontor.dk\/\" \/>\n<meta name=\"twitter:card\" content=\"summary_large_image\" \/>\n<script type=\"application\/ld+json\" class=\"yoast-schema-graph\">{\"@context\":\"https:\/\/schema.org\",\"@graph\":[{\"@type\":\"WebPage\",\"@id\":\"https:\/\/grontkontor.dk\/sv\/shop\/retro-keramisk-mugg-med-svart-kant\/\",\"url\":\"https:\/\/grontkontor.dk\/sv\/shop\/retro-keramisk-mugg-med-svart-kant\/\",\"name\":\"Retro keramisk mugg med svart kant - Gr\u00f8nt Kontor\",\"isPartOf\":{\"@id\":\"https:\/\/grontkontor.dk\/#website\"},\"datePublished\":\"2024-02-28T09:01:54+00:00\",\"dateModified\":\"2024-02-28T09:01:54+00:00\",\"breadcrumb\":{\"@id\":\"https:\/\/grontkontor.dk\/sv\/shop\/retro-keramisk-mugg-med-svart-kant\/#breadcrumb\"},\"inLanguage\":\"sv-SE\",\"potentialAction\":[{\"@type\":\"ReadAction\",\"target\":[\"https:\/\/grontkontor.dk\/sv\/shop\/retro-keramisk-mugg-med-svart-kant\/\"]}]},{\"@type\":\"BreadcrumbList\",\"@id\":\"https:\/\/grontkontor.dk\/sv\/shop\/retro-keramisk-mugg-med-svart-kant\/#breadcrumb\",\"itemListElement\":[{\"@type\":\"ListItem\",\"position\":1,\"name\":\"Forside\",\"item\":\"https:\/\/grontkontor.dk\/\"},{\"@type\":\"ListItem\",\"position\":2,\"name\":\"Shop\",\"item\":\"https:\/\/grontkontor.dk\/sv\/shop\/\"},{\"@type\":\"ListItem\",\"position\":3,\"name\":\"Mad og drikke\",\"item\":\"https:\/\/grontkontor.dk\/produkt-kategori\/mad-og-drikke\/\"},{\"@type\":\"ListItem\",\"position\":4,\"name\":\"Krus, kopper mm.\",\"item\":\"https:\/\/grontkontor.dk\/produkt-kategori\/mad-og-drikke\/to-go-krus-og-kopper\/\"},{\"@type\":\"ListItem\",\"position\":5,\"name\":\"Retro keramisk mugg med svart kant\"}]},{\"@type\":\"WebSite\",\"@id\":\"https:\/\/grontkontor.dk\/#website\",\"url\":\"https:\/\/grontkontor.dk\/\",\"name\":\"Gr\u00f8nt Kontor\",\"description\":\"Milj\u00f8venlige produkter til kontor og erhverv med fokus p\u00e5 b\u00e6redygtighed, design og fair trade.\",\"publisher\":{\"@id\":\"https:\/\/grontkontor.dk\/#organization\"},\"potentialAction\":[{\"@type\":\"SearchAction\",\"target\":{\"@type\":\"EntryPoint\",\"urlTemplate\":\"https:\/\/grontkontor.dk\/?s={search_term_string}\"},\"query-input\":\"required name=search_term_string\"}],\"inLanguage\":\"sv-SE\"},{\"@type\":\"Organization\",\"@id\":\"https:\/\/grontkontor.dk\/#organization\",\"name\":\"Gr\u00f8nt Kontor\",\"url\":\"https:\/\/grontkontor.dk\/\",\"logo\":{\"@type\":\"ImageObject\",\"inLanguage\":\"sv-SE\",\"@id\":\"https:\/\/grontkontor.dk\/#\/schema\/logo\/image\/\",\"url\":\"https:\/\/grontkontor.dk\/wp-content\/uploads\/2014\/02\/Logo_groent_kontor_300x80.png\",\"contentUrl\":\"https:\/\/grontkontor.dk\/wp-content\/uploads\/2014\/02\/Logo_groent_kontor_300x80.png\",\"width\":300,\"height\":80,\"caption\":\"Gr\u00f8nt Kontor\"},\"image\":{\"@id\":\"https:\/\/grontkontor.dk\/#\/schema\/logo\/image\/\"},\"sameAs\":[\"https:\/\/www.facebook.com\/grontkontor.dk\/\"]}]}<\/script>\n<!-- \/ Yoast SEO Premium plugin. -->","yoast_head_json":{"title":"Retro keramisk mugg med svart kant - Gr\u00f8nt Kontor","robots":{"index":"index","follow":"follow","max-snippet":"max-snippet:-1","max-image-preview":"max-image-preview:large","max-video-preview":"max-video-preview:-1"},"canonical":"https:\/\/grontkontor.dk\/sv\/shop\/retro-keramisk-mugg-med-svart-kant\/","og_locale":"sv_SE","og_type":"article","og_title":"Retro keramisk mugg med svart kant","og_description":"Milj\u00f6v\u00e4nlig retromugg med l\u00e4cker keramisk finish. H\u00e4rlig old school-design i klimatv\u00e4nligt material. Finns i r\u00f6tt, gr\u00f6nt, bl\u00e5tt, svart och vitt. Finns \u00e4ven med tryck. L\u00e4mplig f\u00f6r diskmaskin och mikrov\u00e5gsugn. Bra f\u00f6r giveaway, f\u00f6retagsprylar eller f\u00f6r anv\u00e4ndning p\u00e5 kontoret. Muggen \u00e4r Inneh\u00e5ll: 300 ml. &nbsp;","og_url":"https:\/\/grontkontor.dk\/sv\/shop\/retro-keramisk-mugg-med-svart-kant\/","og_site_name":"Gr\u00f8nt Kontor","article_publisher":"https:\/\/www.facebook.com\/grontkontor.dk\/","twitter_card":"summary_large_image","schema":{"@context":"https:\/\/schema.org","@graph":[{"@type":"WebPage","@id":"https:\/\/grontkontor.dk\/sv\/shop\/retro-keramisk-mugg-med-svart-kant\/","url":"https:\/\/grontkontor.dk\/sv\/shop\/retro-keramisk-mugg-med-svart-kant\/","name":"Retro keramisk mugg med svart kant - Gr\u00f8nt Kontor","isPartOf":{"@id":"https:\/\/grontkontor.dk\/#website"},"datePublished":"2024-02-28T09:01:54+00:00","dateModified":"2024-02-28T09:01:54+00:00","breadcrumb":{"@id":"https:\/\/grontkontor.dk\/sv\/shop\/retro-keramisk-mugg-med-svart-kant\/#breadcrumb"},"inLanguage":"sv-SE","potentialAction":[{"@type":"ReadAction","target":["https:\/\/grontkontor.dk\/sv\/shop\/retro-keramisk-mugg-med-svart-kant\/"]}]},{"@type":"BreadcrumbList","@id":"https:\/\/grontkontor.dk\/sv\/shop\/retro-keramisk-mugg-med-svart-kant\/#breadcrumb","itemListElement":[{"@type":"ListItem","position":1,"name":"Forside","item":"https:\/\/grontkontor.dk\/"},{"@type":"ListItem","position":2,"name":"Shop","item":"https:\/\/grontkontor.dk\/sv\/shop\/"},{"@type":"ListItem","position":3,"name":"Mad og drikke","item":"https:\/\/grontkontor.dk\/produkt-kategori\/mad-og-drikke\/"},{"@type":"ListItem","position":4,"name":"Krus, kopper mm.","item":"https:\/\/grontkontor.dk\/produkt-kategori\/mad-og-drikke\/to-go-krus-og-kopper\/"},{"@type":"ListItem","position":5,"name":"Retro keramisk mugg med svart kant"}]},{"@type":"WebSite","@id":"https:\/\/grontkontor.dk\/#website","url":"https:\/\/grontkontor.dk\/","name":"Gr\u00f8nt Kontor","description":"Milj\u00f8venlige produkter til kontor og erhverv med fokus p\u00e5 b\u00e6redygtighed, design og fair trade.","publisher":{"@id":"https:\/\/grontkontor.dk\/#organization"},"potentialAction":[{"@type":"SearchAction","target":{"@type":"EntryPoint","urlTemplate":"https:\/\/grontkontor.dk\/?s={search_term_string}"},"query-input":"required name=search_term_string"}],"inLanguage":"sv-SE"},{"@type":"Organization","@id":"https:\/\/grontkontor.dk\/#organization","name":"Gr\u00f8nt Kontor","url":"https:\/\/grontkontor.dk\/","logo":{"@type":"ImageObject","inLanguage":"sv-SE","@id":"https:\/\/grontkontor.dk\/#\/schema\/logo\/image\/","url":"https:\/\/grontkontor.dk\/wp-content\/uploads\/2014\/02\/Logo_groent_kontor_300x80.png","contentUrl":"https:\/\/grontkontor.dk\/wp-content\/uploads\/2014\/02\/Logo_groent_kontor_300x80.png","width":300,"height":80,"caption":"Gr\u00f8nt Kontor"},"image":{"@id":"https:\/\/grontkontor.dk\/#\/schema\/logo\/image\/"},"sameAs":["https:\/\/www.facebook.com\/grontkontor.dk\/"]}]}},"_links":{"self":[{"href":"https:\/\/grontkontor.dk\/sv\/wp-json\/wp\/v2\/product\/81894"}],"collection":[{"href":"https:\/\/grontkontor.dk\/sv\/wp-json\/wp\/v2\/product"}],"about":[{"href":"https:\/\/grontkontor.dk\/sv\/wp-json\/wp\/v2\/types\/product"}],"replies":[{"embeddable":true,"href":"https:\/\/grontkontor.dk\/sv\/wp-json\/wp\/v2\/comments?post=81894"}],"wp:featuredmedia":[{"embeddable":true,"href":"https:\/\/grontkontor.dk\/sv\/wp-json\/wp\/v2\/media\/21928"}],"wp:attachment":[{"href":"https:\/\/grontkontor.dk\/sv\/wp-json\/wp\/v2\/media?parent=81894"}],"wp:term":[{"taxonomy":"product_cat","embeddable":true,"href":"https:\/\/grontkontor.dk\/sv\/wp-json\/wp\/v2\/product_cat?post=81894"},{"taxonomy":"product_tag","embeddable":true,"href":"https:\/\/grontkontor.dk\/sv\/wp-json\/wp\/v2\/product_tag?post=81894"}],"curies":[{"name":"wp","href":"https:\/\/api.w.org\/{rel}","templated":true}]}}