{"id":81955,"date":"2023-09-22T13:06:37","date_gmt":"2024-02-28T13:33:37","guid":{"rendered":"https:\/\/grontkontor.dk\/shop\/keramiska-muggar-i-svart-och-valfri-faerg\/"},"modified":"2024-02-28T14:33:37","modified_gmt":"2024-02-28T13:33:37","slug":"keramiska-muggar-i-svart-och-valfri-faerg","status":"publish","type":"product","link":"https:\/\/grontkontor.dk\/sv\/shop\/keramiska-muggar-i-svart-och-valfri-faerg\/","title":{"rendered":"Keramiska muggar i svart och valfri f\u00e4rg"},"content":{"rendered":"<p>Vacker och budgetv\u00e4nlig mugg i svart keramik med handtag och med valfri f\u00e4rg inuti. Finns i gr\u00f6nt, r\u00f6tt, orange, gult och rosa.<br \/>\nEn slitstark och milj\u00f6v\u00e4nlig mugg f\u00f6r varma och kalla drycker som passar till m\u00e4ssa och event. Kan diskas i diskmaskin och mikrov\u00e5gsugn.<br \/>\nMuggen \u00e4r godk\u00e4nt till kontakt med livsmedel och 100% BPA fritt<br \/>\nInneh\u00e5ll: 350 ml.<\/p>\nKeramik \/ porslin \u00e4r ett h\u00e5llbart material, framst\u00e4llt prim\u00e4rt av lera, som man kan betrakta som en outt\u00f6mmlig resurs. Vid tillverkningen g\u00e5r det \u00e5t stora m\u00e4ngder energi, s\u00e5 graden h\u00e5llbarhet \u00e4r beroende av energik\u00e4llan under tillv\u00e4rkningsprocessen. Keramik avger inga skadliga material till milj\u00f6n, efter kassering. \n<p>&nbsp;<\/p>\n","protected":false},"excerpt":{"rendered":"<p>Vacker och budgetv\u00e4nlig mugg i svart keramik med handtag och med valfri f\u00e4rg inuti. Finns i gr\u00f6nt, r\u00f6tt, orange, gult och rosa. En slitstark och milj\u00f6v\u00e4nlig mugg f\u00f6r varma och kalla drycker som passar till m\u00e4ssa och event. Kan diskas i diskmaskin och mikrov\u00e5gsugn. Muggen \u00e4r Inneh\u00e5ll: 350 ml. &nbsp;<\/p>\n","protected":false},"featured_media":15712,"comment_status":"closed","ping_status":"closed","template":"","meta":{"_acf_changed":false},"product_cat":[4452,2123,2233,1954],"product_tag":[1911,1910],"class_list":{"0":"post-81955","1":"product","2":"type-product","3":"status-publish","4":"has-post-thumbnail","6":"product_cat-muggar-och-koppar-sv","7":"product_cat-dummy-moq-50-100-sv","8":"product_cat-mat-och-dryck","9":"product_cat-muggar-och-koppar","10":"product_tag-kaffekrus-sv","11":"product_tag-krus-sv","12":"tm-no-options","14":"first","15":"onbackorder","16":"taxable","17":"shipping-taxable","18":"purchasable","19":"product-type-variable","20":"has-default-attributes"},"acf":[],"yoast_head":"<!-- This site is optimized with the Yoast SEO Premium plugin v21.2 (Yoast SEO v21.2) - https:\/\/yoast.com\/wordpress\/plugins\/seo\/ -->\n<title>Keramiska muggar i svart och valfri f\u00e4rg - Gr\u00f8nt Kontor<\/title>\n<meta name=\"robots\" content=\"index, follow, max-snippet:-1, max-image-preview:large, max-video-preview:-1\" \/>\n<link rel=\"canonical\" href=\"https:\/\/grontkontor.dk\/shop\/keramikkrus-sort-valgfri-farve\/\" \/>\n<meta property=\"og:locale\" content=\"sv_SE\" \/>\n<meta property=\"og:type\" content=\"article\" \/>\n<meta property=\"og:title\" content=\"Keramiska muggar i svart och valfri f\u00e4rg\" \/>\n<meta property=\"og:description\" content=\"Vacker och budgetv\u00e4nlig mugg i svart keramik med handtag och med valfri f\u00e4rg inuti. Finns i gr\u00f6nt, r\u00f6tt, orange, gult och rosa. En slitstark och milj\u00f6v\u00e4nlig mugg f\u00f6r varma och kalla drycker som passar till m\u00e4ssa och event. Kan diskas i diskmaskin och mikrov\u00e5gsugn. Muggen \u00e4r Inneh\u00e5ll: 350 ml. &nbsp;\" \/>\n<meta property=\"og:url\" content=\"https:\/\/grontkontor.dk\/shop\/keramikkrus-sort-valgfri-farve\/\" \/>\n<meta property=\"og:site_name\" content=\"Gr\u00f8nt Kontor\" \/>\n<meta property=\"article:publisher\" content=\"https:\/\/www.facebook.com\/grontkontor.dk\/\" \/>\n<meta name=\"twitter:card\" content=\"summary_large_image\" \/>\n<script type=\"application\/ld+json\" class=\"yoast-schema-graph\">{\"@context\":\"https:\/\/schema.org\",\"@graph\":[{\"@type\":\"WebPage\",\"@id\":\"https:\/\/grontkontor.dk\/shop\/keramikkrus-sort-valgfri-farve\/\",\"url\":\"https:\/\/grontkontor.dk\/shop\/keramikkrus-sort-valgfri-farve\/\",\"name\":\"Keramiska muggar i svart och valfri f\u00e4rg - Gr\u00f8nt Kontor\",\"isPartOf\":{\"@id\":\"https:\/\/grontkontor.dk\/#website\"},\"datePublished\":\"2024-02-28T13:33:37+00:00\",\"dateModified\":\"2024-02-28T13:33:37+00:00\",\"breadcrumb\":{\"@id\":\"https:\/\/grontkontor.dk\/shop\/keramikkrus-sort-valgfri-farve\/#breadcrumb\"},\"inLanguage\":\"sv-SE\",\"potentialAction\":[{\"@type\":\"ReadAction\",\"target\":[\"https:\/\/grontkontor.dk\/shop\/keramikkrus-sort-valgfri-farve\/\"]}]},{\"@type\":\"BreadcrumbList\",\"@id\":\"https:\/\/grontkontor.dk\/shop\/keramikkrus-sort-valgfri-farve\/#breadcrumb\",\"itemListElement\":[{\"@type\":\"ListItem\",\"position\":1,\"name\":\"Forside\",\"item\":\"https:\/\/grontkontor.dk\/\"},{\"@type\":\"ListItem\",\"position\":2,\"name\":\"Shop\",\"item\":\"https:\/\/grontkontor.dk\/sv\/shop\/\"},{\"@type\":\"ListItem\",\"position\":3,\"name\":\"Klimavenlige firmagaver\",\"item\":\"https:\/\/grontkontor.dk\/produkt-kategori\/klimavenlige-firmagaver\/\"},{\"@type\":\"ListItem\",\"position\":4,\"name\":\"Krus og kopper\",\"item\":\"https:\/\/grontkontor.dk\/produkt-kategori\/klimavenlige-firmagaver\/krus-og-kopper\/\"},{\"@type\":\"ListItem\",\"position\":5,\"name\":\"Keramiska muggar i svart och valfri f\u00e4rg\"}]},{\"@type\":\"WebSite\",\"@id\":\"https:\/\/grontkontor.dk\/#website\",\"url\":\"https:\/\/grontkontor.dk\/\",\"name\":\"Gr\u00f8nt Kontor\",\"description\":\"Milj\u00f8venlige produkter til kontor og erhverv med fokus p\u00e5 b\u00e6redygtighed, design og fair trade.\",\"publisher\":{\"@id\":\"https:\/\/grontkontor.dk\/#organization\"},\"potentialAction\":[{\"@type\":\"SearchAction\",\"target\":{\"@type\":\"EntryPoint\",\"urlTemplate\":\"https:\/\/grontkontor.dk\/?s={search_term_string}\"},\"query-input\":\"required name=search_term_string\"}],\"inLanguage\":\"sv-SE\"},{\"@type\":\"Organization\",\"@id\":\"https:\/\/grontkontor.dk\/#organization\",\"name\":\"Gr\u00f8nt Kontor\",\"url\":\"https:\/\/grontkontor.dk\/\",\"logo\":{\"@type\":\"ImageObject\",\"inLanguage\":\"sv-SE\",\"@id\":\"https:\/\/grontkontor.dk\/#\/schema\/logo\/image\/\",\"url\":\"https:\/\/grontkontor.dk\/wp-content\/uploads\/2014\/02\/Logo_groent_kontor_300x80.png\",\"contentUrl\":\"https:\/\/grontkontor.dk\/wp-content\/uploads\/2014\/02\/Logo_groent_kontor_300x80.png\",\"width\":300,\"height\":80,\"caption\":\"Gr\u00f8nt Kontor\"},\"image\":{\"@id\":\"https:\/\/grontkontor.dk\/#\/schema\/logo\/image\/\"},\"sameAs\":[\"https:\/\/www.facebook.com\/grontkontor.dk\/\"]}]}<\/script>\n<!-- \/ Yoast SEO Premium plugin. -->","yoast_head_json":{"title":"Keramiska muggar i svart och valfri f\u00e4rg - Gr\u00f8nt Kontor","robots":{"index":"index","follow":"follow","max-snippet":"max-snippet:-1","max-image-preview":"max-image-preview:large","max-video-preview":"max-video-preview:-1"},"canonical":"https:\/\/grontkontor.dk\/shop\/keramikkrus-sort-valgfri-farve\/","og_locale":"sv_SE","og_type":"article","og_title":"Keramiska muggar i svart och valfri f\u00e4rg","og_description":"Vacker och budgetv\u00e4nlig mugg i svart keramik med handtag och med valfri f\u00e4rg inuti. Finns i gr\u00f6nt, r\u00f6tt, orange, gult och rosa. En slitstark och milj\u00f6v\u00e4nlig mugg f\u00f6r varma och kalla drycker som passar till m\u00e4ssa och event. Kan diskas i diskmaskin och mikrov\u00e5gsugn. Muggen \u00e4r Inneh\u00e5ll: 350 ml. &nbsp;","og_url":"https:\/\/grontkontor.dk\/shop\/keramikkrus-sort-valgfri-farve\/","og_site_name":"Gr\u00f8nt Kontor","article_publisher":"https:\/\/www.facebook.com\/grontkontor.dk\/","twitter_card":"summary_large_image","schema":{"@context":"https:\/\/schema.org","@graph":[{"@type":"WebPage","@id":"https:\/\/grontkontor.dk\/shop\/keramikkrus-sort-valgfri-farve\/","url":"https:\/\/grontkontor.dk\/shop\/keramikkrus-sort-valgfri-farve\/","name":"Keramiska muggar i svart och valfri f\u00e4rg - Gr\u00f8nt Kontor","isPartOf":{"@id":"https:\/\/grontkontor.dk\/#website"},"datePublished":"2024-02-28T13:33:37+00:00","dateModified":"2024-02-28T13:33:37+00:00","breadcrumb":{"@id":"https:\/\/grontkontor.dk\/shop\/keramikkrus-sort-valgfri-farve\/#breadcrumb"},"inLanguage":"sv-SE","potentialAction":[{"@type":"ReadAction","target":["https:\/\/grontkontor.dk\/shop\/keramikkrus-sort-valgfri-farve\/"]}]},{"@type":"BreadcrumbList","@id":"https:\/\/grontkontor.dk\/shop\/keramikkrus-sort-valgfri-farve\/#breadcrumb","itemListElement":[{"@type":"ListItem","position":1,"name":"Forside","item":"https:\/\/grontkontor.dk\/"},{"@type":"ListItem","position":2,"name":"Shop","item":"https:\/\/grontkontor.dk\/sv\/shop\/"},{"@type":"ListItem","position":3,"name":"Klimavenlige firmagaver","item":"https:\/\/grontkontor.dk\/produkt-kategori\/klimavenlige-firmagaver\/"},{"@type":"ListItem","position":4,"name":"Krus og kopper","item":"https:\/\/grontkontor.dk\/produkt-kategori\/klimavenlige-firmagaver\/krus-og-kopper\/"},{"@type":"ListItem","position":5,"name":"Keramiska muggar i svart och valfri f\u00e4rg"}]},{"@type":"WebSite","@id":"https:\/\/grontkontor.dk\/#website","url":"https:\/\/grontkontor.dk\/","name":"Gr\u00f8nt Kontor","description":"Milj\u00f8venlige produkter til kontor og erhverv med fokus p\u00e5 b\u00e6redygtighed, design og fair trade.","publisher":{"@id":"https:\/\/grontkontor.dk\/#organization"},"potentialAction":[{"@type":"SearchAction","target":{"@type":"EntryPoint","urlTemplate":"https:\/\/grontkontor.dk\/?s={search_term_string}"},"query-input":"required name=search_term_string"}],"inLanguage":"sv-SE"},{"@type":"Organization","@id":"https:\/\/grontkontor.dk\/#organization","name":"Gr\u00f8nt Kontor","url":"https:\/\/grontkontor.dk\/","logo":{"@type":"ImageObject","inLanguage":"sv-SE","@id":"https:\/\/grontkontor.dk\/#\/schema\/logo\/image\/","url":"https:\/\/grontkontor.dk\/wp-content\/uploads\/2014\/02\/Logo_groent_kontor_300x80.png","contentUrl":"https:\/\/grontkontor.dk\/wp-content\/uploads\/2014\/02\/Logo_groent_kontor_300x80.png","width":300,"height":80,"caption":"Gr\u00f8nt Kontor"},"image":{"@id":"https:\/\/grontkontor.dk\/#\/schema\/logo\/image\/"},"sameAs":["https:\/\/www.facebook.com\/grontkontor.dk\/"]}]}},"_links":{"self":[{"href":"https:\/\/grontkontor.dk\/sv\/wp-json\/wp\/v2\/product\/81955"}],"collection":[{"href":"https:\/\/grontkontor.dk\/sv\/wp-json\/wp\/v2\/product"}],"about":[{"href":"https:\/\/grontkontor.dk\/sv\/wp-json\/wp\/v2\/types\/product"}],"replies":[{"embeddable":true,"href":"https:\/\/grontkontor.dk\/sv\/wp-json\/wp\/v2\/comments?post=81955"}],"wp:featuredmedia":[{"embeddable":true,"href":"https:\/\/grontkontor.dk\/sv\/wp-json\/wp\/v2\/media\/15712"}],"wp:attachment":[{"href":"https:\/\/grontkontor.dk\/sv\/wp-json\/wp\/v2\/media?parent=81955"}],"wp:term":[{"taxonomy":"product_cat","embeddable":true,"href":"https:\/\/grontkontor.dk\/sv\/wp-json\/wp\/v2\/product_cat?post=81955"},{"taxonomy":"product_tag","embeddable":true,"href":"https:\/\/grontkontor.dk\/sv\/wp-json\/wp\/v2\/product_tag?post=81955"}],"curies":[{"name":"wp","href":"https:\/\/api.w.org\/{rel}","templated":true}]}}