{"id":82559,"date":"2024-03-13T14:18:58","date_gmt":"2024-03-13T13:18:58","guid":{"rendered":"https:\/\/grontkontor.dk\/?post_type=product&#038;p=82559"},"modified":"2024-05-15T15:52:16","modified_gmt":"2024-05-15T13:52:16","slug":"oekologiska-sa-potatischips","status":"publish","type":"product","link":"https:\/\/grontkontor.dk\/sv\/shop\/oekologiska-sa-potatischips\/","title":{"rendered":"Ekologiska s\u00f6tpotatischips"},"content":{"rendered":"<p>Ekologiska glutenfria chips gjorda p\u00e5 s\u00f6tpotatis med havssalt gjorda p\u00e5 ekologisk solrosolja. En godbit till en goodiebag, f\u00f6retagspresent eller till event.<br \/>\nMinst 48 stycken s\u00e4ljs sedan i l\u00e5dor om 12 stycken.<\/p>\n<p>Nettovikt: 80 g<br \/>\nUrsprung: Nederl\u00e4nderna<br \/>\nF\u00f6rvaring: torrt och svalt<\/p>\n<p><img loading=\"lazy\" decoding=\"async\" class=\"size-medium wp-image-21008\" src=\"https:\/\/grontkontor.dk\/wp-content\/uploads\/2020\/11\/eu-flag_1-300x199.jpg\" alt=\"Fremstillet i EU\" width=\"76\" height=\"50\" srcset=\"https:\/\/grontkontor.dk\/wp-content\/uploads\/2020\/11\/eu-flag_1-300x199.jpg 300w, https:\/\/grontkontor.dk\/wp-content\/uploads\/2020\/11\/eu-flag_1.jpg 530w\" sizes=\"(max-width: 76px) 100vw, 76px\" \/> <img decoding=\"async\" class=\"size-medium wp-image-21008\" src=\"https:\/\/grontkontor.dk\/wp-content\/uploads\/2024\/01\/eu_organic_smll.jpg\" alt=\"Fremstillet i EU\" height=\"50\" \/><\/p>\n","protected":false},"excerpt":{"rendered":"<p>Ekologiska glutenfria chips gjorda p\u00e5 s\u00f6tpotatis med havssalt gjorda p\u00e5 ekologisk solrosolja. En godbit till en goodiebag, f\u00f6retagspresent eller till event. Minst 48 stycken s\u00e4ljs sedan i l\u00e5dor om 12 stycken. Nettovikt: 80 g Ursprung: Nederl\u00e4nderna F\u00f6rvaring: torrt och svalt<\/p>\n","protected":false},"featured_media":82572,"comment_status":"closed","ping_status":"closed","template":"","meta":{"_acf_changed":false},"product_cat":[2450,2445,867,2394,2103],"product_tag":[2898,2857],"class_list":{"0":"post-82559","1":"product","2":"type-product","3":"status-publish","4":"has-post-thumbnail","6":"product_cat-dummy-moq-10-50-sv","7":"product_cat-godis-och-snacks","8":"product_cat-miljovaenliga-foretagspresenter","9":"product_cat-nyheter","10":"product_cat-utstallning-och-event","11":"product_tag-chips-sv","12":"product_tag-snacks-sv","13":"tm-has-options","15":"first","16":"instock","17":"taxable","18":"shipping-taxable","19":"purchasable","20":"product-type-simple"},"acf":[],"yoast_head":"<!-- This site is optimized with the Yoast SEO Premium plugin v21.2 (Yoast SEO v21.2) - https:\/\/yoast.com\/wordpress\/plugins\/seo\/ -->\n<title>Ekologiska s\u00f6tpotatischips - Gr\u00f8nt Kontor<\/title>\n<meta name=\"robots\" content=\"index, follow, max-snippet:-1, max-image-preview:large, max-video-preview:-1\" \/>\n<link rel=\"canonical\" href=\"https:\/\/grontkontor.dk\/sv\/shop\/oekologiska-sa-potatischips\/\" \/>\n<meta property=\"og:locale\" content=\"sv_SE\" \/>\n<meta property=\"og:type\" content=\"article\" \/>\n<meta property=\"og:title\" content=\"Ekologiska s\u00f6tpotatischips\" \/>\n<meta property=\"og:description\" content=\"Ekologiska glutenfria chips gjorda p\u00e5 s\u00f6tpotatis med havssalt gjorda p\u00e5 ekologisk solrosolja. En godbit till en goodiebag, f\u00f6retagspresent eller till event. Minst 48 stycken s\u00e4ljs sedan i l\u00e5dor om 12 stycken. Nettovikt: 80 g Ursprung: Nederl\u00e4nderna F\u00f6rvaring: torrt och svalt\" \/>\n<meta property=\"og:url\" content=\"https:\/\/grontkontor.dk\/sv\/shop\/oekologiska-sa-potatischips\/\" \/>\n<meta property=\"og:site_name\" content=\"Gr\u00f8nt Kontor\" \/>\n<meta property=\"article:publisher\" content=\"https:\/\/www.facebook.com\/grontkontor.dk\/\" \/>\n<meta property=\"article:modified_time\" content=\"2024-05-15T13:52:16+00:00\" \/>\n<meta property=\"og:image\" content=\"https:\/\/grontkontor.dk\/wp-content\/uploads\/2024\/03\/Oekologiske-soed-kartoffel-chips.jpg\" \/>\n\t<meta property=\"og:image:width\" content=\"900\" \/>\n\t<meta property=\"og:image:height\" content=\"639\" \/>\n\t<meta property=\"og:image:type\" content=\"image\/jpeg\" \/>\n<meta name=\"twitter:card\" content=\"summary_large_image\" \/>\n<script type=\"application\/ld+json\" class=\"yoast-schema-graph\">{\"@context\":\"https:\/\/schema.org\",\"@graph\":[{\"@type\":\"WebPage\",\"@id\":\"https:\/\/grontkontor.dk\/sv\/shop\/oekologiska-sa-potatischips\/\",\"url\":\"https:\/\/grontkontor.dk\/sv\/shop\/oekologiska-sa-potatischips\/\",\"name\":\"Ekologiska s\u00f6tpotatischips - Gr\u00f8nt Kontor\",\"isPartOf\":{\"@id\":\"https:\/\/grontkontor.dk\/#website\"},\"datePublished\":\"2024-03-13T13:18:58+00:00\",\"dateModified\":\"2024-05-15T13:52:16+00:00\",\"breadcrumb\":{\"@id\":\"https:\/\/grontkontor.dk\/sv\/shop\/oekologiska-sa-potatischips\/#breadcrumb\"},\"inLanguage\":\"sv-SE\",\"potentialAction\":[{\"@type\":\"ReadAction\",\"target\":[\"https:\/\/grontkontor.dk\/sv\/shop\/oekologiska-sa-potatischips\/\"]}]},{\"@type\":\"BreadcrumbList\",\"@id\":\"https:\/\/grontkontor.dk\/sv\/shop\/oekologiska-sa-potatischips\/#breadcrumb\",\"itemListElement\":[{\"@type\":\"ListItem\",\"position\":1,\"name\":\"Forside\",\"item\":\"https:\/\/grontkontor.dk\/\"},{\"@type\":\"ListItem\",\"position\":2,\"name\":\"Shop\",\"item\":\"https:\/\/grontkontor.dk\/sv\/shop\/\"},{\"@type\":\"ListItem\",\"position\":3,\"name\":\"Mad og drikke\",\"item\":\"https:\/\/grontkontor.dk\/produkt-kategori\/mad-og-drikke\/\"},{\"@type\":\"ListItem\",\"position\":4,\"name\":\"Slik og snacks\",\"item\":\"https:\/\/grontkontor.dk\/produkt-kategori\/mad-og-drikke\/slik-og-snacks\/\"},{\"@type\":\"ListItem\",\"position\":5,\"name\":\"Ekologiska s\u00f6tpotatischips\"}]},{\"@type\":\"WebSite\",\"@id\":\"https:\/\/grontkontor.dk\/#website\",\"url\":\"https:\/\/grontkontor.dk\/\",\"name\":\"Gr\u00f8nt Kontor\",\"description\":\"Milj\u00f8venlige produkter til kontor og erhverv med fokus p\u00e5 b\u00e6redygtighed, design og fair trade.\",\"publisher\":{\"@id\":\"https:\/\/grontkontor.dk\/#organization\"},\"potentialAction\":[{\"@type\":\"SearchAction\",\"target\":{\"@type\":\"EntryPoint\",\"urlTemplate\":\"https:\/\/grontkontor.dk\/?s={search_term_string}\"},\"query-input\":\"required name=search_term_string\"}],\"inLanguage\":\"sv-SE\"},{\"@type\":\"Organization\",\"@id\":\"https:\/\/grontkontor.dk\/#organization\",\"name\":\"Gr\u00f8nt Kontor\",\"url\":\"https:\/\/grontkontor.dk\/\",\"logo\":{\"@type\":\"ImageObject\",\"inLanguage\":\"sv-SE\",\"@id\":\"https:\/\/grontkontor.dk\/#\/schema\/logo\/image\/\",\"url\":\"https:\/\/grontkontor.dk\/wp-content\/uploads\/2014\/02\/Logo_groent_kontor_300x80.png\",\"contentUrl\":\"https:\/\/grontkontor.dk\/wp-content\/uploads\/2014\/02\/Logo_groent_kontor_300x80.png\",\"width\":300,\"height\":80,\"caption\":\"Gr\u00f8nt Kontor\"},\"image\":{\"@id\":\"https:\/\/grontkontor.dk\/#\/schema\/logo\/image\/\"},\"sameAs\":[\"https:\/\/www.facebook.com\/grontkontor.dk\/\"]}]}<\/script>\n<!-- \/ Yoast SEO Premium plugin. -->","yoast_head_json":{"title":"Ekologiska s\u00f6tpotatischips - Gr\u00f8nt Kontor","robots":{"index":"index","follow":"follow","max-snippet":"max-snippet:-1","max-image-preview":"max-image-preview:large","max-video-preview":"max-video-preview:-1"},"canonical":"https:\/\/grontkontor.dk\/sv\/shop\/oekologiska-sa-potatischips\/","og_locale":"sv_SE","og_type":"article","og_title":"Ekologiska s\u00f6tpotatischips","og_description":"Ekologiska glutenfria chips gjorda p\u00e5 s\u00f6tpotatis med havssalt gjorda p\u00e5 ekologisk solrosolja. En godbit till en goodiebag, f\u00f6retagspresent eller till event. Minst 48 stycken s\u00e4ljs sedan i l\u00e5dor om 12 stycken. Nettovikt: 80 g Ursprung: Nederl\u00e4nderna F\u00f6rvaring: torrt och svalt","og_url":"https:\/\/grontkontor.dk\/sv\/shop\/oekologiska-sa-potatischips\/","og_site_name":"Gr\u00f8nt Kontor","article_publisher":"https:\/\/www.facebook.com\/grontkontor.dk\/","article_modified_time":"2024-05-15T13:52:16+00:00","og_image":[{"width":900,"height":639,"url":"https:\/\/grontkontor.dk\/wp-content\/uploads\/2024\/03\/Oekologiske-soed-kartoffel-chips.jpg","type":"image\/jpeg"}],"twitter_card":"summary_large_image","schema":{"@context":"https:\/\/schema.org","@graph":[{"@type":"WebPage","@id":"https:\/\/grontkontor.dk\/sv\/shop\/oekologiska-sa-potatischips\/","url":"https:\/\/grontkontor.dk\/sv\/shop\/oekologiska-sa-potatischips\/","name":"Ekologiska s\u00f6tpotatischips - Gr\u00f8nt Kontor","isPartOf":{"@id":"https:\/\/grontkontor.dk\/#website"},"datePublished":"2024-03-13T13:18:58+00:00","dateModified":"2024-05-15T13:52:16+00:00","breadcrumb":{"@id":"https:\/\/grontkontor.dk\/sv\/shop\/oekologiska-sa-potatischips\/#breadcrumb"},"inLanguage":"sv-SE","potentialAction":[{"@type":"ReadAction","target":["https:\/\/grontkontor.dk\/sv\/shop\/oekologiska-sa-potatischips\/"]}]},{"@type":"BreadcrumbList","@id":"https:\/\/grontkontor.dk\/sv\/shop\/oekologiska-sa-potatischips\/#breadcrumb","itemListElement":[{"@type":"ListItem","position":1,"name":"Forside","item":"https:\/\/grontkontor.dk\/"},{"@type":"ListItem","position":2,"name":"Shop","item":"https:\/\/grontkontor.dk\/sv\/shop\/"},{"@type":"ListItem","position":3,"name":"Mad og drikke","item":"https:\/\/grontkontor.dk\/produkt-kategori\/mad-og-drikke\/"},{"@type":"ListItem","position":4,"name":"Slik og snacks","item":"https:\/\/grontkontor.dk\/produkt-kategori\/mad-og-drikke\/slik-og-snacks\/"},{"@type":"ListItem","position":5,"name":"Ekologiska s\u00f6tpotatischips"}]},{"@type":"WebSite","@id":"https:\/\/grontkontor.dk\/#website","url":"https:\/\/grontkontor.dk\/","name":"Gr\u00f8nt Kontor","description":"Milj\u00f8venlige produkter til kontor og erhverv med fokus p\u00e5 b\u00e6redygtighed, design og fair trade.","publisher":{"@id":"https:\/\/grontkontor.dk\/#organization"},"potentialAction":[{"@type":"SearchAction","target":{"@type":"EntryPoint","urlTemplate":"https:\/\/grontkontor.dk\/?s={search_term_string}"},"query-input":"required name=search_term_string"}],"inLanguage":"sv-SE"},{"@type":"Organization","@id":"https:\/\/grontkontor.dk\/#organization","name":"Gr\u00f8nt Kontor","url":"https:\/\/grontkontor.dk\/","logo":{"@type":"ImageObject","inLanguage":"sv-SE","@id":"https:\/\/grontkontor.dk\/#\/schema\/logo\/image\/","url":"https:\/\/grontkontor.dk\/wp-content\/uploads\/2014\/02\/Logo_groent_kontor_300x80.png","contentUrl":"https:\/\/grontkontor.dk\/wp-content\/uploads\/2014\/02\/Logo_groent_kontor_300x80.png","width":300,"height":80,"caption":"Gr\u00f8nt Kontor"},"image":{"@id":"https:\/\/grontkontor.dk\/#\/schema\/logo\/image\/"},"sameAs":["https:\/\/www.facebook.com\/grontkontor.dk\/"]}]}},"_links":{"self":[{"href":"https:\/\/grontkontor.dk\/sv\/wp-json\/wp\/v2\/product\/82559"}],"collection":[{"href":"https:\/\/grontkontor.dk\/sv\/wp-json\/wp\/v2\/product"}],"about":[{"href":"https:\/\/grontkontor.dk\/sv\/wp-json\/wp\/v2\/types\/product"}],"replies":[{"embeddable":true,"href":"https:\/\/grontkontor.dk\/sv\/wp-json\/wp\/v2\/comments?post=82559"}],"wp:featuredmedia":[{"embeddable":true,"href":"https:\/\/grontkontor.dk\/sv\/wp-json\/wp\/v2\/media\/82572"}],"wp:attachment":[{"href":"https:\/\/grontkontor.dk\/sv\/wp-json\/wp\/v2\/media?parent=82559"}],"wp:term":[{"taxonomy":"product_cat","embeddable":true,"href":"https:\/\/grontkontor.dk\/sv\/wp-json\/wp\/v2\/product_cat?post=82559"},{"taxonomy":"product_tag","embeddable":true,"href":"https:\/\/grontkontor.dk\/sv\/wp-json\/wp\/v2\/product_tag?post=82559"}],"curies":[{"name":"wp","href":"https:\/\/api.w.org\/{rel}","templated":true}]}}